{"id":1107,"date":"2023-04-25T19:56:56","date_gmt":"2023-04-25T19:56:56","guid":{"rendered":"https:\/\/erasmus.com.co\/?page_id=1107"},"modified":"2025-08-13T16:10:13","modified_gmt":"2025-08-13T16:10:13","slug":"alimentos-y-bebidas","status":"publish","type":"page","link":"https:\/\/erasmus.com.co\/Erasmus\/de\/alimentos-y-bebidas\/","title":{"rendered":"Lebensmittel und Getr\u00e4nke"},"content":{"rendered":"<div data-elementor-type=\"wp-page\" data-elementor-id=\"1107\" class=\"elementor elementor-1107\" data-elementor-post-type=\"page\">\n\t\t\t\t<div class=\"elementor-element elementor-element-df6a2ec e-flex e-con-boxed e-con e-parent\" data-id=\"df6a2ec\" data-element_type=\"container\">\n\t\t\t\t\t<div class=\"e-con-inner\">\n\t\t<div class=\"elementor-element elementor-element-62b7c04 e-con-full e-flex e-con e-child\" data-id=\"62b7c04\" data-element_type=\"container\" data-settings=\"{&quot;background_background&quot;:&quot;classic&quot;}\">\n\t\t\t\t<div class=\"elementor-element elementor-element-2e8e532 elementor-widget elementor-widget-heading\" data-id=\"2e8e532\" data-element_type=\"widget\" data-widget_type=\"heading.default\">\n\t\t\t\t\t\t<div class=\"elementor-widget-container\">\n\t\t\t\t\t<h2 class=\"elementor-heading-title elementor-size-default\"><font color=\"#217023\">INDUSTRIESEKTOR<\/font> \/ Lebensmittel und Getr\u00e4nke<\/h2>\t\t\t\t<\/div>\n\t\t\t\t<\/div>\n\t\t\t\t<\/div>\n\t\t\t\t\t<\/div>\n\t\t\t\t<\/div>\n\t\t<div class=\"elementor-element elementor-element-454ac8a e-con-full e-flex e-con e-parent\" data-id=\"454ac8a\" data-element_type=\"container\" data-settings=\"{&quot;background_background&quot;:&quot;classic&quot;}\">\n\t\t\t\t<\/div>\n\t\t<div class=\"elementor-element elementor-element-cdb0d16 e-flex e-con-boxed e-con e-parent\" data-id=\"cdb0d16\" data-element_type=\"container\">\n\t\t\t\t\t<div class=\"e-con-inner\">\n\t\t\t\t<div class=\"elementor-element elementor-element-0ca4761 elementor-widget elementor-widget-text-editor\" data-id=\"0ca4761\" data-element_type=\"widget\" data-widget_type=\"text-editor.default\">\n\t\t\t\t\t\t<div class=\"elementor-widget-container\">\n\t\t\t\t\t\t\t\t\t<p data-start=\"260\" data-end=\"627\">Wir garantieren die elektrische Zuverl\u00e4ssigkeit in Lebensmittelproduktionsprozessen durch L\u00f6sungen f\u00fcr die Pr\u00fcfung, \u00dcberwachung und Wartung kritischer Anlagen. Unsere Technologien stellen die Betriebskontinuit\u00e4t sicher, reduzieren unerwartete Ausf\u00e4lle und optimieren den Energieverbrauch in Lebensmittel- und Getr\u00e4nkeherstellern.<\/p>\t\t\t\t\t\t\t\t<\/div>\n\t\t\t\t<\/div>\n\t\t\t\t\t<\/div>\n\t\t\t\t<\/div>\n\t\t<div class=\"elementor-element elementor-element-7987171 e-flex e-con-boxed e-con e-parent\" data-id=\"7987171\" data-element_type=\"container\" data-settings=\"{&quot;background_background&quot;:&quot;classic&quot;}\">\n\t\t\t\t\t<div class=\"e-con-inner\">\n\t\t\t\t<div class=\"elementor-element elementor-element-32fbc98 elementor-widget elementor-widget-heading\" data-id=\"32fbc98\" data-element_type=\"widget\" data-widget_type=\"heading.default\">\n\t\t\t\t\t\t<div class=\"elementor-widget-container\">\n\t\t\t\t\t<h2 class=\"elementor-heading-title elementor-size-default\"><strong>VERBUNDENE MARKEN<\/strong><\/h2>\t\t\t\t<\/div>\n\t\t\t\t<\/div>\n\t\t\t\t\t<\/div>\n\t\t\t\t<\/div>\n\t\t<div class=\"elementor-element elementor-element-9fc02d1 e-grid e-con-boxed e-con e-parent\" data-id=\"9fc02d1\" data-element_type=\"container\" data-settings=\"{&quot;background_background&quot;:&quot;classic&quot;}\">\n\t\t\t\t\t<div class=\"e-con-inner\">\n\t\t\t\t<div class=\"elementor-element elementor-element-c53d4b9 e-transform elementor-invisible elementor-widget elementor-widget-image\" data-id=\"c53d4b9\" data-element_type=\"widget\" data-settings=\"{&quot;_animation&quot;:&quot;slideInUp&quot;,&quot;_transform_scale_effect_hover&quot;:{&quot;unit&quot;:&quot;px&quot;,&quot;size&quot;:0.9499999999999999555910790149937383830547332763671875,&quot;sizes&quot;:[]},&quot;_transform_scale_effect_hover_mobile&quot;:{&quot;unit&quot;:&quot;px&quot;,&quot;size&quot;:0.9499999999999999555910790149937383830547332763671875,&quot;sizes&quot;:[]},&quot;_transform_scale_effect_hover_tablet&quot;:{&quot;unit&quot;:&quot;px&quot;,&quot;size&quot;:&quot;&quot;,&quot;sizes&quot;:[]}}\" data-widget_type=\"image.default\">\n\t\t\t\t\t\t<div class=\"elementor-widget-container\">\n\t\t\t\t\t\t\t\t\t\t\t\t\t\t\t\t<a href=\"https:\/\/erasmus.com.co\/Erasmus\/de\/staubli\/\" target=\"_blank\">\n\t\t\t\t\t\t\t<img fetchpriority=\"high\" decoding=\"async\" width=\"584\" height=\"381\" src=\"https:\/\/erasmus.com.co\/Erasmus\/wp-content\/uploads\/2023\/04\/STAUBLI.jpg\" class=\"attachment-large size-large wp-image-654\" alt=\"\" srcset=\"https:\/\/erasmus.com.co\/Erasmus\/wp-content\/uploads\/2023\/04\/STAUBLI.jpg 584w, https:\/\/erasmus.com.co\/Erasmus\/wp-content\/uploads\/2023\/04\/STAUBLI-300x196.jpg 300w\" sizes=\"(max-width: 584px) 100vw, 584px\" \/>\t\t\t\t\t\t\t\t<\/a>\n\t\t\t\t\t\t\t\t\t\t\t\t\t\t\t<\/div>\n\t\t\t\t<\/div>\n\t\t\t\t\t<\/div>\n\t\t\t\t<\/div>\n\t\t<div class=\"elementor-element elementor-element-f8a19de e-flex e-con-boxed e-con e-parent\" data-id=\"f8a19de\" data-element_type=\"container\">\n\t\t\t\t\t<div class=\"e-con-inner\">\n\t\t\t\t<div class=\"elementor-element elementor-element-1fbac01 elementor-widget elementor-widget-heading\" data-id=\"1fbac01\" data-element_type=\"widget\" data-widget_type=\"heading.default\">\n\t\t\t\t\t\t<div class=\"elementor-widget-container\">\n\t\t\t\t\t<h2 class=\"elementor-heading-title elementor-size-default\"><strong>ANWENDUNGEN<\/strong><\/h2>\t\t\t\t<\/div>\n\t\t\t\t<\/div>\n\t\t\t\t\t<\/div>\n\t\t\t\t<\/div>\n\t\t<div class=\"elementor-element elementor-element-9e9faf2 e-flex e-con-boxed e-con e-parent\" data-id=\"9e9faf2\" data-element_type=\"container\" data-settings=\"{&quot;background_background&quot;:&quot;classic&quot;}\">\n\t\t\t\t\t<div class=\"e-con-inner\">\n\t\t\t\t<div class=\"elementor-element elementor-element-5c9fed2 elementor-widget-divider--view-line elementor-widget elementor-widget-divider\" data-id=\"5c9fed2\" data-element_type=\"widget\" data-widget_type=\"divider.default\">\n\t\t\t\t\t\t<div class=\"elementor-widget-container\">\n\t\t\t\t\t\t\t<div class=\"elementor-divider\">\n\t\t\t<span class=\"elementor-divider-separator\">\n\t\t\t\t\t\t<\/span>\n\t\t<\/div>\n\t\t\t\t\t\t<\/div>\n\t\t\t\t<\/div>\n\t\t\t\t<div class=\"elementor-element elementor-element-192647b elementor-widget elementor-widget-heading\" data-id=\"192647b\" data-element_type=\"widget\" data-widget_type=\"heading.default\">\n\t\t\t\t\t\t<div class=\"elementor-widget-container\">\n\t\t\t\t\t<h2 class=\"elementor-heading-title elementor-size-default\"><strong>ST\u00c4UBLI<\/strong> - Lebensmittelindustrie<\/h2>\t\t\t\t<\/div>\n\t\t\t\t<\/div>\n\t\t\t\t\t<\/div>\n\t\t\t\t<\/div>\n\t\t<div class=\"elementor-element elementor-element-947f824 e-flex e-con-boxed e-con e-parent\" data-id=\"947f824\" data-element_type=\"container\" data-settings=\"{&quot;background_background&quot;:&quot;classic&quot;}\">\n\t\t\t\t\t<div class=\"e-con-inner\">\n\t\t<div class=\"elementor-element elementor-element-ec6d11a e-con-full e-flex e-con e-child\" data-id=\"ec6d11a\" data-element_type=\"container\" data-settings=\"{&quot;background_background&quot;:&quot;classic&quot;}\">\n\t\t\t\t<\/div>\n\t\t<div class=\"elementor-element elementor-element-c8fa6b6 e-con-full e-flex e-con e-child\" data-id=\"c8fa6b6\" data-element_type=\"container\">\n\t\t\t\t<div class=\"elementor-element elementor-element-8860e95 elementor-widget elementor-widget-text-editor\" data-id=\"8860e95\" data-element_type=\"widget\" data-widget_type=\"text-editor.default\">\n\t\t\t\t\t\t<div class=\"elementor-widget-container\">\n\t\t\t\t\t\t\t\t\t<p>Mit sicheren und hygienischen L\u00f6sungen verbessert ST\u00c4UBLI die Effizienz in jeder Phase der Lebensmittelverarbeitung. Modulare Anschl\u00fcsse und Systeme optimieren die Reinigung, das Fluid-Handling und die Roboteranwendungen und gew\u00e4hrleisten Kontinuit\u00e4t und Qualit\u00e4t.<\/p>\t\t\t\t\t\t\t\t<\/div>\n\t\t\t\t<\/div>\n\t\t\t\t<div class=\"elementor-element elementor-element-bb0ceff elementor-align-right elementor-mobile-align-center elementor-widget elementor-widget-button\" data-id=\"bb0ceff\" data-element_type=\"widget\" data-widget_type=\"button.default\">\n\t\t\t\t\t\t<div class=\"elementor-widget-container\">\n\t\t\t\t\t\t\t\t\t<div class=\"elementor-button-wrapper\">\n\t\t\t\t\t<a class=\"elementor-button elementor-button-link elementor-size-sm\" href=\"https:\/\/erasmus.com.co\/Erasmus\/wp-content\/uploads\/2023\/04\/food-industry-connection-solution-staubli-en_.pdf\" target=\"_blank\">\n\t\t\t\t\t\t<span class=\"elementor-button-content-wrapper\">\n\t\t\t\t\t\t<span class=\"elementor-button-icon\">\n\t\t\t\t<i aria-hidden=\"true\" class=\"far fa-file-pdf\"><\/i>\t\t\t<\/span>\n\t\t\t\t\t\t\t\t\t<span class=\"elementor-button-text\">MEHR SEHEN<\/span>\n\t\t\t\t\t<\/span>\n\t\t\t\t\t<\/a>\n\t\t\t\t<\/div>\n\t\t\t\t\t\t\t\t<\/div>\n\t\t\t\t<\/div>\n\t\t\t\t<\/div>\n\t\t\t\t\t<\/div>\n\t\t\t\t<\/div>\n\t\t<div class=\"elementor-element elementor-element-511f9e1 e-flex e-con-boxed e-con e-parent\" data-id=\"511f9e1\" data-element_type=\"container\">\n\t\t\t\t\t<div class=\"e-con-inner\">\n\t\t\t\t<div class=\"elementor-element elementor-element-b867e2c elementor-widget-divider--view-line elementor-widget elementor-widget-divider\" data-id=\"b867e2c\" data-element_type=\"widget\" data-widget_type=\"divider.default\">\n\t\t\t\t\t\t<div class=\"elementor-widget-container\">\n\t\t\t\t\t\t\t<div class=\"elementor-divider\">\n\t\t\t<span class=\"elementor-divider-separator\">\n\t\t\t\t\t\t<\/span>\n\t\t<\/div>\n\t\t\t\t\t\t<\/div>\n\t\t\t\t<\/div>\n\t\t\t\t\t<\/div>\n\t\t\t\t<\/div>\n\t\t\t\t<\/div>","protected":false},"excerpt":{"rendered":"<p>INDUSTRIEBEREICH \/ Lebensmittel und Getr\u00e4nke Wir garantieren elektrische Zuverl\u00e4ssigkeit in Lebensmittelproduktionsprozessen durch L\u00f6sungen f\u00fcr die Pr\u00fcfung, \u00dcberwachung und Wartung von kritischen Anlagen. Unsere Technologien stellen die Betriebskontinuit\u00e4t sicher, reduzieren unerwartete Ausf\u00e4lle und optimieren den Energieverbrauch in Lebensmittel- und Getr\u00e4nkeherstellern. VERBUNDENE MARKEN ANWENDUNGEN ST\u00c4UBLI - Lebensmittelindustrie Mit sicheren und zuverl\u00e4ssigen L\u00f6sungen sorgen wir [...]<\/p>","protected":false},"author":1,"featured_media":0,"parent":0,"menu_order":0,"comment_status":"closed","ping_status":"closed","template":"","meta":{"_acf_changed":false,"footnotes":""},"class_list":["post-1107","page","type-page","status-publish","hentry"],"acf":[],"yoast_head":"<!-- This site is optimized with the Yoast SEO Premium plugin v24.6 (Yoast SEO v24.6) - https:\/\/yoast.com\/wordpress\/plugins\/seo\/ -->\n<title>Alimentos y Bebidas - Erasmus Colombia<\/title>\n<meta name=\"robots\" content=\"index, follow, max-snippet:-1, max-image-preview:large, max-video-preview:-1\" \/>\n<link rel=\"canonical\" href=\"https:\/\/erasmus.com.co\/Erasmus\/de\/alimentos-y-bebidas\/\" \/>\n<meta property=\"og:locale\" content=\"de_DE\" \/>\n<meta property=\"og:type\" content=\"article\" \/>\n<meta property=\"og:title\" content=\"Alimentos y Bebidas\" \/>\n<meta property=\"og:description\" content=\"SECTOR INDUSTRIAL \/ Alimentos y bebidas Garantizamos la confiabilidad el\u00e9ctrica en procesos de producci\u00f3n alimentaria mediante soluciones para pruebas, monitoreo y mantenimiento de equipos cr\u00edticos. Nuestras tecnolog\u00edas aseguran continuidad operativa, reducen fallas inesperadas y optimizan el consumo energ\u00e9tico en plantas de alimentos y bebidas. MARCAS RELACIONADAS APLICACIONES ST\u00c4UBLI &#8211; Industria alimentaria Con soluciones seguras e [&hellip;]\" \/>\n<meta property=\"og:url\" content=\"https:\/\/erasmus.com.co\/Erasmus\/de\/alimentos-y-bebidas\/\" \/>\n<meta property=\"og:site_name\" content=\"Erasmus Colombia\" \/>\n<meta property=\"article:modified_time\" content=\"2025-08-13T16:10:13+00:00\" \/>\n<meta property=\"og:image\" content=\"https:\/\/erasmus.com.co\/Erasmus\/wp-content\/uploads\/2023\/04\/STAUBLI.jpg\" \/>\n\t<meta property=\"og:image:width\" content=\"584\" \/>\n\t<meta property=\"og:image:height\" content=\"381\" \/>\n\t<meta property=\"og:image:type\" content=\"image\/jpeg\" \/>\n<meta name=\"twitter:card\" content=\"summary_large_image\" \/>\n<meta name=\"twitter:label1\" content=\"Gesch\u00e4tzte Lesezeit\" \/>\n\t<meta name=\"twitter:data1\" content=\"1\u00a0Minute\" \/>\n<script type=\"application\/ld+json\" class=\"yoast-schema-graph\">{\"@context\":\"https:\/\/schema.org\",\"@graph\":[{\"@type\":\"WebPage\",\"@id\":\"https:\/\/erasmus.com.co\/Erasmus\/alimentos-y-bebidas\/\",\"url\":\"https:\/\/erasmus.com.co\/Erasmus\/alimentos-y-bebidas\/\",\"name\":\"Alimentos y Bebidas - Erasmus Colombia\",\"isPartOf\":{\"@id\":\"https:\/\/erasmus.com.co\/Erasmus\/#website\"},\"primaryImageOfPage\":{\"@id\":\"https:\/\/erasmus.com.co\/Erasmus\/alimentos-y-bebidas\/#primaryimage\"},\"image\":{\"@id\":\"https:\/\/erasmus.com.co\/Erasmus\/alimentos-y-bebidas\/#primaryimage\"},\"thumbnailUrl\":\"https:\/\/erasmus.com.co\/Erasmus\/wp-content\/uploads\/2023\/04\/STAUBLI.jpg\",\"datePublished\":\"2023-04-25T19:56:56+00:00\",\"dateModified\":\"2025-08-13T16:10:13+00:00\",\"breadcrumb\":{\"@id\":\"https:\/\/erasmus.com.co\/Erasmus\/alimentos-y-bebidas\/#breadcrumb\"},\"inLanguage\":\"de\",\"potentialAction\":[{\"@type\":\"ReadAction\",\"target\":[\"https:\/\/erasmus.com.co\/Erasmus\/alimentos-y-bebidas\/\"]}]},{\"@type\":\"ImageObject\",\"inLanguage\":\"de\",\"@id\":\"https:\/\/erasmus.com.co\/Erasmus\/alimentos-y-bebidas\/#primaryimage\",\"url\":\"https:\/\/erasmus.com.co\/Erasmus\/wp-content\/uploads\/2023\/04\/STAUBLI.jpg\",\"contentUrl\":\"https:\/\/erasmus.com.co\/Erasmus\/wp-content\/uploads\/2023\/04\/STAUBLI.jpg\"},{\"@type\":\"BreadcrumbList\",\"@id\":\"https:\/\/erasmus.com.co\/Erasmus\/alimentos-y-bebidas\/#breadcrumb\",\"itemListElement\":[{\"@type\":\"ListItem\",\"position\":1,\"name\":\"Home\",\"item\":\"https:\/\/erasmus.com.co\/Erasmus\/\"},{\"@type\":\"ListItem\",\"position\":2,\"name\":\"Alimentos y Bebidas\"}]},{\"@type\":\"WebSite\",\"@id\":\"https:\/\/erasmus.com.co\/Erasmus\/#website\",\"url\":\"https:\/\/erasmus.com.co\/Erasmus\/\",\"name\":\"Erasmus Colombia\",\"description\":\"Ofrecemos productos y servicios de excelencia para el Sector Industrial\",\"publisher\":{\"@id\":\"https:\/\/erasmus.com.co\/Erasmus\/#organization\"},\"potentialAction\":[{\"@type\":\"SearchAction\",\"target\":{\"@type\":\"EntryPoint\",\"urlTemplate\":\"https:\/\/erasmus.com.co\/Erasmus\/?s={search_term_string}\"},\"query-input\":{\"@type\":\"PropertyValueSpecification\",\"valueRequired\":true,\"valueName\":\"search_term_string\"}}],\"inLanguage\":\"de\"},{\"@type\":\"Organization\",\"@id\":\"https:\/\/erasmus.com.co\/Erasmus\/#organization\",\"name\":\"Erasmus Colombia\",\"url\":\"https:\/\/erasmus.com.co\/Erasmus\/\",\"logo\":{\"@type\":\"ImageObject\",\"inLanguage\":\"de\",\"@id\":\"https:\/\/erasmus.com.co\/Erasmus\/#\/schema\/logo\/image\/\",\"url\":\"https:\/\/erasmus.com.co\/Erasmus\/wp-content\/uploads\/2023\/02\/cropped-cropped-logo_erasmus.png\",\"contentUrl\":\"https:\/\/erasmus.com.co\/Erasmus\/wp-content\/uploads\/2023\/02\/cropped-cropped-logo_erasmus.png\",\"width\":817,\"height\":163,\"caption\":\"Erasmus Colombia\"},\"image\":{\"@id\":\"https:\/\/erasmus.com.co\/Erasmus\/#\/schema\/logo\/image\/\"}}]}<\/script>\n<!-- \/ Yoast SEO Premium plugin. -->","yoast_head_json":{"title":"Alimentos y Bebidas - Erasmus Colombia","robots":{"index":"index","follow":"follow","max-snippet":"max-snippet:-1","max-image-preview":"max-image-preview:large","max-video-preview":"max-video-preview:-1"},"canonical":"https:\/\/erasmus.com.co\/Erasmus\/de\/alimentos-y-bebidas\/","og_locale":"de_DE","og_type":"article","og_title":"Alimentos y Bebidas","og_description":"SECTOR INDUSTRIAL \/ Alimentos y bebidas Garantizamos la confiabilidad el\u00e9ctrica en procesos de producci\u00f3n alimentaria mediante soluciones para pruebas, monitoreo y mantenimiento de equipos cr\u00edticos. Nuestras tecnolog\u00edas aseguran continuidad operativa, reducen fallas inesperadas y optimizan el consumo energ\u00e9tico en plantas de alimentos y bebidas. MARCAS RELACIONADAS APLICACIONES ST\u00c4UBLI &#8211; Industria alimentaria Con soluciones seguras e [&hellip;]","og_url":"https:\/\/erasmus.com.co\/Erasmus\/de\/alimentos-y-bebidas\/","og_site_name":"Erasmus Colombia","article_modified_time":"2025-08-13T16:10:13+00:00","og_image":[{"width":584,"height":381,"url":"https:\/\/erasmus.com.co\/Erasmus\/wp-content\/uploads\/2023\/04\/STAUBLI.jpg","type":"image\/jpeg"}],"twitter_card":"summary_large_image","twitter_misc":{"Gesch\u00e4tzte Lesezeit":"1\u00a0Minute"},"schema":{"@context":"https:\/\/schema.org","@graph":[{"@type":"WebPage","@id":"https:\/\/erasmus.com.co\/Erasmus\/alimentos-y-bebidas\/","url":"https:\/\/erasmus.com.co\/Erasmus\/alimentos-y-bebidas\/","name":"Alimentos y Bebidas - Erasmus Colombia","isPartOf":{"@id":"https:\/\/erasmus.com.co\/Erasmus\/#website"},"primaryImageOfPage":{"@id":"https:\/\/erasmus.com.co\/Erasmus\/alimentos-y-bebidas\/#primaryimage"},"image":{"@id":"https:\/\/erasmus.com.co\/Erasmus\/alimentos-y-bebidas\/#primaryimage"},"thumbnailUrl":"https:\/\/erasmus.com.co\/Erasmus\/wp-content\/uploads\/2023\/04\/STAUBLI.jpg","datePublished":"2023-04-25T19:56:56+00:00","dateModified":"2025-08-13T16:10:13+00:00","breadcrumb":{"@id":"https:\/\/erasmus.com.co\/Erasmus\/alimentos-y-bebidas\/#breadcrumb"},"inLanguage":"de","potentialAction":[{"@type":"ReadAction","target":["https:\/\/erasmus.com.co\/Erasmus\/alimentos-y-bebidas\/"]}]},{"@type":"ImageObject","inLanguage":"de","@id":"https:\/\/erasmus.com.co\/Erasmus\/alimentos-y-bebidas\/#primaryimage","url":"https:\/\/erasmus.com.co\/Erasmus\/wp-content\/uploads\/2023\/04\/STAUBLI.jpg","contentUrl":"https:\/\/erasmus.com.co\/Erasmus\/wp-content\/uploads\/2023\/04\/STAUBLI.jpg"},{"@type":"BreadcrumbList","@id":"https:\/\/erasmus.com.co\/Erasmus\/alimentos-y-bebidas\/#breadcrumb","itemListElement":[{"@type":"ListItem","position":1,"name":"Home","item":"https:\/\/erasmus.com.co\/Erasmus\/"},{"@type":"ListItem","position":2,"name":"Alimentos y Bebidas"}]},{"@type":"WebSite","@id":"https:\/\/erasmus.com.co\/Erasmus\/#website","url":"https:\/\/erasmus.com.co\/Erasmus\/","name":"Erasmus Colombia","description":"Ofrecemos productos y servicios de excelencia para el Sector Industrial","publisher":{"@id":"https:\/\/erasmus.com.co\/Erasmus\/#organization"},"potentialAction":[{"@type":"SearchAction","target":{"@type":"EntryPoint","urlTemplate":"https:\/\/erasmus.com.co\/Erasmus\/?s={search_term_string}"},"query-input":{"@type":"PropertyValueSpecification","valueRequired":true,"valueName":"search_term_string"}}],"inLanguage":"de"},{"@type":"Organization","@id":"https:\/\/erasmus.com.co\/Erasmus\/#organization","name":"Erasmus Colombia","url":"https:\/\/erasmus.com.co\/Erasmus\/","logo":{"@type":"ImageObject","inLanguage":"de","@id":"https:\/\/erasmus.com.co\/Erasmus\/#\/schema\/logo\/image\/","url":"https:\/\/erasmus.com.co\/Erasmus\/wp-content\/uploads\/2023\/02\/cropped-cropped-logo_erasmus.png","contentUrl":"https:\/\/erasmus.com.co\/Erasmus\/wp-content\/uploads\/2023\/02\/cropped-cropped-logo_erasmus.png","width":817,"height":163,"caption":"Erasmus Colombia"},"image":{"@id":"https:\/\/erasmus.com.co\/Erasmus\/#\/schema\/logo\/image\/"}}]}},"_links":{"self":[{"href":"https:\/\/erasmus.com.co\/Erasmus\/de\/wp-json\/wp\/v2\/pages\/1107","targetHints":{"allow":["GET"]}}],"collection":[{"href":"https:\/\/erasmus.com.co\/Erasmus\/de\/wp-json\/wp\/v2\/pages"}],"about":[{"href":"https:\/\/erasmus.com.co\/Erasmus\/de\/wp-json\/wp\/v2\/types\/page"}],"author":[{"embeddable":true,"href":"https:\/\/erasmus.com.co\/Erasmus\/de\/wp-json\/wp\/v2\/users\/1"}],"replies":[{"embeddable":true,"href":"https:\/\/erasmus.com.co\/Erasmus\/de\/wp-json\/wp\/v2\/comments?post=1107"}],"version-history":[{"count":31,"href":"https:\/\/erasmus.com.co\/Erasmus\/de\/wp-json\/wp\/v2\/pages\/1107\/revisions"}],"predecessor-version":[{"id":9234,"href":"https:\/\/erasmus.com.co\/Erasmus\/de\/wp-json\/wp\/v2\/pages\/1107\/revisions\/9234"}],"wp:attachment":[{"href":"https:\/\/erasmus.com.co\/Erasmus\/de\/wp-json\/wp\/v2\/media?parent=1107"}],"curies":[{"name":"wp","href":"https:\/\/api.w.org\/{rel}","templated":true}]}}