{"id":191,"date":"2023-03-08T22:51:18","date_gmt":"2023-03-08T22:51:18","guid":{"rendered":"https:\/\/erasmus.com.co\/?page_id=191"},"modified":"2024-06-28T00:53:57","modified_gmt":"2024-06-28T00:53:57","slug":"resistencia-de-aislamiento","status":"publish","type":"page","link":"https:\/\/erasmus.com.co\/Erasmus\/de\/resistencia-de-aislamiento\/","title":{"rendered":"Isolationswiderstand"},"content":{"rendered":"<div data-elementor-type=\"wp-page\" data-elementor-id=\"191\" class=\"elementor elementor-191\" data-elementor-post-type=\"page\">\n\t\t\t\t<div class=\"elementor-element elementor-element-d6c070a e-con-full e-flex e-con e-parent\" data-id=\"d6c070a\" data-element_type=\"container\" data-settings=\"{&quot;background_background&quot;:&quot;classic&quot;}\">\n\t\t<div class=\"elementor-element elementor-element-5c5d6b5 e-con-full e-flex e-con e-child\" data-id=\"5c5d6b5\" data-element_type=\"container\" data-settings=\"{&quot;background_background&quot;:&quot;classic&quot;}\">\n\t\t\t\t<div class=\"elementor-element elementor-element-cc60fbb elementor-headline--style-highlight elementor-widget elementor-widget-animated-headline\" data-id=\"cc60fbb\" data-element_type=\"widget\" data-settings=\"{&quot;highlighted_text&quot;:&quot;sector el\\u00e9ctrico.&quot;,&quot;headline_style&quot;:&quot;highlight&quot;,&quot;marker&quot;:&quot;circle&quot;,&quot;loop&quot;:&quot;yes&quot;,&quot;highlight_animation_duration&quot;:1200,&quot;highlight_iteration_delay&quot;:8000}\" data-widget_type=\"animated-headline.default\">\n\t\t\t\t\t\t<div class=\"elementor-widget-container\">\n\t\t\t\t\t\t\t<h3 class=\"elementor-headline\">\n\t\t\t\t\t<span class=\"elementor-headline-plain-text elementor-headline-text-wrapper\">Wir bieten hervorragende Produkte f\u00fcr die<\/span>\n\t\t\t\t<span class=\"elementor-headline-dynamic-wrapper elementor-headline-text-wrapper\">\n\t\t\t\t\t<span class=\"elementor-headline-dynamic-text elementor-headline-text-active\">Elektrizit\u00e4tssektor.<\/span>\n\t\t\t\t<\/span>\n\t\t\t\t<\/h3>\n\t\t\t\t\t\t<\/div>\n\t\t\t\t<\/div>\n\t\t\t\t<\/div>\n\t\t\t\t<\/div>\n\t\t<div class=\"elementor-element elementor-element-12316d0 e-flex e-con-boxed e-con e-parent\" data-id=\"12316d0\" data-element_type=\"container\">\n\t\t\t\t\t<div class=\"e-con-inner\">\n\t\t<div class=\"elementor-element elementor-element-5882e4f e-flex e-con-boxed e-con e-child\" data-id=\"5882e4f\" data-element_type=\"container\">\n\t\t\t\t\t<div class=\"e-con-inner\">\n\t\t<div class=\"elementor-element elementor-element-03e092d e-flex e-con-boxed e-con e-child\" data-id=\"03e092d\" data-element_type=\"container\">\n\t\t\t\t\t<div class=\"e-con-inner\">\n\t\t<div class=\"elementor-element elementor-element-bb74b7c e-con-full elementor-hidden-tablet elementor-hidden-mobile e-flex e-con e-child\" data-id=\"bb74b7c\" data-element_type=\"container\" data-settings=\"{&quot;background_background&quot;:&quot;classic&quot;}\">\n\t\t\t\t<div class=\"elementor-element elementor-element-c1823ef elementor-widget elementor-widget-template\" data-id=\"c1823ef\" data-element_type=\"widget\" data-widget_type=\"template.default\">\n\t\t\t\t\t\t<div class=\"elementor-widget-container\">\n\t\t\t\t\t\t\t<div class=\"elementor-template\">\n\t\t\t\t\t<div data-elementor-type=\"archive\" data-elementor-id=\"403\" class=\"elementor elementor-403\" data-elementor-post-type=\"elementor_library\">\n\t\t\t<div class=\"elementor-element elementor-element-d9779d1 e-flex e-con-boxed e-con e-parent\" data-id=\"d9779d1\" data-element_type=\"container\">\n\t\t\t\t\t<div class=\"e-con-inner\">\n\t\t<div class=\"elementor-element elementor-element-97b1f04 e-con-full e-flex elementor-invisible e-con e-parent\" data-id=\"97b1f04\" data-element_type=\"container\" data-settings=\"{&quot;background_background&quot;:&quot;gradient&quot;,&quot;animation&quot;:&quot;fadeInUp&quot;,&quot;animation_delay&quot;:&quot;100&quot;}\">\n\t\t\t\t<div class=\"elementor-element elementor-element-13525fd elementor-widget__width-inherit elementor-widget elementor-widget-image\" data-id=\"13525fd\" data-element_type=\"widget\" data-widget_type=\"image.default\">\n\t\t\t\t\t\t<div class=\"elementor-widget-container\">\n\t\t\t\t\t\t\t\t\t\t\t\t\t\t\t<img fetchpriority=\"high\" decoding=\"async\" width=\"768\" height=\"1024\" src=\"https:\/\/erasmus.com.co\/Erasmus\/wp-content\/uploads\/2023\/03\/WhatsApp-Image-2022-11-30-at-11.59.38-AM-768x1024.jpeg\" class=\"attachment-large size-large wp-image-407\" alt=\"\" srcset=\"https:\/\/erasmus.com.co\/Erasmus\/wp-content\/uploads\/2023\/03\/WhatsApp-Image-2022-11-30-at-11.59.38-AM-768x1024.jpeg 768w, https:\/\/erasmus.com.co\/Erasmus\/wp-content\/uploads\/2023\/03\/WhatsApp-Image-2022-11-30-at-11.59.38-AM-225x300.jpeg 225w, https:\/\/erasmus.com.co\/Erasmus\/wp-content\/uploads\/2023\/03\/WhatsApp-Image-2022-11-30-at-11.59.38-AM.jpeg 960w\" sizes=\"(max-width: 768px) 100vw, 768px\" \/>\t\t\t\t\t\t\t\t\t\t\t\t\t\t\t<\/div>\n\t\t\t\t<\/div>\n\t\t\t\t<\/div>\n\t\t<div class=\"elementor-element elementor-element-a15a984 e-con-full e-flex e-con e-parent\" data-id=\"a15a984\" data-element_type=\"container\" data-settings=\"{&quot;background_background&quot;:&quot;gradient&quot;}\">\n\t\t\t\t<div class=\"elementor-element elementor-element-57d6a5b elementor-widget elementor-widget-heading\" data-id=\"57d6a5b\" data-element_type=\"widget\" data-widget_type=\"heading.default\">\n\t\t\t\t\t\t<div class=\"elementor-widget-container\">\n\t\t\t\t\t<h6 class=\"elementor-heading-title elementor-size-default\">KURSE<\/h6>\t\t\t\t<\/div>\n\t\t\t\t<\/div>\n\t\t\t\t<div class=\"elementor-element elementor-element-0ead81f elementor-widget elementor-widget-heading\" data-id=\"0ead81f\" data-element_type=\"widget\" data-widget_type=\"heading.default\">\n\t\t\t\t\t\t<div class=\"elementor-widget-container\">\n\t\t\t\t\t<h2 class=\"elementor-heading-title elementor-size-default\">THEORETISCH UND PRAKTISCH<\/h2>\t\t\t\t<\/div>\n\t\t\t\t<\/div>\n\t\t\t\t<div class=\"elementor-element elementor-element-a240193 elementor-widget elementor-widget-text-editor\" data-id=\"a240193\" data-element_type=\"widget\" data-widget_type=\"text-editor.default\">\n\t\t\t\t\t\t<div class=\"elementor-widget-container\">\n\t\t\t\t\t\t\t\t\t<p>Wir bieten theoretische und praktische Kurse f\u00fcr Elektroingenieure und Techniker zu elektrischen Konzepten und Pr\u00fcfungen an.<\/p>\t\t\t\t\t\t\t\t<\/div>\n\t\t\t\t<\/div>\n\t\t\t\t<div class=\"elementor-element elementor-element-75d8923 elementor-align-center elementor-mobile-align-center elementor-widget elementor-widget-button\" data-id=\"75d8923\" data-element_type=\"widget\" data-widget_type=\"button.default\">\n\t\t\t\t\t\t<div class=\"elementor-widget-container\">\n\t\t\t\t\t\t\t\t\t<div class=\"elementor-button-wrapper\">\n\t\t\t\t\t<a class=\"elementor-button elementor-button-link elementor-size-sm\" href=\"#\">\n\t\t\t\t\t\t<span class=\"elementor-button-content-wrapper\">\n\t\t\t\t\t\t\t\t\t<span class=\"elementor-button-text\">Weitere Informationen<\/span>\n\t\t\t\t\t<\/span>\n\t\t\t\t\t<\/a>\n\t\t\t\t<\/div>\n\t\t\t\t\t\t\t\t<\/div>\n\t\t\t\t<\/div>\n\t\t\t\t<\/div>\n\t\t\t\t\t<\/div>\n\t\t\t\t<\/div>\n\t\t<div class=\"elementor-element elementor-element-afd789b e-flex e-con-boxed e-con e-parent\" data-id=\"afd789b\" data-element_type=\"container\">\n\t\t\t\t\t<div class=\"e-con-inner\">\n\t\t<div class=\"elementor-element elementor-element-244e275 e-con-full e-flex elementor-invisible e-con e-parent\" data-id=\"244e275\" data-element_type=\"container\" data-settings=\"{&quot;background_background&quot;:&quot;gradient&quot;,&quot;animation&quot;:&quot;fadeInUp&quot;,&quot;animation_delay&quot;:&quot;300&quot;}\">\n\t\t\t\t<div class=\"elementor-element elementor-element-52764aa elementor-widget__width-inherit elementor-widget elementor-widget-image\" data-id=\"52764aa\" data-element_type=\"widget\" data-widget_type=\"image.default\">\n\t\t\t\t\t\t<div class=\"elementor-widget-container\">\n\t\t\t\t\t\t\t\t\t\t\t\t\t\t\t<img decoding=\"async\" width=\"414\" height=\"236\" src=\"https:\/\/erasmus.com.co\/Erasmus\/wp-content\/uploads\/2023\/03\/Contenido-Capacitacion-Manejo-de-Equipo-OMICRON-CIBANO-500.png\" class=\"attachment-large size-large wp-image-371\" alt=\"\" srcset=\"https:\/\/erasmus.com.co\/Erasmus\/wp-content\/uploads\/2023\/03\/Contenido-Capacitacion-Manejo-de-Equipo-OMICRON-CIBANO-500.png 414w, https:\/\/erasmus.com.co\/Erasmus\/wp-content\/uploads\/2023\/03\/Contenido-Capacitacion-Manejo-de-Equipo-OMICRON-CIBANO-500-300x171.png 300w\" sizes=\"(max-width: 414px) 100vw, 414px\" \/>\t\t\t\t\t\t\t\t\t\t\t\t\t\t\t<\/div>\n\t\t\t\t<\/div>\n\t\t<div class=\"elementor-element elementor-element-b33f658 e-con-full e-flex e-con e-parent\" data-id=\"b33f658\" data-element_type=\"container\" data-settings=\"{&quot;background_background&quot;:&quot;gradient&quot;}\">\n\t\t\t\t<div class=\"elementor-element elementor-element-51d8f35 elementor-widget elementor-widget-heading\" data-id=\"51d8f35\" data-element_type=\"widget\" data-widget_type=\"heading.default\">\n\t\t\t\t\t\t<div class=\"elementor-widget-container\">\n\t\t\t\t\t<h6 class=\"elementor-heading-title elementor-size-default\">DIENST DER<\/h6>\t\t\t\t<\/div>\n\t\t\t\t<\/div>\n\t\t\t\t<div class=\"elementor-element elementor-element-e58f1b8 elementor-widget elementor-widget-heading\" data-id=\"e58f1b8\" data-element_type=\"widget\" data-widget_type=\"heading.default\">\n\t\t\t\t\t\t<div class=\"elementor-widget-container\">\n\t\t\t\t\t<h2 class=\"elementor-heading-title elementor-size-default\">LABOR<\/h2>\t\t\t\t<\/div>\n\t\t\t\t<\/div>\n\t\t\t\t<div class=\"elementor-element elementor-element-13e53c6 elementor-widget elementor-widget-text-editor\" data-id=\"13e53c6\" data-element_type=\"widget\" data-widget_type=\"text-editor.default\">\n\t\t\t\t\t\t<div class=\"elementor-widget-container\">\n\t\t\t\t\t\t\t\t\t<p>Wir verf\u00fcgen \u00fcber ein komplettes Labor f\u00fcr die Kalibrierung und Reparatur von Pr\u00fcfger\u00e4ten, mit dem wir den Kundendienst gew\u00e4hrleisten.<\/p>\t\t\t\t\t\t\t\t<\/div>\n\t\t\t\t<\/div>\n\t\t\t\t<div class=\"elementor-element elementor-element-0d5c3fd elementor-align-center elementor-mobile-align-center elementor-widget elementor-widget-button\" data-id=\"0d5c3fd\" data-element_type=\"widget\" data-widget_type=\"button.default\">\n\t\t\t\t\t\t<div class=\"elementor-widget-container\">\n\t\t\t\t\t\t\t\t\t<div class=\"elementor-button-wrapper\">\n\t\t\t\t\t<a class=\"elementor-button elementor-button-link elementor-size-sm\" href=\"#\">\n\t\t\t\t\t\t<span class=\"elementor-button-content-wrapper\">\n\t\t\t\t\t\t\t\t\t<span class=\"elementor-button-text\">Weitere Informationen<\/span>\n\t\t\t\t\t<\/span>\n\t\t\t\t\t<\/a>\n\t\t\t\t<\/div>\n\t\t\t\t\t\t\t\t<\/div>\n\t\t\t\t<\/div>\n\t\t\t\t<\/div>\n\t\t\t\t<\/div>\n\t\t\t\t\t<\/div>\n\t\t\t\t<\/div>\n\t\t\t\t<\/div>\n\t\t\t\t<\/div>\n\t\t\t\t\t\t<\/div>\n\t\t\t\t<\/div>\n\t\t\t\t<\/div>\n\t\t<div class=\"elementor-element elementor-element-6515c63 e-con-full e-flex e-con e-child\" data-id=\"6515c63\" data-element_type=\"container\">\n\t\t<div class=\"elementor-element elementor-element-86efc04 e-con-full e-flex e-con e-child\" data-id=\"86efc04\" data-element_type=\"container\" data-settings=\"{&quot;background_background&quot;:&quot;classic&quot;}\">\n\t\t\t\t<div class=\"elementor-element elementor-element-8c17fed elementor-widget-divider--view-line elementor-widget elementor-widget-divider\" data-id=\"8c17fed\" data-element_type=\"widget\" data-widget_type=\"divider.default\">\n\t\t\t\t\t\t<div class=\"elementor-widget-container\">\n\t\t\t\t\t\t\t<div class=\"elementor-divider\">\n\t\t\t<span class=\"elementor-divider-separator\">\n\t\t\t\t\t\t<\/span>\n\t\t<\/div>\n\t\t\t\t\t\t<\/div>\n\t\t\t\t<\/div>\n\t\t\t\t<div class=\"elementor-element elementor-element-5294d6b elementor-widget__width-inherit elementor-widget-divider--view-line elementor-invisible elementor-widget elementor-widget-divider\" data-id=\"5294d6b\" data-element_type=\"widget\" data-settings=\"{&quot;_animation&quot;:&quot;fadeInLeft&quot;}\" data-widget_type=\"divider.default\">\n\t\t\t\t\t\t<div class=\"elementor-widget-container\">\n\t\t\t\t\t\t\t<div class=\"elementor-divider\">\n\t\t\t<span class=\"elementor-divider-separator\">\n\t\t\t\t\t\t<\/span>\n\t\t<\/div>\n\t\t\t\t\t\t<\/div>\n\t\t\t\t<\/div>\n\t\t\t\t<\/div>\n\t\t<div class=\"elementor-element elementor-element-6e43776 e-con-full e-flex e-con e-child\" data-id=\"6e43776\" data-element_type=\"container\" data-settings=\"{&quot;animation&quot;:&quot;none&quot;}\">\n\t\t\t\t<\/div>\n\t\t<div class=\"elementor-element elementor-element-2f25242 e-con-full e-flex e-con e-child\" data-id=\"2f25242\" data-element_type=\"container\" data-settings=\"{&quot;animation&quot;:&quot;none&quot;}\">\n\t\t\t\t<\/div>\n\t\t<div class=\"elementor-element elementor-element-c055030 e-con-full e-flex e-con e-child\" data-id=\"c055030\" data-element_type=\"container\" data-settings=\"{&quot;animation&quot;:&quot;none&quot;}\">\n\t\t\t\t<\/div>\n\t\t<div class=\"elementor-element elementor-element-835130d e-con-full e-flex e-con e-child\" data-id=\"835130d\" data-element_type=\"container\" data-settings=\"{&quot;animation&quot;:&quot;none&quot;}\">\n\t\t\t\t<\/div>\n\t\t<div class=\"elementor-element elementor-element-29513ad e-con-full e-flex e-con e-child\" data-id=\"29513ad\" data-element_type=\"container\" data-settings=\"{&quot;animation&quot;:&quot;none&quot;}\">\n\t\t\t\t<\/div>\n\t\t<div class=\"elementor-element elementor-element-3abf712 e-con-full e-flex e-con e-child\" data-id=\"3abf712\" data-element_type=\"container\" data-settings=\"{&quot;animation&quot;:&quot;none&quot;}\">\n\t\t\t\t<\/div>\n\t\t<div class=\"elementor-element elementor-element-c95129b e-con-full e-flex e-con e-child\" data-id=\"c95129b\" data-element_type=\"container\" data-settings=\"{&quot;animation&quot;:&quot;none&quot;}\">\n\t\t\t\t<\/div>\n\t\t<div class=\"elementor-element elementor-element-27f255a e-con-full e-flex e-con e-child\" data-id=\"27f255a\" data-element_type=\"container\" data-settings=\"{&quot;animation&quot;:&quot;none&quot;}\">\n\t\t\t\t<\/div>\n\t\t<div class=\"elementor-element elementor-element-11724ff e-con-full e-flex e-con e-child\" data-id=\"11724ff\" data-element_type=\"container\" data-settings=\"{&quot;animation&quot;:&quot;none&quot;}\">\n\t\t\t\t<\/div>\n\t\t<div class=\"elementor-element elementor-element-19a6fc5 e-con-full e-flex e-con e-child\" data-id=\"19a6fc5\" data-element_type=\"container\" data-settings=\"{&quot;animation&quot;:&quot;none&quot;}\">\n\t\t\t\t<\/div>\n\t\t<div class=\"elementor-element elementor-element-6bf0a2c e-con-full e-flex e-con e-child\" data-id=\"6bf0a2c\" data-element_type=\"container\" data-settings=\"{&quot;animation&quot;:&quot;none&quot;}\">\n\t\t\t\t<\/div>\n\t\t<div class=\"elementor-element elementor-element-909d31c e-con-full e-flex e-con e-child\" data-id=\"909d31c\" data-element_type=\"container\" data-settings=\"{&quot;animation&quot;:&quot;none&quot;}\">\n\t\t\t\t<\/div>\n\t\t<div class=\"elementor-element elementor-element-3d876f8 e-con-full e-flex e-con e-child\" data-id=\"3d876f8\" data-element_type=\"container\" data-settings=\"{&quot;animation&quot;:&quot;none&quot;}\">\n\t\t\t\t<\/div>\n\t\t<div class=\"elementor-element elementor-element-f7363d4 e-con-full e-flex e-con e-child\" data-id=\"f7363d4\" data-element_type=\"container\" data-settings=\"{&quot;animation&quot;:&quot;none&quot;}\">\n\t\t\t\t<\/div>\n\t\t<div class=\"elementor-element elementor-element-d35e140 e-con-full e-flex e-con e-child\" data-id=\"d35e140\" data-element_type=\"container\" data-settings=\"{&quot;animation&quot;:&quot;none&quot;}\">\n\t\t\t\t<\/div>\n\t\t<div class=\"elementor-element elementor-element-39b0343 e-con-full e-flex e-con e-child\" data-id=\"39b0343\" data-element_type=\"container\" data-settings=\"{&quot;animation&quot;:&quot;none&quot;}\">\n\t\t\t\t<\/div>\n\t\t<div class=\"elementor-element elementor-element-300265b e-con-full e-flex e-con e-child\" data-id=\"300265b\" data-element_type=\"container\" data-settings=\"{&quot;animation&quot;:&quot;none&quot;}\">\n\t\t\t\t<\/div>\n\t\t<div class=\"elementor-element elementor-element-57a330b e-con-full e-flex e-con e-child\" data-id=\"57a330b\" data-element_type=\"container\" data-settings=\"{&quot;animation&quot;:&quot;none&quot;}\">\n\t\t\t\t<\/div>\n\t\t<div class=\"elementor-element elementor-element-15dc66e e-flex e-con-boxed e-con e-child\" data-id=\"15dc66e\" data-element_type=\"container\">\n\t\t\t\t\t<div class=\"e-con-inner\">\n\t\t<div class=\"elementor-element elementor-element-382b46f e-con-full e-flex e-con e-child\" data-id=\"382b46f\" data-element_type=\"container\">\n\t\t\t\t<div class=\"elementor-element elementor-element-5757d6f animated-slow elementor-invisible elementor-widget elementor-widget-heading\" data-id=\"5757d6f\" data-element_type=\"widget\" data-settings=\"{&quot;_animation&quot;:&quot;slideInUp&quot;}\" data-widget_type=\"heading.default\">\n\t\t\t\t\t\t<div class=\"elementor-widget-container\">\n\t\t\t\t\t<h2 class=\"elementor-heading-title elementor-size-default\">Isolationswiderstand<\/h2>\t\t\t\t<\/div>\n\t\t\t\t<\/div>\n\t\t\t\t<\/div>\n\t\t\t\t\t<\/div>\n\t\t\t\t<\/div>\n\t\t\t\t<div class=\"elementor-element elementor-element-5bf0266 elementor-widget elementor-widget-text-editor\" data-id=\"5bf0266\" data-element_type=\"widget\" data-widget_type=\"text-editor.default\">\n\t\t\t\t\t\t<div class=\"elementor-widget-container\">\n\t\t\t\t\t\t\t\t\t<p>Wir bieten hervorragende Produkte und Dienstleistungen f\u00fcr den Elektro- und Industriesektor.<\/p><ul><li><a href=\"https:\/\/erasmus.com.co\/Erasmus\/de\/aislamiento-y-continuidad-hasta-1kv-30g%cf%89\/\">Isolierung und Kontinuit\u00e4t bis zu 1kV-30G\u03a9<\/a><\/li><li><a href=\"https:\/\/erasmus.com.co\/Erasmus\/de\/aislamiento-y-continuidad-hasta-25kv-100g%cf%89\/\">Isolierung und Durchgang bis zu 2,5kV-100G\u03a9<\/a><\/li><li><a href=\"https:\/\/erasmus.com.co\/Erasmus\/de\/aislamiento-hasta-5kv-5t%cf%89\/\">Isolierung bis zu 5kV 5T\u03a9<\/a><\/li><li><a href=\"https:\/\/erasmus.com.co\/Erasmus\/de\/aislamiento-hasta-5kv-10t%cf%89\/\">Isolierung bis zu 5kV 10T\u03a9<\/a><\/li><li><a href=\"https:\/\/erasmus.com.co\/Erasmus\/de\/aislamiento-hasta-10kv-10t%cf%89\/\">Isolierung bis zu 10kV 10T\u03a9<\/a><\/li><li><a href=\"https:\/\/erasmus.com.co\/Erasmus\/de\/mi-3210xa-gama-alta\/\">Mi 3210XA: HOHE REICHWEITE<\/a><\/li><\/ul>\t\t\t\t\t\t\t\t<\/div>\n\t\t\t\t<\/div>\n\t\t\t\t<\/div>\n\t\t\t\t\t<\/div>\n\t\t\t\t<\/div>\n\t\t\t\t\t<\/div>\n\t\t\t\t<\/div>\n\t\t\t\t\t<\/div>\n\t\t\t\t<\/div>\n\t\t\t\t<\/div>","protected":false},"excerpt":{"rendered":"<p>Wir bieten erstklassige Produkte f\u00fcr den Elektrosektor. Isolationswiderstand Wir bieten hervorragende Produkte und Dienstleistungen f\u00fcr den Elektro- und Industriesektor an. Isolierung und Durchgang bis zu 1kV-30G\u03a9 Isolierung und Durchgang bis zu 2,5kV-100G\u03a9 Isolierung bis zu 5kV 5T\u03a9 Isolierung bis zu 5kV 10T\u03a9 Isolierung bis zu 10kV 10T\u03a9 Mi 3210XA: HIGH RANGE<\/p>","protected":false},"author":1,"featured_media":0,"parent":0,"menu_order":0,"comment_status":"closed","ping_status":"closed","template":"","meta":{"_acf_changed":false,"footnotes":""},"class_list":["post-191","page","type-page","status-publish","hentry"],"acf":[],"yoast_head":"<!-- This site is optimized with the Yoast SEO Premium plugin v24.6 (Yoast SEO v24.6) - https:\/\/yoast.com\/wordpress\/plugins\/seo\/ -->\n<title>Resistencia de Aislamiento - Erasmus Colombia<\/title>\n<meta name=\"robots\" content=\"index, follow, max-snippet:-1, max-image-preview:large, max-video-preview:-1\" \/>\n<link rel=\"canonical\" href=\"https:\/\/erasmus.com.co\/Erasmus\/de\/resistencia-de-aislamiento\/\" \/>\n<meta property=\"og:locale\" content=\"de_DE\" \/>\n<meta property=\"og:type\" content=\"article\" \/>\n<meta property=\"og:title\" content=\"Resistencia de Aislamiento\" \/>\n<meta property=\"og:description\" content=\"Ofrecemos productos de excelencia para el sector el\u00e9ctrico. Resistencia de Aislamiento Ofrecemos productos y servicios de excelencia para el sector el\u00e9ctrico e industrial. Aislamiento y Continuidad hasta 1kV-30G\u2126 Aislamiento y continuidad hasta 2,5kV-100G\u2126 Aislamiento hasta 5kV 5T\u2126 Aislamiento hasta 5kV 10T\u2126 Aislamiento hasta 10kV 10T\u2126 Mi 3210XA: GAMA ALTA\" \/>\n<meta property=\"og:url\" content=\"https:\/\/erasmus.com.co\/Erasmus\/de\/resistencia-de-aislamiento\/\" \/>\n<meta property=\"og:site_name\" content=\"Erasmus Colombia\" \/>\n<meta property=\"article:modified_time\" content=\"2024-06-28T00:53:57+00:00\" \/>\n<meta name=\"twitter:card\" content=\"summary_large_image\" \/>\n<script type=\"application\/ld+json\" class=\"yoast-schema-graph\">{\"@context\":\"https:\/\/schema.org\",\"@graph\":[{\"@type\":\"WebPage\",\"@id\":\"https:\/\/erasmus.com.co\/Erasmus\/resistencia-de-aislamiento\/\",\"url\":\"https:\/\/erasmus.com.co\/Erasmus\/resistencia-de-aislamiento\/\",\"name\":\"Resistencia de Aislamiento - Erasmus Colombia\",\"isPartOf\":{\"@id\":\"https:\/\/erasmus.com.co\/Erasmus\/#website\"},\"datePublished\":\"2023-03-08T22:51:18+00:00\",\"dateModified\":\"2024-06-28T00:53:57+00:00\",\"breadcrumb\":{\"@id\":\"https:\/\/erasmus.com.co\/Erasmus\/resistencia-de-aislamiento\/#breadcrumb\"},\"inLanguage\":\"de\",\"potentialAction\":[{\"@type\":\"ReadAction\",\"target\":[\"https:\/\/erasmus.com.co\/Erasmus\/resistencia-de-aislamiento\/\"]}]},{\"@type\":\"BreadcrumbList\",\"@id\":\"https:\/\/erasmus.com.co\/Erasmus\/resistencia-de-aislamiento\/#breadcrumb\",\"itemListElement\":[{\"@type\":\"ListItem\",\"position\":1,\"name\":\"Home\",\"item\":\"https:\/\/erasmus.com.co\/Erasmus\/\"},{\"@type\":\"ListItem\",\"position\":2,\"name\":\"Resistencia de Aislamiento\"}]},{\"@type\":\"WebSite\",\"@id\":\"https:\/\/erasmus.com.co\/Erasmus\/#website\",\"url\":\"https:\/\/erasmus.com.co\/Erasmus\/\",\"name\":\"Erasmus Colombia\",\"description\":\"Ofrecemos productos y servicios de excelencia para el Sector Industrial\",\"publisher\":{\"@id\":\"https:\/\/erasmus.com.co\/Erasmus\/#organization\"},\"potentialAction\":[{\"@type\":\"SearchAction\",\"target\":{\"@type\":\"EntryPoint\",\"urlTemplate\":\"https:\/\/erasmus.com.co\/Erasmus\/?s={search_term_string}\"},\"query-input\":{\"@type\":\"PropertyValueSpecification\",\"valueRequired\":true,\"valueName\":\"search_term_string\"}}],\"inLanguage\":\"de\"},{\"@type\":\"Organization\",\"@id\":\"https:\/\/erasmus.com.co\/Erasmus\/#organization\",\"name\":\"Erasmus Colombia\",\"url\":\"https:\/\/erasmus.com.co\/Erasmus\/\",\"logo\":{\"@type\":\"ImageObject\",\"inLanguage\":\"de\",\"@id\":\"https:\/\/erasmus.com.co\/Erasmus\/#\/schema\/logo\/image\/\",\"url\":\"https:\/\/erasmus.com.co\/Erasmus\/wp-content\/uploads\/2023\/02\/cropped-cropped-logo_erasmus.png\",\"contentUrl\":\"https:\/\/erasmus.com.co\/Erasmus\/wp-content\/uploads\/2023\/02\/cropped-cropped-logo_erasmus.png\",\"width\":817,\"height\":163,\"caption\":\"Erasmus Colombia\"},\"image\":{\"@id\":\"https:\/\/erasmus.com.co\/Erasmus\/#\/schema\/logo\/image\/\"}}]}<\/script>\n<!-- \/ Yoast SEO Premium plugin. -->","yoast_head_json":{"title":"Resistencia de Aislamiento - Erasmus Colombia","robots":{"index":"index","follow":"follow","max-snippet":"max-snippet:-1","max-image-preview":"max-image-preview:large","max-video-preview":"max-video-preview:-1"},"canonical":"https:\/\/erasmus.com.co\/Erasmus\/de\/resistencia-de-aislamiento\/","og_locale":"de_DE","og_type":"article","og_title":"Resistencia de Aislamiento","og_description":"Ofrecemos productos de excelencia para el sector el\u00e9ctrico. Resistencia de Aislamiento Ofrecemos productos y servicios de excelencia para el sector el\u00e9ctrico e industrial. Aislamiento y Continuidad hasta 1kV-30G\u2126 Aislamiento y continuidad hasta 2,5kV-100G\u2126 Aislamiento hasta 5kV 5T\u2126 Aislamiento hasta 5kV 10T\u2126 Aislamiento hasta 10kV 10T\u2126 Mi 3210XA: GAMA ALTA","og_url":"https:\/\/erasmus.com.co\/Erasmus\/de\/resistencia-de-aislamiento\/","og_site_name":"Erasmus Colombia","article_modified_time":"2024-06-28T00:53:57+00:00","twitter_card":"summary_large_image","schema":{"@context":"https:\/\/schema.org","@graph":[{"@type":"WebPage","@id":"https:\/\/erasmus.com.co\/Erasmus\/resistencia-de-aislamiento\/","url":"https:\/\/erasmus.com.co\/Erasmus\/resistencia-de-aislamiento\/","name":"Resistencia de Aislamiento - Erasmus Colombia","isPartOf":{"@id":"https:\/\/erasmus.com.co\/Erasmus\/#website"},"datePublished":"2023-03-08T22:51:18+00:00","dateModified":"2024-06-28T00:53:57+00:00","breadcrumb":{"@id":"https:\/\/erasmus.com.co\/Erasmus\/resistencia-de-aislamiento\/#breadcrumb"},"inLanguage":"de","potentialAction":[{"@type":"ReadAction","target":["https:\/\/erasmus.com.co\/Erasmus\/resistencia-de-aislamiento\/"]}]},{"@type":"BreadcrumbList","@id":"https:\/\/erasmus.com.co\/Erasmus\/resistencia-de-aislamiento\/#breadcrumb","itemListElement":[{"@type":"ListItem","position":1,"name":"Home","item":"https:\/\/erasmus.com.co\/Erasmus\/"},{"@type":"ListItem","position":2,"name":"Resistencia de Aislamiento"}]},{"@type":"WebSite","@id":"https:\/\/erasmus.com.co\/Erasmus\/#website","url":"https:\/\/erasmus.com.co\/Erasmus\/","name":"Erasmus Colombia","description":"Ofrecemos productos y servicios de excelencia para el Sector Industrial","publisher":{"@id":"https:\/\/erasmus.com.co\/Erasmus\/#organization"},"potentialAction":[{"@type":"SearchAction","target":{"@type":"EntryPoint","urlTemplate":"https:\/\/erasmus.com.co\/Erasmus\/?s={search_term_string}"},"query-input":{"@type":"PropertyValueSpecification","valueRequired":true,"valueName":"search_term_string"}}],"inLanguage":"de"},{"@type":"Organization","@id":"https:\/\/erasmus.com.co\/Erasmus\/#organization","name":"Erasmus Colombia","url":"https:\/\/erasmus.com.co\/Erasmus\/","logo":{"@type":"ImageObject","inLanguage":"de","@id":"https:\/\/erasmus.com.co\/Erasmus\/#\/schema\/logo\/image\/","url":"https:\/\/erasmus.com.co\/Erasmus\/wp-content\/uploads\/2023\/02\/cropped-cropped-logo_erasmus.png","contentUrl":"https:\/\/erasmus.com.co\/Erasmus\/wp-content\/uploads\/2023\/02\/cropped-cropped-logo_erasmus.png","width":817,"height":163,"caption":"Erasmus Colombia"},"image":{"@id":"https:\/\/erasmus.com.co\/Erasmus\/#\/schema\/logo\/image\/"}}]}},"_links":{"self":[{"href":"https:\/\/erasmus.com.co\/Erasmus\/de\/wp-json\/wp\/v2\/pages\/191","targetHints":{"allow":["GET"]}}],"collection":[{"href":"https:\/\/erasmus.com.co\/Erasmus\/de\/wp-json\/wp\/v2\/pages"}],"about":[{"href":"https:\/\/erasmus.com.co\/Erasmus\/de\/wp-json\/wp\/v2\/types\/page"}],"author":[{"embeddable":true,"href":"https:\/\/erasmus.com.co\/Erasmus\/de\/wp-json\/wp\/v2\/users\/1"}],"replies":[{"embeddable":true,"href":"https:\/\/erasmus.com.co\/Erasmus\/de\/wp-json\/wp\/v2\/comments?post=191"}],"version-history":[{"count":7,"href":"https:\/\/erasmus.com.co\/Erasmus\/de\/wp-json\/wp\/v2\/pages\/191\/revisions"}],"predecessor-version":[{"id":2993,"href":"https:\/\/erasmus.com.co\/Erasmus\/de\/wp-json\/wp\/v2\/pages\/191\/revisions\/2993"}],"wp:attachment":[{"href":"https:\/\/erasmus.com.co\/Erasmus\/de\/wp-json\/wp\/v2\/media?parent=191"}],"curies":[{"name":"wp","href":"https:\/\/api.w.org\/{rel}","templated":true}]}}