{"id":3987,"date":"2025-01-14T20:46:51","date_gmt":"2025-01-14T20:46:51","guid":{"rendered":"https:\/\/erasmus.com.co\/Erasmus\/?page_id=3987"},"modified":"2025-04-02T21:01:14","modified_gmt":"2025-04-02T21:01:14","slug":"capacitaciones","status":"publish","type":"page","link":"https:\/\/erasmus.com.co\/Erasmus\/de\/capacitaciones\/","title":{"rendered":"Ausbildung"},"content":{"rendered":"<div data-elementor-type=\"wp-page\" data-elementor-id=\"3987\" class=\"elementor elementor-3987\" data-elementor-post-type=\"page\">\n\t\t\t\t<div class=\"elementor-element elementor-element-e00af9c e-flex e-con-boxed e-con e-parent\" data-id=\"e00af9c\" data-element_type=\"container\">\n\t\t\t\t\t<div class=\"e-con-inner\">\n\t\t<div class=\"elementor-element elementor-element-c248a7b e-con-full e-flex e-con e-child\" data-id=\"c248a7b\" data-element_type=\"container\">\n\t\t\t\t<div class=\"elementor-element elementor-element-9cc9594 elementor-widget elementor-widget-heading\" data-id=\"9cc9594\" data-element_type=\"widget\" data-widget_type=\"heading.default\">\n\t\t\t\t\t\t<div class=\"elementor-widget-container\">\n\t\t\t\t\t<h2 class=\"elementor-heading-title elementor-size-default\"><font color=\"#217023\">AUSBILDUNGEN<\/font>\/ Schulungen<\/h2>\t\t\t\t<\/div>\n\t\t\t\t<\/div>\n\t\t\t\t<\/div>\n\t\t\t\t\t<\/div>\n\t\t\t\t<\/div>\n\t\t<div class=\"elementor-element elementor-element-3bd06e5 e-flex e-con-boxed e-con e-parent\" data-id=\"3bd06e5\" data-element_type=\"container\">\n\t\t\t\t\t<div class=\"e-con-inner\">\n\t\t\t\t<div class=\"elementor-element elementor-element-5934031 elementor-widget-divider--view-line elementor-widget elementor-widget-divider\" data-id=\"5934031\" data-element_type=\"widget\" data-widget_type=\"divider.default\">\n\t\t\t\t\t\t<div class=\"elementor-widget-container\">\n\t\t\t\t\t\t\t<div class=\"elementor-divider\">\n\t\t\t<span class=\"elementor-divider-separator\">\n\t\t\t\t\t\t<\/span>\n\t\t<\/div>\n\t\t\t\t\t\t<\/div>\n\t\t\t\t<\/div>\n\t\t\t\t<div class=\"elementor-element elementor-element-0a56d81 elementor-widget elementor-widget-heading\" data-id=\"0a56d81\" data-element_type=\"widget\" data-widget_type=\"heading.default\">\n\t\t\t\t\t\t<div class=\"elementor-widget-container\">\n\t\t\t\t\t<h1 class=\"elementor-heading-title elementor-size-default\">ERASMUS INSTITUT F\u00dcR ELEKTRISCHE ENERGIE<\/h1>\t\t\t\t<\/div>\n\t\t\t\t<\/div>\n\t\t\t\t\t<\/div>\n\t\t\t\t<\/div>\n\t\t<div class=\"elementor-element elementor-element-556b872 e-flex e-con-boxed e-con e-parent\" data-id=\"556b872\" data-element_type=\"container\" data-settings=\"{&quot;background_background&quot;:&quot;classic&quot;}\">\n\t\t\t\t\t<div class=\"e-con-inner\">\n\t\t\t\t<div class=\"elementor-element elementor-element-6fa589e elementor-widget elementor-widget-text-editor\" data-id=\"6fa589e\" data-element_type=\"widget\" data-widget_type=\"text-editor.default\">\n\t\t\t\t\t\t<div class=\"elementor-widget-container\">\n\t\t\t\t\t\t\t\t\t<p>Das Erasmus-Institut f\u00fcr elektrische Energie ist unser Lehr- und Ausbildungszentrum, in dem langj\u00e4hrige Experten ihr praktisches Wissen und ihre solide theoretische Grundlage f\u00fcr die Pr\u00fcfung und das allgemeine Verst\u00e4ndnis der wissenschaftlichen Entwicklung der Elektrizit\u00e4t weitergeben.<\/p>\t\t\t\t\t\t\t\t<\/div>\n\t\t\t\t<\/div>\n\t\t<div class=\"elementor-element elementor-element-bdad710 e-con-full e-flex e-con e-child\" data-id=\"bdad710\" data-element_type=\"container\">\n\t\t\t\t<div class=\"elementor-element elementor-element-bd2d2ad elementor-widget elementor-widget-image\" data-id=\"bd2d2ad\" data-element_type=\"widget\" data-widget_type=\"image.default\">\n\t\t\t\t\t\t<div class=\"elementor-widget-container\">\n\t\t\t\t\t\t\t\t\t\t\t\t\t\t\t<img fetchpriority=\"high\" decoding=\"async\" width=\"512\" height=\"512\" src=\"https:\/\/erasmus.com.co\/Erasmus\/wp-content\/uploads\/2025\/01\/Thumb-Erasmus-Institute.png\" class=\"attachment-full size-full wp-image-4345\" alt=\"\" srcset=\"https:\/\/erasmus.com.co\/Erasmus\/wp-content\/uploads\/2025\/01\/Thumb-Erasmus-Institute.png 512w, https:\/\/erasmus.com.co\/Erasmus\/wp-content\/uploads\/2025\/01\/Thumb-Erasmus-Institute-300x300.png 300w, https:\/\/erasmus.com.co\/Erasmus\/wp-content\/uploads\/2025\/01\/Thumb-Erasmus-Institute-150x150.png 150w\" sizes=\"(max-width: 512px) 100vw, 512px\" \/>\t\t\t\t\t\t\t\t\t\t\t\t\t\t\t<\/div>\n\t\t\t\t<\/div>\n\t\t\t\t<\/div>\n\t\t\t\t\t<\/div>\n\t\t\t\t<\/div>\n\t\t<div class=\"elementor-element elementor-element-7b98433 e-flex e-con-boxed e-con e-parent\" data-id=\"7b98433\" data-element_type=\"container\">\n\t\t\t\t\t<div class=\"e-con-inner\">\n\t\t\t\t<div class=\"elementor-element elementor-element-1916bc7 elementor-align-center elementor-widget elementor-widget-button\" data-id=\"1916bc7\" data-element_type=\"widget\" data-widget_type=\"button.default\">\n\t\t\t\t\t\t<div class=\"elementor-widget-container\">\n\t\t\t\t\t\t\t\t\t<div class=\"elementor-button-wrapper\">\n\t\t\t\t\t<a class=\"elementor-button elementor-button-link elementor-size-sm\" href=\"https:\/\/erasmusinstitute.com.co\/\" target=\"_blank\">\n\t\t\t\t\t\t<span class=\"elementor-button-content-wrapper\">\n\t\t\t\t\t\t\t\t\t<span class=\"elementor-button-text\">besuchen Sie www.erasmusinstitute.com.co<\/span>\n\t\t\t\t\t<\/span>\n\t\t\t\t\t<\/a>\n\t\t\t\t<\/div>\n\t\t\t\t\t\t\t\t<\/div>\n\t\t\t\t<\/div>\n\t\t\t\t\t<\/div>\n\t\t\t\t<\/div>\n\t\t<div class=\"elementor-element elementor-element-dbb6d56 e-flex e-con-boxed e-con e-parent\" data-id=\"dbb6d56\" data-element_type=\"container\" data-settings=\"{&quot;background_background&quot;:&quot;classic&quot;}\">\n\t\t\t\t\t<div class=\"e-con-inner\">\n\t\t\t\t<div class=\"elementor-element elementor-element-39391d2 elementor-widget elementor-widget-heading\" data-id=\"39391d2\" data-element_type=\"widget\" data-widget_type=\"heading.default\">\n\t\t\t\t\t\t<div class=\"elementor-widget-container\">\n\t\t\t\t\t<h2 class=\"elementor-heading-title elementor-size-default\">MODALIT\u00c4TEN<\/h2>\t\t\t\t<\/div>\n\t\t\t\t<\/div>\n\t\t\t\t\t<\/div>\n\t\t\t\t<\/div>\n\t\t<div class=\"elementor-element elementor-element-176262a e-flex e-con-boxed e-con e-parent\" data-id=\"176262a\" data-element_type=\"container\" data-settings=\"{&quot;background_background&quot;:&quot;classic&quot;}\">\n\t\t\t\t\t<div class=\"e-con-inner\">\n\t\t<div class=\"elementor-element elementor-element-125213c e-grid e-con-full e-con e-child\" data-id=\"125213c\" data-element_type=\"container\">\n\t\t<div class=\"elementor-element elementor-element-eb2d323 e-con-full e-flex e-con e-child\" data-id=\"eb2d323\" data-element_type=\"container\" data-settings=\"{&quot;background_background&quot;:&quot;classic&quot;}\">\n\t\t\t\t<div class=\"elementor-element elementor-element-c614767 elementor-widget elementor-widget-image\" data-id=\"c614767\" data-element_type=\"widget\" data-widget_type=\"image.default\">\n\t\t\t\t\t\t<div class=\"elementor-widget-container\">\n\t\t\t\t\t\t\t\t\t\t\t\t\t\t\t<img decoding=\"async\" width=\"800\" height=\"400\" src=\"https:\/\/erasmus.com.co\/Erasmus\/wp-content\/uploads\/2025\/04\/Thumbnail-Capacitaciones-Presenciales.png\" class=\"attachment-large size-large wp-image-6796\" alt=\"\" srcset=\"https:\/\/erasmus.com.co\/Erasmus\/wp-content\/uploads\/2025\/04\/Thumbnail-Capacitaciones-Presenciales.png 800w, https:\/\/erasmus.com.co\/Erasmus\/wp-content\/uploads\/2025\/04\/Thumbnail-Capacitaciones-Presenciales-300x150.png 300w, https:\/\/erasmus.com.co\/Erasmus\/wp-content\/uploads\/2025\/04\/Thumbnail-Capacitaciones-Presenciales-768x384.png 768w, https:\/\/erasmus.com.co\/Erasmus\/wp-content\/uploads\/2025\/04\/Thumbnail-Capacitaciones-Presenciales-600x300.png 600w\" sizes=\"(max-width: 800px) 100vw, 800px\" \/>\t\t\t\t\t\t\t\t\t\t\t\t\t\t\t<\/div>\n\t\t\t\t<\/div>\n\t\t\t\t<div class=\"elementor-element elementor-element-9add3b6 elementor-widget elementor-widget-heading\" data-id=\"9add3b6\" data-element_type=\"widget\" data-widget_type=\"heading.default\">\n\t\t\t\t\t\t<div class=\"elementor-widget-container\">\n\t\t\t\t\t<h2 class=\"elementor-heading-title elementor-size-default\">PR\u00c4SENZSCHULUNGEN<\/h2>\t\t\t\t<\/div>\n\t\t\t\t<\/div>\n\t\t\t\t<div class=\"elementor-element elementor-element-66d3127 elementor-widget elementor-widget-text-editor\" data-id=\"66d3127\" data-element_type=\"widget\" data-widget_type=\"text-editor.default\">\n\t\t\t\t\t\t<div class=\"elementor-widget-container\">\n\t\t\t\t\t\t\t\t\t<p>In den EIEP-Face-to-Face-Kursen haben Sie die M\u00f6glichkeit, direkt mit den Dozenten zu interagieren und pers\u00f6nliche Aufmerksamkeit im Klassenzimmer zu erhalten, um sofortiges Feedback zu bekommen, gemeinsam zu arbeiten und so eine optimale Lernumgebung zu schaffen.<br \/><br \/><\/p>\t\t\t\t\t\t\t\t<\/div>\n\t\t\t\t<\/div>\n\t\t\t\t<div class=\"elementor-element elementor-element-a1f42cb elementor-align-center elementor-widget elementor-widget-button\" data-id=\"a1f42cb\" data-element_type=\"widget\" data-widget_type=\"button.default\">\n\t\t\t\t\t\t<div class=\"elementor-widget-container\">\n\t\t\t\t\t\t\t\t\t<div class=\"elementor-button-wrapper\">\n\t\t\t\t\t<a class=\"elementor-button elementor-button-link elementor-size-sm\" href=\"https:\/\/erasmusinstitute.com.co\/\" target=\"_blank\">\n\t\t\t\t\t\t<span class=\"elementor-button-content-wrapper\">\n\t\t\t\t\t\t\t\t\t<span class=\"elementor-button-text\">MEHR SEHEN<\/span>\n\t\t\t\t\t<\/span>\n\t\t\t\t\t<\/a>\n\t\t\t\t<\/div>\n\t\t\t\t\t\t\t\t<\/div>\n\t\t\t\t<\/div>\n\t\t\t\t<\/div>\n\t\t<div class=\"elementor-element elementor-element-7838cf7 e-con-full e-flex e-con e-child\" data-id=\"7838cf7\" data-element_type=\"container\" data-settings=\"{&quot;background_background&quot;:&quot;classic&quot;}\">\n\t\t\t\t<div class=\"elementor-element elementor-element-dafc300 elementor-widget elementor-widget-image\" data-id=\"dafc300\" data-element_type=\"widget\" data-widget_type=\"image.default\">\n\t\t\t\t\t\t<div class=\"elementor-widget-container\">\n\t\t\t\t\t\t\t\t\t\t\t\t\t\t\t<img decoding=\"async\" width=\"800\" height=\"400\" src=\"https:\/\/erasmus.com.co\/Erasmus\/wp-content\/uploads\/2025\/04\/Thumbnail-Capacitaciones-Remotas.png\" class=\"attachment-full size-full wp-image-6797\" alt=\"\" srcset=\"https:\/\/erasmus.com.co\/Erasmus\/wp-content\/uploads\/2025\/04\/Thumbnail-Capacitaciones-Remotas.png 800w, https:\/\/erasmus.com.co\/Erasmus\/wp-content\/uploads\/2025\/04\/Thumbnail-Capacitaciones-Remotas-300x150.png 300w, https:\/\/erasmus.com.co\/Erasmus\/wp-content\/uploads\/2025\/04\/Thumbnail-Capacitaciones-Remotas-768x384.png 768w, https:\/\/erasmus.com.co\/Erasmus\/wp-content\/uploads\/2025\/04\/Thumbnail-Capacitaciones-Remotas-600x300.png 600w\" sizes=\"(max-width: 800px) 100vw, 800px\" \/>\t\t\t\t\t\t\t\t\t\t\t\t\t\t\t<\/div>\n\t\t\t\t<\/div>\n\t\t\t\t<div class=\"elementor-element elementor-element-bad64e3 elementor-widget elementor-widget-heading\" data-id=\"bad64e3\" data-element_type=\"widget\" data-widget_type=\"heading.default\">\n\t\t\t\t\t\t<div class=\"elementor-widget-container\">\n\t\t\t\t\t<h2 class=\"elementor-heading-title elementor-size-default\">AUSBILDUNGEN <\/br>REMOTAS<\/h2>\t\t\t\t<\/div>\n\t\t\t\t<\/div>\n\t\t\t\t<div class=\"elementor-element elementor-element-acbe1b9 elementor-widget elementor-widget-text-editor\" data-id=\"acbe1b9\" data-element_type=\"widget\" data-widget_type=\"text-editor.default\">\n\t\t\t\t\t\t<div class=\"elementor-widget-container\">\n\t\t\t\t\t\t\t\t\t<p>EIEP-Fernunterricht findet live statt, wobei ein Tutor gleichzeitig mit allen Sch\u00fclern verbunden ist. So k\u00f6nnen dem Tutor w\u00e4hrend des Unterrichts Fragen gestellt werden, und Zweifel k\u00f6nnen in Echtzeit ausger\u00e4umt werden.<\/p>\t\t\t\t\t\t\t\t<\/div>\n\t\t\t\t<\/div>\n\t\t\t\t<div class=\"elementor-element elementor-element-f17c45c elementor-align-center elementor-widget elementor-widget-button\" data-id=\"f17c45c\" data-element_type=\"widget\" data-widget_type=\"button.default\">\n\t\t\t\t\t\t<div class=\"elementor-widget-container\">\n\t\t\t\t\t\t\t\t\t<div class=\"elementor-button-wrapper\">\n\t\t\t\t\t<a class=\"elementor-button elementor-button-link elementor-size-sm\" href=\"https:\/\/erasmusinstitute.com.co\/\" target=\"_blank\">\n\t\t\t\t\t\t<span class=\"elementor-button-content-wrapper\">\n\t\t\t\t\t\t\t\t\t<span class=\"elementor-button-text\">MEHR SEHEN<\/span>\n\t\t\t\t\t<\/span>\n\t\t\t\t\t<\/a>\n\t\t\t\t<\/div>\n\t\t\t\t\t\t\t\t<\/div>\n\t\t\t\t<\/div>\n\t\t\t\t<\/div>\n\t\t<div class=\"elementor-element elementor-element-7e87944 e-con-full e-flex e-con e-child\" data-id=\"7e87944\" data-element_type=\"container\" data-settings=\"{&quot;background_background&quot;:&quot;classic&quot;}\">\n\t\t\t\t<div class=\"elementor-element elementor-element-7db681e elementor-widget elementor-widget-image\" data-id=\"7db681e\" data-element_type=\"widget\" data-widget_type=\"image.default\">\n\t\t\t\t\t\t<div class=\"elementor-widget-container\">\n\t\t\t\t\t\t\t\t\t\t\t\t\t\t\t<img loading=\"lazy\" decoding=\"async\" width=\"800\" height=\"400\" src=\"https:\/\/erasmus.com.co\/Erasmus\/wp-content\/uploads\/2025\/04\/Thumbnail-Capacitaciones-empresas.png\" class=\"attachment-full size-full wp-image-6798\" alt=\"\" srcset=\"https:\/\/erasmus.com.co\/Erasmus\/wp-content\/uploads\/2025\/04\/Thumbnail-Capacitaciones-empresas.png 800w, https:\/\/erasmus.com.co\/Erasmus\/wp-content\/uploads\/2025\/04\/Thumbnail-Capacitaciones-empresas-300x150.png 300w, https:\/\/erasmus.com.co\/Erasmus\/wp-content\/uploads\/2025\/04\/Thumbnail-Capacitaciones-empresas-768x384.png 768w, https:\/\/erasmus.com.co\/Erasmus\/wp-content\/uploads\/2025\/04\/Thumbnail-Capacitaciones-empresas-600x300.png 600w\" sizes=\"(max-width: 800px) 100vw, 800px\" \/>\t\t\t\t\t\t\t\t\t\t\t\t\t\t\t<\/div>\n\t\t\t\t<\/div>\n\t\t\t\t<div class=\"elementor-element elementor-element-1016be2 elementor-widget elementor-widget-heading\" data-id=\"1016be2\" data-element_type=\"widget\" data-widget_type=\"heading.default\">\n\t\t\t\t\t\t<div class=\"elementor-widget-container\">\n\t\t\t\t\t<h2 class=\"elementor-heading-title elementor-size-default\">AUSBILDUNGEN <br>F\u00dcR UNTERNEHMEN<\/h2>\t\t\t\t<\/div>\n\t\t\t\t<\/div>\n\t\t\t\t<div class=\"elementor-element elementor-element-18d026e elementor-widget elementor-widget-text-editor\" data-id=\"18d026e\" data-element_type=\"widget\" data-widget_type=\"text-editor.default\">\n\t\t\t\t\t\t<div class=\"elementor-widget-container\">\n\t\t\t\t\t\t\t\t\t<p>Wir freuen uns, Unternehmen wie dem Ihren die M\u00f6glichkeit zu bieten, die F\u00e4higkeiten und Kenntnisse Ihrer Mitarbeiter durch unsere Kurse und Schulungen zu verbessern.<br \/><br \/><\/p>\t\t\t\t\t\t\t\t<\/div>\n\t\t\t\t<\/div>\n\t\t\t\t<div class=\"elementor-element elementor-element-f7ee77f elementor-align-center elementor-widget elementor-widget-button\" data-id=\"f7ee77f\" data-element_type=\"widget\" data-widget_type=\"button.default\">\n\t\t\t\t\t\t<div class=\"elementor-widget-container\">\n\t\t\t\t\t\t\t\t\t<div class=\"elementor-button-wrapper\">\n\t\t\t\t\t<a class=\"elementor-button elementor-button-link elementor-size-sm\" href=\"https:\/\/erasmusinstitute.com.co\/\" target=\"_blank\">\n\t\t\t\t\t\t<span class=\"elementor-button-content-wrapper\">\n\t\t\t\t\t\t\t\t\t<span class=\"elementor-button-text\">MEHR SEHEN<\/span>\n\t\t\t\t\t<\/span>\n\t\t\t\t\t<\/a>\n\t\t\t\t<\/div>\n\t\t\t\t\t\t\t\t<\/div>\n\t\t\t\t<\/div>\n\t\t\t\t<\/div>\n\t\t\t\t<\/div>\n\t\t\t\t\t<\/div>\n\t\t\t\t<\/div>\n\t\t\t\t<\/div>","protected":false},"excerpt":{"rendered":"<p>CAPACITACIONES\/ Capacitaciones ERASMUS INSTITUTE OF ELECTRIC POWER Erasmus Institute of Electric Power es nuestro centro de ense\u00f1anza y capacitaci\u00f3n,\u00a0donde expertos de larga trayectoria transmiten su conocimiento pr\u00e1ctico y s\u00f3lidas bases te\u00f3ricas para la realizaci\u00f3n de pruebas y en general de comprensi\u00f3n del desarrollo cient\u00edfico de la electricidad. visita www.erasmusinstitute.com.co MODALIDADES CAPACITACIONES PRESENCIALES Los cursos presenciales [&hellip;]<\/p>","protected":false},"author":1,"featured_media":0,"parent":0,"menu_order":0,"comment_status":"closed","ping_status":"closed","template":"","meta":{"_acf_changed":false,"footnotes":""},"class_list":["post-3987","page","type-page","status-publish","hentry"],"acf":[],"yoast_head":"<!-- This site is optimized with the Yoast SEO Premium plugin v24.6 (Yoast SEO v24.6) - https:\/\/yoast.com\/wordpress\/plugins\/seo\/ -->\n<title>Capacitaciones - Erasmus Colombia<\/title>\n<meta name=\"robots\" content=\"index, follow, max-snippet:-1, max-image-preview:large, max-video-preview:-1\" \/>\n<link rel=\"canonical\" href=\"https:\/\/erasmus.com.co\/Erasmus\/de\/capacitaciones\/\" \/>\n<meta property=\"og:locale\" content=\"de_DE\" \/>\n<meta property=\"og:type\" content=\"article\" \/>\n<meta property=\"og:title\" content=\"Capacitaciones\" \/>\n<meta property=\"og:description\" content=\"CAPACITACIONES\/ Capacitaciones ERASMUS INSTITUTE OF ELECTRIC POWER Erasmus Institute of Electric Power es nuestro centro de ense\u00f1anza y capacitaci\u00f3n,\u00a0donde expertos de larga trayectoria transmiten su conocimiento pr\u00e1ctico y s\u00f3lidas bases te\u00f3ricas para la realizaci\u00f3n de pruebas y en general de comprensi\u00f3n del desarrollo cient\u00edfico de la electricidad. visita www.erasmusinstitute.com.co MODALIDADES CAPACITACIONES PRESENCIALES Los cursos presenciales [&hellip;]\" \/>\n<meta property=\"og:url\" content=\"https:\/\/erasmus.com.co\/Erasmus\/de\/capacitaciones\/\" \/>\n<meta property=\"og:site_name\" content=\"Erasmus Colombia\" \/>\n<meta property=\"article:modified_time\" content=\"2025-04-02T21:01:14+00:00\" \/>\n<meta property=\"og:image\" content=\"https:\/\/erasmus.com.co\/Erasmus\/wp-content\/uploads\/2025\/01\/Thumb-Erasmus-Institute.png\" \/>\n\t<meta property=\"og:image:width\" content=\"512\" \/>\n\t<meta property=\"og:image:height\" content=\"512\" \/>\n\t<meta property=\"og:image:type\" content=\"image\/png\" \/>\n<meta name=\"twitter:card\" content=\"summary_large_image\" \/>\n<meta name=\"twitter:label1\" content=\"Gesch\u00e4tzte Lesezeit\" \/>\n\t<meta name=\"twitter:data1\" content=\"2\u00a0Minuten\" \/>\n<script type=\"application\/ld+json\" class=\"yoast-schema-graph\">{\"@context\":\"https:\/\/schema.org\",\"@graph\":[{\"@type\":\"WebPage\",\"@id\":\"https:\/\/erasmus.com.co\/Erasmus\/capacitaciones\/\",\"url\":\"https:\/\/erasmus.com.co\/Erasmus\/capacitaciones\/\",\"name\":\"Capacitaciones - Erasmus Colombia\",\"isPartOf\":{\"@id\":\"https:\/\/erasmus.com.co\/Erasmus\/#website\"},\"primaryImageOfPage\":{\"@id\":\"https:\/\/erasmus.com.co\/Erasmus\/capacitaciones\/#primaryimage\"},\"image\":{\"@id\":\"https:\/\/erasmus.com.co\/Erasmus\/capacitaciones\/#primaryimage\"},\"thumbnailUrl\":\"https:\/\/erasmus.com.co\/Erasmus\/wp-content\/uploads\/2025\/01\/Thumb-Erasmus-Institute.png\",\"datePublished\":\"2025-01-14T20:46:51+00:00\",\"dateModified\":\"2025-04-02T21:01:14+00:00\",\"breadcrumb\":{\"@id\":\"https:\/\/erasmus.com.co\/Erasmus\/capacitaciones\/#breadcrumb\"},\"inLanguage\":\"de\",\"potentialAction\":[{\"@type\":\"ReadAction\",\"target\":[\"https:\/\/erasmus.com.co\/Erasmus\/capacitaciones\/\"]}]},{\"@type\":\"ImageObject\",\"inLanguage\":\"de\",\"@id\":\"https:\/\/erasmus.com.co\/Erasmus\/capacitaciones\/#primaryimage\",\"url\":\"https:\/\/erasmus.com.co\/Erasmus\/wp-content\/uploads\/2025\/01\/Thumb-Erasmus-Institute.png\",\"contentUrl\":\"https:\/\/erasmus.com.co\/Erasmus\/wp-content\/uploads\/2025\/01\/Thumb-Erasmus-Institute.png\"},{\"@type\":\"BreadcrumbList\",\"@id\":\"https:\/\/erasmus.com.co\/Erasmus\/capacitaciones\/#breadcrumb\",\"itemListElement\":[{\"@type\":\"ListItem\",\"position\":1,\"name\":\"Home\",\"item\":\"https:\/\/erasmus.com.co\/Erasmus\/\"},{\"@type\":\"ListItem\",\"position\":2,\"name\":\"Capacitaciones\"}]},{\"@type\":\"WebSite\",\"@id\":\"https:\/\/erasmus.com.co\/Erasmus\/#website\",\"url\":\"https:\/\/erasmus.com.co\/Erasmus\/\",\"name\":\"Erasmus Colombia\",\"description\":\"Ofrecemos productos y servicios de excelencia para el Sector Industrial\",\"publisher\":{\"@id\":\"https:\/\/erasmus.com.co\/Erasmus\/#organization\"},\"potentialAction\":[{\"@type\":\"SearchAction\",\"target\":{\"@type\":\"EntryPoint\",\"urlTemplate\":\"https:\/\/erasmus.com.co\/Erasmus\/?s={search_term_string}\"},\"query-input\":{\"@type\":\"PropertyValueSpecification\",\"valueRequired\":true,\"valueName\":\"search_term_string\"}}],\"inLanguage\":\"de\"},{\"@type\":\"Organization\",\"@id\":\"https:\/\/erasmus.com.co\/Erasmus\/#organization\",\"name\":\"Erasmus Colombia\",\"url\":\"https:\/\/erasmus.com.co\/Erasmus\/\",\"logo\":{\"@type\":\"ImageObject\",\"inLanguage\":\"de\",\"@id\":\"https:\/\/erasmus.com.co\/Erasmus\/#\/schema\/logo\/image\/\",\"url\":\"https:\/\/erasmus.com.co\/Erasmus\/wp-content\/uploads\/2023\/02\/cropped-cropped-logo_erasmus.png\",\"contentUrl\":\"https:\/\/erasmus.com.co\/Erasmus\/wp-content\/uploads\/2023\/02\/cropped-cropped-logo_erasmus.png\",\"width\":817,\"height\":163,\"caption\":\"Erasmus Colombia\"},\"image\":{\"@id\":\"https:\/\/erasmus.com.co\/Erasmus\/#\/schema\/logo\/image\/\"}}]}<\/script>\n<!-- \/ Yoast SEO Premium plugin. -->","yoast_head_json":{"title":"Capacitaciones - Erasmus Colombia","robots":{"index":"index","follow":"follow","max-snippet":"max-snippet:-1","max-image-preview":"max-image-preview:large","max-video-preview":"max-video-preview:-1"},"canonical":"https:\/\/erasmus.com.co\/Erasmus\/de\/capacitaciones\/","og_locale":"de_DE","og_type":"article","og_title":"Capacitaciones","og_description":"CAPACITACIONES\/ Capacitaciones ERASMUS INSTITUTE OF ELECTRIC POWER Erasmus Institute of Electric Power es nuestro centro de ense\u00f1anza y capacitaci\u00f3n,\u00a0donde expertos de larga trayectoria transmiten su conocimiento pr\u00e1ctico y s\u00f3lidas bases te\u00f3ricas para la realizaci\u00f3n de pruebas y en general de comprensi\u00f3n del desarrollo cient\u00edfico de la electricidad. visita www.erasmusinstitute.com.co MODALIDADES CAPACITACIONES PRESENCIALES Los cursos presenciales [&hellip;]","og_url":"https:\/\/erasmus.com.co\/Erasmus\/de\/capacitaciones\/","og_site_name":"Erasmus Colombia","article_modified_time":"2025-04-02T21:01:14+00:00","og_image":[{"width":512,"height":512,"url":"https:\/\/erasmus.com.co\/Erasmus\/wp-content\/uploads\/2025\/01\/Thumb-Erasmus-Institute.png","type":"image\/png"}],"twitter_card":"summary_large_image","twitter_misc":{"Gesch\u00e4tzte Lesezeit":"2\u00a0Minuten"},"schema":{"@context":"https:\/\/schema.org","@graph":[{"@type":"WebPage","@id":"https:\/\/erasmus.com.co\/Erasmus\/capacitaciones\/","url":"https:\/\/erasmus.com.co\/Erasmus\/capacitaciones\/","name":"Capacitaciones - Erasmus Colombia","isPartOf":{"@id":"https:\/\/erasmus.com.co\/Erasmus\/#website"},"primaryImageOfPage":{"@id":"https:\/\/erasmus.com.co\/Erasmus\/capacitaciones\/#primaryimage"},"image":{"@id":"https:\/\/erasmus.com.co\/Erasmus\/capacitaciones\/#primaryimage"},"thumbnailUrl":"https:\/\/erasmus.com.co\/Erasmus\/wp-content\/uploads\/2025\/01\/Thumb-Erasmus-Institute.png","datePublished":"2025-01-14T20:46:51+00:00","dateModified":"2025-04-02T21:01:14+00:00","breadcrumb":{"@id":"https:\/\/erasmus.com.co\/Erasmus\/capacitaciones\/#breadcrumb"},"inLanguage":"de","potentialAction":[{"@type":"ReadAction","target":["https:\/\/erasmus.com.co\/Erasmus\/capacitaciones\/"]}]},{"@type":"ImageObject","inLanguage":"de","@id":"https:\/\/erasmus.com.co\/Erasmus\/capacitaciones\/#primaryimage","url":"https:\/\/erasmus.com.co\/Erasmus\/wp-content\/uploads\/2025\/01\/Thumb-Erasmus-Institute.png","contentUrl":"https:\/\/erasmus.com.co\/Erasmus\/wp-content\/uploads\/2025\/01\/Thumb-Erasmus-Institute.png"},{"@type":"BreadcrumbList","@id":"https:\/\/erasmus.com.co\/Erasmus\/capacitaciones\/#breadcrumb","itemListElement":[{"@type":"ListItem","position":1,"name":"Home","item":"https:\/\/erasmus.com.co\/Erasmus\/"},{"@type":"ListItem","position":2,"name":"Capacitaciones"}]},{"@type":"WebSite","@id":"https:\/\/erasmus.com.co\/Erasmus\/#website","url":"https:\/\/erasmus.com.co\/Erasmus\/","name":"Erasmus Colombia","description":"Ofrecemos productos y servicios de excelencia para el Sector Industrial","publisher":{"@id":"https:\/\/erasmus.com.co\/Erasmus\/#organization"},"potentialAction":[{"@type":"SearchAction","target":{"@type":"EntryPoint","urlTemplate":"https:\/\/erasmus.com.co\/Erasmus\/?s={search_term_string}"},"query-input":{"@type":"PropertyValueSpecification","valueRequired":true,"valueName":"search_term_string"}}],"inLanguage":"de"},{"@type":"Organization","@id":"https:\/\/erasmus.com.co\/Erasmus\/#organization","name":"Erasmus Colombia","url":"https:\/\/erasmus.com.co\/Erasmus\/","logo":{"@type":"ImageObject","inLanguage":"de","@id":"https:\/\/erasmus.com.co\/Erasmus\/#\/schema\/logo\/image\/","url":"https:\/\/erasmus.com.co\/Erasmus\/wp-content\/uploads\/2023\/02\/cropped-cropped-logo_erasmus.png","contentUrl":"https:\/\/erasmus.com.co\/Erasmus\/wp-content\/uploads\/2023\/02\/cropped-cropped-logo_erasmus.png","width":817,"height":163,"caption":"Erasmus Colombia"},"image":{"@id":"https:\/\/erasmus.com.co\/Erasmus\/#\/schema\/logo\/image\/"}}]}},"_links":{"self":[{"href":"https:\/\/erasmus.com.co\/Erasmus\/de\/wp-json\/wp\/v2\/pages\/3987","targetHints":{"allow":["GET"]}}],"collection":[{"href":"https:\/\/erasmus.com.co\/Erasmus\/de\/wp-json\/wp\/v2\/pages"}],"about":[{"href":"https:\/\/erasmus.com.co\/Erasmus\/de\/wp-json\/wp\/v2\/types\/page"}],"author":[{"embeddable":true,"href":"https:\/\/erasmus.com.co\/Erasmus\/de\/wp-json\/wp\/v2\/users\/1"}],"replies":[{"embeddable":true,"href":"https:\/\/erasmus.com.co\/Erasmus\/de\/wp-json\/wp\/v2\/comments?post=3987"}],"version-history":[{"count":7,"href":"https:\/\/erasmus.com.co\/Erasmus\/de\/wp-json\/wp\/v2\/pages\/3987\/revisions"}],"predecessor-version":[{"id":6801,"href":"https:\/\/erasmus.com.co\/Erasmus\/de\/wp-json\/wp\/v2\/pages\/3987\/revisions\/6801"}],"wp:attachment":[{"href":"https:\/\/erasmus.com.co\/Erasmus\/de\/wp-json\/wp\/v2\/media?parent=3987"}],"curies":[{"name":"wp","href":"https:\/\/api.w.org\/{rel}","templated":true}]}}