{"id":9549,"date":"2025-09-04T15:35:36","date_gmt":"2025-09-04T15:35:36","guid":{"rendered":"https:\/\/erasmus.com.co\/Erasmus\/producto\/cmc-500\/"},"modified":"2025-11-27T18:07:55","modified_gmt":"2025-11-27T18:07:55","slug":"cmc-500","status":"publish","type":"product","link":"https:\/\/erasmus.com.co\/Erasmus\/de\/produkt\/cmc-500\/","title":{"rendered":"CMC 500"},"content":{"rendered":"<p><strong>CMC 500 von Omicron<\/strong> setzt einen neuen Standard in der Schutzpr\u00fcfung und bietet eine vollst\u00e4ndige und zuverl\u00e4ssige L\u00f6sung zur Gew\u00e4hrleistung der Sicherheit der Stromversorgung. Dieses kompakte und leichte Ger\u00e4t wurde entwickelt, um alle Herausforderungen bei der Pr\u00fcfung von Schutzrelais zu meistern und so zur Zuverl\u00e4ssigkeit des elektrischen Systems beizutragen. Das modulare Hardware- und Softwarekonzept erm\u00f6glicht eine einfache Anpassung an unterschiedliche Anforderungen und gew\u00e4hrleistet eine gro\u00dfe Vielseitigkeit. Dar\u00fcber hinaus erf\u00fcllt es die strengsten Sicherheitsnormen und ist damit ein unverzichtbares Werkzeug f\u00fcr Techniker und Betreiber, die bei ihren Pr\u00fcf- und Wartungsaufgaben auf Genauigkeit und Effizienz achten.<\/p>","protected":false},"excerpt":{"rendered":"<h3><strong>Hauptmerkmale:<\/strong><\/h3>\n<ul>\n<li>\"Kompaktes und leichtes Design, ideal f\u00fcr einfachen Transport und Mobilit\u00e4t.<\/li>\n<li>Modulares Hardware- und Softwarekonzept, das sich flexibel an verschiedene Tests und Anforderungen anpassen l\u00e4sst.<\/li>\n<li>Es entspricht den h\u00f6chsten Sicherheitsstandards und gew\u00e4hrleistet einen sicheren Betrieb in Hochspannungsumgebungen.<\/li>\n<li>Pr\u00fcfung von Schutzrelais, um die Zuverl\u00e4ssigkeit und Sicherheit der Stromversorgung zu gew\u00e4hrleisten.<\/li>\n<li>Hohe Pr\u00fcfkapazit\u00e4t, geeignet f\u00fcr alle Herausforderungen bei der Pr\u00fcfung von Schutzsystemen.<\/li>\n<li>Die einfache Integration in verschiedene Anwendungen macht es zu einem flexiblen Werkzeug f\u00fcr Techniker und Betreiber.<\/li>\n<li>Hohe Genauigkeit und Zuverl\u00e4ssigkeit, die dazu beitragen, die Zuverl\u00e4ssigkeit der elektrischen Infrastrukturen zu verbessern.<\/li>\n<li>Stromquelle bis zu 150 A (AC und DC) zur Pr\u00fcfung von Schutzrelais.<\/li>\n<li>Ausgangsspannung bis zu 500 V in Wechselstrom (AC) und Gleichstrom (DC).<\/li>\n<li>Tests bis zu 600 V in Kontakt mit Erde.<\/li>\n<li>Hochgenaue Pr\u00fcfsignalerzeugung f\u00fcr die Simulation von Fehlerzust\u00e4nden und Schutzpr\u00fcfungen.<\/li>\n<li>Bis zu 6 unabh\u00e4ngige Ausgangskan\u00e4le, die mehrere gleichzeitige Tests erm\u00f6glichen.<\/li>\n<li>Fernsteuerung \u00fcber Software: Das CMC 500 kann \u00fcber die Test Universe\u2122-Schnittstelle zur Konfiguration und Pr\u00fcfdurchf\u00fchrung ferngesteuert werden.<\/li>\n<li>Kommunikation mit Pr\u00fcfger\u00e4ten \u00fcber Standard-Kommunikationsprotokolle wie IEC 61850, DNP3, Modbus und andere.<\/li>\n<li>Einstellbare Referenzspannung: Erm\u00f6glicht die genaue Simulation verschiedener Fehlertypen.<\/li>\n<li>Erzeugung von Frequenzsignalen bis zu 1000 Hz f\u00fcr Schutzpr\u00fcfungen und Frequenzregelung.<\/li>\n<li>Modularit\u00e4t: Erm\u00f6glicht ma\u00dfgeschneiderte Konfigurationen entsprechend den spezifischen Anforderungen jeder Anwendung\".<\/li>\n<\/ul>\n<p><img decoding=\"async\" class=\"alignnone wp-image-9704\" src=\"https:\/\/erasmus.com.co\/Erasmus\/wp-content\/uploads\/2025\/09\/icono_pdf-1.png\" alt=\"\" width=\"38\" height=\"37\" srcset=\"https:\/\/erasmus.com.co\/Erasmus\/wp-content\/uploads\/2025\/09\/icono_pdf-1.png 149w, https:\/\/erasmus.com.co\/Erasmus\/wp-content\/uploads\/2025\/09\/icono_pdf-1-12x12.png 12w, https:\/\/erasmus.com.co\/Erasmus\/wp-content\/uploads\/2025\/09\/icono_pdf-1-100x100.png 100w\" sizes=\"(max-width: 38px) 100vw, 38px\" \/><strong>Download des technischen Datenblatts<\/strong> <a href=\"https:\/\/erasmus.com.co\/Erasmus\/wp-content\/uploads\/2025\/02\/CMC-500-Brochure-ESP.pdf\" target=\"_blank\" rel=\"noopener\"><strong>hier<\/strong><\/a><\/p>","protected":false},"featured_media":4880,"template":"","meta":{"_acf_changed":false},"product_brand":[40],"product_cat":[42],"product_tag":[],"class_list":{"0":"post-9549","1":"product","2":"type-product","3":"status-publish","4":"has-post-thumbnail","6":"product_brand-omicron","7":"product_cat-omicron","9":"first","10":"instock","11":"shipping-taxable","12":"product-type-simple"},"acf":[],"yoast_head":"<!-- This site is optimized with the Yoast SEO Premium plugin v24.6 (Yoast SEO v24.6) - https:\/\/yoast.com\/wordpress\/plugins\/seo\/ -->\n<title>CMC 500 (Omicron) - Erasmus Colombia<\/title>\n<meta name=\"description\" content=\"El CMC 500 de Omicron establece un nuevo est\u00e1ndar en las pruebas de protecci\u00f3n, ofreciendo una soluci\u00f3n completa y confiable para garantizar la seguridad del suministro el\u00e9ctrico.\" \/>\n<meta name=\"robots\" content=\"index, follow, max-snippet:-1, max-image-preview:large, max-video-preview:-1\" \/>\n<link rel=\"canonical\" href=\"https:\/\/erasmus.com.co\/Erasmus\/de\/produkt\/cmc-500\/\" \/>\n<meta property=\"og:locale\" content=\"de_DE\" \/>\n<meta property=\"og:type\" content=\"article\" \/>\n<meta property=\"og:title\" content=\"CMC 500\" \/>\n<meta property=\"og:description\" content=\"El CMC 500 de Omicron establece un nuevo est\u00e1ndar en las pruebas de protecci\u00f3n, ofreciendo una soluci\u00f3n completa y confiable para garantizar la seguridad del suministro el\u00e9ctrico.\" \/>\n<meta property=\"og:url\" content=\"https:\/\/erasmus.com.co\/Erasmus\/de\/produkt\/cmc-500\/\" \/>\n<meta property=\"og:site_name\" content=\"Erasmus Colombia\" \/>\n<meta property=\"article:modified_time\" content=\"2025-11-27T18:07:55+00:00\" \/>\n<meta property=\"og:image\" content=\"https:\/\/erasmus.com.co\/Erasmus\/wp-content\/uploads\/2025\/02\/Omicron_cmc-500.png\" \/>\n\t<meta property=\"og:image:width\" content=\"1982\" \/>\n\t<meta property=\"og:image:height\" content=\"1487\" \/>\n\t<meta property=\"og:image:type\" content=\"image\/png\" \/>\n<meta name=\"twitter:card\" content=\"summary_large_image\" \/>\n<meta name=\"twitter:label1\" content=\"Gesch\u00e4tzte Lesezeit\" \/>\n\t<meta name=\"twitter:data1\" content=\"1\u00a0Minute\" \/>\n<script type=\"application\/ld+json\" class=\"yoast-schema-graph\">{\"@context\":\"https:\/\/schema.org\",\"@graph\":[{\"@type\":\"WebPage\",\"@id\":\"https:\/\/erasmus.com.co\/Erasmus\/producto\/cmc-500\/\",\"url\":\"https:\/\/erasmus.com.co\/Erasmus\/producto\/cmc-500\/\",\"name\":\"CMC 500 (Omicron) - Erasmus Colombia\",\"isPartOf\":{\"@id\":\"https:\/\/erasmus.com.co\/Erasmus\/#website\"},\"primaryImageOfPage\":{\"@id\":\"https:\/\/erasmus.com.co\/Erasmus\/producto\/cmc-500\/#primaryimage\"},\"image\":{\"@id\":\"https:\/\/erasmus.com.co\/Erasmus\/producto\/cmc-500\/#primaryimage\"},\"thumbnailUrl\":\"https:\/\/erasmus.com.co\/Erasmus\/wp-content\/uploads\/2025\/02\/Omicron_cmc-500.png\",\"datePublished\":\"2025-09-04T15:35:36+00:00\",\"dateModified\":\"2025-11-27T18:07:55+00:00\",\"description\":\"El CMC 500 de Omicron establece un nuevo est\u00e1ndar en las pruebas de protecci\u00f3n, ofreciendo una soluci\u00f3n completa y confiable para garantizar la seguridad del suministro el\u00e9ctrico.\",\"breadcrumb\":{\"@id\":\"https:\/\/erasmus.com.co\/Erasmus\/producto\/cmc-500\/#breadcrumb\"},\"inLanguage\":\"de\",\"potentialAction\":[{\"@type\":\"ReadAction\",\"target\":[\"https:\/\/erasmus.com.co\/Erasmus\/producto\/cmc-500\/\"]}]},{\"@type\":\"ImageObject\",\"inLanguage\":\"de\",\"@id\":\"https:\/\/erasmus.com.co\/Erasmus\/producto\/cmc-500\/#primaryimage\",\"url\":\"https:\/\/erasmus.com.co\/Erasmus\/wp-content\/uploads\/2025\/02\/Omicron_cmc-500.png\",\"contentUrl\":\"https:\/\/erasmus.com.co\/Erasmus\/wp-content\/uploads\/2025\/02\/Omicron_cmc-500.png\",\"width\":1982,\"height\":1487},{\"@type\":\"BreadcrumbList\",\"@id\":\"https:\/\/erasmus.com.co\/Erasmus\/producto\/cmc-500\/#breadcrumb\",\"itemListElement\":[{\"@type\":\"ListItem\",\"position\":1,\"name\":\"Home\",\"item\":\"https:\/\/erasmus.com.co\/Erasmus\/\"},{\"@type\":\"ListItem\",\"position\":2,\"name\":\"Tienda\",\"item\":\"https:\/\/erasmus.com.co\/Erasmus\/tienda\/\"},{\"@type\":\"ListItem\",\"position\":3,\"name\":\"CMC 500\"}]},{\"@type\":\"WebSite\",\"@id\":\"https:\/\/erasmus.com.co\/Erasmus\/#website\",\"url\":\"https:\/\/erasmus.com.co\/Erasmus\/\",\"name\":\"Erasmus Colombia\",\"description\":\"Ofrecemos productos y servicios de excelencia para el Sector Industrial\",\"publisher\":{\"@id\":\"https:\/\/erasmus.com.co\/Erasmus\/#organization\"},\"potentialAction\":[{\"@type\":\"SearchAction\",\"target\":{\"@type\":\"EntryPoint\",\"urlTemplate\":\"https:\/\/erasmus.com.co\/Erasmus\/?s={search_term_string}\"},\"query-input\":{\"@type\":\"PropertyValueSpecification\",\"valueRequired\":true,\"valueName\":\"search_term_string\"}}],\"inLanguage\":\"de\"},{\"@type\":\"Organization\",\"@id\":\"https:\/\/erasmus.com.co\/Erasmus\/#organization\",\"name\":\"Erasmus Colombia\",\"url\":\"https:\/\/erasmus.com.co\/Erasmus\/\",\"logo\":{\"@type\":\"ImageObject\",\"inLanguage\":\"de\",\"@id\":\"https:\/\/erasmus.com.co\/Erasmus\/#\/schema\/logo\/image\/\",\"url\":\"https:\/\/erasmus.com.co\/Erasmus\/wp-content\/uploads\/2023\/02\/cropped-cropped-logo_erasmus.png\",\"contentUrl\":\"https:\/\/erasmus.com.co\/Erasmus\/wp-content\/uploads\/2023\/02\/cropped-cropped-logo_erasmus.png\",\"width\":817,\"height\":163,\"caption\":\"Erasmus Colombia\"},\"image\":{\"@id\":\"https:\/\/erasmus.com.co\/Erasmus\/#\/schema\/logo\/image\/\"}}]}<\/script>\n<!-- \/ Yoast SEO Premium plugin. -->","yoast_head_json":{"title":"CMC 500 (Omicron) - Erasmus Colombia","description":"El CMC 500 de Omicron establece un nuevo est\u00e1ndar en las pruebas de protecci\u00f3n, ofreciendo una soluci\u00f3n completa y confiable para garantizar la seguridad del suministro el\u00e9ctrico.","robots":{"index":"index","follow":"follow","max-snippet":"max-snippet:-1","max-image-preview":"max-image-preview:large","max-video-preview":"max-video-preview:-1"},"canonical":"https:\/\/erasmus.com.co\/Erasmus\/de\/produkt\/cmc-500\/","og_locale":"de_DE","og_type":"article","og_title":"CMC 500","og_description":"El CMC 500 de Omicron establece un nuevo est\u00e1ndar en las pruebas de protecci\u00f3n, ofreciendo una soluci\u00f3n completa y confiable para garantizar la seguridad del suministro el\u00e9ctrico.","og_url":"https:\/\/erasmus.com.co\/Erasmus\/de\/produkt\/cmc-500\/","og_site_name":"Erasmus Colombia","article_modified_time":"2025-11-27T18:07:55+00:00","og_image":[{"width":1982,"height":1487,"url":"https:\/\/erasmus.com.co\/Erasmus\/wp-content\/uploads\/2025\/02\/Omicron_cmc-500.png","type":"image\/png"}],"twitter_card":"summary_large_image","twitter_misc":{"Gesch\u00e4tzte Lesezeit":"1\u00a0Minute"},"schema":{"@context":"https:\/\/schema.org","@graph":[{"@type":"WebPage","@id":"https:\/\/erasmus.com.co\/Erasmus\/producto\/cmc-500\/","url":"https:\/\/erasmus.com.co\/Erasmus\/producto\/cmc-500\/","name":"CMC 500 (Omicron) - Erasmus Colombia","isPartOf":{"@id":"https:\/\/erasmus.com.co\/Erasmus\/#website"},"primaryImageOfPage":{"@id":"https:\/\/erasmus.com.co\/Erasmus\/producto\/cmc-500\/#primaryimage"},"image":{"@id":"https:\/\/erasmus.com.co\/Erasmus\/producto\/cmc-500\/#primaryimage"},"thumbnailUrl":"https:\/\/erasmus.com.co\/Erasmus\/wp-content\/uploads\/2025\/02\/Omicron_cmc-500.png","datePublished":"2025-09-04T15:35:36+00:00","dateModified":"2025-11-27T18:07:55+00:00","description":"El CMC 500 de Omicron establece un nuevo est\u00e1ndar en las pruebas de protecci\u00f3n, ofreciendo una soluci\u00f3n completa y confiable para garantizar la seguridad del suministro el\u00e9ctrico.","breadcrumb":{"@id":"https:\/\/erasmus.com.co\/Erasmus\/producto\/cmc-500\/#breadcrumb"},"inLanguage":"de","potentialAction":[{"@type":"ReadAction","target":["https:\/\/erasmus.com.co\/Erasmus\/producto\/cmc-500\/"]}]},{"@type":"ImageObject","inLanguage":"de","@id":"https:\/\/erasmus.com.co\/Erasmus\/producto\/cmc-500\/#primaryimage","url":"https:\/\/erasmus.com.co\/Erasmus\/wp-content\/uploads\/2025\/02\/Omicron_cmc-500.png","contentUrl":"https:\/\/erasmus.com.co\/Erasmus\/wp-content\/uploads\/2025\/02\/Omicron_cmc-500.png","width":1982,"height":1487},{"@type":"BreadcrumbList","@id":"https:\/\/erasmus.com.co\/Erasmus\/producto\/cmc-500\/#breadcrumb","itemListElement":[{"@type":"ListItem","position":1,"name":"Home","item":"https:\/\/erasmus.com.co\/Erasmus\/"},{"@type":"ListItem","position":2,"name":"Tienda","item":"https:\/\/erasmus.com.co\/Erasmus\/tienda\/"},{"@type":"ListItem","position":3,"name":"CMC 500"}]},{"@type":"WebSite","@id":"https:\/\/erasmus.com.co\/Erasmus\/#website","url":"https:\/\/erasmus.com.co\/Erasmus\/","name":"Erasmus Colombia","description":"Ofrecemos productos y servicios de excelencia para el Sector Industrial","publisher":{"@id":"https:\/\/erasmus.com.co\/Erasmus\/#organization"},"potentialAction":[{"@type":"SearchAction","target":{"@type":"EntryPoint","urlTemplate":"https:\/\/erasmus.com.co\/Erasmus\/?s={search_term_string}"},"query-input":{"@type":"PropertyValueSpecification","valueRequired":true,"valueName":"search_term_string"}}],"inLanguage":"de"},{"@type":"Organization","@id":"https:\/\/erasmus.com.co\/Erasmus\/#organization","name":"Erasmus Colombia","url":"https:\/\/erasmus.com.co\/Erasmus\/","logo":{"@type":"ImageObject","inLanguage":"de","@id":"https:\/\/erasmus.com.co\/Erasmus\/#\/schema\/logo\/image\/","url":"https:\/\/erasmus.com.co\/Erasmus\/wp-content\/uploads\/2023\/02\/cropped-cropped-logo_erasmus.png","contentUrl":"https:\/\/erasmus.com.co\/Erasmus\/wp-content\/uploads\/2023\/02\/cropped-cropped-logo_erasmus.png","width":817,"height":163,"caption":"Erasmus Colombia"},"image":{"@id":"https:\/\/erasmus.com.co\/Erasmus\/#\/schema\/logo\/image\/"}}]}},"_links":{"self":[{"href":"https:\/\/erasmus.com.co\/Erasmus\/de\/wp-json\/wp\/v2\/product\/9549","targetHints":{"allow":["GET"]}}],"collection":[{"href":"https:\/\/erasmus.com.co\/Erasmus\/de\/wp-json\/wp\/v2\/product"}],"about":[{"href":"https:\/\/erasmus.com.co\/Erasmus\/de\/wp-json\/wp\/v2\/types\/product"}],"wp:featuredmedia":[{"embeddable":true,"href":"https:\/\/erasmus.com.co\/Erasmus\/de\/wp-json\/wp\/v2\/media\/4880"}],"wp:attachment":[{"href":"https:\/\/erasmus.com.co\/Erasmus\/de\/wp-json\/wp\/v2\/media?parent=9549"}],"wp:term":[{"taxonomy":"product_brand","embeddable":true,"href":"https:\/\/erasmus.com.co\/Erasmus\/de\/wp-json\/wp\/v2\/product_brand?post=9549"},{"taxonomy":"product_cat","embeddable":true,"href":"https:\/\/erasmus.com.co\/Erasmus\/de\/wp-json\/wp\/v2\/product_cat?post=9549"},{"taxonomy":"product_tag","embeddable":true,"href":"https:\/\/erasmus.com.co\/Erasmus\/de\/wp-json\/wp\/v2\/product_tag?post=9549"}],"curies":[{"name":"wp","href":"https:\/\/api.w.org\/{rel}","templated":true}]}}