{"id":9550,"date":"2025-09-04T15:35:37","date_gmt":"2025-09-04T15:35:37","guid":{"rendered":"https:\/\/erasmus.com.co\/Erasmus\/producto\/moncablo\/"},"modified":"2025-11-27T18:06:05","modified_gmt":"2025-11-27T18:06:05","slug":"moncablo","status":"publish","type":"product","link":"https:\/\/erasmus.com.co\/Erasmus\/de\/produkt\/moncablo\/","title":{"rendered":"MONCABLO"},"content":{"rendered":"<p><strong>Omikron MONCABLO<\/strong> ist ein anpassbares System zur kontinuierlichen Online-\u00dcberwachung von Teilentladungen (TE) in der elektrischen Isolierung von Hochspannungskabeln, einschlie\u00dflich Endverschl\u00fcssen und Splei\u00dfen. Es ist fest installiert und nutzt fortschrittliche Diagnosetechniken, um den Zustand der Isolierung zu bewerten und Defekte fr\u00fchzeitig zu erkennen, um kostspielige Ausf\u00e4lle zu verhindern. Die konstante und detaillierte \u00dcberwachung erm\u00f6glicht ein proaktives Wartungsmanagement, das die Zuverl\u00e4ssigkeit und Sicherheit der elektrischen Infrastrukturen verbessert.<\/p>","protected":false},"excerpt":{"rendered":"<h3><strong>Hauptmerkmale:<\/strong><\/h3>\n<ul>\n<li>\"Das System kann an die spezifischen Bed\u00fcrfnisse jeder Anlage angepasst werden.<\/li>\n<li>Kontinuierliche Online-\u00dcberwachung der Teilentladungsaktivit\u00e4t (TE) an Hochspannungskabeln.<\/li>\n<li>Zuverl\u00e4ssige Beurteilung des Isolationszustandes von Kabelanlagen, Endverschl\u00fcssen und Splei\u00dfen.<\/li>\n<li>Fortschrittliche Diagnosetechniken zur fr\u00fchzeitigen Erkennung potenzieller St\u00f6rungen.<\/li>\n<li>Genaue Lokalisierung von Defekten zur Vermeidung kostspieliger Serviceausf\u00e4lle.<\/li>\n<li>Feste Installation, die eine st\u00e4ndige und langfristige \u00dcberwachung gew\u00e4hrleistet.<\/li>\n<li>Proaktive Fehlervermeidung durch Erkennung von Problemen, bevor sie zu schwerwiegenden Ausf\u00e4llen f\u00fchren.<\/li>\n<li>Verbesserung der Zuverl\u00e4ssigkeit und Sicherheit elektrischer Infrastrukturen durch Erleichterung eines effizienten Wartungsmanagements.<\/li>\n<li>\u00dcberwachung von Teilentladungen (TE) in Hochspannungskabelsystemen, einschlie\u00dflich Abschl\u00fcssen und Splei\u00dfen.<\/li>\n<li>Hochpr\u00e4zise Messtechnik zur Erfassung minimaler Teilentladungen.<\/li>\n<li>Echtzeit-Diagnosesystem, das eine kontinuierliche Bewertung des Zustandes der Isolierung erm\u00f6glicht.<\/li>\n<li>Fernkommunikation zur Datenvisualisierung und -analyse von jedem Ort aus.<\/li>\n<li>Hohe Empfindlichkeit, um sich anbahnende Fehler zu erkennen, bevor sie den Betrieb beeintr\u00e4chtigen.<\/li>\n<li>F\u00e4higkeit zur Integration mit SCADA- und anderen \u00dcberwachungssystemen zur zentralen \u00dcberwachung.<\/li>\n<li>Automatische Warnungen bei der Erkennung kritischer Zust\u00e4nde oder Defekte.<\/li>\n<li>Robuste und widerstandsf\u00e4hige Konstruktion, die den Betriebsbedingungen in Hochspannungsumgebungen standh\u00e4lt.<\/li>\n<li>Einfache Installation und Wartung dank der modularen und flexiblen Architektur.<\/li>\n<li>Geringer Energieverbrauch f\u00fcr einen effizienten Langzeitbetrieb\".<\/li>\n<\/ul>\n<p><img decoding=\"async\" class=\"alignnone wp-image-9704\" src=\"https:\/\/erasmus.com.co\/Erasmus\/wp-content\/uploads\/2025\/09\/icono_pdf-1.png\" alt=\"\" width=\"38\" height=\"37\" srcset=\"https:\/\/erasmus.com.co\/Erasmus\/wp-content\/uploads\/2025\/09\/icono_pdf-1.png 149w, https:\/\/erasmus.com.co\/Erasmus\/wp-content\/uploads\/2025\/09\/icono_pdf-1-12x12.png 12w, https:\/\/erasmus.com.co\/Erasmus\/wp-content\/uploads\/2025\/09\/icono_pdf-1-100x100.png 100w\" sizes=\"(max-width: 38px) 100vw, 38px\" \/><strong>Download des technischen Datenblatts<\/strong> <a href=\"https:\/\/erasmus.com.co\/Erasmus\/wp-content\/uploads\/2025\/02\/MONCABLO-Brochure-ENU.pdf\" target=\"_blank\" rel=\"noopener\"><strong>hier<\/strong><\/a><\/p>","protected":false},"featured_media":4882,"template":"","meta":{"_acf_changed":false},"product_brand":[40],"product_cat":[42],"product_tag":[],"class_list":{"0":"post-9550","1":"product","2":"type-product","3":"status-publish","4":"has-post-thumbnail","6":"product_brand-omicron","7":"product_cat-omicron","9":"first","10":"instock","11":"shipping-taxable","12":"product-type-simple"},"acf":[],"yoast_head":"<!-- This site is optimized with the Yoast SEO Premium plugin v24.6 (Yoast SEO v24.6) - https:\/\/yoast.com\/wordpress\/plugins\/seo\/ -->\n<title>MONCABLO (Omicron) - Erasmus Colombia<\/title>\n<meta name=\"description\" content=\"MONCABLO de Omicron es un sistema personalizable para el monitoreo continuo en l\u00ednea de descargas parciales (DP) en el aislamiento de cables de alta tensi\u00f3n\" \/>\n<meta name=\"robots\" content=\"index, follow, max-snippet:-1, max-image-preview:large, max-video-preview:-1\" \/>\n<link rel=\"canonical\" href=\"https:\/\/erasmus.com.co\/Erasmus\/de\/produkt\/moncablo\/\" \/>\n<meta property=\"og:locale\" content=\"de_DE\" \/>\n<meta property=\"og:type\" content=\"article\" \/>\n<meta property=\"og:title\" content=\"MONCABLO\" \/>\n<meta property=\"og:description\" content=\"MONCABLO de Omicron es un sistema personalizable para el monitoreo continuo en l\u00ednea de descargas parciales (DP) en el aislamiento de cables de alta tensi\u00f3n\" \/>\n<meta property=\"og:url\" content=\"https:\/\/erasmus.com.co\/Erasmus\/de\/produkt\/moncablo\/\" \/>\n<meta property=\"og:site_name\" content=\"Erasmus Colombia\" \/>\n<meta property=\"article:modified_time\" content=\"2025-11-27T18:06:05+00:00\" \/>\n<meta property=\"og:image\" content=\"https:\/\/erasmus.com.co\/Erasmus\/wp-content\/uploads\/2025\/02\/Omicron_MONCABLO.png\" \/>\n\t<meta property=\"og:image:width\" content=\"1982\" \/>\n\t<meta property=\"og:image:height\" content=\"1487\" \/>\n\t<meta property=\"og:image:type\" content=\"image\/png\" \/>\n<meta name=\"twitter:card\" content=\"summary_large_image\" \/>\n<meta name=\"twitter:label1\" content=\"Gesch\u00e4tzte Lesezeit\" \/>\n\t<meta name=\"twitter:data1\" content=\"1\u00a0Minute\" \/>\n<script type=\"application\/ld+json\" class=\"yoast-schema-graph\">{\"@context\":\"https:\/\/schema.org\",\"@graph\":[{\"@type\":\"WebPage\",\"@id\":\"https:\/\/erasmus.com.co\/Erasmus\/producto\/moncablo\/\",\"url\":\"https:\/\/erasmus.com.co\/Erasmus\/producto\/moncablo\/\",\"name\":\"MONCABLO (Omicron) - Erasmus Colombia\",\"isPartOf\":{\"@id\":\"https:\/\/erasmus.com.co\/Erasmus\/#website\"},\"primaryImageOfPage\":{\"@id\":\"https:\/\/erasmus.com.co\/Erasmus\/producto\/moncablo\/#primaryimage\"},\"image\":{\"@id\":\"https:\/\/erasmus.com.co\/Erasmus\/producto\/moncablo\/#primaryimage\"},\"thumbnailUrl\":\"https:\/\/erasmus.com.co\/Erasmus\/wp-content\/uploads\/2025\/02\/Omicron_MONCABLO.png\",\"datePublished\":\"2025-09-04T15:35:37+00:00\",\"dateModified\":\"2025-11-27T18:06:05+00:00\",\"description\":\"MONCABLO de Omicron es un sistema personalizable para el monitoreo continuo en l\u00ednea de descargas parciales (DP) en el aislamiento de cables de alta tensi\u00f3n\",\"breadcrumb\":{\"@id\":\"https:\/\/erasmus.com.co\/Erasmus\/producto\/moncablo\/#breadcrumb\"},\"inLanguage\":\"de\",\"potentialAction\":[{\"@type\":\"ReadAction\",\"target\":[\"https:\/\/erasmus.com.co\/Erasmus\/producto\/moncablo\/\"]}]},{\"@type\":\"ImageObject\",\"inLanguage\":\"de\",\"@id\":\"https:\/\/erasmus.com.co\/Erasmus\/producto\/moncablo\/#primaryimage\",\"url\":\"https:\/\/erasmus.com.co\/Erasmus\/wp-content\/uploads\/2025\/02\/Omicron_MONCABLO.png\",\"contentUrl\":\"https:\/\/erasmus.com.co\/Erasmus\/wp-content\/uploads\/2025\/02\/Omicron_MONCABLO.png\",\"width\":1982,\"height\":1487},{\"@type\":\"BreadcrumbList\",\"@id\":\"https:\/\/erasmus.com.co\/Erasmus\/producto\/moncablo\/#breadcrumb\",\"itemListElement\":[{\"@type\":\"ListItem\",\"position\":1,\"name\":\"Home\",\"item\":\"https:\/\/erasmus.com.co\/Erasmus\/\"},{\"@type\":\"ListItem\",\"position\":2,\"name\":\"Tienda\",\"item\":\"https:\/\/erasmus.com.co\/Erasmus\/tienda\/\"},{\"@type\":\"ListItem\",\"position\":3,\"name\":\"MONCABLO\"}]},{\"@type\":\"WebSite\",\"@id\":\"https:\/\/erasmus.com.co\/Erasmus\/#website\",\"url\":\"https:\/\/erasmus.com.co\/Erasmus\/\",\"name\":\"Erasmus Colombia\",\"description\":\"Ofrecemos productos y servicios de excelencia para el Sector Industrial\",\"publisher\":{\"@id\":\"https:\/\/erasmus.com.co\/Erasmus\/#organization\"},\"potentialAction\":[{\"@type\":\"SearchAction\",\"target\":{\"@type\":\"EntryPoint\",\"urlTemplate\":\"https:\/\/erasmus.com.co\/Erasmus\/?s={search_term_string}\"},\"query-input\":{\"@type\":\"PropertyValueSpecification\",\"valueRequired\":true,\"valueName\":\"search_term_string\"}}],\"inLanguage\":\"de\"},{\"@type\":\"Organization\",\"@id\":\"https:\/\/erasmus.com.co\/Erasmus\/#organization\",\"name\":\"Erasmus Colombia\",\"url\":\"https:\/\/erasmus.com.co\/Erasmus\/\",\"logo\":{\"@type\":\"ImageObject\",\"inLanguage\":\"de\",\"@id\":\"https:\/\/erasmus.com.co\/Erasmus\/#\/schema\/logo\/image\/\",\"url\":\"https:\/\/erasmus.com.co\/Erasmus\/wp-content\/uploads\/2023\/02\/cropped-cropped-logo_erasmus.png\",\"contentUrl\":\"https:\/\/erasmus.com.co\/Erasmus\/wp-content\/uploads\/2023\/02\/cropped-cropped-logo_erasmus.png\",\"width\":817,\"height\":163,\"caption\":\"Erasmus Colombia\"},\"image\":{\"@id\":\"https:\/\/erasmus.com.co\/Erasmus\/#\/schema\/logo\/image\/\"}}]}<\/script>\n<!-- \/ Yoast SEO Premium plugin. -->","yoast_head_json":{"title":"MONCABLO (Omicron) - Erasmus Colombia","description":"MONCABLO de Omicron es un sistema personalizable para el monitoreo continuo en l\u00ednea de descargas parciales (DP) en el aislamiento de cables de alta tensi\u00f3n","robots":{"index":"index","follow":"follow","max-snippet":"max-snippet:-1","max-image-preview":"max-image-preview:large","max-video-preview":"max-video-preview:-1"},"canonical":"https:\/\/erasmus.com.co\/Erasmus\/de\/produkt\/moncablo\/","og_locale":"de_DE","og_type":"article","og_title":"MONCABLO","og_description":"MONCABLO de Omicron es un sistema personalizable para el monitoreo continuo en l\u00ednea de descargas parciales (DP) en el aislamiento de cables de alta tensi\u00f3n","og_url":"https:\/\/erasmus.com.co\/Erasmus\/de\/produkt\/moncablo\/","og_site_name":"Erasmus Colombia","article_modified_time":"2025-11-27T18:06:05+00:00","og_image":[{"width":1982,"height":1487,"url":"https:\/\/erasmus.com.co\/Erasmus\/wp-content\/uploads\/2025\/02\/Omicron_MONCABLO.png","type":"image\/png"}],"twitter_card":"summary_large_image","twitter_misc":{"Gesch\u00e4tzte Lesezeit":"1\u00a0Minute"},"schema":{"@context":"https:\/\/schema.org","@graph":[{"@type":"WebPage","@id":"https:\/\/erasmus.com.co\/Erasmus\/producto\/moncablo\/","url":"https:\/\/erasmus.com.co\/Erasmus\/producto\/moncablo\/","name":"MONCABLO (Omicron) - Erasmus Colombia","isPartOf":{"@id":"https:\/\/erasmus.com.co\/Erasmus\/#website"},"primaryImageOfPage":{"@id":"https:\/\/erasmus.com.co\/Erasmus\/producto\/moncablo\/#primaryimage"},"image":{"@id":"https:\/\/erasmus.com.co\/Erasmus\/producto\/moncablo\/#primaryimage"},"thumbnailUrl":"https:\/\/erasmus.com.co\/Erasmus\/wp-content\/uploads\/2025\/02\/Omicron_MONCABLO.png","datePublished":"2025-09-04T15:35:37+00:00","dateModified":"2025-11-27T18:06:05+00:00","description":"MONCABLO de Omicron es un sistema personalizable para el monitoreo continuo en l\u00ednea de descargas parciales (DP) en el aislamiento de cables de alta tensi\u00f3n","breadcrumb":{"@id":"https:\/\/erasmus.com.co\/Erasmus\/producto\/moncablo\/#breadcrumb"},"inLanguage":"de","potentialAction":[{"@type":"ReadAction","target":["https:\/\/erasmus.com.co\/Erasmus\/producto\/moncablo\/"]}]},{"@type":"ImageObject","inLanguage":"de","@id":"https:\/\/erasmus.com.co\/Erasmus\/producto\/moncablo\/#primaryimage","url":"https:\/\/erasmus.com.co\/Erasmus\/wp-content\/uploads\/2025\/02\/Omicron_MONCABLO.png","contentUrl":"https:\/\/erasmus.com.co\/Erasmus\/wp-content\/uploads\/2025\/02\/Omicron_MONCABLO.png","width":1982,"height":1487},{"@type":"BreadcrumbList","@id":"https:\/\/erasmus.com.co\/Erasmus\/producto\/moncablo\/#breadcrumb","itemListElement":[{"@type":"ListItem","position":1,"name":"Home","item":"https:\/\/erasmus.com.co\/Erasmus\/"},{"@type":"ListItem","position":2,"name":"Tienda","item":"https:\/\/erasmus.com.co\/Erasmus\/tienda\/"},{"@type":"ListItem","position":3,"name":"MONCABLO"}]},{"@type":"WebSite","@id":"https:\/\/erasmus.com.co\/Erasmus\/#website","url":"https:\/\/erasmus.com.co\/Erasmus\/","name":"Erasmus Colombia","description":"Ofrecemos productos y servicios de excelencia para el Sector Industrial","publisher":{"@id":"https:\/\/erasmus.com.co\/Erasmus\/#organization"},"potentialAction":[{"@type":"SearchAction","target":{"@type":"EntryPoint","urlTemplate":"https:\/\/erasmus.com.co\/Erasmus\/?s={search_term_string}"},"query-input":{"@type":"PropertyValueSpecification","valueRequired":true,"valueName":"search_term_string"}}],"inLanguage":"de"},{"@type":"Organization","@id":"https:\/\/erasmus.com.co\/Erasmus\/#organization","name":"Erasmus Colombia","url":"https:\/\/erasmus.com.co\/Erasmus\/","logo":{"@type":"ImageObject","inLanguage":"de","@id":"https:\/\/erasmus.com.co\/Erasmus\/#\/schema\/logo\/image\/","url":"https:\/\/erasmus.com.co\/Erasmus\/wp-content\/uploads\/2023\/02\/cropped-cropped-logo_erasmus.png","contentUrl":"https:\/\/erasmus.com.co\/Erasmus\/wp-content\/uploads\/2023\/02\/cropped-cropped-logo_erasmus.png","width":817,"height":163,"caption":"Erasmus Colombia"},"image":{"@id":"https:\/\/erasmus.com.co\/Erasmus\/#\/schema\/logo\/image\/"}}]}},"_links":{"self":[{"href":"https:\/\/erasmus.com.co\/Erasmus\/de\/wp-json\/wp\/v2\/product\/9550","targetHints":{"allow":["GET"]}}],"collection":[{"href":"https:\/\/erasmus.com.co\/Erasmus\/de\/wp-json\/wp\/v2\/product"}],"about":[{"href":"https:\/\/erasmus.com.co\/Erasmus\/de\/wp-json\/wp\/v2\/types\/product"}],"wp:featuredmedia":[{"embeddable":true,"href":"https:\/\/erasmus.com.co\/Erasmus\/de\/wp-json\/wp\/v2\/media\/4882"}],"wp:attachment":[{"href":"https:\/\/erasmus.com.co\/Erasmus\/de\/wp-json\/wp\/v2\/media?parent=9550"}],"wp:term":[{"taxonomy":"product_brand","embeddable":true,"href":"https:\/\/erasmus.com.co\/Erasmus\/de\/wp-json\/wp\/v2\/product_brand?post=9550"},{"taxonomy":"product_cat","embeddable":true,"href":"https:\/\/erasmus.com.co\/Erasmus\/de\/wp-json\/wp\/v2\/product_cat?post=9550"},{"taxonomy":"product_tag","embeddable":true,"href":"https:\/\/erasmus.com.co\/Erasmus\/de\/wp-json\/wp\/v2\/product_tag?post=9550"}],"curies":[{"name":"wp","href":"https:\/\/api.w.org\/{rel}","templated":true}]}}