{"id":9551,"date":"2025-09-04T15:35:37","date_gmt":"2025-09-04T15:35:37","guid":{"rendered":"https:\/\/erasmus.com.co\/Erasmus\/producto\/mongemo\/"},"modified":"2025-11-27T18:03:19","modified_gmt":"2025-11-27T18:03:19","slug":"mongemo","status":"publish","type":"product","link":"https:\/\/erasmus.com.co\/Erasmus\/de\/produkt\/mongemo\/","title":{"rendered":"MONGEMO"},"content":{"rendered":"<p><strong>MONGEMO von Omicron<\/strong> ist ein kontinuierliches Online-Teilentladungs\u00fcberwachungssystem, das f\u00fcr die dauerhafte Installation an Generatoren und Elektromotoren konzipiert ist. Es bewertet den Isolationszustand von Statorwicklungen und erkennt Defekte durch die Analyse von TE-Trends im Zeitverlauf. Es liefert detaillierte Informationen, die rechtzeitige Wartungsentscheidungen erm\u00f6glichen, das Wartungsmanagement und die Zuverl\u00e4ssigkeit von rotierenden Maschinen verbessern und Ausf\u00e4lle verhindern helfen.<\/p>","protected":false},"excerpt":{"rendered":"<h3><strong>Hauptmerkmale:<\/strong><\/h3>\n<ul>\n<li>\"Kontinuierliche Online-\u00dcberwachung von Teilentladungen (TE) in rotierenden Maschinen, wie z.B. Generatoren und Elektromotoren.<\/li>\n<li>Feste Installation zur st\u00e4ndigen \u00dcberwachung des Isolationszustandes.<\/li>\n<li>Bewertung der Isolierung der Statorwicklungen durch Messung der Teilentladungen.<\/li>\n<li>Fr\u00fchzeitige Erkennung von Isolationsfehlern, so dass proaktiv eingegriffen werden kann, bevor es zu ernsthaften Ausf\u00e4llen kommt.<\/li>\n<li>Detaillierte PD-Trendanalyse, die es einfach macht, den Maschinenstatus im Laufe der Zeit zu verfolgen.<\/li>\n<li>Rechtzeitige Wartungsentscheidungen auf der Grundlage der Analyse historischer Daten von Teilentladungen.<\/li>\n<li>Verbesserte Zuverl\u00e4ssigkeit und Verf\u00fcgbarkeit von rotierenden Maschinen durch Vermeidung ungeplanter Ausf\u00e4lle.<\/li>\n<li>Modulares und flexibles System, geeignet f\u00fcr verschiedene Maschinenkonfigurationen.<\/li>\n<li>Echtzeit-Teilentladungs\u00fcberwachung (TE), speziell f\u00fcr rotierende Maschinen wie Generatoren und Elektromotoren.<\/li>\n<li>Feste Installation an der Anlage, die eine st\u00e4ndige und kontinuierliche \u00dcberwachung gew\u00e4hrleistet.<\/li>\n<li>TE-Trendanalyse im Zeitverlauf zur Bewertung des Isolationszustands der Statorwicklungen.<\/li>\n<li>Hohe Genauigkeit bei der Messung von Teilentladungen, wodurch auch beginnende Fehler erkannt werden.<\/li>\n<li>Fr\u00fchzeitige Erkennung von Isolationsfehlern, um katastrophale Ausf\u00e4lle zu verhindern.<\/li>\n<li>M\u00f6glichkeit der Integration mit zentralisierten \u00dcberwachungssystemen wie SCADA f\u00fcr den Fernzugriff auf Daten Automatische Warnmeldungen, wenn kritische Bedingungen oder Isolationsfehler erkannt werden. Benutzerfreundliche Schnittstelle zur Datenvisualisierung und -analyse, die die Entscheidungsfindung bei der Wartung erleichtert.<\/li>\n<li>Anpassungsf\u00e4higkeit an verschiedene Arten von Rotationsmaschinen, was eine vielseitige Anwendung erm\u00f6glicht.<\/li>\n<li>Robustes Design f\u00fcr den Betrieb unter anspruchsvollen industriellen Bedingungen und in Hochspannungsumgebungen\".<\/li>\n<\/ul>\n<p><img decoding=\"async\" class=\"alignnone wp-image-9704\" src=\"https:\/\/erasmus.com.co\/Erasmus\/wp-content\/uploads\/2025\/09\/icono_pdf-1.png\" alt=\"\" width=\"38\" height=\"37\" srcset=\"https:\/\/erasmus.com.co\/Erasmus\/wp-content\/uploads\/2025\/09\/icono_pdf-1.png 149w, https:\/\/erasmus.com.co\/Erasmus\/wp-content\/uploads\/2025\/09\/icono_pdf-1-12x12.png 12w, https:\/\/erasmus.com.co\/Erasmus\/wp-content\/uploads\/2025\/09\/icono_pdf-1-100x100.png 100w\" sizes=\"(max-width: 38px) 100vw, 38px\" \/><strong>Download des technischen Datenblatts<\/strong> <a href=\"https:\/\/erasmus.com.co\/Erasmus\/wp-content\/uploads\/2025\/02\/MONGEMO-Brochure-ESP.pdf\" target=\"_blank\" rel=\"noopener\"><strong>hier<\/strong><\/a><\/p>","protected":false},"featured_media":4884,"template":"","meta":{"_acf_changed":false},"product_brand":[40],"product_cat":[42],"product_tag":[],"class_list":{"0":"post-9551","1":"product","2":"type-product","3":"status-publish","4":"has-post-thumbnail","6":"product_brand-omicron","7":"product_cat-omicron","9":"first","10":"instock","11":"shipping-taxable","12":"product-type-simple"},"acf":[],"yoast_head":"<!-- This site is optimized with the Yoast SEO Premium plugin v24.6 (Yoast SEO v24.6) - https:\/\/yoast.com\/wordpress\/plugins\/seo\/ -->\n<title>MONGEMO (Omicron) - Erasmus Colombia<\/title>\n<meta name=\"description\" content=\"MONGEMO de Omicron es un sistema de monitoreo continuo en l\u00ednea de descargas parciales (DP), dise\u00f1ado para su instalaci\u00f3n permanente en generadores y motores el\u00e9ctricos.\" \/>\n<meta name=\"robots\" content=\"index, follow, max-snippet:-1, max-image-preview:large, max-video-preview:-1\" \/>\n<link rel=\"canonical\" href=\"https:\/\/erasmus.com.co\/Erasmus\/de\/produkt\/mongemo\/\" \/>\n<meta property=\"og:locale\" content=\"de_DE\" \/>\n<meta property=\"og:type\" content=\"article\" \/>\n<meta property=\"og:title\" content=\"MONGEMO\" \/>\n<meta property=\"og:description\" content=\"MONGEMO de Omicron es un sistema de monitoreo continuo en l\u00ednea de descargas parciales (DP), dise\u00f1ado para su instalaci\u00f3n permanente en generadores y motores el\u00e9ctricos.\" \/>\n<meta property=\"og:url\" content=\"https:\/\/erasmus.com.co\/Erasmus\/de\/produkt\/mongemo\/\" \/>\n<meta property=\"og:site_name\" content=\"Erasmus Colombia\" \/>\n<meta property=\"article:modified_time\" content=\"2025-11-27T18:03:19+00:00\" \/>\n<meta property=\"og:image\" content=\"https:\/\/erasmus.com.co\/Erasmus\/wp-content\/uploads\/2025\/02\/omicron_MONGEMO.png\" \/>\n\t<meta property=\"og:image:width\" content=\"1982\" \/>\n\t<meta property=\"og:image:height\" content=\"1487\" \/>\n\t<meta property=\"og:image:type\" content=\"image\/png\" \/>\n<meta name=\"twitter:card\" content=\"summary_large_image\" \/>\n<meta name=\"twitter:label1\" content=\"Gesch\u00e4tzte Lesezeit\" \/>\n\t<meta name=\"twitter:data1\" content=\"1\u00a0Minute\" \/>\n<script type=\"application\/ld+json\" class=\"yoast-schema-graph\">{\"@context\":\"https:\/\/schema.org\",\"@graph\":[{\"@type\":\"WebPage\",\"@id\":\"https:\/\/erasmus.com.co\/Erasmus\/producto\/mongemo\/\",\"url\":\"https:\/\/erasmus.com.co\/Erasmus\/producto\/mongemo\/\",\"name\":\"MONGEMO (Omicron) - Erasmus Colombia\",\"isPartOf\":{\"@id\":\"https:\/\/erasmus.com.co\/Erasmus\/#website\"},\"primaryImageOfPage\":{\"@id\":\"https:\/\/erasmus.com.co\/Erasmus\/producto\/mongemo\/#primaryimage\"},\"image\":{\"@id\":\"https:\/\/erasmus.com.co\/Erasmus\/producto\/mongemo\/#primaryimage\"},\"thumbnailUrl\":\"https:\/\/erasmus.com.co\/Erasmus\/wp-content\/uploads\/2025\/02\/omicron_MONGEMO.png\",\"datePublished\":\"2025-09-04T15:35:37+00:00\",\"dateModified\":\"2025-11-27T18:03:19+00:00\",\"description\":\"MONGEMO de Omicron es un sistema de monitoreo continuo en l\u00ednea de descargas parciales (DP), dise\u00f1ado para su instalaci\u00f3n permanente en generadores y motores el\u00e9ctricos.\",\"breadcrumb\":{\"@id\":\"https:\/\/erasmus.com.co\/Erasmus\/producto\/mongemo\/#breadcrumb\"},\"inLanguage\":\"de\",\"potentialAction\":[{\"@type\":\"ReadAction\",\"target\":[\"https:\/\/erasmus.com.co\/Erasmus\/producto\/mongemo\/\"]}]},{\"@type\":\"ImageObject\",\"inLanguage\":\"de\",\"@id\":\"https:\/\/erasmus.com.co\/Erasmus\/producto\/mongemo\/#primaryimage\",\"url\":\"https:\/\/erasmus.com.co\/Erasmus\/wp-content\/uploads\/2025\/02\/omicron_MONGEMO.png\",\"contentUrl\":\"https:\/\/erasmus.com.co\/Erasmus\/wp-content\/uploads\/2025\/02\/omicron_MONGEMO.png\",\"width\":1982,\"height\":1487},{\"@type\":\"BreadcrumbList\",\"@id\":\"https:\/\/erasmus.com.co\/Erasmus\/producto\/mongemo\/#breadcrumb\",\"itemListElement\":[{\"@type\":\"ListItem\",\"position\":1,\"name\":\"Home\",\"item\":\"https:\/\/erasmus.com.co\/Erasmus\/\"},{\"@type\":\"ListItem\",\"position\":2,\"name\":\"Tienda\",\"item\":\"https:\/\/erasmus.com.co\/Erasmus\/tienda\/\"},{\"@type\":\"ListItem\",\"position\":3,\"name\":\"MONGEMO\"}]},{\"@type\":\"WebSite\",\"@id\":\"https:\/\/erasmus.com.co\/Erasmus\/#website\",\"url\":\"https:\/\/erasmus.com.co\/Erasmus\/\",\"name\":\"Erasmus Colombia\",\"description\":\"Ofrecemos productos y servicios de excelencia para el Sector Industrial\",\"publisher\":{\"@id\":\"https:\/\/erasmus.com.co\/Erasmus\/#organization\"},\"potentialAction\":[{\"@type\":\"SearchAction\",\"target\":{\"@type\":\"EntryPoint\",\"urlTemplate\":\"https:\/\/erasmus.com.co\/Erasmus\/?s={search_term_string}\"},\"query-input\":{\"@type\":\"PropertyValueSpecification\",\"valueRequired\":true,\"valueName\":\"search_term_string\"}}],\"inLanguage\":\"de\"},{\"@type\":\"Organization\",\"@id\":\"https:\/\/erasmus.com.co\/Erasmus\/#organization\",\"name\":\"Erasmus Colombia\",\"url\":\"https:\/\/erasmus.com.co\/Erasmus\/\",\"logo\":{\"@type\":\"ImageObject\",\"inLanguage\":\"de\",\"@id\":\"https:\/\/erasmus.com.co\/Erasmus\/#\/schema\/logo\/image\/\",\"url\":\"https:\/\/erasmus.com.co\/Erasmus\/wp-content\/uploads\/2023\/02\/cropped-cropped-logo_erasmus.png\",\"contentUrl\":\"https:\/\/erasmus.com.co\/Erasmus\/wp-content\/uploads\/2023\/02\/cropped-cropped-logo_erasmus.png\",\"width\":817,\"height\":163,\"caption\":\"Erasmus Colombia\"},\"image\":{\"@id\":\"https:\/\/erasmus.com.co\/Erasmus\/#\/schema\/logo\/image\/\"}}]}<\/script>\n<!-- \/ Yoast SEO Premium plugin. -->","yoast_head_json":{"title":"MONGEMO (Omicron) - Erasmus Colombia","description":"MONGEMO de Omicron es un sistema de monitoreo continuo en l\u00ednea de descargas parciales (DP), dise\u00f1ado para su instalaci\u00f3n permanente en generadores y motores el\u00e9ctricos.","robots":{"index":"index","follow":"follow","max-snippet":"max-snippet:-1","max-image-preview":"max-image-preview:large","max-video-preview":"max-video-preview:-1"},"canonical":"https:\/\/erasmus.com.co\/Erasmus\/de\/produkt\/mongemo\/","og_locale":"de_DE","og_type":"article","og_title":"MONGEMO","og_description":"MONGEMO de Omicron es un sistema de monitoreo continuo en l\u00ednea de descargas parciales (DP), dise\u00f1ado para su instalaci\u00f3n permanente en generadores y motores el\u00e9ctricos.","og_url":"https:\/\/erasmus.com.co\/Erasmus\/de\/produkt\/mongemo\/","og_site_name":"Erasmus Colombia","article_modified_time":"2025-11-27T18:03:19+00:00","og_image":[{"width":1982,"height":1487,"url":"https:\/\/erasmus.com.co\/Erasmus\/wp-content\/uploads\/2025\/02\/omicron_MONGEMO.png","type":"image\/png"}],"twitter_card":"summary_large_image","twitter_misc":{"Gesch\u00e4tzte Lesezeit":"1\u00a0Minute"},"schema":{"@context":"https:\/\/schema.org","@graph":[{"@type":"WebPage","@id":"https:\/\/erasmus.com.co\/Erasmus\/producto\/mongemo\/","url":"https:\/\/erasmus.com.co\/Erasmus\/producto\/mongemo\/","name":"MONGEMO (Omicron) - Erasmus Colombia","isPartOf":{"@id":"https:\/\/erasmus.com.co\/Erasmus\/#website"},"primaryImageOfPage":{"@id":"https:\/\/erasmus.com.co\/Erasmus\/producto\/mongemo\/#primaryimage"},"image":{"@id":"https:\/\/erasmus.com.co\/Erasmus\/producto\/mongemo\/#primaryimage"},"thumbnailUrl":"https:\/\/erasmus.com.co\/Erasmus\/wp-content\/uploads\/2025\/02\/omicron_MONGEMO.png","datePublished":"2025-09-04T15:35:37+00:00","dateModified":"2025-11-27T18:03:19+00:00","description":"MONGEMO de Omicron es un sistema de monitoreo continuo en l\u00ednea de descargas parciales (DP), dise\u00f1ado para su instalaci\u00f3n permanente en generadores y motores el\u00e9ctricos.","breadcrumb":{"@id":"https:\/\/erasmus.com.co\/Erasmus\/producto\/mongemo\/#breadcrumb"},"inLanguage":"de","potentialAction":[{"@type":"ReadAction","target":["https:\/\/erasmus.com.co\/Erasmus\/producto\/mongemo\/"]}]},{"@type":"ImageObject","inLanguage":"de","@id":"https:\/\/erasmus.com.co\/Erasmus\/producto\/mongemo\/#primaryimage","url":"https:\/\/erasmus.com.co\/Erasmus\/wp-content\/uploads\/2025\/02\/omicron_MONGEMO.png","contentUrl":"https:\/\/erasmus.com.co\/Erasmus\/wp-content\/uploads\/2025\/02\/omicron_MONGEMO.png","width":1982,"height":1487},{"@type":"BreadcrumbList","@id":"https:\/\/erasmus.com.co\/Erasmus\/producto\/mongemo\/#breadcrumb","itemListElement":[{"@type":"ListItem","position":1,"name":"Home","item":"https:\/\/erasmus.com.co\/Erasmus\/"},{"@type":"ListItem","position":2,"name":"Tienda","item":"https:\/\/erasmus.com.co\/Erasmus\/tienda\/"},{"@type":"ListItem","position":3,"name":"MONGEMO"}]},{"@type":"WebSite","@id":"https:\/\/erasmus.com.co\/Erasmus\/#website","url":"https:\/\/erasmus.com.co\/Erasmus\/","name":"Erasmus Colombia","description":"Ofrecemos productos y servicios de excelencia para el Sector Industrial","publisher":{"@id":"https:\/\/erasmus.com.co\/Erasmus\/#organization"},"potentialAction":[{"@type":"SearchAction","target":{"@type":"EntryPoint","urlTemplate":"https:\/\/erasmus.com.co\/Erasmus\/?s={search_term_string}"},"query-input":{"@type":"PropertyValueSpecification","valueRequired":true,"valueName":"search_term_string"}}],"inLanguage":"de"},{"@type":"Organization","@id":"https:\/\/erasmus.com.co\/Erasmus\/#organization","name":"Erasmus Colombia","url":"https:\/\/erasmus.com.co\/Erasmus\/","logo":{"@type":"ImageObject","inLanguage":"de","@id":"https:\/\/erasmus.com.co\/Erasmus\/#\/schema\/logo\/image\/","url":"https:\/\/erasmus.com.co\/Erasmus\/wp-content\/uploads\/2023\/02\/cropped-cropped-logo_erasmus.png","contentUrl":"https:\/\/erasmus.com.co\/Erasmus\/wp-content\/uploads\/2023\/02\/cropped-cropped-logo_erasmus.png","width":817,"height":163,"caption":"Erasmus Colombia"},"image":{"@id":"https:\/\/erasmus.com.co\/Erasmus\/#\/schema\/logo\/image\/"}}]}},"_links":{"self":[{"href":"https:\/\/erasmus.com.co\/Erasmus\/de\/wp-json\/wp\/v2\/product\/9551","targetHints":{"allow":["GET"]}}],"collection":[{"href":"https:\/\/erasmus.com.co\/Erasmus\/de\/wp-json\/wp\/v2\/product"}],"about":[{"href":"https:\/\/erasmus.com.co\/Erasmus\/de\/wp-json\/wp\/v2\/types\/product"}],"wp:featuredmedia":[{"embeddable":true,"href":"https:\/\/erasmus.com.co\/Erasmus\/de\/wp-json\/wp\/v2\/media\/4884"}],"wp:attachment":[{"href":"https:\/\/erasmus.com.co\/Erasmus\/de\/wp-json\/wp\/v2\/media?parent=9551"}],"wp:term":[{"taxonomy":"product_brand","embeddable":true,"href":"https:\/\/erasmus.com.co\/Erasmus\/de\/wp-json\/wp\/v2\/product_brand?post=9551"},{"taxonomy":"product_cat","embeddable":true,"href":"https:\/\/erasmus.com.co\/Erasmus\/de\/wp-json\/wp\/v2\/product_cat?post=9551"},{"taxonomy":"product_tag","embeddable":true,"href":"https:\/\/erasmus.com.co\/Erasmus\/de\/wp-json\/wp\/v2\/product_tag?post=9551"}],"curies":[{"name":"wp","href":"https:\/\/api.w.org\/{rel}","templated":true}]}}