{"id":9552,"date":"2025-09-04T15:35:38","date_gmt":"2025-09-04T15:35:38","guid":{"rendered":"https:\/\/erasmus.com.co\/Erasmus\/producto\/montesto-200\/"},"modified":"2025-11-27T18:00:52","modified_gmt":"2025-11-27T18:00:52","slug":"montesto-200","status":"publish","type":"product","link":"https:\/\/erasmus.com.co\/Erasmus\/de\/produkt\/montesto-200\/","title":{"rendered":"Montesto 200"},"content":{"rendered":"<p><strong>MONTESTO 200 von Omicron<\/strong> ist ein tragbares System zur tempor\u00e4ren Teilentladungs\u00fcberwachung von elektrischen Anlagen im Mittel- und Hochspannungsbereich. Mit Schutzart IP65 ist es f\u00fcr Innen- und Au\u00dfenbereiche geeignet. Es \u00fcberwacht kontinuierlich die TE-Aktivit\u00e4t unter Last und bewertet den Isolationsstatus. Seine automatische Software erkennt schnell Fehler und lokalisiert die Quellen von TE-Signalen. Es ist ideal f\u00fcr eine zeitlich begrenzte und effiziente Diagnose und liefert wertvolle Informationen f\u00fcr die vorbeugende Wartung von elektrischen Anlagen.<\/p>","protected":false},"excerpt":{"rendered":"<h3><strong>Hauptmerkmale:<\/strong><\/h3>\n<ul>\n<li>\"Tragbare L\u00f6sung f\u00fcr die tempor\u00e4re \u00dcberwachung von Teilentladungen (TE) in elektrischen Anlagen.<\/li>\n<li>Schutzart IP65, f\u00fcr den Innen- und Au\u00dfenbereich geeignet.<\/li>\n<li>\u00dcberwachung von Mittel- und Hochspannungsanlagen, auch unter Last.<\/li>\n<li>Kontinuierliche \u00dcberwachung der PD-Aktivit\u00e4t, die eine Bewertung des Isolationsstatus erm\u00f6glicht.<\/li>\n<li>Automatisierte Software zur schnellen und zuverl\u00e4ssigen Erkennung von Isolationsfehlern.<\/li>\n<li>Genaue Lokalisierung der PD-Signalquellen.<\/li>\n<li>Einfache Installation und Bedienung, die eine effiziente Diagnose erm\u00f6glichen.<\/li>\n<li>Ideal f\u00fcr die vorbeugende Wartung, die wertvolle Informationen f\u00fcr die Verwaltung der elektrischen Anlagen liefert.<\/li>\n<li>Teilentladungsmessbereich: Erm\u00f6glicht die Erkennung von Teilentladungssignalen an Mittel- und Hochspannungsger\u00e4ten.<\/li>\n<li>Einstellbare \u00dcberwachungsh\u00e4ufigkeit, die eine Anpassung an unterschiedliche Bed\u00fcrfnisse und Bedingungen elektrischer Systeme erm\u00f6glicht.<\/li>\n<li>Echtzeitmessung der PD-Aktivit\u00e4t unter Last.<\/li>\n<li>Hochpr\u00e4zise Sensortechnologie zur Gew\u00e4hrleistung genauer Messungen unter komplexen Betriebsbedingungen.<\/li>\n<li>Fortschrittliche Software, die eine detaillierte Analyse der PD-Trends erm\u00f6glicht und die Entscheidungsfindung bei der Wartung erleichtert.<\/li>\n<li>Lange Batterielebensdauer, die eine l\u00e4ngere \u00dcberwachung erm\u00f6glicht, ohne dass h\u00e4ufiges Aufladen erforderlich ist.<\/li>\n<li>Funktionen zur Datenspeicherung, die die Erfassung und historische \u00dcberpr\u00fcfung von Messungen erm\u00f6glichen.<\/li>\n<li>Intuitive Benutzeroberfl\u00e4che, die die Einrichtung und Verwendung des Systems vor Ort erleichtert.<\/li>\n<li>Optionale Fernverbindung zur \u00dcberwachung von Daten von externen Standorten aus.<\/li>\n<li>Widerstandsf\u00e4higkeit gegen widrige Umgebungsbedingungen, robustes Design f\u00fcr den Betrieb im Freien bei rauen Temperaturen und Bedingungen\".<\/li>\n<\/ul>\n<p><img decoding=\"async\" class=\"alignnone wp-image-9704\" src=\"https:\/\/erasmus.com.co\/Erasmus\/wp-content\/uploads\/2025\/09\/icono_pdf-1.png\" alt=\"\" width=\"38\" height=\"37\" srcset=\"https:\/\/erasmus.com.co\/Erasmus\/wp-content\/uploads\/2025\/09\/icono_pdf-1.png 149w, https:\/\/erasmus.com.co\/Erasmus\/wp-content\/uploads\/2025\/09\/icono_pdf-1-12x12.png 12w, https:\/\/erasmus.com.co\/Erasmus\/wp-content\/uploads\/2025\/09\/icono_pdf-1-100x100.png 100w\" sizes=\"(max-width: 38px) 100vw, 38px\" \/><strong>Download des technischen Datenblatts<\/strong> <a href=\"https:\/\/erasmus.com.co\/Erasmus\/wp-content\/uploads\/2025\/02\/MONTESTO-200-Brochure-ESP.pdf\" target=\"_blank\" rel=\"noopener\"><strong>hier<\/strong><\/a><\/p>","protected":false},"featured_media":4886,"template":"","meta":{"_acf_changed":false},"product_brand":[40],"product_cat":[42],"product_tag":[],"class_list":{"0":"post-9552","1":"product","2":"type-product","3":"status-publish","4":"has-post-thumbnail","6":"product_brand-omicron","7":"product_cat-omicron","9":"first","10":"instock","11":"shipping-taxable","12":"product-type-simple"},"acf":[],"yoast_head":"<!-- This site is optimized with the Yoast SEO Premium plugin v24.6 (Yoast SEO v24.6) - https:\/\/yoast.com\/wordpress\/plugins\/seo\/ -->\n<title>Montesto 200 (Omicron) - Erasmus Colombia<\/title>\n<meta name=\"description\" content=\"El MONTESTO 200 de Omicron es un sistema port\u00e1til para monitorear temporalmente descargas parciales (DP) en activos el\u00e9ctricos de media y alta tensi\u00f3n.\" \/>\n<meta name=\"robots\" content=\"index, follow, max-snippet:-1, max-image-preview:large, max-video-preview:-1\" \/>\n<link rel=\"canonical\" href=\"https:\/\/erasmus.com.co\/Erasmus\/de\/produkt\/montesto-200\/\" \/>\n<meta property=\"og:locale\" content=\"de_DE\" \/>\n<meta property=\"og:type\" content=\"article\" \/>\n<meta property=\"og:title\" content=\"Montesto 200\" \/>\n<meta property=\"og:description\" content=\"El MONTESTO 200 de Omicron es un sistema port\u00e1til para monitorear temporalmente descargas parciales (DP) en activos el\u00e9ctricos de media y alta tensi\u00f3n.\" \/>\n<meta property=\"og:url\" content=\"https:\/\/erasmus.com.co\/Erasmus\/de\/produkt\/montesto-200\/\" \/>\n<meta property=\"og:site_name\" content=\"Erasmus Colombia\" \/>\n<meta property=\"article:modified_time\" content=\"2025-11-27T18:00:52+00:00\" \/>\n<meta property=\"og:image\" content=\"https:\/\/erasmus.com.co\/Erasmus\/wp-content\/uploads\/2025\/02\/Omicron_MONTESTO-200.png\" \/>\n\t<meta property=\"og:image:width\" content=\"1023\" \/>\n\t<meta property=\"og:image:height\" content=\"768\" \/>\n\t<meta property=\"og:image:type\" content=\"image\/png\" \/>\n<meta name=\"twitter:card\" content=\"summary_large_image\" \/>\n<meta name=\"twitter:label1\" content=\"Gesch\u00e4tzte Lesezeit\" \/>\n\t<meta name=\"twitter:data1\" content=\"1\u00a0Minute\" \/>\n<script type=\"application\/ld+json\" class=\"yoast-schema-graph\">{\"@context\":\"https:\/\/schema.org\",\"@graph\":[{\"@type\":\"WebPage\",\"@id\":\"https:\/\/erasmus.com.co\/Erasmus\/producto\/montesto-200\/\",\"url\":\"https:\/\/erasmus.com.co\/Erasmus\/producto\/montesto-200\/\",\"name\":\"Montesto 200 (Omicron) - Erasmus Colombia\",\"isPartOf\":{\"@id\":\"https:\/\/erasmus.com.co\/Erasmus\/#website\"},\"primaryImageOfPage\":{\"@id\":\"https:\/\/erasmus.com.co\/Erasmus\/producto\/montesto-200\/#primaryimage\"},\"image\":{\"@id\":\"https:\/\/erasmus.com.co\/Erasmus\/producto\/montesto-200\/#primaryimage\"},\"thumbnailUrl\":\"https:\/\/erasmus.com.co\/Erasmus\/wp-content\/uploads\/2025\/02\/Omicron_MONTESTO-200.png\",\"datePublished\":\"2025-09-04T15:35:38+00:00\",\"dateModified\":\"2025-11-27T18:00:52+00:00\",\"description\":\"El MONTESTO 200 de Omicron es un sistema port\u00e1til para monitorear temporalmente descargas parciales (DP) en activos el\u00e9ctricos de media y alta tensi\u00f3n.\",\"breadcrumb\":{\"@id\":\"https:\/\/erasmus.com.co\/Erasmus\/producto\/montesto-200\/#breadcrumb\"},\"inLanguage\":\"de\",\"potentialAction\":[{\"@type\":\"ReadAction\",\"target\":[\"https:\/\/erasmus.com.co\/Erasmus\/producto\/montesto-200\/\"]}]},{\"@type\":\"ImageObject\",\"inLanguage\":\"de\",\"@id\":\"https:\/\/erasmus.com.co\/Erasmus\/producto\/montesto-200\/#primaryimage\",\"url\":\"https:\/\/erasmus.com.co\/Erasmus\/wp-content\/uploads\/2025\/02\/Omicron_MONTESTO-200.png\",\"contentUrl\":\"https:\/\/erasmus.com.co\/Erasmus\/wp-content\/uploads\/2025\/02\/Omicron_MONTESTO-200.png\",\"width\":1023,\"height\":768},{\"@type\":\"BreadcrumbList\",\"@id\":\"https:\/\/erasmus.com.co\/Erasmus\/producto\/montesto-200\/#breadcrumb\",\"itemListElement\":[{\"@type\":\"ListItem\",\"position\":1,\"name\":\"Home\",\"item\":\"https:\/\/erasmus.com.co\/Erasmus\/\"},{\"@type\":\"ListItem\",\"position\":2,\"name\":\"Tienda\",\"item\":\"https:\/\/erasmus.com.co\/Erasmus\/tienda\/\"},{\"@type\":\"ListItem\",\"position\":3,\"name\":\"Montesto 200\"}]},{\"@type\":\"WebSite\",\"@id\":\"https:\/\/erasmus.com.co\/Erasmus\/#website\",\"url\":\"https:\/\/erasmus.com.co\/Erasmus\/\",\"name\":\"Erasmus Colombia\",\"description\":\"Ofrecemos productos y servicios de excelencia para el Sector Industrial\",\"publisher\":{\"@id\":\"https:\/\/erasmus.com.co\/Erasmus\/#organization\"},\"potentialAction\":[{\"@type\":\"SearchAction\",\"target\":{\"@type\":\"EntryPoint\",\"urlTemplate\":\"https:\/\/erasmus.com.co\/Erasmus\/?s={search_term_string}\"},\"query-input\":{\"@type\":\"PropertyValueSpecification\",\"valueRequired\":true,\"valueName\":\"search_term_string\"}}],\"inLanguage\":\"de\"},{\"@type\":\"Organization\",\"@id\":\"https:\/\/erasmus.com.co\/Erasmus\/#organization\",\"name\":\"Erasmus Colombia\",\"url\":\"https:\/\/erasmus.com.co\/Erasmus\/\",\"logo\":{\"@type\":\"ImageObject\",\"inLanguage\":\"de\",\"@id\":\"https:\/\/erasmus.com.co\/Erasmus\/#\/schema\/logo\/image\/\",\"url\":\"https:\/\/erasmus.com.co\/Erasmus\/wp-content\/uploads\/2023\/02\/cropped-cropped-logo_erasmus.png\",\"contentUrl\":\"https:\/\/erasmus.com.co\/Erasmus\/wp-content\/uploads\/2023\/02\/cropped-cropped-logo_erasmus.png\",\"width\":817,\"height\":163,\"caption\":\"Erasmus Colombia\"},\"image\":{\"@id\":\"https:\/\/erasmus.com.co\/Erasmus\/#\/schema\/logo\/image\/\"}}]}<\/script>\n<!-- \/ Yoast SEO Premium plugin. -->","yoast_head_json":{"title":"Montesto 200 (Omicron) - Erasmus Colombia","description":"El MONTESTO 200 de Omicron es un sistema port\u00e1til para monitorear temporalmente descargas parciales (DP) en activos el\u00e9ctricos de media y alta tensi\u00f3n.","robots":{"index":"index","follow":"follow","max-snippet":"max-snippet:-1","max-image-preview":"max-image-preview:large","max-video-preview":"max-video-preview:-1"},"canonical":"https:\/\/erasmus.com.co\/Erasmus\/de\/produkt\/montesto-200\/","og_locale":"de_DE","og_type":"article","og_title":"Montesto 200","og_description":"El MONTESTO 200 de Omicron es un sistema port\u00e1til para monitorear temporalmente descargas parciales (DP) en activos el\u00e9ctricos de media y alta tensi\u00f3n.","og_url":"https:\/\/erasmus.com.co\/Erasmus\/de\/produkt\/montesto-200\/","og_site_name":"Erasmus Colombia","article_modified_time":"2025-11-27T18:00:52+00:00","og_image":[{"width":1023,"height":768,"url":"https:\/\/erasmus.com.co\/Erasmus\/wp-content\/uploads\/2025\/02\/Omicron_MONTESTO-200.png","type":"image\/png"}],"twitter_card":"summary_large_image","twitter_misc":{"Gesch\u00e4tzte Lesezeit":"1\u00a0Minute"},"schema":{"@context":"https:\/\/schema.org","@graph":[{"@type":"WebPage","@id":"https:\/\/erasmus.com.co\/Erasmus\/producto\/montesto-200\/","url":"https:\/\/erasmus.com.co\/Erasmus\/producto\/montesto-200\/","name":"Montesto 200 (Omicron) - Erasmus Colombia","isPartOf":{"@id":"https:\/\/erasmus.com.co\/Erasmus\/#website"},"primaryImageOfPage":{"@id":"https:\/\/erasmus.com.co\/Erasmus\/producto\/montesto-200\/#primaryimage"},"image":{"@id":"https:\/\/erasmus.com.co\/Erasmus\/producto\/montesto-200\/#primaryimage"},"thumbnailUrl":"https:\/\/erasmus.com.co\/Erasmus\/wp-content\/uploads\/2025\/02\/Omicron_MONTESTO-200.png","datePublished":"2025-09-04T15:35:38+00:00","dateModified":"2025-11-27T18:00:52+00:00","description":"El MONTESTO 200 de Omicron es un sistema port\u00e1til para monitorear temporalmente descargas parciales (DP) en activos el\u00e9ctricos de media y alta tensi\u00f3n.","breadcrumb":{"@id":"https:\/\/erasmus.com.co\/Erasmus\/producto\/montesto-200\/#breadcrumb"},"inLanguage":"de","potentialAction":[{"@type":"ReadAction","target":["https:\/\/erasmus.com.co\/Erasmus\/producto\/montesto-200\/"]}]},{"@type":"ImageObject","inLanguage":"de","@id":"https:\/\/erasmus.com.co\/Erasmus\/producto\/montesto-200\/#primaryimage","url":"https:\/\/erasmus.com.co\/Erasmus\/wp-content\/uploads\/2025\/02\/Omicron_MONTESTO-200.png","contentUrl":"https:\/\/erasmus.com.co\/Erasmus\/wp-content\/uploads\/2025\/02\/Omicron_MONTESTO-200.png","width":1023,"height":768},{"@type":"BreadcrumbList","@id":"https:\/\/erasmus.com.co\/Erasmus\/producto\/montesto-200\/#breadcrumb","itemListElement":[{"@type":"ListItem","position":1,"name":"Home","item":"https:\/\/erasmus.com.co\/Erasmus\/"},{"@type":"ListItem","position":2,"name":"Tienda","item":"https:\/\/erasmus.com.co\/Erasmus\/tienda\/"},{"@type":"ListItem","position":3,"name":"Montesto 200"}]},{"@type":"WebSite","@id":"https:\/\/erasmus.com.co\/Erasmus\/#website","url":"https:\/\/erasmus.com.co\/Erasmus\/","name":"Erasmus Colombia","description":"Ofrecemos productos y servicios de excelencia para el Sector Industrial","publisher":{"@id":"https:\/\/erasmus.com.co\/Erasmus\/#organization"},"potentialAction":[{"@type":"SearchAction","target":{"@type":"EntryPoint","urlTemplate":"https:\/\/erasmus.com.co\/Erasmus\/?s={search_term_string}"},"query-input":{"@type":"PropertyValueSpecification","valueRequired":true,"valueName":"search_term_string"}}],"inLanguage":"de"},{"@type":"Organization","@id":"https:\/\/erasmus.com.co\/Erasmus\/#organization","name":"Erasmus Colombia","url":"https:\/\/erasmus.com.co\/Erasmus\/","logo":{"@type":"ImageObject","inLanguage":"de","@id":"https:\/\/erasmus.com.co\/Erasmus\/#\/schema\/logo\/image\/","url":"https:\/\/erasmus.com.co\/Erasmus\/wp-content\/uploads\/2023\/02\/cropped-cropped-logo_erasmus.png","contentUrl":"https:\/\/erasmus.com.co\/Erasmus\/wp-content\/uploads\/2023\/02\/cropped-cropped-logo_erasmus.png","width":817,"height":163,"caption":"Erasmus Colombia"},"image":{"@id":"https:\/\/erasmus.com.co\/Erasmus\/#\/schema\/logo\/image\/"}}]}},"_links":{"self":[{"href":"https:\/\/erasmus.com.co\/Erasmus\/de\/wp-json\/wp\/v2\/product\/9552","targetHints":{"allow":["GET"]}}],"collection":[{"href":"https:\/\/erasmus.com.co\/Erasmus\/de\/wp-json\/wp\/v2\/product"}],"about":[{"href":"https:\/\/erasmus.com.co\/Erasmus\/de\/wp-json\/wp\/v2\/types\/product"}],"wp:featuredmedia":[{"embeddable":true,"href":"https:\/\/erasmus.com.co\/Erasmus\/de\/wp-json\/wp\/v2\/media\/4886"}],"wp:attachment":[{"href":"https:\/\/erasmus.com.co\/Erasmus\/de\/wp-json\/wp\/v2\/media?parent=9552"}],"wp:term":[{"taxonomy":"product_brand","embeddable":true,"href":"https:\/\/erasmus.com.co\/Erasmus\/de\/wp-json\/wp\/v2\/product_brand?post=9552"},{"taxonomy":"product_cat","embeddable":true,"href":"https:\/\/erasmus.com.co\/Erasmus\/de\/wp-json\/wp\/v2\/product_cat?post=9552"},{"taxonomy":"product_tag","embeddable":true,"href":"https:\/\/erasmus.com.co\/Erasmus\/de\/wp-json\/wp\/v2\/product_tag?post=9552"}],"curies":[{"name":"wp","href":"https:\/\/api.w.org\/{rel}","templated":true}]}}