{"id":9553,"date":"2025-09-04T15:35:39","date_gmt":"2025-09-04T15:35:39","guid":{"rendered":"https:\/\/erasmus.com.co\/Erasmus\/producto\/mpd-800\/"},"modified":"2025-11-27T17:58:24","modified_gmt":"2025-11-27T17:58:24","slug":"mpd-800","status":"publish","type":"product","link":"https:\/\/erasmus.com.co\/Erasmus\/de\/produkt\/mpd-800\/","title":{"rendered":"MPD 800"},"content":{"rendered":"<p><strong>Das Omicron MPD 800<\/strong> ist ein fortschrittliches Universalsystem zur Messung und Analyse von Teilentladungen (TE) und stellt die n\u00e4chste Generation innovativer MPD-Technologie dar. Seine verbesserte Hard- und Software gew\u00e4hrleistet hochempfindliche Mehrkanalmessungen, die sich ideal f\u00fcr die zuverl\u00e4ssige, industriekonforme TE-Pr\u00fcfung einer Vielzahl von elektrischen Ger\u00e4ten und Komponenten eignen. Das System erkennt und lokalisiert pr\u00e4zise Isolationsfehler und hilft, das Risiko eines Ger\u00e4teausfalls zuverl\u00e4ssig zu bewerten. Das MPD 800 ist unverzichtbar f\u00fcr eine detaillierte Diagnose, die Optimierung der vorbeugenden Wartung und die Verbesserung der Zuverl\u00e4ssigkeit von elektrischen Anlagen.<\/p>","protected":false},"excerpt":{"rendered":"<h3><strong>Hauptmerkmale:<\/strong><\/h3>\n<ul>\n<li>\"Hochempfindliches Mehrkanal-Teilentladungsmesssystem (TE).<\/li>\n<li>Verbesserte Hardware und Software f\u00fcr genauere und zuverl\u00e4ssigere Messungen.<\/li>\n<li>Entspricht den Industriestandards f\u00fcr PD-Tests und gew\u00e4hrleistet standardisierte Ergebnisse.<\/li>\n<li>Erkennung und genaue Lokalisierung von Isolationsfehlern in elektrischen Ger\u00e4ten und Komponenten.<\/li>\n<li>Zuverl\u00e4ssige Bewertung des Ausfallrisikos von Ger\u00e4ten durch detaillierte Analyse von Teilentladungen.<\/li>\n<li>Detaillierte Diagnose zur Optimierung der vorbeugenden Wartung von elektrischen Anlagen.<\/li>\n<li>Einfache Integration in verschiedene industrielle Umgebungen und elektrische Systeme.<\/li>\n<li>Hohe Zuverl\u00e4ssigkeit und Genauigkeit unter anspruchsvollen Betriebsbedingungen.<\/li>\n<li>Mehrkanalige Teilentladungsmessung (TE), die eine gleichzeitige Pr\u00fcfung an mehreren Stellen eines Systems erm\u00f6glicht.<\/li>\n<li>Verbesserte Empfindlichkeit zur Erkennung selbst kleinster Teilentladungen.<\/li>\n<li>Breiter Frequenzbereich zur Anpassung an verschiedene Ger\u00e4tetypen und Pr\u00fcfbedingungen.<\/li>\n<li>Fortschrittliche Fehlerortungstechnologie zur genauen Identifizierung der Quelle von Teilentladungen.<\/li>\n<li>Einhaltung der internationalen Normen f\u00fcr PD-Tests, um standardisierte und zuverl\u00e4ssige Ergebnisse zu gew\u00e4hrleisten.<\/li>\n<li>Intuitive Benutzeroberfl\u00e4che, die die Konfiguration und Bedienung des Systems vor Ort erleichtert.<\/li>\n<li>Anschluss an SCADA und andere \u00dcberwachungssysteme zur zentralen Daten\u00fcberwachung.<\/li>\n<li>Speicherung und Analyse historischer Daten, die die Bewertung von Trends im Laufe der Zeit erm\u00f6glichen.<\/li>\n<li>Die F\u00e4higkeit, in anspruchsvollen industriellen Umgebungen zu arbeiten, mit robustem Schutz und langlebigem Design\".<\/li>\n<\/ul>\n<p><img decoding=\"async\" class=\"alignnone wp-image-9704\" src=\"https:\/\/erasmus.com.co\/Erasmus\/wp-content\/uploads\/2025\/09\/icono_pdf-1.png\" alt=\"\" width=\"38\" height=\"37\" srcset=\"https:\/\/erasmus.com.co\/Erasmus\/wp-content\/uploads\/2025\/09\/icono_pdf-1.png 149w, https:\/\/erasmus.com.co\/Erasmus\/wp-content\/uploads\/2025\/09\/icono_pdf-1-12x12.png 12w, https:\/\/erasmus.com.co\/Erasmus\/wp-content\/uploads\/2025\/09\/icono_pdf-1-100x100.png 100w\" sizes=\"(max-width: 38px) 100vw, 38px\" \/><strong>Download des technischen Datenblatts<\/strong> <a href=\"https:\/\/erasmus.com.co\/Erasmus\/wp-content\/uploads\/2025\/02\/MPD-800-Product-Information-Brochure-ESP.pdf\" target=\"_blank\" rel=\"noopener\"><strong>hier<\/strong><\/a><\/p>","protected":false},"featured_media":4888,"template":"","meta":{"_acf_changed":false},"product_brand":[40],"product_cat":[42],"product_tag":[],"class_list":{"0":"post-9553","1":"product","2":"type-product","3":"status-publish","4":"has-post-thumbnail","6":"product_brand-omicron","7":"product_cat-omicron","9":"first","10":"instock","11":"shipping-taxable","12":"product-type-simple"},"acf":[],"yoast_head":"<!-- This site is optimized with the Yoast SEO Premium plugin v24.6 (Yoast SEO v24.6) - https:\/\/yoast.com\/wordpress\/plugins\/seo\/ -->\n<title>MPD 800 - Erasmus Colombia<\/title>\n<meta name=\"description\" content=\"El MPD 800 de Omicron es un sistema para la medici\u00f3n y an\u00e1lisis de descargas parciales (DP), que representa la siguiente generaci\u00f3n de la innovadora tecnolog\u00eda MPD.\" \/>\n<meta name=\"robots\" content=\"index, follow, max-snippet:-1, max-image-preview:large, max-video-preview:-1\" \/>\n<link rel=\"canonical\" href=\"https:\/\/erasmus.com.co\/Erasmus\/de\/produkt\/mpd-800\/\" \/>\n<meta property=\"og:locale\" content=\"de_DE\" \/>\n<meta property=\"og:type\" content=\"article\" \/>\n<meta property=\"og:title\" content=\"MPD 800\" \/>\n<meta property=\"og:description\" content=\"El MPD 800 de Omicron es un sistema para la medici\u00f3n y an\u00e1lisis de descargas parciales (DP), que representa la siguiente generaci\u00f3n de la innovadora tecnolog\u00eda MPD.\" \/>\n<meta property=\"og:url\" content=\"https:\/\/erasmus.com.co\/Erasmus\/de\/produkt\/mpd-800\/\" \/>\n<meta property=\"og:site_name\" content=\"Erasmus Colombia\" \/>\n<meta property=\"article:modified_time\" content=\"2025-11-27T17:58:24+00:00\" \/>\n<meta property=\"og:image\" content=\"https:\/\/erasmus.com.co\/Erasmus\/wp-content\/uploads\/2025\/02\/Omicron_MPD-800.png\" \/>\n\t<meta property=\"og:image:width\" content=\"1982\" \/>\n\t<meta property=\"og:image:height\" content=\"1487\" \/>\n\t<meta property=\"og:image:type\" content=\"image\/png\" \/>\n<meta name=\"twitter:card\" content=\"summary_large_image\" \/>\n<meta name=\"twitter:label1\" content=\"Gesch\u00e4tzte Lesezeit\" \/>\n\t<meta name=\"twitter:data1\" content=\"1\u00a0Minute\" \/>\n<script type=\"application\/ld+json\" class=\"yoast-schema-graph\">{\"@context\":\"https:\/\/schema.org\",\"@graph\":[{\"@type\":\"WebPage\",\"@id\":\"https:\/\/erasmus.com.co\/Erasmus\/producto\/mpd-800\/\",\"url\":\"https:\/\/erasmus.com.co\/Erasmus\/producto\/mpd-800\/\",\"name\":\"MPD 800 - Erasmus Colombia\",\"isPartOf\":{\"@id\":\"https:\/\/erasmus.com.co\/Erasmus\/#website\"},\"primaryImageOfPage\":{\"@id\":\"https:\/\/erasmus.com.co\/Erasmus\/producto\/mpd-800\/#primaryimage\"},\"image\":{\"@id\":\"https:\/\/erasmus.com.co\/Erasmus\/producto\/mpd-800\/#primaryimage\"},\"thumbnailUrl\":\"https:\/\/erasmus.com.co\/Erasmus\/wp-content\/uploads\/2025\/02\/Omicron_MPD-800.png\",\"datePublished\":\"2025-09-04T15:35:39+00:00\",\"dateModified\":\"2025-11-27T17:58:24+00:00\",\"description\":\"El MPD 800 de Omicron es un sistema para la medici\u00f3n y an\u00e1lisis de descargas parciales (DP), que representa la siguiente generaci\u00f3n de la innovadora tecnolog\u00eda MPD.\",\"breadcrumb\":{\"@id\":\"https:\/\/erasmus.com.co\/Erasmus\/producto\/mpd-800\/#breadcrumb\"},\"inLanguage\":\"de\",\"potentialAction\":[{\"@type\":\"ReadAction\",\"target\":[\"https:\/\/erasmus.com.co\/Erasmus\/producto\/mpd-800\/\"]}]},{\"@type\":\"ImageObject\",\"inLanguage\":\"de\",\"@id\":\"https:\/\/erasmus.com.co\/Erasmus\/producto\/mpd-800\/#primaryimage\",\"url\":\"https:\/\/erasmus.com.co\/Erasmus\/wp-content\/uploads\/2025\/02\/Omicron_MPD-800.png\",\"contentUrl\":\"https:\/\/erasmus.com.co\/Erasmus\/wp-content\/uploads\/2025\/02\/Omicron_MPD-800.png\",\"width\":1982,\"height\":1487},{\"@type\":\"BreadcrumbList\",\"@id\":\"https:\/\/erasmus.com.co\/Erasmus\/producto\/mpd-800\/#breadcrumb\",\"itemListElement\":[{\"@type\":\"ListItem\",\"position\":1,\"name\":\"Home\",\"item\":\"https:\/\/erasmus.com.co\/Erasmus\/\"},{\"@type\":\"ListItem\",\"position\":2,\"name\":\"Tienda\",\"item\":\"https:\/\/erasmus.com.co\/Erasmus\/tienda\/\"},{\"@type\":\"ListItem\",\"position\":3,\"name\":\"MPD 800\"}]},{\"@type\":\"WebSite\",\"@id\":\"https:\/\/erasmus.com.co\/Erasmus\/#website\",\"url\":\"https:\/\/erasmus.com.co\/Erasmus\/\",\"name\":\"Erasmus Colombia\",\"description\":\"Ofrecemos productos y servicios de excelencia para el Sector Industrial\",\"publisher\":{\"@id\":\"https:\/\/erasmus.com.co\/Erasmus\/#organization\"},\"potentialAction\":[{\"@type\":\"SearchAction\",\"target\":{\"@type\":\"EntryPoint\",\"urlTemplate\":\"https:\/\/erasmus.com.co\/Erasmus\/?s={search_term_string}\"},\"query-input\":{\"@type\":\"PropertyValueSpecification\",\"valueRequired\":true,\"valueName\":\"search_term_string\"}}],\"inLanguage\":\"de\"},{\"@type\":\"Organization\",\"@id\":\"https:\/\/erasmus.com.co\/Erasmus\/#organization\",\"name\":\"Erasmus Colombia\",\"url\":\"https:\/\/erasmus.com.co\/Erasmus\/\",\"logo\":{\"@type\":\"ImageObject\",\"inLanguage\":\"de\",\"@id\":\"https:\/\/erasmus.com.co\/Erasmus\/#\/schema\/logo\/image\/\",\"url\":\"https:\/\/erasmus.com.co\/Erasmus\/wp-content\/uploads\/2023\/02\/cropped-cropped-logo_erasmus.png\",\"contentUrl\":\"https:\/\/erasmus.com.co\/Erasmus\/wp-content\/uploads\/2023\/02\/cropped-cropped-logo_erasmus.png\",\"width\":817,\"height\":163,\"caption\":\"Erasmus Colombia\"},\"image\":{\"@id\":\"https:\/\/erasmus.com.co\/Erasmus\/#\/schema\/logo\/image\/\"}}]}<\/script>\n<!-- \/ Yoast SEO Premium plugin. -->","yoast_head_json":{"title":"MPD 800 - Erasmus Colombia","description":"El MPD 800 de Omicron es un sistema para la medici\u00f3n y an\u00e1lisis de descargas parciales (DP), que representa la siguiente generaci\u00f3n de la innovadora tecnolog\u00eda MPD.","robots":{"index":"index","follow":"follow","max-snippet":"max-snippet:-1","max-image-preview":"max-image-preview:large","max-video-preview":"max-video-preview:-1"},"canonical":"https:\/\/erasmus.com.co\/Erasmus\/de\/produkt\/mpd-800\/","og_locale":"de_DE","og_type":"article","og_title":"MPD 800","og_description":"El MPD 800 de Omicron es un sistema para la medici\u00f3n y an\u00e1lisis de descargas parciales (DP), que representa la siguiente generaci\u00f3n de la innovadora tecnolog\u00eda MPD.","og_url":"https:\/\/erasmus.com.co\/Erasmus\/de\/produkt\/mpd-800\/","og_site_name":"Erasmus Colombia","article_modified_time":"2025-11-27T17:58:24+00:00","og_image":[{"width":1982,"height":1487,"url":"https:\/\/erasmus.com.co\/Erasmus\/wp-content\/uploads\/2025\/02\/Omicron_MPD-800.png","type":"image\/png"}],"twitter_card":"summary_large_image","twitter_misc":{"Gesch\u00e4tzte Lesezeit":"1\u00a0Minute"},"schema":{"@context":"https:\/\/schema.org","@graph":[{"@type":"WebPage","@id":"https:\/\/erasmus.com.co\/Erasmus\/producto\/mpd-800\/","url":"https:\/\/erasmus.com.co\/Erasmus\/producto\/mpd-800\/","name":"MPD 800 - Erasmus Colombia","isPartOf":{"@id":"https:\/\/erasmus.com.co\/Erasmus\/#website"},"primaryImageOfPage":{"@id":"https:\/\/erasmus.com.co\/Erasmus\/producto\/mpd-800\/#primaryimage"},"image":{"@id":"https:\/\/erasmus.com.co\/Erasmus\/producto\/mpd-800\/#primaryimage"},"thumbnailUrl":"https:\/\/erasmus.com.co\/Erasmus\/wp-content\/uploads\/2025\/02\/Omicron_MPD-800.png","datePublished":"2025-09-04T15:35:39+00:00","dateModified":"2025-11-27T17:58:24+00:00","description":"El MPD 800 de Omicron es un sistema para la medici\u00f3n y an\u00e1lisis de descargas parciales (DP), que representa la siguiente generaci\u00f3n de la innovadora tecnolog\u00eda MPD.","breadcrumb":{"@id":"https:\/\/erasmus.com.co\/Erasmus\/producto\/mpd-800\/#breadcrumb"},"inLanguage":"de","potentialAction":[{"@type":"ReadAction","target":["https:\/\/erasmus.com.co\/Erasmus\/producto\/mpd-800\/"]}]},{"@type":"ImageObject","inLanguage":"de","@id":"https:\/\/erasmus.com.co\/Erasmus\/producto\/mpd-800\/#primaryimage","url":"https:\/\/erasmus.com.co\/Erasmus\/wp-content\/uploads\/2025\/02\/Omicron_MPD-800.png","contentUrl":"https:\/\/erasmus.com.co\/Erasmus\/wp-content\/uploads\/2025\/02\/Omicron_MPD-800.png","width":1982,"height":1487},{"@type":"BreadcrumbList","@id":"https:\/\/erasmus.com.co\/Erasmus\/producto\/mpd-800\/#breadcrumb","itemListElement":[{"@type":"ListItem","position":1,"name":"Home","item":"https:\/\/erasmus.com.co\/Erasmus\/"},{"@type":"ListItem","position":2,"name":"Tienda","item":"https:\/\/erasmus.com.co\/Erasmus\/tienda\/"},{"@type":"ListItem","position":3,"name":"MPD 800"}]},{"@type":"WebSite","@id":"https:\/\/erasmus.com.co\/Erasmus\/#website","url":"https:\/\/erasmus.com.co\/Erasmus\/","name":"Erasmus Colombia","description":"Ofrecemos productos y servicios de excelencia para el Sector Industrial","publisher":{"@id":"https:\/\/erasmus.com.co\/Erasmus\/#organization"},"potentialAction":[{"@type":"SearchAction","target":{"@type":"EntryPoint","urlTemplate":"https:\/\/erasmus.com.co\/Erasmus\/?s={search_term_string}"},"query-input":{"@type":"PropertyValueSpecification","valueRequired":true,"valueName":"search_term_string"}}],"inLanguage":"de"},{"@type":"Organization","@id":"https:\/\/erasmus.com.co\/Erasmus\/#organization","name":"Erasmus Colombia","url":"https:\/\/erasmus.com.co\/Erasmus\/","logo":{"@type":"ImageObject","inLanguage":"de","@id":"https:\/\/erasmus.com.co\/Erasmus\/#\/schema\/logo\/image\/","url":"https:\/\/erasmus.com.co\/Erasmus\/wp-content\/uploads\/2023\/02\/cropped-cropped-logo_erasmus.png","contentUrl":"https:\/\/erasmus.com.co\/Erasmus\/wp-content\/uploads\/2023\/02\/cropped-cropped-logo_erasmus.png","width":817,"height":163,"caption":"Erasmus Colombia"},"image":{"@id":"https:\/\/erasmus.com.co\/Erasmus\/#\/schema\/logo\/image\/"}}]}},"_links":{"self":[{"href":"https:\/\/erasmus.com.co\/Erasmus\/de\/wp-json\/wp\/v2\/product\/9553","targetHints":{"allow":["GET"]}}],"collection":[{"href":"https:\/\/erasmus.com.co\/Erasmus\/de\/wp-json\/wp\/v2\/product"}],"about":[{"href":"https:\/\/erasmus.com.co\/Erasmus\/de\/wp-json\/wp\/v2\/types\/product"}],"wp:featuredmedia":[{"embeddable":true,"href":"https:\/\/erasmus.com.co\/Erasmus\/de\/wp-json\/wp\/v2\/media\/4888"}],"wp:attachment":[{"href":"https:\/\/erasmus.com.co\/Erasmus\/de\/wp-json\/wp\/v2\/media?parent=9553"}],"wp:term":[{"taxonomy":"product_brand","embeddable":true,"href":"https:\/\/erasmus.com.co\/Erasmus\/de\/wp-json\/wp\/v2\/product_brand?post=9553"},{"taxonomy":"product_cat","embeddable":true,"href":"https:\/\/erasmus.com.co\/Erasmus\/de\/wp-json\/wp\/v2\/product_cat?post=9553"},{"taxonomy":"product_tag","embeddable":true,"href":"https:\/\/erasmus.com.co\/Erasmus\/de\/wp-json\/wp\/v2\/product_tag?post=9553"}],"curies":[{"name":"wp","href":"https:\/\/api.w.org\/{rel}","templated":true}]}}