{"id":9555,"date":"2025-09-04T15:35:40","date_gmt":"2025-09-04T15:35:40","guid":{"rendered":"https:\/\/erasmus.com.co\/Erasmus\/producto\/cp-td1\/"},"modified":"2025-11-27T17:53:38","modified_gmt":"2025-11-27T17:53:38","slug":"cp-td1","status":"publish","type":"product","link":"https:\/\/erasmus.com.co\/Erasmus\/de\/produkt\/cp-td1\/","title":{"rendered":"CP TD1"},"content":{"rendered":"<p><strong>Der Omicron CP TD1<\/strong> ist ein fortschrittliches Modul zur Messung von Leistungsfaktor\/Dissipation und Kapazit\u00e4t in elektrischen Ger\u00e4ten, wie Transformatoren und Kabeln, in Umspannwerken und Industrieanlagen. Es bietet einen gro\u00dfen Messbereich und eine hohe Genauigkeit und gew\u00e4hrleistet eine zuverl\u00e4ssige Diagnose des Isolationszustands. Dank seiner kompakten und robusten Bauweise kann es sowohl im Labor als auch im Feld eingesetzt werden. Das CP TD1 eignet sich ideal f\u00fcr schnelle und effektive Pr\u00fcfungen und ist f\u00fcr die vorbeugende Wartung und das Management elektrischer Anlagen unter anspruchsvollen Betriebsbedingungen unerl\u00e4sslich.<\/p>","protected":false},"excerpt":{"rendered":"<h3><strong>Hauptmerkmale:<\/strong><\/h3>\n<ul>\n<li>\"Tragbares Testmodul f\u00fcr Leistungsfaktor-\/Dissipation- und Kapazit\u00e4tsmessungen.<\/li>\n<li>zur Pr\u00fcfung von Transformatoren, Kabeln und anderen Hochspannungsger\u00e4ten.<\/li>\n<li>Kompaktes und robustes Design, geeignet f\u00fcr Feld- und Labortests.<\/li>\n<li>Hohe Genauigkeit und Zuverl\u00e4ssigkeit bei elektrischen Isolationsmessungen.<\/li>\n<li>Einfach zu bedienen, mit intuitiver Schnittstelle f\u00fcr schnelle Konfigurationen.<\/li>\n<li>Anwendung bei der vorbeugenden Instandhaltung zur Bewertung des Zustands elektrischer Anlagen.<\/li>\n<li>Breiter Messbereich, geeignet f\u00fcr verschiedene industrielle Anwendungen.<\/li>\n<li>Pr\u00fcfm\u00f6glichkeiten f\u00fcr Umspannwerke und Industrieanlagen.<\/li>\n<li>Kapazit\u00e4tsmessbereich: 0,01 nF bis 100 \u00b5F.<\/li>\n<li>Messung von Leistungsfaktor\/Dissipation in einem Bereich bis zu 0,5%.<\/li>\n<li>Hochpr\u00e4zise Stromquelle f\u00fcr zuverl\u00e4ssige Pr\u00fcfungen.<\/li>\n<li>Betriebsfrequenz: 50\/60 Hz.<\/li>\n<li>Einstellbare Pr\u00fcfspannung f\u00fcr verschiedene Ausr\u00fcstungsstufen.<\/li>\n<li>Kompatibilit\u00e4t mit der Isolationspr\u00fcfung von Hochspannungsanlagen.<\/li>\n<li>Konnektivit\u00e4t f\u00fcr die Integration mit anderen \u00dcberwachungssystemen.<\/li>\n<li>Widerstandsf\u00e4higes Design f\u00fcr anspruchsvolle Umgebungsbedingungen, mit robustem Schutz\".<\/li>\n<\/ul>\n<p><img decoding=\"async\" class=\"alignnone wp-image-9704\" src=\"https:\/\/erasmus.com.co\/Erasmus\/wp-content\/uploads\/2025\/09\/icono_pdf-1.png\" alt=\"\" width=\"38\" height=\"37\" srcset=\"https:\/\/erasmus.com.co\/Erasmus\/wp-content\/uploads\/2025\/09\/icono_pdf-1.png 149w, https:\/\/erasmus.com.co\/Erasmus\/wp-content\/uploads\/2025\/09\/icono_pdf-1-12x12.png 12w, https:\/\/erasmus.com.co\/Erasmus\/wp-content\/uploads\/2025\/09\/icono_pdf-1-100x100.png 100w\" sizes=\"(max-width: 38px) 100vw, 38px\" \/><strong>Download des technischen Datenblatts<\/strong> <a href=\"https:\/\/erasmus.com.co\/Erasmus\/wp-content\/uploads\/2025\/02\/CP-TD1-Brochure-ESP.pdf\" target=\"_blank\" rel=\"noopener\"><strong>hier<\/strong><\/a><\/p>","protected":false},"featured_media":4893,"template":"","meta":{"_acf_changed":false},"product_brand":[40],"product_cat":[42],"product_tag":[],"class_list":{"0":"post-9555","1":"product","2":"type-product","3":"status-publish","4":"has-post-thumbnail","6":"product_brand-omicron","7":"product_cat-omicron","9":"first","10":"instock","11":"shipping-taxable","12":"product-type-simple"},"acf":[],"yoast_head":"<!-- This site is optimized with the Yoast SEO Premium plugin v24.6 (Yoast SEO v24.6) - https:\/\/yoast.com\/wordpress\/plugins\/seo\/ -->\n<title>CP TD1 (Omicron) - Erasmus Colombia<\/title>\n<meta name=\"description\" content=\"El CP TD1 de Omicron es un m\u00f3dulo avanzado para medir el factor de potencia\/disipaci\u00f3n y la capacitancia en equipos el\u00e9ctricos.\" \/>\n<meta name=\"robots\" content=\"index, follow, max-snippet:-1, max-image-preview:large, max-video-preview:-1\" \/>\n<link rel=\"canonical\" href=\"https:\/\/erasmus.com.co\/Erasmus\/de\/produkt\/cp-td1\/\" \/>\n<meta property=\"og:locale\" content=\"de_DE\" \/>\n<meta property=\"og:type\" content=\"article\" \/>\n<meta property=\"og:title\" content=\"CP TD1\" \/>\n<meta property=\"og:description\" content=\"El CP TD1 de Omicron es un m\u00f3dulo avanzado para medir el factor de potencia\/disipaci\u00f3n y la capacitancia en equipos el\u00e9ctricos.\" \/>\n<meta property=\"og:url\" content=\"https:\/\/erasmus.com.co\/Erasmus\/de\/produkt\/cp-td1\/\" \/>\n<meta property=\"og:site_name\" content=\"Erasmus Colombia\" \/>\n<meta property=\"article:modified_time\" content=\"2025-11-27T17:53:38+00:00\" \/>\n<meta property=\"og:image\" content=\"https:\/\/erasmus.com.co\/Erasmus\/wp-content\/uploads\/2025\/02\/Omicron_CP-TD1.png\" \/>\n\t<meta property=\"og:image:width\" content=\"1650\" \/>\n\t<meta property=\"og:image:height\" content=\"1680\" \/>\n\t<meta property=\"og:image:type\" content=\"image\/png\" \/>\n<meta name=\"twitter:card\" content=\"summary_large_image\" \/>\n<meta name=\"twitter:label1\" content=\"Gesch\u00e4tzte Lesezeit\" \/>\n\t<meta name=\"twitter:data1\" content=\"1\u00a0Minute\" \/>\n<script type=\"application\/ld+json\" class=\"yoast-schema-graph\">{\"@context\":\"https:\/\/schema.org\",\"@graph\":[{\"@type\":\"WebPage\",\"@id\":\"https:\/\/erasmus.com.co\/Erasmus\/producto\/cp-td1\/\",\"url\":\"https:\/\/erasmus.com.co\/Erasmus\/producto\/cp-td1\/\",\"name\":\"CP TD1 (Omicron) - Erasmus Colombia\",\"isPartOf\":{\"@id\":\"https:\/\/erasmus.com.co\/Erasmus\/#website\"},\"primaryImageOfPage\":{\"@id\":\"https:\/\/erasmus.com.co\/Erasmus\/producto\/cp-td1\/#primaryimage\"},\"image\":{\"@id\":\"https:\/\/erasmus.com.co\/Erasmus\/producto\/cp-td1\/#primaryimage\"},\"thumbnailUrl\":\"https:\/\/erasmus.com.co\/Erasmus\/wp-content\/uploads\/2025\/02\/Omicron_CP-TD1.png\",\"datePublished\":\"2025-09-04T15:35:40+00:00\",\"dateModified\":\"2025-11-27T17:53:38+00:00\",\"description\":\"El CP TD1 de Omicron es un m\u00f3dulo avanzado para medir el factor de potencia\/disipaci\u00f3n y la capacitancia en equipos el\u00e9ctricos.\",\"breadcrumb\":{\"@id\":\"https:\/\/erasmus.com.co\/Erasmus\/producto\/cp-td1\/#breadcrumb\"},\"inLanguage\":\"de\",\"potentialAction\":[{\"@type\":\"ReadAction\",\"target\":[\"https:\/\/erasmus.com.co\/Erasmus\/producto\/cp-td1\/\"]}]},{\"@type\":\"ImageObject\",\"inLanguage\":\"de\",\"@id\":\"https:\/\/erasmus.com.co\/Erasmus\/producto\/cp-td1\/#primaryimage\",\"url\":\"https:\/\/erasmus.com.co\/Erasmus\/wp-content\/uploads\/2025\/02\/Omicron_CP-TD1.png\",\"contentUrl\":\"https:\/\/erasmus.com.co\/Erasmus\/wp-content\/uploads\/2025\/02\/Omicron_CP-TD1.png\",\"width\":1650,\"height\":1680},{\"@type\":\"BreadcrumbList\",\"@id\":\"https:\/\/erasmus.com.co\/Erasmus\/producto\/cp-td1\/#breadcrumb\",\"itemListElement\":[{\"@type\":\"ListItem\",\"position\":1,\"name\":\"Home\",\"item\":\"https:\/\/erasmus.com.co\/Erasmus\/\"},{\"@type\":\"ListItem\",\"position\":2,\"name\":\"Tienda\",\"item\":\"https:\/\/erasmus.com.co\/Erasmus\/tienda\/\"},{\"@type\":\"ListItem\",\"position\":3,\"name\":\"CP TD1\"}]},{\"@type\":\"WebSite\",\"@id\":\"https:\/\/erasmus.com.co\/Erasmus\/#website\",\"url\":\"https:\/\/erasmus.com.co\/Erasmus\/\",\"name\":\"Erasmus Colombia\",\"description\":\"Ofrecemos productos y servicios de excelencia para el Sector Industrial\",\"publisher\":{\"@id\":\"https:\/\/erasmus.com.co\/Erasmus\/#organization\"},\"potentialAction\":[{\"@type\":\"SearchAction\",\"target\":{\"@type\":\"EntryPoint\",\"urlTemplate\":\"https:\/\/erasmus.com.co\/Erasmus\/?s={search_term_string}\"},\"query-input\":{\"@type\":\"PropertyValueSpecification\",\"valueRequired\":true,\"valueName\":\"search_term_string\"}}],\"inLanguage\":\"de\"},{\"@type\":\"Organization\",\"@id\":\"https:\/\/erasmus.com.co\/Erasmus\/#organization\",\"name\":\"Erasmus Colombia\",\"url\":\"https:\/\/erasmus.com.co\/Erasmus\/\",\"logo\":{\"@type\":\"ImageObject\",\"inLanguage\":\"de\",\"@id\":\"https:\/\/erasmus.com.co\/Erasmus\/#\/schema\/logo\/image\/\",\"url\":\"https:\/\/erasmus.com.co\/Erasmus\/wp-content\/uploads\/2023\/02\/cropped-cropped-logo_erasmus.png\",\"contentUrl\":\"https:\/\/erasmus.com.co\/Erasmus\/wp-content\/uploads\/2023\/02\/cropped-cropped-logo_erasmus.png\",\"width\":817,\"height\":163,\"caption\":\"Erasmus Colombia\"},\"image\":{\"@id\":\"https:\/\/erasmus.com.co\/Erasmus\/#\/schema\/logo\/image\/\"}}]}<\/script>\n<!-- \/ Yoast SEO Premium plugin. -->","yoast_head_json":{"title":"CP TD1 (Omicron) - Erasmus Colombia","description":"El CP TD1 de Omicron es un m\u00f3dulo avanzado para medir el factor de potencia\/disipaci\u00f3n y la capacitancia en equipos el\u00e9ctricos.","robots":{"index":"index","follow":"follow","max-snippet":"max-snippet:-1","max-image-preview":"max-image-preview:large","max-video-preview":"max-video-preview:-1"},"canonical":"https:\/\/erasmus.com.co\/Erasmus\/de\/produkt\/cp-td1\/","og_locale":"de_DE","og_type":"article","og_title":"CP TD1","og_description":"El CP TD1 de Omicron es un m\u00f3dulo avanzado para medir el factor de potencia\/disipaci\u00f3n y la capacitancia en equipos el\u00e9ctricos.","og_url":"https:\/\/erasmus.com.co\/Erasmus\/de\/produkt\/cp-td1\/","og_site_name":"Erasmus Colombia","article_modified_time":"2025-11-27T17:53:38+00:00","og_image":[{"width":1650,"height":1680,"url":"https:\/\/erasmus.com.co\/Erasmus\/wp-content\/uploads\/2025\/02\/Omicron_CP-TD1.png","type":"image\/png"}],"twitter_card":"summary_large_image","twitter_misc":{"Gesch\u00e4tzte Lesezeit":"1\u00a0Minute"},"schema":{"@context":"https:\/\/schema.org","@graph":[{"@type":"WebPage","@id":"https:\/\/erasmus.com.co\/Erasmus\/producto\/cp-td1\/","url":"https:\/\/erasmus.com.co\/Erasmus\/producto\/cp-td1\/","name":"CP TD1 (Omicron) - Erasmus Colombia","isPartOf":{"@id":"https:\/\/erasmus.com.co\/Erasmus\/#website"},"primaryImageOfPage":{"@id":"https:\/\/erasmus.com.co\/Erasmus\/producto\/cp-td1\/#primaryimage"},"image":{"@id":"https:\/\/erasmus.com.co\/Erasmus\/producto\/cp-td1\/#primaryimage"},"thumbnailUrl":"https:\/\/erasmus.com.co\/Erasmus\/wp-content\/uploads\/2025\/02\/Omicron_CP-TD1.png","datePublished":"2025-09-04T15:35:40+00:00","dateModified":"2025-11-27T17:53:38+00:00","description":"El CP TD1 de Omicron es un m\u00f3dulo avanzado para medir el factor de potencia\/disipaci\u00f3n y la capacitancia en equipos el\u00e9ctricos.","breadcrumb":{"@id":"https:\/\/erasmus.com.co\/Erasmus\/producto\/cp-td1\/#breadcrumb"},"inLanguage":"de","potentialAction":[{"@type":"ReadAction","target":["https:\/\/erasmus.com.co\/Erasmus\/producto\/cp-td1\/"]}]},{"@type":"ImageObject","inLanguage":"de","@id":"https:\/\/erasmus.com.co\/Erasmus\/producto\/cp-td1\/#primaryimage","url":"https:\/\/erasmus.com.co\/Erasmus\/wp-content\/uploads\/2025\/02\/Omicron_CP-TD1.png","contentUrl":"https:\/\/erasmus.com.co\/Erasmus\/wp-content\/uploads\/2025\/02\/Omicron_CP-TD1.png","width":1650,"height":1680},{"@type":"BreadcrumbList","@id":"https:\/\/erasmus.com.co\/Erasmus\/producto\/cp-td1\/#breadcrumb","itemListElement":[{"@type":"ListItem","position":1,"name":"Home","item":"https:\/\/erasmus.com.co\/Erasmus\/"},{"@type":"ListItem","position":2,"name":"Tienda","item":"https:\/\/erasmus.com.co\/Erasmus\/tienda\/"},{"@type":"ListItem","position":3,"name":"CP TD1"}]},{"@type":"WebSite","@id":"https:\/\/erasmus.com.co\/Erasmus\/#website","url":"https:\/\/erasmus.com.co\/Erasmus\/","name":"Erasmus Colombia","description":"Ofrecemos productos y servicios de excelencia para el Sector Industrial","publisher":{"@id":"https:\/\/erasmus.com.co\/Erasmus\/#organization"},"potentialAction":[{"@type":"SearchAction","target":{"@type":"EntryPoint","urlTemplate":"https:\/\/erasmus.com.co\/Erasmus\/?s={search_term_string}"},"query-input":{"@type":"PropertyValueSpecification","valueRequired":true,"valueName":"search_term_string"}}],"inLanguage":"de"},{"@type":"Organization","@id":"https:\/\/erasmus.com.co\/Erasmus\/#organization","name":"Erasmus Colombia","url":"https:\/\/erasmus.com.co\/Erasmus\/","logo":{"@type":"ImageObject","inLanguage":"de","@id":"https:\/\/erasmus.com.co\/Erasmus\/#\/schema\/logo\/image\/","url":"https:\/\/erasmus.com.co\/Erasmus\/wp-content\/uploads\/2023\/02\/cropped-cropped-logo_erasmus.png","contentUrl":"https:\/\/erasmus.com.co\/Erasmus\/wp-content\/uploads\/2023\/02\/cropped-cropped-logo_erasmus.png","width":817,"height":163,"caption":"Erasmus Colombia"},"image":{"@id":"https:\/\/erasmus.com.co\/Erasmus\/#\/schema\/logo\/image\/"}}]}},"_links":{"self":[{"href":"https:\/\/erasmus.com.co\/Erasmus\/de\/wp-json\/wp\/v2\/product\/9555","targetHints":{"allow":["GET"]}}],"collection":[{"href":"https:\/\/erasmus.com.co\/Erasmus\/de\/wp-json\/wp\/v2\/product"}],"about":[{"href":"https:\/\/erasmus.com.co\/Erasmus\/de\/wp-json\/wp\/v2\/types\/product"}],"wp:featuredmedia":[{"embeddable":true,"href":"https:\/\/erasmus.com.co\/Erasmus\/de\/wp-json\/wp\/v2\/media\/4893"}],"wp:attachment":[{"href":"https:\/\/erasmus.com.co\/Erasmus\/de\/wp-json\/wp\/v2\/media?parent=9555"}],"wp:term":[{"taxonomy":"product_brand","embeddable":true,"href":"https:\/\/erasmus.com.co\/Erasmus\/de\/wp-json\/wp\/v2\/product_brand?post=9555"},{"taxonomy":"product_cat","embeddable":true,"href":"https:\/\/erasmus.com.co\/Erasmus\/de\/wp-json\/wp\/v2\/product_cat?post=9555"},{"taxonomy":"product_tag","embeddable":true,"href":"https:\/\/erasmus.com.co\/Erasmus\/de\/wp-json\/wp\/v2\/product_tag?post=9555"}],"curies":[{"name":"wp","href":"https:\/\/api.w.org\/{rel}","templated":true}]}}