{"id":9556,"date":"2025-09-04T15:35:41","date_gmt":"2025-09-04T15:35:41","guid":{"rendered":"https:\/\/erasmus.com.co\/Erasmus\/producto\/daneo-400\/"},"modified":"2025-11-27T17:51:33","modified_gmt":"2025-11-27T17:51:33","slug":"daneo-400","status":"publish","type":"product","link":"https:\/\/erasmus.com.co\/Erasmus\/de\/produkt\/daneo-400\/","title":{"rendered":"DANEO 400"},"content":{"rendered":"<p><strong>Das Omicron DANEO 400<\/strong> ist ein hybrides Messsystem, das konventionelle Signale (Spannungen, Str\u00f6me und bin\u00e4re Signale) und Netzmeldungen in elektrischen Unterstationen analysiert. Es misst nicht nur diese Signale, sondern liefert auch Informationen \u00fcber ihre korrekte Koordination. Es \u00fcberwacht die Betriebsbedingungen und die Kommunikation in der Unterstation und erm\u00f6glicht bei Einsatz in verteilten Schutzsystemen eine synchronisierte Sicht auf alle Signale mit hoher Genauigkeit. Es wird \u00fcber die DANEO Control Software oder die Webschnittstelle konfiguriert und gesteuert, was den Fernbetrieb und die \u00dcberwachung erleichtert.<\/p>","protected":false},"excerpt":{"rendered":"<h3><strong>Hauptmerkmale:<\/strong><\/h3>\n<ul>\n<li>\"Hybrides Messsystem, das sowohl konventionelle Signale als auch Nachrichten aus dem Kommunikationsnetz erfasst.<\/li>\n<li>Messung und Analyse von Spannungen, Str\u00f6men und verdrahteten Bin\u00e4rsignalen.<\/li>\n<li>\u00dcberwachung der Kommunikation in den Umspannwerken und Bewertung ihrer korrekten Koordination.<\/li>\n<li>Es bietet einen synchronisierten \u00dcberblick \u00fcber alle Signale in einem verteilten Schutz- und Automatisierungssystem.<\/li>\n<li>Pr\u00e4zise Synchronisierung der Messeinheiten zur Gew\u00e4hrleistung der Datenkonsistenz.<\/li>\n<li>Konfiguration und Steuerung \u00fcber die PC-Software DANEO Control oder \u00fcber ein Web-Interface.<\/li>\n<li>Liefert detaillierte Informationen \u00fcber den Betriebs- und Kommunikationsstatus der Unterstation.<\/li>\n<li>Hochpr\u00e4zise Einheitensynchronisation f\u00fcr verteilte Signalmessungen.<\/li>\n<li>Unterst\u00fctzung f\u00fcr mehrere Signaltypen: Spannungen, Str\u00f6me, Bin\u00e4rsignale und Nachrichten aus dem Kommunikationsnetz.<\/li>\n<li>Erfassung von Kommunikationsdaten mit der M\u00f6glichkeit, deren Koordination in Schutzsystemen zu bewerten.<\/li>\n<li>Fernkommunikationsm\u00f6glichkeiten \u00fcber eine Webschnittstelle. Flexible Konfiguration, die eine Anpassung der Messung und Analyse an die spezifischen Anforderungen der Unterstation erm\u00f6glicht.<\/li>\n<li>Benutzerfreundliche Steuerungssoftware f\u00fcr die Systemkonfiguration und -\u00fcberwachung.<\/li>\n<li>Hohe Datenerfassungsf\u00e4higkeit, die genaue Messungen von Betriebs- und Kommunikationssignalen gleichzeitig erm\u00f6glicht\".<\/li>\n<\/ul>\n<p><img decoding=\"async\" class=\"alignnone wp-image-9704\" src=\"https:\/\/erasmus.com.co\/Erasmus\/wp-content\/uploads\/2025\/09\/icono_pdf-1.png\" alt=\"\" width=\"38\" height=\"37\" srcset=\"https:\/\/erasmus.com.co\/Erasmus\/wp-content\/uploads\/2025\/09\/icono_pdf-1.png 149w, https:\/\/erasmus.com.co\/Erasmus\/wp-content\/uploads\/2025\/09\/icono_pdf-1-12x12.png 12w, https:\/\/erasmus.com.co\/Erasmus\/wp-content\/uploads\/2025\/09\/icono_pdf-1-100x100.png 100w\" sizes=\"(max-width: 38px) 100vw, 38px\" \/><strong>Download des technischen Datenblatts<\/strong> <a href=\"https:\/\/erasmus.com.co\/Erasmus\/wp-content\/uploads\/2025\/02\/DANEO-400-brochure-ESP.pdf\" target=\"_blank\" rel=\"noopener\"><strong>hier<\/strong><\/a><\/p>","protected":false},"featured_media":4933,"template":"","meta":{"_acf_changed":false},"product_brand":[40],"product_cat":[42],"product_tag":[],"class_list":{"0":"post-9556","1":"product","2":"type-product","3":"status-publish","4":"has-post-thumbnail","6":"product_brand-omicron","7":"product_cat-omicron","9":"first","10":"instock","11":"shipping-taxable","12":"product-type-simple"},"acf":[],"yoast_head":"<!-- This site is optimized with the Yoast SEO Premium plugin v24.6 (Yoast SEO v24.6) - https:\/\/yoast.com\/wordpress\/plugins\/seo\/ -->\n<title>DANEO 400 (Omicron) - Erasmus Colombia<\/title>\n<meta name=\"description\" content=\"El DANEO 400 de Omicron es un sistema h\u00edbrido de medici\u00f3n que analiza se\u00f1ales convencionales y mensajes de red en subestaciones el\u00e9ctricas.\" \/>\n<meta name=\"robots\" content=\"index, follow, max-snippet:-1, max-image-preview:large, max-video-preview:-1\" \/>\n<link rel=\"canonical\" href=\"https:\/\/erasmus.com.co\/Erasmus\/de\/produkt\/daneo-400\/\" \/>\n<meta property=\"og:locale\" content=\"de_DE\" \/>\n<meta property=\"og:type\" content=\"article\" \/>\n<meta property=\"og:title\" content=\"DANEO 400\" \/>\n<meta property=\"og:description\" content=\"El DANEO 400 de Omicron es un sistema h\u00edbrido de medici\u00f3n que analiza se\u00f1ales convencionales y mensajes de red en subestaciones el\u00e9ctricas.\" \/>\n<meta property=\"og:url\" content=\"https:\/\/erasmus.com.co\/Erasmus\/de\/produkt\/daneo-400\/\" \/>\n<meta property=\"og:site_name\" content=\"Erasmus Colombia\" \/>\n<meta property=\"article:modified_time\" content=\"2025-11-27T17:51:33+00:00\" \/>\n<meta property=\"og:image\" content=\"https:\/\/erasmus.com.co\/Erasmus\/wp-content\/uploads\/2025\/02\/Omicron_DANEO-400.png\" \/>\n\t<meta property=\"og:image:width\" content=\"1982\" \/>\n\t<meta property=\"og:image:height\" content=\"1487\" \/>\n\t<meta property=\"og:image:type\" content=\"image\/png\" \/>\n<meta name=\"twitter:card\" content=\"summary_large_image\" \/>\n<meta name=\"twitter:label1\" content=\"Gesch\u00e4tzte Lesezeit\" \/>\n\t<meta name=\"twitter:data1\" content=\"1\u00a0Minute\" \/>\n<script type=\"application\/ld+json\" class=\"yoast-schema-graph\">{\"@context\":\"https:\/\/schema.org\",\"@graph\":[{\"@type\":\"WebPage\",\"@id\":\"https:\/\/erasmus.com.co\/Erasmus\/producto\/daneo-400\/\",\"url\":\"https:\/\/erasmus.com.co\/Erasmus\/producto\/daneo-400\/\",\"name\":\"DANEO 400 (Omicron) - Erasmus Colombia\",\"isPartOf\":{\"@id\":\"https:\/\/erasmus.com.co\/Erasmus\/#website\"},\"primaryImageOfPage\":{\"@id\":\"https:\/\/erasmus.com.co\/Erasmus\/producto\/daneo-400\/#primaryimage\"},\"image\":{\"@id\":\"https:\/\/erasmus.com.co\/Erasmus\/producto\/daneo-400\/#primaryimage\"},\"thumbnailUrl\":\"https:\/\/erasmus.com.co\/Erasmus\/wp-content\/uploads\/2025\/02\/Omicron_DANEO-400.png\",\"datePublished\":\"2025-09-04T15:35:41+00:00\",\"dateModified\":\"2025-11-27T17:51:33+00:00\",\"description\":\"El DANEO 400 de Omicron es un sistema h\u00edbrido de medici\u00f3n que analiza se\u00f1ales convencionales y mensajes de red en subestaciones el\u00e9ctricas.\",\"breadcrumb\":{\"@id\":\"https:\/\/erasmus.com.co\/Erasmus\/producto\/daneo-400\/#breadcrumb\"},\"inLanguage\":\"de\",\"potentialAction\":[{\"@type\":\"ReadAction\",\"target\":[\"https:\/\/erasmus.com.co\/Erasmus\/producto\/daneo-400\/\"]}]},{\"@type\":\"ImageObject\",\"inLanguage\":\"de\",\"@id\":\"https:\/\/erasmus.com.co\/Erasmus\/producto\/daneo-400\/#primaryimage\",\"url\":\"https:\/\/erasmus.com.co\/Erasmus\/wp-content\/uploads\/2025\/02\/Omicron_DANEO-400.png\",\"contentUrl\":\"https:\/\/erasmus.com.co\/Erasmus\/wp-content\/uploads\/2025\/02\/Omicron_DANEO-400.png\",\"width\":1982,\"height\":1487},{\"@type\":\"BreadcrumbList\",\"@id\":\"https:\/\/erasmus.com.co\/Erasmus\/producto\/daneo-400\/#breadcrumb\",\"itemListElement\":[{\"@type\":\"ListItem\",\"position\":1,\"name\":\"Home\",\"item\":\"https:\/\/erasmus.com.co\/Erasmus\/\"},{\"@type\":\"ListItem\",\"position\":2,\"name\":\"Tienda\",\"item\":\"https:\/\/erasmus.com.co\/Erasmus\/tienda\/\"},{\"@type\":\"ListItem\",\"position\":3,\"name\":\"DANEO 400\"}]},{\"@type\":\"WebSite\",\"@id\":\"https:\/\/erasmus.com.co\/Erasmus\/#website\",\"url\":\"https:\/\/erasmus.com.co\/Erasmus\/\",\"name\":\"Erasmus Colombia\",\"description\":\"Ofrecemos productos y servicios de excelencia para el Sector Industrial\",\"publisher\":{\"@id\":\"https:\/\/erasmus.com.co\/Erasmus\/#organization\"},\"potentialAction\":[{\"@type\":\"SearchAction\",\"target\":{\"@type\":\"EntryPoint\",\"urlTemplate\":\"https:\/\/erasmus.com.co\/Erasmus\/?s={search_term_string}\"},\"query-input\":{\"@type\":\"PropertyValueSpecification\",\"valueRequired\":true,\"valueName\":\"search_term_string\"}}],\"inLanguage\":\"de\"},{\"@type\":\"Organization\",\"@id\":\"https:\/\/erasmus.com.co\/Erasmus\/#organization\",\"name\":\"Erasmus Colombia\",\"url\":\"https:\/\/erasmus.com.co\/Erasmus\/\",\"logo\":{\"@type\":\"ImageObject\",\"inLanguage\":\"de\",\"@id\":\"https:\/\/erasmus.com.co\/Erasmus\/#\/schema\/logo\/image\/\",\"url\":\"https:\/\/erasmus.com.co\/Erasmus\/wp-content\/uploads\/2023\/02\/cropped-cropped-logo_erasmus.png\",\"contentUrl\":\"https:\/\/erasmus.com.co\/Erasmus\/wp-content\/uploads\/2023\/02\/cropped-cropped-logo_erasmus.png\",\"width\":817,\"height\":163,\"caption\":\"Erasmus Colombia\"},\"image\":{\"@id\":\"https:\/\/erasmus.com.co\/Erasmus\/#\/schema\/logo\/image\/\"}}]}<\/script>\n<!-- \/ Yoast SEO Premium plugin. -->","yoast_head_json":{"title":"DANEO 400 (Omicron) - Erasmus Colombia","description":"El DANEO 400 de Omicron es un sistema h\u00edbrido de medici\u00f3n que analiza se\u00f1ales convencionales y mensajes de red en subestaciones el\u00e9ctricas.","robots":{"index":"index","follow":"follow","max-snippet":"max-snippet:-1","max-image-preview":"max-image-preview:large","max-video-preview":"max-video-preview:-1"},"canonical":"https:\/\/erasmus.com.co\/Erasmus\/de\/produkt\/daneo-400\/","og_locale":"de_DE","og_type":"article","og_title":"DANEO 400","og_description":"El DANEO 400 de Omicron es un sistema h\u00edbrido de medici\u00f3n que analiza se\u00f1ales convencionales y mensajes de red en subestaciones el\u00e9ctricas.","og_url":"https:\/\/erasmus.com.co\/Erasmus\/de\/produkt\/daneo-400\/","og_site_name":"Erasmus Colombia","article_modified_time":"2025-11-27T17:51:33+00:00","og_image":[{"width":1982,"height":1487,"url":"https:\/\/erasmus.com.co\/Erasmus\/wp-content\/uploads\/2025\/02\/Omicron_DANEO-400.png","type":"image\/png"}],"twitter_card":"summary_large_image","twitter_misc":{"Gesch\u00e4tzte Lesezeit":"1\u00a0Minute"},"schema":{"@context":"https:\/\/schema.org","@graph":[{"@type":"WebPage","@id":"https:\/\/erasmus.com.co\/Erasmus\/producto\/daneo-400\/","url":"https:\/\/erasmus.com.co\/Erasmus\/producto\/daneo-400\/","name":"DANEO 400 (Omicron) - Erasmus Colombia","isPartOf":{"@id":"https:\/\/erasmus.com.co\/Erasmus\/#website"},"primaryImageOfPage":{"@id":"https:\/\/erasmus.com.co\/Erasmus\/producto\/daneo-400\/#primaryimage"},"image":{"@id":"https:\/\/erasmus.com.co\/Erasmus\/producto\/daneo-400\/#primaryimage"},"thumbnailUrl":"https:\/\/erasmus.com.co\/Erasmus\/wp-content\/uploads\/2025\/02\/Omicron_DANEO-400.png","datePublished":"2025-09-04T15:35:41+00:00","dateModified":"2025-11-27T17:51:33+00:00","description":"El DANEO 400 de Omicron es un sistema h\u00edbrido de medici\u00f3n que analiza se\u00f1ales convencionales y mensajes de red en subestaciones el\u00e9ctricas.","breadcrumb":{"@id":"https:\/\/erasmus.com.co\/Erasmus\/producto\/daneo-400\/#breadcrumb"},"inLanguage":"de","potentialAction":[{"@type":"ReadAction","target":["https:\/\/erasmus.com.co\/Erasmus\/producto\/daneo-400\/"]}]},{"@type":"ImageObject","inLanguage":"de","@id":"https:\/\/erasmus.com.co\/Erasmus\/producto\/daneo-400\/#primaryimage","url":"https:\/\/erasmus.com.co\/Erasmus\/wp-content\/uploads\/2025\/02\/Omicron_DANEO-400.png","contentUrl":"https:\/\/erasmus.com.co\/Erasmus\/wp-content\/uploads\/2025\/02\/Omicron_DANEO-400.png","width":1982,"height":1487},{"@type":"BreadcrumbList","@id":"https:\/\/erasmus.com.co\/Erasmus\/producto\/daneo-400\/#breadcrumb","itemListElement":[{"@type":"ListItem","position":1,"name":"Home","item":"https:\/\/erasmus.com.co\/Erasmus\/"},{"@type":"ListItem","position":2,"name":"Tienda","item":"https:\/\/erasmus.com.co\/Erasmus\/tienda\/"},{"@type":"ListItem","position":3,"name":"DANEO 400"}]},{"@type":"WebSite","@id":"https:\/\/erasmus.com.co\/Erasmus\/#website","url":"https:\/\/erasmus.com.co\/Erasmus\/","name":"Erasmus Colombia","description":"Ofrecemos productos y servicios de excelencia para el Sector Industrial","publisher":{"@id":"https:\/\/erasmus.com.co\/Erasmus\/#organization"},"potentialAction":[{"@type":"SearchAction","target":{"@type":"EntryPoint","urlTemplate":"https:\/\/erasmus.com.co\/Erasmus\/?s={search_term_string}"},"query-input":{"@type":"PropertyValueSpecification","valueRequired":true,"valueName":"search_term_string"}}],"inLanguage":"de"},{"@type":"Organization","@id":"https:\/\/erasmus.com.co\/Erasmus\/#organization","name":"Erasmus Colombia","url":"https:\/\/erasmus.com.co\/Erasmus\/","logo":{"@type":"ImageObject","inLanguage":"de","@id":"https:\/\/erasmus.com.co\/Erasmus\/#\/schema\/logo\/image\/","url":"https:\/\/erasmus.com.co\/Erasmus\/wp-content\/uploads\/2023\/02\/cropped-cropped-logo_erasmus.png","contentUrl":"https:\/\/erasmus.com.co\/Erasmus\/wp-content\/uploads\/2023\/02\/cropped-cropped-logo_erasmus.png","width":817,"height":163,"caption":"Erasmus Colombia"},"image":{"@id":"https:\/\/erasmus.com.co\/Erasmus\/#\/schema\/logo\/image\/"}}]}},"_links":{"self":[{"href":"https:\/\/erasmus.com.co\/Erasmus\/de\/wp-json\/wp\/v2\/product\/9556","targetHints":{"allow":["GET"]}}],"collection":[{"href":"https:\/\/erasmus.com.co\/Erasmus\/de\/wp-json\/wp\/v2\/product"}],"about":[{"href":"https:\/\/erasmus.com.co\/Erasmus\/de\/wp-json\/wp\/v2\/types\/product"}],"wp:featuredmedia":[{"embeddable":true,"href":"https:\/\/erasmus.com.co\/Erasmus\/de\/wp-json\/wp\/v2\/media\/4933"}],"wp:attachment":[{"href":"https:\/\/erasmus.com.co\/Erasmus\/de\/wp-json\/wp\/v2\/media?parent=9556"}],"wp:term":[{"taxonomy":"product_brand","embeddable":true,"href":"https:\/\/erasmus.com.co\/Erasmus\/de\/wp-json\/wp\/v2\/product_brand?post=9556"},{"taxonomy":"product_cat","embeddable":true,"href":"https:\/\/erasmus.com.co\/Erasmus\/de\/wp-json\/wp\/v2\/product_cat?post=9556"},{"taxonomy":"product_tag","embeddable":true,"href":"https:\/\/erasmus.com.co\/Erasmus\/de\/wp-json\/wp\/v2\/product_tag?post=9556"}],"curies":[{"name":"wp","href":"https:\/\/api.w.org\/{rel}","templated":true}]}}