{"id":9557,"date":"2025-09-04T15:35:41","date_gmt":"2025-09-04T15:35:41","guid":{"rendered":"https:\/\/erasmus.com.co\/Erasmus\/producto\/cmc-356\/"},"modified":"2025-11-27T17:49:16","modified_gmt":"2025-11-27T17:49:16","slug":"cmc-356","status":"publish","type":"product","link":"https:\/\/erasmus.com.co\/Erasmus\/de\/produkt\/cmc-356\/","title":{"rendered":"CMC 356"},"content":{"rendered":"<p><strong>CMC 356 von Omicron<\/strong> ist eine universelle L\u00f6sung f\u00fcr die Pr\u00fcfung aller Arten von Schutzrelais, mit sechs leistungsstarken Stromquellen und einem dreiphasigen Modus bis zu 64 A und 860 VA pro Kanal. Sein gro\u00dfer Dynamikbereich macht ihn ideal f\u00fcr Anwendungen, die eine hohe Vielseitigkeit und Leistung erfordern, einschlie\u00dflich elektromechanischer Relais mit hoher Last. Es wird besonders f\u00fcr seine F\u00e4higkeit gesch\u00e4tzt, Verdrahtungen zu pr\u00fcfen und Stromwandler durch prim\u00e4re Einspeisung hoher Str\u00f6me zu verifizieren. Obwohl das CMC 356 durch das CMC 500 ersetzt wurde, ist es nach wie vor erh\u00e4ltlich und gew\u00e4hrleistet zuverl\u00e4ssige Leistung.<\/p>","protected":false},"excerpt":{"rendered":"<h3><strong>Hauptmerkmale:<\/strong><\/h3>\n<ul>\n<li>\"Universelle L\u00f6sung f\u00fcr die Pr\u00fcfung aller Typen und Generationen von Schutzrelais.<\/li>\n<li>Sechs leistungsstarke Stromquellen erm\u00f6glichen die Pr\u00fcfung im Dreiphasenbetrieb.<\/li>\n<li>F\u00e4higkeit, elektromechanische Relais mit hoher Last und hohem Leistungsbedarf zu pr\u00fcfen.<\/li>\n<li>Ideal f\u00fcr Anwendungen, die eine hohe Vielseitigkeit, Amplitude und Leistung erfordern.<\/li>\n<li>F\u00e4higkeit, Verdrahtungskontrollen und \u00dcberpr\u00fcfungen von Stromwandlern durch prim\u00e4re Einspeisung hoher Str\u00f6me durchzuf\u00fchren.<\/li>\n<li>Einfache Integration in die Inbetriebnahme und Wartung von Schutzsystemen.<\/li>\n<li>Ersetzt durch das CMC 500, aber das CMC 356 wird den Benutzern weiterhin zur Verf\u00fcgung stehen.<\/li>\n<li>Dreiphasenbetrieb mit bis zu 64 A \/ 860 VA pro Kanal. Gro\u00dfer Dynamikbereich, geeignet f\u00fcr die Pr\u00fcfung von Schutzrelais mit hohem Leistungsbedarf.<\/li>\n<li>Sechs Stromkan\u00e4le f\u00fcr die gleichzeitige Pr\u00fcfung von mehreren Relais.<\/li>\n<li>Hochstrom-Prim\u00e4rstromeinspeisung f\u00fcr Stromwandler- und Verdrahtungstests.<\/li>\n<li>Leistungsstarke Stromquelle, ideal f\u00fcr elektromechanische und Hochspannungsrelais.<\/li>\n<li>Fernsteuerung und -\u00fcberwachung \u00fcber Software zur einfachen Konfiguration und Analyse der Ergebnisse\".<\/li>\n<\/ul>\n<p><img decoding=\"async\" class=\"alignnone wp-image-9704\" src=\"https:\/\/erasmus.com.co\/Erasmus\/wp-content\/uploads\/2025\/09\/icono_pdf-1.png\" alt=\"\" width=\"38\" height=\"37\" srcset=\"https:\/\/erasmus.com.co\/Erasmus\/wp-content\/uploads\/2025\/09\/icono_pdf-1.png 149w, https:\/\/erasmus.com.co\/Erasmus\/wp-content\/uploads\/2025\/09\/icono_pdf-1-12x12.png 12w, https:\/\/erasmus.com.co\/Erasmus\/wp-content\/uploads\/2025\/09\/icono_pdf-1-100x100.png 100w\" sizes=\"(max-width: 38px) 100vw, 38px\" \/><strong>Download des technischen Datenblatts<\/strong> <a href=\"https:\/\/erasmus.com.co\/Erasmus\/wp-content\/uploads\/2025\/02\/CMC-356-Brochure-ENU.pdf\" target=\"_blank\" rel=\"noopener\"><strong>hier<\/strong><\/a><\/p>","protected":false},"featured_media":4896,"template":"","meta":{"_acf_changed":false},"product_brand":[40],"product_cat":[42],"product_tag":[],"class_list":{"0":"post-9557","1":"product","2":"type-product","3":"status-publish","4":"has-post-thumbnail","6":"product_brand-omicron","7":"product_cat-omicron","9":"first","10":"instock","11":"shipping-taxable","12":"product-type-simple"},"acf":[],"yoast_head":"<!-- This site is optimized with the Yoast SEO Premium plugin v24.6 (Yoast SEO v24.6) - https:\/\/yoast.com\/wordpress\/plugins\/seo\/ -->\n<title>CMC 356 (Omicron) - Erasmus Colombia<\/title>\n<meta name=\"description\" content=\"El CMC 356 de Omicron es una soluci\u00f3n para probar todos los tipos de rel\u00e9s de protecci\u00f3n, con 6 fuentes de corriente potentes y un modo trif\u00e1sico.\" \/>\n<meta name=\"robots\" content=\"index, follow, max-snippet:-1, max-image-preview:large, max-video-preview:-1\" \/>\n<link rel=\"canonical\" href=\"https:\/\/erasmus.com.co\/Erasmus\/de\/produkt\/cmc-356\/\" \/>\n<meta property=\"og:locale\" content=\"de_DE\" \/>\n<meta property=\"og:type\" content=\"article\" \/>\n<meta property=\"og:title\" content=\"CMC 356\" \/>\n<meta property=\"og:description\" content=\"El CMC 356 de Omicron es una soluci\u00f3n para probar todos los tipos de rel\u00e9s de protecci\u00f3n, con 6 fuentes de corriente potentes y un modo trif\u00e1sico.\" \/>\n<meta property=\"og:url\" content=\"https:\/\/erasmus.com.co\/Erasmus\/de\/produkt\/cmc-356\/\" \/>\n<meta property=\"og:site_name\" content=\"Erasmus Colombia\" \/>\n<meta property=\"article:modified_time\" content=\"2025-11-27T17:49:16+00:00\" \/>\n<meta property=\"og:image\" content=\"https:\/\/erasmus.com.co\/Erasmus\/wp-content\/uploads\/2025\/02\/Omicron_CMC-356.png\" \/>\n\t<meta property=\"og:image:width\" content=\"1400\" \/>\n\t<meta property=\"og:image:height\" content=\"956\" \/>\n\t<meta property=\"og:image:type\" content=\"image\/png\" \/>\n<meta name=\"twitter:card\" content=\"summary_large_image\" \/>\n<meta name=\"twitter:label1\" content=\"Gesch\u00e4tzte Lesezeit\" \/>\n\t<meta name=\"twitter:data1\" content=\"1\u00a0Minute\" \/>\n<script type=\"application\/ld+json\" class=\"yoast-schema-graph\">{\"@context\":\"https:\/\/schema.org\",\"@graph\":[{\"@type\":\"WebPage\",\"@id\":\"https:\/\/erasmus.com.co\/Erasmus\/producto\/cmc-356\/\",\"url\":\"https:\/\/erasmus.com.co\/Erasmus\/producto\/cmc-356\/\",\"name\":\"CMC 356 (Omicron) - Erasmus Colombia\",\"isPartOf\":{\"@id\":\"https:\/\/erasmus.com.co\/Erasmus\/#website\"},\"primaryImageOfPage\":{\"@id\":\"https:\/\/erasmus.com.co\/Erasmus\/producto\/cmc-356\/#primaryimage\"},\"image\":{\"@id\":\"https:\/\/erasmus.com.co\/Erasmus\/producto\/cmc-356\/#primaryimage\"},\"thumbnailUrl\":\"https:\/\/erasmus.com.co\/Erasmus\/wp-content\/uploads\/2025\/02\/Omicron_CMC-356.png\",\"datePublished\":\"2025-09-04T15:35:41+00:00\",\"dateModified\":\"2025-11-27T17:49:16+00:00\",\"description\":\"El CMC 356 de Omicron es una soluci\u00f3n para probar todos los tipos de rel\u00e9s de protecci\u00f3n, con 6 fuentes de corriente potentes y un modo trif\u00e1sico.\",\"breadcrumb\":{\"@id\":\"https:\/\/erasmus.com.co\/Erasmus\/producto\/cmc-356\/#breadcrumb\"},\"inLanguage\":\"de\",\"potentialAction\":[{\"@type\":\"ReadAction\",\"target\":[\"https:\/\/erasmus.com.co\/Erasmus\/producto\/cmc-356\/\"]}]},{\"@type\":\"ImageObject\",\"inLanguage\":\"de\",\"@id\":\"https:\/\/erasmus.com.co\/Erasmus\/producto\/cmc-356\/#primaryimage\",\"url\":\"https:\/\/erasmus.com.co\/Erasmus\/wp-content\/uploads\/2025\/02\/Omicron_CMC-356.png\",\"contentUrl\":\"https:\/\/erasmus.com.co\/Erasmus\/wp-content\/uploads\/2025\/02\/Omicron_CMC-356.png\",\"width\":1400,\"height\":956},{\"@type\":\"BreadcrumbList\",\"@id\":\"https:\/\/erasmus.com.co\/Erasmus\/producto\/cmc-356\/#breadcrumb\",\"itemListElement\":[{\"@type\":\"ListItem\",\"position\":1,\"name\":\"Home\",\"item\":\"https:\/\/erasmus.com.co\/Erasmus\/\"},{\"@type\":\"ListItem\",\"position\":2,\"name\":\"Tienda\",\"item\":\"https:\/\/erasmus.com.co\/Erasmus\/tienda\/\"},{\"@type\":\"ListItem\",\"position\":3,\"name\":\"CMC 356\"}]},{\"@type\":\"WebSite\",\"@id\":\"https:\/\/erasmus.com.co\/Erasmus\/#website\",\"url\":\"https:\/\/erasmus.com.co\/Erasmus\/\",\"name\":\"Erasmus Colombia\",\"description\":\"Ofrecemos productos y servicios de excelencia para el Sector Industrial\",\"publisher\":{\"@id\":\"https:\/\/erasmus.com.co\/Erasmus\/#organization\"},\"potentialAction\":[{\"@type\":\"SearchAction\",\"target\":{\"@type\":\"EntryPoint\",\"urlTemplate\":\"https:\/\/erasmus.com.co\/Erasmus\/?s={search_term_string}\"},\"query-input\":{\"@type\":\"PropertyValueSpecification\",\"valueRequired\":true,\"valueName\":\"search_term_string\"}}],\"inLanguage\":\"de\"},{\"@type\":\"Organization\",\"@id\":\"https:\/\/erasmus.com.co\/Erasmus\/#organization\",\"name\":\"Erasmus Colombia\",\"url\":\"https:\/\/erasmus.com.co\/Erasmus\/\",\"logo\":{\"@type\":\"ImageObject\",\"inLanguage\":\"de\",\"@id\":\"https:\/\/erasmus.com.co\/Erasmus\/#\/schema\/logo\/image\/\",\"url\":\"https:\/\/erasmus.com.co\/Erasmus\/wp-content\/uploads\/2023\/02\/cropped-cropped-logo_erasmus.png\",\"contentUrl\":\"https:\/\/erasmus.com.co\/Erasmus\/wp-content\/uploads\/2023\/02\/cropped-cropped-logo_erasmus.png\",\"width\":817,\"height\":163,\"caption\":\"Erasmus Colombia\"},\"image\":{\"@id\":\"https:\/\/erasmus.com.co\/Erasmus\/#\/schema\/logo\/image\/\"}}]}<\/script>\n<!-- \/ Yoast SEO Premium plugin. -->","yoast_head_json":{"title":"CMC 356 (Omicron) - Erasmus Colombia","description":"El CMC 356 de Omicron es una soluci\u00f3n para probar todos los tipos de rel\u00e9s de protecci\u00f3n, con 6 fuentes de corriente potentes y un modo trif\u00e1sico.","robots":{"index":"index","follow":"follow","max-snippet":"max-snippet:-1","max-image-preview":"max-image-preview:large","max-video-preview":"max-video-preview:-1"},"canonical":"https:\/\/erasmus.com.co\/Erasmus\/de\/produkt\/cmc-356\/","og_locale":"de_DE","og_type":"article","og_title":"CMC 356","og_description":"El CMC 356 de Omicron es una soluci\u00f3n para probar todos los tipos de rel\u00e9s de protecci\u00f3n, con 6 fuentes de corriente potentes y un modo trif\u00e1sico.","og_url":"https:\/\/erasmus.com.co\/Erasmus\/de\/produkt\/cmc-356\/","og_site_name":"Erasmus Colombia","article_modified_time":"2025-11-27T17:49:16+00:00","og_image":[{"width":1400,"height":956,"url":"https:\/\/erasmus.com.co\/Erasmus\/wp-content\/uploads\/2025\/02\/Omicron_CMC-356.png","type":"image\/png"}],"twitter_card":"summary_large_image","twitter_misc":{"Gesch\u00e4tzte Lesezeit":"1\u00a0Minute"},"schema":{"@context":"https:\/\/schema.org","@graph":[{"@type":"WebPage","@id":"https:\/\/erasmus.com.co\/Erasmus\/producto\/cmc-356\/","url":"https:\/\/erasmus.com.co\/Erasmus\/producto\/cmc-356\/","name":"CMC 356 (Omicron) - Erasmus Colombia","isPartOf":{"@id":"https:\/\/erasmus.com.co\/Erasmus\/#website"},"primaryImageOfPage":{"@id":"https:\/\/erasmus.com.co\/Erasmus\/producto\/cmc-356\/#primaryimage"},"image":{"@id":"https:\/\/erasmus.com.co\/Erasmus\/producto\/cmc-356\/#primaryimage"},"thumbnailUrl":"https:\/\/erasmus.com.co\/Erasmus\/wp-content\/uploads\/2025\/02\/Omicron_CMC-356.png","datePublished":"2025-09-04T15:35:41+00:00","dateModified":"2025-11-27T17:49:16+00:00","description":"El CMC 356 de Omicron es una soluci\u00f3n para probar todos los tipos de rel\u00e9s de protecci\u00f3n, con 6 fuentes de corriente potentes y un modo trif\u00e1sico.","breadcrumb":{"@id":"https:\/\/erasmus.com.co\/Erasmus\/producto\/cmc-356\/#breadcrumb"},"inLanguage":"de","potentialAction":[{"@type":"ReadAction","target":["https:\/\/erasmus.com.co\/Erasmus\/producto\/cmc-356\/"]}]},{"@type":"ImageObject","inLanguage":"de","@id":"https:\/\/erasmus.com.co\/Erasmus\/producto\/cmc-356\/#primaryimage","url":"https:\/\/erasmus.com.co\/Erasmus\/wp-content\/uploads\/2025\/02\/Omicron_CMC-356.png","contentUrl":"https:\/\/erasmus.com.co\/Erasmus\/wp-content\/uploads\/2025\/02\/Omicron_CMC-356.png","width":1400,"height":956},{"@type":"BreadcrumbList","@id":"https:\/\/erasmus.com.co\/Erasmus\/producto\/cmc-356\/#breadcrumb","itemListElement":[{"@type":"ListItem","position":1,"name":"Home","item":"https:\/\/erasmus.com.co\/Erasmus\/"},{"@type":"ListItem","position":2,"name":"Tienda","item":"https:\/\/erasmus.com.co\/Erasmus\/tienda\/"},{"@type":"ListItem","position":3,"name":"CMC 356"}]},{"@type":"WebSite","@id":"https:\/\/erasmus.com.co\/Erasmus\/#website","url":"https:\/\/erasmus.com.co\/Erasmus\/","name":"Erasmus Colombia","description":"Ofrecemos productos y servicios de excelencia para el Sector Industrial","publisher":{"@id":"https:\/\/erasmus.com.co\/Erasmus\/#organization"},"potentialAction":[{"@type":"SearchAction","target":{"@type":"EntryPoint","urlTemplate":"https:\/\/erasmus.com.co\/Erasmus\/?s={search_term_string}"},"query-input":{"@type":"PropertyValueSpecification","valueRequired":true,"valueName":"search_term_string"}}],"inLanguage":"de"},{"@type":"Organization","@id":"https:\/\/erasmus.com.co\/Erasmus\/#organization","name":"Erasmus Colombia","url":"https:\/\/erasmus.com.co\/Erasmus\/","logo":{"@type":"ImageObject","inLanguage":"de","@id":"https:\/\/erasmus.com.co\/Erasmus\/#\/schema\/logo\/image\/","url":"https:\/\/erasmus.com.co\/Erasmus\/wp-content\/uploads\/2023\/02\/cropped-cropped-logo_erasmus.png","contentUrl":"https:\/\/erasmus.com.co\/Erasmus\/wp-content\/uploads\/2023\/02\/cropped-cropped-logo_erasmus.png","width":817,"height":163,"caption":"Erasmus Colombia"},"image":{"@id":"https:\/\/erasmus.com.co\/Erasmus\/#\/schema\/logo\/image\/"}}]}},"_links":{"self":[{"href":"https:\/\/erasmus.com.co\/Erasmus\/de\/wp-json\/wp\/v2\/product\/9557","targetHints":{"allow":["GET"]}}],"collection":[{"href":"https:\/\/erasmus.com.co\/Erasmus\/de\/wp-json\/wp\/v2\/product"}],"about":[{"href":"https:\/\/erasmus.com.co\/Erasmus\/de\/wp-json\/wp\/v2\/types\/product"}],"wp:featuredmedia":[{"embeddable":true,"href":"https:\/\/erasmus.com.co\/Erasmus\/de\/wp-json\/wp\/v2\/media\/4896"}],"wp:attachment":[{"href":"https:\/\/erasmus.com.co\/Erasmus\/de\/wp-json\/wp\/v2\/media?parent=9557"}],"wp:term":[{"taxonomy":"product_brand","embeddable":true,"href":"https:\/\/erasmus.com.co\/Erasmus\/de\/wp-json\/wp\/v2\/product_brand?post=9557"},{"taxonomy":"product_cat","embeddable":true,"href":"https:\/\/erasmus.com.co\/Erasmus\/de\/wp-json\/wp\/v2\/product_cat?post=9557"},{"taxonomy":"product_tag","embeddable":true,"href":"https:\/\/erasmus.com.co\/Erasmus\/de\/wp-json\/wp\/v2\/product_tag?post=9557"}],"curies":[{"name":"wp","href":"https:\/\/api.w.org\/{rel}","templated":true}]}}