{"id":9559,"date":"2025-09-04T15:35:42","date_gmt":"2025-09-04T15:35:42","guid":{"rendered":"https:\/\/erasmus.com.co\/Erasmus\/producto\/primary-test-manager-ptm\/"},"modified":"2025-11-27T17:45:46","modified_gmt":"2025-11-27T17:45:46","slug":"primary-test-manager-ptm","status":"publish","type":"product","link":"https:\/\/erasmus.com.co\/Erasmus\/de\/produkt\/primary-test-manager-ptm\/","title":{"rendered":"Leiter der Hauptpr\u00fcfung (PTM)"},"content":{"rendered":"<p><strong>Omicrons Software Primary Test Manager\u2122 (PTM)<\/strong> erleichtert die diagnostische Pr\u00fcfung und Bewertung von elektrischen Mittel- und Hochspannungsanlagen wie Leistungsschaltern, Transformatoren und Erdungsanlagen. F\u00fchrt den Benutzer durch den Pr\u00fcfprozess und gew\u00e4hrleistet eine schnelle und genaue Ausf\u00fchrung. Erm\u00f6glicht die automatische Auswertung der Ergebnisse gem\u00e4\u00df den IEEE- und IEC-Normen. Die intuitive Benutzeroberfl\u00e4che und die Datenverwaltungsfunktionen optimieren die Anlagenverwaltung und die Pr\u00fcfanalyse und verbessern die Wartung und den zuverl\u00e4ssigen Betrieb von Hochspannungsanlagen.<\/p>","protected":false},"excerpt":{"rendered":"<h3><strong>Hauptmerkmale:<\/strong><\/h3>\n<ul>\n<li>\"Umfassende Unterst\u00fctzung bei der diagnostischen Pr\u00fcfung und Bewertung von elektrischen Mittel- und Hochspannungsanlagen.<\/li>\n<li>Intuitive und einfach zu bedienende Benutzeroberfl\u00e4che, die den Benutzer durch das gesamte Pr\u00fcfverfahren f\u00fchrt.<\/li>\n<li>Automatisierung der Auswertung der Ergebnisse nach internationalen Normen wie IEEE und IEC.<\/li>\n<li>Erleichtert die Pr\u00fcfung von Leistungsschaltern, Transformatoren, rotierenden Maschinen, Erdungsanlagen und Laststufenschaltern (OLTC).<\/li>\n<li>Effiziente Datenverwaltung w\u00e4hrend der Pr\u00fcfung, Erleichterung der Analyse und Archivierung.<\/li>\n<li>Verbessert die Geschwindigkeit, Sicherheit und Effizienz von Diagnosetests.<\/li>\n<li>Die wichtigsten technischen Merkmale der Primary Test Manager\u2122 (PTM)-Software von Omicron: Kompatibilit\u00e4t mit Omicron-Pr\u00fcfger\u00e4ten wie dem CPC 100, CPC 500 und anderen Prim\u00e4rpr\u00fcfger\u00e4ten.<\/li>\n<li>Automatische Auswertung der Ergebnisse gem\u00e4\u00df den internationalen IEEE- und IEC-Normen.<\/li>\n<li>Test- und Anlagenmanagement \u00fcber eine zentralisierte Plattform zur Erleichterung von Analyse und \u00dcberwachung.<\/li>\n<li>F\u00e4higkeit, mehrere Mittel- und Hochspannungsanlagen gleichzeitig zu pr\u00fcfen.<\/li>\n<li>Individuell anpassbare Berichte, mit denen Sie detaillierte Dokumente mit Testergebnissen erstellen k\u00f6nnen.<\/li>\n<li>Unterst\u00fctzung f\u00fcr verschiedene Anwendungen und spezifische Pr\u00fcfungen wie Leistungsschalter, Transformatoren und OLTCs\".<\/li>\n<\/ul>\n<p><img decoding=\"async\" class=\"alignnone wp-image-9704\" src=\"https:\/\/erasmus.com.co\/Erasmus\/wp-content\/uploads\/2025\/09\/icono_pdf-1.png\" alt=\"\" width=\"38\" height=\"37\" srcset=\"https:\/\/erasmus.com.co\/Erasmus\/wp-content\/uploads\/2025\/09\/icono_pdf-1.png 149w, https:\/\/erasmus.com.co\/Erasmus\/wp-content\/uploads\/2025\/09\/icono_pdf-1-12x12.png 12w, https:\/\/erasmus.com.co\/Erasmus\/wp-content\/uploads\/2025\/09\/icono_pdf-1-100x100.png 100w\" sizes=\"(max-width: 38px) 100vw, 38px\" \/><strong>Download des technischen Datenblatts<\/strong> <a href=\"https:\/\/erasmus.com.co\/Erasmus\/wp-content\/uploads\/2025\/02\/PTM-Brochure-ESP.pdf\" target=\"_blank\" rel=\"noopener\"><strong>hier<\/strong><\/a><\/p>","protected":false},"featured_media":4789,"template":"","meta":{"_acf_changed":false},"product_brand":[40],"product_cat":[42],"product_tag":[],"class_list":{"0":"post-9559","1":"product","2":"type-product","3":"status-publish","4":"has-post-thumbnail","6":"product_brand-omicron","7":"product_cat-omicron","9":"first","10":"instock","11":"shipping-taxable","12":"product-type-simple"},"acf":[],"yoast_head":"<!-- This site is optimized with the Yoast SEO Premium plugin v24.6 (Yoast SEO v24.6) - https:\/\/yoast.com\/wordpress\/plugins\/seo\/ -->\n<title>Primary Test Manager\u2122 (PTM) (Omicron) - Erasmus Colombia<\/title>\n<meta name=\"description\" content=\"El software Primary Test Manager\u2122 (PTM) de Omicron facilita las pruebas de diagn\u00f3stico y evaluaci\u00f3n de activos el\u00e9ctricos de media y alta tensi\u00f3n.\" \/>\n<meta name=\"robots\" content=\"index, follow, max-snippet:-1, max-image-preview:large, max-video-preview:-1\" \/>\n<link rel=\"canonical\" href=\"https:\/\/erasmus.com.co\/Erasmus\/de\/produkt\/primary-test-manager-ptm\/\" \/>\n<meta property=\"og:locale\" content=\"de_DE\" \/>\n<meta property=\"og:type\" content=\"article\" \/>\n<meta property=\"og:title\" content=\"Primary Test Manager (PTM)\" \/>\n<meta property=\"og:description\" content=\"El software Primary Test Manager\u2122 (PTM) de Omicron facilita las pruebas de diagn\u00f3stico y evaluaci\u00f3n de activos el\u00e9ctricos de media y alta tensi\u00f3n.\" \/>\n<meta property=\"og:url\" content=\"https:\/\/erasmus.com.co\/Erasmus\/de\/produkt\/primary-test-manager-ptm\/\" \/>\n<meta property=\"og:site_name\" content=\"Erasmus Colombia\" \/>\n<meta property=\"article:modified_time\" content=\"2025-11-27T17:45:46+00:00\" \/>\n<meta property=\"og:image\" content=\"https:\/\/erasmus.com.co\/Erasmus\/wp-content\/uploads\/2025\/02\/Omicron_Primary-Test-Manager-PTM.png\" \/>\n\t<meta property=\"og:image:width\" content=\"1982\" \/>\n\t<meta property=\"og:image:height\" content=\"1487\" \/>\n\t<meta property=\"og:image:type\" content=\"image\/png\" \/>\n<meta name=\"twitter:card\" content=\"summary_large_image\" \/>\n<meta name=\"twitter:label1\" content=\"Gesch\u00e4tzte Lesezeit\" \/>\n\t<meta name=\"twitter:data1\" content=\"1\u00a0Minute\" \/>\n<script type=\"application\/ld+json\" class=\"yoast-schema-graph\">{\"@context\":\"https:\/\/schema.org\",\"@graph\":[{\"@type\":\"WebPage\",\"@id\":\"https:\/\/erasmus.com.co\/Erasmus\/producto\/primary-test-manager-ptm\/\",\"url\":\"https:\/\/erasmus.com.co\/Erasmus\/producto\/primary-test-manager-ptm\/\",\"name\":\"Primary Test Manager\u2122 (PTM) (Omicron) - Erasmus Colombia\",\"isPartOf\":{\"@id\":\"https:\/\/erasmus.com.co\/Erasmus\/#website\"},\"primaryImageOfPage\":{\"@id\":\"https:\/\/erasmus.com.co\/Erasmus\/producto\/primary-test-manager-ptm\/#primaryimage\"},\"image\":{\"@id\":\"https:\/\/erasmus.com.co\/Erasmus\/producto\/primary-test-manager-ptm\/#primaryimage\"},\"thumbnailUrl\":\"https:\/\/erasmus.com.co\/Erasmus\/wp-content\/uploads\/2025\/02\/Omicron_Primary-Test-Manager-PTM.png\",\"datePublished\":\"2025-09-04T15:35:42+00:00\",\"dateModified\":\"2025-11-27T17:45:46+00:00\",\"description\":\"El software Primary Test Manager\u2122 (PTM) de Omicron facilita las pruebas de diagn\u00f3stico y evaluaci\u00f3n de activos el\u00e9ctricos de media y alta tensi\u00f3n.\",\"breadcrumb\":{\"@id\":\"https:\/\/erasmus.com.co\/Erasmus\/producto\/primary-test-manager-ptm\/#breadcrumb\"},\"inLanguage\":\"de\",\"potentialAction\":[{\"@type\":\"ReadAction\",\"target\":[\"https:\/\/erasmus.com.co\/Erasmus\/producto\/primary-test-manager-ptm\/\"]}]},{\"@type\":\"ImageObject\",\"inLanguage\":\"de\",\"@id\":\"https:\/\/erasmus.com.co\/Erasmus\/producto\/primary-test-manager-ptm\/#primaryimage\",\"url\":\"https:\/\/erasmus.com.co\/Erasmus\/wp-content\/uploads\/2025\/02\/Omicron_Primary-Test-Manager-PTM.png\",\"contentUrl\":\"https:\/\/erasmus.com.co\/Erasmus\/wp-content\/uploads\/2025\/02\/Omicron_Primary-Test-Manager-PTM.png\",\"width\":1982,\"height\":1487},{\"@type\":\"BreadcrumbList\",\"@id\":\"https:\/\/erasmus.com.co\/Erasmus\/producto\/primary-test-manager-ptm\/#breadcrumb\",\"itemListElement\":[{\"@type\":\"ListItem\",\"position\":1,\"name\":\"Home\",\"item\":\"https:\/\/erasmus.com.co\/Erasmus\/\"},{\"@type\":\"ListItem\",\"position\":2,\"name\":\"Tienda\",\"item\":\"https:\/\/erasmus.com.co\/Erasmus\/tienda\/\"},{\"@type\":\"ListItem\",\"position\":3,\"name\":\"Primary Test Manager (PTM)\"}]},{\"@type\":\"WebSite\",\"@id\":\"https:\/\/erasmus.com.co\/Erasmus\/#website\",\"url\":\"https:\/\/erasmus.com.co\/Erasmus\/\",\"name\":\"Erasmus Colombia\",\"description\":\"Ofrecemos productos y servicios de excelencia para el Sector Industrial\",\"publisher\":{\"@id\":\"https:\/\/erasmus.com.co\/Erasmus\/#organization\"},\"potentialAction\":[{\"@type\":\"SearchAction\",\"target\":{\"@type\":\"EntryPoint\",\"urlTemplate\":\"https:\/\/erasmus.com.co\/Erasmus\/?s={search_term_string}\"},\"query-input\":{\"@type\":\"PropertyValueSpecification\",\"valueRequired\":true,\"valueName\":\"search_term_string\"}}],\"inLanguage\":\"de\"},{\"@type\":\"Organization\",\"@id\":\"https:\/\/erasmus.com.co\/Erasmus\/#organization\",\"name\":\"Erasmus Colombia\",\"url\":\"https:\/\/erasmus.com.co\/Erasmus\/\",\"logo\":{\"@type\":\"ImageObject\",\"inLanguage\":\"de\",\"@id\":\"https:\/\/erasmus.com.co\/Erasmus\/#\/schema\/logo\/image\/\",\"url\":\"https:\/\/erasmus.com.co\/Erasmus\/wp-content\/uploads\/2023\/02\/cropped-cropped-logo_erasmus.png\",\"contentUrl\":\"https:\/\/erasmus.com.co\/Erasmus\/wp-content\/uploads\/2023\/02\/cropped-cropped-logo_erasmus.png\",\"width\":817,\"height\":163,\"caption\":\"Erasmus Colombia\"},\"image\":{\"@id\":\"https:\/\/erasmus.com.co\/Erasmus\/#\/schema\/logo\/image\/\"}}]}<\/script>\n<!-- \/ Yoast SEO Premium plugin. -->","yoast_head_json":{"title":"Primary Test Manager\u2122 (PTM) (Omicron) - Erasmus Colombia","description":"El software Primary Test Manager\u2122 (PTM) de Omicron facilita las pruebas de diagn\u00f3stico y evaluaci\u00f3n de activos el\u00e9ctricos de media y alta tensi\u00f3n.","robots":{"index":"index","follow":"follow","max-snippet":"max-snippet:-1","max-image-preview":"max-image-preview:large","max-video-preview":"max-video-preview:-1"},"canonical":"https:\/\/erasmus.com.co\/Erasmus\/de\/produkt\/primary-test-manager-ptm\/","og_locale":"de_DE","og_type":"article","og_title":"Primary Test Manager (PTM)","og_description":"El software Primary Test Manager\u2122 (PTM) de Omicron facilita las pruebas de diagn\u00f3stico y evaluaci\u00f3n de activos el\u00e9ctricos de media y alta tensi\u00f3n.","og_url":"https:\/\/erasmus.com.co\/Erasmus\/de\/produkt\/primary-test-manager-ptm\/","og_site_name":"Erasmus Colombia","article_modified_time":"2025-11-27T17:45:46+00:00","og_image":[{"width":1982,"height":1487,"url":"https:\/\/erasmus.com.co\/Erasmus\/wp-content\/uploads\/2025\/02\/Omicron_Primary-Test-Manager-PTM.png","type":"image\/png"}],"twitter_card":"summary_large_image","twitter_misc":{"Gesch\u00e4tzte Lesezeit":"1\u00a0Minute"},"schema":{"@context":"https:\/\/schema.org","@graph":[{"@type":"WebPage","@id":"https:\/\/erasmus.com.co\/Erasmus\/producto\/primary-test-manager-ptm\/","url":"https:\/\/erasmus.com.co\/Erasmus\/producto\/primary-test-manager-ptm\/","name":"Primary Test Manager\u2122 (PTM) (Omicron) - Erasmus Colombia","isPartOf":{"@id":"https:\/\/erasmus.com.co\/Erasmus\/#website"},"primaryImageOfPage":{"@id":"https:\/\/erasmus.com.co\/Erasmus\/producto\/primary-test-manager-ptm\/#primaryimage"},"image":{"@id":"https:\/\/erasmus.com.co\/Erasmus\/producto\/primary-test-manager-ptm\/#primaryimage"},"thumbnailUrl":"https:\/\/erasmus.com.co\/Erasmus\/wp-content\/uploads\/2025\/02\/Omicron_Primary-Test-Manager-PTM.png","datePublished":"2025-09-04T15:35:42+00:00","dateModified":"2025-11-27T17:45:46+00:00","description":"El software Primary Test Manager\u2122 (PTM) de Omicron facilita las pruebas de diagn\u00f3stico y evaluaci\u00f3n de activos el\u00e9ctricos de media y alta tensi\u00f3n.","breadcrumb":{"@id":"https:\/\/erasmus.com.co\/Erasmus\/producto\/primary-test-manager-ptm\/#breadcrumb"},"inLanguage":"de","potentialAction":[{"@type":"ReadAction","target":["https:\/\/erasmus.com.co\/Erasmus\/producto\/primary-test-manager-ptm\/"]}]},{"@type":"ImageObject","inLanguage":"de","@id":"https:\/\/erasmus.com.co\/Erasmus\/producto\/primary-test-manager-ptm\/#primaryimage","url":"https:\/\/erasmus.com.co\/Erasmus\/wp-content\/uploads\/2025\/02\/Omicron_Primary-Test-Manager-PTM.png","contentUrl":"https:\/\/erasmus.com.co\/Erasmus\/wp-content\/uploads\/2025\/02\/Omicron_Primary-Test-Manager-PTM.png","width":1982,"height":1487},{"@type":"BreadcrumbList","@id":"https:\/\/erasmus.com.co\/Erasmus\/producto\/primary-test-manager-ptm\/#breadcrumb","itemListElement":[{"@type":"ListItem","position":1,"name":"Home","item":"https:\/\/erasmus.com.co\/Erasmus\/"},{"@type":"ListItem","position":2,"name":"Tienda","item":"https:\/\/erasmus.com.co\/Erasmus\/tienda\/"},{"@type":"ListItem","position":3,"name":"Primary Test Manager (PTM)"}]},{"@type":"WebSite","@id":"https:\/\/erasmus.com.co\/Erasmus\/#website","url":"https:\/\/erasmus.com.co\/Erasmus\/","name":"Erasmus Colombia","description":"Ofrecemos productos y servicios de excelencia para el Sector Industrial","publisher":{"@id":"https:\/\/erasmus.com.co\/Erasmus\/#organization"},"potentialAction":[{"@type":"SearchAction","target":{"@type":"EntryPoint","urlTemplate":"https:\/\/erasmus.com.co\/Erasmus\/?s={search_term_string}"},"query-input":{"@type":"PropertyValueSpecification","valueRequired":true,"valueName":"search_term_string"}}],"inLanguage":"de"},{"@type":"Organization","@id":"https:\/\/erasmus.com.co\/Erasmus\/#organization","name":"Erasmus Colombia","url":"https:\/\/erasmus.com.co\/Erasmus\/","logo":{"@type":"ImageObject","inLanguage":"de","@id":"https:\/\/erasmus.com.co\/Erasmus\/#\/schema\/logo\/image\/","url":"https:\/\/erasmus.com.co\/Erasmus\/wp-content\/uploads\/2023\/02\/cropped-cropped-logo_erasmus.png","contentUrl":"https:\/\/erasmus.com.co\/Erasmus\/wp-content\/uploads\/2023\/02\/cropped-cropped-logo_erasmus.png","width":817,"height":163,"caption":"Erasmus Colombia"},"image":{"@id":"https:\/\/erasmus.com.co\/Erasmus\/#\/schema\/logo\/image\/"}}]}},"_links":{"self":[{"href":"https:\/\/erasmus.com.co\/Erasmus\/de\/wp-json\/wp\/v2\/product\/9559","targetHints":{"allow":["GET"]}}],"collection":[{"href":"https:\/\/erasmus.com.co\/Erasmus\/de\/wp-json\/wp\/v2\/product"}],"about":[{"href":"https:\/\/erasmus.com.co\/Erasmus\/de\/wp-json\/wp\/v2\/types\/product"}],"wp:featuredmedia":[{"embeddable":true,"href":"https:\/\/erasmus.com.co\/Erasmus\/de\/wp-json\/wp\/v2\/media\/4789"}],"wp:attachment":[{"href":"https:\/\/erasmus.com.co\/Erasmus\/de\/wp-json\/wp\/v2\/media?parent=9559"}],"wp:term":[{"taxonomy":"product_brand","embeddable":true,"href":"https:\/\/erasmus.com.co\/Erasmus\/de\/wp-json\/wp\/v2\/product_brand?post=9559"},{"taxonomy":"product_cat","embeddable":true,"href":"https:\/\/erasmus.com.co\/Erasmus\/de\/wp-json\/wp\/v2\/product_cat?post=9559"},{"taxonomy":"product_tag","embeddable":true,"href":"https:\/\/erasmus.com.co\/Erasmus\/de\/wp-json\/wp\/v2\/product_tag?post=9559"}],"curies":[{"name":"wp","href":"https:\/\/api.w.org\/{rel}","templated":true}]}}