{"id":9564,"date":"2025-09-04T15:35:45","date_gmt":"2025-09-04T15:35:45","guid":{"rendered":"https:\/\/erasmus.com.co\/Erasmus\/producto\/iedscout\/"},"modified":"2025-11-27T17:30:30","modified_gmt":"2025-11-27T17:30:30","slug":"iedscout","status":"publish","type":"product","link":"https:\/\/erasmus.com.co\/Erasmus\/de\/produkt\/iedscout\/","title":{"rendered":"IEDScout"},"content":{"rendered":"<p><strong>IEDScout<\/strong> ist ein Werkzeug f\u00fcr Automatisierungs- und Unterstationstechniker, die mit IEC 61850-Ger\u00e4ten arbeiten. Es erm\u00f6glicht den Zugriff auf und die Pr\u00fcfung von IEDs (intelligente elektronische Ger\u00e4te) der Ed. 1 und Ed. 2 und gew\u00e4hrleistet deren korrekten Betrieb. Die Software erleichtert die Simulation, Konfiguration und umfassende Diagnose von IEDs, optimiert deren Management und gew\u00e4hrleistet ihre Leistung in der Automatisierung von Schaltanlagen. Mit seiner benutzerfreundlichen Oberfl\u00e4che verbessert IEDScout die Zuverl\u00e4ssigkeit und Effizienz elektrischer Systeme.<\/p>","protected":false},"excerpt":{"rendered":"<h3><strong>Hauptmerkmale:<\/strong><\/h3>\n<ul>\n<li>\"Werkzeug f\u00fcr Techniker im Bereich Schutz und Automatisierung von Umspannwerken.<\/li>\n<li>Vollst\u00e4ndiger Zugriff auf IEDs (intelligente elektronische Ger\u00e4te) mit Unterst\u00fctzung f\u00fcr IEC 61850-Ger\u00e4te.<\/li>\n<li>Simulation aller Ed. 2 und Ed. 1 IEDs f\u00fcr umfassende Tests.<\/li>\n<li>Erm\u00f6glicht die vollst\u00e4ndige IED-Pr\u00fcfung und Diagnose von Automatisierungssystemen f\u00fcr Umspannwerke.<\/li>\n<li>Es erleichtert die Konfiguration und \u00dcberpr\u00fcfung von IEDs, um ihre korrekte Leistung und ihren Betrieb sicherzustellen.<\/li>\n<li>Optimiert die Verwaltung und Pr\u00fcfung intelligenter elektronischer Ger\u00e4te in Unterstationen.<\/li>\n<li>Kompatibilit\u00e4t mit IEC 61850, Arbeit mit Ed. 1 und Ed. 2 IEDs.<\/li>\n<li>F\u00e4higkeit, alle IEDs gem\u00e4\u00df den Industriestandards zu simulieren und umfassend zu testen.<\/li>\n<li>Erm\u00f6glicht erweiterte IED-Diagnose und -Konfiguration in Echtzeit. Intuitive Schnittstelle f\u00fcr einfache Bedienung und Interaktion mit IEDs w\u00e4hrend des Testprozesses.<\/li>\n<li>\u00dcberpr\u00fcfung des Verhaltens und der Leistung der Ger\u00e4te unter verschiedenen Betriebsbedingungen.<\/li>\n<li>Erstellung von detaillierten Berichten \u00fcber den Zustand der IEDs und des Stationsautomatisierungssystems\".<\/li>\n<\/ul>\n<p><img decoding=\"async\" class=\"alignnone wp-image-9704\" src=\"https:\/\/erasmus.com.co\/Erasmus\/wp-content\/uploads\/2025\/09\/icono_pdf-1.png\" alt=\"\" width=\"38\" height=\"37\" srcset=\"https:\/\/erasmus.com.co\/Erasmus\/wp-content\/uploads\/2025\/09\/icono_pdf-1.png 149w, https:\/\/erasmus.com.co\/Erasmus\/wp-content\/uploads\/2025\/09\/icono_pdf-1-12x12.png 12w, https:\/\/erasmus.com.co\/Erasmus\/wp-content\/uploads\/2025\/09\/icono_pdf-1-100x100.png 100w\" sizes=\"(max-width: 38px) 100vw, 38px\" \/><strong>Download des technischen Datenblatts<\/strong> <a href=\"https:\/\/erasmus.com.co\/Erasmus\/wp-content\/uploads\/2025\/02\/IEDScout-Brochure-ENU.pdf\" target=\"_blank\" rel=\"noopener\"><strong>hier<\/strong><\/a><\/p>","protected":false},"featured_media":4928,"template":"","meta":{"_acf_changed":false},"product_brand":[40],"product_cat":[42],"product_tag":[],"class_list":{"0":"post-9564","1":"product","2":"type-product","3":"status-publish","4":"has-post-thumbnail","6":"product_brand-omicron","7":"product_cat-omicron","9":"first","10":"instock","11":"shipping-taxable","12":"product-type-simple"},"acf":[],"yoast_head":"<!-- This site is optimized with the Yoast SEO Premium plugin v24.6 (Yoast SEO v24.6) - https:\/\/yoast.com\/wordpress\/plugins\/seo\/ -->\n<title>IEDScout Omicron - Erasmus Colombia<\/title>\n<meta name=\"description\" content=\"IEDScout es una herramienta dise\u00f1ada para t\u00e9cnicos de automatizaci\u00f3n y subestaciones que trabajan con dispositivos IEC 61850.\" \/>\n<meta name=\"robots\" content=\"index, follow, max-snippet:-1, max-image-preview:large, max-video-preview:-1\" \/>\n<link rel=\"canonical\" href=\"https:\/\/erasmus.com.co\/Erasmus\/de\/produkt\/iedscout\/\" \/>\n<meta property=\"og:locale\" content=\"de_DE\" \/>\n<meta property=\"og:type\" content=\"article\" \/>\n<meta property=\"og:title\" content=\"IEDScout\" \/>\n<meta property=\"og:description\" content=\"IEDScout es una herramienta dise\u00f1ada para t\u00e9cnicos de automatizaci\u00f3n y subestaciones que trabajan con dispositivos IEC 61850.\" \/>\n<meta property=\"og:url\" content=\"https:\/\/erasmus.com.co\/Erasmus\/de\/produkt\/iedscout\/\" \/>\n<meta property=\"og:site_name\" content=\"Erasmus Colombia\" \/>\n<meta property=\"article:modified_time\" content=\"2025-11-27T17:30:30+00:00\" \/>\n<meta property=\"og:image\" content=\"https:\/\/erasmus.com.co\/Erasmus\/wp-content\/uploads\/2025\/02\/Omicron_IEDScout.png\" \/>\n\t<meta property=\"og:image:width\" content=\"1982\" \/>\n\t<meta property=\"og:image:height\" content=\"1487\" \/>\n\t<meta property=\"og:image:type\" content=\"image\/png\" \/>\n<meta name=\"twitter:card\" content=\"summary_large_image\" \/>\n<meta name=\"twitter:label1\" content=\"Gesch\u00e4tzte Lesezeit\" \/>\n\t<meta name=\"twitter:data1\" content=\"1\u00a0Minute\" \/>\n<script type=\"application\/ld+json\" class=\"yoast-schema-graph\">{\"@context\":\"https:\/\/schema.org\",\"@graph\":[{\"@type\":\"WebPage\",\"@id\":\"https:\/\/erasmus.com.co\/Erasmus\/producto\/iedscout\/\",\"url\":\"https:\/\/erasmus.com.co\/Erasmus\/producto\/iedscout\/\",\"name\":\"IEDScout Omicron - Erasmus Colombia\",\"isPartOf\":{\"@id\":\"https:\/\/erasmus.com.co\/Erasmus\/#website\"},\"primaryImageOfPage\":{\"@id\":\"https:\/\/erasmus.com.co\/Erasmus\/producto\/iedscout\/#primaryimage\"},\"image\":{\"@id\":\"https:\/\/erasmus.com.co\/Erasmus\/producto\/iedscout\/#primaryimage\"},\"thumbnailUrl\":\"https:\/\/erasmus.com.co\/Erasmus\/wp-content\/uploads\/2025\/02\/Omicron_IEDScout.png\",\"datePublished\":\"2025-09-04T15:35:45+00:00\",\"dateModified\":\"2025-11-27T17:30:30+00:00\",\"description\":\"IEDScout es una herramienta dise\u00f1ada para t\u00e9cnicos de automatizaci\u00f3n y subestaciones que trabajan con dispositivos IEC 61850.\",\"breadcrumb\":{\"@id\":\"https:\/\/erasmus.com.co\/Erasmus\/producto\/iedscout\/#breadcrumb\"},\"inLanguage\":\"de\",\"potentialAction\":[{\"@type\":\"ReadAction\",\"target\":[\"https:\/\/erasmus.com.co\/Erasmus\/producto\/iedscout\/\"]}]},{\"@type\":\"ImageObject\",\"inLanguage\":\"de\",\"@id\":\"https:\/\/erasmus.com.co\/Erasmus\/producto\/iedscout\/#primaryimage\",\"url\":\"https:\/\/erasmus.com.co\/Erasmus\/wp-content\/uploads\/2025\/02\/Omicron_IEDScout.png\",\"contentUrl\":\"https:\/\/erasmus.com.co\/Erasmus\/wp-content\/uploads\/2025\/02\/Omicron_IEDScout.png\",\"width\":1982,\"height\":1487},{\"@type\":\"BreadcrumbList\",\"@id\":\"https:\/\/erasmus.com.co\/Erasmus\/producto\/iedscout\/#breadcrumb\",\"itemListElement\":[{\"@type\":\"ListItem\",\"position\":1,\"name\":\"Home\",\"item\":\"https:\/\/erasmus.com.co\/Erasmus\/\"},{\"@type\":\"ListItem\",\"position\":2,\"name\":\"Tienda\",\"item\":\"https:\/\/erasmus.com.co\/Erasmus\/tienda\/\"},{\"@type\":\"ListItem\",\"position\":3,\"name\":\"IEDScout\"}]},{\"@type\":\"WebSite\",\"@id\":\"https:\/\/erasmus.com.co\/Erasmus\/#website\",\"url\":\"https:\/\/erasmus.com.co\/Erasmus\/\",\"name\":\"Erasmus Colombia\",\"description\":\"Ofrecemos productos y servicios de excelencia para el Sector Industrial\",\"publisher\":{\"@id\":\"https:\/\/erasmus.com.co\/Erasmus\/#organization\"},\"potentialAction\":[{\"@type\":\"SearchAction\",\"target\":{\"@type\":\"EntryPoint\",\"urlTemplate\":\"https:\/\/erasmus.com.co\/Erasmus\/?s={search_term_string}\"},\"query-input\":{\"@type\":\"PropertyValueSpecification\",\"valueRequired\":true,\"valueName\":\"search_term_string\"}}],\"inLanguage\":\"de\"},{\"@type\":\"Organization\",\"@id\":\"https:\/\/erasmus.com.co\/Erasmus\/#organization\",\"name\":\"Erasmus Colombia\",\"url\":\"https:\/\/erasmus.com.co\/Erasmus\/\",\"logo\":{\"@type\":\"ImageObject\",\"inLanguage\":\"de\",\"@id\":\"https:\/\/erasmus.com.co\/Erasmus\/#\/schema\/logo\/image\/\",\"url\":\"https:\/\/erasmus.com.co\/Erasmus\/wp-content\/uploads\/2023\/02\/cropped-cropped-logo_erasmus.png\",\"contentUrl\":\"https:\/\/erasmus.com.co\/Erasmus\/wp-content\/uploads\/2023\/02\/cropped-cropped-logo_erasmus.png\",\"width\":817,\"height\":163,\"caption\":\"Erasmus Colombia\"},\"image\":{\"@id\":\"https:\/\/erasmus.com.co\/Erasmus\/#\/schema\/logo\/image\/\"}}]}<\/script>\n<!-- \/ Yoast SEO Premium plugin. -->","yoast_head_json":{"title":"IEDScout Omicron - Erasmus Colombia","description":"IEDScout es una herramienta dise\u00f1ada para t\u00e9cnicos de automatizaci\u00f3n y subestaciones que trabajan con dispositivos IEC 61850.","robots":{"index":"index","follow":"follow","max-snippet":"max-snippet:-1","max-image-preview":"max-image-preview:large","max-video-preview":"max-video-preview:-1"},"canonical":"https:\/\/erasmus.com.co\/Erasmus\/de\/produkt\/iedscout\/","og_locale":"de_DE","og_type":"article","og_title":"IEDScout","og_description":"IEDScout es una herramienta dise\u00f1ada para t\u00e9cnicos de automatizaci\u00f3n y subestaciones que trabajan con dispositivos IEC 61850.","og_url":"https:\/\/erasmus.com.co\/Erasmus\/de\/produkt\/iedscout\/","og_site_name":"Erasmus Colombia","article_modified_time":"2025-11-27T17:30:30+00:00","og_image":[{"width":1982,"height":1487,"url":"https:\/\/erasmus.com.co\/Erasmus\/wp-content\/uploads\/2025\/02\/Omicron_IEDScout.png","type":"image\/png"}],"twitter_card":"summary_large_image","twitter_misc":{"Gesch\u00e4tzte Lesezeit":"1\u00a0Minute"},"schema":{"@context":"https:\/\/schema.org","@graph":[{"@type":"WebPage","@id":"https:\/\/erasmus.com.co\/Erasmus\/producto\/iedscout\/","url":"https:\/\/erasmus.com.co\/Erasmus\/producto\/iedscout\/","name":"IEDScout Omicron - Erasmus Colombia","isPartOf":{"@id":"https:\/\/erasmus.com.co\/Erasmus\/#website"},"primaryImageOfPage":{"@id":"https:\/\/erasmus.com.co\/Erasmus\/producto\/iedscout\/#primaryimage"},"image":{"@id":"https:\/\/erasmus.com.co\/Erasmus\/producto\/iedscout\/#primaryimage"},"thumbnailUrl":"https:\/\/erasmus.com.co\/Erasmus\/wp-content\/uploads\/2025\/02\/Omicron_IEDScout.png","datePublished":"2025-09-04T15:35:45+00:00","dateModified":"2025-11-27T17:30:30+00:00","description":"IEDScout es una herramienta dise\u00f1ada para t\u00e9cnicos de automatizaci\u00f3n y subestaciones que trabajan con dispositivos IEC 61850.","breadcrumb":{"@id":"https:\/\/erasmus.com.co\/Erasmus\/producto\/iedscout\/#breadcrumb"},"inLanguage":"de","potentialAction":[{"@type":"ReadAction","target":["https:\/\/erasmus.com.co\/Erasmus\/producto\/iedscout\/"]}]},{"@type":"ImageObject","inLanguage":"de","@id":"https:\/\/erasmus.com.co\/Erasmus\/producto\/iedscout\/#primaryimage","url":"https:\/\/erasmus.com.co\/Erasmus\/wp-content\/uploads\/2025\/02\/Omicron_IEDScout.png","contentUrl":"https:\/\/erasmus.com.co\/Erasmus\/wp-content\/uploads\/2025\/02\/Omicron_IEDScout.png","width":1982,"height":1487},{"@type":"BreadcrumbList","@id":"https:\/\/erasmus.com.co\/Erasmus\/producto\/iedscout\/#breadcrumb","itemListElement":[{"@type":"ListItem","position":1,"name":"Home","item":"https:\/\/erasmus.com.co\/Erasmus\/"},{"@type":"ListItem","position":2,"name":"Tienda","item":"https:\/\/erasmus.com.co\/Erasmus\/tienda\/"},{"@type":"ListItem","position":3,"name":"IEDScout"}]},{"@type":"WebSite","@id":"https:\/\/erasmus.com.co\/Erasmus\/#website","url":"https:\/\/erasmus.com.co\/Erasmus\/","name":"Erasmus Colombia","description":"Ofrecemos productos y servicios de excelencia para el Sector Industrial","publisher":{"@id":"https:\/\/erasmus.com.co\/Erasmus\/#organization"},"potentialAction":[{"@type":"SearchAction","target":{"@type":"EntryPoint","urlTemplate":"https:\/\/erasmus.com.co\/Erasmus\/?s={search_term_string}"},"query-input":{"@type":"PropertyValueSpecification","valueRequired":true,"valueName":"search_term_string"}}],"inLanguage":"de"},{"@type":"Organization","@id":"https:\/\/erasmus.com.co\/Erasmus\/#organization","name":"Erasmus Colombia","url":"https:\/\/erasmus.com.co\/Erasmus\/","logo":{"@type":"ImageObject","inLanguage":"de","@id":"https:\/\/erasmus.com.co\/Erasmus\/#\/schema\/logo\/image\/","url":"https:\/\/erasmus.com.co\/Erasmus\/wp-content\/uploads\/2023\/02\/cropped-cropped-logo_erasmus.png","contentUrl":"https:\/\/erasmus.com.co\/Erasmus\/wp-content\/uploads\/2023\/02\/cropped-cropped-logo_erasmus.png","width":817,"height":163,"caption":"Erasmus Colombia"},"image":{"@id":"https:\/\/erasmus.com.co\/Erasmus\/#\/schema\/logo\/image\/"}}]}},"_links":{"self":[{"href":"https:\/\/erasmus.com.co\/Erasmus\/de\/wp-json\/wp\/v2\/product\/9564","targetHints":{"allow":["GET"]}}],"collection":[{"href":"https:\/\/erasmus.com.co\/Erasmus\/de\/wp-json\/wp\/v2\/product"}],"about":[{"href":"https:\/\/erasmus.com.co\/Erasmus\/de\/wp-json\/wp\/v2\/types\/product"}],"wp:featuredmedia":[{"embeddable":true,"href":"https:\/\/erasmus.com.co\/Erasmus\/de\/wp-json\/wp\/v2\/media\/4928"}],"wp:attachment":[{"href":"https:\/\/erasmus.com.co\/Erasmus\/de\/wp-json\/wp\/v2\/media?parent=9564"}],"wp:term":[{"taxonomy":"product_brand","embeddable":true,"href":"https:\/\/erasmus.com.co\/Erasmus\/de\/wp-json\/wp\/v2\/product_brand?post=9564"},{"taxonomy":"product_cat","embeddable":true,"href":"https:\/\/erasmus.com.co\/Erasmus\/de\/wp-json\/wp\/v2\/product_cat?post=9564"},{"taxonomy":"product_tag","embeddable":true,"href":"https:\/\/erasmus.com.co\/Erasmus\/de\/wp-json\/wp\/v2\/product_tag?post=9564"}],"curies":[{"name":"wp","href":"https:\/\/api.w.org\/{rel}","templated":true}]}}