{"id":9568,"date":"2025-09-04T15:35:47","date_gmt":"2025-09-04T15:35:47","guid":{"rendered":"https:\/\/erasmus.com.co\/Erasmus\/producto\/testrano-600\/"},"modified":"2025-11-27T18:17:23","modified_gmt":"2025-11-27T18:17:23","slug":"testrano-600","status":"publish","type":"product","link":"https:\/\/erasmus.com.co\/Erasmus\/de\/produkt\/testrano-600\/","title":{"rendered":"Testrano 600"},"content":{"rendered":"<p><strong>TESTRANO 600 von Omicron<\/strong> ist das weltweit erste tragbare dreiphasige Pr\u00fcfsystem, mit dem alle g\u00e4ngigen elektrischen Pr\u00fcfungen an ein- und dreiphasigen Leistungs- und Verteilungstransformatoren durchgef\u00fchrt werden k\u00f6nnen. Der TESTRANO 600 ist ideal f\u00fcr Routinepr\u00fcfungen, Felddiagnosen und Werksabnahmepr\u00fcfungen (FAT). Er erm\u00f6glicht die Durchf\u00fchrung mehrerer Transformatorpr\u00fcfungen, ohne dass Kabel umgesteckt werden m\u00fcssen, und verk\u00fcrzt die ben\u00f6tigte Zeit im Vergleich zu einphasigen Ger\u00e4ten auf ein Drittel. Sein kompaktes und multifunktionales Design macht ihn zu einem effizienten Werkzeug f\u00fcr Techniker und Fachleute in der Elektroindustrie.<\/p>","protected":false},"excerpt":{"rendered":"<h3><strong>Hauptmerkmale:<\/strong><\/h3>\n<ul>\n<li>\"Erstes tragbares, dreiphasiges elektrisches Pr\u00fcfsystem f\u00fcr Transformatoren.<\/li>\n<li>Pr\u00fcft sowohl Einphasen- als auch Dreiphasentransformatoren.<\/li>\n<li>Ideal f\u00fcr Routinepr\u00fcfungen, Felddiagnosen und Werksabnahmepr\u00fcfungen (FAT).<\/li>\n<li>Reduziert die Pr\u00fcfzeit um ein Drittel im Vergleich zu einphasigen Ger\u00e4ten, da wiederholtes Umstecken vermieden wird.<\/li>\n<li>Tragbares Design f\u00fcr den einfachen Einsatz im Feld.<\/li>\n<li>Multifunktional, f\u00fchrt verschiedene Pr\u00fcfungen an Transformatoren mit einem einzigen Anschluss durch.<\/li>\n<li>Dreiphasige F\u00e4higkeit zur Pr\u00fcfung von Leistungstransformatorsystemen.<\/li>\n<li>Erm\u00f6glicht die Pr\u00fcfung des Transformatorverh\u00e4ltnisses, des Erregerstroms, des Kurzschlusses und vieles mehr.<\/li>\n<li>Automatische Verbindungen f\u00fcr Mehrfachtests ohne Neukonfiguration der Verbindungen.<\/li>\n<li>Digitales Display zur klaren Visualisierung der Testergebnisse.<\/li>\n<li>Unterst\u00fctzt Factory Acceptance Testing (FAT) und Wartungstests.<\/li>\n<li>Integrierte Stromversorgung f\u00fcr maximale Flexibilit\u00e4t im Feld.\"<\/li>\n<\/ul>\n<p><img decoding=\"async\" class=\"alignnone wp-image-9704\" src=\"https:\/\/erasmus.com.co\/Erasmus\/wp-content\/uploads\/2025\/09\/icono_pdf-1.png\" alt=\"\" width=\"38\" height=\"37\" srcset=\"https:\/\/erasmus.com.co\/Erasmus\/wp-content\/uploads\/2025\/09\/icono_pdf-1.png 149w, https:\/\/erasmus.com.co\/Erasmus\/wp-content\/uploads\/2025\/09\/icono_pdf-1-12x12.png 12w, https:\/\/erasmus.com.co\/Erasmus\/wp-content\/uploads\/2025\/09\/icono_pdf-1-100x100.png 100w\" sizes=\"(max-width: 38px) 100vw, 38px\" \/><strong>Download des technischen Datenblatts<\/strong> <a href=\"https:\/\/erasmus.com.co\/Erasmus\/wp-content\/uploads\/2025\/02\/TESTRANO-600-Brochure-ESP.pdf\" target=\"_blank\" rel=\"noopener\"><strong>hier<\/strong><\/a><\/p>","protected":false},"featured_media":4902,"template":"","meta":{"_acf_changed":false},"product_brand":[40],"product_cat":[42],"product_tag":[],"class_list":{"0":"post-9568","1":"product","2":"type-product","3":"status-publish","4":"has-post-thumbnail","6":"product_brand-omicron","7":"product_cat-omicron","9":"first","10":"instock","11":"shipping-taxable","12":"product-type-simple"},"acf":[],"yoast_head":"<!-- This site is optimized with the Yoast SEO Premium plugin v24.6 (Yoast SEO v24.6) - https:\/\/yoast.com\/wordpress\/plugins\/seo\/ -->\n<title>TESTRANO 600 (Omicron) - Erasmus Colombia<\/title>\n<meta name=\"description\" content=\"El TESTRANO 600 de Omicron es el primer sistema de pruebas port\u00e1til y trif\u00e1sico del mundo, dise\u00f1ado para realizar todas las pruebas el\u00e9ctricas comunes.\" \/>\n<meta name=\"robots\" content=\"index, follow, max-snippet:-1, max-image-preview:large, max-video-preview:-1\" \/>\n<link rel=\"canonical\" href=\"https:\/\/erasmus.com.co\/Erasmus\/de\/produkt\/testrano-600\/\" \/>\n<meta property=\"og:locale\" content=\"de_DE\" \/>\n<meta property=\"og:type\" content=\"article\" \/>\n<meta property=\"og:title\" content=\"Testrano 600\" \/>\n<meta property=\"og:description\" content=\"El TESTRANO 600 de Omicron es el primer sistema de pruebas port\u00e1til y trif\u00e1sico del mundo, dise\u00f1ado para realizar todas las pruebas el\u00e9ctricas comunes.\" \/>\n<meta property=\"og:url\" content=\"https:\/\/erasmus.com.co\/Erasmus\/de\/produkt\/testrano-600\/\" \/>\n<meta property=\"og:site_name\" content=\"Erasmus Colombia\" \/>\n<meta property=\"article:modified_time\" content=\"2025-11-27T18:17:23+00:00\" \/>\n<meta property=\"og:image\" content=\"https:\/\/erasmus.com.co\/Erasmus\/wp-content\/uploads\/2025\/02\/Omicron_TESTRANO-600.png\" \/>\n\t<meta property=\"og:image:width\" content=\"1982\" \/>\n\t<meta property=\"og:image:height\" content=\"1487\" \/>\n\t<meta property=\"og:image:type\" content=\"image\/png\" \/>\n<meta name=\"twitter:card\" content=\"summary_large_image\" \/>\n<meta name=\"twitter:label1\" content=\"Gesch\u00e4tzte Lesezeit\" \/>\n\t<meta name=\"twitter:data1\" content=\"1\u00a0Minute\" \/>\n<script type=\"application\/ld+json\" class=\"yoast-schema-graph\">{\"@context\":\"https:\/\/schema.org\",\"@graph\":[{\"@type\":\"WebPage\",\"@id\":\"https:\/\/erasmus.com.co\/Erasmus\/producto\/testrano-600\/\",\"url\":\"https:\/\/erasmus.com.co\/Erasmus\/producto\/testrano-600\/\",\"name\":\"TESTRANO 600 (Omicron) - Erasmus Colombia\",\"isPartOf\":{\"@id\":\"https:\/\/erasmus.com.co\/Erasmus\/#website\"},\"primaryImageOfPage\":{\"@id\":\"https:\/\/erasmus.com.co\/Erasmus\/producto\/testrano-600\/#primaryimage\"},\"image\":{\"@id\":\"https:\/\/erasmus.com.co\/Erasmus\/producto\/testrano-600\/#primaryimage\"},\"thumbnailUrl\":\"https:\/\/erasmus.com.co\/Erasmus\/wp-content\/uploads\/2025\/02\/Omicron_TESTRANO-600.png\",\"datePublished\":\"2025-09-04T15:35:47+00:00\",\"dateModified\":\"2025-11-27T18:17:23+00:00\",\"description\":\"El TESTRANO 600 de Omicron es el primer sistema de pruebas port\u00e1til y trif\u00e1sico del mundo, dise\u00f1ado para realizar todas las pruebas el\u00e9ctricas comunes.\",\"breadcrumb\":{\"@id\":\"https:\/\/erasmus.com.co\/Erasmus\/producto\/testrano-600\/#breadcrumb\"},\"inLanguage\":\"de\",\"potentialAction\":[{\"@type\":\"ReadAction\",\"target\":[\"https:\/\/erasmus.com.co\/Erasmus\/producto\/testrano-600\/\"]}]},{\"@type\":\"ImageObject\",\"inLanguage\":\"de\",\"@id\":\"https:\/\/erasmus.com.co\/Erasmus\/producto\/testrano-600\/#primaryimage\",\"url\":\"https:\/\/erasmus.com.co\/Erasmus\/wp-content\/uploads\/2025\/02\/Omicron_TESTRANO-600.png\",\"contentUrl\":\"https:\/\/erasmus.com.co\/Erasmus\/wp-content\/uploads\/2025\/02\/Omicron_TESTRANO-600.png\",\"width\":1982,\"height\":1487},{\"@type\":\"BreadcrumbList\",\"@id\":\"https:\/\/erasmus.com.co\/Erasmus\/producto\/testrano-600\/#breadcrumb\",\"itemListElement\":[{\"@type\":\"ListItem\",\"position\":1,\"name\":\"Home\",\"item\":\"https:\/\/erasmus.com.co\/Erasmus\/\"},{\"@type\":\"ListItem\",\"position\":2,\"name\":\"Tienda\",\"item\":\"https:\/\/erasmus.com.co\/Erasmus\/tienda\/\"},{\"@type\":\"ListItem\",\"position\":3,\"name\":\"Testrano 600\"}]},{\"@type\":\"WebSite\",\"@id\":\"https:\/\/erasmus.com.co\/Erasmus\/#website\",\"url\":\"https:\/\/erasmus.com.co\/Erasmus\/\",\"name\":\"Erasmus Colombia\",\"description\":\"Ofrecemos productos y servicios de excelencia para el Sector Industrial\",\"publisher\":{\"@id\":\"https:\/\/erasmus.com.co\/Erasmus\/#organization\"},\"potentialAction\":[{\"@type\":\"SearchAction\",\"target\":{\"@type\":\"EntryPoint\",\"urlTemplate\":\"https:\/\/erasmus.com.co\/Erasmus\/?s={search_term_string}\"},\"query-input\":{\"@type\":\"PropertyValueSpecification\",\"valueRequired\":true,\"valueName\":\"search_term_string\"}}],\"inLanguage\":\"de\"},{\"@type\":\"Organization\",\"@id\":\"https:\/\/erasmus.com.co\/Erasmus\/#organization\",\"name\":\"Erasmus Colombia\",\"url\":\"https:\/\/erasmus.com.co\/Erasmus\/\",\"logo\":{\"@type\":\"ImageObject\",\"inLanguage\":\"de\",\"@id\":\"https:\/\/erasmus.com.co\/Erasmus\/#\/schema\/logo\/image\/\",\"url\":\"https:\/\/erasmus.com.co\/Erasmus\/wp-content\/uploads\/2023\/02\/cropped-cropped-logo_erasmus.png\",\"contentUrl\":\"https:\/\/erasmus.com.co\/Erasmus\/wp-content\/uploads\/2023\/02\/cropped-cropped-logo_erasmus.png\",\"width\":817,\"height\":163,\"caption\":\"Erasmus Colombia\"},\"image\":{\"@id\":\"https:\/\/erasmus.com.co\/Erasmus\/#\/schema\/logo\/image\/\"}}]}<\/script>\n<!-- \/ Yoast SEO Premium plugin. -->","yoast_head_json":{"title":"TESTRANO 600 (Omicron) - Erasmus Colombia","description":"El TESTRANO 600 de Omicron es el primer sistema de pruebas port\u00e1til y trif\u00e1sico del mundo, dise\u00f1ado para realizar todas las pruebas el\u00e9ctricas comunes.","robots":{"index":"index","follow":"follow","max-snippet":"max-snippet:-1","max-image-preview":"max-image-preview:large","max-video-preview":"max-video-preview:-1"},"canonical":"https:\/\/erasmus.com.co\/Erasmus\/de\/produkt\/testrano-600\/","og_locale":"de_DE","og_type":"article","og_title":"Testrano 600","og_description":"El TESTRANO 600 de Omicron es el primer sistema de pruebas port\u00e1til y trif\u00e1sico del mundo, dise\u00f1ado para realizar todas las pruebas el\u00e9ctricas comunes.","og_url":"https:\/\/erasmus.com.co\/Erasmus\/de\/produkt\/testrano-600\/","og_site_name":"Erasmus Colombia","article_modified_time":"2025-11-27T18:17:23+00:00","og_image":[{"width":1982,"height":1487,"url":"https:\/\/erasmus.com.co\/Erasmus\/wp-content\/uploads\/2025\/02\/Omicron_TESTRANO-600.png","type":"image\/png"}],"twitter_card":"summary_large_image","twitter_misc":{"Gesch\u00e4tzte Lesezeit":"1\u00a0Minute"},"schema":{"@context":"https:\/\/schema.org","@graph":[{"@type":"WebPage","@id":"https:\/\/erasmus.com.co\/Erasmus\/producto\/testrano-600\/","url":"https:\/\/erasmus.com.co\/Erasmus\/producto\/testrano-600\/","name":"TESTRANO 600 (Omicron) - Erasmus Colombia","isPartOf":{"@id":"https:\/\/erasmus.com.co\/Erasmus\/#website"},"primaryImageOfPage":{"@id":"https:\/\/erasmus.com.co\/Erasmus\/producto\/testrano-600\/#primaryimage"},"image":{"@id":"https:\/\/erasmus.com.co\/Erasmus\/producto\/testrano-600\/#primaryimage"},"thumbnailUrl":"https:\/\/erasmus.com.co\/Erasmus\/wp-content\/uploads\/2025\/02\/Omicron_TESTRANO-600.png","datePublished":"2025-09-04T15:35:47+00:00","dateModified":"2025-11-27T18:17:23+00:00","description":"El TESTRANO 600 de Omicron es el primer sistema de pruebas port\u00e1til y trif\u00e1sico del mundo, dise\u00f1ado para realizar todas las pruebas el\u00e9ctricas comunes.","breadcrumb":{"@id":"https:\/\/erasmus.com.co\/Erasmus\/producto\/testrano-600\/#breadcrumb"},"inLanguage":"de","potentialAction":[{"@type":"ReadAction","target":["https:\/\/erasmus.com.co\/Erasmus\/producto\/testrano-600\/"]}]},{"@type":"ImageObject","inLanguage":"de","@id":"https:\/\/erasmus.com.co\/Erasmus\/producto\/testrano-600\/#primaryimage","url":"https:\/\/erasmus.com.co\/Erasmus\/wp-content\/uploads\/2025\/02\/Omicron_TESTRANO-600.png","contentUrl":"https:\/\/erasmus.com.co\/Erasmus\/wp-content\/uploads\/2025\/02\/Omicron_TESTRANO-600.png","width":1982,"height":1487},{"@type":"BreadcrumbList","@id":"https:\/\/erasmus.com.co\/Erasmus\/producto\/testrano-600\/#breadcrumb","itemListElement":[{"@type":"ListItem","position":1,"name":"Home","item":"https:\/\/erasmus.com.co\/Erasmus\/"},{"@type":"ListItem","position":2,"name":"Tienda","item":"https:\/\/erasmus.com.co\/Erasmus\/tienda\/"},{"@type":"ListItem","position":3,"name":"Testrano 600"}]},{"@type":"WebSite","@id":"https:\/\/erasmus.com.co\/Erasmus\/#website","url":"https:\/\/erasmus.com.co\/Erasmus\/","name":"Erasmus Colombia","description":"Ofrecemos productos y servicios de excelencia para el Sector Industrial","publisher":{"@id":"https:\/\/erasmus.com.co\/Erasmus\/#organization"},"potentialAction":[{"@type":"SearchAction","target":{"@type":"EntryPoint","urlTemplate":"https:\/\/erasmus.com.co\/Erasmus\/?s={search_term_string}"},"query-input":{"@type":"PropertyValueSpecification","valueRequired":true,"valueName":"search_term_string"}}],"inLanguage":"de"},{"@type":"Organization","@id":"https:\/\/erasmus.com.co\/Erasmus\/#organization","name":"Erasmus Colombia","url":"https:\/\/erasmus.com.co\/Erasmus\/","logo":{"@type":"ImageObject","inLanguage":"de","@id":"https:\/\/erasmus.com.co\/Erasmus\/#\/schema\/logo\/image\/","url":"https:\/\/erasmus.com.co\/Erasmus\/wp-content\/uploads\/2023\/02\/cropped-cropped-logo_erasmus.png","contentUrl":"https:\/\/erasmus.com.co\/Erasmus\/wp-content\/uploads\/2023\/02\/cropped-cropped-logo_erasmus.png","width":817,"height":163,"caption":"Erasmus Colombia"},"image":{"@id":"https:\/\/erasmus.com.co\/Erasmus\/#\/schema\/logo\/image\/"}}]}},"_links":{"self":[{"href":"https:\/\/erasmus.com.co\/Erasmus\/de\/wp-json\/wp\/v2\/product\/9568","targetHints":{"allow":["GET"]}}],"collection":[{"href":"https:\/\/erasmus.com.co\/Erasmus\/de\/wp-json\/wp\/v2\/product"}],"about":[{"href":"https:\/\/erasmus.com.co\/Erasmus\/de\/wp-json\/wp\/v2\/types\/product"}],"wp:featuredmedia":[{"embeddable":true,"href":"https:\/\/erasmus.com.co\/Erasmus\/de\/wp-json\/wp\/v2\/media\/4902"}],"wp:attachment":[{"href":"https:\/\/erasmus.com.co\/Erasmus\/de\/wp-json\/wp\/v2\/media?parent=9568"}],"wp:term":[{"taxonomy":"product_brand","embeddable":true,"href":"https:\/\/erasmus.com.co\/Erasmus\/de\/wp-json\/wp\/v2\/product_brand?post=9568"},{"taxonomy":"product_cat","embeddable":true,"href":"https:\/\/erasmus.com.co\/Erasmus\/de\/wp-json\/wp\/v2\/product_cat?post=9568"},{"taxonomy":"product_tag","embeddable":true,"href":"https:\/\/erasmus.com.co\/Erasmus\/de\/wp-json\/wp\/v2\/product_tag?post=9568"}],"curies":[{"name":"wp","href":"https:\/\/api.w.org\/{rel}","templated":true}]}}