{"id":9573,"date":"2025-09-04T15:35:50","date_gmt":"2025-09-04T15:35:50","guid":{"rendered":"https:\/\/erasmus.com.co\/Erasmus\/producto\/franalyzer\/"},"modified":"2025-11-27T18:14:13","modified_gmt":"2025-11-27T18:14:13","slug":"franalyzer","status":"publish","type":"product","link":"https:\/\/erasmus.com.co\/Erasmus\/de\/produkt\/franalyzer\/","title":{"rendered":"FRAnalyzer"},"content":{"rendered":"<p><strong>FRAnalyzer von Omicron<\/strong> ist ein fortschrittliches Ger\u00e4t f\u00fcr die Sweep-Frequenzganganalyse (SFRA) von Leistungstransformatoren. Es nutzt einen breiten Frequenzbereich, um Ver\u00e4nderungen der mechanischen und elektrischen Integrit\u00e4t des Transformators zu erkennen, die durch Transportsch\u00e4den oder Fehler verursacht werden. Es liefert genaue und schnelle Ergebnisse, verbessert die Zuverl\u00e4ssigkeit des Transformators und reduziert die Wartungskosten. Sein tragbares Design erm\u00f6glicht eine effiziente Vor-Ort-Diagnose, die eine fr\u00fchzeitige Erkennung von Problemen erleichtert und kostspielige Ausf\u00e4lle vermeidet.<\/p>","protected":false},"excerpt":{"rendered":"<h3><strong>Hauptmerkmale:<\/strong><\/h3>\n<ul>\n<li>\"Entwickelt f\u00fcr die Analyse des Sweep-Frequenzgangs (SFRA) in Leistungstransformatoren.<\/li>\n<li>Detektiert mechanische und elektrische Sch\u00e4den, die durch Transport- oder Hochstromfehler verursacht werden.<\/li>\n<li>Verbessert die Zuverl\u00e4ssigkeit und reduziert die Wartungskosten f\u00fcr Transformatoren.<\/li>\n<li>Erm\u00f6glicht eine schnelle und genaue Diagnose, auch vor Ort.<\/li>\n<li>Ideal, um kostspielige Ausf\u00e4lle zu verhindern und die Integrit\u00e4t des Transformators zu erhalten.<\/li>\n<li>Einfach zu interpretierende Ergebnisse dank der intuitiven Benutzeroberfl\u00e4che.<\/li>\n<li>Breiter Sweep-Frequenzbereich f\u00fcr detaillierte Analysen.<\/li>\n<li>Fortschrittliche Technologie f\u00fcr genaue Transformatormessungen.<\/li>\n<li>Tragbar und einfach zu verwenden f\u00fcr Feldtests.<\/li>\n<li>Dazu geh\u00f6rt eine Software, die die Visualisierung und Analyse der Ergebnisse erleichtert.<\/li>\n<li>Hohe Genauigkeit bei der Messung der elektrischen \u00dcbertragungsfunktion.<\/li>\n<li>Kompatibel mit Leistungstransformatoren verschiedener Konfigurationen\".<\/li>\n<\/ul>\n<p><img decoding=\"async\" class=\"alignnone wp-image-9704\" src=\"https:\/\/erasmus.com.co\/Erasmus\/wp-content\/uploads\/2025\/09\/icono_pdf-1.png\" alt=\"\" width=\"38\" height=\"37\" srcset=\"https:\/\/erasmus.com.co\/Erasmus\/wp-content\/uploads\/2025\/09\/icono_pdf-1.png 149w, https:\/\/erasmus.com.co\/Erasmus\/wp-content\/uploads\/2025\/09\/icono_pdf-1-12x12.png 12w, https:\/\/erasmus.com.co\/Erasmus\/wp-content\/uploads\/2025\/09\/icono_pdf-1-100x100.png 100w\" sizes=\"(max-width: 38px) 100vw, 38px\" \/><strong>Download des technischen Datenblatts<\/strong> <a href=\"https:\/\/erasmus.com.co\/Erasmus\/wp-content\/uploads\/2025\/02\/FRAnalyzer-Brochure.pdf\" target=\"_blank\" rel=\"noopener\"><strong>hier<\/strong><\/a><\/p>","protected":false},"featured_media":4786,"template":"","meta":{"_acf_changed":false},"product_brand":[40],"product_cat":[42],"product_tag":[],"class_list":{"0":"post-9573","1":"product","2":"type-product","3":"status-publish","4":"has-post-thumbnail","6":"product_brand-omicron","7":"product_cat-omicron","9":"first","10":"instock","11":"shipping-taxable","12":"product-type-simple"},"acf":[],"yoast_head":"<!-- This site is optimized with the Yoast SEO Premium plugin v24.6 (Yoast SEO v24.6) - https:\/\/yoast.com\/wordpress\/plugins\/seo\/ -->\n<title>FRAnalyzer (Omicron) - Erasmus Colombia<\/title>\n<meta name=\"description\" content=\"El FRAnalyzer de Omicron es un equipo avanzado para el an\u00e1lisis de la respuesta en frecuencia de barrido (SFRA) en transformadores de potencia.\" \/>\n<meta name=\"robots\" content=\"index, follow, max-snippet:-1, max-image-preview:large, max-video-preview:-1\" \/>\n<link rel=\"canonical\" href=\"https:\/\/erasmus.com.co\/Erasmus\/de\/produkt\/franalyzer\/\" \/>\n<meta property=\"og:locale\" content=\"de_DE\" \/>\n<meta property=\"og:type\" content=\"article\" \/>\n<meta property=\"og:title\" content=\"FRAnalyzer\" \/>\n<meta property=\"og:description\" content=\"El FRAnalyzer de Omicron es un equipo avanzado para el an\u00e1lisis de la respuesta en frecuencia de barrido (SFRA) en transformadores de potencia.\" \/>\n<meta property=\"og:url\" content=\"https:\/\/erasmus.com.co\/Erasmus\/de\/produkt\/franalyzer\/\" \/>\n<meta property=\"og:site_name\" content=\"Erasmus Colombia\" \/>\n<meta property=\"article:modified_time\" content=\"2025-11-27T18:14:13+00:00\" \/>\n<meta property=\"og:image\" content=\"https:\/\/erasmus.com.co\/Erasmus\/wp-content\/uploads\/2025\/02\/Thumbnail_Omicron_FRAnalyzer.png\" \/>\n\t<meta property=\"og:image:width\" content=\"1197\" \/>\n\t<meta property=\"og:image:height\" content=\"598\" \/>\n\t<meta property=\"og:image:type\" content=\"image\/png\" \/>\n<meta name=\"twitter:card\" content=\"summary_large_image\" \/>\n<meta name=\"twitter:label1\" content=\"Gesch\u00e4tzte Lesezeit\" \/>\n\t<meta name=\"twitter:data1\" content=\"1\u00a0Minute\" \/>\n<script type=\"application\/ld+json\" class=\"yoast-schema-graph\">{\"@context\":\"https:\/\/schema.org\",\"@graph\":[{\"@type\":\"WebPage\",\"@id\":\"https:\/\/erasmus.com.co\/Erasmus\/producto\/franalyzer\/\",\"url\":\"https:\/\/erasmus.com.co\/Erasmus\/producto\/franalyzer\/\",\"name\":\"FRAnalyzer (Omicron) - Erasmus Colombia\",\"isPartOf\":{\"@id\":\"https:\/\/erasmus.com.co\/Erasmus\/#website\"},\"primaryImageOfPage\":{\"@id\":\"https:\/\/erasmus.com.co\/Erasmus\/producto\/franalyzer\/#primaryimage\"},\"image\":{\"@id\":\"https:\/\/erasmus.com.co\/Erasmus\/producto\/franalyzer\/#primaryimage\"},\"thumbnailUrl\":\"https:\/\/erasmus.com.co\/Erasmus\/wp-content\/uploads\/2025\/02\/Thumbnail_Omicron_FRAnalyzer.png\",\"datePublished\":\"2025-09-04T15:35:50+00:00\",\"dateModified\":\"2025-11-27T18:14:13+00:00\",\"description\":\"El FRAnalyzer de Omicron es un equipo avanzado para el an\u00e1lisis de la respuesta en frecuencia de barrido (SFRA) en transformadores de potencia.\",\"breadcrumb\":{\"@id\":\"https:\/\/erasmus.com.co\/Erasmus\/producto\/franalyzer\/#breadcrumb\"},\"inLanguage\":\"de\",\"potentialAction\":[{\"@type\":\"ReadAction\",\"target\":[\"https:\/\/erasmus.com.co\/Erasmus\/producto\/franalyzer\/\"]}]},{\"@type\":\"ImageObject\",\"inLanguage\":\"de\",\"@id\":\"https:\/\/erasmus.com.co\/Erasmus\/producto\/franalyzer\/#primaryimage\",\"url\":\"https:\/\/erasmus.com.co\/Erasmus\/wp-content\/uploads\/2025\/02\/Thumbnail_Omicron_FRAnalyzer.png\",\"contentUrl\":\"https:\/\/erasmus.com.co\/Erasmus\/wp-content\/uploads\/2025\/02\/Thumbnail_Omicron_FRAnalyzer.png\",\"width\":1197,\"height\":598},{\"@type\":\"BreadcrumbList\",\"@id\":\"https:\/\/erasmus.com.co\/Erasmus\/producto\/franalyzer\/#breadcrumb\",\"itemListElement\":[{\"@type\":\"ListItem\",\"position\":1,\"name\":\"Home\",\"item\":\"https:\/\/erasmus.com.co\/Erasmus\/\"},{\"@type\":\"ListItem\",\"position\":2,\"name\":\"Tienda\",\"item\":\"https:\/\/erasmus.com.co\/Erasmus\/tienda\/\"},{\"@type\":\"ListItem\",\"position\":3,\"name\":\"FRAnalyzer\"}]},{\"@type\":\"WebSite\",\"@id\":\"https:\/\/erasmus.com.co\/Erasmus\/#website\",\"url\":\"https:\/\/erasmus.com.co\/Erasmus\/\",\"name\":\"Erasmus Colombia\",\"description\":\"Ofrecemos productos y servicios de excelencia para el Sector Industrial\",\"publisher\":{\"@id\":\"https:\/\/erasmus.com.co\/Erasmus\/#organization\"},\"potentialAction\":[{\"@type\":\"SearchAction\",\"target\":{\"@type\":\"EntryPoint\",\"urlTemplate\":\"https:\/\/erasmus.com.co\/Erasmus\/?s={search_term_string}\"},\"query-input\":{\"@type\":\"PropertyValueSpecification\",\"valueRequired\":true,\"valueName\":\"search_term_string\"}}],\"inLanguage\":\"de\"},{\"@type\":\"Organization\",\"@id\":\"https:\/\/erasmus.com.co\/Erasmus\/#organization\",\"name\":\"Erasmus Colombia\",\"url\":\"https:\/\/erasmus.com.co\/Erasmus\/\",\"logo\":{\"@type\":\"ImageObject\",\"inLanguage\":\"de\",\"@id\":\"https:\/\/erasmus.com.co\/Erasmus\/#\/schema\/logo\/image\/\",\"url\":\"https:\/\/erasmus.com.co\/Erasmus\/wp-content\/uploads\/2023\/02\/cropped-cropped-logo_erasmus.png\",\"contentUrl\":\"https:\/\/erasmus.com.co\/Erasmus\/wp-content\/uploads\/2023\/02\/cropped-cropped-logo_erasmus.png\",\"width\":817,\"height\":163,\"caption\":\"Erasmus Colombia\"},\"image\":{\"@id\":\"https:\/\/erasmus.com.co\/Erasmus\/#\/schema\/logo\/image\/\"}}]}<\/script>\n<!-- \/ Yoast SEO Premium plugin. -->","yoast_head_json":{"title":"FRAnalyzer (Omicron) - Erasmus Colombia","description":"El FRAnalyzer de Omicron es un equipo avanzado para el an\u00e1lisis de la respuesta en frecuencia de barrido (SFRA) en transformadores de potencia.","robots":{"index":"index","follow":"follow","max-snippet":"max-snippet:-1","max-image-preview":"max-image-preview:large","max-video-preview":"max-video-preview:-1"},"canonical":"https:\/\/erasmus.com.co\/Erasmus\/de\/produkt\/franalyzer\/","og_locale":"de_DE","og_type":"article","og_title":"FRAnalyzer","og_description":"El FRAnalyzer de Omicron es un equipo avanzado para el an\u00e1lisis de la respuesta en frecuencia de barrido (SFRA) en transformadores de potencia.","og_url":"https:\/\/erasmus.com.co\/Erasmus\/de\/produkt\/franalyzer\/","og_site_name":"Erasmus Colombia","article_modified_time":"2025-11-27T18:14:13+00:00","og_image":[{"width":1197,"height":598,"url":"https:\/\/erasmus.com.co\/Erasmus\/wp-content\/uploads\/2025\/02\/Thumbnail_Omicron_FRAnalyzer.png","type":"image\/png"}],"twitter_card":"summary_large_image","twitter_misc":{"Gesch\u00e4tzte Lesezeit":"1\u00a0Minute"},"schema":{"@context":"https:\/\/schema.org","@graph":[{"@type":"WebPage","@id":"https:\/\/erasmus.com.co\/Erasmus\/producto\/franalyzer\/","url":"https:\/\/erasmus.com.co\/Erasmus\/producto\/franalyzer\/","name":"FRAnalyzer (Omicron) - Erasmus Colombia","isPartOf":{"@id":"https:\/\/erasmus.com.co\/Erasmus\/#website"},"primaryImageOfPage":{"@id":"https:\/\/erasmus.com.co\/Erasmus\/producto\/franalyzer\/#primaryimage"},"image":{"@id":"https:\/\/erasmus.com.co\/Erasmus\/producto\/franalyzer\/#primaryimage"},"thumbnailUrl":"https:\/\/erasmus.com.co\/Erasmus\/wp-content\/uploads\/2025\/02\/Thumbnail_Omicron_FRAnalyzer.png","datePublished":"2025-09-04T15:35:50+00:00","dateModified":"2025-11-27T18:14:13+00:00","description":"El FRAnalyzer de Omicron es un equipo avanzado para el an\u00e1lisis de la respuesta en frecuencia de barrido (SFRA) en transformadores de potencia.","breadcrumb":{"@id":"https:\/\/erasmus.com.co\/Erasmus\/producto\/franalyzer\/#breadcrumb"},"inLanguage":"de","potentialAction":[{"@type":"ReadAction","target":["https:\/\/erasmus.com.co\/Erasmus\/producto\/franalyzer\/"]}]},{"@type":"ImageObject","inLanguage":"de","@id":"https:\/\/erasmus.com.co\/Erasmus\/producto\/franalyzer\/#primaryimage","url":"https:\/\/erasmus.com.co\/Erasmus\/wp-content\/uploads\/2025\/02\/Thumbnail_Omicron_FRAnalyzer.png","contentUrl":"https:\/\/erasmus.com.co\/Erasmus\/wp-content\/uploads\/2025\/02\/Thumbnail_Omicron_FRAnalyzer.png","width":1197,"height":598},{"@type":"BreadcrumbList","@id":"https:\/\/erasmus.com.co\/Erasmus\/producto\/franalyzer\/#breadcrumb","itemListElement":[{"@type":"ListItem","position":1,"name":"Home","item":"https:\/\/erasmus.com.co\/Erasmus\/"},{"@type":"ListItem","position":2,"name":"Tienda","item":"https:\/\/erasmus.com.co\/Erasmus\/tienda\/"},{"@type":"ListItem","position":3,"name":"FRAnalyzer"}]},{"@type":"WebSite","@id":"https:\/\/erasmus.com.co\/Erasmus\/#website","url":"https:\/\/erasmus.com.co\/Erasmus\/","name":"Erasmus Colombia","description":"Ofrecemos productos y servicios de excelencia para el Sector Industrial","publisher":{"@id":"https:\/\/erasmus.com.co\/Erasmus\/#organization"},"potentialAction":[{"@type":"SearchAction","target":{"@type":"EntryPoint","urlTemplate":"https:\/\/erasmus.com.co\/Erasmus\/?s={search_term_string}"},"query-input":{"@type":"PropertyValueSpecification","valueRequired":true,"valueName":"search_term_string"}}],"inLanguage":"de"},{"@type":"Organization","@id":"https:\/\/erasmus.com.co\/Erasmus\/#organization","name":"Erasmus Colombia","url":"https:\/\/erasmus.com.co\/Erasmus\/","logo":{"@type":"ImageObject","inLanguage":"de","@id":"https:\/\/erasmus.com.co\/Erasmus\/#\/schema\/logo\/image\/","url":"https:\/\/erasmus.com.co\/Erasmus\/wp-content\/uploads\/2023\/02\/cropped-cropped-logo_erasmus.png","contentUrl":"https:\/\/erasmus.com.co\/Erasmus\/wp-content\/uploads\/2023\/02\/cropped-cropped-logo_erasmus.png","width":817,"height":163,"caption":"Erasmus Colombia"},"image":{"@id":"https:\/\/erasmus.com.co\/Erasmus\/#\/schema\/logo\/image\/"}}]}},"_links":{"self":[{"href":"https:\/\/erasmus.com.co\/Erasmus\/de\/wp-json\/wp\/v2\/product\/9573","targetHints":{"allow":["GET"]}}],"collection":[{"href":"https:\/\/erasmus.com.co\/Erasmus\/de\/wp-json\/wp\/v2\/product"}],"about":[{"href":"https:\/\/erasmus.com.co\/Erasmus\/de\/wp-json\/wp\/v2\/types\/product"}],"wp:featuredmedia":[{"embeddable":true,"href":"https:\/\/erasmus.com.co\/Erasmus\/de\/wp-json\/wp\/v2\/media\/4786"}],"wp:attachment":[{"href":"https:\/\/erasmus.com.co\/Erasmus\/de\/wp-json\/wp\/v2\/media?parent=9573"}],"wp:term":[{"taxonomy":"product_brand","embeddable":true,"href":"https:\/\/erasmus.com.co\/Erasmus\/de\/wp-json\/wp\/v2\/product_brand?post=9573"},{"taxonomy":"product_cat","embeddable":true,"href":"https:\/\/erasmus.com.co\/Erasmus\/de\/wp-json\/wp\/v2\/product_cat?post=9573"},{"taxonomy":"product_tag","embeddable":true,"href":"https:\/\/erasmus.com.co\/Erasmus\/de\/wp-json\/wp\/v2\/product_tag?post=9573"}],"curies":[{"name":"wp","href":"https:\/\/api.w.org\/{rel}","templated":true}]}}