{"id":9574,"date":"2025-09-04T15:35:50","date_gmt":"2025-09-04T15:35:50","guid":{"rendered":"https:\/\/erasmus.com.co\/Erasmus\/producto\/ct-analyzer\/"},"modified":"2025-11-27T18:13:32","modified_gmt":"2025-11-27T18:13:32","slug":"omicron-ct-analyzer","status":"publish","type":"product","link":"https:\/\/erasmus.com.co\/Erasmus\/de\/produkt\/omicron-ct-analyzer\/","title":{"rendered":"CT ANALYZER"},"content":{"rendered":"<p><strong>Der Omicron CT-Analysator<\/strong> ist ein fortschrittliches Ger\u00e4t zur Durchf\u00fchrung detaillierter Pr\u00fcfungen an Stromwandlern (CTs). Es speist Low-Level-Pr\u00fcfsignale in die Sekund\u00e4rseite des Stromwandlers ein und ermittelt die Ersatzschaltbildparameter. Es identifiziert alle Leistungsparameter des Stromwandlers und zeigt deren Genauigkeit bei verschiedenen Str\u00f6men und Lasten an. Es bewertet den Stromwandler nach ausgew\u00e4hlten Normen, bestimmt die Parameter des Typenschilds und entmagnetisiert den Stromwandler nach der Pr\u00fcfung, um genaue und zuverl\u00e4ssige Ergebnisse zu gew\u00e4hrleisten.<\/p>","protected":false},"excerpt":{"rendered":"<h3><strong>Hauptmerkmale:<\/strong><\/h3>\n<ul>\n<li>Einspeisung von Pr\u00fcfsignalen mit niedrigem Pegel auf der Sekund\u00e4rseite des CTs.<\/li>\n<li>Bestimmen Sie die Ersatzschaltbildparameter des Stromwandlers (CT).<\/li>\n<li>Identifiziert und bewertet die CT-Leistungsparameter anhand ausgew\u00e4hlter Standards.<\/li>\n<li>Sie zeigt die relevanten Parameter und ihre Genauigkeit bei verschiedenen Str\u00f6men und Lasten.<\/li>\n<li>Erm\u00f6glicht die Bestimmung der Parameter des Stromwandler-Typenschilds.<\/li>\n<li>Entmagnetisiert den CT nach der Pr\u00fcfung, um genaue Messungen zu gew\u00e4hrleisten.<\/li>\n<li>CT-Pr\u00fcfungen nach internationalen Normen.<\/li>\n<li>Messung der Leistungsparameter unter verschiedenen Lastbedingungen.<\/li>\n<li>Bewertung der CT-Genauigkeit bei verschiedenen Str\u00f6men.<\/li>\n<li>Pr\u00e4zises Werkzeug zur \u00dcberpr\u00fcfung der Leistung von Stromwandlern im Betrieb.<\/li>\n<li>Automatische Entmagnetisierungsfunktion nach der Pr\u00fcfung.<\/li>\n<\/ul>\n<p><img decoding=\"async\" class=\"alignnone wp-image-9704\" src=\"https:\/\/erasmus.com.co\/Erasmus\/wp-content\/uploads\/2025\/09\/icono_pdf-1.png\" alt=\"\" width=\"38\" height=\"37\" srcset=\"https:\/\/erasmus.com.co\/Erasmus\/wp-content\/uploads\/2025\/09\/icono_pdf-1.png 149w, https:\/\/erasmus.com.co\/Erasmus\/wp-content\/uploads\/2025\/09\/icono_pdf-1-12x12.png 12w, https:\/\/erasmus.com.co\/Erasmus\/wp-content\/uploads\/2025\/09\/icono_pdf-1-100x100.png 100w\" sizes=\"(max-width: 38px) 100vw, 38px\" \/><strong>Download des technischen Datenblatts<\/strong> <a href=\"https:\/\/erasmus.com.co\/Erasmus\/wp-content\/uploads\/2025\/02\/CT-Analyzer-Brochure-ESP.pdf\" target=\"_blank\" rel=\"noopener\"><strong>hier<\/strong><\/a><\/p>","protected":false},"featured_media":10191,"template":"","meta":{"_acf_changed":false},"product_brand":[40],"product_cat":[42],"product_tag":[],"class_list":{"0":"post-9574","1":"product","2":"type-product","3":"status-publish","4":"has-post-thumbnail","6":"product_brand-omicron","7":"product_cat-omicron","9":"first","10":"instock","11":"shipping-taxable","12":"product-type-simple"},"acf":[],"yoast_head":"<!-- This site is optimized with the Yoast SEO Premium plugin v24.6 (Yoast SEO v24.6) - https:\/\/yoast.com\/wordpress\/plugins\/seo\/ -->\n<title>CT Analyzer (Omicron) - Erasmus Colombia<\/title>\n<meta name=\"description\" content=\"El CT Analyzer de Omicron es un dispositivo avanzado dise\u00f1ado para realizar pruebas detalladas en transformadores de corriente (TC).\" \/>\n<meta name=\"robots\" content=\"index, follow, max-snippet:-1, max-image-preview:large, max-video-preview:-1\" \/>\n<link rel=\"canonical\" href=\"https:\/\/erasmus.com.co\/Erasmus\/de\/produkt\/omicron-ct-analyzer\/\" \/>\n<meta property=\"og:locale\" content=\"de_DE\" \/>\n<meta property=\"og:type\" content=\"article\" \/>\n<meta property=\"og:title\" content=\"CT ANALYZER\" \/>\n<meta property=\"og:description\" content=\"El CT Analyzer de Omicron es un dispositivo avanzado dise\u00f1ado para realizar pruebas detalladas en transformadores de corriente (TC).\" \/>\n<meta property=\"og:url\" content=\"https:\/\/erasmus.com.co\/Erasmus\/de\/produkt\/omicron-ct-analyzer\/\" \/>\n<meta property=\"og:site_name\" content=\"Erasmus Colombia\" \/>\n<meta property=\"article:modified_time\" content=\"2025-11-27T18:13:32+00:00\" \/>\n<meta property=\"og:image\" content=\"https:\/\/erasmus.com.co\/Erasmus\/wp-content\/uploads\/2025\/09\/Omicron_CT-Analyzer.png\" \/>\n\t<meta property=\"og:image:width\" content=\"1200\" \/>\n\t<meta property=\"og:image:height\" content=\"900\" \/>\n\t<meta property=\"og:image:type\" content=\"image\/png\" \/>\n<meta name=\"twitter:card\" content=\"summary_large_image\" \/>\n<meta name=\"twitter:label1\" content=\"Gesch\u00e4tzte Lesezeit\" \/>\n\t<meta name=\"twitter:data1\" content=\"1\u00a0Minute\" \/>\n<script type=\"application\/ld+json\" class=\"yoast-schema-graph\">{\"@context\":\"https:\/\/schema.org\",\"@graph\":[{\"@type\":\"WebPage\",\"@id\":\"https:\/\/erasmus.com.co\/Erasmus\/producto\/omicron-ct-analyzer\/\",\"url\":\"https:\/\/erasmus.com.co\/Erasmus\/producto\/omicron-ct-analyzer\/\",\"name\":\"CT Analyzer (Omicron) - Erasmus Colombia\",\"isPartOf\":{\"@id\":\"https:\/\/erasmus.com.co\/Erasmus\/#website\"},\"primaryImageOfPage\":{\"@id\":\"https:\/\/erasmus.com.co\/Erasmus\/producto\/omicron-ct-analyzer\/#primaryimage\"},\"image\":{\"@id\":\"https:\/\/erasmus.com.co\/Erasmus\/producto\/omicron-ct-analyzer\/#primaryimage\"},\"thumbnailUrl\":\"https:\/\/erasmus.com.co\/Erasmus\/wp-content\/uploads\/2025\/09\/Omicron_CT-Analyzer.png\",\"datePublished\":\"2025-09-04T15:35:50+00:00\",\"dateModified\":\"2025-11-27T18:13:32+00:00\",\"description\":\"El CT Analyzer de Omicron es un dispositivo avanzado dise\u00f1ado para realizar pruebas detalladas en transformadores de corriente (TC).\",\"breadcrumb\":{\"@id\":\"https:\/\/erasmus.com.co\/Erasmus\/producto\/omicron-ct-analyzer\/#breadcrumb\"},\"inLanguage\":\"de\",\"potentialAction\":[{\"@type\":\"ReadAction\",\"target\":[\"https:\/\/erasmus.com.co\/Erasmus\/producto\/omicron-ct-analyzer\/\"]}]},{\"@type\":\"ImageObject\",\"inLanguage\":\"de\",\"@id\":\"https:\/\/erasmus.com.co\/Erasmus\/producto\/omicron-ct-analyzer\/#primaryimage\",\"url\":\"https:\/\/erasmus.com.co\/Erasmus\/wp-content\/uploads\/2025\/09\/Omicron_CT-Analyzer.png\",\"contentUrl\":\"https:\/\/erasmus.com.co\/Erasmus\/wp-content\/uploads\/2025\/09\/Omicron_CT-Analyzer.png\",\"width\":1200,\"height\":900},{\"@type\":\"BreadcrumbList\",\"@id\":\"https:\/\/erasmus.com.co\/Erasmus\/producto\/omicron-ct-analyzer\/#breadcrumb\",\"itemListElement\":[{\"@type\":\"ListItem\",\"position\":1,\"name\":\"Home\",\"item\":\"https:\/\/erasmus.com.co\/Erasmus\/\"},{\"@type\":\"ListItem\",\"position\":2,\"name\":\"Tienda\",\"item\":\"https:\/\/erasmus.com.co\/Erasmus\/tienda\/\"},{\"@type\":\"ListItem\",\"position\":3,\"name\":\"CT ANALYZER\"}]},{\"@type\":\"WebSite\",\"@id\":\"https:\/\/erasmus.com.co\/Erasmus\/#website\",\"url\":\"https:\/\/erasmus.com.co\/Erasmus\/\",\"name\":\"Erasmus Colombia\",\"description\":\"Ofrecemos productos y servicios de excelencia para el Sector Industrial\",\"publisher\":{\"@id\":\"https:\/\/erasmus.com.co\/Erasmus\/#organization\"},\"potentialAction\":[{\"@type\":\"SearchAction\",\"target\":{\"@type\":\"EntryPoint\",\"urlTemplate\":\"https:\/\/erasmus.com.co\/Erasmus\/?s={search_term_string}\"},\"query-input\":{\"@type\":\"PropertyValueSpecification\",\"valueRequired\":true,\"valueName\":\"search_term_string\"}}],\"inLanguage\":\"de\"},{\"@type\":\"Organization\",\"@id\":\"https:\/\/erasmus.com.co\/Erasmus\/#organization\",\"name\":\"Erasmus Colombia\",\"url\":\"https:\/\/erasmus.com.co\/Erasmus\/\",\"logo\":{\"@type\":\"ImageObject\",\"inLanguage\":\"de\",\"@id\":\"https:\/\/erasmus.com.co\/Erasmus\/#\/schema\/logo\/image\/\",\"url\":\"https:\/\/erasmus.com.co\/Erasmus\/wp-content\/uploads\/2023\/02\/cropped-cropped-logo_erasmus.png\",\"contentUrl\":\"https:\/\/erasmus.com.co\/Erasmus\/wp-content\/uploads\/2023\/02\/cropped-cropped-logo_erasmus.png\",\"width\":817,\"height\":163,\"caption\":\"Erasmus Colombia\"},\"image\":{\"@id\":\"https:\/\/erasmus.com.co\/Erasmus\/#\/schema\/logo\/image\/\"}}]}<\/script>\n<!-- \/ Yoast SEO Premium plugin. -->","yoast_head_json":{"title":"CT Analyzer (Omicron) - Erasmus Colombia","description":"El CT Analyzer de Omicron es un dispositivo avanzado dise\u00f1ado para realizar pruebas detalladas en transformadores de corriente (TC).","robots":{"index":"index","follow":"follow","max-snippet":"max-snippet:-1","max-image-preview":"max-image-preview:large","max-video-preview":"max-video-preview:-1"},"canonical":"https:\/\/erasmus.com.co\/Erasmus\/de\/produkt\/omicron-ct-analyzer\/","og_locale":"de_DE","og_type":"article","og_title":"CT ANALYZER","og_description":"El CT Analyzer de Omicron es un dispositivo avanzado dise\u00f1ado para realizar pruebas detalladas en transformadores de corriente (TC).","og_url":"https:\/\/erasmus.com.co\/Erasmus\/de\/produkt\/omicron-ct-analyzer\/","og_site_name":"Erasmus Colombia","article_modified_time":"2025-11-27T18:13:32+00:00","og_image":[{"width":1200,"height":900,"url":"https:\/\/erasmus.com.co\/Erasmus\/wp-content\/uploads\/2025\/09\/Omicron_CT-Analyzer.png","type":"image\/png"}],"twitter_card":"summary_large_image","twitter_misc":{"Gesch\u00e4tzte Lesezeit":"1\u00a0Minute"},"schema":{"@context":"https:\/\/schema.org","@graph":[{"@type":"WebPage","@id":"https:\/\/erasmus.com.co\/Erasmus\/producto\/omicron-ct-analyzer\/","url":"https:\/\/erasmus.com.co\/Erasmus\/producto\/omicron-ct-analyzer\/","name":"CT Analyzer (Omicron) - Erasmus Colombia","isPartOf":{"@id":"https:\/\/erasmus.com.co\/Erasmus\/#website"},"primaryImageOfPage":{"@id":"https:\/\/erasmus.com.co\/Erasmus\/producto\/omicron-ct-analyzer\/#primaryimage"},"image":{"@id":"https:\/\/erasmus.com.co\/Erasmus\/producto\/omicron-ct-analyzer\/#primaryimage"},"thumbnailUrl":"https:\/\/erasmus.com.co\/Erasmus\/wp-content\/uploads\/2025\/09\/Omicron_CT-Analyzer.png","datePublished":"2025-09-04T15:35:50+00:00","dateModified":"2025-11-27T18:13:32+00:00","description":"El CT Analyzer de Omicron es un dispositivo avanzado dise\u00f1ado para realizar pruebas detalladas en transformadores de corriente (TC).","breadcrumb":{"@id":"https:\/\/erasmus.com.co\/Erasmus\/producto\/omicron-ct-analyzer\/#breadcrumb"},"inLanguage":"de","potentialAction":[{"@type":"ReadAction","target":["https:\/\/erasmus.com.co\/Erasmus\/producto\/omicron-ct-analyzer\/"]}]},{"@type":"ImageObject","inLanguage":"de","@id":"https:\/\/erasmus.com.co\/Erasmus\/producto\/omicron-ct-analyzer\/#primaryimage","url":"https:\/\/erasmus.com.co\/Erasmus\/wp-content\/uploads\/2025\/09\/Omicron_CT-Analyzer.png","contentUrl":"https:\/\/erasmus.com.co\/Erasmus\/wp-content\/uploads\/2025\/09\/Omicron_CT-Analyzer.png","width":1200,"height":900},{"@type":"BreadcrumbList","@id":"https:\/\/erasmus.com.co\/Erasmus\/producto\/omicron-ct-analyzer\/#breadcrumb","itemListElement":[{"@type":"ListItem","position":1,"name":"Home","item":"https:\/\/erasmus.com.co\/Erasmus\/"},{"@type":"ListItem","position":2,"name":"Tienda","item":"https:\/\/erasmus.com.co\/Erasmus\/tienda\/"},{"@type":"ListItem","position":3,"name":"CT ANALYZER"}]},{"@type":"WebSite","@id":"https:\/\/erasmus.com.co\/Erasmus\/#website","url":"https:\/\/erasmus.com.co\/Erasmus\/","name":"Erasmus Colombia","description":"Ofrecemos productos y servicios de excelencia para el Sector Industrial","publisher":{"@id":"https:\/\/erasmus.com.co\/Erasmus\/#organization"},"potentialAction":[{"@type":"SearchAction","target":{"@type":"EntryPoint","urlTemplate":"https:\/\/erasmus.com.co\/Erasmus\/?s={search_term_string}"},"query-input":{"@type":"PropertyValueSpecification","valueRequired":true,"valueName":"search_term_string"}}],"inLanguage":"de"},{"@type":"Organization","@id":"https:\/\/erasmus.com.co\/Erasmus\/#organization","name":"Erasmus Colombia","url":"https:\/\/erasmus.com.co\/Erasmus\/","logo":{"@type":"ImageObject","inLanguage":"de","@id":"https:\/\/erasmus.com.co\/Erasmus\/#\/schema\/logo\/image\/","url":"https:\/\/erasmus.com.co\/Erasmus\/wp-content\/uploads\/2023\/02\/cropped-cropped-logo_erasmus.png","contentUrl":"https:\/\/erasmus.com.co\/Erasmus\/wp-content\/uploads\/2023\/02\/cropped-cropped-logo_erasmus.png","width":817,"height":163,"caption":"Erasmus Colombia"},"image":{"@id":"https:\/\/erasmus.com.co\/Erasmus\/#\/schema\/logo\/image\/"}}]}},"_links":{"self":[{"href":"https:\/\/erasmus.com.co\/Erasmus\/de\/wp-json\/wp\/v2\/product\/9574","targetHints":{"allow":["GET"]}}],"collection":[{"href":"https:\/\/erasmus.com.co\/Erasmus\/de\/wp-json\/wp\/v2\/product"}],"about":[{"href":"https:\/\/erasmus.com.co\/Erasmus\/de\/wp-json\/wp\/v2\/types\/product"}],"wp:featuredmedia":[{"embeddable":true,"href":"https:\/\/erasmus.com.co\/Erasmus\/de\/wp-json\/wp\/v2\/media\/10191"}],"wp:attachment":[{"href":"https:\/\/erasmus.com.co\/Erasmus\/de\/wp-json\/wp\/v2\/media?parent=9574"}],"wp:term":[{"taxonomy":"product_brand","embeddable":true,"href":"https:\/\/erasmus.com.co\/Erasmus\/de\/wp-json\/wp\/v2\/product_brand?post=9574"},{"taxonomy":"product_cat","embeddable":true,"href":"https:\/\/erasmus.com.co\/Erasmus\/de\/wp-json\/wp\/v2\/product_cat?post=9574"},{"taxonomy":"product_tag","embeddable":true,"href":"https:\/\/erasmus.com.co\/Erasmus\/de\/wp-json\/wp\/v2\/product_tag?post=9574"}],"curies":[{"name":"wp","href":"https:\/\/api.w.org\/{rel}","templated":true}]}}