{"id":9549,"date":"2025-09-04T15:35:36","date_gmt":"2025-09-04T15:35:36","guid":{"rendered":"https:\/\/erasmus.com.co\/Erasmus\/producto\/cmc-500\/"},"modified":"2025-11-27T18:07:55","modified_gmt":"2025-11-27T18:07:55","slug":"cmc-500","status":"publish","type":"product","link":"https:\/\/erasmus.com.co\/Erasmus\/en\/product\/cmc-500\/","title":{"rendered":"CMC 500"},"content":{"rendered":"<p><strong>Omicron's CMC 500<\/strong> sets a new standard in protection testing, offering a complete and reliable solution to ensure the safety of the power supply. This compact and lightweight equipment is designed to master all challenges in protective relay testing, contributing to the reliability of the electrical system. Its modular hardware and software concept allows it to be easily adapted to various needs, ensuring wide versatility. In addition, it complies with the most stringent safety standards, making it an indispensable tool for technicians and operators seeking accuracy and efficiency in their testing and maintenance tasks.<\/p>","protected":false},"excerpt":{"rendered":"<h3><strong>Main Characteristics:<\/strong><\/h3>\n<ul>\n<li>\"Compact and lightweight design, ideal for easy transport and mobility.<\/li>\n<li>Modular hardware and software concept, offering versatility to adapt to various tests and needs.<\/li>\n<li>Meets the highest safety standards, ensuring safe operation in high voltage environments.<\/li>\n<li>Testing of protection relays, ensuring the reliability and safety of the power supply.<\/li>\n<li>High test capacity, suitable to meet all challenges in protection system testing.<\/li>\n<li>Easy integration into different applications, making it a flexible tool for technicians and operators.<\/li>\n<li>High accuracy and reliability, contributing to improve the reliability of electrical infrastructures.<\/li>\n<li>Current source up to 150 A (AC and DC) for testing protection relays.<\/li>\n<li>Output voltage up to 500 V in alternating current (AC) and direct current (DC).<\/li>\n<li>Tests up to 600 V in contact with ground.<\/li>\n<li>High accuracy in the generation of test signals for fault condition simulation and protection testing.<\/li>\n<li>Up to 6 independent output channels, allowing multiple simultaneous tests.<\/li>\n<li>Remote control via software: The CMC 500 can be controlled remotely with the Test Universe\u2122 interface for test setups and test runs.<\/li>\n<li>Communication with test devices using standard communication protocols such as IEC 61850, DNP3, Modbus and others.<\/li>\n<li>Adjustable reference voltage: Allows different types of faults to be simulated accurately.<\/li>\n<li>Generation of frequency signals up to 1000 Hz for frequency protection and control tests.<\/li>\n<li>Modularity: Allows customized configurations according to the specific needs of each application.\"<\/li>\n<\/ul>\n<p><img decoding=\"async\" class=\"alignnone wp-image-9704\" src=\"https:\/\/erasmus.com.co\/Erasmus\/wp-content\/uploads\/2025\/09\/icono_pdf-1.png\" alt=\"\" width=\"38\" height=\"37\" srcset=\"https:\/\/erasmus.com.co\/Erasmus\/wp-content\/uploads\/2025\/09\/icono_pdf-1.png 149w, https:\/\/erasmus.com.co\/Erasmus\/wp-content\/uploads\/2025\/09\/icono_pdf-1-12x12.png 12w, https:\/\/erasmus.com.co\/Erasmus\/wp-content\/uploads\/2025\/09\/icono_pdf-1-100x100.png 100w\" sizes=\"(max-width: 38px) 100vw, 38px\" \/><strong>Download the Technical Data Sheet<\/strong> <a href=\"https:\/\/erasmus.com.co\/Erasmus\/wp-content\/uploads\/2025\/02\/CMC-500-Brochure-ESP.pdf\" target=\"_blank\" rel=\"noopener\"><strong>here<\/strong><\/a><\/p>","protected":false},"featured_media":4880,"template":"","meta":{"_acf_changed":false},"product_brand":[40],"product_cat":[42],"product_tag":[],"class_list":{"0":"post-9549","1":"product","2":"type-product","3":"status-publish","4":"has-post-thumbnail","6":"product_brand-omicron","7":"product_cat-omicron","9":"first","10":"instock","11":"shipping-taxable","12":"product-type-simple"},"acf":[],"yoast_head":"<!-- This site is optimized with the Yoast SEO Premium plugin v24.6 (Yoast SEO v24.6) - https:\/\/yoast.com\/wordpress\/plugins\/seo\/ -->\n<title>CMC 500 (Omicron) - Erasmus Colombia<\/title>\n<meta name=\"description\" content=\"El CMC 500 de Omicron establece un nuevo est\u00e1ndar en las pruebas de protecci\u00f3n, ofreciendo una soluci\u00f3n completa y confiable para garantizar la seguridad del suministro el\u00e9ctrico.\" \/>\n<meta name=\"robots\" content=\"index, follow, max-snippet:-1, max-image-preview:large, max-video-preview:-1\" \/>\n<link rel=\"canonical\" href=\"https:\/\/erasmus.com.co\/Erasmus\/en\/product\/cmc-500\/\" \/>\n<meta property=\"og:locale\" content=\"en_US\" \/>\n<meta property=\"og:type\" content=\"article\" \/>\n<meta property=\"og:title\" content=\"CMC 500\" \/>\n<meta property=\"og:description\" content=\"El CMC 500 de Omicron establece un nuevo est\u00e1ndar en las pruebas de protecci\u00f3n, ofreciendo una soluci\u00f3n completa y confiable para garantizar la seguridad del suministro el\u00e9ctrico.\" \/>\n<meta property=\"og:url\" content=\"https:\/\/erasmus.com.co\/Erasmus\/en\/product\/cmc-500\/\" \/>\n<meta property=\"og:site_name\" content=\"Erasmus Colombia\" \/>\n<meta property=\"article:modified_time\" content=\"2025-11-27T18:07:55+00:00\" \/>\n<meta property=\"og:image\" content=\"https:\/\/erasmus.com.co\/Erasmus\/wp-content\/uploads\/2025\/02\/Omicron_cmc-500.png\" \/>\n\t<meta property=\"og:image:width\" content=\"1982\" \/>\n\t<meta property=\"og:image:height\" content=\"1487\" \/>\n\t<meta property=\"og:image:type\" content=\"image\/png\" \/>\n<meta name=\"twitter:card\" content=\"summary_large_image\" \/>\n<meta name=\"twitter:label1\" content=\"Est. reading time\" \/>\n\t<meta name=\"twitter:data1\" content=\"1 minute\" \/>\n<script type=\"application\/ld+json\" class=\"yoast-schema-graph\">{\"@context\":\"https:\/\/schema.org\",\"@graph\":[{\"@type\":\"WebPage\",\"@id\":\"https:\/\/erasmus.com.co\/Erasmus\/producto\/cmc-500\/\",\"url\":\"https:\/\/erasmus.com.co\/Erasmus\/producto\/cmc-500\/\",\"name\":\"CMC 500 (Omicron) - Erasmus Colombia\",\"isPartOf\":{\"@id\":\"https:\/\/erasmus.com.co\/Erasmus\/#website\"},\"primaryImageOfPage\":{\"@id\":\"https:\/\/erasmus.com.co\/Erasmus\/producto\/cmc-500\/#primaryimage\"},\"image\":{\"@id\":\"https:\/\/erasmus.com.co\/Erasmus\/producto\/cmc-500\/#primaryimage\"},\"thumbnailUrl\":\"https:\/\/erasmus.com.co\/Erasmus\/wp-content\/uploads\/2025\/02\/Omicron_cmc-500.png\",\"datePublished\":\"2025-09-04T15:35:36+00:00\",\"dateModified\":\"2025-11-27T18:07:55+00:00\",\"description\":\"El CMC 500 de Omicron establece un nuevo est\u00e1ndar en las pruebas de protecci\u00f3n, ofreciendo una soluci\u00f3n completa y confiable para garantizar la seguridad del suministro el\u00e9ctrico.\",\"breadcrumb\":{\"@id\":\"https:\/\/erasmus.com.co\/Erasmus\/producto\/cmc-500\/#breadcrumb\"},\"inLanguage\":\"en-US\",\"potentialAction\":[{\"@type\":\"ReadAction\",\"target\":[\"https:\/\/erasmus.com.co\/Erasmus\/producto\/cmc-500\/\"]}]},{\"@type\":\"ImageObject\",\"inLanguage\":\"en-US\",\"@id\":\"https:\/\/erasmus.com.co\/Erasmus\/producto\/cmc-500\/#primaryimage\",\"url\":\"https:\/\/erasmus.com.co\/Erasmus\/wp-content\/uploads\/2025\/02\/Omicron_cmc-500.png\",\"contentUrl\":\"https:\/\/erasmus.com.co\/Erasmus\/wp-content\/uploads\/2025\/02\/Omicron_cmc-500.png\",\"width\":1982,\"height\":1487},{\"@type\":\"BreadcrumbList\",\"@id\":\"https:\/\/erasmus.com.co\/Erasmus\/producto\/cmc-500\/#breadcrumb\",\"itemListElement\":[{\"@type\":\"ListItem\",\"position\":1,\"name\":\"Home\",\"item\":\"https:\/\/erasmus.com.co\/Erasmus\/\"},{\"@type\":\"ListItem\",\"position\":2,\"name\":\"Tienda\",\"item\":\"https:\/\/erasmus.com.co\/Erasmus\/tienda\/\"},{\"@type\":\"ListItem\",\"position\":3,\"name\":\"CMC 500\"}]},{\"@type\":\"WebSite\",\"@id\":\"https:\/\/erasmus.com.co\/Erasmus\/#website\",\"url\":\"https:\/\/erasmus.com.co\/Erasmus\/\",\"name\":\"Erasmus Colombia\",\"description\":\"Ofrecemos productos y servicios de excelencia para el Sector Industrial\",\"publisher\":{\"@id\":\"https:\/\/erasmus.com.co\/Erasmus\/#organization\"},\"potentialAction\":[{\"@type\":\"SearchAction\",\"target\":{\"@type\":\"EntryPoint\",\"urlTemplate\":\"https:\/\/erasmus.com.co\/Erasmus\/?s={search_term_string}\"},\"query-input\":{\"@type\":\"PropertyValueSpecification\",\"valueRequired\":true,\"valueName\":\"search_term_string\"}}],\"inLanguage\":\"en-US\"},{\"@type\":\"Organization\",\"@id\":\"https:\/\/erasmus.com.co\/Erasmus\/#organization\",\"name\":\"Erasmus Colombia\",\"url\":\"https:\/\/erasmus.com.co\/Erasmus\/\",\"logo\":{\"@type\":\"ImageObject\",\"inLanguage\":\"en-US\",\"@id\":\"https:\/\/erasmus.com.co\/Erasmus\/#\/schema\/logo\/image\/\",\"url\":\"https:\/\/erasmus.com.co\/Erasmus\/wp-content\/uploads\/2023\/02\/cropped-cropped-logo_erasmus.png\",\"contentUrl\":\"https:\/\/erasmus.com.co\/Erasmus\/wp-content\/uploads\/2023\/02\/cropped-cropped-logo_erasmus.png\",\"width\":817,\"height\":163,\"caption\":\"Erasmus Colombia\"},\"image\":{\"@id\":\"https:\/\/erasmus.com.co\/Erasmus\/#\/schema\/logo\/image\/\"}}]}<\/script>\n<!-- \/ Yoast SEO Premium plugin. -->","yoast_head_json":{"title":"CMC 500 (Omicron) - Erasmus Colombia","description":"El CMC 500 de Omicron establece un nuevo est\u00e1ndar en las pruebas de protecci\u00f3n, ofreciendo una soluci\u00f3n completa y confiable para garantizar la seguridad del suministro el\u00e9ctrico.","robots":{"index":"index","follow":"follow","max-snippet":"max-snippet:-1","max-image-preview":"max-image-preview:large","max-video-preview":"max-video-preview:-1"},"canonical":"https:\/\/erasmus.com.co\/Erasmus\/en\/product\/cmc-500\/","og_locale":"en_US","og_type":"article","og_title":"CMC 500","og_description":"El CMC 500 de Omicron establece un nuevo est\u00e1ndar en las pruebas de protecci\u00f3n, ofreciendo una soluci\u00f3n completa y confiable para garantizar la seguridad del suministro el\u00e9ctrico.","og_url":"https:\/\/erasmus.com.co\/Erasmus\/en\/product\/cmc-500\/","og_site_name":"Erasmus Colombia","article_modified_time":"2025-11-27T18:07:55+00:00","og_image":[{"width":1982,"height":1487,"url":"https:\/\/erasmus.com.co\/Erasmus\/wp-content\/uploads\/2025\/02\/Omicron_cmc-500.png","type":"image\/png"}],"twitter_card":"summary_large_image","twitter_misc":{"Est. reading time":"1 minute"},"schema":{"@context":"https:\/\/schema.org","@graph":[{"@type":"WebPage","@id":"https:\/\/erasmus.com.co\/Erasmus\/producto\/cmc-500\/","url":"https:\/\/erasmus.com.co\/Erasmus\/producto\/cmc-500\/","name":"CMC 500 (Omicron) - Erasmus Colombia","isPartOf":{"@id":"https:\/\/erasmus.com.co\/Erasmus\/#website"},"primaryImageOfPage":{"@id":"https:\/\/erasmus.com.co\/Erasmus\/producto\/cmc-500\/#primaryimage"},"image":{"@id":"https:\/\/erasmus.com.co\/Erasmus\/producto\/cmc-500\/#primaryimage"},"thumbnailUrl":"https:\/\/erasmus.com.co\/Erasmus\/wp-content\/uploads\/2025\/02\/Omicron_cmc-500.png","datePublished":"2025-09-04T15:35:36+00:00","dateModified":"2025-11-27T18:07:55+00:00","description":"El CMC 500 de Omicron establece un nuevo est\u00e1ndar en las pruebas de protecci\u00f3n, ofreciendo una soluci\u00f3n completa y confiable para garantizar la seguridad del suministro el\u00e9ctrico.","breadcrumb":{"@id":"https:\/\/erasmus.com.co\/Erasmus\/producto\/cmc-500\/#breadcrumb"},"inLanguage":"en-US","potentialAction":[{"@type":"ReadAction","target":["https:\/\/erasmus.com.co\/Erasmus\/producto\/cmc-500\/"]}]},{"@type":"ImageObject","inLanguage":"en-US","@id":"https:\/\/erasmus.com.co\/Erasmus\/producto\/cmc-500\/#primaryimage","url":"https:\/\/erasmus.com.co\/Erasmus\/wp-content\/uploads\/2025\/02\/Omicron_cmc-500.png","contentUrl":"https:\/\/erasmus.com.co\/Erasmus\/wp-content\/uploads\/2025\/02\/Omicron_cmc-500.png","width":1982,"height":1487},{"@type":"BreadcrumbList","@id":"https:\/\/erasmus.com.co\/Erasmus\/producto\/cmc-500\/#breadcrumb","itemListElement":[{"@type":"ListItem","position":1,"name":"Home","item":"https:\/\/erasmus.com.co\/Erasmus\/"},{"@type":"ListItem","position":2,"name":"Tienda","item":"https:\/\/erasmus.com.co\/Erasmus\/tienda\/"},{"@type":"ListItem","position":3,"name":"CMC 500"}]},{"@type":"WebSite","@id":"https:\/\/erasmus.com.co\/Erasmus\/#website","url":"https:\/\/erasmus.com.co\/Erasmus\/","name":"Erasmus Colombia","description":"Ofrecemos productos y servicios de excelencia para el Sector Industrial","publisher":{"@id":"https:\/\/erasmus.com.co\/Erasmus\/#organization"},"potentialAction":[{"@type":"SearchAction","target":{"@type":"EntryPoint","urlTemplate":"https:\/\/erasmus.com.co\/Erasmus\/?s={search_term_string}"},"query-input":{"@type":"PropertyValueSpecification","valueRequired":true,"valueName":"search_term_string"}}],"inLanguage":"en-US"},{"@type":"Organization","@id":"https:\/\/erasmus.com.co\/Erasmus\/#organization","name":"Erasmus Colombia","url":"https:\/\/erasmus.com.co\/Erasmus\/","logo":{"@type":"ImageObject","inLanguage":"en-US","@id":"https:\/\/erasmus.com.co\/Erasmus\/#\/schema\/logo\/image\/","url":"https:\/\/erasmus.com.co\/Erasmus\/wp-content\/uploads\/2023\/02\/cropped-cropped-logo_erasmus.png","contentUrl":"https:\/\/erasmus.com.co\/Erasmus\/wp-content\/uploads\/2023\/02\/cropped-cropped-logo_erasmus.png","width":817,"height":163,"caption":"Erasmus Colombia"},"image":{"@id":"https:\/\/erasmus.com.co\/Erasmus\/#\/schema\/logo\/image\/"}}]}},"_links":{"self":[{"href":"https:\/\/erasmus.com.co\/Erasmus\/en\/wp-json\/wp\/v2\/product\/9549","targetHints":{"allow":["GET"]}}],"collection":[{"href":"https:\/\/erasmus.com.co\/Erasmus\/en\/wp-json\/wp\/v2\/product"}],"about":[{"href":"https:\/\/erasmus.com.co\/Erasmus\/en\/wp-json\/wp\/v2\/types\/product"}],"wp:featuredmedia":[{"embeddable":true,"href":"https:\/\/erasmus.com.co\/Erasmus\/en\/wp-json\/wp\/v2\/media\/4880"}],"wp:attachment":[{"href":"https:\/\/erasmus.com.co\/Erasmus\/en\/wp-json\/wp\/v2\/media?parent=9549"}],"wp:term":[{"taxonomy":"product_brand","embeddable":true,"href":"https:\/\/erasmus.com.co\/Erasmus\/en\/wp-json\/wp\/v2\/product_brand?post=9549"},{"taxonomy":"product_cat","embeddable":true,"href":"https:\/\/erasmus.com.co\/Erasmus\/en\/wp-json\/wp\/v2\/product_cat?post=9549"},{"taxonomy":"product_tag","embeddable":true,"href":"https:\/\/erasmus.com.co\/Erasmus\/en\/wp-json\/wp\/v2\/product_tag?post=9549"}],"curies":[{"name":"wp","href":"https:\/\/api.w.org\/{rel}","templated":true}]}}