{"id":9552,"date":"2025-09-04T15:35:38","date_gmt":"2025-09-04T15:35:38","guid":{"rendered":"https:\/\/erasmus.com.co\/Erasmus\/producto\/montesto-200\/"},"modified":"2025-11-27T18:00:52","modified_gmt":"2025-11-27T18:00:52","slug":"montesto-200","status":"publish","type":"product","link":"https:\/\/erasmus.com.co\/Erasmus\/en\/product\/montesto-200\/","title":{"rendered":"Montesto 200"},"content":{"rendered":"<p><strong>The MONTESTO 200 from Omicron<\/strong> is a portable system for temporary partial discharge (PD) monitoring of medium and high voltage electrical assets. With IP65 protection, it is suitable for indoor and outdoor environments. It continuously monitors PD activity under load and evaluates insulation status. Its automated software quickly detects faults and locates the sources of PD signals. It is ideal for temporary and efficient diagnostics, providing valuable information for preventive maintenance of electrical equipment.<\/p>","protected":false},"excerpt":{"rendered":"<h3><strong>Main Characteristics:<\/strong><\/h3>\n<ul>\n<li>\"Portable solution for temporary partial discharge (PD) monitoring of electrical assets.<\/li>\n<li>IP65 degree of protection, suitable for both indoor and outdoor use.<\/li>\n<li>Monitoring of medium and high voltage assets, even under load.<\/li>\n<li>Continuous monitoring of PD activity, allowing evaluation of insulation status.<\/li>\n<li>Automated software for fast and reliable detection of insulation defects.<\/li>\n<li>Precise location of PD signal sources.<\/li>\n<li>Easy installation and operation, allowing efficient diagnostics.<\/li>\n<li>Ideal for preventive maintenance, providing valuable information for electrical asset management.<\/li>\n<li>Partial discharge (PD) measurement range: Capable of detecting PD signals in medium and high voltage equipment.<\/li>\n<li>Adjustable monitoring frequency, allowing to adapt to different needs and conditions of electrical systems.<\/li>\n<li>Real-time measurement of PD activity under load.<\/li>\n<li>High-precision sensor technology to ensure accurate measurements under complex operating conditions.<\/li>\n<li>Advanced software that allows detailed analysis of PD trends and facilitates maintenance decision making.<\/li>\n<li>Long battery life, allowing prolonged monitoring without the need for frequent recharging.<\/li>\n<li>Data storage capabilities, allowing the collection and historical review of measurements.<\/li>\n<li>Intuitive user interface, designed to facilitate the configuration and use of the system in the field.<\/li>\n<li>Optional remote connection for data monitoring from external locations.<\/li>\n<li>Resistance to adverse environmental conditions, with robust design to operate outdoors in harsh temperatures and conditions.\"<\/li>\n<\/ul>\n<p><img decoding=\"async\" class=\"alignnone wp-image-9704\" src=\"https:\/\/erasmus.com.co\/Erasmus\/wp-content\/uploads\/2025\/09\/icono_pdf-1.png\" alt=\"\" width=\"38\" height=\"37\" srcset=\"https:\/\/erasmus.com.co\/Erasmus\/wp-content\/uploads\/2025\/09\/icono_pdf-1.png 149w, https:\/\/erasmus.com.co\/Erasmus\/wp-content\/uploads\/2025\/09\/icono_pdf-1-12x12.png 12w, https:\/\/erasmus.com.co\/Erasmus\/wp-content\/uploads\/2025\/09\/icono_pdf-1-100x100.png 100w\" sizes=\"(max-width: 38px) 100vw, 38px\" \/><strong>Download the Technical Data Sheet<\/strong> <a href=\"https:\/\/erasmus.com.co\/Erasmus\/wp-content\/uploads\/2025\/02\/MONTESTO-200-Brochure-ESP.pdf\" target=\"_blank\" rel=\"noopener\"><strong>here<\/strong><\/a><\/p>","protected":false},"featured_media":4886,"template":"","meta":{"_acf_changed":false},"product_brand":[40],"product_cat":[42],"product_tag":[],"class_list":{"0":"post-9552","1":"product","2":"type-product","3":"status-publish","4":"has-post-thumbnail","6":"product_brand-omicron","7":"product_cat-omicron","9":"first","10":"instock","11":"shipping-taxable","12":"product-type-simple"},"acf":[],"yoast_head":"<!-- This site is optimized with the Yoast SEO Premium plugin v24.6 (Yoast SEO v24.6) - https:\/\/yoast.com\/wordpress\/plugins\/seo\/ -->\n<title>Montesto 200 (Omicron) - Erasmus Colombia<\/title>\n<meta name=\"description\" content=\"El MONTESTO 200 de Omicron es un sistema port\u00e1til para monitorear temporalmente descargas parciales (DP) en activos el\u00e9ctricos de media y alta tensi\u00f3n.\" \/>\n<meta name=\"robots\" content=\"index, follow, max-snippet:-1, max-image-preview:large, max-video-preview:-1\" \/>\n<link rel=\"canonical\" href=\"https:\/\/erasmus.com.co\/Erasmus\/en\/product\/montesto-200\/\" \/>\n<meta property=\"og:locale\" content=\"en_US\" \/>\n<meta property=\"og:type\" content=\"article\" \/>\n<meta property=\"og:title\" content=\"Montesto 200\" \/>\n<meta property=\"og:description\" content=\"El MONTESTO 200 de Omicron es un sistema port\u00e1til para monitorear temporalmente descargas parciales (DP) en activos el\u00e9ctricos de media y alta tensi\u00f3n.\" \/>\n<meta property=\"og:url\" content=\"https:\/\/erasmus.com.co\/Erasmus\/en\/product\/montesto-200\/\" \/>\n<meta property=\"og:site_name\" content=\"Erasmus Colombia\" \/>\n<meta property=\"article:modified_time\" content=\"2025-11-27T18:00:52+00:00\" \/>\n<meta property=\"og:image\" content=\"https:\/\/erasmus.com.co\/Erasmus\/wp-content\/uploads\/2025\/02\/Omicron_MONTESTO-200.png\" \/>\n\t<meta property=\"og:image:width\" content=\"1023\" \/>\n\t<meta property=\"og:image:height\" content=\"768\" \/>\n\t<meta property=\"og:image:type\" content=\"image\/png\" \/>\n<meta name=\"twitter:card\" content=\"summary_large_image\" \/>\n<meta name=\"twitter:label1\" content=\"Est. reading time\" \/>\n\t<meta name=\"twitter:data1\" content=\"1 minute\" \/>\n<script type=\"application\/ld+json\" class=\"yoast-schema-graph\">{\"@context\":\"https:\/\/schema.org\",\"@graph\":[{\"@type\":\"WebPage\",\"@id\":\"https:\/\/erasmus.com.co\/Erasmus\/producto\/montesto-200\/\",\"url\":\"https:\/\/erasmus.com.co\/Erasmus\/producto\/montesto-200\/\",\"name\":\"Montesto 200 (Omicron) - Erasmus Colombia\",\"isPartOf\":{\"@id\":\"https:\/\/erasmus.com.co\/Erasmus\/#website\"},\"primaryImageOfPage\":{\"@id\":\"https:\/\/erasmus.com.co\/Erasmus\/producto\/montesto-200\/#primaryimage\"},\"image\":{\"@id\":\"https:\/\/erasmus.com.co\/Erasmus\/producto\/montesto-200\/#primaryimage\"},\"thumbnailUrl\":\"https:\/\/erasmus.com.co\/Erasmus\/wp-content\/uploads\/2025\/02\/Omicron_MONTESTO-200.png\",\"datePublished\":\"2025-09-04T15:35:38+00:00\",\"dateModified\":\"2025-11-27T18:00:52+00:00\",\"description\":\"El MONTESTO 200 de Omicron es un sistema port\u00e1til para monitorear temporalmente descargas parciales (DP) en activos el\u00e9ctricos de media y alta tensi\u00f3n.\",\"breadcrumb\":{\"@id\":\"https:\/\/erasmus.com.co\/Erasmus\/producto\/montesto-200\/#breadcrumb\"},\"inLanguage\":\"en-US\",\"potentialAction\":[{\"@type\":\"ReadAction\",\"target\":[\"https:\/\/erasmus.com.co\/Erasmus\/producto\/montesto-200\/\"]}]},{\"@type\":\"ImageObject\",\"inLanguage\":\"en-US\",\"@id\":\"https:\/\/erasmus.com.co\/Erasmus\/producto\/montesto-200\/#primaryimage\",\"url\":\"https:\/\/erasmus.com.co\/Erasmus\/wp-content\/uploads\/2025\/02\/Omicron_MONTESTO-200.png\",\"contentUrl\":\"https:\/\/erasmus.com.co\/Erasmus\/wp-content\/uploads\/2025\/02\/Omicron_MONTESTO-200.png\",\"width\":1023,\"height\":768},{\"@type\":\"BreadcrumbList\",\"@id\":\"https:\/\/erasmus.com.co\/Erasmus\/producto\/montesto-200\/#breadcrumb\",\"itemListElement\":[{\"@type\":\"ListItem\",\"position\":1,\"name\":\"Home\",\"item\":\"https:\/\/erasmus.com.co\/Erasmus\/\"},{\"@type\":\"ListItem\",\"position\":2,\"name\":\"Tienda\",\"item\":\"https:\/\/erasmus.com.co\/Erasmus\/tienda\/\"},{\"@type\":\"ListItem\",\"position\":3,\"name\":\"Montesto 200\"}]},{\"@type\":\"WebSite\",\"@id\":\"https:\/\/erasmus.com.co\/Erasmus\/#website\",\"url\":\"https:\/\/erasmus.com.co\/Erasmus\/\",\"name\":\"Erasmus Colombia\",\"description\":\"Ofrecemos productos y servicios de excelencia para el Sector Industrial\",\"publisher\":{\"@id\":\"https:\/\/erasmus.com.co\/Erasmus\/#organization\"},\"potentialAction\":[{\"@type\":\"SearchAction\",\"target\":{\"@type\":\"EntryPoint\",\"urlTemplate\":\"https:\/\/erasmus.com.co\/Erasmus\/?s={search_term_string}\"},\"query-input\":{\"@type\":\"PropertyValueSpecification\",\"valueRequired\":true,\"valueName\":\"search_term_string\"}}],\"inLanguage\":\"en-US\"},{\"@type\":\"Organization\",\"@id\":\"https:\/\/erasmus.com.co\/Erasmus\/#organization\",\"name\":\"Erasmus Colombia\",\"url\":\"https:\/\/erasmus.com.co\/Erasmus\/\",\"logo\":{\"@type\":\"ImageObject\",\"inLanguage\":\"en-US\",\"@id\":\"https:\/\/erasmus.com.co\/Erasmus\/#\/schema\/logo\/image\/\",\"url\":\"https:\/\/erasmus.com.co\/Erasmus\/wp-content\/uploads\/2023\/02\/cropped-cropped-logo_erasmus.png\",\"contentUrl\":\"https:\/\/erasmus.com.co\/Erasmus\/wp-content\/uploads\/2023\/02\/cropped-cropped-logo_erasmus.png\",\"width\":817,\"height\":163,\"caption\":\"Erasmus Colombia\"},\"image\":{\"@id\":\"https:\/\/erasmus.com.co\/Erasmus\/#\/schema\/logo\/image\/\"}}]}<\/script>\n<!-- \/ Yoast SEO Premium plugin. -->","yoast_head_json":{"title":"Montesto 200 (Omicron) - Erasmus Colombia","description":"El MONTESTO 200 de Omicron es un sistema port\u00e1til para monitorear temporalmente descargas parciales (DP) en activos el\u00e9ctricos de media y alta tensi\u00f3n.","robots":{"index":"index","follow":"follow","max-snippet":"max-snippet:-1","max-image-preview":"max-image-preview:large","max-video-preview":"max-video-preview:-1"},"canonical":"https:\/\/erasmus.com.co\/Erasmus\/en\/product\/montesto-200\/","og_locale":"en_US","og_type":"article","og_title":"Montesto 200","og_description":"El MONTESTO 200 de Omicron es un sistema port\u00e1til para monitorear temporalmente descargas parciales (DP) en activos el\u00e9ctricos de media y alta tensi\u00f3n.","og_url":"https:\/\/erasmus.com.co\/Erasmus\/en\/product\/montesto-200\/","og_site_name":"Erasmus Colombia","article_modified_time":"2025-11-27T18:00:52+00:00","og_image":[{"width":1023,"height":768,"url":"https:\/\/erasmus.com.co\/Erasmus\/wp-content\/uploads\/2025\/02\/Omicron_MONTESTO-200.png","type":"image\/png"}],"twitter_card":"summary_large_image","twitter_misc":{"Est. reading time":"1 minute"},"schema":{"@context":"https:\/\/schema.org","@graph":[{"@type":"WebPage","@id":"https:\/\/erasmus.com.co\/Erasmus\/producto\/montesto-200\/","url":"https:\/\/erasmus.com.co\/Erasmus\/producto\/montesto-200\/","name":"Montesto 200 (Omicron) - Erasmus Colombia","isPartOf":{"@id":"https:\/\/erasmus.com.co\/Erasmus\/#website"},"primaryImageOfPage":{"@id":"https:\/\/erasmus.com.co\/Erasmus\/producto\/montesto-200\/#primaryimage"},"image":{"@id":"https:\/\/erasmus.com.co\/Erasmus\/producto\/montesto-200\/#primaryimage"},"thumbnailUrl":"https:\/\/erasmus.com.co\/Erasmus\/wp-content\/uploads\/2025\/02\/Omicron_MONTESTO-200.png","datePublished":"2025-09-04T15:35:38+00:00","dateModified":"2025-11-27T18:00:52+00:00","description":"El MONTESTO 200 de Omicron es un sistema port\u00e1til para monitorear temporalmente descargas parciales (DP) en activos el\u00e9ctricos de media y alta tensi\u00f3n.","breadcrumb":{"@id":"https:\/\/erasmus.com.co\/Erasmus\/producto\/montesto-200\/#breadcrumb"},"inLanguage":"en-US","potentialAction":[{"@type":"ReadAction","target":["https:\/\/erasmus.com.co\/Erasmus\/producto\/montesto-200\/"]}]},{"@type":"ImageObject","inLanguage":"en-US","@id":"https:\/\/erasmus.com.co\/Erasmus\/producto\/montesto-200\/#primaryimage","url":"https:\/\/erasmus.com.co\/Erasmus\/wp-content\/uploads\/2025\/02\/Omicron_MONTESTO-200.png","contentUrl":"https:\/\/erasmus.com.co\/Erasmus\/wp-content\/uploads\/2025\/02\/Omicron_MONTESTO-200.png","width":1023,"height":768},{"@type":"BreadcrumbList","@id":"https:\/\/erasmus.com.co\/Erasmus\/producto\/montesto-200\/#breadcrumb","itemListElement":[{"@type":"ListItem","position":1,"name":"Home","item":"https:\/\/erasmus.com.co\/Erasmus\/"},{"@type":"ListItem","position":2,"name":"Tienda","item":"https:\/\/erasmus.com.co\/Erasmus\/tienda\/"},{"@type":"ListItem","position":3,"name":"Montesto 200"}]},{"@type":"WebSite","@id":"https:\/\/erasmus.com.co\/Erasmus\/#website","url":"https:\/\/erasmus.com.co\/Erasmus\/","name":"Erasmus Colombia","description":"Ofrecemos productos y servicios de excelencia para el Sector Industrial","publisher":{"@id":"https:\/\/erasmus.com.co\/Erasmus\/#organization"},"potentialAction":[{"@type":"SearchAction","target":{"@type":"EntryPoint","urlTemplate":"https:\/\/erasmus.com.co\/Erasmus\/?s={search_term_string}"},"query-input":{"@type":"PropertyValueSpecification","valueRequired":true,"valueName":"search_term_string"}}],"inLanguage":"en-US"},{"@type":"Organization","@id":"https:\/\/erasmus.com.co\/Erasmus\/#organization","name":"Erasmus Colombia","url":"https:\/\/erasmus.com.co\/Erasmus\/","logo":{"@type":"ImageObject","inLanguage":"en-US","@id":"https:\/\/erasmus.com.co\/Erasmus\/#\/schema\/logo\/image\/","url":"https:\/\/erasmus.com.co\/Erasmus\/wp-content\/uploads\/2023\/02\/cropped-cropped-logo_erasmus.png","contentUrl":"https:\/\/erasmus.com.co\/Erasmus\/wp-content\/uploads\/2023\/02\/cropped-cropped-logo_erasmus.png","width":817,"height":163,"caption":"Erasmus Colombia"},"image":{"@id":"https:\/\/erasmus.com.co\/Erasmus\/#\/schema\/logo\/image\/"}}]}},"_links":{"self":[{"href":"https:\/\/erasmus.com.co\/Erasmus\/en\/wp-json\/wp\/v2\/product\/9552","targetHints":{"allow":["GET"]}}],"collection":[{"href":"https:\/\/erasmus.com.co\/Erasmus\/en\/wp-json\/wp\/v2\/product"}],"about":[{"href":"https:\/\/erasmus.com.co\/Erasmus\/en\/wp-json\/wp\/v2\/types\/product"}],"wp:featuredmedia":[{"embeddable":true,"href":"https:\/\/erasmus.com.co\/Erasmus\/en\/wp-json\/wp\/v2\/media\/4886"}],"wp:attachment":[{"href":"https:\/\/erasmus.com.co\/Erasmus\/en\/wp-json\/wp\/v2\/media?parent=9552"}],"wp:term":[{"taxonomy":"product_brand","embeddable":true,"href":"https:\/\/erasmus.com.co\/Erasmus\/en\/wp-json\/wp\/v2\/product_brand?post=9552"},{"taxonomy":"product_cat","embeddable":true,"href":"https:\/\/erasmus.com.co\/Erasmus\/en\/wp-json\/wp\/v2\/product_cat?post=9552"},{"taxonomy":"product_tag","embeddable":true,"href":"https:\/\/erasmus.com.co\/Erasmus\/en\/wp-json\/wp\/v2\/product_tag?post=9552"}],"curies":[{"name":"wp","href":"https:\/\/api.w.org\/{rel}","templated":true}]}}