{"id":9553,"date":"2025-09-04T15:35:39","date_gmt":"2025-09-04T15:35:39","guid":{"rendered":"https:\/\/erasmus.com.co\/Erasmus\/producto\/mpd-800\/"},"modified":"2025-11-27T17:58:24","modified_gmt":"2025-11-27T17:58:24","slug":"mpd-800","status":"publish","type":"product","link":"https:\/\/erasmus.com.co\/Erasmus\/en\/product\/mpd-800\/","title":{"rendered":"MPD 800"},"content":{"rendered":"<p><strong>Omicron's MPD 800<\/strong> is an advanced universal system for partial discharge (PD) measurement and analysis, representing the next generation of innovative MPD technology. Its enhanced hardware and software ensure highly sensitive multi-channel measurements, ideal for reliable and industry-compliant PD testing of a variety of electrical equipment and components. This system accurately detects and locates insulation defects, helping to reliably assess the risk of equipment failure. The MPD 800 is essential for detailed diagnostics, optimizing preventive maintenance and improving the reliability of electrical assets.<\/p>","protected":false},"excerpt":{"rendered":"<h3><strong>Main Characteristics:<\/strong><\/h3>\n<ul>\n<li>\"Highly sensitive multichannel system for partial discharge (PD) measurement.<\/li>\n<li>Improved hardware and software for more accurate and reliable measurements.<\/li>\n<li>Complies with industry standards for PD testing, ensuring standardized results.<\/li>\n<li>Accurate detection and localization of insulation defects in electrical equipment and components.<\/li>\n<li>Reliable assessment of the risk of equipment failure through detailed analysis of partial discharges.<\/li>\n<li>Detailed diagnostics to optimize preventive maintenance of electrical assets.<\/li>\n<li>Easy integration into various industrial environments and electrical systems.<\/li>\n<li>High reliability and accuracy under demanding operating conditions.<\/li>\n<li>Multi-channel partial discharge (PD) measurement, allowing simultaneous testing at several points in a system.<\/li>\n<li>Improved sensitivity to detect even the smallest partial discharges.<\/li>\n<li>Wide frequency range to suit different types of equipment and test conditions.<\/li>\n<li>Advanced fault location technology to identify the exact source of partial discharges.<\/li>\n<li>Compliance with international PD testing standards, ensuring standardized and reliable results.<\/li>\n<li>Intuitive user interface, facilitating system configuration and operation in the field.<\/li>\n<li>Connection to SCADA and other monitoring systems for centralized data supervision.<\/li>\n<li>Storage and analysis of historical data, allowing the evaluation of trends over time.<\/li>\n<li>Ability to operate in demanding industrial environments, with robust protection and durable design.\"<\/li>\n<\/ul>\n<p><img decoding=\"async\" class=\"alignnone wp-image-9704\" src=\"https:\/\/erasmus.com.co\/Erasmus\/wp-content\/uploads\/2025\/09\/icono_pdf-1.png\" alt=\"\" width=\"38\" height=\"37\" srcset=\"https:\/\/erasmus.com.co\/Erasmus\/wp-content\/uploads\/2025\/09\/icono_pdf-1.png 149w, https:\/\/erasmus.com.co\/Erasmus\/wp-content\/uploads\/2025\/09\/icono_pdf-1-12x12.png 12w, https:\/\/erasmus.com.co\/Erasmus\/wp-content\/uploads\/2025\/09\/icono_pdf-1-100x100.png 100w\" sizes=\"(max-width: 38px) 100vw, 38px\" \/><strong>Download the Technical Data Sheet<\/strong> <a href=\"https:\/\/erasmus.com.co\/Erasmus\/wp-content\/uploads\/2025\/02\/MPD-800-Product-Information-Brochure-ESP.pdf\" target=\"_blank\" rel=\"noopener\"><strong>here<\/strong><\/a><\/p>","protected":false},"featured_media":4888,"template":"","meta":{"_acf_changed":false},"product_brand":[40],"product_cat":[42],"product_tag":[],"class_list":{"0":"post-9553","1":"product","2":"type-product","3":"status-publish","4":"has-post-thumbnail","6":"product_brand-omicron","7":"product_cat-omicron","9":"first","10":"instock","11":"shipping-taxable","12":"product-type-simple"},"acf":[],"yoast_head":"<!-- This site is optimized with the Yoast SEO Premium plugin v24.6 (Yoast SEO v24.6) - https:\/\/yoast.com\/wordpress\/plugins\/seo\/ -->\n<title>MPD 800 - Erasmus Colombia<\/title>\n<meta name=\"description\" content=\"El MPD 800 de Omicron es un sistema para la medici\u00f3n y an\u00e1lisis de descargas parciales (DP), que representa la siguiente generaci\u00f3n de la innovadora tecnolog\u00eda MPD.\" \/>\n<meta name=\"robots\" content=\"index, follow, max-snippet:-1, max-image-preview:large, max-video-preview:-1\" \/>\n<link rel=\"canonical\" href=\"https:\/\/erasmus.com.co\/Erasmus\/en\/product\/mpd-800\/\" \/>\n<meta property=\"og:locale\" content=\"en_US\" \/>\n<meta property=\"og:type\" content=\"article\" \/>\n<meta property=\"og:title\" content=\"MPD 800\" \/>\n<meta property=\"og:description\" content=\"El MPD 800 de Omicron es un sistema para la medici\u00f3n y an\u00e1lisis de descargas parciales (DP), que representa la siguiente generaci\u00f3n de la innovadora tecnolog\u00eda MPD.\" \/>\n<meta property=\"og:url\" content=\"https:\/\/erasmus.com.co\/Erasmus\/en\/product\/mpd-800\/\" \/>\n<meta property=\"og:site_name\" content=\"Erasmus Colombia\" \/>\n<meta property=\"article:modified_time\" content=\"2025-11-27T17:58:24+00:00\" \/>\n<meta property=\"og:image\" content=\"https:\/\/erasmus.com.co\/Erasmus\/wp-content\/uploads\/2025\/02\/Omicron_MPD-800.png\" \/>\n\t<meta property=\"og:image:width\" content=\"1982\" \/>\n\t<meta property=\"og:image:height\" content=\"1487\" \/>\n\t<meta property=\"og:image:type\" content=\"image\/png\" \/>\n<meta name=\"twitter:card\" content=\"summary_large_image\" \/>\n<meta name=\"twitter:label1\" content=\"Est. reading time\" \/>\n\t<meta name=\"twitter:data1\" content=\"1 minute\" \/>\n<script type=\"application\/ld+json\" class=\"yoast-schema-graph\">{\"@context\":\"https:\/\/schema.org\",\"@graph\":[{\"@type\":\"WebPage\",\"@id\":\"https:\/\/erasmus.com.co\/Erasmus\/producto\/mpd-800\/\",\"url\":\"https:\/\/erasmus.com.co\/Erasmus\/producto\/mpd-800\/\",\"name\":\"MPD 800 - Erasmus Colombia\",\"isPartOf\":{\"@id\":\"https:\/\/erasmus.com.co\/Erasmus\/#website\"},\"primaryImageOfPage\":{\"@id\":\"https:\/\/erasmus.com.co\/Erasmus\/producto\/mpd-800\/#primaryimage\"},\"image\":{\"@id\":\"https:\/\/erasmus.com.co\/Erasmus\/producto\/mpd-800\/#primaryimage\"},\"thumbnailUrl\":\"https:\/\/erasmus.com.co\/Erasmus\/wp-content\/uploads\/2025\/02\/Omicron_MPD-800.png\",\"datePublished\":\"2025-09-04T15:35:39+00:00\",\"dateModified\":\"2025-11-27T17:58:24+00:00\",\"description\":\"El MPD 800 de Omicron es un sistema para la medici\u00f3n y an\u00e1lisis de descargas parciales (DP), que representa la siguiente generaci\u00f3n de la innovadora tecnolog\u00eda MPD.\",\"breadcrumb\":{\"@id\":\"https:\/\/erasmus.com.co\/Erasmus\/producto\/mpd-800\/#breadcrumb\"},\"inLanguage\":\"en-US\",\"potentialAction\":[{\"@type\":\"ReadAction\",\"target\":[\"https:\/\/erasmus.com.co\/Erasmus\/producto\/mpd-800\/\"]}]},{\"@type\":\"ImageObject\",\"inLanguage\":\"en-US\",\"@id\":\"https:\/\/erasmus.com.co\/Erasmus\/producto\/mpd-800\/#primaryimage\",\"url\":\"https:\/\/erasmus.com.co\/Erasmus\/wp-content\/uploads\/2025\/02\/Omicron_MPD-800.png\",\"contentUrl\":\"https:\/\/erasmus.com.co\/Erasmus\/wp-content\/uploads\/2025\/02\/Omicron_MPD-800.png\",\"width\":1982,\"height\":1487},{\"@type\":\"BreadcrumbList\",\"@id\":\"https:\/\/erasmus.com.co\/Erasmus\/producto\/mpd-800\/#breadcrumb\",\"itemListElement\":[{\"@type\":\"ListItem\",\"position\":1,\"name\":\"Home\",\"item\":\"https:\/\/erasmus.com.co\/Erasmus\/\"},{\"@type\":\"ListItem\",\"position\":2,\"name\":\"Tienda\",\"item\":\"https:\/\/erasmus.com.co\/Erasmus\/tienda\/\"},{\"@type\":\"ListItem\",\"position\":3,\"name\":\"MPD 800\"}]},{\"@type\":\"WebSite\",\"@id\":\"https:\/\/erasmus.com.co\/Erasmus\/#website\",\"url\":\"https:\/\/erasmus.com.co\/Erasmus\/\",\"name\":\"Erasmus Colombia\",\"description\":\"Ofrecemos productos y servicios de excelencia para el Sector Industrial\",\"publisher\":{\"@id\":\"https:\/\/erasmus.com.co\/Erasmus\/#organization\"},\"potentialAction\":[{\"@type\":\"SearchAction\",\"target\":{\"@type\":\"EntryPoint\",\"urlTemplate\":\"https:\/\/erasmus.com.co\/Erasmus\/?s={search_term_string}\"},\"query-input\":{\"@type\":\"PropertyValueSpecification\",\"valueRequired\":true,\"valueName\":\"search_term_string\"}}],\"inLanguage\":\"en-US\"},{\"@type\":\"Organization\",\"@id\":\"https:\/\/erasmus.com.co\/Erasmus\/#organization\",\"name\":\"Erasmus Colombia\",\"url\":\"https:\/\/erasmus.com.co\/Erasmus\/\",\"logo\":{\"@type\":\"ImageObject\",\"inLanguage\":\"en-US\",\"@id\":\"https:\/\/erasmus.com.co\/Erasmus\/#\/schema\/logo\/image\/\",\"url\":\"https:\/\/erasmus.com.co\/Erasmus\/wp-content\/uploads\/2023\/02\/cropped-cropped-logo_erasmus.png\",\"contentUrl\":\"https:\/\/erasmus.com.co\/Erasmus\/wp-content\/uploads\/2023\/02\/cropped-cropped-logo_erasmus.png\",\"width\":817,\"height\":163,\"caption\":\"Erasmus Colombia\"},\"image\":{\"@id\":\"https:\/\/erasmus.com.co\/Erasmus\/#\/schema\/logo\/image\/\"}}]}<\/script>\n<!-- \/ Yoast SEO Premium plugin. -->","yoast_head_json":{"title":"MPD 800 - Erasmus Colombia","description":"El MPD 800 de Omicron es un sistema para la medici\u00f3n y an\u00e1lisis de descargas parciales (DP), que representa la siguiente generaci\u00f3n de la innovadora tecnolog\u00eda MPD.","robots":{"index":"index","follow":"follow","max-snippet":"max-snippet:-1","max-image-preview":"max-image-preview:large","max-video-preview":"max-video-preview:-1"},"canonical":"https:\/\/erasmus.com.co\/Erasmus\/en\/product\/mpd-800\/","og_locale":"en_US","og_type":"article","og_title":"MPD 800","og_description":"El MPD 800 de Omicron es un sistema para la medici\u00f3n y an\u00e1lisis de descargas parciales (DP), que representa la siguiente generaci\u00f3n de la innovadora tecnolog\u00eda MPD.","og_url":"https:\/\/erasmus.com.co\/Erasmus\/en\/product\/mpd-800\/","og_site_name":"Erasmus Colombia","article_modified_time":"2025-11-27T17:58:24+00:00","og_image":[{"width":1982,"height":1487,"url":"https:\/\/erasmus.com.co\/Erasmus\/wp-content\/uploads\/2025\/02\/Omicron_MPD-800.png","type":"image\/png"}],"twitter_card":"summary_large_image","twitter_misc":{"Est. reading time":"1 minute"},"schema":{"@context":"https:\/\/schema.org","@graph":[{"@type":"WebPage","@id":"https:\/\/erasmus.com.co\/Erasmus\/producto\/mpd-800\/","url":"https:\/\/erasmus.com.co\/Erasmus\/producto\/mpd-800\/","name":"MPD 800 - Erasmus Colombia","isPartOf":{"@id":"https:\/\/erasmus.com.co\/Erasmus\/#website"},"primaryImageOfPage":{"@id":"https:\/\/erasmus.com.co\/Erasmus\/producto\/mpd-800\/#primaryimage"},"image":{"@id":"https:\/\/erasmus.com.co\/Erasmus\/producto\/mpd-800\/#primaryimage"},"thumbnailUrl":"https:\/\/erasmus.com.co\/Erasmus\/wp-content\/uploads\/2025\/02\/Omicron_MPD-800.png","datePublished":"2025-09-04T15:35:39+00:00","dateModified":"2025-11-27T17:58:24+00:00","description":"El MPD 800 de Omicron es un sistema para la medici\u00f3n y an\u00e1lisis de descargas parciales (DP), que representa la siguiente generaci\u00f3n de la innovadora tecnolog\u00eda MPD.","breadcrumb":{"@id":"https:\/\/erasmus.com.co\/Erasmus\/producto\/mpd-800\/#breadcrumb"},"inLanguage":"en-US","potentialAction":[{"@type":"ReadAction","target":["https:\/\/erasmus.com.co\/Erasmus\/producto\/mpd-800\/"]}]},{"@type":"ImageObject","inLanguage":"en-US","@id":"https:\/\/erasmus.com.co\/Erasmus\/producto\/mpd-800\/#primaryimage","url":"https:\/\/erasmus.com.co\/Erasmus\/wp-content\/uploads\/2025\/02\/Omicron_MPD-800.png","contentUrl":"https:\/\/erasmus.com.co\/Erasmus\/wp-content\/uploads\/2025\/02\/Omicron_MPD-800.png","width":1982,"height":1487},{"@type":"BreadcrumbList","@id":"https:\/\/erasmus.com.co\/Erasmus\/producto\/mpd-800\/#breadcrumb","itemListElement":[{"@type":"ListItem","position":1,"name":"Home","item":"https:\/\/erasmus.com.co\/Erasmus\/"},{"@type":"ListItem","position":2,"name":"Tienda","item":"https:\/\/erasmus.com.co\/Erasmus\/tienda\/"},{"@type":"ListItem","position":3,"name":"MPD 800"}]},{"@type":"WebSite","@id":"https:\/\/erasmus.com.co\/Erasmus\/#website","url":"https:\/\/erasmus.com.co\/Erasmus\/","name":"Erasmus Colombia","description":"Ofrecemos productos y servicios de excelencia para el Sector Industrial","publisher":{"@id":"https:\/\/erasmus.com.co\/Erasmus\/#organization"},"potentialAction":[{"@type":"SearchAction","target":{"@type":"EntryPoint","urlTemplate":"https:\/\/erasmus.com.co\/Erasmus\/?s={search_term_string}"},"query-input":{"@type":"PropertyValueSpecification","valueRequired":true,"valueName":"search_term_string"}}],"inLanguage":"en-US"},{"@type":"Organization","@id":"https:\/\/erasmus.com.co\/Erasmus\/#organization","name":"Erasmus Colombia","url":"https:\/\/erasmus.com.co\/Erasmus\/","logo":{"@type":"ImageObject","inLanguage":"en-US","@id":"https:\/\/erasmus.com.co\/Erasmus\/#\/schema\/logo\/image\/","url":"https:\/\/erasmus.com.co\/Erasmus\/wp-content\/uploads\/2023\/02\/cropped-cropped-logo_erasmus.png","contentUrl":"https:\/\/erasmus.com.co\/Erasmus\/wp-content\/uploads\/2023\/02\/cropped-cropped-logo_erasmus.png","width":817,"height":163,"caption":"Erasmus Colombia"},"image":{"@id":"https:\/\/erasmus.com.co\/Erasmus\/#\/schema\/logo\/image\/"}}]}},"_links":{"self":[{"href":"https:\/\/erasmus.com.co\/Erasmus\/en\/wp-json\/wp\/v2\/product\/9553","targetHints":{"allow":["GET"]}}],"collection":[{"href":"https:\/\/erasmus.com.co\/Erasmus\/en\/wp-json\/wp\/v2\/product"}],"about":[{"href":"https:\/\/erasmus.com.co\/Erasmus\/en\/wp-json\/wp\/v2\/types\/product"}],"wp:featuredmedia":[{"embeddable":true,"href":"https:\/\/erasmus.com.co\/Erasmus\/en\/wp-json\/wp\/v2\/media\/4888"}],"wp:attachment":[{"href":"https:\/\/erasmus.com.co\/Erasmus\/en\/wp-json\/wp\/v2\/media?parent=9553"}],"wp:term":[{"taxonomy":"product_brand","embeddable":true,"href":"https:\/\/erasmus.com.co\/Erasmus\/en\/wp-json\/wp\/v2\/product_brand?post=9553"},{"taxonomy":"product_cat","embeddable":true,"href":"https:\/\/erasmus.com.co\/Erasmus\/en\/wp-json\/wp\/v2\/product_cat?post=9553"},{"taxonomy":"product_tag","embeddable":true,"href":"https:\/\/erasmus.com.co\/Erasmus\/en\/wp-json\/wp\/v2\/product_tag?post=9553"}],"curies":[{"name":"wp","href":"https:\/\/api.w.org\/{rel}","templated":true}]}}