{"id":9566,"date":"2025-09-04T15:35:46","date_gmt":"2025-09-04T15:35:46","guid":{"rendered":"https:\/\/erasmus.com.co\/Erasmus\/producto\/compano-100\/"},"modified":"2025-11-27T18:19:40","modified_gmt":"2025-11-27T18:19:40","slug":"compano-100","status":"publish","type":"product","link":"https:\/\/erasmus.com.co\/Erasmus\/en\/product\/compano-100\/","title":{"rendered":"Compano 100"},"content":{"rendered":"<p><strong>Omicron COMPANO 100<\/strong> is an easy-to-use solution for basic checks on electrical systems. Its controlled electronic source provides accurate signals at various frequencies and waveforms, such as automatic ramps and pure DC current. With configurable inputs for relay testing, AC or DC voltages, and currents, COMPANO 100 is ideal for technicians and professionals in testing and maintenance. Its versatility, reliability and ease of use make it an efficient tool for validation and verification of electrical equipment.<\/p>","protected":false},"excerpt":{"rendered":"<h3><strong>Main Characteristics:<\/strong><\/h3>\n<ul>\n<li>\"Universal and easy-to-use solution for basic checks on electrical power systems.<\/li>\n<li>Controlled electronic sources that allow accurate values to be obtained.<\/li>\n<li>Ability to emit signals at different frequencies and waveforms.<\/li>\n<li>It offers automatic ramps and pure direct current (DC).<\/li>\n<li>Highly flexible inputs configurable for relay testing, AC or DC voltage inputs, or current inputs.<\/li>\n<li>Ideal tool for testing and maintenance of electrical equipment.<\/li>\n<li>Controlled electronic source to generate accurate signals.<\/li>\n<li>Inputs configurable as binary inputs, AC\/DC voltage or current.<\/li>\n<li>Signal output at various frequencies and waveforms, including automatic ramps and pure DC.<\/li>\n<li>Compatibility for testing relays and other electrical devices.<\/li>\n<li>High accuracy and reliability for validation and verification of electrical equipment.<\/li>\n<li>Easy to set up and operate, suitable for electrical test and diagnostic applications.\"<\/li>\n<\/ul>\n<p><img decoding=\"async\" class=\"alignnone wp-image-9704\" src=\"https:\/\/erasmus.com.co\/Erasmus\/wp-content\/uploads\/2025\/09\/icono_pdf-1.png\" alt=\"\" width=\"38\" height=\"37\" srcset=\"https:\/\/erasmus.com.co\/Erasmus\/wp-content\/uploads\/2025\/09\/icono_pdf-1.png 149w, https:\/\/erasmus.com.co\/Erasmus\/wp-content\/uploads\/2025\/09\/icono_pdf-1-12x12.png 12w, https:\/\/erasmus.com.co\/Erasmus\/wp-content\/uploads\/2025\/09\/icono_pdf-1-100x100.png 100w\" sizes=\"(max-width: 38px) 100vw, 38px\" \/><strong>Download the Technical Data Sheet<\/strong> <a href=\"https:\/\/erasmus.com.co\/Erasmus\/wp-content\/uploads\/2025\/02\/COMPANO-100-Brochure-ESP.pdf\" target=\"_blank\" rel=\"noopener\"><strong>here<\/strong><\/a><\/p>","protected":false},"featured_media":4898,"template":"","meta":{"_acf_changed":false},"product_brand":[40],"product_cat":[42],"product_tag":[],"class_list":{"0":"post-9566","1":"product","2":"type-product","3":"status-publish","4":"has-post-thumbnail","6":"product_brand-omicron","7":"product_cat-omicron","9":"first","10":"instock","11":"shipping-taxable","12":"product-type-simple"},"acf":[],"yoast_head":"<!-- This site is optimized with the Yoast SEO Premium plugin v24.6 (Yoast SEO v24.6) - https:\/\/yoast.com\/wordpress\/plugins\/seo\/ -->\n<title>Compano 100 (Omicron) - Erasmus Colombia<\/title>\n<meta name=\"description\" content=\"COMPANO 100 de Omicron electronics es una herramienta eficiente f\u00e1cil de usar para comprobaciones b\u00e1sicas en sistemas el\u00e9ctricos.\" \/>\n<meta name=\"robots\" content=\"index, follow, max-snippet:-1, max-image-preview:large, max-video-preview:-1\" \/>\n<link rel=\"canonical\" href=\"https:\/\/erasmus.com.co\/Erasmus\/en\/product\/compano-100\/\" \/>\n<meta property=\"og:locale\" content=\"en_US\" \/>\n<meta property=\"og:type\" content=\"article\" \/>\n<meta property=\"og:title\" content=\"Compano 100\" \/>\n<meta property=\"og:description\" content=\"COMPANO 100 de Omicron electronics es una herramienta eficiente f\u00e1cil de usar para comprobaciones b\u00e1sicas en sistemas el\u00e9ctricos.\" \/>\n<meta property=\"og:url\" content=\"https:\/\/erasmus.com.co\/Erasmus\/en\/product\/compano-100\/\" \/>\n<meta property=\"og:site_name\" content=\"Erasmus Colombia\" \/>\n<meta property=\"article:modified_time\" content=\"2025-11-27T18:19:40+00:00\" \/>\n<meta property=\"og:image\" content=\"https:\/\/erasmus.com.co\/Erasmus\/wp-content\/uploads\/2025\/02\/Omicron_COMPANO-100.png\" \/>\n\t<meta property=\"og:image:width\" content=\"1982\" \/>\n\t<meta property=\"og:image:height\" content=\"1487\" \/>\n\t<meta property=\"og:image:type\" content=\"image\/png\" \/>\n<meta name=\"twitter:card\" content=\"summary_large_image\" \/>\n<meta name=\"twitter:label1\" content=\"Est. reading time\" \/>\n\t<meta name=\"twitter:data1\" content=\"1 minute\" \/>\n<script type=\"application\/ld+json\" class=\"yoast-schema-graph\">{\"@context\":\"https:\/\/schema.org\",\"@graph\":[{\"@type\":\"WebPage\",\"@id\":\"https:\/\/erasmus.com.co\/Erasmus\/producto\/compano-100\/\",\"url\":\"https:\/\/erasmus.com.co\/Erasmus\/producto\/compano-100\/\",\"name\":\"Compano 100 (Omicron) - Erasmus Colombia\",\"isPartOf\":{\"@id\":\"https:\/\/erasmus.com.co\/Erasmus\/#website\"},\"primaryImageOfPage\":{\"@id\":\"https:\/\/erasmus.com.co\/Erasmus\/producto\/compano-100\/#primaryimage\"},\"image\":{\"@id\":\"https:\/\/erasmus.com.co\/Erasmus\/producto\/compano-100\/#primaryimage\"},\"thumbnailUrl\":\"https:\/\/erasmus.com.co\/Erasmus\/wp-content\/uploads\/2025\/02\/Omicron_COMPANO-100.png\",\"datePublished\":\"2025-09-04T15:35:46+00:00\",\"dateModified\":\"2025-11-27T18:19:40+00:00\",\"description\":\"COMPANO 100 de Omicron electronics es una herramienta eficiente f\u00e1cil de usar para comprobaciones b\u00e1sicas en sistemas el\u00e9ctricos.\",\"breadcrumb\":{\"@id\":\"https:\/\/erasmus.com.co\/Erasmus\/producto\/compano-100\/#breadcrumb\"},\"inLanguage\":\"en-US\",\"potentialAction\":[{\"@type\":\"ReadAction\",\"target\":[\"https:\/\/erasmus.com.co\/Erasmus\/producto\/compano-100\/\"]}]},{\"@type\":\"ImageObject\",\"inLanguage\":\"en-US\",\"@id\":\"https:\/\/erasmus.com.co\/Erasmus\/producto\/compano-100\/#primaryimage\",\"url\":\"https:\/\/erasmus.com.co\/Erasmus\/wp-content\/uploads\/2025\/02\/Omicron_COMPANO-100.png\",\"contentUrl\":\"https:\/\/erasmus.com.co\/Erasmus\/wp-content\/uploads\/2025\/02\/Omicron_COMPANO-100.png\",\"width\":1982,\"height\":1487},{\"@type\":\"BreadcrumbList\",\"@id\":\"https:\/\/erasmus.com.co\/Erasmus\/producto\/compano-100\/#breadcrumb\",\"itemListElement\":[{\"@type\":\"ListItem\",\"position\":1,\"name\":\"Home\",\"item\":\"https:\/\/erasmus.com.co\/Erasmus\/\"},{\"@type\":\"ListItem\",\"position\":2,\"name\":\"Tienda\",\"item\":\"https:\/\/erasmus.com.co\/Erasmus\/tienda\/\"},{\"@type\":\"ListItem\",\"position\":3,\"name\":\"Compano 100\"}]},{\"@type\":\"WebSite\",\"@id\":\"https:\/\/erasmus.com.co\/Erasmus\/#website\",\"url\":\"https:\/\/erasmus.com.co\/Erasmus\/\",\"name\":\"Erasmus Colombia\",\"description\":\"Ofrecemos productos y servicios de excelencia para el Sector Industrial\",\"publisher\":{\"@id\":\"https:\/\/erasmus.com.co\/Erasmus\/#organization\"},\"potentialAction\":[{\"@type\":\"SearchAction\",\"target\":{\"@type\":\"EntryPoint\",\"urlTemplate\":\"https:\/\/erasmus.com.co\/Erasmus\/?s={search_term_string}\"},\"query-input\":{\"@type\":\"PropertyValueSpecification\",\"valueRequired\":true,\"valueName\":\"search_term_string\"}}],\"inLanguage\":\"en-US\"},{\"@type\":\"Organization\",\"@id\":\"https:\/\/erasmus.com.co\/Erasmus\/#organization\",\"name\":\"Erasmus Colombia\",\"url\":\"https:\/\/erasmus.com.co\/Erasmus\/\",\"logo\":{\"@type\":\"ImageObject\",\"inLanguage\":\"en-US\",\"@id\":\"https:\/\/erasmus.com.co\/Erasmus\/#\/schema\/logo\/image\/\",\"url\":\"https:\/\/erasmus.com.co\/Erasmus\/wp-content\/uploads\/2023\/02\/cropped-cropped-logo_erasmus.png\",\"contentUrl\":\"https:\/\/erasmus.com.co\/Erasmus\/wp-content\/uploads\/2023\/02\/cropped-cropped-logo_erasmus.png\",\"width\":817,\"height\":163,\"caption\":\"Erasmus Colombia\"},\"image\":{\"@id\":\"https:\/\/erasmus.com.co\/Erasmus\/#\/schema\/logo\/image\/\"}}]}<\/script>\n<!-- \/ Yoast SEO Premium plugin. -->","yoast_head_json":{"title":"Compano 100 (Omicron) - Erasmus Colombia","description":"COMPANO 100 de Omicron electronics es una herramienta eficiente f\u00e1cil de usar para comprobaciones b\u00e1sicas en sistemas el\u00e9ctricos.","robots":{"index":"index","follow":"follow","max-snippet":"max-snippet:-1","max-image-preview":"max-image-preview:large","max-video-preview":"max-video-preview:-1"},"canonical":"https:\/\/erasmus.com.co\/Erasmus\/en\/product\/compano-100\/","og_locale":"en_US","og_type":"article","og_title":"Compano 100","og_description":"COMPANO 100 de Omicron electronics es una herramienta eficiente f\u00e1cil de usar para comprobaciones b\u00e1sicas en sistemas el\u00e9ctricos.","og_url":"https:\/\/erasmus.com.co\/Erasmus\/en\/product\/compano-100\/","og_site_name":"Erasmus Colombia","article_modified_time":"2025-11-27T18:19:40+00:00","og_image":[{"width":1982,"height":1487,"url":"https:\/\/erasmus.com.co\/Erasmus\/wp-content\/uploads\/2025\/02\/Omicron_COMPANO-100.png","type":"image\/png"}],"twitter_card":"summary_large_image","twitter_misc":{"Est. reading time":"1 minute"},"schema":{"@context":"https:\/\/schema.org","@graph":[{"@type":"WebPage","@id":"https:\/\/erasmus.com.co\/Erasmus\/producto\/compano-100\/","url":"https:\/\/erasmus.com.co\/Erasmus\/producto\/compano-100\/","name":"Compano 100 (Omicron) - Erasmus Colombia","isPartOf":{"@id":"https:\/\/erasmus.com.co\/Erasmus\/#website"},"primaryImageOfPage":{"@id":"https:\/\/erasmus.com.co\/Erasmus\/producto\/compano-100\/#primaryimage"},"image":{"@id":"https:\/\/erasmus.com.co\/Erasmus\/producto\/compano-100\/#primaryimage"},"thumbnailUrl":"https:\/\/erasmus.com.co\/Erasmus\/wp-content\/uploads\/2025\/02\/Omicron_COMPANO-100.png","datePublished":"2025-09-04T15:35:46+00:00","dateModified":"2025-11-27T18:19:40+00:00","description":"COMPANO 100 de Omicron electronics es una herramienta eficiente f\u00e1cil de usar para comprobaciones b\u00e1sicas en sistemas el\u00e9ctricos.","breadcrumb":{"@id":"https:\/\/erasmus.com.co\/Erasmus\/producto\/compano-100\/#breadcrumb"},"inLanguage":"en-US","potentialAction":[{"@type":"ReadAction","target":["https:\/\/erasmus.com.co\/Erasmus\/producto\/compano-100\/"]}]},{"@type":"ImageObject","inLanguage":"en-US","@id":"https:\/\/erasmus.com.co\/Erasmus\/producto\/compano-100\/#primaryimage","url":"https:\/\/erasmus.com.co\/Erasmus\/wp-content\/uploads\/2025\/02\/Omicron_COMPANO-100.png","contentUrl":"https:\/\/erasmus.com.co\/Erasmus\/wp-content\/uploads\/2025\/02\/Omicron_COMPANO-100.png","width":1982,"height":1487},{"@type":"BreadcrumbList","@id":"https:\/\/erasmus.com.co\/Erasmus\/producto\/compano-100\/#breadcrumb","itemListElement":[{"@type":"ListItem","position":1,"name":"Home","item":"https:\/\/erasmus.com.co\/Erasmus\/"},{"@type":"ListItem","position":2,"name":"Tienda","item":"https:\/\/erasmus.com.co\/Erasmus\/tienda\/"},{"@type":"ListItem","position":3,"name":"Compano 100"}]},{"@type":"WebSite","@id":"https:\/\/erasmus.com.co\/Erasmus\/#website","url":"https:\/\/erasmus.com.co\/Erasmus\/","name":"Erasmus Colombia","description":"Ofrecemos productos y servicios de excelencia para el Sector Industrial","publisher":{"@id":"https:\/\/erasmus.com.co\/Erasmus\/#organization"},"potentialAction":[{"@type":"SearchAction","target":{"@type":"EntryPoint","urlTemplate":"https:\/\/erasmus.com.co\/Erasmus\/?s={search_term_string}"},"query-input":{"@type":"PropertyValueSpecification","valueRequired":true,"valueName":"search_term_string"}}],"inLanguage":"en-US"},{"@type":"Organization","@id":"https:\/\/erasmus.com.co\/Erasmus\/#organization","name":"Erasmus Colombia","url":"https:\/\/erasmus.com.co\/Erasmus\/","logo":{"@type":"ImageObject","inLanguage":"en-US","@id":"https:\/\/erasmus.com.co\/Erasmus\/#\/schema\/logo\/image\/","url":"https:\/\/erasmus.com.co\/Erasmus\/wp-content\/uploads\/2023\/02\/cropped-cropped-logo_erasmus.png","contentUrl":"https:\/\/erasmus.com.co\/Erasmus\/wp-content\/uploads\/2023\/02\/cropped-cropped-logo_erasmus.png","width":817,"height":163,"caption":"Erasmus Colombia"},"image":{"@id":"https:\/\/erasmus.com.co\/Erasmus\/#\/schema\/logo\/image\/"}}]}},"_links":{"self":[{"href":"https:\/\/erasmus.com.co\/Erasmus\/en\/wp-json\/wp\/v2\/product\/9566","targetHints":{"allow":["GET"]}}],"collection":[{"href":"https:\/\/erasmus.com.co\/Erasmus\/en\/wp-json\/wp\/v2\/product"}],"about":[{"href":"https:\/\/erasmus.com.co\/Erasmus\/en\/wp-json\/wp\/v2\/types\/product"}],"wp:featuredmedia":[{"embeddable":true,"href":"https:\/\/erasmus.com.co\/Erasmus\/en\/wp-json\/wp\/v2\/media\/4898"}],"wp:attachment":[{"href":"https:\/\/erasmus.com.co\/Erasmus\/en\/wp-json\/wp\/v2\/media?parent=9566"}],"wp:term":[{"taxonomy":"product_brand","embeddable":true,"href":"https:\/\/erasmus.com.co\/Erasmus\/en\/wp-json\/wp\/v2\/product_brand?post=9566"},{"taxonomy":"product_cat","embeddable":true,"href":"https:\/\/erasmus.com.co\/Erasmus\/en\/wp-json\/wp\/v2\/product_cat?post=9566"},{"taxonomy":"product_tag","embeddable":true,"href":"https:\/\/erasmus.com.co\/Erasmus\/en\/wp-json\/wp\/v2\/product_tag?post=9566"}],"curies":[{"name":"wp","href":"https:\/\/api.w.org\/{rel}","templated":true}]}}