{"id":9569,"date":"2025-09-04T15:35:48","date_gmt":"2025-09-04T15:35:48","guid":{"rendered":"https:\/\/erasmus.com.co\/Erasmus\/producto\/uhf-800\/"},"modified":"2025-11-27T18:18:17","modified_gmt":"2025-11-27T18:18:17","slug":"uhf-800","status":"publish","type":"product","link":"https:\/\/erasmus.com.co\/Erasmus\/en\/product\/uhf-800\/","title":{"rendered":"UHF 800"},"content":{"rendered":"<p><strong>Omicron's UHF 800 system<\/strong> is a portable and easy-to-use device for partial discharge (PD) measurements and analysis in the ultra-high frequency (UHF) range from 100 to 2000 MHz. It is designed to evaluate the insulation condition and detect defects in electrical equipment such as GIS substations, GIL lines, power transformers and high voltage cable terminations. Its modular and flexible design allows for quick setup in routine testing, field acceptance and troubleshooting, even in noisy environments. Ideal for HV labs and field testing.<\/p>","protected":false},"excerpt":{"rendered":"<h3><strong>Main Characteristics:<\/strong><\/h3>\n<ul>\n<li>\"Portable and easy-to-use system. Performs offline and online partial discharge (PD) measurements and analysis.<\/li>\n<li>Applicable in GIS substations, GIL lines, power transformers and high voltage cable terminations.<\/li>\n<li>Modular and flexible design, easy to configure for field and laboratory testing.<\/li>\n<li>Ideal for acceptance testing, predictive maintenance and fault diagnosis.<\/li>\n<li>Operation in noisy environments and demanding conditions.<\/li>\n<li>Frequency range from 100 to 2000 MHz.<\/li>\n<li>High sensitivity for PD detection in electrical equipment.<\/li>\n<li>It allows the condition of the insulation to be evaluated and defects to be accurately detected.<\/li>\n<li>Compatible with noisy test environments, no interference.<\/li>\n<li>Useful in routine testing, type and field troubleshooting.<\/li>\n<li>Supports testing on oil-filled power transformers.\"<\/li>\n<\/ul>\n<p><img decoding=\"async\" class=\"alignnone wp-image-9704\" src=\"https:\/\/erasmus.com.co\/Erasmus\/wp-content\/uploads\/2025\/09\/icono_pdf-1.png\" alt=\"\" width=\"38\" height=\"37\" srcset=\"https:\/\/erasmus.com.co\/Erasmus\/wp-content\/uploads\/2025\/09\/icono_pdf-1.png 149w, https:\/\/erasmus.com.co\/Erasmus\/wp-content\/uploads\/2025\/09\/icono_pdf-1-12x12.png 12w, https:\/\/erasmus.com.co\/Erasmus\/wp-content\/uploads\/2025\/09\/icono_pdf-1-100x100.png 100w\" sizes=\"(max-width: 38px) 100vw, 38px\" \/><strong>Download the Technical Data Sheet<\/strong> <a href=\"https:\/\/erasmus.com.co\/Erasmus\/wp-content\/uploads\/2025\/02\/UHF-800-Brochure-ESP.pdf\" target=\"_blank\" rel=\"noopener\"><strong>here<\/strong><\/a><\/p>","protected":false},"featured_media":4904,"template":"","meta":{"_acf_changed":false},"product_brand":[40],"product_cat":[42],"product_tag":[],"class_list":{"0":"post-9569","1":"product","2":"type-product","3":"status-publish","4":"has-post-thumbnail","6":"product_brand-omicron","7":"product_cat-omicron","9":"first","10":"instock","11":"shipping-taxable","12":"product-type-simple"},"acf":[],"yoast_head":"<!-- This site is optimized with the Yoast SEO Premium plugin v24.6 (Yoast SEO v24.6) - https:\/\/yoast.com\/wordpress\/plugins\/seo\/ -->\n<title>UHF 800 (Omicron) - Erasmus Colombia<\/title>\n<meta name=\"description\" content=\"El UHF 800 de Omicron es un equipo port\u00e1til y f\u00e1cil de usar para mediciones y an\u00e1lisis de descargas parciales (DP) en el rango de frecuencia ultra alta.\" \/>\n<meta name=\"robots\" content=\"index, follow, max-snippet:-1, max-image-preview:large, max-video-preview:-1\" \/>\n<link rel=\"canonical\" href=\"https:\/\/erasmus.com.co\/Erasmus\/en\/product\/uhf-800\/\" \/>\n<meta property=\"og:locale\" content=\"en_US\" \/>\n<meta property=\"og:type\" content=\"article\" \/>\n<meta property=\"og:title\" content=\"UHF 800\" \/>\n<meta property=\"og:description\" content=\"El UHF 800 de Omicron es un equipo port\u00e1til y f\u00e1cil de usar para mediciones y an\u00e1lisis de descargas parciales (DP) en el rango de frecuencia ultra alta.\" \/>\n<meta property=\"og:url\" content=\"https:\/\/erasmus.com.co\/Erasmus\/en\/product\/uhf-800\/\" \/>\n<meta property=\"og:site_name\" content=\"Erasmus Colombia\" \/>\n<meta property=\"article:modified_time\" content=\"2025-11-27T18:18:17+00:00\" \/>\n<meta property=\"og:image\" content=\"https:\/\/erasmus.com.co\/Erasmus\/wp-content\/uploads\/2025\/02\/Omicron_UHF-800.png\" \/>\n\t<meta property=\"og:image:width\" content=\"1023\" \/>\n\t<meta property=\"og:image:height\" content=\"768\" \/>\n\t<meta property=\"og:image:type\" content=\"image\/png\" \/>\n<meta name=\"twitter:card\" content=\"summary_large_image\" \/>\n<meta name=\"twitter:label1\" content=\"Est. reading time\" \/>\n\t<meta name=\"twitter:data1\" content=\"1 minute\" \/>\n<script type=\"application\/ld+json\" class=\"yoast-schema-graph\">{\"@context\":\"https:\/\/schema.org\",\"@graph\":[{\"@type\":\"WebPage\",\"@id\":\"https:\/\/erasmus.com.co\/Erasmus\/producto\/uhf-800\/\",\"url\":\"https:\/\/erasmus.com.co\/Erasmus\/producto\/uhf-800\/\",\"name\":\"UHF 800 (Omicron) - Erasmus Colombia\",\"isPartOf\":{\"@id\":\"https:\/\/erasmus.com.co\/Erasmus\/#website\"},\"primaryImageOfPage\":{\"@id\":\"https:\/\/erasmus.com.co\/Erasmus\/producto\/uhf-800\/#primaryimage\"},\"image\":{\"@id\":\"https:\/\/erasmus.com.co\/Erasmus\/producto\/uhf-800\/#primaryimage\"},\"thumbnailUrl\":\"https:\/\/erasmus.com.co\/Erasmus\/wp-content\/uploads\/2025\/02\/Omicron_UHF-800.png\",\"datePublished\":\"2025-09-04T15:35:48+00:00\",\"dateModified\":\"2025-11-27T18:18:17+00:00\",\"description\":\"El UHF 800 de Omicron es un equipo port\u00e1til y f\u00e1cil de usar para mediciones y an\u00e1lisis de descargas parciales (DP) en el rango de frecuencia ultra alta.\",\"breadcrumb\":{\"@id\":\"https:\/\/erasmus.com.co\/Erasmus\/producto\/uhf-800\/#breadcrumb\"},\"inLanguage\":\"en-US\",\"potentialAction\":[{\"@type\":\"ReadAction\",\"target\":[\"https:\/\/erasmus.com.co\/Erasmus\/producto\/uhf-800\/\"]}]},{\"@type\":\"ImageObject\",\"inLanguage\":\"en-US\",\"@id\":\"https:\/\/erasmus.com.co\/Erasmus\/producto\/uhf-800\/#primaryimage\",\"url\":\"https:\/\/erasmus.com.co\/Erasmus\/wp-content\/uploads\/2025\/02\/Omicron_UHF-800.png\",\"contentUrl\":\"https:\/\/erasmus.com.co\/Erasmus\/wp-content\/uploads\/2025\/02\/Omicron_UHF-800.png\",\"width\":1023,\"height\":768},{\"@type\":\"BreadcrumbList\",\"@id\":\"https:\/\/erasmus.com.co\/Erasmus\/producto\/uhf-800\/#breadcrumb\",\"itemListElement\":[{\"@type\":\"ListItem\",\"position\":1,\"name\":\"Home\",\"item\":\"https:\/\/erasmus.com.co\/Erasmus\/\"},{\"@type\":\"ListItem\",\"position\":2,\"name\":\"Tienda\",\"item\":\"https:\/\/erasmus.com.co\/Erasmus\/tienda\/\"},{\"@type\":\"ListItem\",\"position\":3,\"name\":\"UHF 800\"}]},{\"@type\":\"WebSite\",\"@id\":\"https:\/\/erasmus.com.co\/Erasmus\/#website\",\"url\":\"https:\/\/erasmus.com.co\/Erasmus\/\",\"name\":\"Erasmus Colombia\",\"description\":\"Ofrecemos productos y servicios de excelencia para el Sector Industrial\",\"publisher\":{\"@id\":\"https:\/\/erasmus.com.co\/Erasmus\/#organization\"},\"potentialAction\":[{\"@type\":\"SearchAction\",\"target\":{\"@type\":\"EntryPoint\",\"urlTemplate\":\"https:\/\/erasmus.com.co\/Erasmus\/?s={search_term_string}\"},\"query-input\":{\"@type\":\"PropertyValueSpecification\",\"valueRequired\":true,\"valueName\":\"search_term_string\"}}],\"inLanguage\":\"en-US\"},{\"@type\":\"Organization\",\"@id\":\"https:\/\/erasmus.com.co\/Erasmus\/#organization\",\"name\":\"Erasmus Colombia\",\"url\":\"https:\/\/erasmus.com.co\/Erasmus\/\",\"logo\":{\"@type\":\"ImageObject\",\"inLanguage\":\"en-US\",\"@id\":\"https:\/\/erasmus.com.co\/Erasmus\/#\/schema\/logo\/image\/\",\"url\":\"https:\/\/erasmus.com.co\/Erasmus\/wp-content\/uploads\/2023\/02\/cropped-cropped-logo_erasmus.png\",\"contentUrl\":\"https:\/\/erasmus.com.co\/Erasmus\/wp-content\/uploads\/2023\/02\/cropped-cropped-logo_erasmus.png\",\"width\":817,\"height\":163,\"caption\":\"Erasmus Colombia\"},\"image\":{\"@id\":\"https:\/\/erasmus.com.co\/Erasmus\/#\/schema\/logo\/image\/\"}}]}<\/script>\n<!-- \/ Yoast SEO Premium plugin. -->","yoast_head_json":{"title":"UHF 800 (Omicron) - Erasmus Colombia","description":"El UHF 800 de Omicron es un equipo port\u00e1til y f\u00e1cil de usar para mediciones y an\u00e1lisis de descargas parciales (DP) en el rango de frecuencia ultra alta.","robots":{"index":"index","follow":"follow","max-snippet":"max-snippet:-1","max-image-preview":"max-image-preview:large","max-video-preview":"max-video-preview:-1"},"canonical":"https:\/\/erasmus.com.co\/Erasmus\/en\/product\/uhf-800\/","og_locale":"en_US","og_type":"article","og_title":"UHF 800","og_description":"El UHF 800 de Omicron es un equipo port\u00e1til y f\u00e1cil de usar para mediciones y an\u00e1lisis de descargas parciales (DP) en el rango de frecuencia ultra alta.","og_url":"https:\/\/erasmus.com.co\/Erasmus\/en\/product\/uhf-800\/","og_site_name":"Erasmus Colombia","article_modified_time":"2025-11-27T18:18:17+00:00","og_image":[{"width":1023,"height":768,"url":"https:\/\/erasmus.com.co\/Erasmus\/wp-content\/uploads\/2025\/02\/Omicron_UHF-800.png","type":"image\/png"}],"twitter_card":"summary_large_image","twitter_misc":{"Est. reading time":"1 minute"},"schema":{"@context":"https:\/\/schema.org","@graph":[{"@type":"WebPage","@id":"https:\/\/erasmus.com.co\/Erasmus\/producto\/uhf-800\/","url":"https:\/\/erasmus.com.co\/Erasmus\/producto\/uhf-800\/","name":"UHF 800 (Omicron) - Erasmus Colombia","isPartOf":{"@id":"https:\/\/erasmus.com.co\/Erasmus\/#website"},"primaryImageOfPage":{"@id":"https:\/\/erasmus.com.co\/Erasmus\/producto\/uhf-800\/#primaryimage"},"image":{"@id":"https:\/\/erasmus.com.co\/Erasmus\/producto\/uhf-800\/#primaryimage"},"thumbnailUrl":"https:\/\/erasmus.com.co\/Erasmus\/wp-content\/uploads\/2025\/02\/Omicron_UHF-800.png","datePublished":"2025-09-04T15:35:48+00:00","dateModified":"2025-11-27T18:18:17+00:00","description":"El UHF 800 de Omicron es un equipo port\u00e1til y f\u00e1cil de usar para mediciones y an\u00e1lisis de descargas parciales (DP) en el rango de frecuencia ultra alta.","breadcrumb":{"@id":"https:\/\/erasmus.com.co\/Erasmus\/producto\/uhf-800\/#breadcrumb"},"inLanguage":"en-US","potentialAction":[{"@type":"ReadAction","target":["https:\/\/erasmus.com.co\/Erasmus\/producto\/uhf-800\/"]}]},{"@type":"ImageObject","inLanguage":"en-US","@id":"https:\/\/erasmus.com.co\/Erasmus\/producto\/uhf-800\/#primaryimage","url":"https:\/\/erasmus.com.co\/Erasmus\/wp-content\/uploads\/2025\/02\/Omicron_UHF-800.png","contentUrl":"https:\/\/erasmus.com.co\/Erasmus\/wp-content\/uploads\/2025\/02\/Omicron_UHF-800.png","width":1023,"height":768},{"@type":"BreadcrumbList","@id":"https:\/\/erasmus.com.co\/Erasmus\/producto\/uhf-800\/#breadcrumb","itemListElement":[{"@type":"ListItem","position":1,"name":"Home","item":"https:\/\/erasmus.com.co\/Erasmus\/"},{"@type":"ListItem","position":2,"name":"Tienda","item":"https:\/\/erasmus.com.co\/Erasmus\/tienda\/"},{"@type":"ListItem","position":3,"name":"UHF 800"}]},{"@type":"WebSite","@id":"https:\/\/erasmus.com.co\/Erasmus\/#website","url":"https:\/\/erasmus.com.co\/Erasmus\/","name":"Erasmus Colombia","description":"Ofrecemos productos y servicios de excelencia para el Sector Industrial","publisher":{"@id":"https:\/\/erasmus.com.co\/Erasmus\/#organization"},"potentialAction":[{"@type":"SearchAction","target":{"@type":"EntryPoint","urlTemplate":"https:\/\/erasmus.com.co\/Erasmus\/?s={search_term_string}"},"query-input":{"@type":"PropertyValueSpecification","valueRequired":true,"valueName":"search_term_string"}}],"inLanguage":"en-US"},{"@type":"Organization","@id":"https:\/\/erasmus.com.co\/Erasmus\/#organization","name":"Erasmus Colombia","url":"https:\/\/erasmus.com.co\/Erasmus\/","logo":{"@type":"ImageObject","inLanguage":"en-US","@id":"https:\/\/erasmus.com.co\/Erasmus\/#\/schema\/logo\/image\/","url":"https:\/\/erasmus.com.co\/Erasmus\/wp-content\/uploads\/2023\/02\/cropped-cropped-logo_erasmus.png","contentUrl":"https:\/\/erasmus.com.co\/Erasmus\/wp-content\/uploads\/2023\/02\/cropped-cropped-logo_erasmus.png","width":817,"height":163,"caption":"Erasmus Colombia"},"image":{"@id":"https:\/\/erasmus.com.co\/Erasmus\/#\/schema\/logo\/image\/"}}]}},"_links":{"self":[{"href":"https:\/\/erasmus.com.co\/Erasmus\/en\/wp-json\/wp\/v2\/product\/9569","targetHints":{"allow":["GET"]}}],"collection":[{"href":"https:\/\/erasmus.com.co\/Erasmus\/en\/wp-json\/wp\/v2\/product"}],"about":[{"href":"https:\/\/erasmus.com.co\/Erasmus\/en\/wp-json\/wp\/v2\/types\/product"}],"wp:featuredmedia":[{"embeddable":true,"href":"https:\/\/erasmus.com.co\/Erasmus\/en\/wp-json\/wp\/v2\/media\/4904"}],"wp:attachment":[{"href":"https:\/\/erasmus.com.co\/Erasmus\/en\/wp-json\/wp\/v2\/media?parent=9569"}],"wp:term":[{"taxonomy":"product_brand","embeddable":true,"href":"https:\/\/erasmus.com.co\/Erasmus\/en\/wp-json\/wp\/v2\/product_brand?post=9569"},{"taxonomy":"product_cat","embeddable":true,"href":"https:\/\/erasmus.com.co\/Erasmus\/en\/wp-json\/wp\/v2\/product_cat?post=9569"},{"taxonomy":"product_tag","embeddable":true,"href":"https:\/\/erasmus.com.co\/Erasmus\/en\/wp-json\/wp\/v2\/product_tag?post=9569"}],"curies":[{"name":"wp","href":"https:\/\/api.w.org\/{rel}","templated":true}]}}