{"id":10903,"date":"2026-02-10T15:32:36","date_gmt":"2026-02-10T15:32:36","guid":{"rendered":"https:\/\/erasmus.com.co\/Erasmus\/?page_id=10903"},"modified":"2026-03-17T12:47:32","modified_gmt":"2026-03-17T17:47:32","slug":"patrones-referencia-fuentes","status":"publish","type":"page","link":"https:\/\/erasmus.com.co\/Erasmus\/lineas-de-producto\/smart-metering\/patrones-referencia-fuentes\/","title":{"rendered":"Patrones de referencia y fuentes"},"content":{"rendered":"\t\t<div data-elementor-type=\"wp-page\" data-elementor-id=\"10903\" class=\"elementor elementor-10903\" data-elementor-post-type=\"page\">\n\t\t\t\t<div class=\"elementor-element elementor-element-13c5095d e-flex e-con-boxed e-con e-parent\" data-id=\"13c5095d\" data-element_type=\"container\">\n\t\t\t\t\t<div class=\"e-con-inner\">\n\t\t\t\t<div class=\"elementor-element elementor-element-5d3bc290 elementor-widget elementor-widget-heading\" data-id=\"5d3bc290\" data-element_type=\"widget\" data-widget_type=\"heading.default\">\n\t\t\t\t\t\t<div class=\"elementor-widget-container\">\n\t\t\t\t\t<h2 class=\"elementor-heading-title elementor-size-default\"><font color=\"#217023\">L\u00cdNEAS DE PRODUCTO <\/font> \/ Smart Metering<\/h2>\t\t\t\t<\/div>\n\t\t\t\t<\/div>\n\t\t\t\t\t<\/div>\n\t\t\t\t<\/div>\n\t\t<div class=\"elementor-element elementor-element-3c53e31d e-flex e-con-boxed e-con e-parent\" data-id=\"3c53e31d\" data-element_type=\"container\">\n\t\t\t\t\t<div class=\"e-con-inner\">\n\t\t\t\t<div class=\"elementor-element elementor-element-6bd8c848 elementor-widget elementor-widget-heading\" data-id=\"6bd8c848\" data-element_type=\"widget\" data-widget_type=\"heading.default\">\n\t\t\t\t\t\t<div class=\"elementor-widget-container\">\n\t\t\t\t\t<h2 class=\"elementor-heading-title elementor-size-default\">PATRONES DE REFERENCIA Y FUENTES<\/h2>\t\t\t\t<\/div>\n\t\t\t\t<\/div>\n\t\t\t\t<div class=\"elementor-element elementor-element-7cf6f10a elementor-cta--layout-image-left elementor-cta--valign-top elementor-cta--skin-classic elementor-animated-content elementor-bg-transform elementor-bg-transform-zoom-in elementor-widget elementor-widget-call-to-action\" data-id=\"7cf6f10a\" data-element_type=\"widget\" data-widget_type=\"call-to-action.default\">\n\t\t\t\t\t\t<div class=\"elementor-widget-container\">\n\t\t\t\t\t\t\t<div class=\"elementor-cta\">\n\t\t\t\t\t\t\t<div class=\"elementor-cta__content\">\n\t\t\t\t\n\t\t\t\t\n\t\t\t\t\t\t\t\t\t<div class=\"elementor-cta__description elementor-cta__content-item elementor-content-item\">\n\t\t\t\t\t\tPatrones y fuentes de referencia para calibraci\u00f3n metrol\u00f3gica de instrumentos de medici\u00f3n el\u00e9ctrica.\t\t\t\t\t<\/div>\n\t\t\t\t\n\t\t\t\t\t\t\t<\/div>\n\t\t\t\t\t\t<\/div>\n\t\t\t\t\t\t<\/div>\n\t\t\t\t<\/div>\n\t\t\t\t\t<\/div>\n\t\t\t\t<\/div>\n\t\t<div class=\"elementor-element elementor-element-4b5e7616 elementor-hidden-desktop elementor-hidden-tablet elementor-hidden-mobile e-flex e-con-boxed e-con e-child\" data-id=\"4b5e7616\" data-element_type=\"container\" data-settings=\"{&quot;background_background&quot;:&quot;classic&quot;}\">\n\t\t\t\t\t<div class=\"e-con-inner\">\n\t\t<div class=\"elementor-element elementor-element-1440a0da e-con-full e-flex e-con e-child\" data-id=\"1440a0da\" data-element_type=\"container\">\n\t\t\t\t<div class=\"elementor-element elementor-element-3dc742c5 elementor-cta--layout-image-above elementor-cta--valign-top elementor-cta--skin-classic elementor-animated-content elementor-widget elementor-widget-call-to-action\" data-id=\"3dc742c5\" data-element_type=\"widget\" data-settings=\"{&quot;_animation&quot;:&quot;none&quot;}\" data-widget_type=\"call-to-action.default\">\n\t\t\t\t\t\t<div class=\"elementor-widget-container\">\n\t\t\t\t\t\t\t<a class=\"elementor-cta\" href=\"https:\/\/erasmus.com.co\/Erasmus\/producto\/cmc-356\/\" target=\"_blank\">\n\t\t\t\t\t<div class=\"elementor-cta__bg-wrapper\">\n\t\t\t\t<div class=\"elementor-cta__bg elementor-bg\" style=\"background-image: url(https:\/\/erasmus.com.co\/Erasmus\/wp-content\/uploads\/2026\/03\/Thumbnail-lineas-de-producto.png);\" role=\"img\" aria-label=\"Thumbnail-l\u00edneas de producto\"><\/div>\n\t\t\t\t<div class=\"elementor-cta__bg-overlay\"><\/div>\n\t\t\t<\/div>\n\t\t\t\t\t\t\t<div class=\"elementor-cta__content\">\n\t\t\t\t\n\t\t\t\t\t\t\t\t\t<h2 class=\"elementor-cta__title elementor-cta__content-item elementor-content-item\">\n\t\t\t\t\t\t<strong>MARCA<\/strong><br>Referencia\t\t\t\t\t<\/h2>\n\t\t\t\t\n\t\t\t\t\t\t\t\t\t<div class=\"elementor-cta__description elementor-cta__content-item elementor-content-item\">\n\t\t\t\t\t\t<P align=\"left\">Breve descripci\u00f3n del producto.\t\t\t\t\t<\/div>\n\t\t\t\t\n\t\t\t\t\t\t\t\t\t<div class=\"elementor-cta__button-wrapper elementor-cta__content-item elementor-content-item \">\n\t\t\t\t\t<span class=\"elementor-cta__button elementor-button elementor-size-\">\n\t\t\t\t\t\tVER M\u00c1S\t\t\t\t\t<\/span>\n\t\t\t\t\t<\/div>\n\t\t\t\t\t\t\t<\/div>\n\t\t\t\t\t\t<\/a>\n\t\t\t\t\t\t<\/div>\n\t\t\t\t<\/div>\n\t\t\t\t<\/div>\n\t\t<div class=\"elementor-element elementor-element-603c6d5a e-con-full e-flex e-con e-child\" data-id=\"603c6d5a\" data-element_type=\"container\">\n\t\t\t\t<div class=\"elementor-element elementor-element-48ddd743 elementor-cta--layout-image-above elementor-cta--valign-top elementor-cta--skin-classic elementor-animated-content elementor-widget elementor-widget-call-to-action\" data-id=\"48ddd743\" data-element_type=\"widget\" data-settings=\"{&quot;_animation&quot;:&quot;none&quot;}\" data-widget_type=\"call-to-action.default\">\n\t\t\t\t\t\t<div class=\"elementor-widget-container\">\n\t\t\t\t\t\t\t<a class=\"elementor-cta\" href=\"https:\/\/erasmus.com.co\/Erasmus\/producto\/cmc-356\/\" target=\"_blank\">\n\t\t\t\t\t<div class=\"elementor-cta__bg-wrapper\">\n\t\t\t\t<div class=\"elementor-cta__bg elementor-bg\" style=\"background-image: url(https:\/\/erasmus.com.co\/Erasmus\/wp-content\/uploads\/2026\/03\/Thumbnail-lineas-de-producto.png);\" role=\"img\" aria-label=\"Thumbnail-l\u00edneas de producto\"><\/div>\n\t\t\t\t<div class=\"elementor-cta__bg-overlay\"><\/div>\n\t\t\t<\/div>\n\t\t\t\t\t\t\t<div class=\"elementor-cta__content\">\n\t\t\t\t\n\t\t\t\t\t\t\t\t\t<h2 class=\"elementor-cta__title elementor-cta__content-item elementor-content-item\">\n\t\t\t\t\t\t<strong>MARCA<\/strong><br>Referencia\t\t\t\t\t<\/h2>\n\t\t\t\t\n\t\t\t\t\t\t\t\t\t<div class=\"elementor-cta__description elementor-cta__content-item elementor-content-item\">\n\t\t\t\t\t\t<P align=\"left\">Breve descripci\u00f3n del producto.\t\t\t\t\t<\/div>\n\t\t\t\t\n\t\t\t\t\t\t\t\t\t<div class=\"elementor-cta__button-wrapper elementor-cta__content-item elementor-content-item \">\n\t\t\t\t\t<span class=\"elementor-cta__button elementor-button elementor-size-\">\n\t\t\t\t\t\tVER M\u00c1S\t\t\t\t\t<\/span>\n\t\t\t\t\t<\/div>\n\t\t\t\t\t\t\t<\/div>\n\t\t\t\t\t\t<\/a>\n\t\t\t\t\t\t<\/div>\n\t\t\t\t<\/div>\n\t\t\t\t<\/div>\n\t\t<div class=\"elementor-element elementor-element-355b3bb0 e-con-full e-flex e-con e-child\" data-id=\"355b3bb0\" data-element_type=\"container\">\n\t\t\t\t<div class=\"elementor-element elementor-element-2c2c51f6 elementor-cta--layout-image-above elementor-cta--valign-top elementor-cta--skin-classic elementor-animated-content elementor-widget elementor-widget-call-to-action\" data-id=\"2c2c51f6\" data-element_type=\"widget\" data-settings=\"{&quot;_animation&quot;:&quot;none&quot;}\" data-widget_type=\"call-to-action.default\">\n\t\t\t\t\t\t<div class=\"elementor-widget-container\">\n\t\t\t\t\t\t\t<a class=\"elementor-cta\" href=\"https:\/\/erasmus.com.co\/Erasmus\/producto\/cmc-356\/\" target=\"_blank\">\n\t\t\t\t\t<div class=\"elementor-cta__bg-wrapper\">\n\t\t\t\t<div class=\"elementor-cta__bg elementor-bg\" style=\"background-image: url(https:\/\/erasmus.com.co\/Erasmus\/wp-content\/uploads\/2026\/03\/Thumbnail-lineas-de-producto.png);\" role=\"img\" aria-label=\"Thumbnail-l\u00edneas de producto\"><\/div>\n\t\t\t\t<div class=\"elementor-cta__bg-overlay\"><\/div>\n\t\t\t<\/div>\n\t\t\t\t\t\t\t<div class=\"elementor-cta__content\">\n\t\t\t\t\n\t\t\t\t\t\t\t\t\t<h2 class=\"elementor-cta__title elementor-cta__content-item elementor-content-item\">\n\t\t\t\t\t\t<strong>MARCA<\/strong><br>Referencia\t\t\t\t\t<\/h2>\n\t\t\t\t\n\t\t\t\t\t\t\t\t\t<div class=\"elementor-cta__description elementor-cta__content-item elementor-content-item\">\n\t\t\t\t\t\t<P align=\"left\">Breve descripci\u00f3n del producto.\t\t\t\t\t<\/div>\n\t\t\t\t\n\t\t\t\t\t\t\t\t\t<div class=\"elementor-cta__button-wrapper elementor-cta__content-item elementor-content-item \">\n\t\t\t\t\t<span class=\"elementor-cta__button elementor-button elementor-size-\">\n\t\t\t\t\t\tVER M\u00c1S\t\t\t\t\t<\/span>\n\t\t\t\t\t<\/div>\n\t\t\t\t\t\t\t<\/div>\n\t\t\t\t\t\t<\/a>\n\t\t\t\t\t\t<\/div>\n\t\t\t\t<\/div>\n\t\t\t\t<\/div>\n\t\t\t\t\t<\/div>\n\t\t\t\t<\/div>\n\t\t\t\t<\/div>\n\t\t","protected":false},"excerpt":{"rendered":"<p>Patrones y fuentes de referencia para calibraci\u00f3n metrol\u00f3gica de instrumentos de medici\u00f3n el\u00e9ctrica.<\/p>\n","protected":false},"author":5,"featured_media":0,"parent":10895,"menu_order":0,"comment_status":"closed","ping_status":"closed","template":"","meta":{"_acf_changed":false,"footnotes":""},"class_list":["post-10903","page","type-page","status-publish","hentry"],"acf":[],"yoast_head":"<!-- This site is optimized with the Yoast SEO Premium plugin v24.6 (Yoast SEO v24.6) - https:\/\/yoast.com\/wordpress\/plugins\/seo\/ -->\n<title>Patrones de referencia y fuentes - Erasmus Colombia<\/title>\n<meta name=\"robots\" content=\"index, follow, max-snippet:-1, max-image-preview:large, max-video-preview:-1\" \/>\n<link rel=\"canonical\" href=\"https:\/\/erasmus.com.co\/Erasmus\/lineas-de-producto\/smart-metering\/patrones-referencia-fuentes\/\" \/>\n<meta property=\"og:locale\" content=\"es_ES\" \/>\n<meta property=\"og:type\" content=\"article\" \/>\n<meta property=\"og:title\" content=\"Patrones de referencia y fuentes\" \/>\n<meta property=\"og:description\" content=\"Patrones y fuentes de referencia para calibraci\u00f3n metrol\u00f3gica de instrumentos de medici\u00f3n el\u00e9ctrica.\" \/>\n<meta property=\"og:url\" content=\"https:\/\/erasmus.com.co\/Erasmus\/lineas-de-producto\/smart-metering\/patrones-referencia-fuentes\/\" \/>\n<meta property=\"og:site_name\" content=\"Erasmus Colombia\" \/>\n<meta property=\"article:modified_time\" content=\"2026-03-17T17:47:32+00:00\" \/>\n<meta name=\"twitter:card\" content=\"summary_large_image\" \/>\n<meta name=\"twitter:label1\" content=\"Tiempo de lectura\" \/>\n\t<meta name=\"twitter:data1\" content=\"1 minuto\" \/>\n<script type=\"application\/ld+json\" class=\"yoast-schema-graph\">{\"@context\":\"https:\/\/schema.org\",\"@graph\":[{\"@type\":\"WebPage\",\"@id\":\"https:\/\/erasmus.com.co\/Erasmus\/lineas-de-producto\/smart-metering\/patrones-referencia-fuentes\/\",\"url\":\"https:\/\/erasmus.com.co\/Erasmus\/lineas-de-producto\/smart-metering\/patrones-referencia-fuentes\/\",\"name\":\"Patrones de referencia y fuentes - Erasmus Colombia\",\"isPartOf\":{\"@id\":\"https:\/\/erasmus.com.co\/Erasmus\/#website\"},\"datePublished\":\"2026-02-10T15:32:36+00:00\",\"dateModified\":\"2026-03-17T17:47:32+00:00\",\"breadcrumb\":{\"@id\":\"https:\/\/erasmus.com.co\/Erasmus\/lineas-de-producto\/smart-metering\/patrones-referencia-fuentes\/#breadcrumb\"},\"inLanguage\":\"es-CO\",\"potentialAction\":[{\"@type\":\"ReadAction\",\"target\":[\"https:\/\/erasmus.com.co\/Erasmus\/lineas-de-producto\/smart-metering\/patrones-referencia-fuentes\/\"]}]},{\"@type\":\"BreadcrumbList\",\"@id\":\"https:\/\/erasmus.com.co\/Erasmus\/lineas-de-producto\/smart-metering\/patrones-referencia-fuentes\/#breadcrumb\",\"itemListElement\":[{\"@type\":\"ListItem\",\"position\":1,\"name\":\"Home\",\"item\":\"https:\/\/erasmus.com.co\/Erasmus\/\"},{\"@type\":\"ListItem\",\"position\":2,\"name\":\"L\u00edneas de producto\",\"item\":\"https:\/\/erasmus.com.co\/Erasmus\/lineas-de-producto\/\"},{\"@type\":\"ListItem\",\"position\":3,\"name\":\"Smart Metering\",\"item\":\"https:\/\/erasmus.com.co\/Erasmus\/lineas-de-producto\/smart-metering\/\"},{\"@type\":\"ListItem\",\"position\":4,\"name\":\"Patrones de referencia y fuentes\"}]},{\"@type\":\"WebSite\",\"@id\":\"https:\/\/erasmus.com.co\/Erasmus\/#website\",\"url\":\"https:\/\/erasmus.com.co\/Erasmus\/\",\"name\":\"Erasmus Colombia\",\"description\":\"Ofrecemos productos y servicios de excelencia para el Sector Industrial\",\"publisher\":{\"@id\":\"https:\/\/erasmus.com.co\/Erasmus\/#organization\"},\"potentialAction\":[{\"@type\":\"SearchAction\",\"target\":{\"@type\":\"EntryPoint\",\"urlTemplate\":\"https:\/\/erasmus.com.co\/Erasmus\/?s={search_term_string}\"},\"query-input\":{\"@type\":\"PropertyValueSpecification\",\"valueRequired\":true,\"valueName\":\"search_term_string\"}}],\"inLanguage\":\"es-CO\"},{\"@type\":\"Organization\",\"@id\":\"https:\/\/erasmus.com.co\/Erasmus\/#organization\",\"name\":\"Erasmus Colombia\",\"url\":\"https:\/\/erasmus.com.co\/Erasmus\/\",\"logo\":{\"@type\":\"ImageObject\",\"inLanguage\":\"es-CO\",\"@id\":\"https:\/\/erasmus.com.co\/Erasmus\/#\/schema\/logo\/image\/\",\"url\":\"https:\/\/erasmus.com.co\/Erasmus\/wp-content\/uploads\/2023\/02\/cropped-cropped-logo_erasmus.png\",\"contentUrl\":\"https:\/\/erasmus.com.co\/Erasmus\/wp-content\/uploads\/2023\/02\/cropped-cropped-logo_erasmus.png\",\"width\":817,\"height\":163,\"caption\":\"Erasmus Colombia\"},\"image\":{\"@id\":\"https:\/\/erasmus.com.co\/Erasmus\/#\/schema\/logo\/image\/\"}}]}<\/script>\n<!-- \/ Yoast SEO Premium plugin. -->","yoast_head_json":{"title":"Patrones de referencia y fuentes - Erasmus Colombia","robots":{"index":"index","follow":"follow","max-snippet":"max-snippet:-1","max-image-preview":"max-image-preview:large","max-video-preview":"max-video-preview:-1"},"canonical":"https:\/\/erasmus.com.co\/Erasmus\/lineas-de-producto\/smart-metering\/patrones-referencia-fuentes\/","og_locale":"es_ES","og_type":"article","og_title":"Patrones de referencia y fuentes","og_description":"Patrones y fuentes de referencia para calibraci\u00f3n metrol\u00f3gica de instrumentos de medici\u00f3n el\u00e9ctrica.","og_url":"https:\/\/erasmus.com.co\/Erasmus\/lineas-de-producto\/smart-metering\/patrones-referencia-fuentes\/","og_site_name":"Erasmus Colombia","article_modified_time":"2026-03-17T17:47:32+00:00","twitter_card":"summary_large_image","twitter_misc":{"Tiempo de lectura":"1 minuto"},"schema":{"@context":"https:\/\/schema.org","@graph":[{"@type":"WebPage","@id":"https:\/\/erasmus.com.co\/Erasmus\/lineas-de-producto\/smart-metering\/patrones-referencia-fuentes\/","url":"https:\/\/erasmus.com.co\/Erasmus\/lineas-de-producto\/smart-metering\/patrones-referencia-fuentes\/","name":"Patrones de referencia y fuentes - Erasmus Colombia","isPartOf":{"@id":"https:\/\/erasmus.com.co\/Erasmus\/#website"},"datePublished":"2026-02-10T15:32:36+00:00","dateModified":"2026-03-17T17:47:32+00:00","breadcrumb":{"@id":"https:\/\/erasmus.com.co\/Erasmus\/lineas-de-producto\/smart-metering\/patrones-referencia-fuentes\/#breadcrumb"},"inLanguage":"es-CO","potentialAction":[{"@type":"ReadAction","target":["https:\/\/erasmus.com.co\/Erasmus\/lineas-de-producto\/smart-metering\/patrones-referencia-fuentes\/"]}]},{"@type":"BreadcrumbList","@id":"https:\/\/erasmus.com.co\/Erasmus\/lineas-de-producto\/smart-metering\/patrones-referencia-fuentes\/#breadcrumb","itemListElement":[{"@type":"ListItem","position":1,"name":"Home","item":"https:\/\/erasmus.com.co\/Erasmus\/"},{"@type":"ListItem","position":2,"name":"L\u00edneas de producto","item":"https:\/\/erasmus.com.co\/Erasmus\/lineas-de-producto\/"},{"@type":"ListItem","position":3,"name":"Smart Metering","item":"https:\/\/erasmus.com.co\/Erasmus\/lineas-de-producto\/smart-metering\/"},{"@type":"ListItem","position":4,"name":"Patrones de referencia y fuentes"}]},{"@type":"WebSite","@id":"https:\/\/erasmus.com.co\/Erasmus\/#website","url":"https:\/\/erasmus.com.co\/Erasmus\/","name":"Erasmus Colombia","description":"Ofrecemos productos y servicios de excelencia para el Sector Industrial","publisher":{"@id":"https:\/\/erasmus.com.co\/Erasmus\/#organization"},"potentialAction":[{"@type":"SearchAction","target":{"@type":"EntryPoint","urlTemplate":"https:\/\/erasmus.com.co\/Erasmus\/?s={search_term_string}"},"query-input":{"@type":"PropertyValueSpecification","valueRequired":true,"valueName":"search_term_string"}}],"inLanguage":"es-CO"},{"@type":"Organization","@id":"https:\/\/erasmus.com.co\/Erasmus\/#organization","name":"Erasmus Colombia","url":"https:\/\/erasmus.com.co\/Erasmus\/","logo":{"@type":"ImageObject","inLanguage":"es-CO","@id":"https:\/\/erasmus.com.co\/Erasmus\/#\/schema\/logo\/image\/","url":"https:\/\/erasmus.com.co\/Erasmus\/wp-content\/uploads\/2023\/02\/cropped-cropped-logo_erasmus.png","contentUrl":"https:\/\/erasmus.com.co\/Erasmus\/wp-content\/uploads\/2023\/02\/cropped-cropped-logo_erasmus.png","width":817,"height":163,"caption":"Erasmus Colombia"},"image":{"@id":"https:\/\/erasmus.com.co\/Erasmus\/#\/schema\/logo\/image\/"}}]}},"_links":{"self":[{"href":"https:\/\/erasmus.com.co\/Erasmus\/wp-json\/wp\/v2\/pages\/10903","targetHints":{"allow":["GET"]}}],"collection":[{"href":"https:\/\/erasmus.com.co\/Erasmus\/wp-json\/wp\/v2\/pages"}],"about":[{"href":"https:\/\/erasmus.com.co\/Erasmus\/wp-json\/wp\/v2\/types\/page"}],"author":[{"embeddable":true,"href":"https:\/\/erasmus.com.co\/Erasmus\/wp-json\/wp\/v2\/users\/5"}],"replies":[{"embeddable":true,"href":"https:\/\/erasmus.com.co\/Erasmus\/wp-json\/wp\/v2\/comments?post=10903"}],"version-history":[{"count":5,"href":"https:\/\/erasmus.com.co\/Erasmus\/wp-json\/wp\/v2\/pages\/10903\/revisions"}],"predecessor-version":[{"id":11539,"href":"https:\/\/erasmus.com.co\/Erasmus\/wp-json\/wp\/v2\/pages\/10903\/revisions\/11539"}],"up":[{"embeddable":true,"href":"https:\/\/erasmus.com.co\/Erasmus\/wp-json\/wp\/v2\/pages\/10895"}],"wp:attachment":[{"href":"https:\/\/erasmus.com.co\/Erasmus\/wp-json\/wp\/v2\/media?parent=10903"}],"curies":[{"name":"wp","href":"https:\/\/api.w.org\/{rel}","templated":true}]}}