{"id":9195,"date":"2025-08-12T22:56:20","date_gmt":"2025-08-12T22:56:20","guid":{"rendered":"https:\/\/erasmus.com.co\/Erasmus\/?page_id=9195"},"modified":"2025-09-03T16:46:42","modified_gmt":"2025-09-03T16:46:42","slug":"analizador-calidad-de-energia","status":"publish","type":"page","link":"https:\/\/erasmus.com.co\/Erasmus\/analizador-calidad-de-energia\/","title":{"rendered":"Analizador calidad de energ\u00eda"},"content":{"rendered":"\t\t<div data-elementor-type=\"wp-page\" data-elementor-id=\"9195\" class=\"elementor elementor-9195\" data-elementor-post-type=\"page\">\n\t\t\t\t<div class=\"elementor-element elementor-element-f7c555d e-flex e-con-boxed e-con e-parent\" data-id=\"f7c555d\" data-element_type=\"container\">\n\t\t\t\t\t<div class=\"e-con-inner\">\n\t\t\t\t<div class=\"elementor-element elementor-element-df5e77a elementor-widget elementor-widget-heading\" data-id=\"df5e77a\" data-element_type=\"widget\" data-widget_type=\"heading.default\">\n\t\t\t\t\t\t<div class=\"elementor-widget-container\">\n\t\t\t\t\t<h2 class=\"elementor-heading-title elementor-size-default\"><font color=\"#217023\">L\u00cdNEAS DE PRODUCTO <\/font> \/ Analizador calidad de energ\u00eda<\/h2>\t\t\t\t<\/div>\n\t\t\t\t<\/div>\n\t\t\t\t\t<\/div>\n\t\t\t\t<\/div>\n\t\t<div class=\"elementor-element elementor-element-0e0db00 e-flex e-con-boxed e-con e-parent\" data-id=\"0e0db00\" data-element_type=\"container\" data-settings=\"{&quot;background_background&quot;:&quot;classic&quot;}\">\n\t\t\t\t\t<div class=\"e-con-inner\">\n\t\t\t\t<div class=\"elementor-element elementor-element-e23b587 elementor-widget elementor-widget-heading\" data-id=\"e23b587\" data-element_type=\"widget\" data-widget_type=\"heading.default\">\n\t\t\t\t\t\t<div class=\"elementor-widget-container\">\n\t\t\t\t\t<h2 class=\"elementor-heading-title elementor-size-default\">ANALIZADORES DE CALIDAD DE ENERG\u00cdA<\/h2>\t\t\t\t<\/div>\n\t\t\t\t<\/div>\n\t\t\t\t<div class=\"elementor-element elementor-element-c742a45 elementor-widget elementor-widget-text-editor\" data-id=\"c742a45\" data-element_type=\"widget\" data-widget_type=\"text-editor.default\">\n\t\t\t\t\t\t<div class=\"elementor-widget-container\">\n\t\t\t\t\t\t\t\t\t<p>Monitorean redes el\u00e9ctricas en tiempo real, identificando arm\u00f3nicos, variaciones de tensi\u00f3n, picos de corriente y eventos que afectan la eficiencia energ\u00e9tica.<\/p>\t\t\t\t\t\t\t\t<\/div>\n\t\t\t\t<\/div>\n\t\t\t\t\t<\/div>\n\t\t\t\t<\/div>\n\t\t<div class=\"elementor-element elementor-element-9e8f47b e-grid e-con-boxed e-con e-parent\" data-id=\"9e8f47b\" data-element_type=\"container\" data-settings=\"{&quot;background_background&quot;:&quot;classic&quot;}\">\n\t\t\t\t\t<div class=\"e-con-inner\">\n\t\t<div class=\"elementor-element elementor-element-6ceb528 e-con-full e-flex e-con e-child\" data-id=\"6ceb528\" data-element_type=\"container\">\n\t\t<div class=\"elementor-element elementor-element-9ef9abf e-con-full e-flex e-con e-child\" data-id=\"9ef9abf\" data-element_type=\"container\">\n\t\t\t\t<div class=\"elementor-element elementor-element-1f5c51d elementor-cta--layout-image-above elementor-cta--valign-top elementor-cta--skin-classic elementor-animated-content elementor-widget elementor-widget-call-to-action\" data-id=\"1f5c51d\" data-element_type=\"widget\" data-settings=\"{&quot;_animation&quot;:&quot;none&quot;}\" data-widget_type=\"call-to-action.default\">\n\t\t\t\t\t\t<div class=\"elementor-widget-container\">\n\t\t\t\t\t\t\t<a class=\"elementor-cta\" href=\"https:\/\/erasmus.com.co\/Erasmus\/wp-content\/uploads\/2025\/03\/Metrel-MI-2893-power-master-xt-Brochure.pdf\" target=\"_blank\">\n\t\t\t\t\t<div class=\"elementor-cta__bg-wrapper\">\n\t\t\t\t<div class=\"elementor-cta__bg elementor-bg\" style=\"background-image: url(https:\/\/erasmus.com.co\/Erasmus\/wp-content\/uploads\/2025\/03\/Thumbnail-Metrel-MI-2893.png);\" role=\"img\" aria-label=\"Thumbnail-Metrel-MI-2893\"><\/div>\n\t\t\t\t<div class=\"elementor-cta__bg-overlay\"><\/div>\n\t\t\t<\/div>\n\t\t\t\t\t\t\t<div class=\"elementor-cta__content\">\n\t\t\t\t\n\t\t\t\t\t\t\t\t\t<h2 class=\"elementor-cta__title elementor-cta__content-item elementor-content-item\">\n\t\t\t\t\t\t<b>METREL<\/b><br>MI 2893\t\t\t\t\t<\/h2>\n\t\t\t\t\n\t\t\t\t\t\t\t\t\t<div class=\"elementor-cta__description elementor-cta__content-item elementor-content-item\">\n\t\t\t\t\t\t<P align=\"left\">El MI 2893 de Metrel es un analizador de calidad de energ\u00eda port\u00e1til, ideal para monitorear redes el\u00e9ctricas, detectar fallas y optimizar el consumo energ\u00e9tico.\t\t\t\t\t<\/div>\n\t\t\t\t\n\t\t\t\t\t\t\t\t\t<div class=\"elementor-cta__button-wrapper elementor-cta__content-item elementor-content-item \">\n\t\t\t\t\t<span class=\"elementor-cta__button elementor-button elementor-size-\">\n\t\t\t\t\t\tVER PDF\t\t\t\t\t<\/span>\n\t\t\t\t\t<\/div>\n\t\t\t\t\t\t\t<\/div>\n\t\t\t\t\t\t<\/a>\n\t\t\t\t\t\t<\/div>\n\t\t\t\t<\/div>\n\t\t\t\t<\/div>\n\t\t<div class=\"elementor-element elementor-element-9d45063 e-con-full e-flex e-con e-child\" data-id=\"9d45063\" data-element_type=\"container\">\n\t\t\t\t<div class=\"elementor-element elementor-element-37bb696 elementor-cta--layout-image-above elementor-cta--valign-top elementor-cta--skin-classic elementor-animated-content elementor-widget elementor-widget-call-to-action\" data-id=\"37bb696\" data-element_type=\"widget\" data-settings=\"{&quot;_animation&quot;:&quot;none&quot;}\" data-widget_type=\"call-to-action.default\">\n\t\t\t\t\t\t<div class=\"elementor-widget-container\">\n\t\t\t\t\t\t\t<a class=\"elementor-cta\" href=\"https:\/\/erasmus.com.co\/Erasmus\/wp-content\/uploads\/2025\/03\/Metrel-MI-2892-Brochure.pdf\" target=\"_blank\">\n\t\t\t\t\t<div class=\"elementor-cta__bg-wrapper\">\n\t\t\t\t<div class=\"elementor-cta__bg elementor-bg\" style=\"background-image: url(https:\/\/erasmus.com.co\/Erasmus\/wp-content\/uploads\/2025\/03\/Thumbnail-Metrel-MI-2892.png);\" role=\"img\" aria-label=\"Thumbnail-Metrel-MI-2892\"><\/div>\n\t\t\t\t<div class=\"elementor-cta__bg-overlay\"><\/div>\n\t\t\t<\/div>\n\t\t\t\t\t\t\t<div class=\"elementor-cta__content\">\n\t\t\t\t\n\t\t\t\t\t\t\t\t\t<h2 class=\"elementor-cta__title elementor-cta__content-item elementor-content-item\">\n\t\t\t\t\t\t<b>METREL<\/b><br>MI 2892\t\t\t\t\t<\/h2>\n\t\t\t\t\n\t\t\t\t\t\t\t\t\t<div class=\"elementor-cta__description elementor-cta__content-item elementor-content-item\">\n\t\t\t\t\t\t<P align=\"left\">El MI 2892 es un analizador de calidad de energ\u00eda avanzado, ideal para monitorear y diagnosticar sistemas el\u00e9ctricos con alta precisi\u00f3n.\t\t\t\t\t<\/div>\n\t\t\t\t\n\t\t\t\t\t\t\t\t\t<div class=\"elementor-cta__button-wrapper elementor-cta__content-item elementor-content-item \">\n\t\t\t\t\t<span class=\"elementor-cta__button elementor-button elementor-size-\">\n\t\t\t\t\t\tVER PDF\t\t\t\t\t<\/span>\n\t\t\t\t\t<\/div>\n\t\t\t\t\t\t\t<\/div>\n\t\t\t\t\t\t<\/a>\n\t\t\t\t\t\t<\/div>\n\t\t\t\t<\/div>\n\t\t\t\t<\/div>\n\t\t<div class=\"elementor-element elementor-element-91a65c7 e-con-full e-flex e-con e-child\" data-id=\"91a65c7\" data-element_type=\"container\">\n\t\t\t\t<div class=\"elementor-element elementor-element-65b4b98 elementor-cta--layout-image-above elementor-cta--valign-top elementor-cta--skin-classic elementor-animated-content elementor-widget elementor-widget-call-to-action\" data-id=\"65b4b98\" data-element_type=\"widget\" data-settings=\"{&quot;_animation&quot;:&quot;none&quot;}\" data-widget_type=\"call-to-action.default\">\n\t\t\t\t\t\t<div class=\"elementor-widget-container\">\n\t\t\t\t\t\t\t<a class=\"elementor-cta\" href=\"https:\/\/erasmus.com.co\/Erasmus\/wp-content\/uploads\/2025\/03\/Metrel-MI-2883-energy-master-Brochure.pdf\" target=\"_blank\">\n\t\t\t\t\t<div class=\"elementor-cta__bg-wrapper\">\n\t\t\t\t<div class=\"elementor-cta__bg elementor-bg\" style=\"background-image: url(https:\/\/erasmus.com.co\/Erasmus\/wp-content\/uploads\/2025\/03\/Thumbnail-Metrel-MI-2883.png);\" role=\"img\" aria-label=\"Thumbnail-Metrel-MI-2883\"><\/div>\n\t\t\t\t<div class=\"elementor-cta__bg-overlay\"><\/div>\n\t\t\t<\/div>\n\t\t\t\t\t\t\t<div class=\"elementor-cta__content\">\n\t\t\t\t\n\t\t\t\t\t\t\t\t\t<h2 class=\"elementor-cta__title elementor-cta__content-item elementor-content-item\">\n\t\t\t\t\t\t<b>METREL<\/b><br>MI 2883\t\t\t\t\t<\/h2>\n\t\t\t\t\n\t\t\t\t\t\t\t\t\t<div class=\"elementor-cta__description elementor-cta__content-item elementor-content-item\">\n\t\t\t\t\t\t<P align=\"left\">El MI 2893 de Metrel es un analizador de calidad de energ\u00eda port\u00e1til, ideal para monitorear redes el\u00e9ctricas, detectar fallas y optimizar el consumo energ\u00e9tico.\t\t\t\t\t<\/div>\n\t\t\t\t\n\t\t\t\t\t\t\t\t\t<div class=\"elementor-cta__button-wrapper elementor-cta__content-item elementor-content-item \">\n\t\t\t\t\t<span class=\"elementor-cta__button elementor-button elementor-size-\">\n\t\t\t\t\t\tVER PDF\t\t\t\t\t<\/span>\n\t\t\t\t\t<\/div>\n\t\t\t\t\t\t\t<\/div>\n\t\t\t\t\t\t<\/a>\n\t\t\t\t\t\t<\/div>\n\t\t\t\t<\/div>\n\t\t\t\t<\/div>\n\t\t<div class=\"elementor-element elementor-element-57ef094 e-con-full e-flex e-con e-child\" data-id=\"57ef094\" data-element_type=\"container\">\n\t\t\t\t<div class=\"elementor-element elementor-element-c1b1bfe elementor-cta--layout-image-above elementor-cta--valign-top elementor-cta--skin-classic elementor-animated-content elementor-widget elementor-widget-call-to-action\" data-id=\"c1b1bfe\" data-element_type=\"widget\" data-settings=\"{&quot;_animation&quot;:&quot;none&quot;}\" data-widget_type=\"call-to-action.default\">\n\t\t\t\t\t\t<div class=\"elementor-widget-container\">\n\t\t\t\t\t\t\t<a class=\"elementor-cta\" href=\"https:\/\/erasmus.com.co\/Erasmus\/wp-content\/uploads\/2025\/03\/Metrel-MI-2885-master-q4-Brochure.pdf\" target=\"_blank\">\n\t\t\t\t\t<div class=\"elementor-cta__bg-wrapper\">\n\t\t\t\t<div class=\"elementor-cta__bg elementor-bg\" style=\"background-image: url(https:\/\/erasmus.com.co\/Erasmus\/wp-content\/uploads\/2025\/03\/Thumbnail-Metrel-MI-2885.png);\" role=\"img\" aria-label=\"Thumbnail-Metrel-MI-2885\"><\/div>\n\t\t\t\t<div class=\"elementor-cta__bg-overlay\"><\/div>\n\t\t\t<\/div>\n\t\t\t\t\t\t\t<div class=\"elementor-cta__content\">\n\t\t\t\t\n\t\t\t\t\t\t\t\t\t<h2 class=\"elementor-cta__title elementor-cta__content-item elementor-content-item\">\n\t\t\t\t\t\t<b>METREL<\/b><br>MI 2885\t\t\t\t\t<\/h2>\n\t\t\t\t\n\t\t\t\t\t\t\t\t\t<div class=\"elementor-cta__description elementor-cta__content-item elementor-content-item\">\n\t\t\t\t\t\t<P align=\"left\">El MI 2885 de Metrel es un analizador de calidad de energ\u00eda avanzado, dise\u00f1ado para diagn\u00f3stico preciso de redes el\u00e9ctricas y detecci\u00f3n de anomal\u00edas.\t\t\t\t\t<\/div>\n\t\t\t\t\n\t\t\t\t\t\t\t\t\t<div class=\"elementor-cta__button-wrapper elementor-cta__content-item elementor-content-item \">\n\t\t\t\t\t<span class=\"elementor-cta__button elementor-button elementor-size-\">\n\t\t\t\t\t\tVER PDF\t\t\t\t\t<\/span>\n\t\t\t\t\t<\/div>\n\t\t\t\t\t\t\t<\/div>\n\t\t\t\t\t\t<\/a>\n\t\t\t\t\t\t<\/div>\n\t\t\t\t<\/div>\n\t\t\t\t<\/div>\n\t\t\t\t<\/div>\n\t\t\t\t\t<\/div>\n\t\t\t\t<\/div>\n\t\t\t\t<\/div>\n\t\t","protected":false},"excerpt":{"rendered":"<p>L\u00cdNEAS DE PRODUCTO \/ Analizador calidad de energ\u00eda ANALIZADORES DE CALIDAD DE ENERG\u00cdA Monitorean redes el\u00e9ctricas en tiempo real, identificando arm\u00f3nicos, variaciones de tensi\u00f3n, picos de corriente y eventos que afectan la eficiencia energ\u00e9tica. METRELMI 2893 El MI 2893 de Metrel es un analizador de calidad de energ\u00eda port\u00e1til, ideal para monitorear redes el\u00e9ctricas, detectar [&hellip;]<\/p>\n","protected":false},"author":6,"featured_media":0,"parent":0,"menu_order":0,"comment_status":"closed","ping_status":"closed","template":"","meta":{"_acf_changed":false,"footnotes":""},"class_list":["post-9195","page","type-page","status-publish","hentry"],"acf":[],"yoast_head":"<!-- This site is optimized with the Yoast SEO Premium plugin v24.6 (Yoast SEO v24.6) - https:\/\/yoast.com\/wordpress\/plugins\/seo\/ -->\n<title>Analizador calidad de energ\u00eda - Erasmus Colombia<\/title>\n<meta name=\"robots\" content=\"index, follow, max-snippet:-1, max-image-preview:large, max-video-preview:-1\" \/>\n<link rel=\"canonical\" href=\"https:\/\/erasmus.com.co\/Erasmus\/analizador-calidad-de-energia\/\" \/>\n<meta property=\"og:locale\" content=\"es_ES\" \/>\n<meta property=\"og:type\" content=\"article\" \/>\n<meta property=\"og:title\" content=\"Analizador calidad de energ\u00eda\" \/>\n<meta property=\"og:description\" content=\"L\u00cdNEAS DE PRODUCTO \/ Analizador calidad de energ\u00eda ANALIZADORES DE CALIDAD DE ENERG\u00cdA Monitorean redes el\u00e9ctricas en tiempo real, identificando arm\u00f3nicos, variaciones de tensi\u00f3n, picos de corriente y eventos que afectan la eficiencia energ\u00e9tica. METRELMI 2893 El MI 2893 de Metrel es un analizador de calidad de energ\u00eda port\u00e1til, ideal para monitorear redes el\u00e9ctricas, detectar [&hellip;]\" \/>\n<meta property=\"og:url\" content=\"https:\/\/erasmus.com.co\/Erasmus\/analizador-calidad-de-energia\/\" \/>\n<meta property=\"og:site_name\" content=\"Erasmus Colombia\" \/>\n<meta property=\"article:modified_time\" content=\"2025-09-03T16:46:42+00:00\" \/>\n<meta name=\"twitter:card\" content=\"summary_large_image\" \/>\n<meta name=\"twitter:label1\" content=\"Tiempo de lectura\" \/>\n\t<meta name=\"twitter:data1\" content=\"1 minuto\" \/>\n<script type=\"application\/ld+json\" class=\"yoast-schema-graph\">{\"@context\":\"https:\/\/schema.org\",\"@graph\":[{\"@type\":\"WebPage\",\"@id\":\"https:\/\/erasmus.com.co\/Erasmus\/analizador-calidad-de-energia\/\",\"url\":\"https:\/\/erasmus.com.co\/Erasmus\/analizador-calidad-de-energia\/\",\"name\":\"Analizador calidad de energ\u00eda - Erasmus Colombia\",\"isPartOf\":{\"@id\":\"https:\/\/erasmus.com.co\/Erasmus\/#website\"},\"datePublished\":\"2025-08-12T22:56:20+00:00\",\"dateModified\":\"2025-09-03T16:46:42+00:00\",\"breadcrumb\":{\"@id\":\"https:\/\/erasmus.com.co\/Erasmus\/analizador-calidad-de-energia\/#breadcrumb\"},\"inLanguage\":\"es-CO\",\"potentialAction\":[{\"@type\":\"ReadAction\",\"target\":[\"https:\/\/erasmus.com.co\/Erasmus\/analizador-calidad-de-energia\/\"]}]},{\"@type\":\"BreadcrumbList\",\"@id\":\"https:\/\/erasmus.com.co\/Erasmus\/analizador-calidad-de-energia\/#breadcrumb\",\"itemListElement\":[{\"@type\":\"ListItem\",\"position\":1,\"name\":\"Home\",\"item\":\"https:\/\/erasmus.com.co\/Erasmus\/\"},{\"@type\":\"ListItem\",\"position\":2,\"name\":\"Analizador calidad de energ\u00eda\"}]},{\"@type\":\"WebSite\",\"@id\":\"https:\/\/erasmus.com.co\/Erasmus\/#website\",\"url\":\"https:\/\/erasmus.com.co\/Erasmus\/\",\"name\":\"Erasmus Colombia\",\"description\":\"Ofrecemos productos y servicios de excelencia para el Sector Industrial\",\"publisher\":{\"@id\":\"https:\/\/erasmus.com.co\/Erasmus\/#organization\"},\"potentialAction\":[{\"@type\":\"SearchAction\",\"target\":{\"@type\":\"EntryPoint\",\"urlTemplate\":\"https:\/\/erasmus.com.co\/Erasmus\/?s={search_term_string}\"},\"query-input\":{\"@type\":\"PropertyValueSpecification\",\"valueRequired\":true,\"valueName\":\"search_term_string\"}}],\"inLanguage\":\"es-CO\"},{\"@type\":\"Organization\",\"@id\":\"https:\/\/erasmus.com.co\/Erasmus\/#organization\",\"name\":\"Erasmus Colombia\",\"url\":\"https:\/\/erasmus.com.co\/Erasmus\/\",\"logo\":{\"@type\":\"ImageObject\",\"inLanguage\":\"es-CO\",\"@id\":\"https:\/\/erasmus.com.co\/Erasmus\/#\/schema\/logo\/image\/\",\"url\":\"https:\/\/erasmus.com.co\/Erasmus\/wp-content\/uploads\/2023\/02\/cropped-cropped-logo_erasmus.png\",\"contentUrl\":\"https:\/\/erasmus.com.co\/Erasmus\/wp-content\/uploads\/2023\/02\/cropped-cropped-logo_erasmus.png\",\"width\":817,\"height\":163,\"caption\":\"Erasmus Colombia\"},\"image\":{\"@id\":\"https:\/\/erasmus.com.co\/Erasmus\/#\/schema\/logo\/image\/\"}}]}<\/script>\n<!-- \/ Yoast SEO Premium plugin. -->","yoast_head_json":{"title":"Analizador calidad de energ\u00eda - Erasmus Colombia","robots":{"index":"index","follow":"follow","max-snippet":"max-snippet:-1","max-image-preview":"max-image-preview:large","max-video-preview":"max-video-preview:-1"},"canonical":"https:\/\/erasmus.com.co\/Erasmus\/analizador-calidad-de-energia\/","og_locale":"es_ES","og_type":"article","og_title":"Analizador calidad de energ\u00eda","og_description":"L\u00cdNEAS DE PRODUCTO \/ Analizador calidad de energ\u00eda ANALIZADORES DE CALIDAD DE ENERG\u00cdA Monitorean redes el\u00e9ctricas en tiempo real, identificando arm\u00f3nicos, variaciones de tensi\u00f3n, picos de corriente y eventos que afectan la eficiencia energ\u00e9tica. METRELMI 2893 El MI 2893 de Metrel es un analizador de calidad de energ\u00eda port\u00e1til, ideal para monitorear redes el\u00e9ctricas, detectar [&hellip;]","og_url":"https:\/\/erasmus.com.co\/Erasmus\/analizador-calidad-de-energia\/","og_site_name":"Erasmus Colombia","article_modified_time":"2025-09-03T16:46:42+00:00","twitter_card":"summary_large_image","twitter_misc":{"Tiempo de lectura":"1 minuto"},"schema":{"@context":"https:\/\/schema.org","@graph":[{"@type":"WebPage","@id":"https:\/\/erasmus.com.co\/Erasmus\/analizador-calidad-de-energia\/","url":"https:\/\/erasmus.com.co\/Erasmus\/analizador-calidad-de-energia\/","name":"Analizador calidad de energ\u00eda - Erasmus Colombia","isPartOf":{"@id":"https:\/\/erasmus.com.co\/Erasmus\/#website"},"datePublished":"2025-08-12T22:56:20+00:00","dateModified":"2025-09-03T16:46:42+00:00","breadcrumb":{"@id":"https:\/\/erasmus.com.co\/Erasmus\/analizador-calidad-de-energia\/#breadcrumb"},"inLanguage":"es-CO","potentialAction":[{"@type":"ReadAction","target":["https:\/\/erasmus.com.co\/Erasmus\/analizador-calidad-de-energia\/"]}]},{"@type":"BreadcrumbList","@id":"https:\/\/erasmus.com.co\/Erasmus\/analizador-calidad-de-energia\/#breadcrumb","itemListElement":[{"@type":"ListItem","position":1,"name":"Home","item":"https:\/\/erasmus.com.co\/Erasmus\/"},{"@type":"ListItem","position":2,"name":"Analizador calidad de energ\u00eda"}]},{"@type":"WebSite","@id":"https:\/\/erasmus.com.co\/Erasmus\/#website","url":"https:\/\/erasmus.com.co\/Erasmus\/","name":"Erasmus Colombia","description":"Ofrecemos productos y servicios de excelencia para el Sector Industrial","publisher":{"@id":"https:\/\/erasmus.com.co\/Erasmus\/#organization"},"potentialAction":[{"@type":"SearchAction","target":{"@type":"EntryPoint","urlTemplate":"https:\/\/erasmus.com.co\/Erasmus\/?s={search_term_string}"},"query-input":{"@type":"PropertyValueSpecification","valueRequired":true,"valueName":"search_term_string"}}],"inLanguage":"es-CO"},{"@type":"Organization","@id":"https:\/\/erasmus.com.co\/Erasmus\/#organization","name":"Erasmus Colombia","url":"https:\/\/erasmus.com.co\/Erasmus\/","logo":{"@type":"ImageObject","inLanguage":"es-CO","@id":"https:\/\/erasmus.com.co\/Erasmus\/#\/schema\/logo\/image\/","url":"https:\/\/erasmus.com.co\/Erasmus\/wp-content\/uploads\/2023\/02\/cropped-cropped-logo_erasmus.png","contentUrl":"https:\/\/erasmus.com.co\/Erasmus\/wp-content\/uploads\/2023\/02\/cropped-cropped-logo_erasmus.png","width":817,"height":163,"caption":"Erasmus Colombia"},"image":{"@id":"https:\/\/erasmus.com.co\/Erasmus\/#\/schema\/logo\/image\/"}}]}},"_links":{"self":[{"href":"https:\/\/erasmus.com.co\/Erasmus\/wp-json\/wp\/v2\/pages\/9195","targetHints":{"allow":["GET"]}}],"collection":[{"href":"https:\/\/erasmus.com.co\/Erasmus\/wp-json\/wp\/v2\/pages"}],"about":[{"href":"https:\/\/erasmus.com.co\/Erasmus\/wp-json\/wp\/v2\/types\/page"}],"author":[{"embeddable":true,"href":"https:\/\/erasmus.com.co\/Erasmus\/wp-json\/wp\/v2\/users\/6"}],"replies":[{"embeddable":true,"href":"https:\/\/erasmus.com.co\/Erasmus\/wp-json\/wp\/v2\/comments?post=9195"}],"version-history":[{"count":4,"href":"https:\/\/erasmus.com.co\/Erasmus\/wp-json\/wp\/v2\/pages\/9195\/revisions"}],"predecessor-version":[{"id":9489,"href":"https:\/\/erasmus.com.co\/Erasmus\/wp-json\/wp\/v2\/pages\/9195\/revisions\/9489"}],"wp:attachment":[{"href":"https:\/\/erasmus.com.co\/Erasmus\/wp-json\/wp\/v2\/media?parent=9195"}],"curies":[{"name":"wp","href":"https:\/\/api.w.org\/{rel}","templated":true}]}}