{"id":9548,"date":"2025-09-04T15:35:35","date_gmt":"2025-09-04T15:35:35","guid":{"rendered":"https:\/\/erasmus.com.co\/Erasmus\/producto\/cp-td12-15\/"},"modified":"2025-11-27T18:09:48","modified_gmt":"2025-11-27T18:09:48","slug":"cp-td12-15","status":"publish","type":"product","link":"https:\/\/erasmus.com.co\/Erasmus\/producto\/cp-td12-15\/","title":{"rendered":"CP TD12\/15"},"content":{"rendered":"<p><strong>Los m\u00f3dulos CP TD12 y CP TD15 de Omicron<\/strong> son accesorios dise\u00f1ados para los equipos TESTRANO 600 y CPC 100, y permiten realizar mediciones precisas del factor de potencia\/disipaci\u00f3n y capacitancia. El CP TD12 alcanza hasta 12 kV de tensi\u00f3n de salida, mientras que el CP TD15 llega hasta 15 kV, ambos generando corrientes de hasta 300 mA. Equipados con una fuente de alta tensi\u00f3n, un condensador de referencia y electr\u00f3nica de medici\u00f3n de alta precisi\u00f3n, estos m\u00f3dulos ofrecen resultados exactos, incluso en entornos con fuertes interferencias electromagn\u00e9ticas, garantizando una precisi\u00f3n de laboratorio. Son ideales para realizar pruebas de equipos de alta tensi\u00f3n con m\u00e1xima fiabilidad y rendimiento.<\/p>\n","protected":false},"excerpt":{"rendered":"<h3><strong>Caracter\u00edsticas Principales:<\/strong><\/h3>\n<ul>\n<li>Equipo todo en uno compacto y resistente para una f\u00e1cil manipulaci\u00f3n en el campo.<\/li>\n<li>Rango de frecuencias amplio (15 Hz \u2013 400 Hz), lo que permite mayor sensibilidad en las mediciones.<\/li>\n<li>Pruebas a frecuencia variable para obtener un diagn\u00f3stico m\u00e1s preciso del estado de los equipos.<\/li>\n<li>Eliminaci\u00f3n eficaz de interferencias en la frecuencia de la red, garantizando mediciones exactas en entornos con ruido electromagn\u00e9tico.<\/li>\n<li>Fuente de alta tensi\u00f3n capaz de realizar mediciones de descargas parciales de hasta 15 kV (CP TD12 hasta 12 kV).<\/li>\n<li>Port\u00e1til y f\u00e1cil de transportar, con opci\u00f3n de utilizar un carro para mayor comodidad.&#8221;<\/li>\n<\/ul>\n<p><img decoding=\"async\" class=\"alignnone wp-image-9704 \" src=\"https:\/\/erasmus.com.co\/Erasmus\/wp-content\/uploads\/2025\/09\/icono_pdf-1.png\" alt=\"\" width=\"38\" height=\"37\" srcset=\"https:\/\/erasmus.com.co\/Erasmus\/wp-content\/uploads\/2025\/09\/icono_pdf-1.png 149w, https:\/\/erasmus.com.co\/Erasmus\/wp-content\/uploads\/2025\/09\/icono_pdf-1-12x12.png 12w, https:\/\/erasmus.com.co\/Erasmus\/wp-content\/uploads\/2025\/09\/icono_pdf-1-100x100.png 100w\" sizes=\"(max-width: 38px) 100vw, 38px\" \/><strong>Descarga la Ficha T\u00e9cnica<\/strong> <a href=\"https:\/\/erasmus.com.co\/Erasmus\/wp-content\/uploads\/2025\/02\/CPC-100-CP-TD15-CP-CR600-Datasheet-ESP.pdf\" target=\"_blank\" rel=\"noopener\"><strong>aqu\u00ed<\/strong><\/a><\/p>\n","protected":false},"featured_media":4877,"template":"","meta":{"_acf_changed":false},"product_brand":[40],"product_cat":[42],"product_tag":[],"class_list":{"0":"post-9548","1":"product","2":"type-product","3":"status-publish","4":"has-post-thumbnail","6":"product_brand-omicron","7":"product_cat-omicron","9":"first","10":"instock","11":"shipping-taxable","12":"product-type-simple"},"acf":[],"yoast_head":"<!-- This site is optimized with the Yoast SEO Premium plugin v24.6 (Yoast SEO v24.6) - https:\/\/yoast.com\/wordpress\/plugins\/seo\/ -->\n<title>CP TD12\/15 (Omicron) - Erasmus Colombia<\/title>\n<meta name=\"description\" content=\"Los m\u00f3dulos CP TD12 y CP TD15 de Omicron son accesorios dise\u00f1ados para los equipos TESTRANO 600 y CPC 100, y permiten realizar mediciones precisas del factor de potencia\/disipaci\u00f3n y capacitancia.\" \/>\n<meta name=\"robots\" content=\"index, follow, max-snippet:-1, max-image-preview:large, max-video-preview:-1\" \/>\n<link rel=\"canonical\" href=\"https:\/\/erasmus.com.co\/Erasmus\/producto\/cp-td12-15\/\" \/>\n<meta property=\"og:locale\" content=\"es_ES\" \/>\n<meta property=\"og:type\" content=\"article\" \/>\n<meta property=\"og:title\" content=\"CP TD12\/15\" \/>\n<meta property=\"og:description\" content=\"Los m\u00f3dulos CP TD12 y CP TD15 de Omicron son accesorios dise\u00f1ados para los equipos TESTRANO 600 y CPC 100, y permiten realizar mediciones precisas del factor de potencia\/disipaci\u00f3n y capacitancia.\" \/>\n<meta property=\"og:url\" content=\"https:\/\/erasmus.com.co\/Erasmus\/producto\/cp-td12-15\/\" \/>\n<meta property=\"og:site_name\" content=\"Erasmus Colombia\" \/>\n<meta property=\"article:modified_time\" content=\"2025-11-27T18:09:48+00:00\" \/>\n<meta property=\"og:image\" content=\"https:\/\/erasmus.com.co\/Erasmus\/wp-content\/uploads\/2025\/02\/Omicron_CP-TD12-CP-TD15.png\" \/>\n\t<meta property=\"og:image:width\" content=\"1023\" \/>\n\t<meta property=\"og:image:height\" content=\"768\" \/>\n\t<meta property=\"og:image:type\" content=\"image\/png\" \/>\n<meta name=\"twitter:card\" content=\"summary_large_image\" \/>\n<meta name=\"twitter:label1\" content=\"Tiempo de lectura\" \/>\n\t<meta name=\"twitter:data1\" content=\"1 minuto\" \/>\n<script type=\"application\/ld+json\" class=\"yoast-schema-graph\">{\"@context\":\"https:\/\/schema.org\",\"@graph\":[{\"@type\":\"WebPage\",\"@id\":\"https:\/\/erasmus.com.co\/Erasmus\/producto\/cp-td12-15\/\",\"url\":\"https:\/\/erasmus.com.co\/Erasmus\/producto\/cp-td12-15\/\",\"name\":\"CP TD12\/15 (Omicron) - Erasmus Colombia\",\"isPartOf\":{\"@id\":\"https:\/\/erasmus.com.co\/Erasmus\/#website\"},\"primaryImageOfPage\":{\"@id\":\"https:\/\/erasmus.com.co\/Erasmus\/producto\/cp-td12-15\/#primaryimage\"},\"image\":{\"@id\":\"https:\/\/erasmus.com.co\/Erasmus\/producto\/cp-td12-15\/#primaryimage\"},\"thumbnailUrl\":\"https:\/\/erasmus.com.co\/Erasmus\/wp-content\/uploads\/2025\/02\/Omicron_CP-TD12-CP-TD15.png\",\"datePublished\":\"2025-09-04T15:35:35+00:00\",\"dateModified\":\"2025-11-27T18:09:48+00:00\",\"description\":\"Los m\u00f3dulos CP TD12 y CP TD15 de Omicron son accesorios dise\u00f1ados para los equipos TESTRANO 600 y CPC 100, y permiten realizar mediciones precisas del factor de potencia\/disipaci\u00f3n y capacitancia.\",\"breadcrumb\":{\"@id\":\"https:\/\/erasmus.com.co\/Erasmus\/producto\/cp-td12-15\/#breadcrumb\"},\"inLanguage\":\"es-CO\",\"potentialAction\":[{\"@type\":\"ReadAction\",\"target\":[\"https:\/\/erasmus.com.co\/Erasmus\/producto\/cp-td12-15\/\"]}]},{\"@type\":\"ImageObject\",\"inLanguage\":\"es-CO\",\"@id\":\"https:\/\/erasmus.com.co\/Erasmus\/producto\/cp-td12-15\/#primaryimage\",\"url\":\"https:\/\/erasmus.com.co\/Erasmus\/wp-content\/uploads\/2025\/02\/Omicron_CP-TD12-CP-TD15.png\",\"contentUrl\":\"https:\/\/erasmus.com.co\/Erasmus\/wp-content\/uploads\/2025\/02\/Omicron_CP-TD12-CP-TD15.png\",\"width\":1023,\"height\":768},{\"@type\":\"BreadcrumbList\",\"@id\":\"https:\/\/erasmus.com.co\/Erasmus\/producto\/cp-td12-15\/#breadcrumb\",\"itemListElement\":[{\"@type\":\"ListItem\",\"position\":1,\"name\":\"Home\",\"item\":\"https:\/\/erasmus.com.co\/Erasmus\/\"},{\"@type\":\"ListItem\",\"position\":2,\"name\":\"Tienda\",\"item\":\"https:\/\/erasmus.com.co\/Erasmus\/tienda\/\"},{\"@type\":\"ListItem\",\"position\":3,\"name\":\"CP TD12\/15\"}]},{\"@type\":\"WebSite\",\"@id\":\"https:\/\/erasmus.com.co\/Erasmus\/#website\",\"url\":\"https:\/\/erasmus.com.co\/Erasmus\/\",\"name\":\"Erasmus Colombia\",\"description\":\"Ofrecemos productos y servicios de excelencia para el Sector Industrial\",\"publisher\":{\"@id\":\"https:\/\/erasmus.com.co\/Erasmus\/#organization\"},\"potentialAction\":[{\"@type\":\"SearchAction\",\"target\":{\"@type\":\"EntryPoint\",\"urlTemplate\":\"https:\/\/erasmus.com.co\/Erasmus\/?s={search_term_string}\"},\"query-input\":{\"@type\":\"PropertyValueSpecification\",\"valueRequired\":true,\"valueName\":\"search_term_string\"}}],\"inLanguage\":\"es-CO\"},{\"@type\":\"Organization\",\"@id\":\"https:\/\/erasmus.com.co\/Erasmus\/#organization\",\"name\":\"Erasmus Colombia\",\"url\":\"https:\/\/erasmus.com.co\/Erasmus\/\",\"logo\":{\"@type\":\"ImageObject\",\"inLanguage\":\"es-CO\",\"@id\":\"https:\/\/erasmus.com.co\/Erasmus\/#\/schema\/logo\/image\/\",\"url\":\"https:\/\/erasmus.com.co\/Erasmus\/wp-content\/uploads\/2023\/02\/cropped-cropped-logo_erasmus.png\",\"contentUrl\":\"https:\/\/erasmus.com.co\/Erasmus\/wp-content\/uploads\/2023\/02\/cropped-cropped-logo_erasmus.png\",\"width\":817,\"height\":163,\"caption\":\"Erasmus Colombia\"},\"image\":{\"@id\":\"https:\/\/erasmus.com.co\/Erasmus\/#\/schema\/logo\/image\/\"}}]}<\/script>\n<!-- \/ Yoast SEO Premium plugin. -->","yoast_head_json":{"title":"CP TD12\/15 (Omicron) - Erasmus Colombia","description":"Los m\u00f3dulos CP TD12 y CP TD15 de Omicron son accesorios dise\u00f1ados para los equipos TESTRANO 600 y CPC 100, y permiten realizar mediciones precisas del factor de potencia\/disipaci\u00f3n y capacitancia.","robots":{"index":"index","follow":"follow","max-snippet":"max-snippet:-1","max-image-preview":"max-image-preview:large","max-video-preview":"max-video-preview:-1"},"canonical":"https:\/\/erasmus.com.co\/Erasmus\/producto\/cp-td12-15\/","og_locale":"es_ES","og_type":"article","og_title":"CP TD12\/15","og_description":"Los m\u00f3dulos CP TD12 y CP TD15 de Omicron son accesorios dise\u00f1ados para los equipos TESTRANO 600 y CPC 100, y permiten realizar mediciones precisas del factor de potencia\/disipaci\u00f3n y capacitancia.","og_url":"https:\/\/erasmus.com.co\/Erasmus\/producto\/cp-td12-15\/","og_site_name":"Erasmus Colombia","article_modified_time":"2025-11-27T18:09:48+00:00","og_image":[{"width":1023,"height":768,"url":"https:\/\/erasmus.com.co\/Erasmus\/wp-content\/uploads\/2025\/02\/Omicron_CP-TD12-CP-TD15.png","type":"image\/png"}],"twitter_card":"summary_large_image","twitter_misc":{"Tiempo de lectura":"1 minuto"},"schema":{"@context":"https:\/\/schema.org","@graph":[{"@type":"WebPage","@id":"https:\/\/erasmus.com.co\/Erasmus\/producto\/cp-td12-15\/","url":"https:\/\/erasmus.com.co\/Erasmus\/producto\/cp-td12-15\/","name":"CP TD12\/15 (Omicron) - Erasmus Colombia","isPartOf":{"@id":"https:\/\/erasmus.com.co\/Erasmus\/#website"},"primaryImageOfPage":{"@id":"https:\/\/erasmus.com.co\/Erasmus\/producto\/cp-td12-15\/#primaryimage"},"image":{"@id":"https:\/\/erasmus.com.co\/Erasmus\/producto\/cp-td12-15\/#primaryimage"},"thumbnailUrl":"https:\/\/erasmus.com.co\/Erasmus\/wp-content\/uploads\/2025\/02\/Omicron_CP-TD12-CP-TD15.png","datePublished":"2025-09-04T15:35:35+00:00","dateModified":"2025-11-27T18:09:48+00:00","description":"Los m\u00f3dulos CP TD12 y CP TD15 de Omicron son accesorios dise\u00f1ados para los equipos TESTRANO 600 y CPC 100, y permiten realizar mediciones precisas del factor de potencia\/disipaci\u00f3n y capacitancia.","breadcrumb":{"@id":"https:\/\/erasmus.com.co\/Erasmus\/producto\/cp-td12-15\/#breadcrumb"},"inLanguage":"es-CO","potentialAction":[{"@type":"ReadAction","target":["https:\/\/erasmus.com.co\/Erasmus\/producto\/cp-td12-15\/"]}]},{"@type":"ImageObject","inLanguage":"es-CO","@id":"https:\/\/erasmus.com.co\/Erasmus\/producto\/cp-td12-15\/#primaryimage","url":"https:\/\/erasmus.com.co\/Erasmus\/wp-content\/uploads\/2025\/02\/Omicron_CP-TD12-CP-TD15.png","contentUrl":"https:\/\/erasmus.com.co\/Erasmus\/wp-content\/uploads\/2025\/02\/Omicron_CP-TD12-CP-TD15.png","width":1023,"height":768},{"@type":"BreadcrumbList","@id":"https:\/\/erasmus.com.co\/Erasmus\/producto\/cp-td12-15\/#breadcrumb","itemListElement":[{"@type":"ListItem","position":1,"name":"Home","item":"https:\/\/erasmus.com.co\/Erasmus\/"},{"@type":"ListItem","position":2,"name":"Tienda","item":"https:\/\/erasmus.com.co\/Erasmus\/tienda\/"},{"@type":"ListItem","position":3,"name":"CP TD12\/15"}]},{"@type":"WebSite","@id":"https:\/\/erasmus.com.co\/Erasmus\/#website","url":"https:\/\/erasmus.com.co\/Erasmus\/","name":"Erasmus Colombia","description":"Ofrecemos productos y servicios de excelencia para el Sector Industrial","publisher":{"@id":"https:\/\/erasmus.com.co\/Erasmus\/#organization"},"potentialAction":[{"@type":"SearchAction","target":{"@type":"EntryPoint","urlTemplate":"https:\/\/erasmus.com.co\/Erasmus\/?s={search_term_string}"},"query-input":{"@type":"PropertyValueSpecification","valueRequired":true,"valueName":"search_term_string"}}],"inLanguage":"es-CO"},{"@type":"Organization","@id":"https:\/\/erasmus.com.co\/Erasmus\/#organization","name":"Erasmus Colombia","url":"https:\/\/erasmus.com.co\/Erasmus\/","logo":{"@type":"ImageObject","inLanguage":"es-CO","@id":"https:\/\/erasmus.com.co\/Erasmus\/#\/schema\/logo\/image\/","url":"https:\/\/erasmus.com.co\/Erasmus\/wp-content\/uploads\/2023\/02\/cropped-cropped-logo_erasmus.png","contentUrl":"https:\/\/erasmus.com.co\/Erasmus\/wp-content\/uploads\/2023\/02\/cropped-cropped-logo_erasmus.png","width":817,"height":163,"caption":"Erasmus Colombia"},"image":{"@id":"https:\/\/erasmus.com.co\/Erasmus\/#\/schema\/logo\/image\/"}}]}},"_links":{"self":[{"href":"https:\/\/erasmus.com.co\/Erasmus\/wp-json\/wp\/v2\/product\/9548","targetHints":{"allow":["GET"]}}],"collection":[{"href":"https:\/\/erasmus.com.co\/Erasmus\/wp-json\/wp\/v2\/product"}],"about":[{"href":"https:\/\/erasmus.com.co\/Erasmus\/wp-json\/wp\/v2\/types\/product"}],"wp:featuredmedia":[{"embeddable":true,"href":"https:\/\/erasmus.com.co\/Erasmus\/wp-json\/wp\/v2\/media\/4877"}],"wp:attachment":[{"href":"https:\/\/erasmus.com.co\/Erasmus\/wp-json\/wp\/v2\/media?parent=9548"}],"wp:term":[{"taxonomy":"product_brand","embeddable":true,"href":"https:\/\/erasmus.com.co\/Erasmus\/wp-json\/wp\/v2\/product_brand?post=9548"},{"taxonomy":"product_cat","embeddable":true,"href":"https:\/\/erasmus.com.co\/Erasmus\/wp-json\/wp\/v2\/product_cat?post=9548"},{"taxonomy":"product_tag","embeddable":true,"href":"https:\/\/erasmus.com.co\/Erasmus\/wp-json\/wp\/v2\/product_tag?post=9548"}],"curies":[{"name":"wp","href":"https:\/\/api.w.org\/{rel}","templated":true}]}}