{"id":9561,"date":"2025-09-04T15:35:43","date_gmt":"2025-09-04T15:35:43","guid":{"rendered":"https:\/\/erasmus.com.co\/Erasmus\/producto\/test-universe\/"},"modified":"2025-11-27T17:40:17","modified_gmt":"2025-11-27T17:40:17","slug":"test-universe","status":"publish","type":"product","link":"https:\/\/erasmus.com.co\/Erasmus\/producto\/test-universe\/","title":{"rendered":"Test Universe"},"content":{"rendered":"<p><strong>Test Universe de Omicron<\/strong> es un software completo y f\u00e1cil de usar para dispositivos CMC. Ofrece m\u00f3dulos de pruebas optimizados para diversas aplicaciones, permitiendo crear planes de prueba flexibles y automatizados. Realiza pruebas basadas en par\u00e1metros, abarcando desde dispositivos electromec\u00e1nicos hasta IED multifuncionales en sistemas digitalizados. Adem\u00e1s de pruebas de protecci\u00f3n, tambi\u00e9n puede evaluar contadores de energ\u00eda, analizadores de calidad de energ\u00eda, reguladores de tensi\u00f3n, entre otros, optimizando la eficiencia y precisi\u00f3n en las pruebas de dispositivos el\u00e9ctricos.<\/p>\n","protected":false},"excerpt":{"rendered":"<h3><strong>Caracter\u00edsticas Principales:<\/strong><\/h3>\n<ul>\n<li>&#8220;Software completo y f\u00e1cil de usar para la familia de dispositivos CMC.<\/li>\n<li>Permite crear planes de prueba flexibles y totalmente automatizados.<\/li>\n<li>Amplia gama de m\u00f3dulos de pruebas optimizados para diversas aplicaciones.<\/li>\n<li>Ideal para pruebas basadas en par\u00e1metros, cubriendo todas las generaciones de dispositivos de protecci\u00f3n.<\/li>\n<li>Compatible con dispositivos de protecci\u00f3n electromec\u00e1nicos y IED multifuncionales.<\/li>\n<li>Compatible con sistemas de subestaci\u00f3n totalmente digitalizados.<\/li>\n<li>Capaz de probar contadores de energ\u00eda, analizadores de calidad de energ\u00eda, reguladores de tensi\u00f3n y otros dispositivos el\u00e9ctricos.<\/li>\n<li>Mejora la eficiencia y precisi\u00f3n en las pruebas de dispositivos el\u00e9ctricos.<\/li>\n<li>Automatizaci\u00f3n avanzada en la creaci\u00f3n y ejecuci\u00f3n de pruebas para facilitar su implementaci\u00f3n.<\/li>\n<li>Interfaz intuitiva que permite una f\u00e1cil configuraci\u00f3n y gesti\u00f3n de las pruebas.<\/li>\n<li>Generaci\u00f3n de informes detallados con los resultados de las pruebas para an\u00e1lisis posteriores.<\/li>\n<li>Soporta todos los dispositivos de protecci\u00f3n desde los electromec\u00e1nicos hasta los IED multifuncionales.<\/li>\n<li>Capacidad de realizar pruebas en sistemas de subestaci\u00f3n digitalizados con soporte para protocolos modernos.<\/li>\n<li>Compatible con una amplia variedad de dispositivos el\u00e9ctricos, incluyendo contadores de energ\u00eda y analizadores de calidad.<\/li>\n<li>Integraci\u00f3n con dispositivos de prueba CMC para ofrecer una soluci\u00f3n de prueba completa y eficiente.&#8221;<\/li>\n<\/ul>\n<p><img decoding=\"async\" class=\"alignnone wp-image-9704 \" src=\"https:\/\/erasmus.com.co\/Erasmus\/wp-content\/uploads\/2025\/09\/icono_pdf-1.png\" alt=\"\" width=\"38\" height=\"37\" srcset=\"https:\/\/erasmus.com.co\/Erasmus\/wp-content\/uploads\/2025\/09\/icono_pdf-1.png 149w, https:\/\/erasmus.com.co\/Erasmus\/wp-content\/uploads\/2025\/09\/icono_pdf-1-12x12.png 12w, https:\/\/erasmus.com.co\/Erasmus\/wp-content\/uploads\/2025\/09\/icono_pdf-1-100x100.png 100w\" sizes=\"(max-width: 38px) 100vw, 38px\" \/><strong>Descarga la Ficha T\u00e9cnica<\/strong> <a href=\"https:\/\/erasmus.com.co\/Erasmus\/wp-content\/uploads\/2025\/02\/Test-Universe-Package-Overview-ESP.pdf\" target=\"_blank\" rel=\"noopener\"><strong>aqu\u00ed<\/strong><\/a><\/p>\n","protected":false},"featured_media":4922,"template":"","meta":{"_acf_changed":false},"product_brand":[40],"product_cat":[42],"product_tag":[],"class_list":{"0":"post-9561","1":"product","2":"type-product","3":"status-publish","4":"has-post-thumbnail","6":"product_brand-omicron","7":"product_cat-omicron","9":"first","10":"instock","11":"shipping-taxable","12":"product-type-simple"},"acf":[],"yoast_head":"<!-- This site is optimized with the Yoast SEO Premium plugin v24.6 (Yoast SEO v24.6) - https:\/\/yoast.com\/wordpress\/plugins\/seo\/ -->\n<title>Test Universe (Omicron) - Erasmus Colombia<\/title>\n<meta name=\"description\" content=\"Test Universe de Omicron es un software completo y f\u00e1cil de usar para dispositivos CMC. Ofrece m\u00f3dulos de pruebas optimizados para diversas aplicaciones.\" \/>\n<meta name=\"robots\" content=\"index, follow, max-snippet:-1, max-image-preview:large, max-video-preview:-1\" \/>\n<link rel=\"canonical\" href=\"https:\/\/erasmus.com.co\/Erasmus\/producto\/test-universe\/\" \/>\n<meta property=\"og:locale\" content=\"es_ES\" \/>\n<meta property=\"og:type\" content=\"article\" \/>\n<meta property=\"og:title\" content=\"Test Universe\" \/>\n<meta property=\"og:description\" content=\"Test Universe de Omicron es un software completo y f\u00e1cil de usar para dispositivos CMC. Ofrece m\u00f3dulos de pruebas optimizados para diversas aplicaciones.\" \/>\n<meta property=\"og:url\" content=\"https:\/\/erasmus.com.co\/Erasmus\/producto\/test-universe\/\" \/>\n<meta property=\"og:site_name\" content=\"Erasmus Colombia\" \/>\n<meta property=\"article:modified_time\" content=\"2025-11-27T17:40:17+00:00\" \/>\n<meta property=\"og:image\" content=\"https:\/\/erasmus.com.co\/Erasmus\/wp-content\/uploads\/2025\/02\/Omicron_Test-Universe.png\" \/>\n\t<meta property=\"og:image:width\" content=\"1982\" \/>\n\t<meta property=\"og:image:height\" content=\"1487\" \/>\n\t<meta property=\"og:image:type\" content=\"image\/png\" \/>\n<meta name=\"twitter:card\" content=\"summary_large_image\" \/>\n<meta name=\"twitter:label1\" content=\"Tiempo de lectura\" \/>\n\t<meta name=\"twitter:data1\" content=\"1 minuto\" \/>\n<script type=\"application\/ld+json\" class=\"yoast-schema-graph\">{\"@context\":\"https:\/\/schema.org\",\"@graph\":[{\"@type\":\"WebPage\",\"@id\":\"https:\/\/erasmus.com.co\/Erasmus\/producto\/test-universe\/\",\"url\":\"https:\/\/erasmus.com.co\/Erasmus\/producto\/test-universe\/\",\"name\":\"Test Universe (Omicron) - Erasmus Colombia\",\"isPartOf\":{\"@id\":\"https:\/\/erasmus.com.co\/Erasmus\/#website\"},\"primaryImageOfPage\":{\"@id\":\"https:\/\/erasmus.com.co\/Erasmus\/producto\/test-universe\/#primaryimage\"},\"image\":{\"@id\":\"https:\/\/erasmus.com.co\/Erasmus\/producto\/test-universe\/#primaryimage\"},\"thumbnailUrl\":\"https:\/\/erasmus.com.co\/Erasmus\/wp-content\/uploads\/2025\/02\/Omicron_Test-Universe.png\",\"datePublished\":\"2025-09-04T15:35:43+00:00\",\"dateModified\":\"2025-11-27T17:40:17+00:00\",\"description\":\"Test Universe de Omicron es un software completo y f\u00e1cil de usar para dispositivos CMC. Ofrece m\u00f3dulos de pruebas optimizados para diversas aplicaciones.\",\"breadcrumb\":{\"@id\":\"https:\/\/erasmus.com.co\/Erasmus\/producto\/test-universe\/#breadcrumb\"},\"inLanguage\":\"es-CO\",\"potentialAction\":[{\"@type\":\"ReadAction\",\"target\":[\"https:\/\/erasmus.com.co\/Erasmus\/producto\/test-universe\/\"]}]},{\"@type\":\"ImageObject\",\"inLanguage\":\"es-CO\",\"@id\":\"https:\/\/erasmus.com.co\/Erasmus\/producto\/test-universe\/#primaryimage\",\"url\":\"https:\/\/erasmus.com.co\/Erasmus\/wp-content\/uploads\/2025\/02\/Omicron_Test-Universe.png\",\"contentUrl\":\"https:\/\/erasmus.com.co\/Erasmus\/wp-content\/uploads\/2025\/02\/Omicron_Test-Universe.png\",\"width\":1982,\"height\":1487},{\"@type\":\"BreadcrumbList\",\"@id\":\"https:\/\/erasmus.com.co\/Erasmus\/producto\/test-universe\/#breadcrumb\",\"itemListElement\":[{\"@type\":\"ListItem\",\"position\":1,\"name\":\"Home\",\"item\":\"https:\/\/erasmus.com.co\/Erasmus\/\"},{\"@type\":\"ListItem\",\"position\":2,\"name\":\"Tienda\",\"item\":\"https:\/\/erasmus.com.co\/Erasmus\/tienda\/\"},{\"@type\":\"ListItem\",\"position\":3,\"name\":\"Test Universe\"}]},{\"@type\":\"WebSite\",\"@id\":\"https:\/\/erasmus.com.co\/Erasmus\/#website\",\"url\":\"https:\/\/erasmus.com.co\/Erasmus\/\",\"name\":\"Erasmus Colombia\",\"description\":\"Ofrecemos productos y servicios de excelencia para el Sector Industrial\",\"publisher\":{\"@id\":\"https:\/\/erasmus.com.co\/Erasmus\/#organization\"},\"potentialAction\":[{\"@type\":\"SearchAction\",\"target\":{\"@type\":\"EntryPoint\",\"urlTemplate\":\"https:\/\/erasmus.com.co\/Erasmus\/?s={search_term_string}\"},\"query-input\":{\"@type\":\"PropertyValueSpecification\",\"valueRequired\":true,\"valueName\":\"search_term_string\"}}],\"inLanguage\":\"es-CO\"},{\"@type\":\"Organization\",\"@id\":\"https:\/\/erasmus.com.co\/Erasmus\/#organization\",\"name\":\"Erasmus Colombia\",\"url\":\"https:\/\/erasmus.com.co\/Erasmus\/\",\"logo\":{\"@type\":\"ImageObject\",\"inLanguage\":\"es-CO\",\"@id\":\"https:\/\/erasmus.com.co\/Erasmus\/#\/schema\/logo\/image\/\",\"url\":\"https:\/\/erasmus.com.co\/Erasmus\/wp-content\/uploads\/2023\/02\/cropped-cropped-logo_erasmus.png\",\"contentUrl\":\"https:\/\/erasmus.com.co\/Erasmus\/wp-content\/uploads\/2023\/02\/cropped-cropped-logo_erasmus.png\",\"width\":817,\"height\":163,\"caption\":\"Erasmus Colombia\"},\"image\":{\"@id\":\"https:\/\/erasmus.com.co\/Erasmus\/#\/schema\/logo\/image\/\"}}]}<\/script>\n<!-- \/ Yoast SEO Premium plugin. -->","yoast_head_json":{"title":"Test Universe (Omicron) - Erasmus Colombia","description":"Test Universe de Omicron es un software completo y f\u00e1cil de usar para dispositivos CMC. Ofrece m\u00f3dulos de pruebas optimizados para diversas aplicaciones.","robots":{"index":"index","follow":"follow","max-snippet":"max-snippet:-1","max-image-preview":"max-image-preview:large","max-video-preview":"max-video-preview:-1"},"canonical":"https:\/\/erasmus.com.co\/Erasmus\/producto\/test-universe\/","og_locale":"es_ES","og_type":"article","og_title":"Test Universe","og_description":"Test Universe de Omicron es un software completo y f\u00e1cil de usar para dispositivos CMC. Ofrece m\u00f3dulos de pruebas optimizados para diversas aplicaciones.","og_url":"https:\/\/erasmus.com.co\/Erasmus\/producto\/test-universe\/","og_site_name":"Erasmus Colombia","article_modified_time":"2025-11-27T17:40:17+00:00","og_image":[{"width":1982,"height":1487,"url":"https:\/\/erasmus.com.co\/Erasmus\/wp-content\/uploads\/2025\/02\/Omicron_Test-Universe.png","type":"image\/png"}],"twitter_card":"summary_large_image","twitter_misc":{"Tiempo de lectura":"1 minuto"},"schema":{"@context":"https:\/\/schema.org","@graph":[{"@type":"WebPage","@id":"https:\/\/erasmus.com.co\/Erasmus\/producto\/test-universe\/","url":"https:\/\/erasmus.com.co\/Erasmus\/producto\/test-universe\/","name":"Test Universe (Omicron) - Erasmus Colombia","isPartOf":{"@id":"https:\/\/erasmus.com.co\/Erasmus\/#website"},"primaryImageOfPage":{"@id":"https:\/\/erasmus.com.co\/Erasmus\/producto\/test-universe\/#primaryimage"},"image":{"@id":"https:\/\/erasmus.com.co\/Erasmus\/producto\/test-universe\/#primaryimage"},"thumbnailUrl":"https:\/\/erasmus.com.co\/Erasmus\/wp-content\/uploads\/2025\/02\/Omicron_Test-Universe.png","datePublished":"2025-09-04T15:35:43+00:00","dateModified":"2025-11-27T17:40:17+00:00","description":"Test Universe de Omicron es un software completo y f\u00e1cil de usar para dispositivos CMC. Ofrece m\u00f3dulos de pruebas optimizados para diversas aplicaciones.","breadcrumb":{"@id":"https:\/\/erasmus.com.co\/Erasmus\/producto\/test-universe\/#breadcrumb"},"inLanguage":"es-CO","potentialAction":[{"@type":"ReadAction","target":["https:\/\/erasmus.com.co\/Erasmus\/producto\/test-universe\/"]}]},{"@type":"ImageObject","inLanguage":"es-CO","@id":"https:\/\/erasmus.com.co\/Erasmus\/producto\/test-universe\/#primaryimage","url":"https:\/\/erasmus.com.co\/Erasmus\/wp-content\/uploads\/2025\/02\/Omicron_Test-Universe.png","contentUrl":"https:\/\/erasmus.com.co\/Erasmus\/wp-content\/uploads\/2025\/02\/Omicron_Test-Universe.png","width":1982,"height":1487},{"@type":"BreadcrumbList","@id":"https:\/\/erasmus.com.co\/Erasmus\/producto\/test-universe\/#breadcrumb","itemListElement":[{"@type":"ListItem","position":1,"name":"Home","item":"https:\/\/erasmus.com.co\/Erasmus\/"},{"@type":"ListItem","position":2,"name":"Tienda","item":"https:\/\/erasmus.com.co\/Erasmus\/tienda\/"},{"@type":"ListItem","position":3,"name":"Test Universe"}]},{"@type":"WebSite","@id":"https:\/\/erasmus.com.co\/Erasmus\/#website","url":"https:\/\/erasmus.com.co\/Erasmus\/","name":"Erasmus Colombia","description":"Ofrecemos productos y servicios de excelencia para el Sector Industrial","publisher":{"@id":"https:\/\/erasmus.com.co\/Erasmus\/#organization"},"potentialAction":[{"@type":"SearchAction","target":{"@type":"EntryPoint","urlTemplate":"https:\/\/erasmus.com.co\/Erasmus\/?s={search_term_string}"},"query-input":{"@type":"PropertyValueSpecification","valueRequired":true,"valueName":"search_term_string"}}],"inLanguage":"es-CO"},{"@type":"Organization","@id":"https:\/\/erasmus.com.co\/Erasmus\/#organization","name":"Erasmus Colombia","url":"https:\/\/erasmus.com.co\/Erasmus\/","logo":{"@type":"ImageObject","inLanguage":"es-CO","@id":"https:\/\/erasmus.com.co\/Erasmus\/#\/schema\/logo\/image\/","url":"https:\/\/erasmus.com.co\/Erasmus\/wp-content\/uploads\/2023\/02\/cropped-cropped-logo_erasmus.png","contentUrl":"https:\/\/erasmus.com.co\/Erasmus\/wp-content\/uploads\/2023\/02\/cropped-cropped-logo_erasmus.png","width":817,"height":163,"caption":"Erasmus Colombia"},"image":{"@id":"https:\/\/erasmus.com.co\/Erasmus\/#\/schema\/logo\/image\/"}}]}},"_links":{"self":[{"href":"https:\/\/erasmus.com.co\/Erasmus\/wp-json\/wp\/v2\/product\/9561","targetHints":{"allow":["GET"]}}],"collection":[{"href":"https:\/\/erasmus.com.co\/Erasmus\/wp-json\/wp\/v2\/product"}],"about":[{"href":"https:\/\/erasmus.com.co\/Erasmus\/wp-json\/wp\/v2\/types\/product"}],"wp:featuredmedia":[{"embeddable":true,"href":"https:\/\/erasmus.com.co\/Erasmus\/wp-json\/wp\/v2\/media\/4922"}],"wp:attachment":[{"href":"https:\/\/erasmus.com.co\/Erasmus\/wp-json\/wp\/v2\/media?parent=9561"}],"wp:term":[{"taxonomy":"product_brand","embeddable":true,"href":"https:\/\/erasmus.com.co\/Erasmus\/wp-json\/wp\/v2\/product_brand?post=9561"},{"taxonomy":"product_cat","embeddable":true,"href":"https:\/\/erasmus.com.co\/Erasmus\/wp-json\/wp\/v2\/product_cat?post=9561"},{"taxonomy":"product_tag","embeddable":true,"href":"https:\/\/erasmus.com.co\/Erasmus\/wp-json\/wp\/v2\/product_tag?post=9561"}],"curies":[{"name":"wp","href":"https:\/\/api.w.org\/{rel}","templated":true}]}}