{"id":9563,"date":"2025-09-04T15:35:45","date_gmt":"2025-09-04T15:35:45","guid":{"rendered":"https:\/\/erasmus.com.co\/Erasmus\/producto\/stationscout\/"},"modified":"2025-11-27T17:34:30","modified_gmt":"2025-11-27T17:34:30","slug":"stationscout","status":"publish","type":"product","link":"https:\/\/erasmus.com.co\/Erasmus\/producto\/stationscout\/","title":{"rendered":"StationScout"},"content":{"rendered":"<p><strong>StationScout<\/strong> es un software de Omicron dise\u00f1ado para optimizar las pruebas de sistemas de automatizaci\u00f3n de subestaciones (SAS). Su hardware potente simula m\u00faltiples IED con aislamiento seguro de redes SAS, garantizando pruebas seguras y eficientes. Permite visualizar archivos SCL, trazar se\u00f1ales y probar asignaciones de RTU\/puertas de enlace sin configuraciones complejas. Su interfaz f\u00e1cil de usar reduce el esfuerzo de pruebas, mejorando la eficiencia y precisi\u00f3n en subestaciones, contribuyendo a una implementaci\u00f3n m\u00e1s \u00e1gil y confiable de los sistemas SAS.<\/p>\n","protected":false},"excerpt":{"rendered":"<h3><strong>Caracter\u00edsticas Principales:<\/strong><\/h3>\n<ul>\n<li>&#8220;Simplifica las pruebas de sistemas de automatizaci\u00f3n de subestaciones (SAS).<\/li>\n<li>Hardware robusto y potente que simula m\u00faltiples IED con aislamiento seguro de las redes SAS.<\/li>\n<li>Visualizaci\u00f3n de archivos SCL para una mejor comprensi\u00f3n de las configuraciones.<\/li>\n<li>Trazado de se\u00f1ales y pruebas de asignaciones de RTU\/puertas de enlace sin esfuerzo de configuraci\u00f3n.<\/li>\n<li>F\u00e1cil de usar, con una interfaz intuitiva que reduce el tiempo de prueba y configuraci\u00f3n.<\/li>\n<li>Mejora la eficiencia y precisi\u00f3n en las pruebas dentro de la subestaci\u00f3n.<\/li>\n<li>Simulaci\u00f3n de m\u00faltiples IED con aislamiento completo de las redes SAS para seguridad durante las pruebas.<\/li>\n<li>Compatibilidad con archivos SCL, permitiendo una configuraci\u00f3n y visualizaci\u00f3n r\u00e1pida.<\/li>\n<li>Capacidad para trazar se\u00f1ales de manera sencilla para realizar un diagn\u00f3stico completo.<\/li>\n<li>Prueba RTU\/puertas de enlace sin necesidad de configuraciones adicionales complejas.<\/li>\n<li>Interfaz de usuario intuitiva y f\u00e1cil de configurar para mejorar la productividad en el campo.<\/li>\n<li>Operaci\u00f3n eficiente sin complicaciones t\u00e9cnicas, ideal para pruebas en subestaciones.&#8221;<\/li>\n<\/ul>\n<p><img decoding=\"async\" class=\"alignnone wp-image-9704 \" src=\"https:\/\/erasmus.com.co\/Erasmus\/wp-content\/uploads\/2025\/09\/icono_pdf-1.png\" alt=\"\" width=\"38\" height=\"37\" srcset=\"https:\/\/erasmus.com.co\/Erasmus\/wp-content\/uploads\/2025\/09\/icono_pdf-1.png 149w, https:\/\/erasmus.com.co\/Erasmus\/wp-content\/uploads\/2025\/09\/icono_pdf-1-12x12.png 12w, https:\/\/erasmus.com.co\/Erasmus\/wp-content\/uploads\/2025\/09\/icono_pdf-1-100x100.png 100w\" sizes=\"(max-width: 38px) 100vw, 38px\" \/><strong>Descarga la Ficha T\u00e9cnica<\/strong> <a href=\"https:\/\/erasmus.com.co\/Erasmus\/wp-content\/uploads\/2025\/02\/StationScout-Brochure-ESP.pdf\" target=\"_blank\" rel=\"noopener\"><strong>aqu\u00ed<\/strong><\/a><\/p>\n","protected":false},"featured_media":4926,"template":"","meta":{"_acf_changed":false},"product_brand":[40],"product_cat":[42],"product_tag":[],"class_list":{"0":"post-9563","1":"product","2":"type-product","3":"status-publish","4":"has-post-thumbnail","6":"product_brand-omicron","7":"product_cat-omicron","9":"first","10":"instock","11":"shipping-taxable","12":"product-type-simple"},"acf":[],"yoast_head":"<!-- This site is optimized with the Yoast SEO Premium plugin v24.6 (Yoast SEO v24.6) - https:\/\/yoast.com\/wordpress\/plugins\/seo\/ -->\n<title>StationScout Omicron - Erasmus Colombia<\/title>\n<meta name=\"description\" content=\"StationScout es un software de Omicron dise\u00f1ado para optimizar las pruebas de sistemas de automatizaci\u00f3n de subestaciones (SAS).\" \/>\n<meta name=\"robots\" content=\"index, follow, max-snippet:-1, max-image-preview:large, max-video-preview:-1\" \/>\n<link rel=\"canonical\" href=\"https:\/\/erasmus.com.co\/Erasmus\/producto\/stationscout\/\" \/>\n<meta property=\"og:locale\" content=\"es_ES\" \/>\n<meta property=\"og:type\" content=\"article\" \/>\n<meta property=\"og:title\" content=\"StationScout\" \/>\n<meta property=\"og:description\" content=\"StationScout es un software de Omicron dise\u00f1ado para optimizar las pruebas de sistemas de automatizaci\u00f3n de subestaciones (SAS).\" \/>\n<meta property=\"og:url\" content=\"https:\/\/erasmus.com.co\/Erasmus\/producto\/stationscout\/\" \/>\n<meta property=\"og:site_name\" content=\"Erasmus Colombia\" \/>\n<meta property=\"article:modified_time\" content=\"2025-11-27T17:34:30+00:00\" \/>\n<meta property=\"og:image\" content=\"https:\/\/erasmus.com.co\/Erasmus\/wp-content\/uploads\/2025\/02\/Omicron_StationScout.jpg\" \/>\n\t<meta property=\"og:image:width\" content=\"1534\" \/>\n\t<meta property=\"og:image:height\" content=\"1151\" \/>\n\t<meta property=\"og:image:type\" content=\"image\/jpeg\" \/>\n<meta name=\"twitter:card\" content=\"summary_large_image\" \/>\n<meta name=\"twitter:label1\" content=\"Tiempo de lectura\" \/>\n\t<meta name=\"twitter:data1\" content=\"1 minuto\" \/>\n<script type=\"application\/ld+json\" class=\"yoast-schema-graph\">{\"@context\":\"https:\/\/schema.org\",\"@graph\":[{\"@type\":\"WebPage\",\"@id\":\"https:\/\/erasmus.com.co\/Erasmus\/producto\/stationscout\/\",\"url\":\"https:\/\/erasmus.com.co\/Erasmus\/producto\/stationscout\/\",\"name\":\"StationScout Omicron - Erasmus Colombia\",\"isPartOf\":{\"@id\":\"https:\/\/erasmus.com.co\/Erasmus\/#website\"},\"primaryImageOfPage\":{\"@id\":\"https:\/\/erasmus.com.co\/Erasmus\/producto\/stationscout\/#primaryimage\"},\"image\":{\"@id\":\"https:\/\/erasmus.com.co\/Erasmus\/producto\/stationscout\/#primaryimage\"},\"thumbnailUrl\":\"https:\/\/erasmus.com.co\/Erasmus\/wp-content\/uploads\/2025\/02\/Omicron_StationScout.jpg\",\"datePublished\":\"2025-09-04T15:35:45+00:00\",\"dateModified\":\"2025-11-27T17:34:30+00:00\",\"description\":\"StationScout es un software de Omicron dise\u00f1ado para optimizar las pruebas de sistemas de automatizaci\u00f3n de subestaciones (SAS).\",\"breadcrumb\":{\"@id\":\"https:\/\/erasmus.com.co\/Erasmus\/producto\/stationscout\/#breadcrumb\"},\"inLanguage\":\"es-CO\",\"potentialAction\":[{\"@type\":\"ReadAction\",\"target\":[\"https:\/\/erasmus.com.co\/Erasmus\/producto\/stationscout\/\"]}]},{\"@type\":\"ImageObject\",\"inLanguage\":\"es-CO\",\"@id\":\"https:\/\/erasmus.com.co\/Erasmus\/producto\/stationscout\/#primaryimage\",\"url\":\"https:\/\/erasmus.com.co\/Erasmus\/wp-content\/uploads\/2025\/02\/Omicron_StationScout.jpg\",\"contentUrl\":\"https:\/\/erasmus.com.co\/Erasmus\/wp-content\/uploads\/2025\/02\/Omicron_StationScout.jpg\",\"width\":1534,\"height\":1151},{\"@type\":\"BreadcrumbList\",\"@id\":\"https:\/\/erasmus.com.co\/Erasmus\/producto\/stationscout\/#breadcrumb\",\"itemListElement\":[{\"@type\":\"ListItem\",\"position\":1,\"name\":\"Home\",\"item\":\"https:\/\/erasmus.com.co\/Erasmus\/\"},{\"@type\":\"ListItem\",\"position\":2,\"name\":\"Tienda\",\"item\":\"https:\/\/erasmus.com.co\/Erasmus\/tienda\/\"},{\"@type\":\"ListItem\",\"position\":3,\"name\":\"StationScout\"}]},{\"@type\":\"WebSite\",\"@id\":\"https:\/\/erasmus.com.co\/Erasmus\/#website\",\"url\":\"https:\/\/erasmus.com.co\/Erasmus\/\",\"name\":\"Erasmus Colombia\",\"description\":\"Ofrecemos productos y servicios de excelencia para el Sector Industrial\",\"publisher\":{\"@id\":\"https:\/\/erasmus.com.co\/Erasmus\/#organization\"},\"potentialAction\":[{\"@type\":\"SearchAction\",\"target\":{\"@type\":\"EntryPoint\",\"urlTemplate\":\"https:\/\/erasmus.com.co\/Erasmus\/?s={search_term_string}\"},\"query-input\":{\"@type\":\"PropertyValueSpecification\",\"valueRequired\":true,\"valueName\":\"search_term_string\"}}],\"inLanguage\":\"es-CO\"},{\"@type\":\"Organization\",\"@id\":\"https:\/\/erasmus.com.co\/Erasmus\/#organization\",\"name\":\"Erasmus Colombia\",\"url\":\"https:\/\/erasmus.com.co\/Erasmus\/\",\"logo\":{\"@type\":\"ImageObject\",\"inLanguage\":\"es-CO\",\"@id\":\"https:\/\/erasmus.com.co\/Erasmus\/#\/schema\/logo\/image\/\",\"url\":\"https:\/\/erasmus.com.co\/Erasmus\/wp-content\/uploads\/2023\/02\/cropped-cropped-logo_erasmus.png\",\"contentUrl\":\"https:\/\/erasmus.com.co\/Erasmus\/wp-content\/uploads\/2023\/02\/cropped-cropped-logo_erasmus.png\",\"width\":817,\"height\":163,\"caption\":\"Erasmus Colombia\"},\"image\":{\"@id\":\"https:\/\/erasmus.com.co\/Erasmus\/#\/schema\/logo\/image\/\"}}]}<\/script>\n<!-- \/ Yoast SEO Premium plugin. -->","yoast_head_json":{"title":"StationScout Omicron - Erasmus Colombia","description":"StationScout es un software de Omicron dise\u00f1ado para optimizar las pruebas de sistemas de automatizaci\u00f3n de subestaciones (SAS).","robots":{"index":"index","follow":"follow","max-snippet":"max-snippet:-1","max-image-preview":"max-image-preview:large","max-video-preview":"max-video-preview:-1"},"canonical":"https:\/\/erasmus.com.co\/Erasmus\/producto\/stationscout\/","og_locale":"es_ES","og_type":"article","og_title":"StationScout","og_description":"StationScout es un software de Omicron dise\u00f1ado para optimizar las pruebas de sistemas de automatizaci\u00f3n de subestaciones (SAS).","og_url":"https:\/\/erasmus.com.co\/Erasmus\/producto\/stationscout\/","og_site_name":"Erasmus Colombia","article_modified_time":"2025-11-27T17:34:30+00:00","og_image":[{"width":1534,"height":1151,"url":"https:\/\/erasmus.com.co\/Erasmus\/wp-content\/uploads\/2025\/02\/Omicron_StationScout.jpg","type":"image\/jpeg"}],"twitter_card":"summary_large_image","twitter_misc":{"Tiempo de lectura":"1 minuto"},"schema":{"@context":"https:\/\/schema.org","@graph":[{"@type":"WebPage","@id":"https:\/\/erasmus.com.co\/Erasmus\/producto\/stationscout\/","url":"https:\/\/erasmus.com.co\/Erasmus\/producto\/stationscout\/","name":"StationScout Omicron - Erasmus Colombia","isPartOf":{"@id":"https:\/\/erasmus.com.co\/Erasmus\/#website"},"primaryImageOfPage":{"@id":"https:\/\/erasmus.com.co\/Erasmus\/producto\/stationscout\/#primaryimage"},"image":{"@id":"https:\/\/erasmus.com.co\/Erasmus\/producto\/stationscout\/#primaryimage"},"thumbnailUrl":"https:\/\/erasmus.com.co\/Erasmus\/wp-content\/uploads\/2025\/02\/Omicron_StationScout.jpg","datePublished":"2025-09-04T15:35:45+00:00","dateModified":"2025-11-27T17:34:30+00:00","description":"StationScout es un software de Omicron dise\u00f1ado para optimizar las pruebas de sistemas de automatizaci\u00f3n de subestaciones (SAS).","breadcrumb":{"@id":"https:\/\/erasmus.com.co\/Erasmus\/producto\/stationscout\/#breadcrumb"},"inLanguage":"es-CO","potentialAction":[{"@type":"ReadAction","target":["https:\/\/erasmus.com.co\/Erasmus\/producto\/stationscout\/"]}]},{"@type":"ImageObject","inLanguage":"es-CO","@id":"https:\/\/erasmus.com.co\/Erasmus\/producto\/stationscout\/#primaryimage","url":"https:\/\/erasmus.com.co\/Erasmus\/wp-content\/uploads\/2025\/02\/Omicron_StationScout.jpg","contentUrl":"https:\/\/erasmus.com.co\/Erasmus\/wp-content\/uploads\/2025\/02\/Omicron_StationScout.jpg","width":1534,"height":1151},{"@type":"BreadcrumbList","@id":"https:\/\/erasmus.com.co\/Erasmus\/producto\/stationscout\/#breadcrumb","itemListElement":[{"@type":"ListItem","position":1,"name":"Home","item":"https:\/\/erasmus.com.co\/Erasmus\/"},{"@type":"ListItem","position":2,"name":"Tienda","item":"https:\/\/erasmus.com.co\/Erasmus\/tienda\/"},{"@type":"ListItem","position":3,"name":"StationScout"}]},{"@type":"WebSite","@id":"https:\/\/erasmus.com.co\/Erasmus\/#website","url":"https:\/\/erasmus.com.co\/Erasmus\/","name":"Erasmus Colombia","description":"Ofrecemos productos y servicios de excelencia para el Sector Industrial","publisher":{"@id":"https:\/\/erasmus.com.co\/Erasmus\/#organization"},"potentialAction":[{"@type":"SearchAction","target":{"@type":"EntryPoint","urlTemplate":"https:\/\/erasmus.com.co\/Erasmus\/?s={search_term_string}"},"query-input":{"@type":"PropertyValueSpecification","valueRequired":true,"valueName":"search_term_string"}}],"inLanguage":"es-CO"},{"@type":"Organization","@id":"https:\/\/erasmus.com.co\/Erasmus\/#organization","name":"Erasmus Colombia","url":"https:\/\/erasmus.com.co\/Erasmus\/","logo":{"@type":"ImageObject","inLanguage":"es-CO","@id":"https:\/\/erasmus.com.co\/Erasmus\/#\/schema\/logo\/image\/","url":"https:\/\/erasmus.com.co\/Erasmus\/wp-content\/uploads\/2023\/02\/cropped-cropped-logo_erasmus.png","contentUrl":"https:\/\/erasmus.com.co\/Erasmus\/wp-content\/uploads\/2023\/02\/cropped-cropped-logo_erasmus.png","width":817,"height":163,"caption":"Erasmus Colombia"},"image":{"@id":"https:\/\/erasmus.com.co\/Erasmus\/#\/schema\/logo\/image\/"}}]}},"_links":{"self":[{"href":"https:\/\/erasmus.com.co\/Erasmus\/wp-json\/wp\/v2\/product\/9563","targetHints":{"allow":["GET"]}}],"collection":[{"href":"https:\/\/erasmus.com.co\/Erasmus\/wp-json\/wp\/v2\/product"}],"about":[{"href":"https:\/\/erasmus.com.co\/Erasmus\/wp-json\/wp\/v2\/types\/product"}],"wp:featuredmedia":[{"embeddable":true,"href":"https:\/\/erasmus.com.co\/Erasmus\/wp-json\/wp\/v2\/media\/4926"}],"wp:attachment":[{"href":"https:\/\/erasmus.com.co\/Erasmus\/wp-json\/wp\/v2\/media?parent=9563"}],"wp:term":[{"taxonomy":"product_brand","embeddable":true,"href":"https:\/\/erasmus.com.co\/Erasmus\/wp-json\/wp\/v2\/product_brand?post=9563"},{"taxonomy":"product_cat","embeddable":true,"href":"https:\/\/erasmus.com.co\/Erasmus\/wp-json\/wp\/v2\/product_cat?post=9563"},{"taxonomy":"product_tag","embeddable":true,"href":"https:\/\/erasmus.com.co\/Erasmus\/wp-json\/wp\/v2\/product_tag?post=9563"}],"curies":[{"name":"wp","href":"https:\/\/api.w.org\/{rel}","templated":true}]}}