{"id":9571,"date":"2025-09-04T15:35:49","date_gmt":"2025-09-04T15:35:49","guid":{"rendered":"https:\/\/erasmus.com.co\/Erasmus\/producto\/cibano-500\/"},"modified":"2025-11-27T18:15:29","modified_gmt":"2025-11-27T18:15:29","slug":"cibano-500","status":"publish","type":"product","link":"https:\/\/erasmus.com.co\/Erasmus\/producto\/cibano-500\/","title":{"rendered":"CIBANO 500"},"content":{"rendered":"<p><strong>El CIBANO 500 de Omicron<\/strong> es un equipo vers\u00e1til que combina un micro-ohm\u00edmetro, un analizador de sincronismo y una fuente de alimentaci\u00f3n para bobinas y motores. Permite realizar todas las pruebas clave de interruptores de potencia (IP), incluso sin la bater\u00eda de la subestaci\u00f3n. Su tecnolog\u00eda de conexi\u00f3n \u00fanica reduce el esfuerzo de cableado y el tiempo de prueba hasta en un 50%. El software Primary Test Manager\u2122 (PTM) y la biblioteca CBTL proporcionan un manejo f\u00e1cil, generando informes claros y completos de las pruebas realizadas, optimizando as\u00ed el proceso de pruebas en sistemas el\u00e9ctricos.<\/p>\n","protected":false},"excerpt":{"rendered":"<h3><strong>Caracter\u00edsticas Principales:<\/strong><\/h3>\n<ul>\n<li>&#8220;Combina micro-ohm\u00edmetro, analizador de sincronismo y fuente de alimentaci\u00f3n de bobina y motor.<\/li>\n<li>Permite realizar todas las pruebas importantes de IP (Interruptores de Potencia) incluso sin la bater\u00eda de la subestaci\u00f3n.<\/li>\n<li>Tecnolog\u00eda de conexi\u00f3n \u00fanica que reduce el esfuerzo de cableado y el tiempo de prueba en un 50%.<\/li>\n<li>Integraci\u00f3n con el software Primary Test Manager\u2122 (PTM) para un manejo m\u00e1s sencillo y eficiente.<\/li>\n<li>Incluye la biblioteca de pruebas de interruptores de potencia (CBTL) para facilitar las pruebas espec\u00edficas.<\/li>\n<li>Proporciona informes combinados y claros de todas las pruebas realizadas.<\/li>\n<li>Capacidad de realizar mediciones de resistencia de contacto en interruptores de potencia.<\/li>\n<li>An\u00e1lisis y evaluaci\u00f3n del comportamiento de la sincronizaci\u00f3n de los interruptores.<\/li>\n<li>Fuente de alimentaci\u00f3n para pruebas de bobinas y motores de interruptores de potencia.<\/li>\n<li>Conexi\u00f3n f\u00e1cil con el equipo mediante cables optimizados, reduciendo el tiempo de configuraci\u00f3n.<\/li>\n<li>Pruebas tanto en laboratorio como en campo, incluso en condiciones de subestaciones sin acceso a la bater\u00eda.&#8221;<\/li>\n<\/ul>\n<p><img decoding=\"async\" class=\"alignnone wp-image-9704 \" src=\"https:\/\/erasmus.com.co\/Erasmus\/wp-content\/uploads\/2025\/09\/icono_pdf-1.png\" alt=\"\" width=\"38\" height=\"37\" srcset=\"https:\/\/erasmus.com.co\/Erasmus\/wp-content\/uploads\/2025\/09\/icono_pdf-1.png 149w, https:\/\/erasmus.com.co\/Erasmus\/wp-content\/uploads\/2025\/09\/icono_pdf-1-12x12.png 12w, https:\/\/erasmus.com.co\/Erasmus\/wp-content\/uploads\/2025\/09\/icono_pdf-1-100x100.png 100w\" sizes=\"(max-width: 38px) 100vw, 38px\" \/><strong>Descarga la Ficha T\u00e9cnica<\/strong> <a href=\"https:\/\/erasmus.com.co\/Erasmus\/wp-content\/uploads\/2025\/02\/CIBANO-500-Brochure-ESP.pdf\" target=\"_blank\" rel=\"noopener\"><strong>aqu\u00ed<\/strong><\/a><\/p>\n","protected":false},"featured_media":4906,"template":"","meta":{"_acf_changed":false},"product_brand":[40],"product_cat":[42],"product_tag":[],"class_list":{"0":"post-9571","1":"product","2":"type-product","3":"status-publish","4":"has-post-thumbnail","6":"product_brand-omicron","7":"product_cat-omicron","9":"first","10":"instock","11":"shipping-taxable","12":"product-type-simple"},"acf":[],"yoast_head":"<!-- This site is optimized with the Yoast SEO Premium plugin v24.6 (Yoast SEO v24.6) - https:\/\/yoast.com\/wordpress\/plugins\/seo\/ -->\n<title>CIBANO 500 (Omicron) - Erasmus Colombia<\/title>\n<meta name=\"description\" content=\"El CIBANO 500 de Omicron es un equipo que combina un micro-ohm\u00edmetro, un analizador de sincronismo y una fuente de alimentaci\u00f3n para bobinas y motores.\" \/>\n<meta name=\"robots\" content=\"index, follow, max-snippet:-1, max-image-preview:large, max-video-preview:-1\" \/>\n<link rel=\"canonical\" href=\"https:\/\/erasmus.com.co\/Erasmus\/producto\/cibano-500\/\" \/>\n<meta property=\"og:locale\" content=\"es_ES\" \/>\n<meta property=\"og:type\" content=\"article\" \/>\n<meta property=\"og:title\" content=\"CIBANO 500\" \/>\n<meta property=\"og:description\" content=\"El CIBANO 500 de Omicron es un equipo que combina un micro-ohm\u00edmetro, un analizador de sincronismo y una fuente de alimentaci\u00f3n para bobinas y motores.\" \/>\n<meta property=\"og:url\" content=\"https:\/\/erasmus.com.co\/Erasmus\/producto\/cibano-500\/\" \/>\n<meta property=\"og:site_name\" content=\"Erasmus Colombia\" \/>\n<meta property=\"article:modified_time\" content=\"2025-11-27T18:15:29+00:00\" \/>\n<meta property=\"og:image\" content=\"https:\/\/erasmus.com.co\/Erasmus\/wp-content\/uploads\/2025\/02\/Omicron_CIBANO-500.png\" \/>\n\t<meta property=\"og:image:width\" content=\"1982\" \/>\n\t<meta property=\"og:image:height\" content=\"1487\" \/>\n\t<meta property=\"og:image:type\" content=\"image\/png\" \/>\n<meta name=\"twitter:card\" content=\"summary_large_image\" \/>\n<meta name=\"twitter:label1\" content=\"Tiempo de lectura\" \/>\n\t<meta name=\"twitter:data1\" content=\"1 minuto\" \/>\n<script type=\"application\/ld+json\" class=\"yoast-schema-graph\">{\"@context\":\"https:\/\/schema.org\",\"@graph\":[{\"@type\":\"WebPage\",\"@id\":\"https:\/\/erasmus.com.co\/Erasmus\/producto\/cibano-500\/\",\"url\":\"https:\/\/erasmus.com.co\/Erasmus\/producto\/cibano-500\/\",\"name\":\"CIBANO 500 (Omicron) - Erasmus Colombia\",\"isPartOf\":{\"@id\":\"https:\/\/erasmus.com.co\/Erasmus\/#website\"},\"primaryImageOfPage\":{\"@id\":\"https:\/\/erasmus.com.co\/Erasmus\/producto\/cibano-500\/#primaryimage\"},\"image\":{\"@id\":\"https:\/\/erasmus.com.co\/Erasmus\/producto\/cibano-500\/#primaryimage\"},\"thumbnailUrl\":\"https:\/\/erasmus.com.co\/Erasmus\/wp-content\/uploads\/2025\/02\/Omicron_CIBANO-500.png\",\"datePublished\":\"2025-09-04T15:35:49+00:00\",\"dateModified\":\"2025-11-27T18:15:29+00:00\",\"description\":\"El CIBANO 500 de Omicron es un equipo que combina un micro-ohm\u00edmetro, un analizador de sincronismo y una fuente de alimentaci\u00f3n para bobinas y motores.\",\"breadcrumb\":{\"@id\":\"https:\/\/erasmus.com.co\/Erasmus\/producto\/cibano-500\/#breadcrumb\"},\"inLanguage\":\"es-CO\",\"potentialAction\":[{\"@type\":\"ReadAction\",\"target\":[\"https:\/\/erasmus.com.co\/Erasmus\/producto\/cibano-500\/\"]}]},{\"@type\":\"ImageObject\",\"inLanguage\":\"es-CO\",\"@id\":\"https:\/\/erasmus.com.co\/Erasmus\/producto\/cibano-500\/#primaryimage\",\"url\":\"https:\/\/erasmus.com.co\/Erasmus\/wp-content\/uploads\/2025\/02\/Omicron_CIBANO-500.png\",\"contentUrl\":\"https:\/\/erasmus.com.co\/Erasmus\/wp-content\/uploads\/2025\/02\/Omicron_CIBANO-500.png\",\"width\":1982,\"height\":1487},{\"@type\":\"BreadcrumbList\",\"@id\":\"https:\/\/erasmus.com.co\/Erasmus\/producto\/cibano-500\/#breadcrumb\",\"itemListElement\":[{\"@type\":\"ListItem\",\"position\":1,\"name\":\"Home\",\"item\":\"https:\/\/erasmus.com.co\/Erasmus\/\"},{\"@type\":\"ListItem\",\"position\":2,\"name\":\"Tienda\",\"item\":\"https:\/\/erasmus.com.co\/Erasmus\/tienda\/\"},{\"@type\":\"ListItem\",\"position\":3,\"name\":\"CIBANO 500\"}]},{\"@type\":\"WebSite\",\"@id\":\"https:\/\/erasmus.com.co\/Erasmus\/#website\",\"url\":\"https:\/\/erasmus.com.co\/Erasmus\/\",\"name\":\"Erasmus Colombia\",\"description\":\"Ofrecemos productos y servicios de excelencia para el Sector Industrial\",\"publisher\":{\"@id\":\"https:\/\/erasmus.com.co\/Erasmus\/#organization\"},\"potentialAction\":[{\"@type\":\"SearchAction\",\"target\":{\"@type\":\"EntryPoint\",\"urlTemplate\":\"https:\/\/erasmus.com.co\/Erasmus\/?s={search_term_string}\"},\"query-input\":{\"@type\":\"PropertyValueSpecification\",\"valueRequired\":true,\"valueName\":\"search_term_string\"}}],\"inLanguage\":\"es-CO\"},{\"@type\":\"Organization\",\"@id\":\"https:\/\/erasmus.com.co\/Erasmus\/#organization\",\"name\":\"Erasmus Colombia\",\"url\":\"https:\/\/erasmus.com.co\/Erasmus\/\",\"logo\":{\"@type\":\"ImageObject\",\"inLanguage\":\"es-CO\",\"@id\":\"https:\/\/erasmus.com.co\/Erasmus\/#\/schema\/logo\/image\/\",\"url\":\"https:\/\/erasmus.com.co\/Erasmus\/wp-content\/uploads\/2023\/02\/cropped-cropped-logo_erasmus.png\",\"contentUrl\":\"https:\/\/erasmus.com.co\/Erasmus\/wp-content\/uploads\/2023\/02\/cropped-cropped-logo_erasmus.png\",\"width\":817,\"height\":163,\"caption\":\"Erasmus Colombia\"},\"image\":{\"@id\":\"https:\/\/erasmus.com.co\/Erasmus\/#\/schema\/logo\/image\/\"}}]}<\/script>\n<!-- \/ Yoast SEO Premium plugin. -->","yoast_head_json":{"title":"CIBANO 500 (Omicron) - Erasmus Colombia","description":"El CIBANO 500 de Omicron es un equipo que combina un micro-ohm\u00edmetro, un analizador de sincronismo y una fuente de alimentaci\u00f3n para bobinas y motores.","robots":{"index":"index","follow":"follow","max-snippet":"max-snippet:-1","max-image-preview":"max-image-preview:large","max-video-preview":"max-video-preview:-1"},"canonical":"https:\/\/erasmus.com.co\/Erasmus\/producto\/cibano-500\/","og_locale":"es_ES","og_type":"article","og_title":"CIBANO 500","og_description":"El CIBANO 500 de Omicron es un equipo que combina un micro-ohm\u00edmetro, un analizador de sincronismo y una fuente de alimentaci\u00f3n para bobinas y motores.","og_url":"https:\/\/erasmus.com.co\/Erasmus\/producto\/cibano-500\/","og_site_name":"Erasmus Colombia","article_modified_time":"2025-11-27T18:15:29+00:00","og_image":[{"width":1982,"height":1487,"url":"https:\/\/erasmus.com.co\/Erasmus\/wp-content\/uploads\/2025\/02\/Omicron_CIBANO-500.png","type":"image\/png"}],"twitter_card":"summary_large_image","twitter_misc":{"Tiempo de lectura":"1 minuto"},"schema":{"@context":"https:\/\/schema.org","@graph":[{"@type":"WebPage","@id":"https:\/\/erasmus.com.co\/Erasmus\/producto\/cibano-500\/","url":"https:\/\/erasmus.com.co\/Erasmus\/producto\/cibano-500\/","name":"CIBANO 500 (Omicron) - Erasmus Colombia","isPartOf":{"@id":"https:\/\/erasmus.com.co\/Erasmus\/#website"},"primaryImageOfPage":{"@id":"https:\/\/erasmus.com.co\/Erasmus\/producto\/cibano-500\/#primaryimage"},"image":{"@id":"https:\/\/erasmus.com.co\/Erasmus\/producto\/cibano-500\/#primaryimage"},"thumbnailUrl":"https:\/\/erasmus.com.co\/Erasmus\/wp-content\/uploads\/2025\/02\/Omicron_CIBANO-500.png","datePublished":"2025-09-04T15:35:49+00:00","dateModified":"2025-11-27T18:15:29+00:00","description":"El CIBANO 500 de Omicron es un equipo que combina un micro-ohm\u00edmetro, un analizador de sincronismo y una fuente de alimentaci\u00f3n para bobinas y motores.","breadcrumb":{"@id":"https:\/\/erasmus.com.co\/Erasmus\/producto\/cibano-500\/#breadcrumb"},"inLanguage":"es-CO","potentialAction":[{"@type":"ReadAction","target":["https:\/\/erasmus.com.co\/Erasmus\/producto\/cibano-500\/"]}]},{"@type":"ImageObject","inLanguage":"es-CO","@id":"https:\/\/erasmus.com.co\/Erasmus\/producto\/cibano-500\/#primaryimage","url":"https:\/\/erasmus.com.co\/Erasmus\/wp-content\/uploads\/2025\/02\/Omicron_CIBANO-500.png","contentUrl":"https:\/\/erasmus.com.co\/Erasmus\/wp-content\/uploads\/2025\/02\/Omicron_CIBANO-500.png","width":1982,"height":1487},{"@type":"BreadcrumbList","@id":"https:\/\/erasmus.com.co\/Erasmus\/producto\/cibano-500\/#breadcrumb","itemListElement":[{"@type":"ListItem","position":1,"name":"Home","item":"https:\/\/erasmus.com.co\/Erasmus\/"},{"@type":"ListItem","position":2,"name":"Tienda","item":"https:\/\/erasmus.com.co\/Erasmus\/tienda\/"},{"@type":"ListItem","position":3,"name":"CIBANO 500"}]},{"@type":"WebSite","@id":"https:\/\/erasmus.com.co\/Erasmus\/#website","url":"https:\/\/erasmus.com.co\/Erasmus\/","name":"Erasmus Colombia","description":"Ofrecemos productos y servicios de excelencia para el Sector Industrial","publisher":{"@id":"https:\/\/erasmus.com.co\/Erasmus\/#organization"},"potentialAction":[{"@type":"SearchAction","target":{"@type":"EntryPoint","urlTemplate":"https:\/\/erasmus.com.co\/Erasmus\/?s={search_term_string}"},"query-input":{"@type":"PropertyValueSpecification","valueRequired":true,"valueName":"search_term_string"}}],"inLanguage":"es-CO"},{"@type":"Organization","@id":"https:\/\/erasmus.com.co\/Erasmus\/#organization","name":"Erasmus Colombia","url":"https:\/\/erasmus.com.co\/Erasmus\/","logo":{"@type":"ImageObject","inLanguage":"es-CO","@id":"https:\/\/erasmus.com.co\/Erasmus\/#\/schema\/logo\/image\/","url":"https:\/\/erasmus.com.co\/Erasmus\/wp-content\/uploads\/2023\/02\/cropped-cropped-logo_erasmus.png","contentUrl":"https:\/\/erasmus.com.co\/Erasmus\/wp-content\/uploads\/2023\/02\/cropped-cropped-logo_erasmus.png","width":817,"height":163,"caption":"Erasmus Colombia"},"image":{"@id":"https:\/\/erasmus.com.co\/Erasmus\/#\/schema\/logo\/image\/"}}]}},"_links":{"self":[{"href":"https:\/\/erasmus.com.co\/Erasmus\/wp-json\/wp\/v2\/product\/9571","targetHints":{"allow":["GET"]}}],"collection":[{"href":"https:\/\/erasmus.com.co\/Erasmus\/wp-json\/wp\/v2\/product"}],"about":[{"href":"https:\/\/erasmus.com.co\/Erasmus\/wp-json\/wp\/v2\/types\/product"}],"wp:featuredmedia":[{"embeddable":true,"href":"https:\/\/erasmus.com.co\/Erasmus\/wp-json\/wp\/v2\/media\/4906"}],"wp:attachment":[{"href":"https:\/\/erasmus.com.co\/Erasmus\/wp-json\/wp\/v2\/media?parent=9571"}],"wp:term":[{"taxonomy":"product_brand","embeddable":true,"href":"https:\/\/erasmus.com.co\/Erasmus\/wp-json\/wp\/v2\/product_brand?post=9571"},{"taxonomy":"product_cat","embeddable":true,"href":"https:\/\/erasmus.com.co\/Erasmus\/wp-json\/wp\/v2\/product_cat?post=9571"},{"taxonomy":"product_tag","embeddable":true,"href":"https:\/\/erasmus.com.co\/Erasmus\/wp-json\/wp\/v2\/product_tag?post=9571"}],"curies":[{"name":"wp","href":"https:\/\/api.w.org\/{rel}","templated":true}]}}