{"id":1093,"date":"2023-04-25T19:54:57","date_gmt":"2023-04-25T19:54:57","guid":{"rendered":"https:\/\/erasmus.com.co\/?page_id=1093"},"modified":"2025-07-09T22:56:10","modified_gmt":"2025-07-09T22:56:10","slug":"distribucion","status":"publish","type":"page","link":"https:\/\/erasmus.com.co\/chile\/de\/distribucion\/","title":{"rendered":"Vertrieb"},"content":{"rendered":"<div data-elementor-type=\"wp-page\" data-elementor-id=\"1093\" class=\"elementor elementor-1093\" data-elementor-post-type=\"page\">\n\t\t\t\t<div class=\"elementor-element elementor-element-53468c33 e-flex e-con-boxed e-con e-parent\" data-id=\"53468c33\" data-element_type=\"container\">\n\t\t\t\t\t<div class=\"e-con-inner\">\n\t\t<div class=\"elementor-element elementor-element-f63c4b3 e-con-full e-flex e-con e-child\" data-id=\"f63c4b3\" data-element_type=\"container\" data-settings=\"{&quot;background_background&quot;:&quot;classic&quot;}\">\n\t\t\t\t<div class=\"elementor-element elementor-element-317a5c0d elementor-widget elementor-widget-heading\" data-id=\"317a5c0d\" data-element_type=\"widget\" data-widget_type=\"heading.default\">\n\t\t\t\t\t\t<div class=\"elementor-widget-container\">\n\t\t\t\t\t<h2 class=\"elementor-heading-title elementor-size-default\"><font color=\"#217023\">STROMSEKTOR <\/font> \/ Generaci\u00f3n<\/h2>\t\t\t\t<\/div>\n\t\t\t\t<\/div>\n\t\t\t\t<\/div>\n\t\t\t\t\t<\/div>\n\t\t\t\t<\/div>\n\t\t<div class=\"elementor-element elementor-element-77ab1232 e-con-full e-flex e-con e-parent\" data-id=\"77ab1232\" data-element_type=\"container\" data-settings=\"{&quot;background_background&quot;:&quot;classic&quot;}\">\n\t\t\t\t<\/div>\n\t\t<div class=\"elementor-element elementor-element-4d0c4c8e e-flex e-con-boxed e-con e-parent\" data-id=\"4d0c4c8e\" data-element_type=\"container\">\n\t\t\t\t\t<div class=\"e-con-inner\">\n\t\t\t\t<div class=\"elementor-element elementor-element-1a91f9cb elementor-widget elementor-widget-text-editor\" data-id=\"1a91f9cb\" data-element_type=\"widget\" data-widget_type=\"text-editor.default\">\n\t\t\t\t\t\t<div class=\"elementor-widget-container\">\n\t\t\t\t\t\t\t\t\t<p>Una amplia gama de soluciones dise\u00f1adas para optimizar el rendimiento, la seguridad y la eficiencia en los distintos segmentos de la industria el\u00e9ctrica. Desde sistemas de protecci\u00f3n y control hasta equipos de medici\u00f3n, an\u00e1lisis y mantenimiento, esta secci\u00f3n re\u00fane productos innovadores y de alta calidad que responden a las necesidades espec\u00edficas de generaci\u00f3n, transmisi\u00f3n, distribuci\u00f3n y consumo el\u00e9ctrico. Nuestro portafolio est\u00e1 orientado a profesionales y empresas que buscan herramientas confiables para enfrentar los desaf\u00edos t\u00e9cnicos del sector.<\/p>\t\t\t\t\t\t\t\t<\/div>\n\t\t\t\t<\/div>\n\t\t\t\t\t<\/div>\n\t\t\t\t<\/div>\n\t\t<div class=\"elementor-element elementor-element-1134da12 e-flex e-con-boxed e-con e-parent\" data-id=\"1134da12\" data-element_type=\"container\" data-settings=\"{&quot;background_background&quot;:&quot;classic&quot;}\">\n\t\t\t\t\t<div class=\"e-con-inner\">\n\t\t\t\t<div class=\"elementor-element elementor-element-313220cb elementor-widget-divider--view-line elementor-widget elementor-widget-divider\" data-id=\"313220cb\" data-element_type=\"widget\" data-widget_type=\"divider.default\">\n\t\t\t\t\t\t<div class=\"elementor-widget-container\">\n\t\t\t\t\t\t\t<div class=\"elementor-divider\">\n\t\t\t<span class=\"elementor-divider-separator\">\n\t\t\t\t\t\t<\/span>\n\t\t<\/div>\n\t\t\t\t\t\t<\/div>\n\t\t\t\t<\/div>\n\t\t\t\t<div class=\"elementor-element elementor-element-4acdae03 elementor-widget elementor-widget-heading\" data-id=\"4acdae03\" data-element_type=\"widget\" data-widget_type=\"heading.default\">\n\t\t\t\t\t\t<div class=\"elementor-widget-container\">\n\t\t\t\t\t<h2 class=\"elementor-heading-title elementor-size-default\">BENDER - Red El\u00e9ctrica Iberdrola, Espa\u00f1a<\/h2>\t\t\t\t<\/div>\n\t\t\t\t<\/div>\n\t\t\t\t\t<\/div>\n\t\t\t\t<\/div>\n\t\t<div class=\"elementor-element elementor-element-32b9fc88 e-flex e-con-boxed e-con e-parent\" data-id=\"32b9fc88\" data-element_type=\"container\" data-settings=\"{&quot;background_background&quot;:&quot;classic&quot;}\">\n\t\t\t\t\t<div class=\"e-con-inner\">\n\t\t<div class=\"elementor-element elementor-element-6b57258 e-con-full e-flex e-con e-child\" data-id=\"6b57258\" data-element_type=\"container\" data-settings=\"{&quot;background_background&quot;:&quot;classic&quot;}\">\n\t\t\t\t<\/div>\n\t\t<div class=\"elementor-element elementor-element-11441400 e-con-full e-flex e-con e-child\" data-id=\"11441400\" data-element_type=\"container\">\n\t\t\t\t<div class=\"elementor-element elementor-element-50bb8fba elementor-widget elementor-widget-text-editor\" data-id=\"50bb8fba\" data-element_type=\"widget\" data-widget_type=\"text-editor.default\">\n\t\t\t\t\t\t<div class=\"elementor-widget-container\">\n\t\t\t\t\t\t\t\t\t<p>Caso de \u00e9xito en subestaciones de Iberdrola y Red El\u00e9ctrica de Espa\u00f1a con monitoreo de tensi\u00f3n e aislamiento. Bender Iberia implement\u00f3 equipos como el VME420, VMD420 e isoUG425, mejorando la confiabilidad, detecci\u00f3n de fallas y eficiencia en sistemas de generaci\u00f3n y distribuci\u00f3n el\u00e9ctrica.<\/p>\t\t\t\t\t\t\t\t<\/div>\n\t\t\t\t<\/div>\n\t\t\t\t<div class=\"elementor-element elementor-element-5501b75 elementor-align-right elementor-widget elementor-widget-button\" data-id=\"5501b75\" data-element_type=\"widget\" data-widget_type=\"button.default\">\n\t\t\t\t\t\t<div class=\"elementor-widget-container\">\n\t\t\t\t\t\t\t\t\t<div class=\"elementor-button-wrapper\">\n\t\t\t\t\t<a class=\"elementor-button elementor-button-link elementor-size-sm\" href=\"https:\/\/erasmus.com.co\/ecuador\/wp-content\/uploads\/2025\/06\/Caso-de-Exito-Red-Electrica-Iberdrola-Spain-EN.pdf\" target=\"_blank\">\n\t\t\t\t\t\t<span class=\"elementor-button-content-wrapper\">\n\t\t\t\t\t\t\t\t\t<span class=\"elementor-button-text\">MEHR SEHEN<\/span>\n\t\t\t\t\t<\/span>\n\t\t\t\t\t<\/a>\n\t\t\t\t<\/div>\n\t\t\t\t\t\t\t\t<\/div>\n\t\t\t\t<\/div>\n\t\t\t\t<\/div>\n\t\t\t\t\t<\/div>\n\t\t\t\t<\/div>\n\t\t<div class=\"elementor-element elementor-element-e6a97ea e-flex e-con-boxed e-con e-parent\" data-id=\"e6a97ea\" data-element_type=\"container\" data-settings=\"{&quot;background_background&quot;:&quot;classic&quot;}\">\n\t\t\t\t\t<div class=\"e-con-inner\">\n\t\t<div class=\"elementor-element elementor-element-687213a4 e-con-full e-flex e-con e-child\" data-id=\"687213a4\" data-element_type=\"container\" data-settings=\"{&quot;background_background&quot;:&quot;classic&quot;}\">\n\t\t\t\t<div class=\"elementor-element elementor-element-6e259698 elementor-widget-divider--view-line elementor-widget elementor-widget-divider\" data-id=\"6e259698\" data-element_type=\"widget\" data-widget_type=\"divider.default\">\n\t\t\t\t\t\t<div class=\"elementor-widget-container\">\n\t\t\t\t\t\t\t<div class=\"elementor-divider\">\n\t\t\t<span class=\"elementor-divider-separator\">\n\t\t\t\t\t\t<\/span>\n\t\t<\/div>\n\t\t\t\t\t\t<\/div>\n\t\t\t\t<\/div>\n\t\t\t\t<div class=\"elementor-element elementor-element-52bee1f7 elementor-widget elementor-widget-heading\" data-id=\"52bee1f7\" data-element_type=\"widget\" data-widget_type=\"heading.default\">\n\t\t\t\t\t\t<div class=\"elementor-widget-container\">\n\t\t\t\t\t<h2 class=\"elementor-heading-title elementor-size-default\">VAISALA - DGA en L\u00ednea para Salvaguardar la Operaci\u00f3n del Transformador durante su Vida \u00datil\n<\/h2>\t\t\t\t<\/div>\n\t\t\t\t<\/div>\n\t\t\t\t<\/div>\n\t\t\t\t\t<\/div>\n\t\t\t\t<\/div>\n\t\t<div class=\"elementor-element elementor-element-2d1ee525 e-flex e-con-boxed e-con e-parent\" data-id=\"2d1ee525\" data-element_type=\"container\" data-settings=\"{&quot;background_background&quot;:&quot;classic&quot;}\">\n\t\t\t\t\t<div class=\"e-con-inner\">\n\t\t<div class=\"elementor-element elementor-element-3ecb4593 e-con-full e-flex e-con e-child\" data-id=\"3ecb4593\" data-element_type=\"container\" data-settings=\"{&quot;background_background&quot;:&quot;classic&quot;}\">\n\t\t<div class=\"elementor-element elementor-element-1a631565 e-con-full e-flex e-con e-child\" data-id=\"1a631565\" data-element_type=\"container\" data-settings=\"{&quot;background_background&quot;:&quot;classic&quot;}\">\n\t\t\t\t<\/div>\n\t\t<div class=\"elementor-element elementor-element-434dfa44 e-con-full e-flex e-con e-child\" data-id=\"434dfa44\" data-element_type=\"container\">\n\t\t\t\t<div class=\"elementor-element elementor-element-743985cd elementor-widget elementor-widget-text-editor\" data-id=\"743985cd\" data-element_type=\"widget\" data-widget_type=\"text-editor.default\">\n\t\t\t\t\t\t<div class=\"elementor-widget-container\">\n\t\t\t\t\t\t\t\t\t<p>Caso de \u00e9xito en monitoreo de transformadores con tecnolog\u00eda\u00a0DGA en l\u00ednea\u00a0de Vaisala. La soluci\u00f3n permiti\u00f3 detectar fallas t\u00e9rmicas en tiempo real, prevenir fallos cr\u00edticos y extender la vida \u00fatil de un transformador de 100\u202fMVA en operaci\u00f3n, clave en la generaci\u00f3n y transmisi\u00f3n de energ\u00eda el\u00e9ctrica.<\/p>\t\t\t\t\t\t\t\t<\/div>\n\t\t\t\t<\/div>\n\t\t\t\t<div class=\"elementor-element elementor-element-d155c28 elementor-align-right elementor-mobile-align-center elementor-widget elementor-widget-button\" data-id=\"d155c28\" data-element_type=\"widget\" data-widget_type=\"button.default\">\n\t\t\t\t\t\t<div class=\"elementor-widget-container\">\n\t\t\t\t\t\t\t\t\t<div class=\"elementor-button-wrapper\">\n\t\t\t\t\t<a class=\"elementor-button elementor-button-link elementor-size-sm\" href=\"https:\/\/erasmus.com.co\/ecuador\/wp-content\/uploads\/2025\/06\/Caso-de-Exito-Vaisala-DGA-en-Linea-para-Salvaguardar-la-Operacion-del-Transformador-durante-su-Vida-Util.pdf\" target=\"_blank\">\n\t\t\t\t\t\t<span class=\"elementor-button-content-wrapper\">\n\t\t\t\t\t\t\t\t\t<span class=\"elementor-button-text\">MEHR SEHEN<\/span>\n\t\t\t\t\t<\/span>\n\t\t\t\t\t<\/a>\n\t\t\t\t<\/div>\n\t\t\t\t\t\t\t\t<\/div>\n\t\t\t\t<\/div>\n\t\t\t\t<\/div>\n\t\t\t\t<\/div>\n\t\t\t\t\t<\/div>\n\t\t\t\t<\/div>\n\t\t<div class=\"elementor-element elementor-element-50daac0f e-flex e-con-boxed e-con e-parent\" data-id=\"50daac0f\" data-element_type=\"container\" data-settings=\"{&quot;background_background&quot;:&quot;classic&quot;}\">\n\t\t\t\t\t<div class=\"e-con-inner\">\n\t\t\t\t<div class=\"elementor-element elementor-element-627dfc9a elementor-widget elementor-widget-heading\" data-id=\"627dfc9a\" data-element_type=\"widget\" data-widget_type=\"heading.default\">\n\t\t\t\t\t\t<div class=\"elementor-widget-container\">\n\t\t\t\t\t<h2 class=\"elementor-heading-title elementor-size-default\">MARCAS RELACIONADAS<\/h2>\t\t\t\t<\/div>\n\t\t\t\t<\/div>\n\t\t\t\t\t<\/div>\n\t\t\t\t<\/div>\n\t\t<div class=\"elementor-element elementor-element-3ecb73f4 e-grid e-con-boxed e-con e-parent\" data-id=\"3ecb73f4\" data-element_type=\"container\" data-settings=\"{&quot;background_background&quot;:&quot;classic&quot;}\">\n\t\t\t\t\t<div class=\"e-con-inner\">\n\t\t\t\t<div class=\"elementor-element elementor-element-4a6e75d elementor-widget elementor-widget-image\" data-id=\"4a6e75d\" data-element_type=\"widget\" data-widget_type=\"image.default\">\n\t\t\t\t\t\t<div class=\"elementor-widget-container\">\n\t\t\t\t\t\t\t\t\t\t\t\t\t\t\t<img fetchpriority=\"high\" decoding=\"async\" width=\"584\" height=\"381\" src=\"https:\/\/erasmus.com.co\/chile\/wp-content\/uploads\/sites\/23\/2025\/04\/VAISALA.jpg\" class=\"attachment-large size-large wp-image-7274\" alt=\"\" srcset=\"https:\/\/erasmus.com.co\/chile\/wp-content\/uploads\/sites\/23\/2025\/04\/VAISALA.jpg 584w, https:\/\/erasmus.com.co\/chile\/wp-content\/uploads\/sites\/23\/2025\/04\/VAISALA-300x196.jpg 300w\" sizes=\"(max-width: 584px) 100vw, 584px\" \/>\t\t\t\t\t\t\t\t\t\t\t\t\t\t\t<\/div>\n\t\t\t\t<\/div>\n\t\t\t\t<div class=\"elementor-element elementor-element-e5914aa elementor-widget elementor-widget-image\" data-id=\"e5914aa\" data-element_type=\"widget\" data-widget_type=\"image.default\">\n\t\t\t\t\t\t<div class=\"elementor-widget-container\">\n\t\t\t\t\t\t\t\t\t\t\t\t\t\t\t<img decoding=\"async\" width=\"584\" height=\"381\" src=\"https:\/\/erasmus.com.co\/chile\/wp-content\/uploads\/sites\/23\/2023\/04\/BENDER.jpg\" class=\"attachment-large size-large wp-image-649\" alt=\"\" srcset=\"https:\/\/erasmus.com.co\/chile\/wp-content\/uploads\/sites\/23\/2023\/04\/BENDER.jpg 584w, https:\/\/erasmus.com.co\/chile\/wp-content\/uploads\/sites\/23\/2023\/04\/BENDER-300x196.jpg 300w\" sizes=\"(max-width: 584px) 100vw, 584px\" \/>\t\t\t\t\t\t\t\t\t\t\t\t\t\t\t<\/div>\n\t\t\t\t<\/div>\n\t\t\t\t\t<\/div>\n\t\t\t\t<\/div>\n\t\t\t\t<\/div>","protected":false},"excerpt":{"rendered":"<p>SECTOR EL\u00c9CTRICO \/ Generaci\u00f3n Una amplia gama de soluciones dise\u00f1adas para optimizar el rendimiento, la seguridad y la eficiencia en los distintos segmentos de la industria el\u00e9ctrica. Desde sistemas de protecci\u00f3n y control hasta equipos de medici\u00f3n, an\u00e1lisis y mantenimiento, esta secci\u00f3n re\u00fane productos innovadores y de alta calidad que responden a las necesidades espec\u00edficas [&hellip;]<\/p>","protected":false},"author":1,"featured_media":0,"parent":0,"menu_order":0,"comment_status":"closed","ping_status":"closed","template":"","meta":{"_acf_changed":false,"footnotes":""},"class_list":["post-1093","page","type-page","status-publish","hentry"],"acf":[],"yoast_head":"<!-- This site is optimized with the Yoast SEO Premium plugin v24.6 (Yoast SEO v24.6) - https:\/\/yoast.com\/wordpress\/plugins\/seo\/ -->\n<title>Distribuci\u00f3n - Erasmus Chile<\/title>\n<meta name=\"robots\" content=\"index, follow, max-snippet:-1, max-image-preview:large, max-video-preview:-1\" \/>\n<link rel=\"canonical\" href=\"http:\/\/erasmuselectric.com.pe\/distribucion\/\" \/>\n<meta property=\"og:locale\" content=\"de_DE\" \/>\n<meta property=\"og:type\" content=\"article\" \/>\n<meta property=\"og:title\" content=\"Distribuci\u00f3n\" \/>\n<meta property=\"og:description\" content=\"SECTOR EL\u00c9CTRICO \/ Generaci\u00f3n Una amplia gama de soluciones dise\u00f1adas para optimizar el rendimiento, la seguridad y la eficiencia en los distintos segmentos de la industria el\u00e9ctrica. Desde sistemas de protecci\u00f3n y control hasta equipos de medici\u00f3n, an\u00e1lisis y mantenimiento, esta secci\u00f3n re\u00fane productos innovadores y de alta calidad que responden a las necesidades espec\u00edficas [&hellip;]\" \/>\n<meta property=\"og:url\" content=\"http:\/\/erasmuselectric.com.pe\/distribucion\/\" \/>\n<meta property=\"og:site_name\" content=\"Erasmus Chile\" \/>\n<meta property=\"article:modified_time\" content=\"2025-07-09T22:56:10+00:00\" \/>\n<meta property=\"og:image\" content=\"https:\/\/erasmus.com.co\/chile\/wp-content\/uploads\/sites\/23\/2025\/04\/VAISALA.jpg\" \/>\n<meta name=\"twitter:card\" content=\"summary_large_image\" \/>\n<meta name=\"twitter:label1\" content=\"Gesch\u00e4tzte Lesezeit\" \/>\n\t<meta name=\"twitter:data1\" content=\"2\u00a0Minuten\" \/>\n<script type=\"application\/ld+json\" class=\"yoast-schema-graph\">{\"@context\":\"https:\/\/schema.org\",\"@graph\":[{\"@type\":\"WebPage\",\"@id\":\"http:\/\/erasmuselectric.com.pe\/distribucion\/\",\"url\":\"http:\/\/erasmuselectric.com.pe\/distribucion\/\",\"name\":\"Distribuci\u00f3n - Erasmus Chile\",\"isPartOf\":{\"@id\":\"https:\/\/erasmuselectric.com.pe\/#website\"},\"primaryImageOfPage\":{\"@id\":\"http:\/\/erasmuselectric.com.pe\/distribucion\/#primaryimage\"},\"image\":{\"@id\":\"http:\/\/erasmuselectric.com.pe\/distribucion\/#primaryimage\"},\"thumbnailUrl\":\"https:\/\/erasmus.com.co\/chile\/wp-content\/uploads\/sites\/23\/2025\/04\/VAISALA.jpg\",\"datePublished\":\"2023-04-25T19:54:57+00:00\",\"dateModified\":\"2025-07-09T22:56:10+00:00\",\"breadcrumb\":{\"@id\":\"http:\/\/erasmuselectric.com.pe\/distribucion\/#breadcrumb\"},\"inLanguage\":\"de\",\"potentialAction\":[{\"@type\":\"ReadAction\",\"target\":[\"http:\/\/erasmuselectric.com.pe\/distribucion\/\"]}]},{\"@type\":\"ImageObject\",\"inLanguage\":\"de\",\"@id\":\"http:\/\/erasmuselectric.com.pe\/distribucion\/#primaryimage\",\"url\":\"https:\/\/erasmus.com.co\/chile\/wp-content\/uploads\/sites\/23\/2025\/04\/VAISALA.jpg\",\"contentUrl\":\"https:\/\/erasmus.com.co\/chile\/wp-content\/uploads\/sites\/23\/2025\/04\/VAISALA.jpg\"},{\"@type\":\"BreadcrumbList\",\"@id\":\"http:\/\/erasmuselectric.com.pe\/distribucion\/#breadcrumb\",\"itemListElement\":[{\"@type\":\"ListItem\",\"position\":1,\"name\":\"Home\",\"item\":\"https:\/\/erasmus.com.co\/chile\/\"},{\"@type\":\"ListItem\",\"position\":2,\"name\":\"Distribuci\u00f3n\"}]},{\"@type\":\"WebSite\",\"@id\":\"https:\/\/erasmuselectric.com.pe\/#website\",\"url\":\"https:\/\/erasmuselectric.com.pe\/\",\"name\":\"Erasmus Chile\",\"description\":\"Ofrecemos productos y servicios de excelencia para el Sector Industrial\",\"publisher\":{\"@id\":\"https:\/\/erasmuselectric.com.pe\/#organization\"},\"potentialAction\":[{\"@type\":\"SearchAction\",\"target\":{\"@type\":\"EntryPoint\",\"urlTemplate\":\"https:\/\/erasmuselectric.com.pe\/?s={search_term_string}\"},\"query-input\":{\"@type\":\"PropertyValueSpecification\",\"valueRequired\":true,\"valueName\":\"search_term_string\"}}],\"inLanguage\":\"de\"},{\"@type\":\"Organization\",\"@id\":\"https:\/\/erasmuselectric.com.pe\/#organization\",\"name\":\"Erasmus Chile\",\"url\":\"https:\/\/erasmuselectric.com.pe\/\",\"logo\":{\"@type\":\"ImageObject\",\"inLanguage\":\"de\",\"@id\":\"https:\/\/erasmuselectric.com.pe\/#\/schema\/logo\/image\/\",\"url\":\"https:\/\/erasmus.com.co\/chile\/wp-content\/uploads\/sites\/23\/2025\/06\/cropped-logo_erasmus_electric_COLOR.png\",\"contentUrl\":\"https:\/\/erasmus.com.co\/chile\/wp-content\/uploads\/sites\/23\/2025\/06\/cropped-logo_erasmus_electric_COLOR.png\",\"width\":373,\"height\":100,\"caption\":\"Erasmus Chile\"},\"image\":{\"@id\":\"https:\/\/erasmuselectric.com.pe\/#\/schema\/logo\/image\/\"}}]}<\/script>\n<!-- \/ Yoast SEO Premium plugin. -->","yoast_head_json":{"title":"Distribuci\u00f3n - Erasmus Chile","robots":{"index":"index","follow":"follow","max-snippet":"max-snippet:-1","max-image-preview":"max-image-preview:large","max-video-preview":"max-video-preview:-1"},"canonical":"http:\/\/erasmuselectric.com.pe\/distribucion\/","og_locale":"de_DE","og_type":"article","og_title":"Distribuci\u00f3n","og_description":"SECTOR EL\u00c9CTRICO \/ Generaci\u00f3n Una amplia gama de soluciones dise\u00f1adas para optimizar el rendimiento, la seguridad y la eficiencia en los distintos segmentos de la industria el\u00e9ctrica. Desde sistemas de protecci\u00f3n y control hasta equipos de medici\u00f3n, an\u00e1lisis y mantenimiento, esta secci\u00f3n re\u00fane productos innovadores y de alta calidad que responden a las necesidades espec\u00edficas [&hellip;]","og_url":"http:\/\/erasmuselectric.com.pe\/distribucion\/","og_site_name":"Erasmus Chile","article_modified_time":"2025-07-09T22:56:10+00:00","og_image":[{"url":"https:\/\/erasmus.com.co\/chile\/wp-content\/uploads\/sites\/23\/2025\/04\/VAISALA.jpg","type":"","width":"","height":""}],"twitter_card":"summary_large_image","twitter_misc":{"Gesch\u00e4tzte Lesezeit":"2\u00a0Minuten"},"schema":{"@context":"https:\/\/schema.org","@graph":[{"@type":"WebPage","@id":"http:\/\/erasmuselectric.com.pe\/distribucion\/","url":"http:\/\/erasmuselectric.com.pe\/distribucion\/","name":"Distribuci\u00f3n - Erasmus Chile","isPartOf":{"@id":"https:\/\/erasmuselectric.com.pe\/#website"},"primaryImageOfPage":{"@id":"http:\/\/erasmuselectric.com.pe\/distribucion\/#primaryimage"},"image":{"@id":"http:\/\/erasmuselectric.com.pe\/distribucion\/#primaryimage"},"thumbnailUrl":"https:\/\/erasmus.com.co\/chile\/wp-content\/uploads\/sites\/23\/2025\/04\/VAISALA.jpg","datePublished":"2023-04-25T19:54:57+00:00","dateModified":"2025-07-09T22:56:10+00:00","breadcrumb":{"@id":"http:\/\/erasmuselectric.com.pe\/distribucion\/#breadcrumb"},"inLanguage":"de","potentialAction":[{"@type":"ReadAction","target":["http:\/\/erasmuselectric.com.pe\/distribucion\/"]}]},{"@type":"ImageObject","inLanguage":"de","@id":"http:\/\/erasmuselectric.com.pe\/distribucion\/#primaryimage","url":"https:\/\/erasmus.com.co\/chile\/wp-content\/uploads\/sites\/23\/2025\/04\/VAISALA.jpg","contentUrl":"https:\/\/erasmus.com.co\/chile\/wp-content\/uploads\/sites\/23\/2025\/04\/VAISALA.jpg"},{"@type":"BreadcrumbList","@id":"http:\/\/erasmuselectric.com.pe\/distribucion\/#breadcrumb","itemListElement":[{"@type":"ListItem","position":1,"name":"Home","item":"https:\/\/erasmus.com.co\/chile\/"},{"@type":"ListItem","position":2,"name":"Distribuci\u00f3n"}]},{"@type":"WebSite","@id":"https:\/\/erasmuselectric.com.pe\/#website","url":"https:\/\/erasmuselectric.com.pe\/","name":"Erasmus Chile","description":"Ofrecemos productos y servicios de excelencia para el Sector Industrial","publisher":{"@id":"https:\/\/erasmuselectric.com.pe\/#organization"},"potentialAction":[{"@type":"SearchAction","target":{"@type":"EntryPoint","urlTemplate":"https:\/\/erasmuselectric.com.pe\/?s={search_term_string}"},"query-input":{"@type":"PropertyValueSpecification","valueRequired":true,"valueName":"search_term_string"}}],"inLanguage":"de"},{"@type":"Organization","@id":"https:\/\/erasmuselectric.com.pe\/#organization","name":"Erasmus Chile","url":"https:\/\/erasmuselectric.com.pe\/","logo":{"@type":"ImageObject","inLanguage":"de","@id":"https:\/\/erasmuselectric.com.pe\/#\/schema\/logo\/image\/","url":"https:\/\/erasmus.com.co\/chile\/wp-content\/uploads\/sites\/23\/2025\/06\/cropped-logo_erasmus_electric_COLOR.png","contentUrl":"https:\/\/erasmus.com.co\/chile\/wp-content\/uploads\/sites\/23\/2025\/06\/cropped-logo_erasmus_electric_COLOR.png","width":373,"height":100,"caption":"Erasmus Chile"},"image":{"@id":"https:\/\/erasmuselectric.com.pe\/#\/schema\/logo\/image\/"}}]}},"_links":{"self":[{"href":"https:\/\/erasmus.com.co\/chile\/de\/wp-json\/wp\/v2\/pages\/1093","targetHints":{"allow":["GET"]}}],"collection":[{"href":"https:\/\/erasmus.com.co\/chile\/de\/wp-json\/wp\/v2\/pages"}],"about":[{"href":"https:\/\/erasmus.com.co\/chile\/de\/wp-json\/wp\/v2\/types\/page"}],"author":[{"embeddable":true,"href":"https:\/\/erasmus.com.co\/chile\/de\/wp-json\/wp\/v2\/users\/1"}],"replies":[{"embeddable":true,"href":"https:\/\/erasmus.com.co\/chile\/de\/wp-json\/wp\/v2\/comments?post=1093"}],"version-history":[{"count":25,"href":"https:\/\/erasmus.com.co\/chile\/de\/wp-json\/wp\/v2\/pages\/1093\/revisions"}],"predecessor-version":[{"id":8460,"href":"https:\/\/erasmus.com.co\/chile\/de\/wp-json\/wp\/v2\/pages\/1093\/revisions\/8460"}],"wp:attachment":[{"href":"https:\/\/erasmus.com.co\/chile\/de\/wp-json\/wp\/v2\/media?parent=1093"}],"curies":[{"name":"wp","href":"https:\/\/api.w.org\/{rel}","templated":true}]}}