{"id":1095,"date":"2023-04-25T19:55:14","date_gmt":"2023-04-25T19:55:14","guid":{"rendered":"https:\/\/erasmus.com.co\/?page_id=1095"},"modified":"2025-09-23T13:44:42","modified_gmt":"2025-09-23T13:44:42","slug":"energia-solar","status":"publish","type":"page","link":"https:\/\/erasmus.com.co\/chile\/en\/energia-solar\/","title":{"rendered":"Solar Energy"},"content":{"rendered":"<div data-elementor-type=\"wp-page\" data-elementor-id=\"1095\" class=\"elementor elementor-1095\" data-elementor-post-type=\"page\">\n\t\t\t\t<div class=\"elementor-element elementor-element-13c36f6 e-flex e-con-boxed e-con e-child\" data-id=\"13c36f6\" data-element_type=\"container\">\n\t\t\t\t\t<div class=\"e-con-inner\">\n\t\t<div class=\"elementor-element elementor-element-327c3c1 e-con-full e-flex e-con e-child\" data-id=\"327c3c1\" data-element_type=\"container\">\n\t\t\t\t<div class=\"elementor-element elementor-element-cf84bfd animated-slow elementor-invisible elementor-widget elementor-widget-heading\" data-id=\"cf84bfd\" data-element_type=\"widget\" data-settings=\"{&quot;_animation&quot;:&quot;slideInUp&quot;}\" data-widget_type=\"heading.default\">\n\t\t\t\t\t\t<div class=\"elementor-widget-container\">\n\t\t\t\t\t<h2 class=\"elementor-heading-title elementor-size-default\">Solar Energy\n<\/h2>\t\t\t\t<\/div>\n\t\t\t\t<\/div>\n\t\t\t\t<\/div>\n\t\t\t\t\t<\/div>\n\t\t\t\t<\/div>\n\t\t<div class=\"elementor-element elementor-element-eca5ea4 e-flex e-con-boxed e-con e-child\" data-id=\"eca5ea4\" data-element_type=\"container\">\n\t\t\t\t\t<div class=\"e-con-inner\">\n\t\t<div class=\"elementor-element elementor-element-eb91fd9 e-con-full e-flex e-con e-child\" data-id=\"eb91fd9\" data-element_type=\"container\">\n\t\t\t\t<div class=\"elementor-element elementor-element-530ec06 elementor-cta--layout-image-above elementor-widget__width-inherit elementor-widget-tablet__width-inherit elementor-cta--skin-classic elementor-animated-content elementor-bg-transform elementor-bg-transform-zoom-in elementor-widget elementor-widget-call-to-action\" data-id=\"530ec06\" data-element_type=\"widget\" data-widget_type=\"call-to-action.default\">\n\t\t\t\t\t\t<div class=\"elementor-widget-container\">\n\t\t\t\t\t\t\t<div class=\"elementor-cta\">\n\t\t\t\t\t<div class=\"elementor-cta__bg-wrapper\">\n\t\t\t\t<div class=\"elementor-cta__bg elementor-bg\" style=\"background-image: url(https:\/\/erasmus.com.co\/chile\/wp-content\/uploads\/sites\/23\/2023\/04\/SOLAR_MCG.png);\" role=\"img\" aria-label=\"SOLAR_MCG\"><\/div>\n\t\t\t\t<div class=\"elementor-cta__bg-overlay\"><\/div>\n\t\t\t<\/div>\n\t\t\t\t\t\t\t<div class=\"elementor-cta__content\">\n\t\t\t\t\n\t\t\t\t\n\t\t\t\t\n\t\t\t\t\t\t\t\t\t<div class=\"elementor-cta__button-wrapper elementor-cta__content-item elementor-content-item\">\n\t\t\t\t\t<a class=\"elementor-cta__button elementor-button elementor-size-\">\n\t\t\t\t\t\tMOSER GLASER\t\t\t\t\t<\/a>\n\t\t\t\t\t<\/div>\n\t\t\t\t\t\t\t<\/div>\n\t\t\t\t\t\t<\/div>\n\t\t\t\t\t\t<\/div>\n\t\t\t\t<\/div>\n\t\t\t\t<div class=\"elementor-element elementor-element-c4ba08f elementor-widget elementor-widget-text-editor\" data-id=\"c4ba08f\" data-element_type=\"widget\" data-widget_type=\"text-editor.default\">\n\t\t\t\t\t\t<div class=\"elementor-widget-container\">\n\t\t\t\t\t\t\t\t\t<span lang=\"es\">Barras Duresca\u00ae utilizadas en Plantas de Energ\u00eda Solar\u00a0<\/span>&#8211;\u00a0<a href=\"https:\/\/erasmus.com.co\/Erasmus\/wp-content\/uploads\/2023\/04\/mgc_expertise__Solar.pdf\" target=\"_blank\" rel=\"noopener\"><\/br>Case Study<\/a>\t\t\t\t\t\t\t\t<\/div>\n\t\t\t\t<\/div>\n\t\t\t\t<\/div>\n\t\t<div class=\"elementor-element elementor-element-dc35aca e-con-full e-flex e-con e-child\" data-id=\"dc35aca\" data-element_type=\"container\">\n\t\t\t\t<div class=\"elementor-element elementor-element-292a564 elementor-cta--layout-image-above elementor-widget__width-inherit elementor-widget-tablet__width-inherit elementor-cta--skin-classic elementor-animated-content elementor-bg-transform elementor-bg-transform-zoom-in elementor-widget elementor-widget-call-to-action\" data-id=\"292a564\" data-element_type=\"widget\" data-widget_type=\"call-to-action.default\">\n\t\t\t\t\t\t<div class=\"elementor-widget-container\">\n\t\t\t\t\t\t\t<a class=\"elementor-cta\" href=\"https:\/\/erasmus.com.co\/chile\/en\/Erasmus\/bender\/\">\n\t\t\t\t\t<div class=\"elementor-cta__bg-wrapper\">\n\t\t\t\t<div class=\"elementor-cta__bg elementor-bg\" style=\"background-image: url(https:\/\/erasmus.com.co\/chile\/wp-content\/uploads\/sites\/23\/2023\/04\/BENDER_SOLAR.jpeg);\" role=\"img\" aria-label=\"BENDER_SOLAR\"><\/div>\n\t\t\t\t<div class=\"elementor-cta__bg-overlay\"><\/div>\n\t\t\t<\/div>\n\t\t\t\t\t\t\t<div class=\"elementor-cta__content\">\n\t\t\t\t\n\t\t\t\t\n\t\t\t\t\n\t\t\t\t\t\t\t\t\t<div class=\"elementor-cta__button-wrapper elementor-cta__content-item elementor-content-item\">\n\t\t\t\t\t<span class=\"elementor-cta__button elementor-button elementor-size-\">\n\t\t\t\t\t\tBENDER\t\t\t\t\t<\/span>\n\t\t\t\t\t<\/div>\n\t\t\t\t\t\t\t<\/div>\n\t\t\t\t\t\t<\/a>\n\t\t\t\t\t\t<\/div>\n\t\t\t\t<\/div>\n\t\t\t\t<div class=\"elementor-element elementor-element-9dfc4ad elementor-widget elementor-widget-text-editor\" data-id=\"9dfc4ad\" data-element_type=\"widget\" data-widget_type=\"text-editor.default\">\n\t\t\t\t\t\t<div class=\"elementor-widget-container\">\n\t\t\t\t\t\t\t\t\t<span lang=\"es\">Proyecto solar Cauchari, Elintec S.A., Argentina\u00a0<\/span>&#8211;\u00a0<a href=\"https:\/\/erasmus.com.co\/Erasmus\/wp-content\/uploads\/2023\/04\/2020-11_Elintec_Argentina_EN.pdf\" target=\"_blank\" rel=\"noopener\"><\/br>Case Study<\/a>\t\t\t\t\t\t\t\t<\/div>\n\t\t\t\t<\/div>\n\t\t\t\t<\/div>\n\t\t<div class=\"elementor-element elementor-element-975f43a e-con-full e-flex e-con e-child\" data-id=\"975f43a\" data-element_type=\"container\">\n\t\t\t\t<div class=\"elementor-element elementor-element-4d3d186 elementor-cta--layout-image-above elementor-widget__width-inherit elementor-widget-tablet__width-inherit elementor-cta--skin-classic elementor-animated-content elementor-bg-transform elementor-bg-transform-zoom-in elementor-widget elementor-widget-call-to-action\" data-id=\"4d3d186\" data-element_type=\"widget\" data-widget_type=\"call-to-action.default\">\n\t\t\t\t\t\t<div class=\"elementor-widget-container\">\n\t\t\t\t\t\t\t<a class=\"elementor-cta\" href=\"https:\/\/erasmus.com.co\/chile\/en\/Erasmus\/tavrida\/\">\n\t\t\t\t\t<div class=\"elementor-cta__bg-wrapper\">\n\t\t\t\t<div class=\"elementor-cta__bg elementor-bg\" style=\"background-image: url(https:\/\/erasmus.com.co\/chile\/wp-content\/uploads\/sites\/23\/2023\/04\/SOLAR_TAVRIDA.jpeg);\" role=\"img\" aria-label=\"SOLAR_TAVRIDA\"><\/div>\n\t\t\t\t<div class=\"elementor-cta__bg-overlay\"><\/div>\n\t\t\t<\/div>\n\t\t\t\t\t\t\t<div class=\"elementor-cta__content\">\n\t\t\t\t\n\t\t\t\t\n\t\t\t\t\n\t\t\t\t\t\t\t\t\t<div class=\"elementor-cta__button-wrapper elementor-cta__content-item elementor-content-item\">\n\t\t\t\t\t<span class=\"elementor-cta__button elementor-button elementor-size-\">\n\t\t\t\t\t\tTAVRIDA\t\t\t\t\t<\/span>\n\t\t\t\t\t<\/div>\n\t\t\t\t\t\t\t<\/div>\n\t\t\t\t\t\t<\/a>\n\t\t\t\t\t\t<\/div>\n\t\t\t\t<\/div>\n\t\t\t\t<div class=\"elementor-element elementor-element-a2d438f elementor-widget elementor-widget-text-editor\" data-id=\"a2d438f\" data-element_type=\"widget\" data-widget_type=\"text-editor.default\">\n\t\t\t\t\t\t<div class=\"elementor-widget-container\">\n\t\t\t\t\t\t\t\t\t<p>DGA en L\u00ednea para Salvaguardar la Operaci\u00f3n del Transformador durante su Vida \u00datil\u00a0<br \/>\u00a0<a href=\"https:\/\/erasmus.com.co\/Erasmus\/wp-content\/uploads\/2023\/04\/Online-DGA-Safeguard-Transformer-end-of-life-operation-TRX1958-B212383EN_.pdf\" target=\"_blank\" rel=\"noopener\">Case Study<\/a><\/p>\t\t\t\t\t\t\t\t<\/div>\n\t\t\t\t<\/div>\n\t\t\t\t<\/div>\n\t\t\t\t\t<\/div>\n\t\t\t\t<\/div>\n\t\t<div class=\"elementor-element elementor-element-763a4d4 e-flex e-con-boxed e-con e-child\" data-id=\"763a4d4\" data-element_type=\"container\">\n\t\t\t\t\t<div class=\"e-con-inner\">\n\t\t<div class=\"elementor-element elementor-element-876521d e-con-full e-flex e-con e-child\" data-id=\"876521d\" data-element_type=\"container\">\n\t\t\t\t<div class=\"elementor-element elementor-element-76d4ab0 elementor-cta--layout-image-above elementor-widget__width-inherit elementor-widget-tablet__width-inherit elementor-cta--skin-classic elementor-animated-content elementor-bg-transform elementor-bg-transform-zoom-in elementor-widget elementor-widget-call-to-action\" data-id=\"76d4ab0\" data-element_type=\"widget\" data-widget_type=\"call-to-action.default\">\n\t\t\t\t\t\t<div class=\"elementor-widget-container\">\n\t\t\t\t\t\t\t<a class=\"elementor-cta\" href=\"https:\/\/erasmus.com.co\/chile\/en\/Erasmus\/staubli\/\">\n\t\t\t\t\t<div class=\"elementor-cta__bg-wrapper\">\n\t\t\t\t<div class=\"elementor-cta__bg elementor-bg\" style=\"background-image: url(https:\/\/erasmus.com.co\/chile\/wp-content\/uploads\/sites\/23\/2023\/04\/STAUBLI_SOLAR.jpeg);\" role=\"img\" aria-label=\"STAUBLI_SOLAR\"><\/div>\n\t\t\t\t<div class=\"elementor-cta__bg-overlay\"><\/div>\n\t\t\t<\/div>\n\t\t\t\t\t\t\t<div class=\"elementor-cta__content\">\n\t\t\t\t\n\t\t\t\t\n\t\t\t\t\n\t\t\t\t\t\t\t\t\t<div class=\"elementor-cta__button-wrapper elementor-cta__content-item elementor-content-item\">\n\t\t\t\t\t<span class=\"elementor-cta__button elementor-button elementor-size-\">\n\t\t\t\t\t\tST\u00c4UBLI \t\t\t\t\t<\/span>\n\t\t\t\t\t<\/div>\n\t\t\t\t\t\t\t<\/div>\n\t\t\t\t\t\t<\/a>\n\t\t\t\t\t\t<\/div>\n\t\t\t\t<\/div>\n\t\t\t\t<div class=\"elementor-element elementor-element-726f1b0 elementor-widget elementor-widget-text-editor\" data-id=\"726f1b0\" data-element_type=\"widget\" data-widget_type=\"text-editor.default\">\n\t\t\t\t\t\t<div class=\"elementor-widget-container\">\n\t\t\t\t\t\t\t\t\t<p>Tecnogroup Ant\u00e1rtida <br \/>\u00a0<a href=\"https:\/\/erasmus.com.co\/Erasmus\/wp-content\/uploads\/2023\/04\/Success_Stories_A4_Tecnogroup-Antarctic_EN-53863-pdf-web.pdf-_Solar.pdf\" target=\"_blank\" rel=\"noopener\">Case Study\u00a0<\/a><\/p>\t\t\t\t\t\t\t\t<\/div>\n\t\t\t\t<\/div>\n\t\t\t\t<\/div>\n\t\t<div class=\"elementor-element elementor-element-d8d8ee9 e-con-full e-flex e-con e-child\" data-id=\"d8d8ee9\" data-element_type=\"container\">\n\t\t\t\t<div class=\"elementor-element elementor-element-f928576 elementor-cta--layout-image-above elementor-widget__width-inherit elementor-widget-tablet__width-inherit elementor-cta--skin-classic elementor-animated-content elementor-bg-transform elementor-bg-transform-zoom-in elementor-widget elementor-widget-call-to-action\" data-id=\"f928576\" data-element_type=\"widget\" data-widget_type=\"call-to-action.default\">\n\t\t\t\t\t\t<div class=\"elementor-widget-container\">\n\t\t\t\t\t\t\t<div class=\"elementor-cta\">\n\t\t\t\t\t<div class=\"elementor-cta__bg-wrapper\">\n\t\t\t\t<div class=\"elementor-cta__bg elementor-bg\" style=\"background-image: url(https:\/\/erasmus.com.co\/chile\/wp-content\/uploads\/sites\/23\/2023\/04\/PVE_PVPM_1500-1024x576.jpeg);\" role=\"img\" aria-label=\"PVE_PVPM_1500\"><\/div>\n\t\t\t\t<div class=\"elementor-cta__bg-overlay\"><\/div>\n\t\t\t<\/div>\n\t\t\t\t\t\t\t<div class=\"elementor-cta__content\">\n\t\t\t\t\n\t\t\t\t\n\t\t\t\t\n\t\t\t\t\t\t\t\t\t<div class=\"elementor-cta__button-wrapper elementor-cta__content-item elementor-content-item\">\n\t\t\t\t\t<a class=\"elementor-cta__button elementor-button elementor-size-\">\n\t\t\t\t\t\tPVE\t\t\t\t\t<\/a>\n\t\t\t\t\t<\/div>\n\t\t\t\t\t\t\t<\/div>\n\t\t\t\t\t\t<\/div>\n\t\t\t\t\t\t<\/div>\n\t\t\t\t<\/div>\n\t\t\t\t<div class=\"elementor-element elementor-element-154dc06 elementor-widget elementor-widget-text-editor\" data-id=\"154dc06\" data-element_type=\"widget\" data-widget_type=\"text-editor.default\">\n\t\t\t\t\t\t<div class=\"elementor-widget-container\">\n\t\t\t\t\t\t\t\t\tTrazador de curva IV 1500V y 20A\u00a0<span lang=\"es\">&#8211;\u00a0<a href=\"https:\/\/www.pv-engineering.de\/en\/products\/standard-titel?tt_products%5BbackPID%5D=231&amp;tt_products%5Bcat%5D=1&amp;tt_products%5Bproduct%5D=22&amp;cHash=115ac308e857108ba02de7f54e64bd89\" target=\"_blank\" rel=\"noopener\"><\/br>Application\u00a0<\/a><\/span>\t\t\t\t\t\t\t\t<\/div>\n\t\t\t\t<\/div>\n\t\t\t\t<\/div>\n\t\t\t\t\t<\/div>\n\t\t\t\t<\/div>\n\t\t\t\t<\/div>","protected":false},"excerpt":{"rendered":"<p>Energ\u00eda Solar MOSER GLASER Barras Duresca\u00ae utilizadas en Plantas de Energ\u00eda Solar\u00a0&#8211;\u00a0Caso de \u00c9xito BENDER Proyecto solar Cauchari, Elintec S.A., Argentina\u00a0&#8211;\u00a0Caso de \u00c9xito TAVRIDA DGA en L\u00ednea para Salvaguardar la Operaci\u00f3n del Transformador durante su Vida \u00datil\u00a0\u00a0Caso de \u00c9xito ST\u00c4UBLI Tecnogroup Ant\u00e1rtida \u00a0Caso de \u00c9xito\u00a0 PVE Trazador de curva IV 1500V y 20A\u00a0&#8211;\u00a0Aplicaci\u00f3n\u00a0<\/p>","protected":false},"author":1,"featured_media":0,"parent":0,"menu_order":0,"comment_status":"closed","ping_status":"closed","template":"","meta":{"_acf_changed":false,"footnotes":""},"class_list":["post-1095","page","type-page","status-publish","hentry"],"acf":[],"yoast_head":"<!-- This site is optimized with the Yoast SEO Premium plugin v24.6 (Yoast SEO v24.6) - https:\/\/yoast.com\/wordpress\/plugins\/seo\/ -->\n<title>Energ\u00eda Solar - Erasmus Chile<\/title>\n<meta name=\"robots\" content=\"index, follow, max-snippet:-1, max-image-preview:large, max-video-preview:-1\" \/>\n<link rel=\"canonical\" href=\"http:\/\/erasmuselectric.com.pe\/energia-solar\/\" \/>\n<meta property=\"og:locale\" content=\"en_US\" \/>\n<meta property=\"og:type\" content=\"article\" \/>\n<meta property=\"og:title\" content=\"Energ\u00eda Solar\" \/>\n<meta property=\"og:description\" content=\"Energ\u00eda Solar MOSER GLASER Barras Duresca\u00ae utilizadas en Plantas de Energ\u00eda Solar\u00a0&#8211;\u00a0Caso de \u00c9xito BENDER Proyecto solar Cauchari, Elintec S.A., Argentina\u00a0&#8211;\u00a0Caso de \u00c9xito TAVRIDA DGA en L\u00ednea para Salvaguardar la Operaci\u00f3n del Transformador durante su Vida \u00datil\u00a0\u00a0Caso de \u00c9xito ST\u00c4UBLI Tecnogroup Ant\u00e1rtida \u00a0Caso de \u00c9xito\u00a0 PVE Trazador de curva IV 1500V y 20A\u00a0&#8211;\u00a0Aplicaci\u00f3n\u00a0\" \/>\n<meta property=\"og:url\" content=\"http:\/\/erasmuselectric.com.pe\/energia-solar\/\" \/>\n<meta property=\"og:site_name\" content=\"Erasmus Chile\" \/>\n<meta property=\"article:modified_time\" content=\"2025-09-23T13:44:42+00:00\" \/>\n<meta name=\"twitter:card\" content=\"summary_large_image\" \/>\n<meta name=\"twitter:label1\" content=\"Est. reading time\" \/>\n\t<meta name=\"twitter:data1\" content=\"1 minute\" \/>\n<script type=\"application\/ld+json\" class=\"yoast-schema-graph\">{\"@context\":\"https:\/\/schema.org\",\"@graph\":[{\"@type\":\"WebPage\",\"@id\":\"http:\/\/erasmuselectric.com.pe\/energia-solar\/\",\"url\":\"http:\/\/erasmuselectric.com.pe\/energia-solar\/\",\"name\":\"Energ\u00eda Solar - Erasmus Chile\",\"isPartOf\":{\"@id\":\"https:\/\/erasmuselectric.com.pe\/#website\"},\"datePublished\":\"2023-04-25T19:55:14+00:00\",\"dateModified\":\"2025-09-23T13:44:42+00:00\",\"breadcrumb\":{\"@id\":\"http:\/\/erasmuselectric.com.pe\/energia-solar\/#breadcrumb\"},\"inLanguage\":\"en-US\",\"potentialAction\":[{\"@type\":\"ReadAction\",\"target\":[\"http:\/\/erasmuselectric.com.pe\/energia-solar\/\"]}]},{\"@type\":\"BreadcrumbList\",\"@id\":\"http:\/\/erasmuselectric.com.pe\/energia-solar\/#breadcrumb\",\"itemListElement\":[{\"@type\":\"ListItem\",\"position\":1,\"name\":\"Home\",\"item\":\"https:\/\/erasmus.com.co\/chile\/\"},{\"@type\":\"ListItem\",\"position\":2,\"name\":\"Energ\u00eda Solar\"}]},{\"@type\":\"WebSite\",\"@id\":\"https:\/\/erasmuselectric.com.pe\/#website\",\"url\":\"https:\/\/erasmuselectric.com.pe\/\",\"name\":\"Erasmus Chile\",\"description\":\"Ofrecemos productos y servicios de excelencia para el Sector Industrial\",\"publisher\":{\"@id\":\"https:\/\/erasmuselectric.com.pe\/#organization\"},\"potentialAction\":[{\"@type\":\"SearchAction\",\"target\":{\"@type\":\"EntryPoint\",\"urlTemplate\":\"https:\/\/erasmuselectric.com.pe\/?s={search_term_string}\"},\"query-input\":{\"@type\":\"PropertyValueSpecification\",\"valueRequired\":true,\"valueName\":\"search_term_string\"}}],\"inLanguage\":\"en-US\"},{\"@type\":\"Organization\",\"@id\":\"https:\/\/erasmuselectric.com.pe\/#organization\",\"name\":\"Erasmus Chile\",\"url\":\"https:\/\/erasmuselectric.com.pe\/\",\"logo\":{\"@type\":\"ImageObject\",\"inLanguage\":\"en-US\",\"@id\":\"https:\/\/erasmuselectric.com.pe\/#\/schema\/logo\/image\/\",\"url\":\"https:\/\/erasmus.com.co\/chile\/wp-content\/uploads\/sites\/23\/2025\/06\/cropped-logo_erasmus_electric_COLOR.png\",\"contentUrl\":\"https:\/\/erasmus.com.co\/chile\/wp-content\/uploads\/sites\/23\/2025\/06\/cropped-logo_erasmus_electric_COLOR.png\",\"width\":373,\"height\":100,\"caption\":\"Erasmus Chile\"},\"image\":{\"@id\":\"https:\/\/erasmuselectric.com.pe\/#\/schema\/logo\/image\/\"}}]}<\/script>\n<!-- \/ Yoast SEO Premium plugin. -->","yoast_head_json":{"title":"Energ\u00eda Solar - Erasmus Chile","robots":{"index":"index","follow":"follow","max-snippet":"max-snippet:-1","max-image-preview":"max-image-preview:large","max-video-preview":"max-video-preview:-1"},"canonical":"http:\/\/erasmuselectric.com.pe\/energia-solar\/","og_locale":"en_US","og_type":"article","og_title":"Energ\u00eda Solar","og_description":"Energ\u00eda Solar MOSER GLASER Barras Duresca\u00ae utilizadas en Plantas de Energ\u00eda Solar\u00a0&#8211;\u00a0Caso de \u00c9xito BENDER Proyecto solar Cauchari, Elintec S.A., Argentina\u00a0&#8211;\u00a0Caso de \u00c9xito TAVRIDA DGA en L\u00ednea para Salvaguardar la Operaci\u00f3n del Transformador durante su Vida \u00datil\u00a0\u00a0Caso de \u00c9xito ST\u00c4UBLI Tecnogroup Ant\u00e1rtida \u00a0Caso de \u00c9xito\u00a0 PVE Trazador de curva IV 1500V y 20A\u00a0&#8211;\u00a0Aplicaci\u00f3n\u00a0","og_url":"http:\/\/erasmuselectric.com.pe\/energia-solar\/","og_site_name":"Erasmus Chile","article_modified_time":"2025-09-23T13:44:42+00:00","twitter_card":"summary_large_image","twitter_misc":{"Est. reading time":"1 minute"},"schema":{"@context":"https:\/\/schema.org","@graph":[{"@type":"WebPage","@id":"http:\/\/erasmuselectric.com.pe\/energia-solar\/","url":"http:\/\/erasmuselectric.com.pe\/energia-solar\/","name":"Energ\u00eda Solar - Erasmus Chile","isPartOf":{"@id":"https:\/\/erasmuselectric.com.pe\/#website"},"datePublished":"2023-04-25T19:55:14+00:00","dateModified":"2025-09-23T13:44:42+00:00","breadcrumb":{"@id":"http:\/\/erasmuselectric.com.pe\/energia-solar\/#breadcrumb"},"inLanguage":"en-US","potentialAction":[{"@type":"ReadAction","target":["http:\/\/erasmuselectric.com.pe\/energia-solar\/"]}]},{"@type":"BreadcrumbList","@id":"http:\/\/erasmuselectric.com.pe\/energia-solar\/#breadcrumb","itemListElement":[{"@type":"ListItem","position":1,"name":"Home","item":"https:\/\/erasmus.com.co\/chile\/"},{"@type":"ListItem","position":2,"name":"Energ\u00eda Solar"}]},{"@type":"WebSite","@id":"https:\/\/erasmuselectric.com.pe\/#website","url":"https:\/\/erasmuselectric.com.pe\/","name":"Erasmus Chile","description":"Ofrecemos productos y servicios de excelencia para el Sector Industrial","publisher":{"@id":"https:\/\/erasmuselectric.com.pe\/#organization"},"potentialAction":[{"@type":"SearchAction","target":{"@type":"EntryPoint","urlTemplate":"https:\/\/erasmuselectric.com.pe\/?s={search_term_string}"},"query-input":{"@type":"PropertyValueSpecification","valueRequired":true,"valueName":"search_term_string"}}],"inLanguage":"en-US"},{"@type":"Organization","@id":"https:\/\/erasmuselectric.com.pe\/#organization","name":"Erasmus Chile","url":"https:\/\/erasmuselectric.com.pe\/","logo":{"@type":"ImageObject","inLanguage":"en-US","@id":"https:\/\/erasmuselectric.com.pe\/#\/schema\/logo\/image\/","url":"https:\/\/erasmus.com.co\/chile\/wp-content\/uploads\/sites\/23\/2025\/06\/cropped-logo_erasmus_electric_COLOR.png","contentUrl":"https:\/\/erasmus.com.co\/chile\/wp-content\/uploads\/sites\/23\/2025\/06\/cropped-logo_erasmus_electric_COLOR.png","width":373,"height":100,"caption":"Erasmus Chile"},"image":{"@id":"https:\/\/erasmuselectric.com.pe\/#\/schema\/logo\/image\/"}}]}},"_links":{"self":[{"href":"https:\/\/erasmus.com.co\/chile\/en\/wp-json\/wp\/v2\/pages\/1095","targetHints":{"allow":["GET"]}}],"collection":[{"href":"https:\/\/erasmus.com.co\/chile\/en\/wp-json\/wp\/v2\/pages"}],"about":[{"href":"https:\/\/erasmus.com.co\/chile\/en\/wp-json\/wp\/v2\/types\/page"}],"author":[{"embeddable":true,"href":"https:\/\/erasmus.com.co\/chile\/en\/wp-json\/wp\/v2\/users\/1"}],"replies":[{"embeddable":true,"href":"https:\/\/erasmus.com.co\/chile\/en\/wp-json\/wp\/v2\/comments?post=1095"}],"version-history":[{"count":19,"href":"https:\/\/erasmus.com.co\/chile\/en\/wp-json\/wp\/v2\/pages\/1095\/revisions"}],"predecessor-version":[{"id":8737,"href":"https:\/\/erasmus.com.co\/chile\/en\/wp-json\/wp\/v2\/pages\/1095\/revisions\/8737"}],"wp:attachment":[{"href":"https:\/\/erasmus.com.co\/chile\/en\/wp-json\/wp\/v2\/media?parent=1095"}],"curies":[{"name":"wp","href":"https:\/\/api.w.org\/{rel}","templated":true}]}}