{"id":125,"date":"2023-03-08T22:28:57","date_gmt":"2023-03-08T22:28:57","guid":{"rendered":"https:\/\/erasmus.com.co\/?page_id=125"},"modified":"2025-09-04T01:53:01","modified_gmt":"2025-09-04T01:53:01","slug":"trabaje-con-nosotros","status":"publish","type":"page","link":"https:\/\/erasmus.com.co\/chile\/en\/trabaje-con-nosotros\/","title":{"rendered":"Work with us"},"content":{"rendered":"<div data-elementor-type=\"wp-page\" data-elementor-id=\"125\" class=\"elementor elementor-125\" data-elementor-post-type=\"page\">\n\t\t\t\t<div class=\"elementor-element elementor-element-dcd2470 e-con-full e-flex e-con e-parent\" data-id=\"dcd2470\" data-element_type=\"container\" data-settings=\"{&quot;background_background&quot;:&quot;classic&quot;}\">\n\t\t\t\t<\/div>\n\t\t<div class=\"elementor-element elementor-element-193d585 e-con-full e-flex e-con e-child\" data-id=\"193d585\" data-element_type=\"container\">\n\t\t<div class=\"elementor-element elementor-element-0598360 e-con-full e-flex e-con e-child\" data-id=\"0598360\" data-element_type=\"container\" data-settings=\"{&quot;background_background&quot;:&quot;classic&quot;}\">\n\t\t<div class=\"elementor-element elementor-element-3262345 e-con-full e-flex e-con e-child\" data-id=\"3262345\" data-element_type=\"container\" data-settings=\"{&quot;background_background&quot;:&quot;classic&quot;}\">\n\t\t\t\t<div class=\"elementor-element elementor-element-fe61c59 elementor-widget elementor-widget-heading\" data-id=\"fe61c59\" data-element_type=\"widget\" data-widget_type=\"heading.default\">\n\t\t\t\t\t\t<div class=\"elementor-widget-container\">\n\t\t\t\t\t<h2 class=\"elementor-heading-title elementor-size-default\">ENV\u00cdANOS TU HV<\/h2>\t\t\t\t<\/div>\n\t\t\t\t<\/div>\n\t\t\t\t<\/div>\n\t\t\t\t<div class=\"elementor-element elementor-element-46a79b1 elementor-button-align-center elementor-widget elementor-widget-form\" data-id=\"46a79b1\" data-element_type=\"widget\" data-settings=\"{&quot;step_next_label&quot;:&quot;Next&quot;,&quot;step_previous_label&quot;:&quot;Previous&quot;,&quot;button_width&quot;:&quot;100&quot;,&quot;step_type&quot;:&quot;number_text&quot;,&quot;step_icon_shape&quot;:&quot;circle&quot;}\" data-widget_type=\"form.default\">\n\t\t\t\t\t\t<div class=\"elementor-widget-container\">\n\t\t\t\t\t\t\t<form class=\"elementor-form\" method=\"post\" name=\"New Form\" aria-label=\"New Form\" action=\"\">\n\t\t\t<input type=\"hidden\" name=\"post_id\" value=\"125\"\/>\n\t\t\t<input type=\"hidden\" name=\"form_id\" value=\"46a79b1\"\/>\n\t\t\t<input type=\"hidden\" name=\"referer_title\" value=\"Trabaje con Nosotros - Erasmus Chile\" \/>\n\n\t\t\t\t\t\t\t<input type=\"hidden\" name=\"queried_id\" value=\"125\"\/>\n\t\t\t\n\t\t\t<div class=\"elementor-form-fields-wrapper elementor-labels-\">\n\t\t\t\t\t\t\t\t<div class=\"elementor-field-type-text elementor-field-group elementor-column elementor-field-group-name elementor-col-100\">\n\t\t\t\t\t\t\t\t\t\t\t\t<label for=\"form-field-name\" class=\"elementor-field-label elementor-screen-only\">\n\t\t\t\t\t\t\t\tNombre y Apellido\t\t\t\t\t\t\t<\/label>\n\t\t\t\t\t\t\t\t\t\t\t\t\t\t<input size=\"1\" type=\"text\" name=\"form_fields[name]\" id=\"form-field-name\" class=\"elementor-field elementor-size-sm  elementor-field-textual\" placeholder=\"Nombre y Apellido\">\n\t\t\t\t\t\t\t\t\t\t\t<\/div>\n\t\t\t\t\t\t\t\t<div class=\"elementor-field-type-email elementor-field-group elementor-column elementor-field-group-email elementor-col-100 elementor-field-required\">\n\t\t\t\t\t\t\t\t\t\t\t\t<label for=\"form-field-email\" class=\"elementor-field-label elementor-screen-only\">\n\t\t\t\t\t\t\t\tEmail\t\t\t\t\t\t\t<\/label>\n\t\t\t\t\t\t\t\t\t\t\t\t\t\t<input size=\"1\" type=\"email\" name=\"form_fields[email]\" id=\"form-field-email\" class=\"elementor-field elementor-size-sm  elementor-field-textual\" placeholder=\"Email\" required=\"required\">\n\t\t\t\t\t\t\t\t\t\t\t<\/div>\n\t\t\t\t\t\t\t\t<div class=\"elementor-field-type-tel elementor-field-group elementor-column elementor-field-group-field_6aa47a2 elementor-col-100 elementor-field-required\">\n\t\t\t\t\t\t\t\t\t\t\t\t<label for=\"form-field-field_6aa47a2\" class=\"elementor-field-label elementor-screen-only\">\n\t\t\t\t\t\t\t\tTelefono\t\t\t\t\t\t\t<\/label>\n\t\t\t\t\t\t\t\t<input size=\"1\" type=\"tel\" name=\"form_fields[field_6aa47a2]\" id=\"form-field-field_6aa47a2\" class=\"elementor-field elementor-size-sm  elementor-field-textual\" placeholder=\"Tel\u00e9fono\" required=\"required\" pattern=\"[0-9()#&amp;+*-=.]+\" title=\"Nur Nummern oder Telefon-Zeichen (#, -, *, etc) werden akzeptiert.\" data-no-translation-title=\"\">\n\n\t\t\t\t\t\t<\/div>\n\t\t\t\t\t\t\t\t<div class=\"elementor-field-type-text elementor-field-group elementor-column elementor-field-group-field_f172b04 elementor-col-100 elementor-field-required\">\n\t\t\t\t\t\t\t\t\t\t\t\t<label for=\"form-field-field_f172b04\" class=\"elementor-field-label elementor-screen-only\">\n\t\t\t\t\t\t\t\tProfesion\t\t\t\t\t\t\t<\/label>\n\t\t\t\t\t\t\t\t\t\t\t\t\t\t<input size=\"1\" type=\"text\" name=\"form_fields[field_f172b04]\" id=\"form-field-field_f172b04\" class=\"elementor-field elementor-size-sm  elementor-field-textual\" placeholder=\"Profesi\u00f3n\" required=\"required\">\n\t\t\t\t\t\t\t\t\t\t\t<\/div>\n\t\t\t\t\t\t\t\t<div class=\"elementor-field-type-textarea elementor-field-group elementor-column elementor-field-group-message elementor-col-100\">\n\t\t\t\t\t\t\t\t\t\t\t\t<label for=\"form-field-message\" class=\"elementor-field-label elementor-screen-only\">\n\t\t\t\t\t\t\t\tMessage\t\t\t\t\t\t\t<\/label>\n\t\t\t\t\t\t<textarea class=\"elementor-field-textual elementor-field  elementor-size-sm\" name=\"form_fields[message]\" id=\"form-field-message\" rows=\"4\" placeholder=\"Cu\u00e9ntanos sobre t\u00ed\"><\/textarea>\t\t\t\t<\/div>\n\t\t\t\t\t\t\t\t<div class=\"elementor-field-type-upload elementor-field-group elementor-column elementor-field-group-field_3071895 elementor-col-100\">\n\t\t\t\t\t\t\t\t\t\t\t\t<label for=\"form-field-field_3071895\" class=\"elementor-field-label elementor-screen-only\">\n\t\t\t\t\t\t\t\tAdjuntar\t\t\t\t\t\t\t<\/label>\n\t\t\t\t\t\t\t\t<input type=\"file\" name=\"form_fields[field_3071895]\" id=\"form-field-field_3071895\" class=\"elementor-field elementor-size-sm  elementor-upload-field\">\n\n\t\t\t\t\t\t<\/div>\n\t\t\t\t\t\t\t\t<div class=\"elementor-field-type-recaptcha_v3 elementor-field-group elementor-column elementor-field-group-field_f23901b elementor-col-100 recaptcha_v3-bottomright\">\n\t\t\t\t\t<div class=\"elementor-field\" id=\"form-field-field_f23901b\"><div class=\"elementor-g-recaptcha\" data-sitekey=\"6Lf2NgwqAAAAAOGwGv8vRGVTH66VsDKB2gpP87G7\" data-type=\"v3\" data-action=\"Form\" data-badge=\"bottomright\" data-size=\"invisible\"><\/div><\/div>\t\t\t\t<\/div>\n\t\t\t\t\t\t\t\t<div class=\"elementor-field-group elementor-column elementor-field-type-submit elementor-col-100 e-form__buttons\">\n\t\t\t\t\t<button class=\"elementor-button elementor-size-sm\" type=\"submit\">\n\t\t\t\t\t\t<span class=\"elementor-button-content-wrapper\">\n\t\t\t\t\t\t\t\t\t\t\t\t\t\t\t\t\t\t\t\t\t\t<span class=\"elementor-button-text\">Enviar Hoja de Vida<\/span>\n\t\t\t\t\t\t\t\t\t\t\t\t\t<\/span>\n\t\t\t\t\t<\/button>\n\t\t\t\t<\/div>\n\t\t\t<\/div>\n\t\t<input type=\"hidden\" name=\"trp-form-language\" value=\"en\"\/><\/form>\n\t\t\t\t\t\t<\/div>\n\t\t\t\t<\/div>\n\t\t\t\t<\/div>\n\t\t<div class=\"elementor-element elementor-element-81065c7 e-con-full e-flex e-con e-child\" data-id=\"81065c7\" data-element_type=\"container\">\n\t\t<div class=\"elementor-element elementor-element-b1a198e e-con-full e-flex e-con e-child\" data-id=\"b1a198e\" data-element_type=\"container\">\n\t\t\t\t<div class=\"elementor-element elementor-element-b038b50 elementor-widget__width-inherit elementor-widget-divider--view-line elementor-invisible elementor-widget elementor-widget-divider\" data-id=\"b038b50\" data-element_type=\"widget\" data-settings=\"{&quot;_animation&quot;:&quot;fadeInLeft&quot;}\" data-widget_type=\"divider.default\">\n\t\t\t\t\t\t<div class=\"elementor-widget-container\">\n\t\t\t\t\t\t\t<div class=\"elementor-divider\">\n\t\t\t<span class=\"elementor-divider-separator\">\n\t\t\t\t\t\t<\/span>\n\t\t<\/div>\n\t\t\t\t\t\t<\/div>\n\t\t\t\t<\/div>\n\t\t\t\t<div class=\"elementor-element elementor-element-ae286d5 elementor-widget elementor-widget-heading\" data-id=\"ae286d5\" data-element_type=\"widget\" data-widget_type=\"heading.default\">\n\t\t\t\t\t\t<div class=\"elementor-widget-container\">\n\t\t\t\t\t<h2 class=\"elementor-heading-title elementor-size-default\">Trabaja con Nosotros<\/h2>\t\t\t\t<\/div>\n\t\t\t\t<\/div>\n\t\t\t\t<div class=\"elementor-element elementor-element-1b78ac0 elementor-widget elementor-widget-text-editor\" data-id=\"1b78ac0\" data-element_type=\"widget\" data-widget_type=\"text-editor.default\">\n\t\t\t\t\t\t<div class=\"elementor-widget-container\">\n\t\t\t\t\t\t\t\t\tEn <strong data-start=\"136\" data-end=\"147\">Erasmus Colombia<\/strong> valoramos el talento, la experiencia y el compromiso de quienes desean aportar al crecimiento de nuestra organizaci\u00f3n.<\/br><\/br>\n\nSi est\u00e1s interesado en hacer parte de nuestro equipo y tienes formaci\u00f3n en el \u00e1rea el\u00e9ctrica o afines, te invitamos a <strong>enviar tu hoja de vida<\/strong> a trav\u00e9s del formulario disponible en esta p\u00e1gina.<\/br><\/br>\n\n\nNuestro objetivo es identificar profesionales que compartan nuestros valores y que est\u00e9n dispuestos a contribuir con su conocimiento y habilidades al logro de nuestras metas.<\/br><\/br>\n\n\ud83d\udc49 <strong>Diligencia el formulario y adjunta tu hoja de vida.<\/strong><\/br><\/br>\n\nEstaremos atentos a revisar tu perfil para futuras oportunidades laborales.<\/br><\/br> <strong>Haz parte de Erasmus y construyamos juntos un camino hacia el crecimiento y la innovaci\u00f3n.<\/strong>\t\t\t\t\t\t\t\t<\/div>\n\t\t\t\t<\/div>\n\t\t\t\t<\/div>\n\t\t\t\t<\/div>\n\t\t\t\t<\/div>\n\t\t\t\t<\/div>","protected":false},"excerpt":{"rendered":"<p>ENV\u00cdANOS TU HV Trabaja con Nosotros En Erasmus Colombia valoramos el talento, la experiencia y el compromiso de quienes desean aportar al crecimiento de nuestra organizaci\u00f3n. Si est\u00e1s interesado en hacer parte de nuestro equipo y tienes formaci\u00f3n en el \u00e1rea el\u00e9ctrica o afines, te invitamos a enviar tu hoja de vida a trav\u00e9s del [&hellip;]<\/p>","protected":false},"author":1,"featured_media":0,"parent":0,"menu_order":0,"comment_status":"closed","ping_status":"closed","template":"","meta":{"_acf_changed":false,"footnotes":""},"class_list":["post-125","page","type-page","status-publish","hentry"],"acf":[],"yoast_head":"<!-- This site is optimized with the Yoast SEO Premium plugin v24.6 (Yoast SEO v24.6) - https:\/\/yoast.com\/wordpress\/plugins\/seo\/ -->\n<title>Trabaje con Nosotros - Erasmus Chile<\/title>\n<meta name=\"robots\" content=\"index, follow, max-snippet:-1, max-image-preview:large, max-video-preview:-1\" \/>\n<link rel=\"canonical\" href=\"https:\/\/erasmuselectric.com.pe\/trabaje-con-nosotros\/\" \/>\n<meta property=\"og:locale\" content=\"en_US\" \/>\n<meta property=\"og:type\" content=\"article\" \/>\n<meta property=\"og:title\" content=\"Trabaje con Nosotros\" \/>\n<meta property=\"og:description\" content=\"ENV\u00cdANOS TU HV Trabaja con Nosotros En Erasmus Colombia valoramos el talento, la experiencia y el compromiso de quienes desean aportar al crecimiento de nuestra organizaci\u00f3n. Si est\u00e1s interesado en hacer parte de nuestro equipo y tienes formaci\u00f3n en el \u00e1rea el\u00e9ctrica o afines, te invitamos a enviar tu hoja de vida a trav\u00e9s del [&hellip;]\" \/>\n<meta property=\"og:url\" content=\"https:\/\/erasmuselectric.com.pe\/trabaje-con-nosotros\/\" \/>\n<meta property=\"og:site_name\" content=\"Erasmus Chile\" \/>\n<meta property=\"article:modified_time\" content=\"2025-09-04T01:53:01+00:00\" \/>\n<meta name=\"twitter:card\" content=\"summary_large_image\" \/>\n<meta name=\"twitter:label1\" content=\"Est. reading time\" \/>\n\t<meta name=\"twitter:data1\" content=\"1 minute\" \/>\n<script type=\"application\/ld+json\" class=\"yoast-schema-graph\">{\"@context\":\"https:\/\/schema.org\",\"@graph\":[{\"@type\":\"WebPage\",\"@id\":\"https:\/\/erasmuselectric.com.pe\/trabaje-con-nosotros\/\",\"url\":\"https:\/\/erasmuselectric.com.pe\/trabaje-con-nosotros\/\",\"name\":\"Trabaje con Nosotros - Erasmus Chile\",\"isPartOf\":{\"@id\":\"https:\/\/erasmuselectric.com.pe\/#website\"},\"datePublished\":\"2023-03-08T22:28:57+00:00\",\"dateModified\":\"2025-09-04T01:53:01+00:00\",\"breadcrumb\":{\"@id\":\"https:\/\/erasmuselectric.com.pe\/trabaje-con-nosotros\/#breadcrumb\"},\"inLanguage\":\"en-US\",\"potentialAction\":[{\"@type\":\"ReadAction\",\"target\":[\"https:\/\/erasmuselectric.com.pe\/trabaje-con-nosotros\/\"]}]},{\"@type\":\"BreadcrumbList\",\"@id\":\"https:\/\/erasmuselectric.com.pe\/trabaje-con-nosotros\/#breadcrumb\",\"itemListElement\":[{\"@type\":\"ListItem\",\"position\":1,\"name\":\"Home\",\"item\":\"https:\/\/erasmus.com.co\/chile\/\"},{\"@type\":\"ListItem\",\"position\":2,\"name\":\"Trabaje con Nosotros\"}]},{\"@type\":\"WebSite\",\"@id\":\"https:\/\/erasmuselectric.com.pe\/#website\",\"url\":\"https:\/\/erasmuselectric.com.pe\/\",\"name\":\"Erasmus Chile\",\"description\":\"Ofrecemos productos y servicios de excelencia para el Sector Industrial\",\"publisher\":{\"@id\":\"https:\/\/erasmuselectric.com.pe\/#organization\"},\"potentialAction\":[{\"@type\":\"SearchAction\",\"target\":{\"@type\":\"EntryPoint\",\"urlTemplate\":\"https:\/\/erasmuselectric.com.pe\/?s={search_term_string}\"},\"query-input\":{\"@type\":\"PropertyValueSpecification\",\"valueRequired\":true,\"valueName\":\"search_term_string\"}}],\"inLanguage\":\"en-US\"},{\"@type\":\"Organization\",\"@id\":\"https:\/\/erasmuselectric.com.pe\/#organization\",\"name\":\"Erasmus Chile\",\"url\":\"https:\/\/erasmuselectric.com.pe\/\",\"logo\":{\"@type\":\"ImageObject\",\"inLanguage\":\"en-US\",\"@id\":\"https:\/\/erasmuselectric.com.pe\/#\/schema\/logo\/image\/\",\"url\":\"https:\/\/erasmus.com.co\/chile\/wp-content\/uploads\/sites\/23\/2025\/06\/cropped-logo_erasmus_electric_COLOR.png\",\"contentUrl\":\"https:\/\/erasmus.com.co\/chile\/wp-content\/uploads\/sites\/23\/2025\/06\/cropped-logo_erasmus_electric_COLOR.png\",\"width\":373,\"height\":100,\"caption\":\"Erasmus Chile\"},\"image\":{\"@id\":\"https:\/\/erasmuselectric.com.pe\/#\/schema\/logo\/image\/\"}}]}<\/script>\n<!-- \/ Yoast SEO Premium plugin. -->","yoast_head_json":{"title":"Trabaje con Nosotros - Erasmus Chile","robots":{"index":"index","follow":"follow","max-snippet":"max-snippet:-1","max-image-preview":"max-image-preview:large","max-video-preview":"max-video-preview:-1"},"canonical":"https:\/\/erasmuselectric.com.pe\/trabaje-con-nosotros\/","og_locale":"en_US","og_type":"article","og_title":"Trabaje con Nosotros","og_description":"ENV\u00cdANOS TU HV Trabaja con Nosotros En Erasmus Colombia valoramos el talento, la experiencia y el compromiso de quienes desean aportar al crecimiento de nuestra organizaci\u00f3n. Si est\u00e1s interesado en hacer parte de nuestro equipo y tienes formaci\u00f3n en el \u00e1rea el\u00e9ctrica o afines, te invitamos a enviar tu hoja de vida a trav\u00e9s del [&hellip;]","og_url":"https:\/\/erasmuselectric.com.pe\/trabaje-con-nosotros\/","og_site_name":"Erasmus Chile","article_modified_time":"2025-09-04T01:53:01+00:00","twitter_card":"summary_large_image","twitter_misc":{"Est. reading time":"1 minute"},"schema":{"@context":"https:\/\/schema.org","@graph":[{"@type":"WebPage","@id":"https:\/\/erasmuselectric.com.pe\/trabaje-con-nosotros\/","url":"https:\/\/erasmuselectric.com.pe\/trabaje-con-nosotros\/","name":"Trabaje con Nosotros - Erasmus Chile","isPartOf":{"@id":"https:\/\/erasmuselectric.com.pe\/#website"},"datePublished":"2023-03-08T22:28:57+00:00","dateModified":"2025-09-04T01:53:01+00:00","breadcrumb":{"@id":"https:\/\/erasmuselectric.com.pe\/trabaje-con-nosotros\/#breadcrumb"},"inLanguage":"en-US","potentialAction":[{"@type":"ReadAction","target":["https:\/\/erasmuselectric.com.pe\/trabaje-con-nosotros\/"]}]},{"@type":"BreadcrumbList","@id":"https:\/\/erasmuselectric.com.pe\/trabaje-con-nosotros\/#breadcrumb","itemListElement":[{"@type":"ListItem","position":1,"name":"Home","item":"https:\/\/erasmus.com.co\/chile\/"},{"@type":"ListItem","position":2,"name":"Trabaje con Nosotros"}]},{"@type":"WebSite","@id":"https:\/\/erasmuselectric.com.pe\/#website","url":"https:\/\/erasmuselectric.com.pe\/","name":"Erasmus Chile","description":"Ofrecemos productos y servicios de excelencia para el Sector Industrial","publisher":{"@id":"https:\/\/erasmuselectric.com.pe\/#organization"},"potentialAction":[{"@type":"SearchAction","target":{"@type":"EntryPoint","urlTemplate":"https:\/\/erasmuselectric.com.pe\/?s={search_term_string}"},"query-input":{"@type":"PropertyValueSpecification","valueRequired":true,"valueName":"search_term_string"}}],"inLanguage":"en-US"},{"@type":"Organization","@id":"https:\/\/erasmuselectric.com.pe\/#organization","name":"Erasmus Chile","url":"https:\/\/erasmuselectric.com.pe\/","logo":{"@type":"ImageObject","inLanguage":"en-US","@id":"https:\/\/erasmuselectric.com.pe\/#\/schema\/logo\/image\/","url":"https:\/\/erasmus.com.co\/chile\/wp-content\/uploads\/sites\/23\/2025\/06\/cropped-logo_erasmus_electric_COLOR.png","contentUrl":"https:\/\/erasmus.com.co\/chile\/wp-content\/uploads\/sites\/23\/2025\/06\/cropped-logo_erasmus_electric_COLOR.png","width":373,"height":100,"caption":"Erasmus Chile"},"image":{"@id":"https:\/\/erasmuselectric.com.pe\/#\/schema\/logo\/image\/"}}]}},"_links":{"self":[{"href":"https:\/\/erasmus.com.co\/chile\/en\/wp-json\/wp\/v2\/pages\/125","targetHints":{"allow":["GET"]}}],"collection":[{"href":"https:\/\/erasmus.com.co\/chile\/en\/wp-json\/wp\/v2\/pages"}],"about":[{"href":"https:\/\/erasmus.com.co\/chile\/en\/wp-json\/wp\/v2\/types\/page"}],"author":[{"embeddable":true,"href":"https:\/\/erasmus.com.co\/chile\/en\/wp-json\/wp\/v2\/users\/1"}],"replies":[{"embeddable":true,"href":"https:\/\/erasmus.com.co\/chile\/en\/wp-json\/wp\/v2\/comments?post=125"}],"version-history":[{"count":16,"href":"https:\/\/erasmus.com.co\/chile\/en\/wp-json\/wp\/v2\/pages\/125\/revisions"}],"predecessor-version":[{"id":8703,"href":"https:\/\/erasmus.com.co\/chile\/en\/wp-json\/wp\/v2\/pages\/125\/revisions\/8703"}],"wp:attachment":[{"href":"https:\/\/erasmus.com.co\/chile\/en\/wp-json\/wp\/v2\/media?parent=125"}],"curies":[{"name":"wp","href":"https:\/\/api.w.org\/{rel}","templated":true}]}}