{"id":1093,"date":"2023-04-25T19:54:57","date_gmt":"2023-04-25T19:54:57","guid":{"rendered":"https:\/\/erasmus.com.co\/?page_id=1093"},"modified":"2025-07-09T22:56:10","modified_gmt":"2025-07-09T22:56:10","slug":"distribucion","status":"publish","type":"page","link":"https:\/\/erasmus.com.co\/erasmuscaribe\/de\/distribucion\/","title":{"rendered":"Vertrieb"},"content":{"rendered":"<div data-elementor-type=\"wp-page\" data-elementor-id=\"1093\" class=\"elementor elementor-1093\" data-elementor-post-type=\"page\">\n\t\t\t\t<div class=\"elementor-element elementor-element-53468c33 e-flex e-con-boxed e-con e-parent\" data-id=\"53468c33\" data-element_type=\"container\">\n\t\t\t\t\t<div class=\"e-con-inner\">\n\t\t<div class=\"elementor-element elementor-element-f63c4b3 e-con-full e-flex e-con e-child\" data-id=\"f63c4b3\" data-element_type=\"container\" data-settings=\"{&quot;background_background&quot;:&quot;classic&quot;}\">\n\t\t\t\t<div class=\"elementor-element elementor-element-317a5c0d elementor-widget elementor-widget-heading\" data-id=\"317a5c0d\" data-element_type=\"widget\" data-widget_type=\"heading.default\">\n\t\t\t\t\t\t<div class=\"elementor-widget-container\">\n\t\t\t\t\t<h2 class=\"elementor-heading-title elementor-size-default\"><font color=\"#217023\">STROMSEKTOR <\/font> \/ Generation<\/h2>\t\t\t\t<\/div>\n\t\t\t\t<\/div>\n\t\t\t\t<\/div>\n\t\t\t\t\t<\/div>\n\t\t\t\t<\/div>\n\t\t<div class=\"elementor-element elementor-element-77ab1232 e-con-full e-flex e-con e-parent\" data-id=\"77ab1232\" data-element_type=\"container\" data-settings=\"{&quot;background_background&quot;:&quot;classic&quot;}\">\n\t\t\t\t<\/div>\n\t\t<div class=\"elementor-element elementor-element-4d0c4c8e e-flex e-con-boxed e-con e-parent\" data-id=\"4d0c4c8e\" data-element_type=\"container\">\n\t\t\t\t\t<div class=\"e-con-inner\">\n\t\t\t\t<div class=\"elementor-element elementor-element-1a91f9cb elementor-widget elementor-widget-text-editor\" data-id=\"1a91f9cb\" data-element_type=\"widget\" data-widget_type=\"text-editor.default\">\n\t\t\t\t\t\t<div class=\"elementor-widget-container\">\n\t\t\t\t\t\t\t\t\t<p>Eine breite Palette von L\u00f6sungen zur Optimierung von Leistung, Sicherheit und Effizienz in den verschiedenen Segmenten der Energiewirtschaft. Von Schutz- und Kontrollsystemen bis hin zu Mess-, Analyse- und Wartungsger\u00e4ten - in diesem Bereich finden Sie innovative, hochwertige Produkte, die den spezifischen Anforderungen der Stromerzeugung, -\u00fcbertragung, -verteilung und des Stromverbrauchs entsprechen. Unser Angebot richtet sich an Fachleute und Unternehmen, die auf der Suche nach zuverl\u00e4ssigen Werkzeugen sind, um die technischen Herausforderungen des Sektors zu meistern.<\/p>\t\t\t\t\t\t\t\t<\/div>\n\t\t\t\t<\/div>\n\t\t\t\t\t<\/div>\n\t\t\t\t<\/div>\n\t\t<div class=\"elementor-element elementor-element-1134da12 e-flex e-con-boxed e-con e-parent\" data-id=\"1134da12\" data-element_type=\"container\" data-settings=\"{&quot;background_background&quot;:&quot;classic&quot;}\">\n\t\t\t\t\t<div class=\"e-con-inner\">\n\t\t\t\t<div class=\"elementor-element elementor-element-313220cb elementor-widget-divider--view-line elementor-widget elementor-widget-divider\" data-id=\"313220cb\" data-element_type=\"widget\" data-widget_type=\"divider.default\">\n\t\t\t\t\t\t<div class=\"elementor-widget-container\">\n\t\t\t\t\t\t\t<div class=\"elementor-divider\">\n\t\t\t<span class=\"elementor-divider-separator\">\n\t\t\t\t\t\t<\/span>\n\t\t<\/div>\n\t\t\t\t\t\t<\/div>\n\t\t\t\t<\/div>\n\t\t\t\t<div class=\"elementor-element elementor-element-4acdae03 elementor-widget elementor-widget-heading\" data-id=\"4acdae03\" data-element_type=\"widget\" data-widget_type=\"heading.default\">\n\t\t\t\t\t\t<div class=\"elementor-widget-container\">\n\t\t\t\t\t<h2 class=\"elementor-heading-title elementor-size-default\">BENDER - Red El\u00e9ctrica Iberdrola, Spanien<\/h2>\t\t\t\t<\/div>\n\t\t\t\t<\/div>\n\t\t\t\t\t<\/div>\n\t\t\t\t<\/div>\n\t\t<div class=\"elementor-element elementor-element-32b9fc88 e-flex e-con-boxed e-con e-parent\" data-id=\"32b9fc88\" data-element_type=\"container\" data-settings=\"{&quot;background_background&quot;:&quot;classic&quot;}\">\n\t\t\t\t\t<div class=\"e-con-inner\">\n\t\t<div class=\"elementor-element elementor-element-6b57258 e-con-full e-flex e-con e-child\" data-id=\"6b57258\" data-element_type=\"container\" data-settings=\"{&quot;background_background&quot;:&quot;classic&quot;}\">\n\t\t\t\t<\/div>\n\t\t<div class=\"elementor-element elementor-element-11441400 e-con-full e-flex e-con e-child\" data-id=\"11441400\" data-element_type=\"container\">\n\t\t\t\t<div class=\"elementor-element elementor-element-50bb8fba elementor-widget elementor-widget-text-editor\" data-id=\"50bb8fba\" data-element_type=\"widget\" data-widget_type=\"text-editor.default\">\n\t\t\t\t\t\t<div class=\"elementor-widget-container\">\n\t\t\t\t\t\t\t\t\t<p>Erfolgsgeschichte in Umspannwerken von Iberdrola und Red El\u00e9ctrica de Espa\u00f1a mit Spannungs- und Isolations\u00fcberwachung. Bender Iberia hat Ger\u00e4te wie VME420, VMD420 und isoUG425 implementiert und damit die Zuverl\u00e4ssigkeit, Fehlererkennung und Effizienz in Stromerzeugungs- und -verteilungsanlagen verbessert.<\/p>\t\t\t\t\t\t\t\t<\/div>\n\t\t\t\t<\/div>\n\t\t\t\t<div class=\"elementor-element elementor-element-5501b75 elementor-align-right elementor-widget elementor-widget-button\" data-id=\"5501b75\" data-element_type=\"widget\" data-widget_type=\"button.default\">\n\t\t\t\t\t\t<div class=\"elementor-widget-container\">\n\t\t\t\t\t\t\t\t\t<div class=\"elementor-button-wrapper\">\n\t\t\t\t\t<a class=\"elementor-button elementor-button-link elementor-size-sm\" href=\"https:\/\/erasmus.com.co\/ecuador\/wp-content\/uploads\/2025\/06\/Caso-de-Exito-Red-Electrica-Iberdrola-Spain-EN.pdf\" target=\"_blank\">\n\t\t\t\t\t\t<span class=\"elementor-button-content-wrapper\">\n\t\t\t\t\t\t\t\t\t<span class=\"elementor-button-text\">MEHR SEHEN<\/span>\n\t\t\t\t\t<\/span>\n\t\t\t\t\t<\/a>\n\t\t\t\t<\/div>\n\t\t\t\t\t\t\t\t<\/div>\n\t\t\t\t<\/div>\n\t\t\t\t<\/div>\n\t\t\t\t\t<\/div>\n\t\t\t\t<\/div>\n\t\t<div class=\"elementor-element elementor-element-e6a97ea e-flex e-con-boxed e-con e-parent\" data-id=\"e6a97ea\" data-element_type=\"container\" data-settings=\"{&quot;background_background&quot;:&quot;classic&quot;}\">\n\t\t\t\t\t<div class=\"e-con-inner\">\n\t\t<div class=\"elementor-element elementor-element-687213a4 e-con-full e-flex e-con e-child\" data-id=\"687213a4\" data-element_type=\"container\" data-settings=\"{&quot;background_background&quot;:&quot;classic&quot;}\">\n\t\t\t\t<div class=\"elementor-element elementor-element-6e259698 elementor-widget-divider--view-line elementor-widget elementor-widget-divider\" data-id=\"6e259698\" data-element_type=\"widget\" data-widget_type=\"divider.default\">\n\t\t\t\t\t\t<div class=\"elementor-widget-container\">\n\t\t\t\t\t\t\t<div class=\"elementor-divider\">\n\t\t\t<span class=\"elementor-divider-separator\">\n\t\t\t\t\t\t<\/span>\n\t\t<\/div>\n\t\t\t\t\t\t<\/div>\n\t\t\t\t<\/div>\n\t\t\t\t<div class=\"elementor-element elementor-element-52bee1f7 elementor-widget elementor-widget-heading\" data-id=\"52bee1f7\" data-element_type=\"widget\" data-widget_type=\"heading.default\">\n\t\t\t\t\t\t<div class=\"elementor-widget-container\">\n\t\t\t\t\t<h2 class=\"elementor-heading-title elementor-size-default\">VAISALA - DGA Online zur Sicherung des Betriebs von Transformatoren w\u00e4hrend ihrer Lebenszeit\n<\/h2>\t\t\t\t<\/div>\n\t\t\t\t<\/div>\n\t\t\t\t<\/div>\n\t\t\t\t\t<\/div>\n\t\t\t\t<\/div>\n\t\t<div class=\"elementor-element elementor-element-2d1ee525 e-flex e-con-boxed e-con e-parent\" data-id=\"2d1ee525\" data-element_type=\"container\" data-settings=\"{&quot;background_background&quot;:&quot;classic&quot;}\">\n\t\t\t\t\t<div class=\"e-con-inner\">\n\t\t<div class=\"elementor-element elementor-element-3ecb4593 e-con-full e-flex e-con e-child\" data-id=\"3ecb4593\" data-element_type=\"container\" data-settings=\"{&quot;background_background&quot;:&quot;classic&quot;}\">\n\t\t<div class=\"elementor-element elementor-element-1a631565 e-con-full e-flex e-con e-child\" data-id=\"1a631565\" data-element_type=\"container\" data-settings=\"{&quot;background_background&quot;:&quot;classic&quot;}\">\n\t\t\t\t<\/div>\n\t\t<div class=\"elementor-element elementor-element-434dfa44 e-con-full e-flex e-con e-child\" data-id=\"434dfa44\" data-element_type=\"container\">\n\t\t\t\t<div class=\"elementor-element elementor-element-743985cd elementor-widget elementor-widget-text-editor\" data-id=\"743985cd\" data-element_type=\"widget\" data-widget_type=\"text-editor.default\">\n\t\t\t\t\t\t<div class=\"elementor-widget-container\">\n\t\t\t\t\t\t\t\t\t<p>Erfolgsgeschichte bei der Transformator\u00fcberwachung mit der Online-DGA-Technologie von Vaisala. Die L\u00f6sung erm\u00f6glichte es, thermische Fehler in Echtzeit zu erkennen, kritische Ausf\u00e4lle zu verhindern und die Lebensdauer eines in Betrieb befindlichen 100-MVA-Transformators zu verl\u00e4ngern, der f\u00fcr die Stromerzeugung und -\u00fcbertragung von zentraler Bedeutung ist.<\/p>\t\t\t\t\t\t\t\t<\/div>\n\t\t\t\t<\/div>\n\t\t\t\t<div class=\"elementor-element elementor-element-d155c28 elementor-align-right elementor-mobile-align-center elementor-widget elementor-widget-button\" data-id=\"d155c28\" data-element_type=\"widget\" data-widget_type=\"button.default\">\n\t\t\t\t\t\t<div class=\"elementor-widget-container\">\n\t\t\t\t\t\t\t\t\t<div class=\"elementor-button-wrapper\">\n\t\t\t\t\t<a class=\"elementor-button elementor-button-link elementor-size-sm\" href=\"https:\/\/erasmus.com.co\/ecuador\/wp-content\/uploads\/2025\/06\/Caso-de-Exito-Vaisala-DGA-en-Linea-para-Salvaguardar-la-Operacion-del-Transformador-durante-su-Vida-Util.pdf\" target=\"_blank\">\n\t\t\t\t\t\t<span class=\"elementor-button-content-wrapper\">\n\t\t\t\t\t\t\t\t\t<span class=\"elementor-button-text\">MEHR SEHEN<\/span>\n\t\t\t\t\t<\/span>\n\t\t\t\t\t<\/a>\n\t\t\t\t<\/div>\n\t\t\t\t\t\t\t\t<\/div>\n\t\t\t\t<\/div>\n\t\t\t\t<\/div>\n\t\t\t\t<\/div>\n\t\t\t\t\t<\/div>\n\t\t\t\t<\/div>\n\t\t<div class=\"elementor-element elementor-element-50daac0f e-flex e-con-boxed e-con e-parent\" data-id=\"50daac0f\" data-element_type=\"container\" data-settings=\"{&quot;background_background&quot;:&quot;classic&quot;}\">\n\t\t\t\t\t<div class=\"e-con-inner\">\n\t\t\t\t<div class=\"elementor-element elementor-element-627dfc9a elementor-widget elementor-widget-heading\" data-id=\"627dfc9a\" data-element_type=\"widget\" data-widget_type=\"heading.default\">\n\t\t\t\t\t\t<div class=\"elementor-widget-container\">\n\t\t\t\t\t<h2 class=\"elementor-heading-title elementor-size-default\">VERBUNDENE MARKEN<\/h2>\t\t\t\t<\/div>\n\t\t\t\t<\/div>\n\t\t\t\t\t<\/div>\n\t\t\t\t<\/div>\n\t\t<div class=\"elementor-element elementor-element-3ecb73f4 e-grid e-con-boxed e-con e-parent\" data-id=\"3ecb73f4\" data-element_type=\"container\" data-settings=\"{&quot;background_background&quot;:&quot;classic&quot;}\">\n\t\t\t\t\t<div class=\"e-con-inner\">\n\t\t\t\t<div class=\"elementor-element elementor-element-4a6e75d elementor-widget elementor-widget-image\" data-id=\"4a6e75d\" data-element_type=\"widget\" data-widget_type=\"image.default\">\n\t\t\t\t\t\t<div class=\"elementor-widget-container\">\n\t\t\t\t\t\t\t\t\t\t\t\t\t\t\t<img fetchpriority=\"high\" decoding=\"async\" width=\"584\" height=\"381\" src=\"https:\/\/erasmus.com.co\/erasmuscaribe\/wp-content\/uploads\/sites\/20\/2025\/04\/VAISALA.jpg\" class=\"attachment-large size-large wp-image-7274\" alt=\"\" srcset=\"https:\/\/erasmus.com.co\/erasmuscaribe\/wp-content\/uploads\/sites\/20\/2025\/04\/VAISALA.jpg 584w, https:\/\/erasmus.com.co\/erasmuscaribe\/wp-content\/uploads\/sites\/20\/2025\/04\/VAISALA-300x196.jpg 300w\" sizes=\"(max-width: 584px) 100vw, 584px\" \/>\t\t\t\t\t\t\t\t\t\t\t\t\t\t\t<\/div>\n\t\t\t\t<\/div>\n\t\t\t\t<div class=\"elementor-element elementor-element-e5914aa elementor-widget elementor-widget-image\" data-id=\"e5914aa\" data-element_type=\"widget\" data-widget_type=\"image.default\">\n\t\t\t\t\t\t<div class=\"elementor-widget-container\">\n\t\t\t\t\t\t\t\t\t\t\t\t\t\t\t<img decoding=\"async\" width=\"584\" height=\"381\" src=\"https:\/\/erasmus.com.co\/erasmuscaribe\/wp-content\/uploads\/sites\/20\/2023\/04\/BENDER.jpg\" class=\"attachment-large size-large wp-image-649\" alt=\"\" srcset=\"https:\/\/erasmus.com.co\/erasmuscaribe\/wp-content\/uploads\/sites\/20\/2023\/04\/BENDER.jpg 584w, https:\/\/erasmus.com.co\/erasmuscaribe\/wp-content\/uploads\/sites\/20\/2023\/04\/BENDER-300x196.jpg 300w\" sizes=\"(max-width: 584px) 100vw, 584px\" \/>\t\t\t\t\t\t\t\t\t\t\t\t\t\t\t<\/div>\n\t\t\t\t<\/div>\n\t\t\t\t\t<\/div>\n\t\t\t\t<\/div>\n\t\t\t\t<\/div>","protected":false},"excerpt":{"rendered":"<p>SECTOR EL\u00c9CTRICO \/ Generaci\u00f3n Una amplia gama de soluciones dise\u00f1adas para optimizar el rendimiento, la seguridad y la eficiencia en los distintos segmentos de la industria el\u00e9ctrica. Desde sistemas de protecci\u00f3n y control hasta equipos de medici\u00f3n, an\u00e1lisis y mantenimiento, esta secci\u00f3n re\u00fane productos innovadores y de alta calidad que responden a las necesidades espec\u00edficas [&hellip;]<\/p>","protected":false},"author":1,"featured_media":0,"parent":0,"menu_order":0,"comment_status":"closed","ping_status":"closed","template":"","meta":{"_acf_changed":false,"footnotes":""},"class_list":["post-1093","page","type-page","status-publish","hentry"],"acf":[],"yoast_head":"<!-- This site is optimized with the Yoast SEO Premium plugin v24.6 (Yoast SEO v24.6) - https:\/\/yoast.com\/wordpress\/plugins\/seo\/ -->\n<title>Distribuci\u00f3n - Erasmus Caribe<\/title>\n<meta name=\"robots\" content=\"index, follow, max-snippet:-1, max-image-preview:large, max-video-preview:-1\" \/>\n<link rel=\"canonical\" href=\"http:\/\/erasmuscaribe.com\/distribucion\/\" \/>\n<meta property=\"og:locale\" content=\"de_DE\" \/>\n<meta property=\"og:type\" content=\"article\" \/>\n<meta property=\"og:title\" content=\"Distribuci\u00f3n\" \/>\n<meta property=\"og:description\" content=\"SECTOR EL\u00c9CTRICO \/ Generaci\u00f3n Una amplia gama de soluciones dise\u00f1adas para optimizar el rendimiento, la seguridad y la eficiencia en los distintos segmentos de la industria el\u00e9ctrica. Desde sistemas de protecci\u00f3n y control hasta equipos de medici\u00f3n, an\u00e1lisis y mantenimiento, esta secci\u00f3n re\u00fane productos innovadores y de alta calidad que responden a las necesidades espec\u00edficas [&hellip;]\" \/>\n<meta property=\"og:url\" content=\"http:\/\/erasmuscaribe.com\/distribucion\/\" \/>\n<meta property=\"og:site_name\" content=\"Erasmus Caribe\" \/>\n<meta property=\"article:modified_time\" content=\"2025-07-09T22:56:10+00:00\" \/>\n<meta property=\"og:image\" content=\"https:\/\/erasmus.com.co\/erasmuscaribe\/wp-content\/uploads\/sites\/20\/2025\/04\/VAISALA.jpg\" \/>\n<meta name=\"twitter:card\" content=\"summary_large_image\" \/>\n<meta name=\"twitter:label1\" content=\"Gesch\u00e4tzte Lesezeit\" \/>\n\t<meta name=\"twitter:data1\" content=\"2\u00a0Minuten\" \/>\n<script type=\"application\/ld+json\" class=\"yoast-schema-graph\">{\"@context\":\"https:\/\/schema.org\",\"@graph\":[{\"@type\":\"WebPage\",\"@id\":\"http:\/\/erasmuscaribe.com\/distribucion\/\",\"url\":\"http:\/\/erasmuscaribe.com\/distribucion\/\",\"name\":\"Distribuci\u00f3n - Erasmus Caribe\",\"isPartOf\":{\"@id\":\"https:\/\/erasmuscaribe.com\/#website\"},\"primaryImageOfPage\":{\"@id\":\"http:\/\/erasmuscaribe.com\/distribucion\/#primaryimage\"},\"image\":{\"@id\":\"http:\/\/erasmuscaribe.com\/distribucion\/#primaryimage\"},\"thumbnailUrl\":\"https:\/\/erasmus.com.co\/erasmuscaribe\/wp-content\/uploads\/sites\/20\/2025\/04\/VAISALA.jpg\",\"datePublished\":\"2023-04-25T19:54:57+00:00\",\"dateModified\":\"2025-07-09T22:56:10+00:00\",\"breadcrumb\":{\"@id\":\"http:\/\/erasmuscaribe.com\/distribucion\/#breadcrumb\"},\"inLanguage\":\"de\",\"potentialAction\":[{\"@type\":\"ReadAction\",\"target\":[\"http:\/\/erasmuscaribe.com\/distribucion\/\"]}]},{\"@type\":\"ImageObject\",\"inLanguage\":\"de\",\"@id\":\"http:\/\/erasmuscaribe.com\/distribucion\/#primaryimage\",\"url\":\"https:\/\/erasmus.com.co\/erasmuscaribe\/wp-content\/uploads\/sites\/20\/2025\/04\/VAISALA.jpg\",\"contentUrl\":\"https:\/\/erasmus.com.co\/erasmuscaribe\/wp-content\/uploads\/sites\/20\/2025\/04\/VAISALA.jpg\"},{\"@type\":\"BreadcrumbList\",\"@id\":\"http:\/\/erasmuscaribe.com\/distribucion\/#breadcrumb\",\"itemListElement\":[{\"@type\":\"ListItem\",\"position\":1,\"name\":\"Home\",\"item\":\"https:\/\/erasmus.com.co\/erasmuscaribe\/\"},{\"@type\":\"ListItem\",\"position\":2,\"name\":\"Distribuci\u00f3n\"}]},{\"@type\":\"WebSite\",\"@id\":\"https:\/\/erasmuscaribe.com\/#website\",\"url\":\"https:\/\/erasmuscaribe.com\/\",\"name\":\"Erasmus Caribe\",\"description\":\"Ofrecemos productos y servicios de excelencia para el Sector Industrial\",\"publisher\":{\"@id\":\"https:\/\/erasmuscaribe.com\/#organization\"},\"potentialAction\":[{\"@type\":\"SearchAction\",\"target\":{\"@type\":\"EntryPoint\",\"urlTemplate\":\"https:\/\/erasmuscaribe.com\/?s={search_term_string}\"},\"query-input\":{\"@type\":\"PropertyValueSpecification\",\"valueRequired\":true,\"valueName\":\"search_term_string\"}}],\"inLanguage\":\"de\"},{\"@type\":\"Organization\",\"@id\":\"https:\/\/erasmuscaribe.com\/#organization\",\"name\":\"Erasmus Caribe\",\"url\":\"https:\/\/erasmuscaribe.com\/\",\"logo\":{\"@type\":\"ImageObject\",\"inLanguage\":\"de\",\"@id\":\"https:\/\/erasmuscaribe.com\/#\/schema\/logo\/image\/\",\"url\":\"https:\/\/erasmus.com.co\/erasmuscaribe\/wp-content\/uploads\/sites\/20\/2025\/06\/cropped-logo_erasmus_electric_COLOR.png\",\"contentUrl\":\"https:\/\/erasmus.com.co\/erasmuscaribe\/wp-content\/uploads\/sites\/20\/2025\/06\/cropped-logo_erasmus_electric_COLOR.png\",\"width\":373,\"height\":100,\"caption\":\"Erasmus Caribe\"},\"image\":{\"@id\":\"https:\/\/erasmuscaribe.com\/#\/schema\/logo\/image\/\"}}]}<\/script>\n<!-- \/ Yoast SEO Premium plugin. -->","yoast_head_json":{"title":"Distribuci\u00f3n - Erasmus Caribe","robots":{"index":"index","follow":"follow","max-snippet":"max-snippet:-1","max-image-preview":"max-image-preview:large","max-video-preview":"max-video-preview:-1"},"canonical":"http:\/\/erasmuscaribe.com\/distribucion\/","og_locale":"de_DE","og_type":"article","og_title":"Distribuci\u00f3n","og_description":"SECTOR EL\u00c9CTRICO \/ Generaci\u00f3n Una amplia gama de soluciones dise\u00f1adas para optimizar el rendimiento, la seguridad y la eficiencia en los distintos segmentos de la industria el\u00e9ctrica. Desde sistemas de protecci\u00f3n y control hasta equipos de medici\u00f3n, an\u00e1lisis y mantenimiento, esta secci\u00f3n re\u00fane productos innovadores y de alta calidad que responden a las necesidades espec\u00edficas [&hellip;]","og_url":"http:\/\/erasmuscaribe.com\/distribucion\/","og_site_name":"Erasmus Caribe","article_modified_time":"2025-07-09T22:56:10+00:00","og_image":[{"url":"https:\/\/erasmus.com.co\/erasmuscaribe\/wp-content\/uploads\/sites\/20\/2025\/04\/VAISALA.jpg","type":"","width":"","height":""}],"twitter_card":"summary_large_image","twitter_misc":{"Gesch\u00e4tzte Lesezeit":"2\u00a0Minuten"},"schema":{"@context":"https:\/\/schema.org","@graph":[{"@type":"WebPage","@id":"http:\/\/erasmuscaribe.com\/distribucion\/","url":"http:\/\/erasmuscaribe.com\/distribucion\/","name":"Distribuci\u00f3n - Erasmus Caribe","isPartOf":{"@id":"https:\/\/erasmuscaribe.com\/#website"},"primaryImageOfPage":{"@id":"http:\/\/erasmuscaribe.com\/distribucion\/#primaryimage"},"image":{"@id":"http:\/\/erasmuscaribe.com\/distribucion\/#primaryimage"},"thumbnailUrl":"https:\/\/erasmus.com.co\/erasmuscaribe\/wp-content\/uploads\/sites\/20\/2025\/04\/VAISALA.jpg","datePublished":"2023-04-25T19:54:57+00:00","dateModified":"2025-07-09T22:56:10+00:00","breadcrumb":{"@id":"http:\/\/erasmuscaribe.com\/distribucion\/#breadcrumb"},"inLanguage":"de","potentialAction":[{"@type":"ReadAction","target":["http:\/\/erasmuscaribe.com\/distribucion\/"]}]},{"@type":"ImageObject","inLanguage":"de","@id":"http:\/\/erasmuscaribe.com\/distribucion\/#primaryimage","url":"https:\/\/erasmus.com.co\/erasmuscaribe\/wp-content\/uploads\/sites\/20\/2025\/04\/VAISALA.jpg","contentUrl":"https:\/\/erasmus.com.co\/erasmuscaribe\/wp-content\/uploads\/sites\/20\/2025\/04\/VAISALA.jpg"},{"@type":"BreadcrumbList","@id":"http:\/\/erasmuscaribe.com\/distribucion\/#breadcrumb","itemListElement":[{"@type":"ListItem","position":1,"name":"Home","item":"https:\/\/erasmus.com.co\/erasmuscaribe\/"},{"@type":"ListItem","position":2,"name":"Distribuci\u00f3n"}]},{"@type":"WebSite","@id":"https:\/\/erasmuscaribe.com\/#website","url":"https:\/\/erasmuscaribe.com\/","name":"Erasmus Caribe","description":"Ofrecemos productos y servicios de excelencia para el Sector Industrial","publisher":{"@id":"https:\/\/erasmuscaribe.com\/#organization"},"potentialAction":[{"@type":"SearchAction","target":{"@type":"EntryPoint","urlTemplate":"https:\/\/erasmuscaribe.com\/?s={search_term_string}"},"query-input":{"@type":"PropertyValueSpecification","valueRequired":true,"valueName":"search_term_string"}}],"inLanguage":"de"},{"@type":"Organization","@id":"https:\/\/erasmuscaribe.com\/#organization","name":"Erasmus Caribe","url":"https:\/\/erasmuscaribe.com\/","logo":{"@type":"ImageObject","inLanguage":"de","@id":"https:\/\/erasmuscaribe.com\/#\/schema\/logo\/image\/","url":"https:\/\/erasmus.com.co\/erasmuscaribe\/wp-content\/uploads\/sites\/20\/2025\/06\/cropped-logo_erasmus_electric_COLOR.png","contentUrl":"https:\/\/erasmus.com.co\/erasmuscaribe\/wp-content\/uploads\/sites\/20\/2025\/06\/cropped-logo_erasmus_electric_COLOR.png","width":373,"height":100,"caption":"Erasmus Caribe"},"image":{"@id":"https:\/\/erasmuscaribe.com\/#\/schema\/logo\/image\/"}}]}},"_links":{"self":[{"href":"https:\/\/erasmus.com.co\/erasmuscaribe\/de\/wp-json\/wp\/v2\/pages\/1093","targetHints":{"allow":["GET"]}}],"collection":[{"href":"https:\/\/erasmus.com.co\/erasmuscaribe\/de\/wp-json\/wp\/v2\/pages"}],"about":[{"href":"https:\/\/erasmus.com.co\/erasmuscaribe\/de\/wp-json\/wp\/v2\/types\/page"}],"author":[{"embeddable":true,"href":"https:\/\/erasmus.com.co\/erasmuscaribe\/de\/wp-json\/wp\/v2\/users\/1"}],"replies":[{"embeddable":true,"href":"https:\/\/erasmus.com.co\/erasmuscaribe\/de\/wp-json\/wp\/v2\/comments?post=1093"}],"version-history":[{"count":25,"href":"https:\/\/erasmus.com.co\/erasmuscaribe\/de\/wp-json\/wp\/v2\/pages\/1093\/revisions"}],"predecessor-version":[{"id":8460,"href":"https:\/\/erasmus.com.co\/erasmuscaribe\/de\/wp-json\/wp\/v2\/pages\/1093\/revisions\/8460"}],"wp:attachment":[{"href":"https:\/\/erasmus.com.co\/erasmuscaribe\/de\/wp-json\/wp\/v2\/media?parent=1093"}],"curies":[{"name":"wp","href":"https:\/\/api.w.org\/{rel}","templated":true}]}}