{"id":1099,"date":"2023-04-25T19:55:51","date_gmt":"2023-04-25T19:55:51","guid":{"rendered":"https:\/\/erasmus.com.co\/?page_id=1099"},"modified":"2024-11-08T18:49:53","modified_gmt":"2024-11-08T18:49:53","slug":"mineria","status":"publish","type":"page","link":"https:\/\/erasmus.com.co\/erasmuscaribe\/en\/mineria\/","title":{"rendered":"Mining"},"content":{"rendered":"<div data-elementor-type=\"wp-page\" data-elementor-id=\"1099\" class=\"elementor elementor-1099\" data-elementor-post-type=\"page\">\n\t\t\t\t<div class=\"elementor-element elementor-element-88a1361 e-flex e-con-boxed e-con e-parent\" data-id=\"88a1361\" data-element_type=\"container\">\n\t\t\t\t\t<div class=\"e-con-inner\">\n\t\t<div class=\"elementor-element elementor-element-3ae75c5 e-flex e-con-boxed e-con e-child\" data-id=\"3ae75c5\" data-element_type=\"container\">\n\t\t\t\t\t<div class=\"e-con-inner\">\n\t\t<div class=\"elementor-element elementor-element-5660e9e e-flex e-con-boxed e-con e-child\" data-id=\"5660e9e\" data-element_type=\"container\">\n\t\t\t\t\t<div class=\"e-con-inner\">\n\t\t<div class=\"elementor-element elementor-element-077ee2d e-con-full elementor-hidden-tablet elementor-hidden-mobile e-flex e-con e-child\" data-id=\"077ee2d\" data-element_type=\"container\" data-settings=\"{&quot;background_background&quot;:&quot;classic&quot;}\">\n\t\t\t\t<div class=\"elementor-element elementor-element-861d19a elementor-widget elementor-widget-template\" data-id=\"861d19a\" data-element_type=\"widget\" data-widget_type=\"template.default\">\n\t\t\t\t\t\t<div class=\"elementor-widget-container\">\n\t\t\t\t\t\t\t<div class=\"elementor-template\">\n\t\t\t\t\t<div data-elementor-type=\"archive\" data-elementor-id=\"403\" class=\"elementor elementor-403\" data-elementor-post-type=\"elementor_library\">\n\t\t\t<div class=\"elementor-element elementor-element-d9779d1 e-flex e-con-boxed e-con e-parent\" data-id=\"d9779d1\" data-element_type=\"container\">\n\t\t\t\t\t<div class=\"e-con-inner\">\n\t\t<div class=\"elementor-element elementor-element-97b1f04 e-con-full e-flex elementor-invisible e-con e-parent\" data-id=\"97b1f04\" data-element_type=\"container\" data-settings=\"{&quot;background_background&quot;:&quot;gradient&quot;,&quot;animation&quot;:&quot;fadeInUp&quot;,&quot;animation_delay&quot;:&quot;100&quot;}\">\n\t\t\t\t<div class=\"elementor-element elementor-element-13525fd elementor-widget__width-inherit elementor-widget elementor-widget-image\" data-id=\"13525fd\" data-element_type=\"widget\" data-widget_type=\"image.default\">\n\t\t\t\t\t\t<div class=\"elementor-widget-container\">\n\t\t\t\t\t\t\t\t\t\t\t\t\t\t\t<img fetchpriority=\"high\" decoding=\"async\" width=\"768\" height=\"1024\" src=\"https:\/\/erasmus.com.co\/erasmuscaribe\/wp-content\/uploads\/sites\/20\/2023\/03\/WhatsApp-Image-2022-11-30-at-11.59.38-AM-768x1024.jpeg\" class=\"attachment-large size-large wp-image-407\" alt=\"\" srcset=\"https:\/\/erasmus.com.co\/erasmuscaribe\/wp-content\/uploads\/sites\/20\/2023\/03\/WhatsApp-Image-2022-11-30-at-11.59.38-AM-768x1024.jpeg 768w, https:\/\/erasmus.com.co\/erasmuscaribe\/wp-content\/uploads\/sites\/20\/2023\/03\/WhatsApp-Image-2022-11-30-at-11.59.38-AM-225x300.jpeg 225w, https:\/\/erasmus.com.co\/erasmuscaribe\/wp-content\/uploads\/sites\/20\/2023\/03\/WhatsApp-Image-2022-11-30-at-11.59.38-AM.jpeg 960w\" sizes=\"(max-width: 768px) 100vw, 768px\" \/>\t\t\t\t\t\t\t\t\t\t\t\t\t\t\t<\/div>\n\t\t\t\t<\/div>\n\t\t\t\t<\/div>\n\t\t<div class=\"elementor-element elementor-element-a15a984 e-con-full e-flex e-con e-parent\" data-id=\"a15a984\" data-element_type=\"container\" data-settings=\"{&quot;background_background&quot;:&quot;gradient&quot;}\">\n\t\t\t\t<div class=\"elementor-element elementor-element-57d6a5b elementor-widget elementor-widget-heading\" data-id=\"57d6a5b\" data-element_type=\"widget\" data-widget_type=\"heading.default\">\n\t\t\t\t\t\t<div class=\"elementor-widget-container\">\n\t\t\t\t\t<h6 class=\"elementor-heading-title elementor-size-default\">COURSES<\/h6>\t\t\t\t<\/div>\n\t\t\t\t<\/div>\n\t\t\t\t<div class=\"elementor-element elementor-element-0ead81f elementor-widget elementor-widget-heading\" data-id=\"0ead81f\" data-element_type=\"widget\" data-widget_type=\"heading.default\">\n\t\t\t\t\t\t<div class=\"elementor-widget-container\">\n\t\t\t\t\t<h2 class=\"elementor-heading-title elementor-size-default\">THEORETICAL AND PRACTICAL<\/h2>\t\t\t\t<\/div>\n\t\t\t\t<\/div>\n\t\t\t\t<div class=\"elementor-element elementor-element-a240193 elementor-widget elementor-widget-text-editor\" data-id=\"a240193\" data-element_type=\"widget\" data-widget_type=\"text-editor.default\">\n\t\t\t\t\t\t<div class=\"elementor-widget-container\">\n\t\t\t\t\t\t\t\t\t<p>We offer theoretical and practical courses for engineers and electrical technicians on electrical concepts and testing.<\/p>\t\t\t\t\t\t\t\t<\/div>\n\t\t\t\t<\/div>\n\t\t\t\t<div class=\"elementor-element elementor-element-75d8923 elementor-align-center elementor-mobile-align-center elementor-widget elementor-widget-button\" data-id=\"75d8923\" data-element_type=\"widget\" data-widget_type=\"button.default\">\n\t\t\t\t\t\t<div class=\"elementor-widget-container\">\n\t\t\t\t\t\t\t\t\t<div class=\"elementor-button-wrapper\">\n\t\t\t\t\t<a class=\"elementor-button elementor-button-link elementor-size-sm\" href=\"#\">\n\t\t\t\t\t\t<span class=\"elementor-button-content-wrapper\">\n\t\t\t\t\t\t\t\t\t<span class=\"elementor-button-text\">More information<\/span>\n\t\t\t\t\t<\/span>\n\t\t\t\t\t<\/a>\n\t\t\t\t<\/div>\n\t\t\t\t\t\t\t\t<\/div>\n\t\t\t\t<\/div>\n\t\t\t\t<\/div>\n\t\t\t\t\t<\/div>\n\t\t\t\t<\/div>\n\t\t<div class=\"elementor-element elementor-element-afd789b e-flex e-con-boxed e-con e-parent\" data-id=\"afd789b\" data-element_type=\"container\">\n\t\t\t\t\t<div class=\"e-con-inner\">\n\t\t<div class=\"elementor-element elementor-element-244e275 e-con-full e-flex elementor-invisible e-con e-parent\" data-id=\"244e275\" data-element_type=\"container\" data-settings=\"{&quot;background_background&quot;:&quot;gradient&quot;,&quot;animation&quot;:&quot;fadeInUp&quot;,&quot;animation_delay&quot;:&quot;300&quot;}\">\n\t\t\t\t<div class=\"elementor-element elementor-element-52764aa elementor-widget__width-inherit elementor-widget elementor-widget-image\" data-id=\"52764aa\" data-element_type=\"widget\" data-widget_type=\"image.default\">\n\t\t\t\t\t\t<div class=\"elementor-widget-container\">\n\t\t\t\t\t\t\t\t\t\t\t\t\t\t\t<img decoding=\"async\" width=\"414\" height=\"236\" src=\"https:\/\/erasmus.com.co\/erasmuscaribe\/wp-content\/uploads\/sites\/20\/2023\/03\/Contenido-Capacitacion-Manejo-de-Equipo-OMICRON-CIBANO-500.png\" class=\"attachment-large size-large wp-image-371\" alt=\"\" srcset=\"https:\/\/erasmus.com.co\/erasmuscaribe\/wp-content\/uploads\/sites\/20\/2023\/03\/Contenido-Capacitacion-Manejo-de-Equipo-OMICRON-CIBANO-500.png 414w, https:\/\/erasmus.com.co\/erasmuscaribe\/wp-content\/uploads\/sites\/20\/2023\/03\/Contenido-Capacitacion-Manejo-de-Equipo-OMICRON-CIBANO-500-300x171.png 300w\" sizes=\"(max-width: 414px) 100vw, 414px\" \/>\t\t\t\t\t\t\t\t\t\t\t\t\t\t\t<\/div>\n\t\t\t\t<\/div>\n\t\t<div class=\"elementor-element elementor-element-b33f658 e-con-full e-flex e-con e-parent\" data-id=\"b33f658\" data-element_type=\"container\" data-settings=\"{&quot;background_background&quot;:&quot;gradient&quot;}\">\n\t\t\t\t<div class=\"elementor-element elementor-element-51d8f35 elementor-widget elementor-widget-heading\" data-id=\"51d8f35\" data-element_type=\"widget\" data-widget_type=\"heading.default\">\n\t\t\t\t\t\t<div class=\"elementor-widget-container\">\n\t\t\t\t\t<h6 class=\"elementor-heading-title elementor-size-default\">SERVICE OF<\/h6>\t\t\t\t<\/div>\n\t\t\t\t<\/div>\n\t\t\t\t<div class=\"elementor-element elementor-element-e58f1b8 elementor-widget elementor-widget-heading\" data-id=\"e58f1b8\" data-element_type=\"widget\" data-widget_type=\"heading.default\">\n\t\t\t\t\t\t<div class=\"elementor-widget-container\">\n\t\t\t\t\t<h2 class=\"elementor-heading-title elementor-size-default\">LABORATORY<\/h2>\t\t\t\t<\/div>\n\t\t\t\t<\/div>\n\t\t\t\t<div class=\"elementor-element elementor-element-13e53c6 elementor-widget elementor-widget-text-editor\" data-id=\"13e53c6\" data-element_type=\"widget\" data-widget_type=\"text-editor.default\">\n\t\t\t\t\t\t<div class=\"elementor-widget-container\">\n\t\t\t\t\t\t\t\t\t<p>We have a complete laboratory for calibration and repair of test instruments with which we provide after-sales support.<\/p>\t\t\t\t\t\t\t\t<\/div>\n\t\t\t\t<\/div>\n\t\t\t\t<div class=\"elementor-element elementor-element-0d5c3fd elementor-align-center elementor-mobile-align-center elementor-widget elementor-widget-button\" data-id=\"0d5c3fd\" data-element_type=\"widget\" data-widget_type=\"button.default\">\n\t\t\t\t\t\t<div class=\"elementor-widget-container\">\n\t\t\t\t\t\t\t\t\t<div class=\"elementor-button-wrapper\">\n\t\t\t\t\t<a class=\"elementor-button elementor-button-link elementor-size-sm\" href=\"#\">\n\t\t\t\t\t\t<span class=\"elementor-button-content-wrapper\">\n\t\t\t\t\t\t\t\t\t<span class=\"elementor-button-text\">More information<\/span>\n\t\t\t\t\t<\/span>\n\t\t\t\t\t<\/a>\n\t\t\t\t<\/div>\n\t\t\t\t\t\t\t\t<\/div>\n\t\t\t\t<\/div>\n\t\t\t\t<\/div>\n\t\t\t\t<\/div>\n\t\t\t\t\t<\/div>\n\t\t\t\t<\/div>\n\t\t\t\t<\/div>\n\t\t\t\t<\/div>\n\t\t\t\t\t\t<\/div>\n\t\t\t\t<\/div>\n\t\t\t\t<\/div>\n\t\t<div class=\"elementor-element elementor-element-4e0d799 e-con-full e-flex e-con e-child\" data-id=\"4e0d799\" data-element_type=\"container\">\n\t\t<div class=\"elementor-element elementor-element-1e3319a e-con-full e-flex e-con e-child\" data-id=\"1e3319a\" data-element_type=\"container\" data-settings=\"{&quot;background_background&quot;:&quot;classic&quot;}\">\n\t\t\t\t<div class=\"elementor-element elementor-element-61b9be6 elementor-widget-divider--view-line elementor-widget elementor-widget-divider\" data-id=\"61b9be6\" data-element_type=\"widget\" data-widget_type=\"divider.default\">\n\t\t\t\t\t\t<div class=\"elementor-widget-container\">\n\t\t\t\t\t\t\t<div class=\"elementor-divider\">\n\t\t\t<span class=\"elementor-divider-separator\">\n\t\t\t\t\t\t<\/span>\n\t\t<\/div>\n\t\t\t\t\t\t<\/div>\n\t\t\t\t<\/div>\n\t\t\t\t<div class=\"elementor-element elementor-element-3ae9808 elementor-widget__width-inherit elementor-widget-divider--view-line elementor-invisible elementor-widget elementor-widget-divider\" data-id=\"3ae9808\" data-element_type=\"widget\" data-settings=\"{&quot;_animation&quot;:&quot;fadeInLeft&quot;}\" data-widget_type=\"divider.default\">\n\t\t\t\t\t\t<div class=\"elementor-widget-container\">\n\t\t\t\t\t\t\t<div class=\"elementor-divider\">\n\t\t\t<span class=\"elementor-divider-separator\">\n\t\t\t\t\t\t<\/span>\n\t\t<\/div>\n\t\t\t\t\t\t<\/div>\n\t\t\t\t<\/div>\n\t\t\t\t<\/div>\n\t\t<div class=\"elementor-element elementor-element-73ca9e5 e-con-full e-flex e-con e-child\" data-id=\"73ca9e5\" data-element_type=\"container\" data-settings=\"{&quot;animation&quot;:&quot;none&quot;}\">\n\t\t\t\t<\/div>\n\t\t<div class=\"elementor-element elementor-element-979ba9b e-con-full e-flex e-con e-child\" data-id=\"979ba9b\" data-element_type=\"container\" data-settings=\"{&quot;animation&quot;:&quot;none&quot;}\">\n\t\t\t\t<\/div>\n\t\t<div class=\"elementor-element elementor-element-d5d3d66 e-con-full e-flex e-con e-child\" data-id=\"d5d3d66\" data-element_type=\"container\" data-settings=\"{&quot;animation&quot;:&quot;none&quot;}\">\n\t\t\t\t<\/div>\n\t\t<div class=\"elementor-element elementor-element-92e9d7a e-con-full e-flex e-con e-child\" data-id=\"92e9d7a\" data-element_type=\"container\" data-settings=\"{&quot;animation&quot;:&quot;none&quot;}\">\n\t\t\t\t<\/div>\n\t\t<div class=\"elementor-element elementor-element-0b43dc9 e-con-full e-flex e-con e-child\" data-id=\"0b43dc9\" data-element_type=\"container\" data-settings=\"{&quot;animation&quot;:&quot;none&quot;}\">\n\t\t\t\t<\/div>\n\t\t<div class=\"elementor-element elementor-element-a9c0706 e-con-full e-flex e-con e-child\" data-id=\"a9c0706\" data-element_type=\"container\" data-settings=\"{&quot;animation&quot;:&quot;none&quot;}\">\n\t\t\t\t<\/div>\n\t\t<div class=\"elementor-element elementor-element-aeb65e1 e-con-full e-flex e-con e-child\" data-id=\"aeb65e1\" data-element_type=\"container\" data-settings=\"{&quot;animation&quot;:&quot;none&quot;}\">\n\t\t\t\t<\/div>\n\t\t<div class=\"elementor-element elementor-element-10d1082 e-con-full e-flex e-con e-child\" data-id=\"10d1082\" data-element_type=\"container\" data-settings=\"{&quot;animation&quot;:&quot;none&quot;}\">\n\t\t\t\t<\/div>\n\t\t<div class=\"elementor-element elementor-element-8824ee6 e-con-full e-flex e-con e-child\" data-id=\"8824ee6\" data-element_type=\"container\" data-settings=\"{&quot;animation&quot;:&quot;none&quot;}\">\n\t\t\t\t<\/div>\n\t\t<div class=\"elementor-element elementor-element-44ad73b e-con-full e-flex e-con e-child\" data-id=\"44ad73b\" data-element_type=\"container\" data-settings=\"{&quot;animation&quot;:&quot;none&quot;}\">\n\t\t\t\t<\/div>\n\t\t<div class=\"elementor-element elementor-element-6c358b4 e-con-full e-flex e-con e-child\" data-id=\"6c358b4\" data-element_type=\"container\" data-settings=\"{&quot;animation&quot;:&quot;none&quot;}\">\n\t\t\t\t<\/div>\n\t\t<div class=\"elementor-element elementor-element-ac049f0 e-con-full e-flex e-con e-child\" data-id=\"ac049f0\" data-element_type=\"container\" data-settings=\"{&quot;animation&quot;:&quot;none&quot;}\">\n\t\t\t\t<\/div>\n\t\t<div class=\"elementor-element elementor-element-c1b5ba0 e-con-full e-flex e-con e-child\" data-id=\"c1b5ba0\" data-element_type=\"container\" data-settings=\"{&quot;animation&quot;:&quot;none&quot;}\">\n\t\t\t\t<\/div>\n\t\t<div class=\"elementor-element elementor-element-89ebe1c e-con-full e-flex e-con e-child\" data-id=\"89ebe1c\" data-element_type=\"container\" data-settings=\"{&quot;animation&quot;:&quot;none&quot;}\">\n\t\t\t\t<\/div>\n\t\t<div class=\"elementor-element elementor-element-41cc8e1 e-con-full e-flex e-con e-child\" data-id=\"41cc8e1\" data-element_type=\"container\" data-settings=\"{&quot;animation&quot;:&quot;none&quot;}\">\n\t\t\t\t<\/div>\n\t\t<div class=\"elementor-element elementor-element-36216ff e-con-full e-flex e-con e-child\" data-id=\"36216ff\" data-element_type=\"container\" data-settings=\"{&quot;animation&quot;:&quot;none&quot;}\">\n\t\t\t\t<\/div>\n\t\t<div class=\"elementor-element elementor-element-f35f270 e-con-full e-flex e-con e-child\" data-id=\"f35f270\" data-element_type=\"container\" data-settings=\"{&quot;animation&quot;:&quot;none&quot;}\">\n\t\t\t\t<\/div>\n\t\t<div class=\"elementor-element elementor-element-c7644a0 e-con-full e-flex e-con e-child\" data-id=\"c7644a0\" data-element_type=\"container\" data-settings=\"{&quot;animation&quot;:&quot;none&quot;}\">\n\t\t\t\t<\/div>\n\t\t<div class=\"elementor-element elementor-element-954dab4 e-flex e-con-boxed e-con e-child\" data-id=\"954dab4\" data-element_type=\"container\">\n\t\t\t\t\t<div class=\"e-con-inner\">\n\t\t<div class=\"elementor-element elementor-element-38d59cd e-con-full e-flex e-con e-child\" data-id=\"38d59cd\" data-element_type=\"container\">\n\t\t\t\t<div class=\"elementor-element elementor-element-08f04f4 animated-slow elementor-invisible elementor-widget elementor-widget-heading\" data-id=\"08f04f4\" data-element_type=\"widget\" data-settings=\"{&quot;_animation&quot;:&quot;slideInUp&quot;}\" data-widget_type=\"heading.default\">\n\t\t\t\t\t\t<div class=\"elementor-widget-container\">\n\t\t\t\t\t<h2 class=\"elementor-heading-title elementor-size-default\">MINING<\/h2>\t\t\t\t<\/div>\n\t\t\t\t<\/div>\n\t\t\t\t<\/div>\n\t\t\t\t\t<\/div>\n\t\t\t\t<\/div>\n\t\t<div class=\"elementor-element elementor-element-a3ff5b2 e-con-full e-flex e-con e-child\" data-id=\"a3ff5b2\" data-element_type=\"container\">\n\t\t<div class=\"elementor-element elementor-element-e4e2249 e-con-full e-flex e-con e-child\" data-id=\"e4e2249\" data-element_type=\"container\">\n\t\t\t\t<div class=\"elementor-element elementor-element-0ce2ae9 elementor-cta--layout-image-above elementor-widget__width-inherit elementor-widget-tablet__width-inherit elementor-cta--skin-classic elementor-animated-content elementor-bg-transform elementor-bg-transform-zoom-in elementor-widget elementor-widget-call-to-action\" data-id=\"0ce2ae9\" data-element_type=\"widget\" data-widget_type=\"call-to-action.default\">\n\t\t\t\t\t\t<div class=\"elementor-widget-container\">\n\t\t\t\t\t\t\t<a class=\"elementor-cta\" href=\"https:\/\/erasmusinstitute.com.co\/bender\/\">\n\t\t\t\t\t<div class=\"elementor-cta__bg-wrapper\">\n\t\t\t\t<div class=\"elementor-cta__bg elementor-bg\" style=\"background-image: url(https:\/\/erasmus.com.co\/erasmuscaribe\/wp-content\/uploads\/sites\/20\/2023\/04\/MINERIA_BENDER.png);\" role=\"img\" aria-label=\"MINING_BENDER\"><\/div>\n\t\t\t\t<div class=\"elementor-cta__bg-overlay\"><\/div>\n\t\t\t<\/div>\n\t\t\t\t\t\t\t<div class=\"elementor-cta__content\">\n\t\t\t\t\n\t\t\t\t\n\t\t\t\t\n\t\t\t\t\t\t\t\t\t<div class=\"elementor-cta__button-wrapper elementor-cta__content-item elementor-content-item\">\n\t\t\t\t\t<span class=\"elementor-cta__button elementor-button elementor-size-\">\n\t\t\t\t\t\tBENDER\t\t\t\t\t<\/span>\n\t\t\t\t\t<\/div>\n\t\t\t\t\t\t\t<\/div>\n\t\t\t\t\t\t<\/a>\n\t\t\t\t\t\t<\/div>\n\t\t\t\t<\/div>\n\t\t\t\t<div class=\"elementor-element elementor-element-8a6d7ec elementor-widget elementor-widget-text-editor\" data-id=\"8a6d7ec\" data-element_type=\"widget\" data-widget_type=\"text-editor.default\">\n\t\t\t\t\t\t<div class=\"elementor-widget-container\">\n\t\t\t\t\t\t\t\t\t<strong>Cerrejon Colombia<\/strong>\u00a0<br>\u00a0<a href=\"https:\/\/erasmusinstitute.com.co\/wp-content\/uploads\/2023\/04\/Casos_de_Exito_Mineria.pdf\">Case Study<\/a>\t\t\t\t\t\t\t\t<\/div>\n\t\t\t\t<\/div>\n\t\t\t\t<\/div>\n\t\t<div class=\"elementor-element elementor-element-14e2832 e-con-full e-flex e-con e-child\" data-id=\"14e2832\" data-element_type=\"container\">\n\t\t\t\t<div class=\"elementor-element elementor-element-cf229aa elementor-cta--layout-image-above elementor-widget__width-inherit elementor-widget-tablet__width-inherit elementor-cta--skin-classic elementor-animated-content elementor-bg-transform elementor-bg-transform-zoom-in elementor-widget elementor-widget-call-to-action\" data-id=\"cf229aa\" data-element_type=\"widget\" data-widget_type=\"call-to-action.default\">\n\t\t\t\t\t\t<div class=\"elementor-widget-container\">\n\t\t\t\t\t\t\t<a class=\"elementor-cta\" href=\"https:\/\/erasmusinstitute.com.co\/staubli\/\">\n\t\t\t\t\t<div class=\"elementor-cta__bg-wrapper\">\n\t\t\t\t<div class=\"elementor-cta__bg elementor-bg\" style=\"background-image: url(https:\/\/erasmus.com.co\/erasmuscaribe\/wp-content\/uploads\/sites\/20\/2023\/04\/MINERIA_STAUBLI.jpeg);\" role=\"img\" aria-label=\"MINING_STAUBLI\"><\/div>\n\t\t\t\t<div class=\"elementor-cta__bg-overlay\"><\/div>\n\t\t\t<\/div>\n\t\t\t\t\t\t\t<div class=\"elementor-cta__content\">\n\t\t\t\t\n\t\t\t\t\n\t\t\t\t\n\t\t\t\t\t\t\t\t\t<div class=\"elementor-cta__button-wrapper elementor-cta__content-item elementor-content-item\">\n\t\t\t\t\t<span class=\"elementor-cta__button elementor-button elementor-size-\">\n\t\t\t\t\t\tST\u00c4UBLI\t\t\t\t\t<\/span>\n\t\t\t\t\t<\/div>\n\t\t\t\t\t\t\t<\/div>\n\t\t\t\t\t\t<\/a>\n\t\t\t\t\t\t<\/div>\n\t\t\t\t<\/div>\n\t\t\t\t<div class=\"elementor-element elementor-element-dc184a0 elementor-widget elementor-widget-text-editor\" data-id=\"dc184a0\" data-element_type=\"widget\" data-widget_type=\"text-editor.default\">\n\t\t\t\t\t\t<div class=\"elementor-widget-container\">\n\t\t\t\t\t\t\t\t\tElectrical Connectors Mining\u00a0<br>\u00a0<a href=\"https:\/\/www.staubli.com\/south-america\/en\/electrical-connectors\/industries\/energy\/oil-and-gas-mining.html\" target=\"_blank\" rel=\"noopener\">Application\u00a0<\/a>\t\t\t\t\t\t\t\t<\/div>\n\t\t\t\t<\/div>\n\t\t\t\t<\/div>\n\t\t<div class=\"elementor-element elementor-element-cdaa07b e-con-full e-flex e-con e-child\" data-id=\"cdaa07b\" data-element_type=\"container\">\n\t\t\t\t<\/div>\n\t\t\t\t<\/div>\n\t\t\t\t<\/div>\n\t\t\t\t\t<\/div>\n\t\t\t\t<\/div>\n\t\t\t\t\t<\/div>\n\t\t\t\t<\/div>\n\t\t\t\t\t<\/div>\n\t\t\t\t<\/div>\n\t\t\t\t<\/div>","protected":false},"excerpt":{"rendered":"<p>MINER\u00cdA BENDER Cerrejon Colombia\u00a0\u00a0Caso de \u00c9xito ST\u00c4UBLI Conectores El\u00e9ctricos M\u00edneria\u00a0\u00a0Aplicaci\u00f3n\u00a0<\/p>","protected":false},"author":1,"featured_media":0,"parent":0,"menu_order":0,"comment_status":"closed","ping_status":"closed","template":"","meta":{"_acf_changed":false,"footnotes":""},"class_list":["post-1099","page","type-page","status-publish","hentry"],"acf":[],"yoast_head":"<!-- This site is optimized with the Yoast SEO Premium plugin v24.6 (Yoast SEO v24.6) - https:\/\/yoast.com\/wordpress\/plugins\/seo\/ -->\n<title>Miner\u00eda - Erasmus Caribe<\/title>\n<meta name=\"robots\" content=\"index, follow, max-snippet:-1, max-image-preview:large, max-video-preview:-1\" \/>\n<link rel=\"canonical\" href=\"http:\/\/erasmuscaribe.com\/mineria\/\" \/>\n<meta property=\"og:locale\" content=\"en_US\" \/>\n<meta property=\"og:type\" content=\"article\" \/>\n<meta property=\"og:title\" content=\"Miner\u00eda\" \/>\n<meta property=\"og:description\" content=\"MINER\u00cdA BENDER Cerrejon Colombia\u00a0\u00a0Caso de \u00c9xito ST\u00c4UBLI Conectores El\u00e9ctricos M\u00edneria\u00a0\u00a0Aplicaci\u00f3n\u00a0\" \/>\n<meta property=\"og:url\" content=\"http:\/\/erasmuscaribe.com\/mineria\/\" \/>\n<meta property=\"og:site_name\" content=\"Erasmus Caribe\" \/>\n<meta property=\"article:modified_time\" content=\"2024-11-08T18:49:53+00:00\" \/>\n<meta name=\"twitter:card\" content=\"summary_large_image\" \/>\n<script type=\"application\/ld+json\" class=\"yoast-schema-graph\">{\"@context\":\"https:\/\/schema.org\",\"@graph\":[{\"@type\":\"WebPage\",\"@id\":\"http:\/\/erasmuscaribe.com\/mineria\/\",\"url\":\"http:\/\/erasmuscaribe.com\/mineria\/\",\"name\":\"Miner\u00eda - Erasmus Caribe\",\"isPartOf\":{\"@id\":\"https:\/\/erasmuscaribe.com\/#website\"},\"datePublished\":\"2023-04-25T19:55:51+00:00\",\"dateModified\":\"2024-11-08T18:49:53+00:00\",\"breadcrumb\":{\"@id\":\"http:\/\/erasmuscaribe.com\/mineria\/#breadcrumb\"},\"inLanguage\":\"en-US\",\"potentialAction\":[{\"@type\":\"ReadAction\",\"target\":[\"http:\/\/erasmuscaribe.com\/mineria\/\"]}]},{\"@type\":\"BreadcrumbList\",\"@id\":\"http:\/\/erasmuscaribe.com\/mineria\/#breadcrumb\",\"itemListElement\":[{\"@type\":\"ListItem\",\"position\":1,\"name\":\"Home\",\"item\":\"https:\/\/erasmus.com.co\/erasmuscaribe\/\"},{\"@type\":\"ListItem\",\"position\":2,\"name\":\"Miner\u00eda\"}]},{\"@type\":\"WebSite\",\"@id\":\"https:\/\/erasmuscaribe.com\/#website\",\"url\":\"https:\/\/erasmuscaribe.com\/\",\"name\":\"Erasmus Caribe\",\"description\":\"Ofrecemos productos y servicios de excelencia para el Sector Industrial\",\"publisher\":{\"@id\":\"https:\/\/erasmuscaribe.com\/#organization\"},\"potentialAction\":[{\"@type\":\"SearchAction\",\"target\":{\"@type\":\"EntryPoint\",\"urlTemplate\":\"https:\/\/erasmuscaribe.com\/?s={search_term_string}\"},\"query-input\":{\"@type\":\"PropertyValueSpecification\",\"valueRequired\":true,\"valueName\":\"search_term_string\"}}],\"inLanguage\":\"en-US\"},{\"@type\":\"Organization\",\"@id\":\"https:\/\/erasmuscaribe.com\/#organization\",\"name\":\"Erasmus Caribe\",\"url\":\"https:\/\/erasmuscaribe.com\/\",\"logo\":{\"@type\":\"ImageObject\",\"inLanguage\":\"en-US\",\"@id\":\"https:\/\/erasmuscaribe.com\/#\/schema\/logo\/image\/\",\"url\":\"https:\/\/erasmus.com.co\/erasmuscaribe\/wp-content\/uploads\/sites\/20\/2025\/06\/cropped-logo_erasmus_electric_COLOR.png\",\"contentUrl\":\"https:\/\/erasmus.com.co\/erasmuscaribe\/wp-content\/uploads\/sites\/20\/2025\/06\/cropped-logo_erasmus_electric_COLOR.png\",\"width\":373,\"height\":100,\"caption\":\"Erasmus Caribe\"},\"image\":{\"@id\":\"https:\/\/erasmuscaribe.com\/#\/schema\/logo\/image\/\"}}]}<\/script>\n<!-- \/ Yoast SEO Premium plugin. -->","yoast_head_json":{"title":"Miner\u00eda - Erasmus Caribe","robots":{"index":"index","follow":"follow","max-snippet":"max-snippet:-1","max-image-preview":"max-image-preview:large","max-video-preview":"max-video-preview:-1"},"canonical":"http:\/\/erasmuscaribe.com\/mineria\/","og_locale":"en_US","og_type":"article","og_title":"Miner\u00eda","og_description":"MINER\u00cdA BENDER Cerrejon Colombia\u00a0\u00a0Caso de \u00c9xito ST\u00c4UBLI Conectores El\u00e9ctricos M\u00edneria\u00a0\u00a0Aplicaci\u00f3n\u00a0","og_url":"http:\/\/erasmuscaribe.com\/mineria\/","og_site_name":"Erasmus Caribe","article_modified_time":"2024-11-08T18:49:53+00:00","twitter_card":"summary_large_image","schema":{"@context":"https:\/\/schema.org","@graph":[{"@type":"WebPage","@id":"http:\/\/erasmuscaribe.com\/mineria\/","url":"http:\/\/erasmuscaribe.com\/mineria\/","name":"Miner\u00eda - Erasmus Caribe","isPartOf":{"@id":"https:\/\/erasmuscaribe.com\/#website"},"datePublished":"2023-04-25T19:55:51+00:00","dateModified":"2024-11-08T18:49:53+00:00","breadcrumb":{"@id":"http:\/\/erasmuscaribe.com\/mineria\/#breadcrumb"},"inLanguage":"en-US","potentialAction":[{"@type":"ReadAction","target":["http:\/\/erasmuscaribe.com\/mineria\/"]}]},{"@type":"BreadcrumbList","@id":"http:\/\/erasmuscaribe.com\/mineria\/#breadcrumb","itemListElement":[{"@type":"ListItem","position":1,"name":"Home","item":"https:\/\/erasmus.com.co\/erasmuscaribe\/"},{"@type":"ListItem","position":2,"name":"Miner\u00eda"}]},{"@type":"WebSite","@id":"https:\/\/erasmuscaribe.com\/#website","url":"https:\/\/erasmuscaribe.com\/","name":"Erasmus Caribe","description":"Ofrecemos productos y servicios de excelencia para el Sector Industrial","publisher":{"@id":"https:\/\/erasmuscaribe.com\/#organization"},"potentialAction":[{"@type":"SearchAction","target":{"@type":"EntryPoint","urlTemplate":"https:\/\/erasmuscaribe.com\/?s={search_term_string}"},"query-input":{"@type":"PropertyValueSpecification","valueRequired":true,"valueName":"search_term_string"}}],"inLanguage":"en-US"},{"@type":"Organization","@id":"https:\/\/erasmuscaribe.com\/#organization","name":"Erasmus Caribe","url":"https:\/\/erasmuscaribe.com\/","logo":{"@type":"ImageObject","inLanguage":"en-US","@id":"https:\/\/erasmuscaribe.com\/#\/schema\/logo\/image\/","url":"https:\/\/erasmus.com.co\/erasmuscaribe\/wp-content\/uploads\/sites\/20\/2025\/06\/cropped-logo_erasmus_electric_COLOR.png","contentUrl":"https:\/\/erasmus.com.co\/erasmuscaribe\/wp-content\/uploads\/sites\/20\/2025\/06\/cropped-logo_erasmus_electric_COLOR.png","width":373,"height":100,"caption":"Erasmus Caribe"},"image":{"@id":"https:\/\/erasmuscaribe.com\/#\/schema\/logo\/image\/"}}]}},"_links":{"self":[{"href":"https:\/\/erasmus.com.co\/erasmuscaribe\/en\/wp-json\/wp\/v2\/pages\/1099","targetHints":{"allow":["GET"]}}],"collection":[{"href":"https:\/\/erasmus.com.co\/erasmuscaribe\/en\/wp-json\/wp\/v2\/pages"}],"about":[{"href":"https:\/\/erasmus.com.co\/erasmuscaribe\/en\/wp-json\/wp\/v2\/types\/page"}],"author":[{"embeddable":true,"href":"https:\/\/erasmus.com.co\/erasmuscaribe\/en\/wp-json\/wp\/v2\/users\/1"}],"replies":[{"embeddable":true,"href":"https:\/\/erasmus.com.co\/erasmuscaribe\/en\/wp-json\/wp\/v2\/comments?post=1099"}],"version-history":[{"count":14,"href":"https:\/\/erasmus.com.co\/erasmuscaribe\/en\/wp-json\/wp\/v2\/pages\/1099\/revisions"}],"predecessor-version":[{"id":3782,"href":"https:\/\/erasmus.com.co\/erasmuscaribe\/en\/wp-json\/wp\/v2\/pages\/1099\/revisions\/3782"}],"wp:attachment":[{"href":"https:\/\/erasmus.com.co\/erasmuscaribe\/en\/wp-json\/wp\/v2\/media?parent=1099"}],"curies":[{"name":"wp","href":"https:\/\/api.w.org\/{rel}","templated":true}]}}