{"id":1105,"date":"2023-04-25T19:56:39","date_gmt":"2023-04-25T19:56:39","guid":{"rendered":"https:\/\/erasmus.com.co\/?page_id=1105"},"modified":"2024-06-27T21:04:19","modified_gmt":"2024-06-27T21:04:19","slug":"ingenios-y-biocombustibles","status":"publish","type":"page","link":"https:\/\/erasmus.com.co\/mexico\/de\/ingenios-y-biocombustibles\/","title":{"rendered":"M\u00fchlen und Biokraftstoffe"},"content":{"rendered":"<div data-elementor-type=\"wp-page\" data-elementor-id=\"1105\" class=\"elementor elementor-1105\" data-elementor-post-type=\"page\">\n\t\t\t\t<div class=\"elementor-element elementor-element-f33ad06 e-flex e-con-boxed e-con e-parent\" data-id=\"f33ad06\" data-element_type=\"container\">\n\t\t\t\t\t<div class=\"e-con-inner\">\n\t\t<div class=\"elementor-element elementor-element-ad3c945 e-flex e-con-boxed e-con e-child\" data-id=\"ad3c945\" data-element_type=\"container\">\n\t\t\t\t\t<div class=\"e-con-inner\">\n\t\t<div class=\"elementor-element elementor-element-e581887 e-flex e-con-boxed e-con e-child\" data-id=\"e581887\" data-element_type=\"container\">\n\t\t\t\t\t<div class=\"e-con-inner\">\n\t\t<div class=\"elementor-element elementor-element-2a6c6cc e-con-full elementor-hidden-tablet elementor-hidden-mobile e-flex e-con e-child\" data-id=\"2a6c6cc\" data-element_type=\"container\" data-settings=\"{&quot;background_background&quot;:&quot;classic&quot;}\">\n\t\t\t\t<div class=\"elementor-element elementor-element-7348697 elementor-widget elementor-widget-template\" data-id=\"7348697\" data-element_type=\"widget\" data-widget_type=\"template.default\">\n\t\t\t\t\t\t<div class=\"elementor-widget-container\">\n\t\t\t\t\t\t\t<div class=\"elementor-template\">\n\t\t\t\t\t<div data-elementor-type=\"archive\" data-elementor-id=\"403\" class=\"elementor elementor-403\" data-elementor-post-type=\"elementor_library\">\n\t\t\t<div class=\"elementor-element elementor-element-d9779d1 e-flex e-con-boxed e-con e-parent\" data-id=\"d9779d1\" data-element_type=\"container\">\n\t\t\t\t\t<div class=\"e-con-inner\">\n\t\t<div class=\"elementor-element elementor-element-97b1f04 e-con-full e-flex elementor-invisible e-con e-parent\" data-id=\"97b1f04\" data-element_type=\"container\" data-settings=\"{&quot;background_background&quot;:&quot;gradient&quot;,&quot;animation&quot;:&quot;fadeInUp&quot;,&quot;animation_delay&quot;:&quot;100&quot;}\">\n\t\t\t\t<div class=\"elementor-element elementor-element-13525fd elementor-widget__width-inherit elementor-widget elementor-widget-image\" data-id=\"13525fd\" data-element_type=\"widget\" data-widget_type=\"image.default\">\n\t\t\t\t\t\t<div class=\"elementor-widget-container\">\n\t\t\t\t\t\t\t\t\t\t\t\t\t\t\t<img fetchpriority=\"high\" decoding=\"async\" width=\"768\" height=\"1024\" src=\"https:\/\/erasmus.com.co\/mexico\/wp-content\/uploads\/sites\/25\/2023\/03\/WhatsApp-Image-2022-11-30-at-11.59.38-AM-768x1024.jpeg\" class=\"attachment-large size-large wp-image-407\" alt=\"\" srcset=\"https:\/\/erasmus.com.co\/mexico\/wp-content\/uploads\/sites\/25\/2023\/03\/WhatsApp-Image-2022-11-30-at-11.59.38-AM-768x1024.jpeg 768w, https:\/\/erasmus.com.co\/mexico\/wp-content\/uploads\/sites\/25\/2023\/03\/WhatsApp-Image-2022-11-30-at-11.59.38-AM-225x300.jpeg 225w, https:\/\/erasmus.com.co\/mexico\/wp-content\/uploads\/sites\/25\/2023\/03\/WhatsApp-Image-2022-11-30-at-11.59.38-AM.jpeg 960w\" sizes=\"(max-width: 768px) 100vw, 768px\" \/>\t\t\t\t\t\t\t\t\t\t\t\t\t\t\t<\/div>\n\t\t\t\t<\/div>\n\t\t\t\t<\/div>\n\t\t<div class=\"elementor-element elementor-element-a15a984 e-con-full e-flex e-con e-parent\" data-id=\"a15a984\" data-element_type=\"container\" data-settings=\"{&quot;background_background&quot;:&quot;gradient&quot;}\">\n\t\t\t\t<div class=\"elementor-element elementor-element-57d6a5b elementor-widget elementor-widget-heading\" data-id=\"57d6a5b\" data-element_type=\"widget\" data-widget_type=\"heading.default\">\n\t\t\t\t\t\t<div class=\"elementor-widget-container\">\n\t\t\t\t\t<h6 class=\"elementor-heading-title elementor-size-default\">KURSE<\/h6>\t\t\t\t<\/div>\n\t\t\t\t<\/div>\n\t\t\t\t<div class=\"elementor-element elementor-element-0ead81f elementor-widget elementor-widget-heading\" data-id=\"0ead81f\" data-element_type=\"widget\" data-widget_type=\"heading.default\">\n\t\t\t\t\t\t<div class=\"elementor-widget-container\">\n\t\t\t\t\t<h2 class=\"elementor-heading-title elementor-size-default\">THEORETISCH UND PRAKTISCH<\/h2>\t\t\t\t<\/div>\n\t\t\t\t<\/div>\n\t\t\t\t<div class=\"elementor-element elementor-element-a240193 elementor-widget elementor-widget-text-editor\" data-id=\"a240193\" data-element_type=\"widget\" data-widget_type=\"text-editor.default\">\n\t\t\t\t\t\t<div class=\"elementor-widget-container\">\n\t\t\t\t\t\t\t\t\t<p>Wir bieten theoretische und praktische Kurse f\u00fcr Elektroingenieure und Techniker zu elektrischen Konzepten und Pr\u00fcfungen an.<\/p>\t\t\t\t\t\t\t\t<\/div>\n\t\t\t\t<\/div>\n\t\t\t\t<div class=\"elementor-element elementor-element-75d8923 elementor-align-center elementor-mobile-align-center elementor-widget elementor-widget-button\" data-id=\"75d8923\" data-element_type=\"widget\" data-widget_type=\"button.default\">\n\t\t\t\t\t\t<div class=\"elementor-widget-container\">\n\t\t\t\t\t\t\t\t\t<div class=\"elementor-button-wrapper\">\n\t\t\t\t\t<a class=\"elementor-button elementor-button-link elementor-size-sm\" href=\"#\">\n\t\t\t\t\t\t<span class=\"elementor-button-content-wrapper\">\n\t\t\t\t\t\t\t\t\t<span class=\"elementor-button-text\">Weitere Informationen<\/span>\n\t\t\t\t\t<\/span>\n\t\t\t\t\t<\/a>\n\t\t\t\t<\/div>\n\t\t\t\t\t\t\t\t<\/div>\n\t\t\t\t<\/div>\n\t\t\t\t<\/div>\n\t\t\t\t\t<\/div>\n\t\t\t\t<\/div>\n\t\t<div class=\"elementor-element elementor-element-afd789b e-flex e-con-boxed e-con e-parent\" data-id=\"afd789b\" data-element_type=\"container\">\n\t\t\t\t\t<div class=\"e-con-inner\">\n\t\t<div class=\"elementor-element elementor-element-244e275 e-con-full e-flex elementor-invisible e-con e-parent\" data-id=\"244e275\" data-element_type=\"container\" data-settings=\"{&quot;background_background&quot;:&quot;gradient&quot;,&quot;animation&quot;:&quot;fadeInUp&quot;,&quot;animation_delay&quot;:&quot;300&quot;}\">\n\t\t\t\t<div class=\"elementor-element elementor-element-52764aa elementor-widget__width-inherit elementor-widget elementor-widget-image\" data-id=\"52764aa\" data-element_type=\"widget\" data-widget_type=\"image.default\">\n\t\t\t\t\t\t<div class=\"elementor-widget-container\">\n\t\t\t\t\t\t\t\t\t\t\t\t\t\t\t<img decoding=\"async\" width=\"414\" height=\"236\" src=\"https:\/\/erasmus.com.co\/mexico\/wp-content\/uploads\/sites\/25\/2023\/03\/Contenido-Capacitacion-Manejo-de-Equipo-OMICRON-CIBANO-500.png\" class=\"attachment-large size-large wp-image-371\" alt=\"\" srcset=\"https:\/\/erasmus.com.co\/mexico\/wp-content\/uploads\/sites\/25\/2023\/03\/Contenido-Capacitacion-Manejo-de-Equipo-OMICRON-CIBANO-500.png 414w, https:\/\/erasmus.com.co\/mexico\/wp-content\/uploads\/sites\/25\/2023\/03\/Contenido-Capacitacion-Manejo-de-Equipo-OMICRON-CIBANO-500-300x171.png 300w\" sizes=\"(max-width: 414px) 100vw, 414px\" \/>\t\t\t\t\t\t\t\t\t\t\t\t\t\t\t<\/div>\n\t\t\t\t<\/div>\n\t\t<div class=\"elementor-element elementor-element-b33f658 e-con-full e-flex e-con e-parent\" data-id=\"b33f658\" data-element_type=\"container\" data-settings=\"{&quot;background_background&quot;:&quot;gradient&quot;}\">\n\t\t\t\t<div class=\"elementor-element elementor-element-51d8f35 elementor-widget elementor-widget-heading\" data-id=\"51d8f35\" data-element_type=\"widget\" data-widget_type=\"heading.default\">\n\t\t\t\t\t\t<div class=\"elementor-widget-container\">\n\t\t\t\t\t<h6 class=\"elementor-heading-title elementor-size-default\">DIENST DER<\/h6>\t\t\t\t<\/div>\n\t\t\t\t<\/div>\n\t\t\t\t<div class=\"elementor-element elementor-element-e58f1b8 elementor-widget elementor-widget-heading\" data-id=\"e58f1b8\" data-element_type=\"widget\" data-widget_type=\"heading.default\">\n\t\t\t\t\t\t<div class=\"elementor-widget-container\">\n\t\t\t\t\t<h2 class=\"elementor-heading-title elementor-size-default\">LABOR<\/h2>\t\t\t\t<\/div>\n\t\t\t\t<\/div>\n\t\t\t\t<div class=\"elementor-element elementor-element-13e53c6 elementor-widget elementor-widget-text-editor\" data-id=\"13e53c6\" data-element_type=\"widget\" data-widget_type=\"text-editor.default\">\n\t\t\t\t\t\t<div class=\"elementor-widget-container\">\n\t\t\t\t\t\t\t\t\t<p>Wir verf\u00fcgen \u00fcber ein komplettes Labor f\u00fcr die Kalibrierung und Reparatur von Pr\u00fcfger\u00e4ten, mit dem wir den Kundendienst gew\u00e4hrleisten.<\/p>\t\t\t\t\t\t\t\t<\/div>\n\t\t\t\t<\/div>\n\t\t\t\t<div class=\"elementor-element elementor-element-0d5c3fd elementor-align-center elementor-mobile-align-center elementor-widget elementor-widget-button\" data-id=\"0d5c3fd\" data-element_type=\"widget\" data-widget_type=\"button.default\">\n\t\t\t\t\t\t<div class=\"elementor-widget-container\">\n\t\t\t\t\t\t\t\t\t<div class=\"elementor-button-wrapper\">\n\t\t\t\t\t<a class=\"elementor-button elementor-button-link elementor-size-sm\" href=\"#\">\n\t\t\t\t\t\t<span class=\"elementor-button-content-wrapper\">\n\t\t\t\t\t\t\t\t\t<span class=\"elementor-button-text\">Weitere Informationen<\/span>\n\t\t\t\t\t<\/span>\n\t\t\t\t\t<\/a>\n\t\t\t\t<\/div>\n\t\t\t\t\t\t\t\t<\/div>\n\t\t\t\t<\/div>\n\t\t\t\t<\/div>\n\t\t\t\t<\/div>\n\t\t\t\t\t<\/div>\n\t\t\t\t<\/div>\n\t\t\t\t<\/div>\n\t\t\t\t<\/div>\n\t\t\t\t\t\t<\/div>\n\t\t\t\t<\/div>\n\t\t\t\t<\/div>\n\t\t<div class=\"elementor-element elementor-element-4f7f162 e-con-full e-flex e-con e-child\" data-id=\"4f7f162\" data-element_type=\"container\">\n\t\t<div class=\"elementor-element elementor-element-d79201d e-con-full e-flex e-con e-child\" data-id=\"d79201d\" data-element_type=\"container\" data-settings=\"{&quot;background_background&quot;:&quot;classic&quot;}\">\n\t\t\t\t<div class=\"elementor-element elementor-element-855faa3 elementor-widget-divider--view-line elementor-widget elementor-widget-divider\" data-id=\"855faa3\" data-element_type=\"widget\" data-widget_type=\"divider.default\">\n\t\t\t\t\t\t<div class=\"elementor-widget-container\">\n\t\t\t\t\t\t\t<div class=\"elementor-divider\">\n\t\t\t<span class=\"elementor-divider-separator\">\n\t\t\t\t\t\t<\/span>\n\t\t<\/div>\n\t\t\t\t\t\t<\/div>\n\t\t\t\t<\/div>\n\t\t\t\t<div class=\"elementor-element elementor-element-57108c0 elementor-widget__width-inherit elementor-widget-divider--view-line elementor-invisible elementor-widget elementor-widget-divider\" data-id=\"57108c0\" data-element_type=\"widget\" data-settings=\"{&quot;_animation&quot;:&quot;fadeInLeft&quot;}\" data-widget_type=\"divider.default\">\n\t\t\t\t\t\t<div class=\"elementor-widget-container\">\n\t\t\t\t\t\t\t<div class=\"elementor-divider\">\n\t\t\t<span class=\"elementor-divider-separator\">\n\t\t\t\t\t\t<\/span>\n\t\t<\/div>\n\t\t\t\t\t\t<\/div>\n\t\t\t\t<\/div>\n\t\t\t\t<\/div>\n\t\t<div class=\"elementor-element elementor-element-55c8a10 e-con-full e-flex e-con e-child\" data-id=\"55c8a10\" data-element_type=\"container\" data-settings=\"{&quot;animation&quot;:&quot;none&quot;}\">\n\t\t\t\t<\/div>\n\t\t<div class=\"elementor-element elementor-element-c022c78 e-con-full e-flex e-con e-child\" data-id=\"c022c78\" data-element_type=\"container\" data-settings=\"{&quot;animation&quot;:&quot;none&quot;}\">\n\t\t\t\t<\/div>\n\t\t<div class=\"elementor-element elementor-element-cc1f62b e-con-full e-flex e-con e-child\" data-id=\"cc1f62b\" data-element_type=\"container\" data-settings=\"{&quot;animation&quot;:&quot;none&quot;}\">\n\t\t\t\t<\/div>\n\t\t<div class=\"elementor-element elementor-element-51d16cb e-con-full e-flex e-con e-child\" data-id=\"51d16cb\" data-element_type=\"container\" data-settings=\"{&quot;animation&quot;:&quot;none&quot;}\">\n\t\t\t\t<\/div>\n\t\t<div class=\"elementor-element elementor-element-e92b92e e-con-full e-flex e-con e-child\" data-id=\"e92b92e\" data-element_type=\"container\" data-settings=\"{&quot;animation&quot;:&quot;none&quot;}\">\n\t\t\t\t<\/div>\n\t\t<div class=\"elementor-element elementor-element-e48648b e-con-full e-flex e-con e-child\" data-id=\"e48648b\" data-element_type=\"container\" data-settings=\"{&quot;animation&quot;:&quot;none&quot;}\">\n\t\t\t\t<\/div>\n\t\t<div class=\"elementor-element elementor-element-594542a e-con-full e-flex e-con e-child\" data-id=\"594542a\" data-element_type=\"container\" data-settings=\"{&quot;animation&quot;:&quot;none&quot;}\">\n\t\t\t\t<\/div>\n\t\t<div class=\"elementor-element elementor-element-6320b1b e-con-full e-flex e-con e-child\" data-id=\"6320b1b\" data-element_type=\"container\" data-settings=\"{&quot;animation&quot;:&quot;none&quot;}\">\n\t\t\t\t<\/div>\n\t\t<div class=\"elementor-element elementor-element-5d898cc e-con-full e-flex e-con e-child\" data-id=\"5d898cc\" data-element_type=\"container\" data-settings=\"{&quot;animation&quot;:&quot;none&quot;}\">\n\t\t\t\t<\/div>\n\t\t<div class=\"elementor-element elementor-element-025e987 e-con-full e-flex e-con e-child\" data-id=\"025e987\" data-element_type=\"container\" data-settings=\"{&quot;animation&quot;:&quot;none&quot;}\">\n\t\t\t\t<\/div>\n\t\t<div class=\"elementor-element elementor-element-8d9927a e-con-full e-flex e-con e-child\" data-id=\"8d9927a\" data-element_type=\"container\" data-settings=\"{&quot;animation&quot;:&quot;none&quot;}\">\n\t\t\t\t<\/div>\n\t\t<div class=\"elementor-element elementor-element-1e8abd2 e-con-full e-flex e-con e-child\" data-id=\"1e8abd2\" data-element_type=\"container\" data-settings=\"{&quot;animation&quot;:&quot;none&quot;}\">\n\t\t\t\t<\/div>\n\t\t<div class=\"elementor-element elementor-element-2fc69f7 e-con-full e-flex e-con e-child\" data-id=\"2fc69f7\" data-element_type=\"container\" data-settings=\"{&quot;animation&quot;:&quot;none&quot;}\">\n\t\t\t\t<\/div>\n\t\t<div class=\"elementor-element elementor-element-c16b5de e-con-full e-flex e-con e-child\" data-id=\"c16b5de\" data-element_type=\"container\" data-settings=\"{&quot;animation&quot;:&quot;none&quot;}\">\n\t\t\t\t<\/div>\n\t\t<div class=\"elementor-element elementor-element-902e0af e-con-full e-flex e-con e-child\" data-id=\"902e0af\" data-element_type=\"container\" data-settings=\"{&quot;animation&quot;:&quot;none&quot;}\">\n\t\t\t\t<\/div>\n\t\t<div class=\"elementor-element elementor-element-46ac802 e-con-full e-flex e-con e-child\" data-id=\"46ac802\" data-element_type=\"container\" data-settings=\"{&quot;animation&quot;:&quot;none&quot;}\">\n\t\t\t\t<\/div>\n\t\t<div class=\"elementor-element elementor-element-0fb2d1b e-con-full e-flex e-con e-child\" data-id=\"0fb2d1b\" data-element_type=\"container\" data-settings=\"{&quot;animation&quot;:&quot;none&quot;}\">\n\t\t\t\t<\/div>\n\t\t<div class=\"elementor-element elementor-element-341e64f e-con-full e-flex e-con e-child\" data-id=\"341e64f\" data-element_type=\"container\" data-settings=\"{&quot;animation&quot;:&quot;none&quot;}\">\n\t\t\t\t<\/div>\n\t\t<div class=\"elementor-element elementor-element-b662611 e-flex e-con-boxed e-con e-child\" data-id=\"b662611\" data-element_type=\"container\">\n\t\t\t\t\t<div class=\"e-con-inner\">\n\t\t<div class=\"elementor-element elementor-element-9fd9ec3 e-con-full e-flex e-con e-child\" data-id=\"9fd9ec3\" data-element_type=\"container\">\n\t\t\t\t<div class=\"elementor-element elementor-element-fa12b3a animated-slow elementor-invisible elementor-widget elementor-widget-heading\" data-id=\"fa12b3a\" data-element_type=\"widget\" data-settings=\"{&quot;_animation&quot;:&quot;slideInUp&quot;}\" data-widget_type=\"heading.default\">\n\t\t\t\t\t\t<div class=\"elementor-widget-container\">\n\t\t\t\t\t<h2 class=\"elementor-heading-title elementor-size-default\">M\u00fchlen und Biokraftstoffe<\/h2>\t\t\t\t<\/div>\n\t\t\t\t<\/div>\n\t\t\t\t<\/div>\n\t\t\t\t\t<\/div>\n\t\t\t\t<\/div>\n\t\t\t\t<\/div>\n\t\t\t\t\t<\/div>\n\t\t\t\t<\/div>\n\t\t\t\t\t<\/div>\n\t\t\t\t<\/div>\n\t\t\t\t\t<\/div>\n\t\t\t\t<\/div>\n\t\t\t\t<\/div>","protected":false},"excerpt":{"rendered":"<p>M\u00fchlen und Biokraftstoffe<\/p>","protected":false},"author":1,"featured_media":0,"parent":0,"menu_order":0,"comment_status":"closed","ping_status":"closed","template":"","meta":{"_acf_changed":false,"footnotes":""},"class_list":["post-1105","page","type-page","status-publish","hentry"],"acf":[],"yoast_head":"<!-- This site is optimized with the Yoast SEO Premium plugin v24.6 (Yoast SEO v24.6) - https:\/\/yoast.com\/wordpress\/plugins\/seo\/ -->\n<title>Ingenios y Biocombustibles - Erasmus Mexico<\/title>\n<meta name=\"robots\" content=\"index, follow, max-snippet:-1, max-image-preview:large, max-video-preview:-1\" \/>\n<link rel=\"canonical\" href=\"https:\/\/erasmuselectric.com.hn\/ingenios-y-biocombustibles\/\" \/>\n<meta property=\"og:locale\" content=\"de_DE\" \/>\n<meta property=\"og:type\" content=\"article\" \/>\n<meta property=\"og:title\" content=\"Ingenios y Biocombustibles\" \/>\n<meta property=\"og:description\" content=\"Ingenios y Biocombustibles\" \/>\n<meta property=\"og:url\" content=\"https:\/\/erasmuselectric.com.hn\/ingenios-y-biocombustibles\/\" \/>\n<meta property=\"og:site_name\" content=\"Erasmus Mexico\" \/>\n<meta property=\"article:modified_time\" content=\"2024-06-27T21:04:19+00:00\" \/>\n<meta name=\"twitter:card\" content=\"summary_large_image\" \/>\n<script type=\"application\/ld+json\" class=\"yoast-schema-graph\">{\"@context\":\"https:\/\/schema.org\",\"@graph\":[{\"@type\":\"WebPage\",\"@id\":\"https:\/\/erasmuselectric.com.hn\/ingenios-y-biocombustibles\/\",\"url\":\"https:\/\/erasmuselectric.com.hn\/ingenios-y-biocombustibles\/\",\"name\":\"Ingenios y Biocombustibles - Erasmus Mexico\",\"isPartOf\":{\"@id\":\"http:\/\/erasmuselectric.com.hn\/#website\"},\"datePublished\":\"2023-04-25T19:56:39+00:00\",\"dateModified\":\"2024-06-27T21:04:19+00:00\",\"breadcrumb\":{\"@id\":\"https:\/\/erasmuselectric.com.hn\/ingenios-y-biocombustibles\/#breadcrumb\"},\"inLanguage\":\"de\",\"potentialAction\":[{\"@type\":\"ReadAction\",\"target\":[\"https:\/\/erasmuselectric.com.hn\/ingenios-y-biocombustibles\/\"]}]},{\"@type\":\"BreadcrumbList\",\"@id\":\"https:\/\/erasmuselectric.com.hn\/ingenios-y-biocombustibles\/#breadcrumb\",\"itemListElement\":[{\"@type\":\"ListItem\",\"position\":1,\"name\":\"Home\",\"item\":\"https:\/\/erasmus.com.co\/mexico\/\"},{\"@type\":\"ListItem\",\"position\":2,\"name\":\"Ingenios y Biocombustibles\"}]},{\"@type\":\"WebSite\",\"@id\":\"http:\/\/erasmuselectric.com.hn\/#website\",\"url\":\"http:\/\/erasmuselectric.com.hn\/\",\"name\":\"Erasmus Mexico\",\"description\":\"Ofrecemos productos y servicios de excelencia para el Sector Industrial\",\"publisher\":{\"@id\":\"http:\/\/erasmuselectric.com.hn\/#organization\"},\"potentialAction\":[{\"@type\":\"SearchAction\",\"target\":{\"@type\":\"EntryPoint\",\"urlTemplate\":\"http:\/\/erasmuselectric.com.hn\/?s={search_term_string}\"},\"query-input\":{\"@type\":\"PropertyValueSpecification\",\"valueRequired\":true,\"valueName\":\"search_term_string\"}}],\"inLanguage\":\"de\"},{\"@type\":\"Organization\",\"@id\":\"http:\/\/erasmuselectric.com.hn\/#organization\",\"name\":\"Erasmus Mexico\",\"url\":\"http:\/\/erasmuselectric.com.hn\/\",\"logo\":{\"@type\":\"ImageObject\",\"inLanguage\":\"de\",\"@id\":\"http:\/\/erasmuselectric.com.hn\/#\/schema\/logo\/image\/\",\"url\":\"https:\/\/erasmus.com.co\/mexico\/wp-content\/uploads\/sites\/25\/2025\/06\/cropped-logo_erasmus_electric_COLOR.png\",\"contentUrl\":\"https:\/\/erasmus.com.co\/mexico\/wp-content\/uploads\/sites\/25\/2025\/06\/cropped-logo_erasmus_electric_COLOR.png\",\"width\":373,\"height\":100,\"caption\":\"Erasmus Mexico\"},\"image\":{\"@id\":\"http:\/\/erasmuselectric.com.hn\/#\/schema\/logo\/image\/\"}}]}<\/script>\n<!-- \/ Yoast SEO Premium plugin. -->","yoast_head_json":{"title":"Ingenios y Biocombustibles - Erasmus Mexico","robots":{"index":"index","follow":"follow","max-snippet":"max-snippet:-1","max-image-preview":"max-image-preview:large","max-video-preview":"max-video-preview:-1"},"canonical":"https:\/\/erasmuselectric.com.hn\/ingenios-y-biocombustibles\/","og_locale":"de_DE","og_type":"article","og_title":"Ingenios y Biocombustibles","og_description":"Ingenios y Biocombustibles","og_url":"https:\/\/erasmuselectric.com.hn\/ingenios-y-biocombustibles\/","og_site_name":"Erasmus Mexico","article_modified_time":"2024-06-27T21:04:19+00:00","twitter_card":"summary_large_image","schema":{"@context":"https:\/\/schema.org","@graph":[{"@type":"WebPage","@id":"https:\/\/erasmuselectric.com.hn\/ingenios-y-biocombustibles\/","url":"https:\/\/erasmuselectric.com.hn\/ingenios-y-biocombustibles\/","name":"Ingenios y Biocombustibles - Erasmus Mexico","isPartOf":{"@id":"http:\/\/erasmuselectric.com.hn\/#website"},"datePublished":"2023-04-25T19:56:39+00:00","dateModified":"2024-06-27T21:04:19+00:00","breadcrumb":{"@id":"https:\/\/erasmuselectric.com.hn\/ingenios-y-biocombustibles\/#breadcrumb"},"inLanguage":"de","potentialAction":[{"@type":"ReadAction","target":["https:\/\/erasmuselectric.com.hn\/ingenios-y-biocombustibles\/"]}]},{"@type":"BreadcrumbList","@id":"https:\/\/erasmuselectric.com.hn\/ingenios-y-biocombustibles\/#breadcrumb","itemListElement":[{"@type":"ListItem","position":1,"name":"Home","item":"https:\/\/erasmus.com.co\/mexico\/"},{"@type":"ListItem","position":2,"name":"Ingenios y Biocombustibles"}]},{"@type":"WebSite","@id":"http:\/\/erasmuselectric.com.hn\/#website","url":"http:\/\/erasmuselectric.com.hn\/","name":"Erasmus Mexico","description":"Ofrecemos productos y servicios de excelencia para el Sector Industrial","publisher":{"@id":"http:\/\/erasmuselectric.com.hn\/#organization"},"potentialAction":[{"@type":"SearchAction","target":{"@type":"EntryPoint","urlTemplate":"http:\/\/erasmuselectric.com.hn\/?s={search_term_string}"},"query-input":{"@type":"PropertyValueSpecification","valueRequired":true,"valueName":"search_term_string"}}],"inLanguage":"de"},{"@type":"Organization","@id":"http:\/\/erasmuselectric.com.hn\/#organization","name":"Erasmus Mexico","url":"http:\/\/erasmuselectric.com.hn\/","logo":{"@type":"ImageObject","inLanguage":"de","@id":"http:\/\/erasmuselectric.com.hn\/#\/schema\/logo\/image\/","url":"https:\/\/erasmus.com.co\/mexico\/wp-content\/uploads\/sites\/25\/2025\/06\/cropped-logo_erasmus_electric_COLOR.png","contentUrl":"https:\/\/erasmus.com.co\/mexico\/wp-content\/uploads\/sites\/25\/2025\/06\/cropped-logo_erasmus_electric_COLOR.png","width":373,"height":100,"caption":"Erasmus Mexico"},"image":{"@id":"http:\/\/erasmuselectric.com.hn\/#\/schema\/logo\/image\/"}}]}},"_links":{"self":[{"href":"https:\/\/erasmus.com.co\/mexico\/de\/wp-json\/wp\/v2\/pages\/1105","targetHints":{"allow":["GET"]}}],"collection":[{"href":"https:\/\/erasmus.com.co\/mexico\/de\/wp-json\/wp\/v2\/pages"}],"about":[{"href":"https:\/\/erasmus.com.co\/mexico\/de\/wp-json\/wp\/v2\/types\/page"}],"author":[{"embeddable":true,"href":"https:\/\/erasmus.com.co\/mexico\/de\/wp-json\/wp\/v2\/users\/1"}],"replies":[{"embeddable":true,"href":"https:\/\/erasmus.com.co\/mexico\/de\/wp-json\/wp\/v2\/comments?post=1105"}],"version-history":[{"count":7,"href":"https:\/\/erasmus.com.co\/mexico\/de\/wp-json\/wp\/v2\/pages\/1105\/revisions"}],"predecessor-version":[{"id":2917,"href":"https:\/\/erasmus.com.co\/mexico\/de\/wp-json\/wp\/v2\/pages\/1105\/revisions\/2917"}],"wp:attachment":[{"href":"https:\/\/erasmus.com.co\/mexico\/de\/wp-json\/wp\/v2\/media?parent=1105"}],"curies":[{"name":"wp","href":"https:\/\/api.w.org\/{rel}","templated":true}]}}