{"id":1113,"date":"2023-04-25T19:57:40","date_gmt":"2023-04-25T19:57:40","guid":{"rendered":"https:\/\/erasmus.com.co\/?page_id=1113"},"modified":"2024-11-05T22:43:38","modified_gmt":"2024-11-05T22:43:38","slug":"automotriz","status":"publish","type":"page","link":"https:\/\/erasmus.com.co\/mexico\/de\/automotriz\/","title":{"rendered":"Automobilindustrie"},"content":{"rendered":"<div data-elementor-type=\"wp-page\" data-elementor-id=\"1113\" class=\"elementor elementor-1113\" data-elementor-post-type=\"page\">\n\t\t\t\t<div class=\"elementor-element elementor-element-86e3735 e-flex e-con-boxed e-con e-parent\" data-id=\"86e3735\" data-element_type=\"container\">\n\t\t\t\t\t<div class=\"e-con-inner\">\n\t\t<div class=\"elementor-element elementor-element-4d60f87 e-flex e-con-boxed e-con e-child\" data-id=\"4d60f87\" data-element_type=\"container\">\n\t\t\t\t\t<div class=\"e-con-inner\">\n\t\t<div class=\"elementor-element elementor-element-8e32626 e-flex e-con-boxed e-con e-child\" data-id=\"8e32626\" data-element_type=\"container\">\n\t\t\t\t\t<div class=\"e-con-inner\">\n\t\t<div class=\"elementor-element elementor-element-2ad2a5d e-con-full elementor-hidden-tablet elementor-hidden-mobile e-flex e-con e-child\" data-id=\"2ad2a5d\" data-element_type=\"container\" data-settings=\"{&quot;background_background&quot;:&quot;classic&quot;}\">\n\t\t\t\t<div class=\"elementor-element elementor-element-a22cf60 elementor-widget elementor-widget-template\" data-id=\"a22cf60\" data-element_type=\"widget\" data-widget_type=\"template.default\">\n\t\t\t\t\t\t<div class=\"elementor-widget-container\">\n\t\t\t\t\t\t\t<div class=\"elementor-template\">\n\t\t\t\t\t<div data-elementor-type=\"archive\" data-elementor-id=\"403\" class=\"elementor elementor-403\" data-elementor-post-type=\"elementor_library\">\n\t\t\t<div class=\"elementor-element elementor-element-d9779d1 e-flex e-con-boxed e-con e-parent\" data-id=\"d9779d1\" data-element_type=\"container\">\n\t\t\t\t\t<div class=\"e-con-inner\">\n\t\t<div class=\"elementor-element elementor-element-97b1f04 e-con-full e-flex elementor-invisible e-con e-parent\" data-id=\"97b1f04\" data-element_type=\"container\" data-settings=\"{&quot;background_background&quot;:&quot;gradient&quot;,&quot;animation&quot;:&quot;fadeInUp&quot;,&quot;animation_delay&quot;:&quot;100&quot;}\">\n\t\t\t\t<div class=\"elementor-element elementor-element-13525fd elementor-widget__width-inherit elementor-widget elementor-widget-image\" data-id=\"13525fd\" data-element_type=\"widget\" data-widget_type=\"image.default\">\n\t\t\t\t\t\t<div class=\"elementor-widget-container\">\n\t\t\t\t\t\t\t\t\t\t\t\t\t\t\t<img fetchpriority=\"high\" decoding=\"async\" width=\"768\" height=\"1024\" src=\"https:\/\/erasmus.com.co\/mexico\/wp-content\/uploads\/sites\/25\/2023\/03\/WhatsApp-Image-2022-11-30-at-11.59.38-AM-768x1024.jpeg\" class=\"attachment-large size-large wp-image-407\" alt=\"\" srcset=\"https:\/\/erasmus.com.co\/mexico\/wp-content\/uploads\/sites\/25\/2023\/03\/WhatsApp-Image-2022-11-30-at-11.59.38-AM-768x1024.jpeg 768w, https:\/\/erasmus.com.co\/mexico\/wp-content\/uploads\/sites\/25\/2023\/03\/WhatsApp-Image-2022-11-30-at-11.59.38-AM-225x300.jpeg 225w, https:\/\/erasmus.com.co\/mexico\/wp-content\/uploads\/sites\/25\/2023\/03\/WhatsApp-Image-2022-11-30-at-11.59.38-AM.jpeg 960w\" sizes=\"(max-width: 768px) 100vw, 768px\" \/>\t\t\t\t\t\t\t\t\t\t\t\t\t\t\t<\/div>\n\t\t\t\t<\/div>\n\t\t\t\t<\/div>\n\t\t<div class=\"elementor-element elementor-element-a15a984 e-con-full e-flex e-con e-parent\" data-id=\"a15a984\" data-element_type=\"container\" data-settings=\"{&quot;background_background&quot;:&quot;gradient&quot;}\">\n\t\t\t\t<div class=\"elementor-element elementor-element-57d6a5b elementor-widget elementor-widget-heading\" data-id=\"57d6a5b\" data-element_type=\"widget\" data-widget_type=\"heading.default\">\n\t\t\t\t\t\t<div class=\"elementor-widget-container\">\n\t\t\t\t\t<h6 class=\"elementor-heading-title elementor-size-default\">KURSE<\/h6>\t\t\t\t<\/div>\n\t\t\t\t<\/div>\n\t\t\t\t<div class=\"elementor-element elementor-element-0ead81f elementor-widget elementor-widget-heading\" data-id=\"0ead81f\" data-element_type=\"widget\" data-widget_type=\"heading.default\">\n\t\t\t\t\t\t<div class=\"elementor-widget-container\">\n\t\t\t\t\t<h2 class=\"elementor-heading-title elementor-size-default\">THEORETISCH UND PRAKTISCH<\/h2>\t\t\t\t<\/div>\n\t\t\t\t<\/div>\n\t\t\t\t<div class=\"elementor-element elementor-element-a240193 elementor-widget elementor-widget-text-editor\" data-id=\"a240193\" data-element_type=\"widget\" data-widget_type=\"text-editor.default\">\n\t\t\t\t\t\t<div class=\"elementor-widget-container\">\n\t\t\t\t\t\t\t\t\t<p>Wir bieten theoretische und praktische Kurse f\u00fcr Elektroingenieure und Techniker zu elektrischen Konzepten und Pr\u00fcfungen an.<\/p>\t\t\t\t\t\t\t\t<\/div>\n\t\t\t\t<\/div>\n\t\t\t\t<div class=\"elementor-element elementor-element-75d8923 elementor-align-center elementor-mobile-align-center elementor-widget elementor-widget-button\" data-id=\"75d8923\" data-element_type=\"widget\" data-widget_type=\"button.default\">\n\t\t\t\t\t\t<div class=\"elementor-widget-container\">\n\t\t\t\t\t\t\t\t\t<div class=\"elementor-button-wrapper\">\n\t\t\t\t\t<a class=\"elementor-button elementor-button-link elementor-size-sm\" href=\"#\">\n\t\t\t\t\t\t<span class=\"elementor-button-content-wrapper\">\n\t\t\t\t\t\t\t\t\t<span class=\"elementor-button-text\">Weitere Informationen<\/span>\n\t\t\t\t\t<\/span>\n\t\t\t\t\t<\/a>\n\t\t\t\t<\/div>\n\t\t\t\t\t\t\t\t<\/div>\n\t\t\t\t<\/div>\n\t\t\t\t<\/div>\n\t\t\t\t\t<\/div>\n\t\t\t\t<\/div>\n\t\t<div class=\"elementor-element elementor-element-afd789b e-flex e-con-boxed e-con e-parent\" data-id=\"afd789b\" data-element_type=\"container\">\n\t\t\t\t\t<div class=\"e-con-inner\">\n\t\t<div class=\"elementor-element elementor-element-244e275 e-con-full e-flex elementor-invisible e-con e-parent\" data-id=\"244e275\" data-element_type=\"container\" data-settings=\"{&quot;background_background&quot;:&quot;gradient&quot;,&quot;animation&quot;:&quot;fadeInUp&quot;,&quot;animation_delay&quot;:&quot;300&quot;}\">\n\t\t\t\t<div class=\"elementor-element elementor-element-52764aa elementor-widget__width-inherit elementor-widget elementor-widget-image\" data-id=\"52764aa\" data-element_type=\"widget\" data-widget_type=\"image.default\">\n\t\t\t\t\t\t<div class=\"elementor-widget-container\">\n\t\t\t\t\t\t\t\t\t\t\t\t\t\t\t<img decoding=\"async\" width=\"414\" height=\"236\" src=\"https:\/\/erasmus.com.co\/mexico\/wp-content\/uploads\/sites\/25\/2023\/03\/Contenido-Capacitacion-Manejo-de-Equipo-OMICRON-CIBANO-500.png\" class=\"attachment-large size-large wp-image-371\" alt=\"\" srcset=\"https:\/\/erasmus.com.co\/mexico\/wp-content\/uploads\/sites\/25\/2023\/03\/Contenido-Capacitacion-Manejo-de-Equipo-OMICRON-CIBANO-500.png 414w, https:\/\/erasmus.com.co\/mexico\/wp-content\/uploads\/sites\/25\/2023\/03\/Contenido-Capacitacion-Manejo-de-Equipo-OMICRON-CIBANO-500-300x171.png 300w\" sizes=\"(max-width: 414px) 100vw, 414px\" \/>\t\t\t\t\t\t\t\t\t\t\t\t\t\t\t<\/div>\n\t\t\t\t<\/div>\n\t\t<div class=\"elementor-element elementor-element-b33f658 e-con-full e-flex e-con e-parent\" data-id=\"b33f658\" data-element_type=\"container\" data-settings=\"{&quot;background_background&quot;:&quot;gradient&quot;}\">\n\t\t\t\t<div class=\"elementor-element elementor-element-51d8f35 elementor-widget elementor-widget-heading\" data-id=\"51d8f35\" data-element_type=\"widget\" data-widget_type=\"heading.default\">\n\t\t\t\t\t\t<div class=\"elementor-widget-container\">\n\t\t\t\t\t<h6 class=\"elementor-heading-title elementor-size-default\">DIENST DER<\/h6>\t\t\t\t<\/div>\n\t\t\t\t<\/div>\n\t\t\t\t<div class=\"elementor-element elementor-element-e58f1b8 elementor-widget elementor-widget-heading\" data-id=\"e58f1b8\" data-element_type=\"widget\" data-widget_type=\"heading.default\">\n\t\t\t\t\t\t<div class=\"elementor-widget-container\">\n\t\t\t\t\t<h2 class=\"elementor-heading-title elementor-size-default\">LABOR<\/h2>\t\t\t\t<\/div>\n\t\t\t\t<\/div>\n\t\t\t\t<div class=\"elementor-element elementor-element-13e53c6 elementor-widget elementor-widget-text-editor\" data-id=\"13e53c6\" data-element_type=\"widget\" data-widget_type=\"text-editor.default\">\n\t\t\t\t\t\t<div class=\"elementor-widget-container\">\n\t\t\t\t\t\t\t\t\t<p>Wir verf\u00fcgen \u00fcber ein komplettes Labor f\u00fcr die Kalibrierung und Reparatur von Pr\u00fcfger\u00e4ten, mit dem wir den Kundendienst gew\u00e4hrleisten.<\/p>\t\t\t\t\t\t\t\t<\/div>\n\t\t\t\t<\/div>\n\t\t\t\t<div class=\"elementor-element elementor-element-0d5c3fd elementor-align-center elementor-mobile-align-center elementor-widget elementor-widget-button\" data-id=\"0d5c3fd\" data-element_type=\"widget\" data-widget_type=\"button.default\">\n\t\t\t\t\t\t<div class=\"elementor-widget-container\">\n\t\t\t\t\t\t\t\t\t<div class=\"elementor-button-wrapper\">\n\t\t\t\t\t<a class=\"elementor-button elementor-button-link elementor-size-sm\" href=\"#\">\n\t\t\t\t\t\t<span class=\"elementor-button-content-wrapper\">\n\t\t\t\t\t\t\t\t\t<span class=\"elementor-button-text\">Weitere Informationen<\/span>\n\t\t\t\t\t<\/span>\n\t\t\t\t\t<\/a>\n\t\t\t\t<\/div>\n\t\t\t\t\t\t\t\t<\/div>\n\t\t\t\t<\/div>\n\t\t\t\t<\/div>\n\t\t\t\t<\/div>\n\t\t\t\t\t<\/div>\n\t\t\t\t<\/div>\n\t\t\t\t<\/div>\n\t\t\t\t<\/div>\n\t\t\t\t\t\t<\/div>\n\t\t\t\t<\/div>\n\t\t\t\t<\/div>\n\t\t<div class=\"elementor-element elementor-element-c83e168 e-con-full e-flex e-con e-child\" data-id=\"c83e168\" data-element_type=\"container\">\n\t\t<div class=\"elementor-element elementor-element-51e7187 e-con-full e-flex e-con e-child\" data-id=\"51e7187\" data-element_type=\"container\" data-settings=\"{&quot;background_background&quot;:&quot;classic&quot;}\">\n\t\t\t\t<div class=\"elementor-element elementor-element-ab922e6 elementor-widget-divider--view-line elementor-widget elementor-widget-divider\" data-id=\"ab922e6\" data-element_type=\"widget\" data-widget_type=\"divider.default\">\n\t\t\t\t\t\t<div class=\"elementor-widget-container\">\n\t\t\t\t\t\t\t<div class=\"elementor-divider\">\n\t\t\t<span class=\"elementor-divider-separator\">\n\t\t\t\t\t\t<\/span>\n\t\t<\/div>\n\t\t\t\t\t\t<\/div>\n\t\t\t\t<\/div>\n\t\t\t\t<div class=\"elementor-element elementor-element-2f72efa elementor-widget__width-inherit elementor-widget-divider--view-line elementor-invisible elementor-widget elementor-widget-divider\" data-id=\"2f72efa\" data-element_type=\"widget\" data-settings=\"{&quot;_animation&quot;:&quot;fadeInLeft&quot;}\" data-widget_type=\"divider.default\">\n\t\t\t\t\t\t<div class=\"elementor-widget-container\">\n\t\t\t\t\t\t\t<div class=\"elementor-divider\">\n\t\t\t<span class=\"elementor-divider-separator\">\n\t\t\t\t\t\t<\/span>\n\t\t<\/div>\n\t\t\t\t\t\t<\/div>\n\t\t\t\t<\/div>\n\t\t\t\t<\/div>\n\t\t<div class=\"elementor-element elementor-element-65d77bc e-con-full e-flex e-con e-child\" data-id=\"65d77bc\" data-element_type=\"container\" data-settings=\"{&quot;animation&quot;:&quot;none&quot;}\">\n\t\t\t\t<\/div>\n\t\t<div class=\"elementor-element elementor-element-71f74a7 e-con-full e-flex e-con e-child\" data-id=\"71f74a7\" data-element_type=\"container\" data-settings=\"{&quot;animation&quot;:&quot;none&quot;}\">\n\t\t\t\t<\/div>\n\t\t<div class=\"elementor-element elementor-element-eb5ffff e-con-full e-flex e-con e-child\" data-id=\"eb5ffff\" data-element_type=\"container\" data-settings=\"{&quot;animation&quot;:&quot;none&quot;}\">\n\t\t\t\t<\/div>\n\t\t<div class=\"elementor-element elementor-element-419f41b e-con-full e-flex e-con e-child\" data-id=\"419f41b\" data-element_type=\"container\" data-settings=\"{&quot;animation&quot;:&quot;none&quot;}\">\n\t\t\t\t<\/div>\n\t\t<div class=\"elementor-element elementor-element-b6d4303 e-con-full e-flex e-con e-child\" data-id=\"b6d4303\" data-element_type=\"container\" data-settings=\"{&quot;animation&quot;:&quot;none&quot;}\">\n\t\t\t\t<\/div>\n\t\t<div class=\"elementor-element elementor-element-11316fc e-con-full e-flex e-con e-child\" data-id=\"11316fc\" data-element_type=\"container\" data-settings=\"{&quot;animation&quot;:&quot;none&quot;}\">\n\t\t\t\t<\/div>\n\t\t<div class=\"elementor-element elementor-element-7dd19fb e-con-full e-flex e-con e-child\" data-id=\"7dd19fb\" data-element_type=\"container\" data-settings=\"{&quot;animation&quot;:&quot;none&quot;}\">\n\t\t\t\t<\/div>\n\t\t<div class=\"elementor-element elementor-element-534d067 e-con-full e-flex e-con e-child\" data-id=\"534d067\" data-element_type=\"container\" data-settings=\"{&quot;animation&quot;:&quot;none&quot;}\">\n\t\t\t\t<\/div>\n\t\t<div class=\"elementor-element elementor-element-da3819e e-con-full e-flex e-con e-child\" data-id=\"da3819e\" data-element_type=\"container\" data-settings=\"{&quot;animation&quot;:&quot;none&quot;}\">\n\t\t\t\t<\/div>\n\t\t<div class=\"elementor-element elementor-element-54c289b e-con-full e-flex e-con e-child\" data-id=\"54c289b\" data-element_type=\"container\" data-settings=\"{&quot;animation&quot;:&quot;none&quot;}\">\n\t\t\t\t<\/div>\n\t\t<div class=\"elementor-element elementor-element-2b1ccd4 e-con-full e-flex e-con e-child\" data-id=\"2b1ccd4\" data-element_type=\"container\" data-settings=\"{&quot;animation&quot;:&quot;none&quot;}\">\n\t\t\t\t<\/div>\n\t\t<div class=\"elementor-element elementor-element-e29caf3 e-con-full e-flex e-con e-child\" data-id=\"e29caf3\" data-element_type=\"container\" data-settings=\"{&quot;animation&quot;:&quot;none&quot;}\">\n\t\t\t\t<\/div>\n\t\t<div class=\"elementor-element elementor-element-6c567f4 e-con-full e-flex e-con e-child\" data-id=\"6c567f4\" data-element_type=\"container\" data-settings=\"{&quot;animation&quot;:&quot;none&quot;}\">\n\t\t\t\t<\/div>\n\t\t<div class=\"elementor-element elementor-element-e5ed76d e-con-full e-flex e-con e-child\" data-id=\"e5ed76d\" data-element_type=\"container\" data-settings=\"{&quot;animation&quot;:&quot;none&quot;}\">\n\t\t\t\t<\/div>\n\t\t<div class=\"elementor-element elementor-element-722625f e-con-full e-flex e-con e-child\" data-id=\"722625f\" data-element_type=\"container\" data-settings=\"{&quot;animation&quot;:&quot;none&quot;}\">\n\t\t\t\t<\/div>\n\t\t<div class=\"elementor-element elementor-element-0100632 e-con-full e-flex e-con e-child\" data-id=\"0100632\" data-element_type=\"container\" data-settings=\"{&quot;animation&quot;:&quot;none&quot;}\">\n\t\t\t\t<\/div>\n\t\t<div class=\"elementor-element elementor-element-6294b22 e-con-full e-flex e-con e-child\" data-id=\"6294b22\" data-element_type=\"container\" data-settings=\"{&quot;animation&quot;:&quot;none&quot;}\">\n\t\t\t\t<\/div>\n\t\t<div class=\"elementor-element elementor-element-e4dc770 e-con-full e-flex e-con e-child\" data-id=\"e4dc770\" data-element_type=\"container\" data-settings=\"{&quot;animation&quot;:&quot;none&quot;}\">\n\t\t\t\t<\/div>\n\t\t<div class=\"elementor-element elementor-element-a2f75e4 e-flex e-con-boxed e-con e-child\" data-id=\"a2f75e4\" data-element_type=\"container\">\n\t\t\t\t\t<div class=\"e-con-inner\">\n\t\t<div class=\"elementor-element elementor-element-10bd70a e-con-full e-flex e-con e-child\" data-id=\"10bd70a\" data-element_type=\"container\">\n\t\t\t\t<div class=\"elementor-element elementor-element-a5c6ca2 animated-slow elementor-invisible elementor-widget elementor-widget-heading\" data-id=\"a5c6ca2\" data-element_type=\"widget\" data-settings=\"{&quot;_animation&quot;:&quot;slideInUp&quot;}\" data-widget_type=\"heading.default\">\n\t\t\t\t\t\t<div class=\"elementor-widget-container\">\n\t\t\t\t\t<h2 class=\"elementor-heading-title elementor-size-default\">Automobilindustrie<\/h2>\t\t\t\t<\/div>\n\t\t\t\t<\/div>\n\t\t\t\t<\/div>\n\t\t\t\t\t<\/div>\n\t\t\t\t<\/div>\n\t\t<div class=\"elementor-element elementor-element-5484bbc e-con-full e-flex e-con e-child\" data-id=\"5484bbc\" data-element_type=\"container\">\n\t\t<div class=\"elementor-element elementor-element-e6df2e2 e-con-full e-flex e-con e-child\" data-id=\"e6df2e2\" data-element_type=\"container\">\n\t\t\t\t<div class=\"elementor-element elementor-element-6f126bb elementor-cta--layout-image-above elementor-widget__width-inherit elementor-widget-tablet__width-inherit elementor-cta--skin-classic elementor-animated-content elementor-bg-transform elementor-bg-transform-zoom-in elementor-widget elementor-widget-call-to-action\" data-id=\"6f126bb\" data-element_type=\"widget\" data-widget_type=\"call-to-action.default\">\n\t\t\t\t\t\t<div class=\"elementor-widget-container\">\n\t\t\t\t\t\t\t<a class=\"elementor-cta\" href=\"https:\/\/erasmus.com.co\/mexico\/de\/Erasmus\/staubli\/\">\n\t\t\t\t\t<div class=\"elementor-cta__bg-wrapper\">\n\t\t\t\t<div class=\"elementor-cta__bg elementor-bg\" style=\"background-image: url(https:\/\/erasmus.com.co\/mexico\/wp-content\/uploads\/sites\/25\/2023\/04\/AUTOMOTRIZ_STAUBLI.jpeg);\" role=\"img\" aria-label=\"AUTO_STAUBLI\"><\/div>\n\t\t\t\t<div class=\"elementor-cta__bg-overlay\"><\/div>\n\t\t\t<\/div>\n\t\t\t\t\t\t\t<div class=\"elementor-cta__content\">\n\t\t\t\t\n\t\t\t\t\n\t\t\t\t\n\t\t\t\t\t\t\t\t\t<div class=\"elementor-cta__button-wrapper elementor-cta__content-item elementor-content-item\">\n\t\t\t\t\t<span class=\"elementor-cta__button elementor-button elementor-size-\">\n\t\t\t\t\t\tST\u00c4UBLI\t\t\t\t\t<\/span>\n\t\t\t\t\t<\/div>\n\t\t\t\t\t\t\t<\/div>\n\t\t\t\t\t\t<\/a>\n\t\t\t\t\t\t<\/div>\n\t\t\t\t<\/div>\n\t\t\t\t<div class=\"elementor-element elementor-element-8148561 elementor-widget elementor-widget-text-editor\" data-id=\"8148561\" data-element_type=\"widget\" data-widget_type=\"text-editor.default\">\n\t\t\t\t\t\t<div class=\"elementor-widget-container\">\n\t\t\t\t\t\t\t\t\tAutoindustrie <br>\u00a0<a href=\"https:\/\/erasmusinstitute.com.co\/wp-content\/uploads\/2023\/04\/automotive-quick-connections-en_-comprimido-comprimido.pdf\" target=\"_blank\" rel=\"noopener\">Fallstudie\u00a0<\/a>\t\t\t\t\t\t\t\t<\/div>\n\t\t\t\t<\/div>\n\t\t\t\t<\/div>\n\t\t<div class=\"elementor-element elementor-element-1c1999e e-con-full e-flex e-con e-child\" data-id=\"1c1999e\" data-element_type=\"container\">\n\t\t\t\t<\/div>\n\t\t<div class=\"elementor-element elementor-element-319252f e-con-full e-flex e-con e-child\" data-id=\"319252f\" data-element_type=\"container\">\n\t\t\t\t<\/div>\n\t\t\t\t<\/div>\n\t\t\t\t<\/div>\n\t\t\t\t\t<\/div>\n\t\t\t\t<\/div>\n\t\t\t\t\t<\/div>\n\t\t\t\t<\/div>\n\t\t\t\t\t<\/div>\n\t\t\t\t<\/div>\n\t\t\t\t<\/div>","protected":false},"excerpt":{"rendered":"<p>Automotriz ST\u00c4UBLI Industria Automotriz \u00a0Caso de \u00c9xito\u00a0<\/p>","protected":false},"author":1,"featured_media":0,"parent":0,"menu_order":0,"comment_status":"closed","ping_status":"closed","template":"","meta":{"_acf_changed":false,"footnotes":""},"class_list":["post-1113","page","type-page","status-publish","hentry"],"acf":[],"yoast_head":"<!-- This site is optimized with the Yoast SEO Premium plugin v24.6 (Yoast SEO v24.6) - https:\/\/yoast.com\/wordpress\/plugins\/seo\/ -->\n<title>Automotriz - Erasmus Mexico<\/title>\n<meta name=\"robots\" content=\"index, follow, max-snippet:-1, max-image-preview:large, max-video-preview:-1\" \/>\n<link rel=\"canonical\" href=\"https:\/\/erasmuselectric.com.hn\/automotriz\/\" \/>\n<meta property=\"og:locale\" content=\"de_DE\" \/>\n<meta property=\"og:type\" content=\"article\" \/>\n<meta property=\"og:title\" content=\"Automotriz\" \/>\n<meta property=\"og:description\" content=\"Automotriz ST\u00c4UBLI Industria Automotriz \u00a0Caso de \u00c9xito\u00a0\" \/>\n<meta property=\"og:url\" content=\"https:\/\/erasmuselectric.com.hn\/automotriz\/\" \/>\n<meta property=\"og:site_name\" content=\"Erasmus Mexico\" \/>\n<meta property=\"article:modified_time\" content=\"2024-11-05T22:43:38+00:00\" \/>\n<meta name=\"twitter:card\" content=\"summary_large_image\" \/>\n<script type=\"application\/ld+json\" class=\"yoast-schema-graph\">{\"@context\":\"https:\/\/schema.org\",\"@graph\":[{\"@type\":\"WebPage\",\"@id\":\"https:\/\/erasmuselectric.com.hn\/automotriz\/\",\"url\":\"https:\/\/erasmuselectric.com.hn\/automotriz\/\",\"name\":\"Automotriz - Erasmus Mexico\",\"isPartOf\":{\"@id\":\"http:\/\/erasmuselectric.com.hn\/#website\"},\"datePublished\":\"2023-04-25T19:57:40+00:00\",\"dateModified\":\"2024-11-05T22:43:38+00:00\",\"breadcrumb\":{\"@id\":\"https:\/\/erasmuselectric.com.hn\/automotriz\/#breadcrumb\"},\"inLanguage\":\"de\",\"potentialAction\":[{\"@type\":\"ReadAction\",\"target\":[\"https:\/\/erasmuselectric.com.hn\/automotriz\/\"]}]},{\"@type\":\"BreadcrumbList\",\"@id\":\"https:\/\/erasmuselectric.com.hn\/automotriz\/#breadcrumb\",\"itemListElement\":[{\"@type\":\"ListItem\",\"position\":1,\"name\":\"Home\",\"item\":\"https:\/\/erasmus.com.co\/mexico\/\"},{\"@type\":\"ListItem\",\"position\":2,\"name\":\"Automotriz\"}]},{\"@type\":\"WebSite\",\"@id\":\"http:\/\/erasmuselectric.com.hn\/#website\",\"url\":\"http:\/\/erasmuselectric.com.hn\/\",\"name\":\"Erasmus Mexico\",\"description\":\"Ofrecemos productos y servicios de excelencia para el Sector Industrial\",\"publisher\":{\"@id\":\"http:\/\/erasmuselectric.com.hn\/#organization\"},\"potentialAction\":[{\"@type\":\"SearchAction\",\"target\":{\"@type\":\"EntryPoint\",\"urlTemplate\":\"http:\/\/erasmuselectric.com.hn\/?s={search_term_string}\"},\"query-input\":{\"@type\":\"PropertyValueSpecification\",\"valueRequired\":true,\"valueName\":\"search_term_string\"}}],\"inLanguage\":\"de\"},{\"@type\":\"Organization\",\"@id\":\"http:\/\/erasmuselectric.com.hn\/#organization\",\"name\":\"Erasmus Mexico\",\"url\":\"http:\/\/erasmuselectric.com.hn\/\",\"logo\":{\"@type\":\"ImageObject\",\"inLanguage\":\"de\",\"@id\":\"http:\/\/erasmuselectric.com.hn\/#\/schema\/logo\/image\/\",\"url\":\"https:\/\/erasmus.com.co\/mexico\/wp-content\/uploads\/sites\/25\/2025\/06\/cropped-logo_erasmus_electric_COLOR.png\",\"contentUrl\":\"https:\/\/erasmus.com.co\/mexico\/wp-content\/uploads\/sites\/25\/2025\/06\/cropped-logo_erasmus_electric_COLOR.png\",\"width\":373,\"height\":100,\"caption\":\"Erasmus Mexico\"},\"image\":{\"@id\":\"http:\/\/erasmuselectric.com.hn\/#\/schema\/logo\/image\/\"}}]}<\/script>\n<!-- \/ Yoast SEO Premium plugin. -->","yoast_head_json":{"title":"Automotriz - Erasmus Mexico","robots":{"index":"index","follow":"follow","max-snippet":"max-snippet:-1","max-image-preview":"max-image-preview:large","max-video-preview":"max-video-preview:-1"},"canonical":"https:\/\/erasmuselectric.com.hn\/automotriz\/","og_locale":"de_DE","og_type":"article","og_title":"Automotriz","og_description":"Automotriz ST\u00c4UBLI Industria Automotriz \u00a0Caso de \u00c9xito\u00a0","og_url":"https:\/\/erasmuselectric.com.hn\/automotriz\/","og_site_name":"Erasmus Mexico","article_modified_time":"2024-11-05T22:43:38+00:00","twitter_card":"summary_large_image","schema":{"@context":"https:\/\/schema.org","@graph":[{"@type":"WebPage","@id":"https:\/\/erasmuselectric.com.hn\/automotriz\/","url":"https:\/\/erasmuselectric.com.hn\/automotriz\/","name":"Automotriz - Erasmus Mexico","isPartOf":{"@id":"http:\/\/erasmuselectric.com.hn\/#website"},"datePublished":"2023-04-25T19:57:40+00:00","dateModified":"2024-11-05T22:43:38+00:00","breadcrumb":{"@id":"https:\/\/erasmuselectric.com.hn\/automotriz\/#breadcrumb"},"inLanguage":"de","potentialAction":[{"@type":"ReadAction","target":["https:\/\/erasmuselectric.com.hn\/automotriz\/"]}]},{"@type":"BreadcrumbList","@id":"https:\/\/erasmuselectric.com.hn\/automotriz\/#breadcrumb","itemListElement":[{"@type":"ListItem","position":1,"name":"Home","item":"https:\/\/erasmus.com.co\/mexico\/"},{"@type":"ListItem","position":2,"name":"Automotriz"}]},{"@type":"WebSite","@id":"http:\/\/erasmuselectric.com.hn\/#website","url":"http:\/\/erasmuselectric.com.hn\/","name":"Erasmus Mexico","description":"Ofrecemos productos y servicios de excelencia para el Sector Industrial","publisher":{"@id":"http:\/\/erasmuselectric.com.hn\/#organization"},"potentialAction":[{"@type":"SearchAction","target":{"@type":"EntryPoint","urlTemplate":"http:\/\/erasmuselectric.com.hn\/?s={search_term_string}"},"query-input":{"@type":"PropertyValueSpecification","valueRequired":true,"valueName":"search_term_string"}}],"inLanguage":"de"},{"@type":"Organization","@id":"http:\/\/erasmuselectric.com.hn\/#organization","name":"Erasmus Mexico","url":"http:\/\/erasmuselectric.com.hn\/","logo":{"@type":"ImageObject","inLanguage":"de","@id":"http:\/\/erasmuselectric.com.hn\/#\/schema\/logo\/image\/","url":"https:\/\/erasmus.com.co\/mexico\/wp-content\/uploads\/sites\/25\/2025\/06\/cropped-logo_erasmus_electric_COLOR.png","contentUrl":"https:\/\/erasmus.com.co\/mexico\/wp-content\/uploads\/sites\/25\/2025\/06\/cropped-logo_erasmus_electric_COLOR.png","width":373,"height":100,"caption":"Erasmus Mexico"},"image":{"@id":"http:\/\/erasmuselectric.com.hn\/#\/schema\/logo\/image\/"}}]}},"_links":{"self":[{"href":"https:\/\/erasmus.com.co\/mexico\/de\/wp-json\/wp\/v2\/pages\/1113","targetHints":{"allow":["GET"]}}],"collection":[{"href":"https:\/\/erasmus.com.co\/mexico\/de\/wp-json\/wp\/v2\/pages"}],"about":[{"href":"https:\/\/erasmus.com.co\/mexico\/de\/wp-json\/wp\/v2\/types\/page"}],"author":[{"embeddable":true,"href":"https:\/\/erasmus.com.co\/mexico\/de\/wp-json\/wp\/v2\/users\/1"}],"replies":[{"embeddable":true,"href":"https:\/\/erasmus.com.co\/mexico\/de\/wp-json\/wp\/v2\/comments?post=1113"}],"version-history":[{"count":14,"href":"https:\/\/erasmus.com.co\/mexico\/de\/wp-json\/wp\/v2\/pages\/1113\/revisions"}],"predecessor-version":[{"id":3730,"href":"https:\/\/erasmus.com.co\/mexico\/de\/wp-json\/wp\/v2\/pages\/1113\/revisions\/3730"}],"wp:attachment":[{"href":"https:\/\/erasmus.com.co\/mexico\/de\/wp-json\/wp\/v2\/media?parent=1113"}],"curies":[{"name":"wp","href":"https:\/\/api.w.org\/{rel}","templated":true}]}}