{"id":1093,"date":"2023-04-25T19:54:57","date_gmt":"2023-04-25T19:54:57","guid":{"rendered":"https:\/\/erasmus.com.co\/?page_id=1093"},"modified":"2025-07-09T19:02:01","modified_gmt":"2025-07-09T19:02:01","slug":"distribucion","status":"publish","type":"page","link":"https:\/\/erasmus.com.co\/mexico\/en\/distribucion\/","title":{"rendered":"Distribution"},"content":{"rendered":"<div data-elementor-type=\"wp-page\" data-elementor-id=\"1093\" class=\"elementor elementor-1093\" data-elementor-post-type=\"page\">\n\t\t\t\t<div class=\"elementor-element elementor-element-4a02dc2b e-flex e-con-boxed e-con e-parent\" data-id=\"4a02dc2b\" data-element_type=\"container\">\n\t\t\t\t\t<div class=\"e-con-inner\">\n\t\t<div class=\"elementor-element elementor-element-92fa8b9 e-con-full e-flex e-con e-child\" data-id=\"92fa8b9\" data-element_type=\"container\" data-settings=\"{&quot;background_background&quot;:&quot;classic&quot;}\">\n\t\t\t\t<div class=\"elementor-element elementor-element-2b47ec2d elementor-widget elementor-widget-heading\" data-id=\"2b47ec2d\" data-element_type=\"widget\" data-widget_type=\"heading.default\">\n\t\t\t\t\t\t<div class=\"elementor-widget-container\">\n\t\t\t\t\t<h2 class=\"elementor-heading-title elementor-size-default\"><font color=\"#217023\">ELECTRICITY SECTOR <\/font> \/ Generation<\/h2>\t\t\t\t<\/div>\n\t\t\t\t<\/div>\n\t\t\t\t<\/div>\n\t\t\t\t\t<\/div>\n\t\t\t\t<\/div>\n\t\t<div class=\"elementor-element elementor-element-4691403 e-con-full e-flex e-con e-parent\" data-id=\"4691403\" data-element_type=\"container\" data-settings=\"{&quot;background_background&quot;:&quot;classic&quot;}\">\n\t\t\t\t<\/div>\n\t\t<div class=\"elementor-element elementor-element-595967fd e-flex e-con-boxed e-con e-parent\" data-id=\"595967fd\" data-element_type=\"container\">\n\t\t\t\t\t<div class=\"e-con-inner\">\n\t\t\t\t<div class=\"elementor-element elementor-element-30218252 elementor-widget elementor-widget-text-editor\" data-id=\"30218252\" data-element_type=\"widget\" data-widget_type=\"text-editor.default\">\n\t\t\t\t\t\t<div class=\"elementor-widget-container\">\n\t\t\t\t\t\t\t\t\t<p>A wide range of solutions designed to optimize performance, safety and efficiency in the various segments of the electrical industry. From protection and control systems to measurement, analysis and maintenance equipment, this section brings together innovative and high quality products that meet the specific needs of generation, transmission, distribution and electricity consumption. Our portfolio is oriented to professionals and companies looking for reliable tools to face the technical challenges of the sector.<\/p>\t\t\t\t\t\t\t\t<\/div>\n\t\t\t\t<\/div>\n\t\t\t\t\t<\/div>\n\t\t\t\t<\/div>\n\t\t<div class=\"elementor-element elementor-element-5ea6ab69 e-flex e-con-boxed e-con e-parent\" data-id=\"5ea6ab69\" data-element_type=\"container\" data-settings=\"{&quot;background_background&quot;:&quot;classic&quot;}\">\n\t\t\t\t\t<div class=\"e-con-inner\">\n\t\t\t\t<div class=\"elementor-element elementor-element-465353e5 elementor-widget-divider--view-line elementor-widget elementor-widget-divider\" data-id=\"465353e5\" data-element_type=\"widget\" data-widget_type=\"divider.default\">\n\t\t\t\t\t\t<div class=\"elementor-widget-container\">\n\t\t\t\t\t\t\t<div class=\"elementor-divider\">\n\t\t\t<span class=\"elementor-divider-separator\">\n\t\t\t\t\t\t<\/span>\n\t\t<\/div>\n\t\t\t\t\t\t<\/div>\n\t\t\t\t<\/div>\n\t\t\t\t<div class=\"elementor-element elementor-element-3a454594 elementor-widget elementor-widget-heading\" data-id=\"3a454594\" data-element_type=\"widget\" data-widget_type=\"heading.default\">\n\t\t\t\t\t\t<div class=\"elementor-widget-container\">\n\t\t\t\t\t<h2 class=\"elementor-heading-title elementor-size-default\">BENDER - Red El\u00e9ctrica Iberdrola, Spain\n<\/h2>\t\t\t\t<\/div>\n\t\t\t\t<\/div>\n\t\t\t\t\t<\/div>\n\t\t\t\t<\/div>\n\t\t<div class=\"elementor-element elementor-element-36cbe9d2 e-flex e-con-boxed e-con e-parent\" data-id=\"36cbe9d2\" data-element_type=\"container\" data-settings=\"{&quot;background_background&quot;:&quot;classic&quot;}\">\n\t\t\t\t\t<div class=\"e-con-inner\">\n\t\t<div class=\"elementor-element elementor-element-f460719 e-con-full e-flex e-con e-child\" data-id=\"f460719\" data-element_type=\"container\" data-settings=\"{&quot;background_background&quot;:&quot;classic&quot;}\">\n\t\t\t\t<\/div>\n\t\t<div class=\"elementor-element elementor-element-6a290143 e-con-full e-flex e-con e-child\" data-id=\"6a290143\" data-element_type=\"container\">\n\t\t\t\t<div class=\"elementor-element elementor-element-4075c033 elementor-widget elementor-widget-text-editor\" data-id=\"4075c033\" data-element_type=\"widget\" data-widget_type=\"text-editor.default\">\n\t\t\t\t\t\t<div class=\"elementor-widget-container\">\n\t\t\t\t\t\t\t\t\t<p>Success story in Iberdrola and Red El\u00e9ctrica de Espa\u00f1a substations with voltage and insulation monitoring. Bender Iberia implemented equipment such as the VME420, VMD420 and isoUG425, improving reliability, fault detection and efficiency in power generation and distribution systems.<\/p>\t\t\t\t\t\t\t\t<\/div>\n\t\t\t\t<\/div>\n\t\t\t\t<div class=\"elementor-element elementor-element-2bf03d41 elementor-align-right elementor-widget elementor-widget-button\" data-id=\"2bf03d41\" data-element_type=\"widget\" data-widget_type=\"button.default\">\n\t\t\t\t\t\t<div class=\"elementor-widget-container\">\n\t\t\t\t\t\t\t\t\t<div class=\"elementor-button-wrapper\">\n\t\t\t\t\t<a class=\"elementor-button elementor-button-link elementor-size-sm\" href=\"https:\/\/erasmus.com.co\/honduras\/wp-content\/uploads\/2025\/06\/Caso-de-Exito-Red-Electrica-Iberdrola-Spain-EN.pdf\" target=\"_blank\">\n\t\t\t\t\t\t<span class=\"elementor-button-content-wrapper\">\n\t\t\t\t\t\t\t\t\t<span class=\"elementor-button-text\">SEE MORE<\/span>\n\t\t\t\t\t<\/span>\n\t\t\t\t\t<\/a>\n\t\t\t\t<\/div>\n\t\t\t\t\t\t\t\t<\/div>\n\t\t\t\t<\/div>\n\t\t\t\t<\/div>\n\t\t\t\t\t<\/div>\n\t\t\t\t<\/div>\n\t\t<div class=\"elementor-element elementor-element-194ae200 e-flex e-con-boxed e-con e-parent\" data-id=\"194ae200\" data-element_type=\"container\" data-settings=\"{&quot;background_background&quot;:&quot;classic&quot;}\">\n\t\t\t\t\t<div class=\"e-con-inner\">\n\t\t<div class=\"elementor-element elementor-element-eecdf29 e-con-full e-flex e-con e-child\" data-id=\"eecdf29\" data-element_type=\"container\" data-settings=\"{&quot;background_background&quot;:&quot;classic&quot;}\">\n\t\t\t\t<div class=\"elementor-element elementor-element-53f730f4 elementor-widget-divider--view-line elementor-widget elementor-widget-divider\" data-id=\"53f730f4\" data-element_type=\"widget\" data-widget_type=\"divider.default\">\n\t\t\t\t\t\t<div class=\"elementor-widget-container\">\n\t\t\t\t\t\t\t<div class=\"elementor-divider\">\n\t\t\t<span class=\"elementor-divider-separator\">\n\t\t\t\t\t\t<\/span>\n\t\t<\/div>\n\t\t\t\t\t\t<\/div>\n\t\t\t\t<\/div>\n\t\t\t\t<div class=\"elementor-element elementor-element-42008264 elementor-widget elementor-widget-heading\" data-id=\"42008264\" data-element_type=\"widget\" data-widget_type=\"heading.default\">\n\t\t\t\t\t\t<div class=\"elementor-widget-container\">\n\t\t\t\t\t<h2 class=\"elementor-heading-title elementor-size-default\">VAISALA - DGA Online to Safeguard Transformer Operation During Transformer Lifetime\n<\/h2>\t\t\t\t<\/div>\n\t\t\t\t<\/div>\n\t\t\t\t<\/div>\n\t\t\t\t\t<\/div>\n\t\t\t\t<\/div>\n\t\t<div class=\"elementor-element elementor-element-571bd16d e-flex e-con-boxed e-con e-parent\" data-id=\"571bd16d\" data-element_type=\"container\" data-settings=\"{&quot;background_background&quot;:&quot;classic&quot;}\">\n\t\t\t\t\t<div class=\"e-con-inner\">\n\t\t<div class=\"elementor-element elementor-element-3021e828 e-con-full e-flex e-con e-child\" data-id=\"3021e828\" data-element_type=\"container\" data-settings=\"{&quot;background_background&quot;:&quot;classic&quot;}\">\n\t\t<div class=\"elementor-element elementor-element-9d94482 e-con-full e-flex e-con e-child\" data-id=\"9d94482\" data-element_type=\"container\" data-settings=\"{&quot;background_background&quot;:&quot;classic&quot;}\">\n\t\t\t\t<\/div>\n\t\t<div class=\"elementor-element elementor-element-4cfc6b44 e-con-full e-flex e-con e-child\" data-id=\"4cfc6b44\" data-element_type=\"container\">\n\t\t\t\t<div class=\"elementor-element elementor-element-4ff0f165 elementor-widget elementor-widget-text-editor\" data-id=\"4ff0f165\" data-element_type=\"widget\" data-widget_type=\"text-editor.default\">\n\t\t\t\t\t\t<div class=\"elementor-widget-container\">\n\t\t\t\t\t\t\t\t\t<p>Successful case of transformer monitoring with Vaisala's online DGA technology. The solution made it possible to detect thermal faults in real time, prevent critical failures and extend the useful life of a 100 MVA transformer in operation, key in the generation and transmission of electric power.<\/p>\t\t\t\t\t\t\t\t<\/div>\n\t\t\t\t<\/div>\n\t\t\t\t<div class=\"elementor-element elementor-element-2f99eced elementor-align-right elementor-mobile-align-center elementor-widget elementor-widget-button\" data-id=\"2f99eced\" data-element_type=\"widget\" data-widget_type=\"button.default\">\n\t\t\t\t\t\t<div class=\"elementor-widget-container\">\n\t\t\t\t\t\t\t\t\t<div class=\"elementor-button-wrapper\">\n\t\t\t\t\t<a class=\"elementor-button elementor-button-link elementor-size-sm\" href=\"https:\/\/erasmus.com.co\/honduras\/wp-content\/uploads\/2025\/06\/Caso-de-Exito-Vaisala-DGA-en-Linea-para-Salvaguardar-la-Operacion-del-Transformador-durante-su-Vida-Util.pdf\" target=\"_blank\">\n\t\t\t\t\t\t<span class=\"elementor-button-content-wrapper\">\n\t\t\t\t\t\t\t\t\t<span class=\"elementor-button-text\">SEE MORE<\/span>\n\t\t\t\t\t<\/span>\n\t\t\t\t\t<\/a>\n\t\t\t\t<\/div>\n\t\t\t\t\t\t\t\t<\/div>\n\t\t\t\t<\/div>\n\t\t\t\t<\/div>\n\t\t\t\t<\/div>\n\t\t\t\t\t<\/div>\n\t\t\t\t<\/div>\n\t\t<div class=\"elementor-element elementor-element-5bd4277f e-flex e-con-boxed e-con e-parent\" data-id=\"5bd4277f\" data-element_type=\"container\">\n\t\t\t\t\t<div class=\"e-con-inner\">\n\t\t\t\t<div class=\"elementor-element elementor-element-12e85427 elementor-widget elementor-widget-heading\" data-id=\"12e85427\" data-element_type=\"widget\" data-widget_type=\"heading.default\">\n\t\t\t\t\t\t<div class=\"elementor-widget-container\">\n\t\t\t\t\t<h2 class=\"elementor-heading-title elementor-size-default\">RELATED BRANDS<\/h2>\t\t\t\t<\/div>\n\t\t\t\t<\/div>\n\t\t\t\t\t<\/div>\n\t\t\t\t<\/div>\n\t\t<div class=\"elementor-element elementor-element-7451707e e-grid e-con-boxed e-con e-parent\" data-id=\"7451707e\" data-element_type=\"container\" data-settings=\"{&quot;background_background&quot;:&quot;classic&quot;}\">\n\t\t\t\t\t<div class=\"e-con-inner\">\n\t\t\t\t<div class=\"elementor-element elementor-element-e973129 elementor-widget elementor-widget-image\" data-id=\"e973129\" data-element_type=\"widget\" data-widget_type=\"image.default\">\n\t\t\t\t\t\t<div class=\"elementor-widget-container\">\n\t\t\t\t\t\t\t\t\t\t\t\t\t\t\t<img fetchpriority=\"high\" decoding=\"async\" width=\"584\" height=\"381\" src=\"https:\/\/erasmus.com.co\/mexico\/wp-content\/uploads\/sites\/25\/2025\/07\/VAISALA.jpg\" class=\"attachment-large size-large wp-image-8880\" alt=\"\" srcset=\"https:\/\/erasmus.com.co\/mexico\/wp-content\/uploads\/sites\/25\/2025\/07\/VAISALA.jpg 584w, https:\/\/erasmus.com.co\/mexico\/wp-content\/uploads\/sites\/25\/2025\/07\/VAISALA-300x196.jpg 300w, https:\/\/erasmus.com.co\/mexico\/wp-content\/uploads\/sites\/25\/2025\/07\/VAISALA-18x12.jpg 18w\" sizes=\"(max-width: 584px) 100vw, 584px\" \/>\t\t\t\t\t\t\t\t\t\t\t\t\t\t\t<\/div>\n\t\t\t\t<\/div>\n\t\t\t\t<div class=\"elementor-element elementor-element-3b5262c elementor-widget elementor-widget-image\" data-id=\"3b5262c\" data-element_type=\"widget\" data-widget_type=\"image.default\">\n\t\t\t\t\t\t<div class=\"elementor-widget-container\">\n\t\t\t\t\t\t\t\t\t\t\t\t\t\t\t<img decoding=\"async\" width=\"584\" height=\"381\" src=\"https:\/\/erasmus.com.co\/mexico\/wp-content\/uploads\/sites\/25\/2025\/07\/BENDER.jpg\" class=\"attachment-large size-large wp-image-8882\" alt=\"\" srcset=\"https:\/\/erasmus.com.co\/mexico\/wp-content\/uploads\/sites\/25\/2025\/07\/BENDER.jpg 584w, https:\/\/erasmus.com.co\/mexico\/wp-content\/uploads\/sites\/25\/2025\/07\/BENDER-300x196.jpg 300w, https:\/\/erasmus.com.co\/mexico\/wp-content\/uploads\/sites\/25\/2025\/07\/BENDER-18x12.jpg 18w\" sizes=\"(max-width: 584px) 100vw, 584px\" \/>\t\t\t\t\t\t\t\t\t\t\t\t\t\t\t<\/div>\n\t\t\t\t<\/div>\n\t\t\t\t\t<\/div>\n\t\t\t\t<\/div>\n\t\t\t\t<\/div>","protected":false},"excerpt":{"rendered":"<p>SECTOR EL\u00c9CTRICO \/ Generaci\u00f3n Una amplia gama de soluciones dise\u00f1adas para optimizar el rendimiento, la seguridad y la eficiencia en los distintos segmentos de la industria el\u00e9ctrica. Desde sistemas de protecci\u00f3n y control hasta equipos de medici\u00f3n, an\u00e1lisis y mantenimiento, esta secci\u00f3n re\u00fane productos innovadores y de alta calidad que responden a las necesidades espec\u00edficas [&hellip;]<\/p>","protected":false},"author":1,"featured_media":0,"parent":0,"menu_order":0,"comment_status":"closed","ping_status":"closed","template":"","meta":{"_acf_changed":false,"footnotes":""},"class_list":["post-1093","page","type-page","status-publish","hentry"],"acf":[],"yoast_head":"<!-- This site is optimized with the Yoast SEO Premium plugin v24.6 (Yoast SEO v24.6) - https:\/\/yoast.com\/wordpress\/plugins\/seo\/ -->\n<title>Distribuci\u00f3n - Erasmus Mexico<\/title>\n<meta name=\"robots\" content=\"index, follow, max-snippet:-1, max-image-preview:large, max-video-preview:-1\" \/>\n<link rel=\"canonical\" href=\"https:\/\/erasmuselectric.com.hn\/distribucion\/\" \/>\n<meta property=\"og:locale\" content=\"en_US\" \/>\n<meta property=\"og:type\" content=\"article\" \/>\n<meta property=\"og:title\" content=\"Distribuci\u00f3n\" \/>\n<meta property=\"og:description\" content=\"SECTOR EL\u00c9CTRICO \/ Generaci\u00f3n Una amplia gama de soluciones dise\u00f1adas para optimizar el rendimiento, la seguridad y la eficiencia en los distintos segmentos de la industria el\u00e9ctrica. Desde sistemas de protecci\u00f3n y control hasta equipos de medici\u00f3n, an\u00e1lisis y mantenimiento, esta secci\u00f3n re\u00fane productos innovadores y de alta calidad que responden a las necesidades espec\u00edficas [&hellip;]\" \/>\n<meta property=\"og:url\" content=\"https:\/\/erasmuselectric.com.hn\/distribucion\/\" \/>\n<meta property=\"og:site_name\" content=\"Erasmus Mexico\" \/>\n<meta property=\"article:modified_time\" content=\"2025-07-09T19:02:01+00:00\" \/>\n<meta property=\"og:image\" content=\"https:\/\/erasmus.com.co\/mexico\/wp-content\/uploads\/sites\/25\/2025\/07\/VAISALA.jpg\" \/>\n<meta name=\"twitter:card\" content=\"summary_large_image\" \/>\n<meta name=\"twitter:label1\" content=\"Est. reading time\" \/>\n\t<meta name=\"twitter:data1\" content=\"2 minutes\" \/>\n<script type=\"application\/ld+json\" class=\"yoast-schema-graph\">{\"@context\":\"https:\/\/schema.org\",\"@graph\":[{\"@type\":\"WebPage\",\"@id\":\"https:\/\/erasmuselectric.com.hn\/distribucion\/\",\"url\":\"https:\/\/erasmuselectric.com.hn\/distribucion\/\",\"name\":\"Distribuci\u00f3n - Erasmus Mexico\",\"isPartOf\":{\"@id\":\"http:\/\/erasmuselectric.com.hn\/#website\"},\"primaryImageOfPage\":{\"@id\":\"https:\/\/erasmuselectric.com.hn\/distribucion\/#primaryimage\"},\"image\":{\"@id\":\"https:\/\/erasmuselectric.com.hn\/distribucion\/#primaryimage\"},\"thumbnailUrl\":\"https:\/\/erasmus.com.co\/mexico\/wp-content\/uploads\/sites\/25\/2025\/07\/VAISALA.jpg\",\"datePublished\":\"2023-04-25T19:54:57+00:00\",\"dateModified\":\"2025-07-09T19:02:01+00:00\",\"breadcrumb\":{\"@id\":\"https:\/\/erasmuselectric.com.hn\/distribucion\/#breadcrumb\"},\"inLanguage\":\"en-US\",\"potentialAction\":[{\"@type\":\"ReadAction\",\"target\":[\"https:\/\/erasmuselectric.com.hn\/distribucion\/\"]}]},{\"@type\":\"ImageObject\",\"inLanguage\":\"en-US\",\"@id\":\"https:\/\/erasmuselectric.com.hn\/distribucion\/#primaryimage\",\"url\":\"https:\/\/erasmus.com.co\/mexico\/wp-content\/uploads\/sites\/25\/2025\/07\/VAISALA.jpg\",\"contentUrl\":\"https:\/\/erasmus.com.co\/mexico\/wp-content\/uploads\/sites\/25\/2025\/07\/VAISALA.jpg\"},{\"@type\":\"BreadcrumbList\",\"@id\":\"https:\/\/erasmuselectric.com.hn\/distribucion\/#breadcrumb\",\"itemListElement\":[{\"@type\":\"ListItem\",\"position\":1,\"name\":\"Home\",\"item\":\"https:\/\/erasmus.com.co\/mexico\/\"},{\"@type\":\"ListItem\",\"position\":2,\"name\":\"Distribuci\u00f3n\"}]},{\"@type\":\"WebSite\",\"@id\":\"http:\/\/erasmuselectric.com.hn\/#website\",\"url\":\"http:\/\/erasmuselectric.com.hn\/\",\"name\":\"Erasmus Mexico\",\"description\":\"Ofrecemos productos y servicios de excelencia para el Sector Industrial\",\"publisher\":{\"@id\":\"http:\/\/erasmuselectric.com.hn\/#organization\"},\"potentialAction\":[{\"@type\":\"SearchAction\",\"target\":{\"@type\":\"EntryPoint\",\"urlTemplate\":\"http:\/\/erasmuselectric.com.hn\/?s={search_term_string}\"},\"query-input\":{\"@type\":\"PropertyValueSpecification\",\"valueRequired\":true,\"valueName\":\"search_term_string\"}}],\"inLanguage\":\"en-US\"},{\"@type\":\"Organization\",\"@id\":\"http:\/\/erasmuselectric.com.hn\/#organization\",\"name\":\"Erasmus Mexico\",\"url\":\"http:\/\/erasmuselectric.com.hn\/\",\"logo\":{\"@type\":\"ImageObject\",\"inLanguage\":\"en-US\",\"@id\":\"http:\/\/erasmuselectric.com.hn\/#\/schema\/logo\/image\/\",\"url\":\"https:\/\/erasmus.com.co\/mexico\/wp-content\/uploads\/sites\/25\/2025\/06\/cropped-logo_erasmus_electric_COLOR.png\",\"contentUrl\":\"https:\/\/erasmus.com.co\/mexico\/wp-content\/uploads\/sites\/25\/2025\/06\/cropped-logo_erasmus_electric_COLOR.png\",\"width\":373,\"height\":100,\"caption\":\"Erasmus Mexico\"},\"image\":{\"@id\":\"http:\/\/erasmuselectric.com.hn\/#\/schema\/logo\/image\/\"}}]}<\/script>\n<!-- \/ Yoast SEO Premium plugin. -->","yoast_head_json":{"title":"Distribuci\u00f3n - Erasmus Mexico","robots":{"index":"index","follow":"follow","max-snippet":"max-snippet:-1","max-image-preview":"max-image-preview:large","max-video-preview":"max-video-preview:-1"},"canonical":"https:\/\/erasmuselectric.com.hn\/distribucion\/","og_locale":"en_US","og_type":"article","og_title":"Distribuci\u00f3n","og_description":"SECTOR EL\u00c9CTRICO \/ Generaci\u00f3n Una amplia gama de soluciones dise\u00f1adas para optimizar el rendimiento, la seguridad y la eficiencia en los distintos segmentos de la industria el\u00e9ctrica. Desde sistemas de protecci\u00f3n y control hasta equipos de medici\u00f3n, an\u00e1lisis y mantenimiento, esta secci\u00f3n re\u00fane productos innovadores y de alta calidad que responden a las necesidades espec\u00edficas [&hellip;]","og_url":"https:\/\/erasmuselectric.com.hn\/distribucion\/","og_site_name":"Erasmus Mexico","article_modified_time":"2025-07-09T19:02:01+00:00","og_image":[{"url":"https:\/\/erasmus.com.co\/mexico\/wp-content\/uploads\/sites\/25\/2025\/07\/VAISALA.jpg","type":"","width":"","height":""}],"twitter_card":"summary_large_image","twitter_misc":{"Est. reading time":"2 minutes"},"schema":{"@context":"https:\/\/schema.org","@graph":[{"@type":"WebPage","@id":"https:\/\/erasmuselectric.com.hn\/distribucion\/","url":"https:\/\/erasmuselectric.com.hn\/distribucion\/","name":"Distribuci\u00f3n - Erasmus Mexico","isPartOf":{"@id":"http:\/\/erasmuselectric.com.hn\/#website"},"primaryImageOfPage":{"@id":"https:\/\/erasmuselectric.com.hn\/distribucion\/#primaryimage"},"image":{"@id":"https:\/\/erasmuselectric.com.hn\/distribucion\/#primaryimage"},"thumbnailUrl":"https:\/\/erasmus.com.co\/mexico\/wp-content\/uploads\/sites\/25\/2025\/07\/VAISALA.jpg","datePublished":"2023-04-25T19:54:57+00:00","dateModified":"2025-07-09T19:02:01+00:00","breadcrumb":{"@id":"https:\/\/erasmuselectric.com.hn\/distribucion\/#breadcrumb"},"inLanguage":"en-US","potentialAction":[{"@type":"ReadAction","target":["https:\/\/erasmuselectric.com.hn\/distribucion\/"]}]},{"@type":"ImageObject","inLanguage":"en-US","@id":"https:\/\/erasmuselectric.com.hn\/distribucion\/#primaryimage","url":"https:\/\/erasmus.com.co\/mexico\/wp-content\/uploads\/sites\/25\/2025\/07\/VAISALA.jpg","contentUrl":"https:\/\/erasmus.com.co\/mexico\/wp-content\/uploads\/sites\/25\/2025\/07\/VAISALA.jpg"},{"@type":"BreadcrumbList","@id":"https:\/\/erasmuselectric.com.hn\/distribucion\/#breadcrumb","itemListElement":[{"@type":"ListItem","position":1,"name":"Home","item":"https:\/\/erasmus.com.co\/mexico\/"},{"@type":"ListItem","position":2,"name":"Distribuci\u00f3n"}]},{"@type":"WebSite","@id":"http:\/\/erasmuselectric.com.hn\/#website","url":"http:\/\/erasmuselectric.com.hn\/","name":"Erasmus Mexico","description":"Ofrecemos productos y servicios de excelencia para el Sector Industrial","publisher":{"@id":"http:\/\/erasmuselectric.com.hn\/#organization"},"potentialAction":[{"@type":"SearchAction","target":{"@type":"EntryPoint","urlTemplate":"http:\/\/erasmuselectric.com.hn\/?s={search_term_string}"},"query-input":{"@type":"PropertyValueSpecification","valueRequired":true,"valueName":"search_term_string"}}],"inLanguage":"en-US"},{"@type":"Organization","@id":"http:\/\/erasmuselectric.com.hn\/#organization","name":"Erasmus Mexico","url":"http:\/\/erasmuselectric.com.hn\/","logo":{"@type":"ImageObject","inLanguage":"en-US","@id":"http:\/\/erasmuselectric.com.hn\/#\/schema\/logo\/image\/","url":"https:\/\/erasmus.com.co\/mexico\/wp-content\/uploads\/sites\/25\/2025\/06\/cropped-logo_erasmus_electric_COLOR.png","contentUrl":"https:\/\/erasmus.com.co\/mexico\/wp-content\/uploads\/sites\/25\/2025\/06\/cropped-logo_erasmus_electric_COLOR.png","width":373,"height":100,"caption":"Erasmus Mexico"},"image":{"@id":"http:\/\/erasmuselectric.com.hn\/#\/schema\/logo\/image\/"}}]}},"_links":{"self":[{"href":"https:\/\/erasmus.com.co\/mexico\/en\/wp-json\/wp\/v2\/pages\/1093","targetHints":{"allow":["GET"]}}],"collection":[{"href":"https:\/\/erasmus.com.co\/mexico\/en\/wp-json\/wp\/v2\/pages"}],"about":[{"href":"https:\/\/erasmus.com.co\/mexico\/en\/wp-json\/wp\/v2\/types\/page"}],"author":[{"embeddable":true,"href":"https:\/\/erasmus.com.co\/mexico\/en\/wp-json\/wp\/v2\/users\/1"}],"replies":[{"embeddable":true,"href":"https:\/\/erasmus.com.co\/mexico\/en\/wp-json\/wp\/v2\/comments?post=1093"}],"version-history":[{"count":28,"href":"https:\/\/erasmus.com.co\/mexico\/en\/wp-json\/wp\/v2\/pages\/1093\/revisions"}],"predecessor-version":[{"id":8890,"href":"https:\/\/erasmus.com.co\/mexico\/en\/wp-json\/wp\/v2\/pages\/1093\/revisions\/8890"}],"wp:attachment":[{"href":"https:\/\/erasmus.com.co\/mexico\/en\/wp-json\/wp\/v2\/media?parent=1093"}],"curies":[{"name":"wp","href":"https:\/\/api.w.org\/{rel}","templated":true}]}}