{"id":4014,"date":"2025-01-23T15:32:18","date_gmt":"2025-01-23T15:32:18","guid":{"rendered":"https:\/\/erasmus.com.co\/mexico\/?page_id=4014"},"modified":"2025-02-25T16:06:57","modified_gmt":"2025-02-25T16:06:57","slug":"capacitaciones-2","status":"publish","type":"page","link":"https:\/\/erasmus.com.co\/mexico\/en\/capacitaciones-2\/","title":{"rendered":"Capacitaciones-2"},"content":{"rendered":"<div data-elementor-type=\"wp-page\" data-elementor-id=\"4014\" class=\"elementor elementor-4014\" data-elementor-post-type=\"page\">\n\t\t\t\t<div class=\"elementor-element elementor-element-7fb705d e-flex e-con-boxed e-con e-parent\" data-id=\"7fb705d\" data-element_type=\"container\">\n\t\t\t\t\t<div class=\"e-con-inner\">\n\t\t\t\t<div class=\"elementor-element elementor-element-4a00d15 elementor-widget elementor-widget-heading\" data-id=\"4a00d15\" data-element_type=\"widget\" data-widget_type=\"heading.default\">\n\t\t\t\t\t\t<div class=\"elementor-widget-container\">\n\t\t\t\t\t<h1 class=\"elementor-heading-title elementor-size-default\">ERASMUS INSTITUTE OF ELECTRIC POWER<\/h1>\t\t\t\t<\/div>\n\t\t\t\t<\/div>\n\t\t\t\t\t<\/div>\n\t\t\t\t<\/div>\n\t\t<div class=\"elementor-element elementor-element-59aedbb e-flex e-con-boxed e-con e-parent\" data-id=\"59aedbb\" data-element_type=\"container\">\n\t\t\t\t\t<div class=\"e-con-inner\">\n\t\t\t\t<div class=\"elementor-element elementor-element-af234b2 elementor-widget__width-initial elementor-widget elementor-widget-text-editor\" data-id=\"af234b2\" data-element_type=\"widget\" data-widget_type=\"text-editor.default\">\n\t\t\t\t\t\t<div class=\"elementor-widget-container\">\n\t\t\t\t\t\t\t\t\t<p>Erasmus Institute of Electric Power is our teaching and training center, where long-standing experts pass on their practical knowledge and solid theoretical basis for testing and general understanding of the scientific development of electricity.<\/p>\t\t\t\t\t\t\t\t<\/div>\n\t\t\t\t<\/div>\n\t\t<div class=\"elementor-element elementor-element-46033b1 e-con-full e-flex e-con e-child\" data-id=\"46033b1\" data-element_type=\"container\">\n\t\t\t\t<div class=\"elementor-element elementor-element-904af7c elementor-widget elementor-widget-image\" data-id=\"904af7c\" data-element_type=\"widget\" data-widget_type=\"image.default\">\n\t\t\t\t\t\t<div class=\"elementor-widget-container\">\n\t\t\t\t\t\t\t\t\t\t\t\t\t\t\t<img fetchpriority=\"high\" decoding=\"async\" width=\"512\" height=\"512\" src=\"https:\/\/erasmus.com.co\/mexico\/wp-content\/uploads\/sites\/25\/2025\/01\/Thumb-Erasmus-Institute.png\" class=\"attachment-full size-full wp-image-4345\" alt=\"\" srcset=\"https:\/\/erasmus.com.co\/mexico\/wp-content\/uploads\/sites\/25\/2025\/01\/Thumb-Erasmus-Institute.png 512w, https:\/\/erasmus.com.co\/mexico\/wp-content\/uploads\/sites\/25\/2025\/01\/Thumb-Erasmus-Institute-300x300.png 300w, https:\/\/erasmus.com.co\/mexico\/wp-content\/uploads\/sites\/25\/2025\/01\/Thumb-Erasmus-Institute-150x150.png 150w\" sizes=\"(max-width: 512px) 100vw, 512px\" \/>\t\t\t\t\t\t\t\t\t\t\t\t\t\t\t<\/div>\n\t\t\t\t<\/div>\n\t\t\t\t<\/div>\n\t\t\t\t\t<\/div>\n\t\t\t\t<\/div>\n\t\t<div class=\"elementor-element elementor-element-7610bfd e-flex e-con-boxed e-con e-parent\" data-id=\"7610bfd\" data-element_type=\"container\">\n\t\t\t\t\t<div class=\"e-con-inner\">\n\t\t\t\t<div class=\"elementor-element elementor-element-cabdb74 elementor-align-center elementor-widget elementor-widget-button\" data-id=\"cabdb74\" data-element_type=\"widget\" data-widget_type=\"button.default\">\n\t\t\t\t\t\t<div class=\"elementor-widget-container\">\n\t\t\t\t\t\t\t\t\t<div class=\"elementor-button-wrapper\">\n\t\t\t\t\t<a class=\"elementor-button elementor-button-link elementor-size-sm\" href=\"https:\/\/erasmusinstitute.com.co\/\" target=\"_blank\">\n\t\t\t\t\t\t<span class=\"elementor-button-content-wrapper\">\n\t\t\t\t\t\t\t\t\t<span class=\"elementor-button-text\">visit www.erasmusinstitute.com.co<\/span>\n\t\t\t\t\t<\/span>\n\t\t\t\t\t<\/a>\n\t\t\t\t<\/div>\n\t\t\t\t\t\t\t\t<\/div>\n\t\t\t\t<\/div>\n\t\t\t\t\t<\/div>\n\t\t\t\t<\/div>\n\t\t<div class=\"elementor-element elementor-element-5acf758 e-flex e-con-boxed e-con e-parent\" data-id=\"5acf758\" data-element_type=\"container\">\n\t\t\t\t\t<div class=\"e-con-inner\">\n\t\t\t\t<div class=\"elementor-element elementor-element-cbc1aea elementor-widget elementor-widget-heading\" data-id=\"cbc1aea\" data-element_type=\"widget\" data-widget_type=\"heading.default\">\n\t\t\t\t\t\t<div class=\"elementor-widget-container\">\n\t\t\t\t\t<h2 class=\"elementor-heading-title elementor-size-default\">MODALIDADES<\/h2>\t\t\t\t<\/div>\n\t\t\t\t<\/div>\n\t\t\t\t\t<\/div>\n\t\t\t\t<\/div>\n\t\t<div class=\"elementor-element elementor-element-4b4576a e-grid e-con-boxed e-con e-parent\" data-id=\"4b4576a\" data-element_type=\"container\">\n\t\t\t\t\t<div class=\"e-con-inner\">\n\t\t\t\t<div class=\"elementor-element elementor-element-d877832 elementor-cta--layout-image-above elementor-cta--valign-top elementor-cta--skin-classic elementor-animated-content elementor-widget elementor-widget-call-to-action\" data-id=\"d877832\" data-element_type=\"widget\" data-widget_type=\"call-to-action.default\">\n\t\t\t\t\t\t<div class=\"elementor-widget-container\">\n\t\t\t\t\t\t\t<div class=\"elementor-cta\">\n\t\t\t\t\t<div class=\"elementor-cta__bg-wrapper\">\n\t\t\t\t<div class=\"elementor-cta__bg elementor-bg\" style=\"background-image: url(https:\/\/erasmus.com.co\/mexico\/wp-content\/uploads\/sites\/25\/2025\/02\/Thumbnail-Capacitaciones-Presenciales.png);\" role=\"img\" aria-label=\"Thumbnail-Training-Essentials\"><\/div>\n\t\t\t\t<div class=\"elementor-cta__bg-overlay\"><\/div>\n\t\t\t<\/div>\n\t\t\t\t\t\t\t<div class=\"elementor-cta__content\">\n\t\t\t\t\n\t\t\t\t\t\t\t\t\t<h2 class=\"elementor-cta__title elementor-cta__content-item elementor-content-item\">\n\t\t\t\t\t\tTRAININGS<br>PRESENCIALES\t\t\t\t\t<\/h2>\n\t\t\t\t\n\t\t\t\t\t\t\t\t\t<div class=\"elementor-cta__description elementor-cta__content-item elementor-content-item\">\n\t\t\t\t\t\t<span>EIEP face-to-face courses allow you to interact with instructors directly with personalized attention in the classroom and to obtain immediate feedback, collaborative work, providing an optimal learning environment.<\/span>\t\t\t\t\t<\/div>\n\t\t\t\t\n\t\t\t\t\t\t\t\t\t<div class=\"elementor-cta__button-wrapper elementor-cta__content-item elementor-content-item\">\n\t\t\t\t\t<a class=\"elementor-cta__button elementor-button elementor-size-\" href=\"https:\/\/erasmusinstitute.com.co\/\" target=\"_blank\">\n\t\t\t\t\t\tSEE MORE\t\t\t\t\t<\/a>\n\t\t\t\t\t<\/div>\n\t\t\t\t\t\t\t<\/div>\n\t\t\t\t\t\t<\/div>\n\t\t\t\t\t\t<\/div>\n\t\t\t\t<\/div>\n\t\t\t\t<div class=\"elementor-element elementor-element-177e4ea elementor-cta--layout-image-above elementor-cta--valign-top elementor-cta--skin-classic elementor-animated-content elementor-widget elementor-widget-call-to-action\" data-id=\"177e4ea\" data-element_type=\"widget\" data-widget_type=\"call-to-action.default\">\n\t\t\t\t\t\t<div class=\"elementor-widget-container\">\n\t\t\t\t\t\t\t<div class=\"elementor-cta\">\n\t\t\t\t\t<div class=\"elementor-cta__bg-wrapper\">\n\t\t\t\t<div class=\"elementor-cta__bg elementor-bg\" style=\"background-image: url(https:\/\/erasmus.com.co\/mexico\/wp-content\/uploads\/sites\/25\/2025\/02\/Thumbnail-Capacitaciones-Remotas.png);\" role=\"img\" aria-label=\"Thumbnail-Training-Remotes\"><\/div>\n\t\t\t\t<div class=\"elementor-cta__bg-overlay\"><\/div>\n\t\t\t<\/div>\n\t\t\t\t\t\t\t<div class=\"elementor-cta__content\">\n\t\t\t\t\n\t\t\t\t\t\t\t\t\t<h2 class=\"elementor-cta__title elementor-cta__content-item elementor-content-item\">\n\t\t\t\t\t\tTRAININGS<br>REMOTAS\t\t\t\t\t<\/h2>\n\t\t\t\t\n\t\t\t\t\t\t\t\t\t<div class=\"elementor-cta__description elementor-cta__content-item elementor-content-item\">\n\t\t\t\t\t\t<span>EIEP remote classes are live with a tutor connected and simultaneously with all students. This allows questions to be asked to the tutor during the class allowing doubts to be solved in real time.<\/span>\t\t\t\t\t<\/div>\n\t\t\t\t\n\t\t\t\t\t\t\t\t\t<div class=\"elementor-cta__button-wrapper elementor-cta__content-item elementor-content-item\">\n\t\t\t\t\t<a class=\"elementor-cta__button elementor-button elementor-size-\" href=\"https:\/\/erasmusinstitute.com.co\/\" target=\"_blank\">\n\t\t\t\t\t\tSEE MORE\t\t\t\t\t<\/a>\n\t\t\t\t\t<\/div>\n\t\t\t\t\t\t\t<\/div>\n\t\t\t\t\t\t<\/div>\n\t\t\t\t\t\t<\/div>\n\t\t\t\t<\/div>\n\t\t\t\t<div class=\"elementor-element elementor-element-6d0280f elementor-cta--layout-image-above elementor-cta--valign-top elementor-cta--skin-classic elementor-animated-content elementor-widget elementor-widget-call-to-action\" data-id=\"6d0280f\" data-element_type=\"widget\" data-widget_type=\"call-to-action.default\">\n\t\t\t\t\t\t<div class=\"elementor-widget-container\">\n\t\t\t\t\t\t\t<div class=\"elementor-cta\">\n\t\t\t\t\t<div class=\"elementor-cta__bg-wrapper\">\n\t\t\t\t<div class=\"elementor-cta__bg elementor-bg\" style=\"background-image: url(https:\/\/erasmus.com.co\/mexico\/wp-content\/uploads\/sites\/25\/2025\/02\/Thumbnail-Capacitaciones-empresas.png);\" role=\"img\" aria-label=\"Thumbnail-Training-Companies\"><\/div>\n\t\t\t\t<div class=\"elementor-cta__bg-overlay\"><\/div>\n\t\t\t<\/div>\n\t\t\t\t\t\t\t<div class=\"elementor-cta__content\">\n\t\t\t\t\n\t\t\t\t\t\t\t\t\t<h2 class=\"elementor-cta__title elementor-cta__content-item elementor-content-item\">\n\t\t\t\t\t\tTRAININGS<br>FOR COMPANIES\t\t\t\t\t<\/h2>\n\t\t\t\t\n\t\t\t\t\t\t\t\t\t<div class=\"elementor-cta__description elementor-cta__content-item elementor-content-item\">\n\t\t\t\t\t\t<span>We are pleased to offer companies like yours the opportunity to enhance the skills and knowledge of your employees through our courses and trainings.<\/span>\n<br><br>\t\t\t\t\t<\/div>\n\t\t\t\t\n\t\t\t\t\t\t\t\t\t<div class=\"elementor-cta__button-wrapper elementor-cta__content-item elementor-content-item\">\n\t\t\t\t\t<a class=\"elementor-cta__button elementor-button elementor-size-\" href=\"mailto:capacitaciones@erasmus.com.co\/\" target=\"_blank\">\n\t\t\t\t\t\tCONTACT US\t\t\t\t\t<\/a>\n\t\t\t\t\t<\/div>\n\t\t\t\t\t\t\t<\/div>\n\t\t\t\t\t\t<\/div>\n\t\t\t\t\t\t<\/div>\n\t\t\t\t<\/div>\n\t\t\t\t\t<\/div>\n\t\t\t\t<\/div>\n\t\t\t\t<\/div>","protected":false},"excerpt":{"rendered":"<p>ERASMUS INSTITUTE OF ELECTRIC POWER Erasmus Institute of Electric Power es nuestro centro de ense\u00f1anza y capacitaci\u00f3n,\u00a0donde expertos de larga trayectoria transmiten su conocimiento pr\u00e1ctico y s\u00f3lidas bases te\u00f3ricas para la realizaci\u00f3n de pruebas y en general de comprensi\u00f3n del desarrollo cient\u00edfico de la electricidad. visita www.erasmusinstitute.com.co MODALIDADES CAPACITACIONESPRESENCIALES Los cursos presenciales EIEP permiten interactuar [&hellip;]<\/p>","protected":false},"author":5,"featured_media":0,"parent":0,"menu_order":0,"comment_status":"closed","ping_status":"closed","template":"","meta":{"_acf_changed":false,"footnotes":""},"class_list":["post-4014","page","type-page","status-publish","hentry"],"acf":[],"yoast_head":"<!-- This site is optimized with the Yoast SEO Premium plugin v24.6 (Yoast SEO v24.6) - https:\/\/yoast.com\/wordpress\/plugins\/seo\/ -->\n<title>Capacitaciones-2 - Erasmus Mexico<\/title>\n<meta name=\"robots\" content=\"index, follow, max-snippet:-1, max-image-preview:large, max-video-preview:-1\" \/>\n<link rel=\"canonical\" href=\"http:\/\/erasmuselectric.com.hn\/capacitaciones-2\/\" \/>\n<meta property=\"og:locale\" content=\"en_US\" \/>\n<meta property=\"og:type\" content=\"article\" \/>\n<meta property=\"og:title\" content=\"Capacitaciones-2\" \/>\n<meta property=\"og:description\" content=\"ERASMUS INSTITUTE OF ELECTRIC POWER Erasmus Institute of Electric Power es nuestro centro de ense\u00f1anza y capacitaci\u00f3n,\u00a0donde expertos de larga trayectoria transmiten su conocimiento pr\u00e1ctico y s\u00f3lidas bases te\u00f3ricas para la realizaci\u00f3n de pruebas y en general de comprensi\u00f3n del desarrollo cient\u00edfico de la electricidad. visita www.erasmusinstitute.com.co MODALIDADES CAPACITACIONESPRESENCIALES Los cursos presenciales EIEP permiten interactuar [&hellip;]\" \/>\n<meta property=\"og:url\" content=\"http:\/\/erasmuselectric.com.hn\/capacitaciones-2\/\" \/>\n<meta property=\"og:site_name\" content=\"Erasmus Mexico\" \/>\n<meta property=\"article:modified_time\" content=\"2025-02-25T16:06:57+00:00\" \/>\n<meta property=\"og:image\" content=\"https:\/\/erasmus.com.co\/mexico\/wp-content\/uploads\/sites\/25\/2025\/01\/Thumb-Erasmus-Institute.png\" \/>\n<meta name=\"twitter:card\" content=\"summary_large_image\" \/>\n<meta name=\"twitter:label1\" content=\"Est. reading time\" \/>\n\t<meta name=\"twitter:data1\" content=\"1 minute\" \/>\n<script type=\"application\/ld+json\" class=\"yoast-schema-graph\">{\"@context\":\"https:\/\/schema.org\",\"@graph\":[{\"@type\":\"WebPage\",\"@id\":\"http:\/\/erasmuselectric.com.hn\/capacitaciones-2\/\",\"url\":\"http:\/\/erasmuselectric.com.hn\/capacitaciones-2\/\",\"name\":\"Capacitaciones-2 - Erasmus Mexico\",\"isPartOf\":{\"@id\":\"http:\/\/erasmuselectric.com.hn\/#website\"},\"primaryImageOfPage\":{\"@id\":\"http:\/\/erasmuselectric.com.hn\/capacitaciones-2\/#primaryimage\"},\"image\":{\"@id\":\"http:\/\/erasmuselectric.com.hn\/capacitaciones-2\/#primaryimage\"},\"thumbnailUrl\":\"https:\/\/erasmus.com.co\/mexico\/wp-content\/uploads\/sites\/25\/2025\/01\/Thumb-Erasmus-Institute.png\",\"datePublished\":\"2025-01-23T15:32:18+00:00\",\"dateModified\":\"2025-02-25T16:06:57+00:00\",\"breadcrumb\":{\"@id\":\"http:\/\/erasmuselectric.com.hn\/capacitaciones-2\/#breadcrumb\"},\"inLanguage\":\"en-US\",\"potentialAction\":[{\"@type\":\"ReadAction\",\"target\":[\"http:\/\/erasmuselectric.com.hn\/capacitaciones-2\/\"]}]},{\"@type\":\"ImageObject\",\"inLanguage\":\"en-US\",\"@id\":\"http:\/\/erasmuselectric.com.hn\/capacitaciones-2\/#primaryimage\",\"url\":\"https:\/\/erasmus.com.co\/mexico\/wp-content\/uploads\/sites\/25\/2025\/01\/Thumb-Erasmus-Institute.png\",\"contentUrl\":\"https:\/\/erasmus.com.co\/mexico\/wp-content\/uploads\/sites\/25\/2025\/01\/Thumb-Erasmus-Institute.png\"},{\"@type\":\"BreadcrumbList\",\"@id\":\"http:\/\/erasmuselectric.com.hn\/capacitaciones-2\/#breadcrumb\",\"itemListElement\":[{\"@type\":\"ListItem\",\"position\":1,\"name\":\"Home\",\"item\":\"https:\/\/erasmus.com.co\/mexico\/\"},{\"@type\":\"ListItem\",\"position\":2,\"name\":\"Capacitaciones-2\"}]},{\"@type\":\"WebSite\",\"@id\":\"http:\/\/erasmuselectric.com.hn\/#website\",\"url\":\"http:\/\/erasmuselectric.com.hn\/\",\"name\":\"Erasmus Mexico\",\"description\":\"Ofrecemos productos y servicios de excelencia para el Sector Industrial\",\"publisher\":{\"@id\":\"http:\/\/erasmuselectric.com.hn\/#organization\"},\"potentialAction\":[{\"@type\":\"SearchAction\",\"target\":{\"@type\":\"EntryPoint\",\"urlTemplate\":\"http:\/\/erasmuselectric.com.hn\/?s={search_term_string}\"},\"query-input\":{\"@type\":\"PropertyValueSpecification\",\"valueRequired\":true,\"valueName\":\"search_term_string\"}}],\"inLanguage\":\"en-US\"},{\"@type\":\"Organization\",\"@id\":\"http:\/\/erasmuselectric.com.hn\/#organization\",\"name\":\"Erasmus Mexico\",\"url\":\"http:\/\/erasmuselectric.com.hn\/\",\"logo\":{\"@type\":\"ImageObject\",\"inLanguage\":\"en-US\",\"@id\":\"http:\/\/erasmuselectric.com.hn\/#\/schema\/logo\/image\/\",\"url\":\"https:\/\/erasmus.com.co\/mexico\/wp-content\/uploads\/sites\/25\/2025\/06\/cropped-logo_erasmus_electric_COLOR.png\",\"contentUrl\":\"https:\/\/erasmus.com.co\/mexico\/wp-content\/uploads\/sites\/25\/2025\/06\/cropped-logo_erasmus_electric_COLOR.png\",\"width\":373,\"height\":100,\"caption\":\"Erasmus Mexico\"},\"image\":{\"@id\":\"http:\/\/erasmuselectric.com.hn\/#\/schema\/logo\/image\/\"}}]}<\/script>\n<!-- \/ Yoast SEO Premium plugin. -->","yoast_head_json":{"title":"Capacitaciones-2 - Erasmus Mexico","robots":{"index":"index","follow":"follow","max-snippet":"max-snippet:-1","max-image-preview":"max-image-preview:large","max-video-preview":"max-video-preview:-1"},"canonical":"http:\/\/erasmuselectric.com.hn\/capacitaciones-2\/","og_locale":"en_US","og_type":"article","og_title":"Capacitaciones-2","og_description":"ERASMUS INSTITUTE OF ELECTRIC POWER Erasmus Institute of Electric Power es nuestro centro de ense\u00f1anza y capacitaci\u00f3n,\u00a0donde expertos de larga trayectoria transmiten su conocimiento pr\u00e1ctico y s\u00f3lidas bases te\u00f3ricas para la realizaci\u00f3n de pruebas y en general de comprensi\u00f3n del desarrollo cient\u00edfico de la electricidad. visita www.erasmusinstitute.com.co MODALIDADES CAPACITACIONESPRESENCIALES Los cursos presenciales EIEP permiten interactuar [&hellip;]","og_url":"http:\/\/erasmuselectric.com.hn\/capacitaciones-2\/","og_site_name":"Erasmus Mexico","article_modified_time":"2025-02-25T16:06:57+00:00","og_image":[{"url":"https:\/\/erasmus.com.co\/mexico\/wp-content\/uploads\/sites\/25\/2025\/01\/Thumb-Erasmus-Institute.png","type":"","width":"","height":""}],"twitter_card":"summary_large_image","twitter_misc":{"Est. reading time":"1 minute"},"schema":{"@context":"https:\/\/schema.org","@graph":[{"@type":"WebPage","@id":"http:\/\/erasmuselectric.com.hn\/capacitaciones-2\/","url":"http:\/\/erasmuselectric.com.hn\/capacitaciones-2\/","name":"Capacitaciones-2 - Erasmus Mexico","isPartOf":{"@id":"http:\/\/erasmuselectric.com.hn\/#website"},"primaryImageOfPage":{"@id":"http:\/\/erasmuselectric.com.hn\/capacitaciones-2\/#primaryimage"},"image":{"@id":"http:\/\/erasmuselectric.com.hn\/capacitaciones-2\/#primaryimage"},"thumbnailUrl":"https:\/\/erasmus.com.co\/mexico\/wp-content\/uploads\/sites\/25\/2025\/01\/Thumb-Erasmus-Institute.png","datePublished":"2025-01-23T15:32:18+00:00","dateModified":"2025-02-25T16:06:57+00:00","breadcrumb":{"@id":"http:\/\/erasmuselectric.com.hn\/capacitaciones-2\/#breadcrumb"},"inLanguage":"en-US","potentialAction":[{"@type":"ReadAction","target":["http:\/\/erasmuselectric.com.hn\/capacitaciones-2\/"]}]},{"@type":"ImageObject","inLanguage":"en-US","@id":"http:\/\/erasmuselectric.com.hn\/capacitaciones-2\/#primaryimage","url":"https:\/\/erasmus.com.co\/mexico\/wp-content\/uploads\/sites\/25\/2025\/01\/Thumb-Erasmus-Institute.png","contentUrl":"https:\/\/erasmus.com.co\/mexico\/wp-content\/uploads\/sites\/25\/2025\/01\/Thumb-Erasmus-Institute.png"},{"@type":"BreadcrumbList","@id":"http:\/\/erasmuselectric.com.hn\/capacitaciones-2\/#breadcrumb","itemListElement":[{"@type":"ListItem","position":1,"name":"Home","item":"https:\/\/erasmus.com.co\/mexico\/"},{"@type":"ListItem","position":2,"name":"Capacitaciones-2"}]},{"@type":"WebSite","@id":"http:\/\/erasmuselectric.com.hn\/#website","url":"http:\/\/erasmuselectric.com.hn\/","name":"Erasmus Mexico","description":"Ofrecemos productos y servicios de excelencia para el Sector Industrial","publisher":{"@id":"http:\/\/erasmuselectric.com.hn\/#organization"},"potentialAction":[{"@type":"SearchAction","target":{"@type":"EntryPoint","urlTemplate":"http:\/\/erasmuselectric.com.hn\/?s={search_term_string}"},"query-input":{"@type":"PropertyValueSpecification","valueRequired":true,"valueName":"search_term_string"}}],"inLanguage":"en-US"},{"@type":"Organization","@id":"http:\/\/erasmuselectric.com.hn\/#organization","name":"Erasmus Mexico","url":"http:\/\/erasmuselectric.com.hn\/","logo":{"@type":"ImageObject","inLanguage":"en-US","@id":"http:\/\/erasmuselectric.com.hn\/#\/schema\/logo\/image\/","url":"https:\/\/erasmus.com.co\/mexico\/wp-content\/uploads\/sites\/25\/2025\/06\/cropped-logo_erasmus_electric_COLOR.png","contentUrl":"https:\/\/erasmus.com.co\/mexico\/wp-content\/uploads\/sites\/25\/2025\/06\/cropped-logo_erasmus_electric_COLOR.png","width":373,"height":100,"caption":"Erasmus Mexico"},"image":{"@id":"http:\/\/erasmuselectric.com.hn\/#\/schema\/logo\/image\/"}}]}},"_links":{"self":[{"href":"https:\/\/erasmus.com.co\/mexico\/en\/wp-json\/wp\/v2\/pages\/4014","targetHints":{"allow":["GET"]}}],"collection":[{"href":"https:\/\/erasmus.com.co\/mexico\/en\/wp-json\/wp\/v2\/pages"}],"about":[{"href":"https:\/\/erasmus.com.co\/mexico\/en\/wp-json\/wp\/v2\/types\/page"}],"author":[{"embeddable":true,"href":"https:\/\/erasmus.com.co\/mexico\/en\/wp-json\/wp\/v2\/users\/5"}],"replies":[{"embeddable":true,"href":"https:\/\/erasmus.com.co\/mexico\/en\/wp-json\/wp\/v2\/comments?post=4014"}],"version-history":[{"count":109,"href":"https:\/\/erasmus.com.co\/mexico\/en\/wp-json\/wp\/v2\/pages\/4014\/revisions"}],"predecessor-version":[{"id":5404,"href":"https:\/\/erasmus.com.co\/mexico\/en\/wp-json\/wp\/v2\/pages\/4014\/revisions\/5404"}],"wp:attachment":[{"href":"https:\/\/erasmus.com.co\/mexico\/en\/wp-json\/wp\/v2\/media?parent=4014"}],"curies":[{"name":"wp","href":"https:\/\/api.w.org\/{rel}","templated":true}]}}