{"id":94,"date":"2023-03-07T23:09:39","date_gmt":"2023-03-07T23:09:39","guid":{"rendered":"https:\/\/erasmus.com.co\/?page_id=94"},"modified":"2025-06-18T20:25:50","modified_gmt":"2025-06-18T20:25:50","slug":"pqr","status":"publish","type":"page","link":"https:\/\/erasmus.com.co\/mexico\/en\/pqr\/","title":{"rendered":"PQR"},"content":{"rendered":"<div data-elementor-type=\"wp-page\" data-elementor-id=\"94\" class=\"elementor elementor-94\" data-elementor-post-type=\"page\">\n\t\t\t\t<div class=\"elementor-element elementor-element-0f23bd2 e-flex e-con-boxed e-con e-parent\" data-id=\"0f23bd2\" data-element_type=\"container\">\n\t\t\t\t\t<div class=\"e-con-inner\">\n\t\t\t\t<div class=\"elementor-element elementor-element-f81ee16 elementor-widget-divider--view-line elementor-widget elementor-widget-divider\" data-id=\"f81ee16\" data-element_type=\"widget\" data-widget_type=\"divider.default\">\n\t\t\t\t\t\t<div class=\"elementor-widget-container\">\n\t\t\t\t\t\t\t<div class=\"elementor-divider\">\n\t\t\t<span class=\"elementor-divider-separator\">\n\t\t\t\t\t\t<\/span>\n\t\t<\/div>\n\t\t\t\t\t\t<\/div>\n\t\t\t\t<\/div>\n\t\t\t\t<div class=\"elementor-element elementor-element-7ea93d9 animated-slow elementor-invisible elementor-widget elementor-widget-heading\" data-id=\"7ea93d9\" data-element_type=\"widget\" data-settings=\"{&quot;_animation&quot;:&quot;slideInUp&quot;}\" data-widget_type=\"heading.default\">\n\t\t\t\t\t\t<div class=\"elementor-widget-container\">\n\t\t\t\t\t<h2 class=\"elementor-heading-title elementor-size-default\">formulario pqr\n<\/h2>\t\t\t\t<\/div>\n\t\t\t\t<\/div>\n\t\t\t\t<div class=\"elementor-element elementor-element-c235f37 elementor-widget elementor-widget-image\" data-id=\"c235f37\" data-element_type=\"widget\" data-widget_type=\"image.default\">\n\t\t\t\t\t\t<div class=\"elementor-widget-container\">\n\t\t\t\t\t\t\t\t\t\t\t\t\t\t\t<img fetchpriority=\"high\" decoding=\"async\" width=\"800\" height=\"450\" src=\"https:\/\/erasmus.com.co\/mexico\/wp-content\/uploads\/sites\/25\/2023\/05\/PROCESO_PQR_ERASMUS_-1024x576.jpeg\" class=\"attachment-large size-large wp-image-2134\" alt=\"\" srcset=\"https:\/\/erasmus.com.co\/mexico\/wp-content\/uploads\/sites\/25\/2023\/05\/PROCESO_PQR_ERASMUS_-1024x576.jpeg 1024w, https:\/\/erasmus.com.co\/mexico\/wp-content\/uploads\/sites\/25\/2023\/05\/PROCESO_PQR_ERASMUS_-300x169.jpeg 300w, https:\/\/erasmus.com.co\/mexico\/wp-content\/uploads\/sites\/25\/2023\/05\/PROCESO_PQR_ERASMUS_-768x432.jpeg 768w, https:\/\/erasmus.com.co\/mexico\/wp-content\/uploads\/sites\/25\/2023\/05\/PROCESO_PQR_ERASMUS_.jpeg 1280w\" sizes=\"(max-width: 800px) 100vw, 800px\" \/>\t\t\t\t\t\t\t\t\t\t\t\t\t\t\t<\/div>\n\t\t\t\t<\/div>\n\t\t\t\t\t<\/div>\n\t\t\t\t<\/div>\n\t\t<div class=\"elementor-element elementor-element-eb08fc5 e-flex e-con-boxed e-con e-parent\" data-id=\"eb08fc5\" data-element_type=\"container\" data-settings=\"{&quot;background_background&quot;:&quot;classic&quot;}\">\n\t\t\t\t\t<div class=\"e-con-inner\">\n\t\t<div class=\"elementor-element elementor-element-8b17d9f e-con-full e-flex e-con e-child\" data-id=\"8b17d9f\" data-element_type=\"container\">\n\t\t\t\t<div class=\"elementor-element elementor-element-16f3515 elementor-widget elementor-widget-button\" data-id=\"16f3515\" data-element_type=\"widget\" data-widget_type=\"button.default\">\n\t\t\t\t\t\t<div class=\"elementor-widget-container\">\n\t\t\t\t\t\t\t\t\t<div class=\"elementor-button-wrapper\">\n\t\t\t\t\t<a class=\"elementor-button elementor-button-link elementor-size-sm\" href=\"#\">\n\t\t\t\t\t\t<span class=\"elementor-button-content-wrapper\">\n\t\t\t\t\t\t\t\t\t<span class=\"elementor-button-text\">Datos del PQR<\/span>\n\t\t\t\t\t<\/span>\n\t\t\t\t\t<\/a>\n\t\t\t\t<\/div>\n\t\t\t\t\t\t\t\t<\/div>\n\t\t\t\t<\/div>\n\t\t\t\t<div class=\"elementor-element elementor-element-7131a1d elementor-button-align-stretch elementor-widget elementor-widget-form\" data-id=\"7131a1d\" data-element_type=\"widget\" data-settings=\"{&quot;step_next_label&quot;:&quot;Siguiente&quot;,&quot;step_previous_label&quot;:&quot;Anterior&quot;,&quot;button_width&quot;:&quot;25&quot;,&quot;step_type&quot;:&quot;number_text&quot;,&quot;step_icon_shape&quot;:&quot;circle&quot;}\" data-widget_type=\"form.default\">\n\t\t\t\t\t\t<div class=\"elementor-widget-container\">\n\t\t\t\t\t\t\t<form class=\"elementor-form\" method=\"post\" name=\"PQR\" aria-label=\"PQR\" action=\"\">\n\t\t\t<input type=\"hidden\" name=\"post_id\" value=\"94\"\/>\n\t\t\t<input type=\"hidden\" name=\"form_id\" value=\"7131a1d\"\/>\n\t\t\t<input type=\"hidden\" name=\"referer_title\" value=\"PQR - Erasmus Mexico\" \/>\n\n\t\t\t\t\t\t\t<input type=\"hidden\" name=\"queried_id\" value=\"94\"\/>\n\t\t\t\n\t\t\t<div class=\"elementor-form-fields-wrapper elementor-labels-above\">\n\t\t\t\t\t\t\t\t<div class=\"elementor-field-type-text elementor-field-group elementor-column elementor-field-group-field_55302bd elementor-col-100 elementor-field-required elementor-mark-required\">\n\t\t\t\t\t\t\t\t\t\t\t\t<label for=\"form-field-field_55302bd\" class=\"elementor-field-label\">\n\t\t\t\t\t\t\t\tEmpresa:\t\t\t\t\t\t\t<\/label>\n\t\t\t\t\t\t\t\t\t\t\t\t\t\t<input size=\"1\" type=\"text\" name=\"form_fields[field_55302bd]\" id=\"form-field-field_55302bd\" class=\"elementor-field elementor-size-sm  elementor-field-textual\" required=\"required\">\n\t\t\t\t\t\t\t\t\t\t\t<\/div>\n\t\t\t\t\t\t\t\t<div class=\"elementor-field-type-text elementor-field-group elementor-column elementor-field-group-field_a52fc3e elementor-col-100 elementor-field-required elementor-mark-required\">\n\t\t\t\t\t\t\t\t\t\t\t\t<label for=\"form-field-field_a52fc3e\" class=\"elementor-field-label\">\n\t\t\t\t\t\t\t\tContacto:\t\t\t\t\t\t\t<\/label>\n\t\t\t\t\t\t\t\t\t\t\t\t\t\t<input size=\"1\" type=\"text\" name=\"form_fields[field_a52fc3e]\" id=\"form-field-field_a52fc3e\" class=\"elementor-field elementor-size-sm  elementor-field-textual\" required=\"required\">\n\t\t\t\t\t\t\t\t\t\t\t<\/div>\n\t\t\t\t\t\t\t\t<div class=\"elementor-field-type-text elementor-field-group elementor-column elementor-field-group-field_10be3a0 elementor-col-100 elementor-field-required elementor-mark-required\">\n\t\t\t\t\t\t\t\t\t\t\t\t<label for=\"form-field-field_10be3a0\" class=\"elementor-field-label\">\n\t\t\t\t\t\t\t\tCorreo El\u00e9ctronico:\t\t\t\t\t\t\t<\/label>\n\t\t\t\t\t\t\t\t\t\t\t\t\t\t<input size=\"1\" type=\"text\" name=\"form_fields[field_10be3a0]\" id=\"form-field-field_10be3a0\" class=\"elementor-field elementor-size-sm  elementor-field-textual\" required=\"required\">\n\t\t\t\t\t\t\t\t\t\t\t<\/div>\n\t\t\t\t\t\t\t\t<div class=\"elementor-field-type-select elementor-field-group elementor-column elementor-field-group-name elementor-col-100 elementor-field-required elementor-mark-required\">\n\t\t\t\t\t\t\t\t\t\t\t\t<label for=\"form-field-name\" class=\"elementor-field-label\">\n\t\t\t\t\t\t\t\tCategor\u00eda\t\t\t\t\t\t\t<\/label>\n\t\t\t\t\t\t\t\t<div class=\"elementor-field elementor-select-wrapper remove-before\">\n\t\t\t<div class=\"select-caret-down-wrapper\">\n\t\t\t\t<i aria-hidden=\"true\" class=\"eicon-caret-down\"><\/i>\t\t\t<\/div>\n\t\t\t<select name=\"form_fields[name]\" id=\"form-field-name\" class=\"elementor-field-textual elementor-size-sm\" required=\"required\">\n\t\t\t\t\t\t\t\t\t<option value=\"Petici\u00f3n\">Petici\u00f3n<\/option>\n\t\t\t\t\t\t\t\t\t<option value=\"Queja\">Queja<\/option>\n\t\t\t\t\t\t\t\t\t<option value=\"Reclamo\">Reclamo<\/option>\n\t\t\t\t\t\t\t\t\t<option value=\"Sugerencia\">Sugerencia<\/option>\n\t\t\t\t\t\t\t<\/select>\n\t\t<\/div>\n\t\t\t\t\t\t<\/div>\n\t\t\t\t\t\t\t\t<div class=\"elementor-field-type-select elementor-field-group elementor-column elementor-field-group-email elementor-col-100 elementor-field-required elementor-mark-required\">\n\t\t\t\t\t\t\t\t\t\t\t\t<label for=\"form-field-email\" class=\"elementor-field-label\">\n\t\t\t\t\t\t\t\tTipo de Venta\t\t\t\t\t\t\t<\/label>\n\t\t\t\t\t\t\t\t<div class=\"elementor-field elementor-select-wrapper remove-before\">\n\t\t\t<div class=\"select-caret-down-wrapper\">\n\t\t\t\t<i aria-hidden=\"true\" class=\"eicon-caret-down\"><\/i>\t\t\t<\/div>\n\t\t\t<select name=\"form_fields[email]\" id=\"form-field-email\" class=\"elementor-field-textual elementor-size-sm\" required=\"required\">\n\t\t\t\t\t\t\t\t\t<option value=\"Venta\">Venta<\/option>\n\t\t\t\t\t\t\t\t\t<option value=\"Calibraci\u00f3n\">Calibration<\/option>\n\t\t\t\t\t\t\t\t\t<option value=\"Reparaci\u00f3n\">Reparaci\u00f3n<\/option>\n\t\t\t\t\t\t\t\t\t<option value=\"Alquiler\">Rental<\/option>\n\t\t\t\t\t\t\t<\/select>\n\t\t<\/div>\n\t\t\t\t\t\t<\/div>\n\t\t\t\t\t\t\t\t<div class=\"elementor-field-type-textarea elementor-field-group elementor-column elementor-field-group-message elementor-col-100 elementor-field-required elementor-mark-required\">\n\t\t\t\t\t\t\t\t\t\t\t\t<label for=\"form-field-message\" class=\"elementor-field-label\">\n\t\t\t\t\t\t\t\tMessage\t\t\t\t\t\t\t<\/label>\n\t\t\t\t\t\t<textarea class=\"elementor-field-textual elementor-field  elementor-size-sm\" name=\"form_fields[message]\" id=\"form-field-message\" rows=\"4\" placeholder=\"Message\" required=\"required\"><\/textarea>\t\t\t\t<\/div>\n\t\t\t\t\t\t\t\t<div class=\"elementor-field-type-recaptcha_v3 elementor-field-group elementor-column elementor-field-group-field_c25d018 elementor-col-100 recaptcha_v3-inline\">\n\t\t\t\t\t<div class=\"elementor-field\" id=\"form-field-field_c25d018\"><div class=\"elementor-g-recaptcha\" data-sitekey=\"6Lf2NgwqAAAAAOGwGv8vRGVTH66VsDKB2gpP87G7\" data-type=\"v3\" data-action=\"Form\" data-badge=\"inline\" data-size=\"invisible\"><\/div><\/div>\t\t\t\t<\/div>\n\t\t\t\t\t\t\t\t<div class=\"elementor-field-group elementor-column elementor-field-type-submit elementor-col-25 e-form__buttons\">\n\t\t\t\t\t<button class=\"elementor-button elementor-size-sm\" type=\"submit\">\n\t\t\t\t\t\t<span class=\"elementor-button-content-wrapper\">\n\t\t\t\t\t\t\t\t\t\t\t\t\t\t\t\t\t\t\t\t\t\t<span class=\"elementor-button-text\">Send to<\/span>\n\t\t\t\t\t\t\t\t\t\t\t\t\t<\/span>\n\t\t\t\t\t<\/button>\n\t\t\t\t<\/div>\n\t\t\t<\/div>\n\t\t<input type=\"hidden\" name=\"trp-form-language\" value=\"en\"\/><\/form>\n\t\t\t\t\t\t<\/div>\n\t\t\t\t<\/div>\n\t\t\t\t<\/div>\n\t\t\t\t\t<\/div>\n\t\t\t\t<\/div>\n\t\t<div class=\"elementor-element elementor-element-9a0658e e-flex e-con-boxed e-con e-parent\" data-id=\"9a0658e\" data-element_type=\"container\">\n\t\t\t\t\t<div class=\"e-con-inner\">\n\t\t<div class=\"elementor-element elementor-element-ae9d72d e-con-full e-flex e-con e-child\" data-id=\"ae9d72d\" data-element_type=\"container\">\n\t\t\t\t<div class=\"elementor-element elementor-element-fbfb767 elementor-widget elementor-widget-text-editor\" data-id=\"fbfb767\" data-element_type=\"widget\" data-widget_type=\"text-editor.default\">\n\t\t\t\t\t\t<div class=\"elementor-widget-container\">\n\t\t\t\t\t\t\t\t\t<p>Los campos marcados con <span style=\"color: #ff0000;\">*<\/span> son obligatorios<\/p>\t\t\t\t\t\t\t\t<\/div>\n\t\t\t\t<\/div>\n\t\t\t\t<div class=\"elementor-element elementor-element-8f46b3b elementor-widget elementor-widget-text-editor\" data-id=\"8f46b3b\" data-element_type=\"widget\" data-widget_type=\"text-editor.default\">\n\t\t\t\t\t\t<div class=\"elementor-widget-container\">\n\t\t\t\t\t\t\t\t\t<p>\u00a0<\/p><p>Cont\u00e1ctanos para realizar peticiones, quejas y\/o reclamos<\/p><p><strong>Responderemos a sus inquietudes en un termino, no menor a 5 d\u00edas y seg\u00fan procedimiento.<br \/><\/strong><\/p><p>Our Hours of Operation: Monday through Friday from 8:00 a.m. - 6:00 p.m.<\/p>\t\t\t\t\t\t\t\t<\/div>\n\t\t\t\t<\/div>\n\t\t<div class=\"elementor-element elementor-element-3ea69c1 e-con-full e-flex e-con e-child\" data-id=\"3ea69c1\" data-element_type=\"container\">\n\t\t\t\t<div class=\"elementor-element elementor-element-9a320af elementor-widget-tablet__width-initial elementor-widget-mobile__width-inherit elementor-widget elementor-widget-heading\" data-id=\"9a320af\" data-element_type=\"widget\" data-widget_type=\"heading.default\">\n\t\t\t\t\t\t<div class=\"elementor-widget-container\">\n\t\t\t\t\t<h3 class=\"elementor-heading-title elementor-size-default\">Cont\u00e1ctenos en Honduras - Tegucigalpa\n<\/h3>\t\t\t\t<\/div>\n\t\t\t\t<\/div>\n\t\t\t\t<div class=\"elementor-element elementor-element-529e39e elementor-mobile-align-center elementor-icon-list--layout-traditional elementor-list-item-link-full_width elementor-widget elementor-widget-icon-list\" data-id=\"529e39e\" data-element_type=\"widget\" data-widget_type=\"icon-list.default\">\n\t\t\t\t\t\t<div class=\"elementor-widget-container\">\n\t\t\t\t\t\t\t<ul class=\"elementor-icon-list-items\">\n\t\t\t\t\t\t\t<li class=\"elementor-icon-list-item\">\n\t\t\t\t\t\t\t\t\t\t<span class=\"elementor-icon-list-text\">Edificio CH Inversiones Second Level Adjacent to Agencia BANPAIS Boulevard Suyapa, 11101 Colonia Florencia Norte<\/span>\n\t\t\t\t\t\t\t\t\t<\/li>\n\t\t\t\t\t\t\t\t<li class=\"elementor-icon-list-item\">\n\t\t\t\t\t\t\t\t\t\t<span class=\"elementor-icon-list-text\"><b>Tel\u00e9fono:<\/b> (+504) 2232-1414\/9372-3199<\/span>\n\t\t\t\t\t\t\t\t\t<\/li>\n\t\t\t\t\t\t<\/ul>\n\t\t\t\t\t\t<\/div>\n\t\t\t\t<\/div>\n\t\t\t\t<\/div>\n\t\t\t\t<\/div>\n\t\t\t\t\t<\/div>\n\t\t\t\t<\/div>\n\t\t\t\t<\/div>","protected":false},"excerpt":{"rendered":"<p>formulario pqr Datos del PQR Los campos marcados con * son obligatorios \u00a0 Cont\u00e1ctanos para realizar peticiones, quejas y\/o reclamos Responderemos a sus inquietudes en un termino, no menor a 5 d\u00edas y seg\u00fan procedimiento. Nuestro Horario de Atenci\u00f3n:\u00a0Lunes a Viernes de 8:00 a.m. &#8211; 6:00 p.m. Cont\u00e1ctenos en Honduras &#8211; Tegucigalpa Edificio CH Inversiones [&hellip;]<\/p>","protected":false},"author":1,"featured_media":0,"parent":0,"menu_order":0,"comment_status":"closed","ping_status":"closed","template":"","meta":{"_acf_changed":false,"footnotes":""},"class_list":["post-94","page","type-page","status-publish","hentry"],"acf":[],"yoast_head":"<!-- This site is optimized with the Yoast SEO Premium plugin v24.6 (Yoast SEO v24.6) - https:\/\/yoast.com\/wordpress\/plugins\/seo\/ -->\n<title>PQR - Erasmus Mexico<\/title>\n<meta name=\"robots\" content=\"index, follow, max-snippet:-1, max-image-preview:large, max-video-preview:-1\" \/>\n<link rel=\"canonical\" href=\"https:\/\/erasmuselectric.com.hn\/pqr\/\" \/>\n<meta property=\"og:locale\" content=\"en_US\" \/>\n<meta property=\"og:type\" content=\"article\" \/>\n<meta property=\"og:title\" content=\"PQR\" \/>\n<meta property=\"og:description\" content=\"formulario pqr Datos del PQR Los campos marcados con * son obligatorios \u00a0 Cont\u00e1ctanos para realizar peticiones, quejas y\/o reclamos Responderemos a sus inquietudes en un termino, no menor a 5 d\u00edas y seg\u00fan procedimiento. Nuestro Horario de Atenci\u00f3n:\u00a0Lunes a Viernes de 8:00 a.m. &#8211; 6:00 p.m. Cont\u00e1ctenos en Honduras &#8211; Tegucigalpa Edificio CH Inversiones [&hellip;]\" \/>\n<meta property=\"og:url\" content=\"https:\/\/erasmuselectric.com.hn\/pqr\/\" \/>\n<meta property=\"og:site_name\" content=\"Erasmus Mexico\" \/>\n<meta property=\"article:modified_time\" content=\"2025-06-18T20:25:50+00:00\" \/>\n<meta property=\"og:image\" content=\"https:\/\/erasmus.com.co\/mexico\/wp-content\/uploads\/sites\/25\/2023\/05\/PROCESO_PQR_ERASMUS_-1024x576.jpeg\" \/>\n<meta name=\"twitter:card\" content=\"summary_large_image\" \/>\n<meta name=\"twitter:label1\" content=\"Est. reading time\" \/>\n\t<meta name=\"twitter:data1\" content=\"1 minute\" \/>\n<script type=\"application\/ld+json\" class=\"yoast-schema-graph\">{\"@context\":\"https:\/\/schema.org\",\"@graph\":[{\"@type\":\"WebPage\",\"@id\":\"https:\/\/erasmuselectric.com.hn\/pqr\/\",\"url\":\"https:\/\/erasmuselectric.com.hn\/pqr\/\",\"name\":\"PQR - Erasmus Mexico\",\"isPartOf\":{\"@id\":\"http:\/\/erasmuselectric.com.hn\/#website\"},\"primaryImageOfPage\":{\"@id\":\"https:\/\/erasmuselectric.com.hn\/pqr\/#primaryimage\"},\"image\":{\"@id\":\"https:\/\/erasmuselectric.com.hn\/pqr\/#primaryimage\"},\"thumbnailUrl\":\"https:\/\/erasmus.com.co\/mexico\/wp-content\/uploads\/sites\/25\/2023\/05\/PROCESO_PQR_ERASMUS_-1024x576.jpeg\",\"datePublished\":\"2023-03-07T23:09:39+00:00\",\"dateModified\":\"2025-06-18T20:25:50+00:00\",\"breadcrumb\":{\"@id\":\"https:\/\/erasmuselectric.com.hn\/pqr\/#breadcrumb\"},\"inLanguage\":\"en-US\",\"potentialAction\":[{\"@type\":\"ReadAction\",\"target\":[\"https:\/\/erasmuselectric.com.hn\/pqr\/\"]}]},{\"@type\":\"ImageObject\",\"inLanguage\":\"en-US\",\"@id\":\"https:\/\/erasmuselectric.com.hn\/pqr\/#primaryimage\",\"url\":\"https:\/\/erasmus.com.co\/mexico\/wp-content\/uploads\/sites\/25\/2023\/05\/PROCESO_PQR_ERASMUS_-1024x576.jpeg\",\"contentUrl\":\"https:\/\/erasmus.com.co\/mexico\/wp-content\/uploads\/sites\/25\/2023\/05\/PROCESO_PQR_ERASMUS_-1024x576.jpeg\"},{\"@type\":\"BreadcrumbList\",\"@id\":\"https:\/\/erasmuselectric.com.hn\/pqr\/#breadcrumb\",\"itemListElement\":[{\"@type\":\"ListItem\",\"position\":1,\"name\":\"Home\",\"item\":\"https:\/\/erasmus.com.co\/mexico\/\"},{\"@type\":\"ListItem\",\"position\":2,\"name\":\"PQR\"}]},{\"@type\":\"WebSite\",\"@id\":\"http:\/\/erasmuselectric.com.hn\/#website\",\"url\":\"http:\/\/erasmuselectric.com.hn\/\",\"name\":\"Erasmus Mexico\",\"description\":\"Ofrecemos productos y servicios de excelencia para el Sector Industrial\",\"publisher\":{\"@id\":\"http:\/\/erasmuselectric.com.hn\/#organization\"},\"potentialAction\":[{\"@type\":\"SearchAction\",\"target\":{\"@type\":\"EntryPoint\",\"urlTemplate\":\"http:\/\/erasmuselectric.com.hn\/?s={search_term_string}\"},\"query-input\":{\"@type\":\"PropertyValueSpecification\",\"valueRequired\":true,\"valueName\":\"search_term_string\"}}],\"inLanguage\":\"en-US\"},{\"@type\":\"Organization\",\"@id\":\"http:\/\/erasmuselectric.com.hn\/#organization\",\"name\":\"Erasmus Mexico\",\"url\":\"http:\/\/erasmuselectric.com.hn\/\",\"logo\":{\"@type\":\"ImageObject\",\"inLanguage\":\"en-US\",\"@id\":\"http:\/\/erasmuselectric.com.hn\/#\/schema\/logo\/image\/\",\"url\":\"https:\/\/erasmus.com.co\/mexico\/wp-content\/uploads\/sites\/25\/2025\/06\/cropped-logo_erasmus_electric_COLOR.png\",\"contentUrl\":\"https:\/\/erasmus.com.co\/mexico\/wp-content\/uploads\/sites\/25\/2025\/06\/cropped-logo_erasmus_electric_COLOR.png\",\"width\":373,\"height\":100,\"caption\":\"Erasmus Mexico\"},\"image\":{\"@id\":\"http:\/\/erasmuselectric.com.hn\/#\/schema\/logo\/image\/\"}}]}<\/script>\n<!-- \/ Yoast SEO Premium plugin. -->","yoast_head_json":{"title":"PQR - Erasmus Mexico","robots":{"index":"index","follow":"follow","max-snippet":"max-snippet:-1","max-image-preview":"max-image-preview:large","max-video-preview":"max-video-preview:-1"},"canonical":"https:\/\/erasmuselectric.com.hn\/pqr\/","og_locale":"en_US","og_type":"article","og_title":"PQR","og_description":"formulario pqr Datos del PQR Los campos marcados con * son obligatorios \u00a0 Cont\u00e1ctanos para realizar peticiones, quejas y\/o reclamos Responderemos a sus inquietudes en un termino, no menor a 5 d\u00edas y seg\u00fan procedimiento. Nuestro Horario de Atenci\u00f3n:\u00a0Lunes a Viernes de 8:00 a.m. &#8211; 6:00 p.m. Cont\u00e1ctenos en Honduras &#8211; Tegucigalpa Edificio CH Inversiones [&hellip;]","og_url":"https:\/\/erasmuselectric.com.hn\/pqr\/","og_site_name":"Erasmus Mexico","article_modified_time":"2025-06-18T20:25:50+00:00","og_image":[{"url":"https:\/\/erasmus.com.co\/mexico\/wp-content\/uploads\/sites\/25\/2023\/05\/PROCESO_PQR_ERASMUS_-1024x576.jpeg","type":"","width":"","height":""}],"twitter_card":"summary_large_image","twitter_misc":{"Est. reading time":"1 minute"},"schema":{"@context":"https:\/\/schema.org","@graph":[{"@type":"WebPage","@id":"https:\/\/erasmuselectric.com.hn\/pqr\/","url":"https:\/\/erasmuselectric.com.hn\/pqr\/","name":"PQR - Erasmus Mexico","isPartOf":{"@id":"http:\/\/erasmuselectric.com.hn\/#website"},"primaryImageOfPage":{"@id":"https:\/\/erasmuselectric.com.hn\/pqr\/#primaryimage"},"image":{"@id":"https:\/\/erasmuselectric.com.hn\/pqr\/#primaryimage"},"thumbnailUrl":"https:\/\/erasmus.com.co\/mexico\/wp-content\/uploads\/sites\/25\/2023\/05\/PROCESO_PQR_ERASMUS_-1024x576.jpeg","datePublished":"2023-03-07T23:09:39+00:00","dateModified":"2025-06-18T20:25:50+00:00","breadcrumb":{"@id":"https:\/\/erasmuselectric.com.hn\/pqr\/#breadcrumb"},"inLanguage":"en-US","potentialAction":[{"@type":"ReadAction","target":["https:\/\/erasmuselectric.com.hn\/pqr\/"]}]},{"@type":"ImageObject","inLanguage":"en-US","@id":"https:\/\/erasmuselectric.com.hn\/pqr\/#primaryimage","url":"https:\/\/erasmus.com.co\/mexico\/wp-content\/uploads\/sites\/25\/2023\/05\/PROCESO_PQR_ERASMUS_-1024x576.jpeg","contentUrl":"https:\/\/erasmus.com.co\/mexico\/wp-content\/uploads\/sites\/25\/2023\/05\/PROCESO_PQR_ERASMUS_-1024x576.jpeg"},{"@type":"BreadcrumbList","@id":"https:\/\/erasmuselectric.com.hn\/pqr\/#breadcrumb","itemListElement":[{"@type":"ListItem","position":1,"name":"Home","item":"https:\/\/erasmus.com.co\/mexico\/"},{"@type":"ListItem","position":2,"name":"PQR"}]},{"@type":"WebSite","@id":"http:\/\/erasmuselectric.com.hn\/#website","url":"http:\/\/erasmuselectric.com.hn\/","name":"Erasmus Mexico","description":"Ofrecemos productos y servicios de excelencia para el Sector Industrial","publisher":{"@id":"http:\/\/erasmuselectric.com.hn\/#organization"},"potentialAction":[{"@type":"SearchAction","target":{"@type":"EntryPoint","urlTemplate":"http:\/\/erasmuselectric.com.hn\/?s={search_term_string}"},"query-input":{"@type":"PropertyValueSpecification","valueRequired":true,"valueName":"search_term_string"}}],"inLanguage":"en-US"},{"@type":"Organization","@id":"http:\/\/erasmuselectric.com.hn\/#organization","name":"Erasmus Mexico","url":"http:\/\/erasmuselectric.com.hn\/","logo":{"@type":"ImageObject","inLanguage":"en-US","@id":"http:\/\/erasmuselectric.com.hn\/#\/schema\/logo\/image\/","url":"https:\/\/erasmus.com.co\/mexico\/wp-content\/uploads\/sites\/25\/2025\/06\/cropped-logo_erasmus_electric_COLOR.png","contentUrl":"https:\/\/erasmus.com.co\/mexico\/wp-content\/uploads\/sites\/25\/2025\/06\/cropped-logo_erasmus_electric_COLOR.png","width":373,"height":100,"caption":"Erasmus Mexico"},"image":{"@id":"http:\/\/erasmuselectric.com.hn\/#\/schema\/logo\/image\/"}}]}},"_links":{"self":[{"href":"https:\/\/erasmus.com.co\/mexico\/en\/wp-json\/wp\/v2\/pages\/94","targetHints":{"allow":["GET"]}}],"collection":[{"href":"https:\/\/erasmus.com.co\/mexico\/en\/wp-json\/wp\/v2\/pages"}],"about":[{"href":"https:\/\/erasmus.com.co\/mexico\/en\/wp-json\/wp\/v2\/types\/page"}],"author":[{"embeddable":true,"href":"https:\/\/erasmus.com.co\/mexico\/en\/wp-json\/wp\/v2\/users\/1"}],"replies":[{"embeddable":true,"href":"https:\/\/erasmus.com.co\/mexico\/en\/wp-json\/wp\/v2\/comments?post=94"}],"version-history":[{"count":43,"href":"https:\/\/erasmus.com.co\/mexico\/en\/wp-json\/wp\/v2\/pages\/94\/revisions"}],"predecessor-version":[{"id":8778,"href":"https:\/\/erasmus.com.co\/mexico\/en\/wp-json\/wp\/v2\/pages\/94\/revisions\/8778"}],"wp:attachment":[{"href":"https:\/\/erasmus.com.co\/mexico\/en\/wp-json\/wp\/v2\/media?parent=94"}],"curies":[{"name":"wp","href":"https:\/\/api.w.org\/{rel}","templated":true}]}}